{"id":13981,"date":"2018-11-23T08:42:00","date_gmt":"2018-11-23T08:42:00","guid":{"rendered":"http:\/\/raytech.it?page_id=13981"},"modified":"2021-02-17T16:35:31","modified_gmt":"2021-02-17T15:35:31","slug":"magic-gel-sprint-landing","status":"publish","type":"page","link":"https:\/\/www.raytech.it\/de\/magic-gel-sprint-landing","title":{"rendered":"Magic Gel Sprint"},"content":{"rendered":"<div class=\"wpb-content-wrapper\"><p>[vc_row full_width=&#8220;stretch_row_content_no_spaces&#8220;][vc_column][vc_raw_html]JTNDc3R5bGUlM0UlMEEudGhlX2NvbnRlbnRfd3JhcHBlciUyMHVsJTIwbGklMjAlN0IlMjBtYXJnaW4tYm90dG9tJTNBJTIwMCUzQiUyMCU3RCUyMCUwQSUzQyUyRnN0eWxlJTNF[\/vc_raw_html][vc_video link=&#8220;https:\/\/youtu.be\/xI52y7UQo6M&#8220; align=&#8220;center&#8220;][\/vc_column][\/vc_row][vc_row css=&#8220;.vc_custom_1566402928637{padding-bottom: 30px !important;}&#8220;][vc_column][vc_custom_heading text=&#8220;MAGIC GEL SPRINT LINE&#8220; font_container=&#8220;tag:h1|font_size:50px|text_align:center|color:%23292929|line_height:56px&#8220; use_theme_fonts=&#8220;yes&#8220; css=&#8220;.vc_custom_1613483869616{padding-top: 30px !important;}&#8220;][vc_custom_heading text=&#8220;Dichtung und isolierf\u00fcllstoff&#8220; font_container=&#8220;tag:h2|font_size:44px|text_align:center|color:%23292929|line_height:50px&#8220; use_theme_fonts=&#8220;yes&#8220;][vc_column_text]<\/p>\n<p style=\"font-size: 20px; text-align: center;\">Magic Gel Sprint, isolier- und Dichtgel zum Schutz elektrischer Verbindungen, ist f\u00fcr eine extra schnelle Aush\u00e4rtung direkt in die Flasche formuliert. Es kombiniert die dielektrischen Dichtstoff- und thermischen Eigenschaften, die Magic Gel seit 2005 zum beliebtesten Isolierf\u00fcller f\u00fcr Installateure mit Fokus auf Nachhaltigkeit machen.<\/p>\n<p>[\/vc_column_text][\/vc_column][\/vc_row][vc_row gap=&#8220;20&#8243; content_placement=&#8220;top&#8220; css=&#8220;.vc_custom_1613487169120{border-top-width: 1px !important;border-right-width: 1px !important;border-bottom-width: 1px !important;border-left-width: 1px !important;background-color: #ffffff !important;border-left-color: #cccccc !important;border-left-style: solid !important;border-right-color: #cccccc !important;border-right-style: solid !important;border-top-color: #cccccc !important;border-top-style: solid !important;border-bottom-color: #cccccc !important;border-bottom-style: solid !important;}&#8220;][vc_column css=&#8220;.vc_custom_1613488297655{padding-top: 0px !important;padding-bottom: 0px !important;}&#8220;][vc_row_inner gap=&#8220;20&#8243;][vc_column_inner width=&#8220;1\/3&#8243;][vc_single_image image=&#8220;25879&#8243; img_size=&#8220;full&#8220; add_caption=&#8220;yes&#8220; alignment=&#8220;center&#8220; onclick=&#8220;link_image&#8220;][\/vc_column_inner][vc_column_inner width=&#8220;2\/3&#8243;][vc_column_text]<\/p>\n<h3>MAGIC GEL SPRINT 450 ML<br \/>\nMAGIC GEL SPRINT 900 ML<\/h3>\n<h4><b>ISOLIERGEL F\u00dcR F\u00dcLLUNGEN<\/b><\/h4>\n<p style=\"font-size: 16px;\">Magic Gel Sprint sch\u00fctzt vor Staub und versiegelt die Verbindungen vor den Auswirkungen eines kontinuierlichen Eintauchens in Wasser ab, wenn es in Geh\u00e4use gegossen wird, die vor dem Eindringen fester K\u00f6rper gesch\u00fctzt sind.<\/p>\n<ul style=\"font-size: 16px;\">\n<li>Ref.: <strong>MAGICSPRINT450<\/strong><\/li>\n<li>Ref.: <strong>MAGICSPRINT900<\/strong><\/li>\n<\/ul>\n<p>[\/vc_column_text][\/vc_column_inner][\/vc_row_inner][vc_row_inner css=&#8220;.vc_custom_1613487994507{margin-bottom: 30px !important;}&#8220;][vc_column_inner css=&#8220;.vc_custom_1613488737581{margin-top: 0px !important;padding-top: 0px !important;padding-bottom: 0px !important;}&#8220;][vc_btn title=&#8220;Download brochure&#8220; style=&#8220;custom&#8220; custom_background=&#8220;#e30613&#8243; custom_text=&#8220;#ffffff&#8220; shape=&#8220;square&#8220; size=&#8220;lg&#8220; align=&#8220;right&#8220; i_align=&#8220;right&#8220; i_icon_fontawesome=&#8220;fa fa-angle-right&#8220; add_icon=&#8220;true&#8220; link=&#8220;url:https%3A%2F%2Fwww.raytech.it%2Fbrochure%2Fde%2Fmagicgel-sprint-de.pdf|title:Download%20brochure|target:%20_blank|&#8220; css=&#8220;.vc_custom_1613495531885{margin-top: 0px !important;}&#8220;][\/vc_column_inner][\/vc_row_inner][\/vc_column][\/vc_row][vc_row gap=&#8220;20&#8243; content_placement=&#8220;top&#8220; css=&#8220;.vc_custom_1613489056632{margin-top: 40px !important;margin-bottom: 40px !important;border-top-width: 1px !important;border-right-width: 1px !important;border-bottom-width: 1px !important;border-left-width: 1px !important;background-color: #ffffff !important;border-left-color: #cccccc !important;border-left-style: solid !important;border-right-color: #cccccc !important;border-right-style: solid !important;border-top-color: #cccccc !important;border-top-style: solid !important;border-bottom-color: #cccccc !important;border-bottom-style: solid !important;}&#8220;][vc_column css=&#8220;.vc_custom_1613488297655{padding-top: 0px !important;padding-bottom: 0px !important;}&#8220;][vc_row_inner gap=&#8220;20&#8243;][vc_column_inner width=&#8220;1\/3&#8243;][vc_single_image image=&#8220;25886&#8243; img_size=&#8220;full&#8220; add_caption=&#8220;yes&#8220; alignment=&#8220;center&#8220; onclick=&#8220;link_image&#8220;][\/vc_column_inner][vc_column_inner width=&#8220;2\/3&#8243;][vc_column_text]<\/p>\n<h3>MAGIC GEL SPRINT BOX100<\/h3>\n<h4><b>KIT IP68<\/b><\/h4>\n<p style=\"font-size: 16px;\">Verbindungssatz bestehend aus Isoliergel f\u00fcr MAGIC GEL SPRINT-F\u00fcllungen, IP55-Kastenabmessungen 100x100x50 mm und 3 Kabelverschraubungen.<\/p>\n<ul style=\"font-size: 16px;\">\n<li>Ref.: <strong>MAGICSPRINTBOX1<\/strong><\/li>\n<\/ul>\n<p>[\/vc_column_text][\/vc_column_inner][\/vc_row_inner][vc_row_inner css=&#8220;.vc_custom_1613487994507{margin-bottom: 30px !important;}&#8220;][vc_column_inner css=&#8220;.vc_custom_1613488737581{margin-top: 0px !important;padding-top: 0px !important;padding-bottom: 0px !important;}&#8220;][vc_btn title=&#8220;Download brochure&#8220; style=&#8220;custom&#8220; custom_background=&#8220;#e30613&#8243; custom_text=&#8220;#ffffff&#8220; shape=&#8220;square&#8220; size=&#8220;lg&#8220; align=&#8220;right&#8220; i_align=&#8220;right&#8220; i_icon_fontawesome=&#8220;fa fa-angle-right&#8220; add_icon=&#8220;true&#8220; link=&#8220;url:https%3A%2F%2Fwww.raytech.it%2Fbrochure%2Fde%2Fmagicgel-sprint-de.pdf|title:Download%20brochure|target:%20_blank|&#8220; css=&#8220;.vc_custom_1613495531885{margin-top: 0px !important;}&#8220;][\/vc_column_inner][\/vc_row_inner][\/vc_column][\/vc_row]<\/p>\n<\/div>","protected":false},"excerpt":{"rendered":"<p>[vc_row full_width=&#8220;stretch_row_content_no_spaces&#8220;][vc_column][vc_raw_html]JTNDc3R5bGUlM0UlMEEudGhlX2NvbnRlbnRfd3JhcHBlciUyMHVsJTIwbGklMjAlN0IlMjBtYXJnaW4tYm90dG9tJTNBJTIwMCUzQiUyMCU3RCUyMCUwQSUzQyUyRnN0eWxlJTNF[\/vc_raw_html][vc_video link=&#8220;https:\/\/youtu.be\/xI52y7UQo6M&#8220; align=&#8220;center&#8220;][\/vc_column][\/vc_row][vc_row css=&#8220;.vc_custom_1566402928637{padding-bottom: 30px !important;}&#8220;][vc_column][vc_custom_heading text=&#8220;MAGIC GEL SPRINT LINE&#8220; font_container=&#8220;tag:h1|font_size:50px|text_align:center|color:%23292929|line_height:56px&#8220; use_theme_fonts=&#8220;yes&#8220; css=&#8220;.vc_custom_1613483869616{padding-top: 30px !important;}&#8220;][vc_custom_heading text=&#8220;Dichtung und isolierf\u00fcllstoff&#8220; font_container=&#8220;tag:h2|font_size:44px|text_align:center|color:%23292929|line_height:50px&#8220; use_theme_fonts=&#8220;yes&#8220;][vc_column_text] Magic Gel Sprint, isolier- und Dichtgel zum Schutz elektrischer<span class=\"excerpt-hellip\"> [\u2026]<\/span><\/p>\n","protected":false},"author":1,"featured_media":0,"parent":0,"menu_order":0,"comment_status":"closed","ping_status":"closed","template":"","meta":{"footnotes":""},"class_list":["post-13981","page","type-page","status-publish","hentry"],"yoast_head":"<!-- This site is optimized with the Yoast SEO plugin v26.5 - https:\/\/yoast.com\/wordpress\/plugins\/seo\/ -->\n<title>All in ONE Sealing Gel<\/title>\n<meta name=\"robots\" content=\"index, follow, max-snippet:-1, max-image-preview:large, max-video-preview:-1\" \/>\n<link rel=\"canonical\" href=\"https:\/\/www.raytech.it\/de\/magic-gel-sprint-landing\" \/>\n<meta property=\"og:locale\" content=\"de_DE\" \/>\n<meta property=\"og:type\" content=\"article\" \/>\n<meta property=\"og:title\" content=\"All in ONE Sealing Gel\" \/>\n<meta property=\"og:description\" content=\"[vc_row full_width=&#8220;stretch_row_content_no_spaces&#8220;][vc_column][vc_raw_html]JTNDc3R5bGUlM0UlMEEudGhlX2NvbnRlbnRfd3JhcHBlciUyMHVsJTIwbGklMjAlN0IlMjBtYXJnaW4tYm90dG9tJTNBJTIwMCUzQiUyMCU3RCUyMCUwQSUzQyUyRnN0eWxlJTNF[\/vc_raw_html][vc_video link=&#8220;https:\/\/youtu.be\/xI52y7UQo6M&#8220; align=&#8220;center&#8220;][\/vc_column][\/vc_row][vc_row css=&#8220;.vc_custom_1566402928637{padding-bottom: 30px !important;}&#8220;][vc_column][vc_custom_heading text=&#8220;MAGIC GEL SPRINT LINE&#8220; font_container=&#8220;tag:h1|font_size:50px|text_align:center|color:%23292929|line_height:56px&#8220; use_theme_fonts=&#8220;yes&#8220; css=&#8220;.vc_custom_1613483869616{padding-top: 30px !important;}&#8220;][vc_custom_heading text=&#8220;Dichtung und isolierf\u00fcllstoff&#8220; font_container=&#8220;tag:h2|font_size:44px|text_align:center|color:%23292929|line_height:50px&#8220; use_theme_fonts=&#8220;yes&#8220;][vc_column_text] Magic Gel Sprint, isolier- und Dichtgel zum Schutz elektrischer [\u2026]\" \/>\n<meta property=\"og:url\" content=\"https:\/\/www.raytech.it\/de\/magic-gel-sprint-landing\" \/>\n<meta property=\"og:site_name\" content=\"Raytech\" \/>\n<meta property=\"article:publisher\" content=\"https:\/\/www.facebook.com\/RaytechItaly\" \/>\n<meta property=\"article:modified_time\" content=\"2021-02-17T15:35:31+00:00\" \/>\n<meta property=\"og:image\" content=\"https:\/\/www.raytech.it\/wp-content\/uploads\/logo_raytech.png\" \/>\n\t<meta property=\"og:image:width\" content=\"188\" \/>\n\t<meta property=\"og:image:height\" content=\"101\" \/>\n\t<meta property=\"og:image:type\" content=\"image\/png\" \/>\n<meta name=\"twitter:card\" content=\"summary_large_image\" \/>\n<meta name=\"twitter:label1\" content=\"Gesch\u00e4tzte Lesezeit\" \/>\n\t<meta name=\"twitter:data1\" content=\"3\u00a0Minuten\" \/>\n<script type=\"application\/ld+json\" class=\"yoast-schema-graph\">{\"@context\":\"https:\/\/schema.org\",\"@graph\":[{\"@type\":\"WebPage\",\"@id\":\"https:\/\/www.raytech.it\/de\/magic-gel-sprint-landing\",\"url\":\"https:\/\/www.raytech.it\/de\/magic-gel-sprint-landing\",\"name\":\"All in ONE Sealing Gel\",\"isPartOf\":{\"@id\":\"https:\/\/www.raytech.it\/#website\"},\"datePublished\":\"2018-11-23T08:42:00+00:00\",\"dateModified\":\"2021-02-17T15:35:31+00:00\",\"breadcrumb\":{\"@id\":\"https:\/\/www.raytech.it\/de\/magic-gel-sprint-landing#breadcrumb\"},\"inLanguage\":\"de\",\"potentialAction\":[{\"@type\":\"ReadAction\",\"target\":[\"https:\/\/www.raytech.it\/de\/magic-gel-sprint-landing\"]}]},{\"@type\":\"BreadcrumbList\",\"@id\":\"https:\/\/www.raytech.it\/de\/magic-gel-sprint-landing#breadcrumb\",\"itemListElement\":[{\"@type\":\"ListItem\",\"position\":1,\"name\":\"Home\",\"item\":\"https:\/\/www.raytech.it\/de\"},{\"@type\":\"ListItem\",\"position\":2,\"name\":\"Magic Gel Sprint\"}]},{\"@type\":\"WebSite\",\"@id\":\"https:\/\/www.raytech.it\/#website\",\"url\":\"https:\/\/www.raytech.it\/\",\"name\":\"Raytech\",\"description\":\"Cable accessories company\",\"publisher\":{\"@id\":\"https:\/\/www.raytech.it\/#organization\"},\"potentialAction\":[{\"@type\":\"SearchAction\",\"target\":{\"@type\":\"EntryPoint\",\"urlTemplate\":\"https:\/\/www.raytech.it\/?s={search_term_string}\"},\"query-input\":{\"@type\":\"PropertyValueSpecification\",\"valueRequired\":true,\"valueName\":\"search_term_string\"}}],\"inLanguage\":\"de\"},{\"@type\":\"Organization\",\"@id\":\"https:\/\/www.raytech.it\/#organization\",\"name\":\"Raytech\",\"url\":\"https:\/\/www.raytech.it\/\",\"logo\":{\"@type\":\"ImageObject\",\"inLanguage\":\"de\",\"@id\":\"https:\/\/www.raytech.it\/#\/schema\/logo\/image\/\",\"url\":\"https:\/\/www.raytech.it\/wp-content\/uploads\/logo-raytech-2019-retina-3.png\",\"contentUrl\":\"https:\/\/www.raytech.it\/wp-content\/uploads\/logo-raytech-2019-retina-3.png\",\"width\":340,\"height\":90,\"caption\":\"Raytech\"},\"image\":{\"@id\":\"https:\/\/www.raytech.it\/#\/schema\/logo\/image\/\"},\"sameAs\":[\"https:\/\/www.facebook.com\/RaytechItaly\",\"https:\/\/www.instagram.com\/raytech_italy\/\",\"https:\/\/www.youtube.com\/user\/raytechitaly\",\"https:\/\/twitter.com\/Raytech_Italy\"]}]}<\/script>\n<!-- \/ Yoast SEO plugin. -->","yoast_head_json":{"title":"All in ONE Sealing Gel","robots":{"index":"index","follow":"follow","max-snippet":"max-snippet:-1","max-image-preview":"max-image-preview:large","max-video-preview":"max-video-preview:-1"},"canonical":"https:\/\/www.raytech.it\/de\/magic-gel-sprint-landing","og_locale":"de_DE","og_type":"article","og_title":"All in ONE Sealing Gel","og_description":"[vc_row full_width=&#8220;stretch_row_content_no_spaces&#8220;][vc_column][vc_raw_html]JTNDc3R5bGUlM0UlMEEudGhlX2NvbnRlbnRfd3JhcHBlciUyMHVsJTIwbGklMjAlN0IlMjBtYXJnaW4tYm90dG9tJTNBJTIwMCUzQiUyMCU3RCUyMCUwQSUzQyUyRnN0eWxlJTNF[\/vc_raw_html][vc_video link=&#8220;https:\/\/youtu.be\/xI52y7UQo6M&#8220; align=&#8220;center&#8220;][\/vc_column][\/vc_row][vc_row css=&#8220;.vc_custom_1566402928637{padding-bottom: 30px !important;}&#8220;][vc_column][vc_custom_heading text=&#8220;MAGIC GEL SPRINT LINE&#8220; font_container=&#8220;tag:h1|font_size:50px|text_align:center|color:%23292929|line_height:56px&#8220; use_theme_fonts=&#8220;yes&#8220; css=&#8220;.vc_custom_1613483869616{padding-top: 30px !important;}&#8220;][vc_custom_heading text=&#8220;Dichtung und isolierf\u00fcllstoff&#8220; font_container=&#8220;tag:h2|font_size:44px|text_align:center|color:%23292929|line_height:50px&#8220; use_theme_fonts=&#8220;yes&#8220;][vc_column_text] Magic Gel Sprint, isolier- und Dichtgel zum Schutz elektrischer [\u2026]","og_url":"https:\/\/www.raytech.it\/de\/magic-gel-sprint-landing","og_site_name":"Raytech","article_publisher":"https:\/\/www.facebook.com\/RaytechItaly","article_modified_time":"2021-02-17T15:35:31+00:00","og_image":[{"width":188,"height":101,"url":"https:\/\/www.raytech.it\/wp-content\/uploads\/logo_raytech.png","type":"image\/png"}],"twitter_card":"summary_large_image","twitter_misc":{"Gesch\u00e4tzte Lesezeit":"3\u00a0Minuten"},"schema":{"@context":"https:\/\/schema.org","@graph":[{"@type":"WebPage","@id":"https:\/\/www.raytech.it\/de\/magic-gel-sprint-landing","url":"https:\/\/www.raytech.it\/de\/magic-gel-sprint-landing","name":"All in ONE Sealing Gel","isPartOf":{"@id":"https:\/\/www.raytech.it\/#website"},"datePublished":"2018-11-23T08:42:00+00:00","dateModified":"2021-02-17T15:35:31+00:00","breadcrumb":{"@id":"https:\/\/www.raytech.it\/de\/magic-gel-sprint-landing#breadcrumb"},"inLanguage":"de","potentialAction":[{"@type":"ReadAction","target":["https:\/\/www.raytech.it\/de\/magic-gel-sprint-landing"]}]},{"@type":"BreadcrumbList","@id":"https:\/\/www.raytech.it\/de\/magic-gel-sprint-landing#breadcrumb","itemListElement":[{"@type":"ListItem","position":1,"name":"Home","item":"https:\/\/www.raytech.it\/de"},{"@type":"ListItem","position":2,"name":"Magic Gel Sprint"}]},{"@type":"WebSite","@id":"https:\/\/www.raytech.it\/#website","url":"https:\/\/www.raytech.it\/","name":"Raytech","description":"Cable accessories company","publisher":{"@id":"https:\/\/www.raytech.it\/#organization"},"potentialAction":[{"@type":"SearchAction","target":{"@type":"EntryPoint","urlTemplate":"https:\/\/www.raytech.it\/?s={search_term_string}"},"query-input":{"@type":"PropertyValueSpecification","valueRequired":true,"valueName":"search_term_string"}}],"inLanguage":"de"},{"@type":"Organization","@id":"https:\/\/www.raytech.it\/#organization","name":"Raytech","url":"https:\/\/www.raytech.it\/","logo":{"@type":"ImageObject","inLanguage":"de","@id":"https:\/\/www.raytech.it\/#\/schema\/logo\/image\/","url":"https:\/\/www.raytech.it\/wp-content\/uploads\/logo-raytech-2019-retina-3.png","contentUrl":"https:\/\/www.raytech.it\/wp-content\/uploads\/logo-raytech-2019-retina-3.png","width":340,"height":90,"caption":"Raytech"},"image":{"@id":"https:\/\/www.raytech.it\/#\/schema\/logo\/image\/"},"sameAs":["https:\/\/www.facebook.com\/RaytechItaly","https:\/\/www.instagram.com\/raytech_italy\/","https:\/\/www.youtube.com\/user\/raytechitaly","https:\/\/twitter.com\/Raytech_Italy"]}]}},"_links":{"self":[{"href":"https:\/\/www.raytech.it\/de\/wp-json\/wp\/v2\/pages\/13981","targetHints":{"allow":["GET"]}}],"collection":[{"href":"https:\/\/www.raytech.it\/de\/wp-json\/wp\/v2\/pages"}],"about":[{"href":"https:\/\/www.raytech.it\/de\/wp-json\/wp\/v2\/types\/page"}],"author":[{"embeddable":true,"href":"https:\/\/www.raytech.it\/de\/wp-json\/wp\/v2\/users\/1"}],"replies":[{"embeddable":true,"href":"https:\/\/www.raytech.it\/de\/wp-json\/wp\/v2\/comments?post=13981"}],"version-history":[{"count":3,"href":"https:\/\/www.raytech.it\/de\/wp-json\/wp\/v2\/pages\/13981\/revisions"}],"predecessor-version":[{"id":26184,"href":"https:\/\/www.raytech.it\/de\/wp-json\/wp\/v2\/pages\/13981\/revisions\/26184"}],"wp:attachment":[{"href":"https:\/\/www.raytech.it\/de\/wp-json\/wp\/v2\/media?parent=13981"}],"curies":[{"name":"wp","href":"https:\/\/api.w.org\/{rel}","templated":true}]}}