{"id":17860,"date":"2019-08-22T13:12:47","date_gmt":"2019-08-22T13:12:47","guid":{"rendered":"https:\/\/www.raytech.it\/?page_id=17860"},"modified":"2019-08-22T13:49:01","modified_gmt":"2019-08-22T13:49:01","slug":"hochspannung-zertifiziertes-labor","status":"publish","type":"page","link":"https:\/\/www.raytech.it\/de\/ueber-uns\/hochspannung-zertifiziertes-labor","title":{"rendered":"Hochspannung zertifiziertes Labor"},"content":{"rendered":"<div class=\"wpb-content-wrapper\"><p>[vc_row css=&#8220;.vc_custom_1564757943622{margin-bottom: 20px !important;}&#8220;][vc_column][vc_custom_heading text=&#8220;Hochspannung zertifiziertes Labor&#8220; font_container=&#8220;tag:h1|font_size:32px|text_align:left|color:%23e30613|line_height:38px&#8220; use_theme_fonts=&#8220;yes&#8220; css=&#8220;.vc_custom_1566481749135{margin-bottom: 30px !important;}&#8220;][vc_row_inner][vc_column_inner width=&#8220;1\/4&#8243;][vc_single_image image=&#8220;954&#8243; img_size=&#8220;medium&#8220; add_caption=&#8220;yes&#8220; alignment=&#8220;center&#8220;][vc_single_image image=&#8220;946&#8243; img_size=&#8220;medium&#8220; add_caption=&#8220;yes&#8220; alignment=&#8220;center&#8220; css=&#8220;.vc_custom_1564760615914{margin-top: 30px !important;}&#8220;][\/vc_column_inner][vc_column_inner width=&#8220;3\/4&#8243;][vc_column_text]<\/p>\n<div class=\"wpb_text_column wpb_content_element \">\n<div class=\"wpb_wrapper\">\n<p>Ausgestattes Labor f\u00fcr jede Art von Pr\u00fcfungen: bei Wechselstrom, Gleichstrom, Impulsen oder Lastspielen, mit dem Kabel unter Spannung in der Luft und im Wasser, f\u00fcr die Messung von Isolationswiderstand, partiale Entladungen, f\u00fcr die \u00dcberpr\u00fcfung des Verhaltens zu der Vorzeichnung\u00a0 den isolierenden Stoffe, f\u00fcr die \u00dcberpr\u00fcfung \u00a0in der Nasskammer und Salzspr\u00fchtest.<\/p>\n<\/div>\n<\/div>\n<ul class=\"square\">\n<li class=\"\">Gleichstromerzeuger 120 kV<\/li>\n<li class=\"\">Industriefrequenz \u00dcberpr\u00fcfung Transformator 100 kV, frei von Teil\u00fcberschlage<\/li>\n<li class=\"\">Lange Dauer \u00dcberpr\u00fcfung Transformator 45 kV, 20 kVA<\/li>\n<li class=\"\">Me\u00dftransformatoren<\/li>\n<li class=\"\">Generator f\u00fcr Impulsen Pr\u00fcf\u00fcngen 600 kV<\/li>\n<li class=\"\">Vorrichtung f\u00fcr Lastzyklen Pr\u00fcf\u00fcng , Induktionsheizung, mit Testtank<\/li>\n<li class=\"\">Vorrichtungen zur Messung des H\u00f6he den Teil\u00fcberschlagen, direkte und Br\u00fccke Methode<\/li>\n<li class=\"\">Vorrichtung f\u00fcr die Beurteilung der Widerstand gegen\u00fcber der elektrischen Vorzeichnung der isolierenden Stoffe entsprechend der IEC 60587<\/li>\n<li class=\"\">Millivoltmetrisch und Temperatur Registrierger\u00e4t<\/li>\n<\/ul>\n<p>[\/vc_column_text][vc_btn title=&#8220;Laden Sie das IMQ-Zertifikat herunter&#8220; style=&#8220;custom&#8220; custom_background=&#8220;#e30613&#8243; custom_text=&#8220;#ffffff&#8220; shape=&#8220;square&#8220; i_align=&#8220;right&#8220; i_icon_fontawesome=&#8220;fa fa-file-pdf-o&#8220; add_icon=&#8220;true&#8220; link=&#8220;url:https%3A%2F%2Fwww.raytech.it%2Fwp-content%2Fuploads%2FIMQ-340_CTF2_2018-07-24.pdf||target:%20_blank|&#8220; css=&#8220;.vc_custom_1566481785839{margin-top: 40px !important;}&#8220;][\/vc_column_inner][\/vc_row_inner][\/vc_column][\/vc_row]<\/p>\n<\/div>","protected":false},"excerpt":{"rendered":"<p>[vc_row css=&#8220;.vc_custom_1564757943622{margin-bottom: 20px !important;}&#8220;][vc_column][vc_custom_heading text=&#8220;Hochspannung zertifiziertes Labor&#8220; font_container=&#8220;tag:h1|font_size:32px|text_align:left|color:%23e30613|line_height:38px&#8220; use_theme_fonts=&#8220;yes&#8220; css=&#8220;.vc_custom_1566481749135{margin-bottom: 30px !important;}&#8220;][vc_row_inner][vc_column_inner width=&#8220;1\/4&#8243;][vc_single_image image=&#8220;954&#8243; img_size=&#8220;medium&#8220; add_caption=&#8220;yes&#8220; alignment=&#8220;center&#8220;][vc_single_image image=&#8220;946&#8243; img_size=&#8220;medium&#8220; add_caption=&#8220;yes&#8220; alignment=&#8220;center&#8220; css=&#8220;.vc_custom_1564760615914{margin-top: 30px !important;}&#8220;][\/vc_column_inner][vc_column_inner width=&#8220;3\/4&#8243;][vc_column_text] Ausgestattes Labor f\u00fcr jede Art<span class=\"excerpt-hellip\"> [\u2026]<\/span><\/p>\n","protected":false},"author":1,"featured_media":0,"parent":7177,"menu_order":1,"comment_status":"closed","ping_status":"closed","template":"","meta":{"footnotes":""},"class_list":["post-17860","page","type-page","status-publish","hentry"],"yoast_head":"<!-- This site is optimized with the Yoast SEO plugin v26.5 - https:\/\/yoast.com\/wordpress\/plugins\/seo\/ -->\n<title>Hochspannung zertifiziertes Labor | Raytech<\/title>\n<meta name=\"robots\" content=\"index, follow, max-snippet:-1, max-image-preview:large, max-video-preview:-1\" \/>\n<link rel=\"canonical\" href=\"https:\/\/www.raytech.it\/de\/ueber-uns\/hochspannung-zertifiziertes-labor\" \/>\n<meta property=\"og:locale\" content=\"de_DE\" \/>\n<meta property=\"og:type\" content=\"article\" \/>\n<meta property=\"og:title\" content=\"Hochspannung zertifiziertes Labor | Raytech\" \/>\n<meta property=\"og:description\" content=\"[vc_row css=&#8220;.vc_custom_1564757943622{margin-bottom: 20px !important;}&#8220;][vc_column][vc_custom_heading text=&#8220;Hochspannung zertifiziertes Labor&#8220; font_container=&#8220;tag:h1|font_size:32px|text_align:left|color:%23e30613|line_height:38px&#8220; use_theme_fonts=&#8220;yes&#8220; css=&#8220;.vc_custom_1566481749135{margin-bottom: 30px !important;}&#8220;][vc_row_inner][vc_column_inner width=&#8220;1\/4&#8243;][vc_single_image image=&#8220;954&#8243; img_size=&#8220;medium&#8220; add_caption=&#8220;yes&#8220; alignment=&#8220;center&#8220;][vc_single_image image=&#8220;946&#8243; img_size=&#8220;medium&#8220; add_caption=&#8220;yes&#8220; alignment=&#8220;center&#8220; css=&#8220;.vc_custom_1564760615914{margin-top: 30px !important;}&#8220;][\/vc_column_inner][vc_column_inner width=&#8220;3\/4&#8243;][vc_column_text] Ausgestattes Labor f\u00fcr jede Art [\u2026]\" \/>\n<meta property=\"og:url\" content=\"https:\/\/www.raytech.it\/de\/ueber-uns\/hochspannung-zertifiziertes-labor\" \/>\n<meta property=\"og:site_name\" content=\"Raytech\" \/>\n<meta property=\"article:publisher\" content=\"https:\/\/www.facebook.com\/RaytechItaly\" \/>\n<meta property=\"article:modified_time\" content=\"2019-08-22T13:49:01+00:00\" \/>\n<meta property=\"og:image\" content=\"https:\/\/www.raytech.it\/wp-content\/uploads\/logo_raytech.png\" \/>\n\t<meta property=\"og:image:width\" content=\"188\" \/>\n\t<meta property=\"og:image:height\" content=\"101\" \/>\n\t<meta property=\"og:image:type\" content=\"image\/png\" \/>\n<meta name=\"twitter:card\" content=\"summary_large_image\" \/>\n<meta name=\"twitter:label1\" content=\"Gesch\u00e4tzte Lesezeit\" \/>\n\t<meta name=\"twitter:data1\" content=\"1\u00a0Minute\" \/>\n<script type=\"application\/ld+json\" class=\"yoast-schema-graph\">{\"@context\":\"https:\/\/schema.org\",\"@graph\":[{\"@type\":\"WebPage\",\"@id\":\"https:\/\/www.raytech.it\/de\/ueber-uns\/hochspannung-zertifiziertes-labor\",\"url\":\"https:\/\/www.raytech.it\/de\/ueber-uns\/hochspannung-zertifiziertes-labor\",\"name\":\"Hochspannung zertifiziertes Labor | Raytech\",\"isPartOf\":{\"@id\":\"https:\/\/www.raytech.it\/#website\"},\"datePublished\":\"2019-08-22T13:12:47+00:00\",\"dateModified\":\"2019-08-22T13:49:01+00:00\",\"breadcrumb\":{\"@id\":\"https:\/\/www.raytech.it\/de\/ueber-uns\/hochspannung-zertifiziertes-labor#breadcrumb\"},\"inLanguage\":\"de\",\"potentialAction\":[{\"@type\":\"ReadAction\",\"target\":[\"https:\/\/www.raytech.it\/de\/ueber-uns\/hochspannung-zertifiziertes-labor\"]}]},{\"@type\":\"BreadcrumbList\",\"@id\":\"https:\/\/www.raytech.it\/de\/ueber-uns\/hochspannung-zertifiziertes-labor#breadcrumb\",\"itemListElement\":[{\"@type\":\"ListItem\",\"position\":1,\"name\":\"Home\",\"item\":\"https:\/\/www.raytech.it\/de\"},{\"@type\":\"ListItem\",\"position\":2,\"name\":\"\u00dcber uns\",\"item\":\"https:\/\/www.raytech.it\/de\/ueber-uns\"},{\"@type\":\"ListItem\",\"position\":3,\"name\":\"Hochspannung zertifiziertes Labor\"}]},{\"@type\":\"WebSite\",\"@id\":\"https:\/\/www.raytech.it\/#website\",\"url\":\"https:\/\/www.raytech.it\/\",\"name\":\"Raytech\",\"description\":\"Cable accessories company\",\"publisher\":{\"@id\":\"https:\/\/www.raytech.it\/#organization\"},\"potentialAction\":[{\"@type\":\"SearchAction\",\"target\":{\"@type\":\"EntryPoint\",\"urlTemplate\":\"https:\/\/www.raytech.it\/?s={search_term_string}\"},\"query-input\":{\"@type\":\"PropertyValueSpecification\",\"valueRequired\":true,\"valueName\":\"search_term_string\"}}],\"inLanguage\":\"de\"},{\"@type\":\"Organization\",\"@id\":\"https:\/\/www.raytech.it\/#organization\",\"name\":\"Raytech\",\"url\":\"https:\/\/www.raytech.it\/\",\"logo\":{\"@type\":\"ImageObject\",\"inLanguage\":\"de\",\"@id\":\"https:\/\/www.raytech.it\/#\/schema\/logo\/image\/\",\"url\":\"https:\/\/www.raytech.it\/wp-content\/uploads\/logo-raytech-2019-retina-3.png\",\"contentUrl\":\"https:\/\/www.raytech.it\/wp-content\/uploads\/logo-raytech-2019-retina-3.png\",\"width\":340,\"height\":90,\"caption\":\"Raytech\"},\"image\":{\"@id\":\"https:\/\/www.raytech.it\/#\/schema\/logo\/image\/\"},\"sameAs\":[\"https:\/\/www.facebook.com\/RaytechItaly\",\"https:\/\/www.instagram.com\/raytech_italy\/\",\"https:\/\/www.youtube.com\/user\/raytechitaly\",\"https:\/\/twitter.com\/Raytech_Italy\"]}]}<\/script>\n<!-- \/ Yoast SEO plugin. -->","yoast_head_json":{"title":"Hochspannung zertifiziertes Labor | Raytech","robots":{"index":"index","follow":"follow","max-snippet":"max-snippet:-1","max-image-preview":"max-image-preview:large","max-video-preview":"max-video-preview:-1"},"canonical":"https:\/\/www.raytech.it\/de\/ueber-uns\/hochspannung-zertifiziertes-labor","og_locale":"de_DE","og_type":"article","og_title":"Hochspannung zertifiziertes Labor | Raytech","og_description":"[vc_row css=&#8220;.vc_custom_1564757943622{margin-bottom: 20px !important;}&#8220;][vc_column][vc_custom_heading text=&#8220;Hochspannung zertifiziertes Labor&#8220; font_container=&#8220;tag:h1|font_size:32px|text_align:left|color:%23e30613|line_height:38px&#8220; use_theme_fonts=&#8220;yes&#8220; css=&#8220;.vc_custom_1566481749135{margin-bottom: 30px !important;}&#8220;][vc_row_inner][vc_column_inner width=&#8220;1\/4&#8243;][vc_single_image image=&#8220;954&#8243; img_size=&#8220;medium&#8220; add_caption=&#8220;yes&#8220; alignment=&#8220;center&#8220;][vc_single_image image=&#8220;946&#8243; img_size=&#8220;medium&#8220; add_caption=&#8220;yes&#8220; alignment=&#8220;center&#8220; css=&#8220;.vc_custom_1564760615914{margin-top: 30px !important;}&#8220;][\/vc_column_inner][vc_column_inner width=&#8220;3\/4&#8243;][vc_column_text] Ausgestattes Labor f\u00fcr jede Art [\u2026]","og_url":"https:\/\/www.raytech.it\/de\/ueber-uns\/hochspannung-zertifiziertes-labor","og_site_name":"Raytech","article_publisher":"https:\/\/www.facebook.com\/RaytechItaly","article_modified_time":"2019-08-22T13:49:01+00:00","og_image":[{"width":188,"height":101,"url":"https:\/\/www.raytech.it\/wp-content\/uploads\/logo_raytech.png","type":"image\/png"}],"twitter_card":"summary_large_image","twitter_misc":{"Gesch\u00e4tzte Lesezeit":"1\u00a0Minute"},"schema":{"@context":"https:\/\/schema.org","@graph":[{"@type":"WebPage","@id":"https:\/\/www.raytech.it\/de\/ueber-uns\/hochspannung-zertifiziertes-labor","url":"https:\/\/www.raytech.it\/de\/ueber-uns\/hochspannung-zertifiziertes-labor","name":"Hochspannung zertifiziertes Labor | Raytech","isPartOf":{"@id":"https:\/\/www.raytech.it\/#website"},"datePublished":"2019-08-22T13:12:47+00:00","dateModified":"2019-08-22T13:49:01+00:00","breadcrumb":{"@id":"https:\/\/www.raytech.it\/de\/ueber-uns\/hochspannung-zertifiziertes-labor#breadcrumb"},"inLanguage":"de","potentialAction":[{"@type":"ReadAction","target":["https:\/\/www.raytech.it\/de\/ueber-uns\/hochspannung-zertifiziertes-labor"]}]},{"@type":"BreadcrumbList","@id":"https:\/\/www.raytech.it\/de\/ueber-uns\/hochspannung-zertifiziertes-labor#breadcrumb","itemListElement":[{"@type":"ListItem","position":1,"name":"Home","item":"https:\/\/www.raytech.it\/de"},{"@type":"ListItem","position":2,"name":"\u00dcber uns","item":"https:\/\/www.raytech.it\/de\/ueber-uns"},{"@type":"ListItem","position":3,"name":"Hochspannung zertifiziertes Labor"}]},{"@type":"WebSite","@id":"https:\/\/www.raytech.it\/#website","url":"https:\/\/www.raytech.it\/","name":"Raytech","description":"Cable accessories company","publisher":{"@id":"https:\/\/www.raytech.it\/#organization"},"potentialAction":[{"@type":"SearchAction","target":{"@type":"EntryPoint","urlTemplate":"https:\/\/www.raytech.it\/?s={search_term_string}"},"query-input":{"@type":"PropertyValueSpecification","valueRequired":true,"valueName":"search_term_string"}}],"inLanguage":"de"},{"@type":"Organization","@id":"https:\/\/www.raytech.it\/#organization","name":"Raytech","url":"https:\/\/www.raytech.it\/","logo":{"@type":"ImageObject","inLanguage":"de","@id":"https:\/\/www.raytech.it\/#\/schema\/logo\/image\/","url":"https:\/\/www.raytech.it\/wp-content\/uploads\/logo-raytech-2019-retina-3.png","contentUrl":"https:\/\/www.raytech.it\/wp-content\/uploads\/logo-raytech-2019-retina-3.png","width":340,"height":90,"caption":"Raytech"},"image":{"@id":"https:\/\/www.raytech.it\/#\/schema\/logo\/image\/"},"sameAs":["https:\/\/www.facebook.com\/RaytechItaly","https:\/\/www.instagram.com\/raytech_italy\/","https:\/\/www.youtube.com\/user\/raytechitaly","https:\/\/twitter.com\/Raytech_Italy"]}]}},"_links":{"self":[{"href":"https:\/\/www.raytech.it\/de\/wp-json\/wp\/v2\/pages\/17860","targetHints":{"allow":["GET"]}}],"collection":[{"href":"https:\/\/www.raytech.it\/de\/wp-json\/wp\/v2\/pages"}],"about":[{"href":"https:\/\/www.raytech.it\/de\/wp-json\/wp\/v2\/types\/page"}],"author":[{"embeddable":true,"href":"https:\/\/www.raytech.it\/de\/wp-json\/wp\/v2\/users\/1"}],"replies":[{"embeddable":true,"href":"https:\/\/www.raytech.it\/de\/wp-json\/wp\/v2\/comments?post=17860"}],"version-history":[{"count":0,"href":"https:\/\/www.raytech.it\/de\/wp-json\/wp\/v2\/pages\/17860\/revisions"}],"up":[{"embeddable":true,"href":"https:\/\/www.raytech.it\/de\/wp-json\/wp\/v2\/pages\/7177"}],"wp:attachment":[{"href":"https:\/\/www.raytech.it\/de\/wp-json\/wp\/v2\/media?parent=17860"}],"curies":[{"name":"wp","href":"https:\/\/api.w.org\/{rel}","templated":true}]}}