{"id":36164,"date":"2024-12-17T23:47:39","date_gmt":"2024-12-17T22:47:39","guid":{"rendered":"https:\/\/www.raytech.it\/?page_id=36164"},"modified":"2025-11-21T15:32:03","modified_gmt":"2025-11-21T14:32:03","slug":"zertifizierungen","status":"publish","type":"page","link":"https:\/\/www.raytech.it\/de\/ueber-uns\/zertifizierungen","title":{"rendered":"Zertifizierungen"},"content":{"rendered":"<div class=\"wpb-content-wrapper\"><p>[vc_row full_width=&#8220;stretch_row&#8220; row_type=&#8220;2&#8243; blox_height=&#8220;420&#8243; blox_bg_position=&#8220;center bottom&#8220; blox_cover=&#8220;false&#8220; align_center=&#8220;aligncenter&#8220; blox_bgcolor=&#8220;#ffffff&#8220; css=&#8220;.vc_custom_1728643229192{padding-top: 30px !important;padding-bottom: 50px !important;background-color: #ffffff !important;}&#8220;][vc_column][vc_custom_heading text=&#8220;Zertifizierungen&#8220; font_container=&#8220;tag:h1|font_size:32px|text_align:left|color:%23e30613|line_height:38px&#8220; use_theme_fonts=&#8220;yes&#8220; css=&#8220;.vc_custom_1734431267562{padding-bottom: 30px !important;}&#8220;][vc_column_text css=&#8220;.vc_custom_1734431275785{padding-bottom: 30px !important;}&#8220;]Unser Unternehmen setzt sich st\u00e4ndig daf\u00fcr ein, die h\u00f6chste Qualit\u00e4t, Sicherheit und Nachhaltigkeit der angebotenen Produkte und Dienstleistungen zu gew\u00e4hrleisten. Aus diesem Grund haben wir mehrere international anerkannte Zertifizierungen erhalten, die unser Engagement f\u00fcr strenge Standards und unser Bestreben, ein hohes Ma\u00df an Exzellenz aufrechtzuerhalten, unter Beweis stellen.[\/vc_column_text][vc_row_inner css=&#8220;.vc_custom_1734431282944{margin-top: 30px !important;padding-bottom: 30px !important;}&#8220;][vc_column_inner width=&#8220;1\/2&#8243;][vc_single_image image=&#8220;38675&#8243; img_size=&#8220;150&#215;150&#8243; alignment=&#8220;right&#8220; onclick=&#8220;custom_link&#8220; img_link_target=&#8220;_blank&#8220; css=&#8220;.vc_custom_1763735493541{margin-bottom: 0px !important;}&#8220; link=&#8220;https:\/\/www.raytech.it\/wp-content\/uploads\/raytech-iso-14001.pdf&#8220;][\/vc_column_inner][vc_column_inner width=&#8220;1\/2&#8243;][vc_single_image image=&#8220;23008&#8243; img_size=&#8220;150&#215;150&#8243; onclick=&#8220;custom_link&#8220; img_link_target=&#8220;_blank&#8220; css=&#8220;.vc_custom_1763735504977{margin-bottom: 0px !important;}&#8220; link=&#8220;https:\/\/www.raytech.it\/wp-content\/uploads\/raytech-iso-45001-2018-iqnet.pdf&#8220;][\/vc_column_inner][\/vc_row_inner][vc_row_inner css=&#8220;.vc_custom_1564755562635{margin-top: 30px !important;}&#8220;][vc_column_inner width=&#8220;1\/3&#8243;][vc_single_image image=&#8220;18721&#8243; img_size=&#8220;169&#215;150&#8243; alignment=&#8220;center&#8220; onclick=&#8220;custom_link&#8220; img_link_target=&#8220;_blank&#8220; css=&#8220;.vc_custom_1733243233581{margin-bottom: 0px !important;}&#8220; link=&#8220;https:\/\/www.raytech.it\/wp-content\/uploads\/dekra-certification-2024.pdf&#8220;][\/vc_column_inner][vc_column_inner width=&#8220;1\/3&#8243;][vc_single_image image=&#8220;18707&#8243; img_size=&#8220;150&#215;150&#8243; alignment=&#8220;center&#8220; onclick=&#8220;custom_link&#8220; img_link_target=&#8220;_blank&#8220; css=&#8220;.vc_custom_1733243258132{margin-bottom: 0px !important;}&#8220; link=&#8220;https:\/\/www.raytech.it\/wp-content\/uploads\/raytech_bv_mca_mca-i-pf_eps15atex-1986u_3.pdf&#8220;][\/vc_column_inner][vc_column_inner width=&#8220;1\/3&#8243;][vc_single_image image=&#8220;18728&#8243; img_size=&#8220;150&#215;150&#8243; alignment=&#8220;center&#8220; onclick=&#8220;custom_link&#8220; img_link_target=&#8220;_blank&#8220; css=&#8220;.vc_custom_1733243291129{margin-bottom: 0px !important;}&#8220; link=&#8220;https:\/\/www.raytech.it\/wp-content\/uploads\/raytech-imq-340_ctf2.pdf&#8220;][\/vc_column_inner][\/vc_row_inner][\/vc_column][\/vc_row][vc_row][vc_column][vc_column_text]<\/p>\n<p>[\/vc_column_text][\/vc_column][\/vc_row]<\/p>\n<\/div>","protected":false},"excerpt":{"rendered":"<p>[vc_row full_width=&#8220;stretch_row&#8220; row_type=&#8220;2&#8243; blox_height=&#8220;420&#8243; blox_bg_position=&#8220;center bottom&#8220; blox_cover=&#8220;false&#8220; align_center=&#8220;aligncenter&#8220; blox_bgcolor=&#8220;#ffffff&#8220; css=&#8220;.vc_custom_1728643229192{padding-top: 30px !important;padding-bottom: 50px !important;background-color: #ffffff !important;}&#8220;][vc_column][vc_custom_heading text=&#8220;Zertifizierungen&#8220; font_container=&#8220;tag:h1|font_size:32px|text_align:left|color:%23e30613|line_height:38px&#8220; use_theme_fonts=&#8220;yes&#8220; css=&#8220;.vc_custom_1734431267562{padding-bottom: 30px !important;}&#8220;][vc_column_text css=&#8220;.vc_custom_1734431275785{padding-bottom: 30px !important;}&#8220;]Unser Unternehmen setzt sich st\u00e4ndig daf\u00fcr<span class=\"excerpt-hellip\"> [\u2026]<\/span><\/p>\n","protected":false},"author":1,"featured_media":0,"parent":7177,"menu_order":1,"comment_status":"closed","ping_status":"closed","template":"","meta":{"footnotes":""},"class_list":["post-36164","page","type-page","status-publish","hentry"],"yoast_head":"<!-- This site is optimized with the Yoast SEO plugin v26.5 - https:\/\/yoast.com\/wordpress\/plugins\/seo\/ -->\n<title>Raytech | Zertifizierungen<\/title>\n<meta name=\"robots\" content=\"index, follow, max-snippet:-1, max-image-preview:large, max-video-preview:-1\" \/>\n<link rel=\"canonical\" href=\"https:\/\/www.raytech.it\/de\/ueber-uns\/zertifizierungen\" \/>\n<meta property=\"og:locale\" content=\"de_DE\" \/>\n<meta property=\"og:type\" content=\"article\" \/>\n<meta property=\"og:title\" content=\"Raytech | Zertifizierungen\" \/>\n<meta property=\"og:description\" content=\"[vc_row full_width=&#8220;stretch_row&#8220; row_type=&#8220;2&#8243; blox_height=&#8220;420&#8243; blox_bg_position=&#8220;center bottom&#8220; blox_cover=&#8220;false&#8220; align_center=&#8220;aligncenter&#8220; blox_bgcolor=&#8220;#ffffff&#8220; css=&#8220;.vc_custom_1728643229192{padding-top: 30px !important;padding-bottom: 50px !important;background-color: #ffffff !important;}&#8220;][vc_column][vc_custom_heading text=&#8220;Zertifizierungen&#8220; font_container=&#8220;tag:h1|font_size:32px|text_align:left|color:%23e30613|line_height:38px&#8220; use_theme_fonts=&#8220;yes&#8220; css=&#8220;.vc_custom_1734431267562{padding-bottom: 30px !important;}&#8220;][vc_column_text css=&#8220;.vc_custom_1734431275785{padding-bottom: 30px !important;}&#8220;]Unser Unternehmen setzt sich st\u00e4ndig daf\u00fcr [\u2026]\" \/>\n<meta property=\"og:url\" content=\"https:\/\/www.raytech.it\/de\/ueber-uns\/zertifizierungen\" \/>\n<meta property=\"og:site_name\" content=\"Raytech\" \/>\n<meta property=\"article:publisher\" content=\"https:\/\/www.facebook.com\/RaytechItaly\" \/>\n<meta property=\"article:modified_time\" content=\"2025-11-21T14:32:03+00:00\" \/>\n<meta property=\"og:image\" content=\"https:\/\/www.raytech.it\/wp-content\/uploads\/logo_raytech.png\" \/>\n\t<meta property=\"og:image:width\" content=\"188\" \/>\n\t<meta property=\"og:image:height\" content=\"101\" \/>\n\t<meta property=\"og:image:type\" content=\"image\/png\" \/>\n<meta name=\"twitter:card\" content=\"summary_large_image\" \/>\n<meta name=\"twitter:label1\" content=\"Gesch\u00e4tzte Lesezeit\" \/>\n\t<meta name=\"twitter:data1\" content=\"2\u00a0Minuten\" \/>\n<script type=\"application\/ld+json\" class=\"yoast-schema-graph\">{\"@context\":\"https:\/\/schema.org\",\"@graph\":[{\"@type\":\"WebPage\",\"@id\":\"https:\/\/www.raytech.it\/de\/ueber-uns\/zertifizierungen\",\"url\":\"https:\/\/www.raytech.it\/de\/ueber-uns\/zertifizierungen\",\"name\":\"Raytech | Zertifizierungen\",\"isPartOf\":{\"@id\":\"https:\/\/www.raytech.it\/#website\"},\"datePublished\":\"2024-12-17T22:47:39+00:00\",\"dateModified\":\"2025-11-21T14:32:03+00:00\",\"breadcrumb\":{\"@id\":\"https:\/\/www.raytech.it\/de\/ueber-uns\/zertifizierungen#breadcrumb\"},\"inLanguage\":\"de\",\"potentialAction\":[{\"@type\":\"ReadAction\",\"target\":[\"https:\/\/www.raytech.it\/de\/ueber-uns\/zertifizierungen\"]}]},{\"@type\":\"BreadcrumbList\",\"@id\":\"https:\/\/www.raytech.it\/de\/ueber-uns\/zertifizierungen#breadcrumb\",\"itemListElement\":[{\"@type\":\"ListItem\",\"position\":1,\"name\":\"Home\",\"item\":\"https:\/\/www.raytech.it\/de\"},{\"@type\":\"ListItem\",\"position\":2,\"name\":\"\u00dcber uns\",\"item\":\"https:\/\/www.raytech.it\/de\/ueber-uns\"},{\"@type\":\"ListItem\",\"position\":3,\"name\":\"Zertifizierungen\"}]},{\"@type\":\"WebSite\",\"@id\":\"https:\/\/www.raytech.it\/#website\",\"url\":\"https:\/\/www.raytech.it\/\",\"name\":\"Raytech\",\"description\":\"Cable accessories company\",\"publisher\":{\"@id\":\"https:\/\/www.raytech.it\/#organization\"},\"potentialAction\":[{\"@type\":\"SearchAction\",\"target\":{\"@type\":\"EntryPoint\",\"urlTemplate\":\"https:\/\/www.raytech.it\/?s={search_term_string}\"},\"query-input\":{\"@type\":\"PropertyValueSpecification\",\"valueRequired\":true,\"valueName\":\"search_term_string\"}}],\"inLanguage\":\"de\"},{\"@type\":\"Organization\",\"@id\":\"https:\/\/www.raytech.it\/#organization\",\"name\":\"Raytech\",\"url\":\"https:\/\/www.raytech.it\/\",\"logo\":{\"@type\":\"ImageObject\",\"inLanguage\":\"de\",\"@id\":\"https:\/\/www.raytech.it\/#\/schema\/logo\/image\/\",\"url\":\"https:\/\/www.raytech.it\/wp-content\/uploads\/logo-raytech-2019-retina-3.png\",\"contentUrl\":\"https:\/\/www.raytech.it\/wp-content\/uploads\/logo-raytech-2019-retina-3.png\",\"width\":340,\"height\":90,\"caption\":\"Raytech\"},\"image\":{\"@id\":\"https:\/\/www.raytech.it\/#\/schema\/logo\/image\/\"},\"sameAs\":[\"https:\/\/www.facebook.com\/RaytechItaly\",\"https:\/\/www.instagram.com\/raytech_italy\/\",\"https:\/\/www.youtube.com\/user\/raytechitaly\",\"https:\/\/twitter.com\/Raytech_Italy\"]}]}<\/script>\n<!-- \/ Yoast SEO plugin. -->","yoast_head_json":{"title":"Raytech | Zertifizierungen","robots":{"index":"index","follow":"follow","max-snippet":"max-snippet:-1","max-image-preview":"max-image-preview:large","max-video-preview":"max-video-preview:-1"},"canonical":"https:\/\/www.raytech.it\/de\/ueber-uns\/zertifizierungen","og_locale":"de_DE","og_type":"article","og_title":"Raytech | Zertifizierungen","og_description":"[vc_row full_width=&#8220;stretch_row&#8220; row_type=&#8220;2&#8243; blox_height=&#8220;420&#8243; blox_bg_position=&#8220;center bottom&#8220; blox_cover=&#8220;false&#8220; align_center=&#8220;aligncenter&#8220; blox_bgcolor=&#8220;#ffffff&#8220; css=&#8220;.vc_custom_1728643229192{padding-top: 30px !important;padding-bottom: 50px !important;background-color: #ffffff !important;}&#8220;][vc_column][vc_custom_heading text=&#8220;Zertifizierungen&#8220; font_container=&#8220;tag:h1|font_size:32px|text_align:left|color:%23e30613|line_height:38px&#8220; use_theme_fonts=&#8220;yes&#8220; css=&#8220;.vc_custom_1734431267562{padding-bottom: 30px !important;}&#8220;][vc_column_text css=&#8220;.vc_custom_1734431275785{padding-bottom: 30px !important;}&#8220;]Unser Unternehmen setzt sich st\u00e4ndig daf\u00fcr [\u2026]","og_url":"https:\/\/www.raytech.it\/de\/ueber-uns\/zertifizierungen","og_site_name":"Raytech","article_publisher":"https:\/\/www.facebook.com\/RaytechItaly","article_modified_time":"2025-11-21T14:32:03+00:00","og_image":[{"width":188,"height":101,"url":"https:\/\/www.raytech.it\/wp-content\/uploads\/logo_raytech.png","type":"image\/png"}],"twitter_card":"summary_large_image","twitter_misc":{"Gesch\u00e4tzte Lesezeit":"2\u00a0Minuten"},"schema":{"@context":"https:\/\/schema.org","@graph":[{"@type":"WebPage","@id":"https:\/\/www.raytech.it\/de\/ueber-uns\/zertifizierungen","url":"https:\/\/www.raytech.it\/de\/ueber-uns\/zertifizierungen","name":"Raytech | Zertifizierungen","isPartOf":{"@id":"https:\/\/www.raytech.it\/#website"},"datePublished":"2024-12-17T22:47:39+00:00","dateModified":"2025-11-21T14:32:03+00:00","breadcrumb":{"@id":"https:\/\/www.raytech.it\/de\/ueber-uns\/zertifizierungen#breadcrumb"},"inLanguage":"de","potentialAction":[{"@type":"ReadAction","target":["https:\/\/www.raytech.it\/de\/ueber-uns\/zertifizierungen"]}]},{"@type":"BreadcrumbList","@id":"https:\/\/www.raytech.it\/de\/ueber-uns\/zertifizierungen#breadcrumb","itemListElement":[{"@type":"ListItem","position":1,"name":"Home","item":"https:\/\/www.raytech.it\/de"},{"@type":"ListItem","position":2,"name":"\u00dcber uns","item":"https:\/\/www.raytech.it\/de\/ueber-uns"},{"@type":"ListItem","position":3,"name":"Zertifizierungen"}]},{"@type":"WebSite","@id":"https:\/\/www.raytech.it\/#website","url":"https:\/\/www.raytech.it\/","name":"Raytech","description":"Cable accessories company","publisher":{"@id":"https:\/\/www.raytech.it\/#organization"},"potentialAction":[{"@type":"SearchAction","target":{"@type":"EntryPoint","urlTemplate":"https:\/\/www.raytech.it\/?s={search_term_string}"},"query-input":{"@type":"PropertyValueSpecification","valueRequired":true,"valueName":"search_term_string"}}],"inLanguage":"de"},{"@type":"Organization","@id":"https:\/\/www.raytech.it\/#organization","name":"Raytech","url":"https:\/\/www.raytech.it\/","logo":{"@type":"ImageObject","inLanguage":"de","@id":"https:\/\/www.raytech.it\/#\/schema\/logo\/image\/","url":"https:\/\/www.raytech.it\/wp-content\/uploads\/logo-raytech-2019-retina-3.png","contentUrl":"https:\/\/www.raytech.it\/wp-content\/uploads\/logo-raytech-2019-retina-3.png","width":340,"height":90,"caption":"Raytech"},"image":{"@id":"https:\/\/www.raytech.it\/#\/schema\/logo\/image\/"},"sameAs":["https:\/\/www.facebook.com\/RaytechItaly","https:\/\/www.instagram.com\/raytech_italy\/","https:\/\/www.youtube.com\/user\/raytechitaly","https:\/\/twitter.com\/Raytech_Italy"]}]}},"_links":{"self":[{"href":"https:\/\/www.raytech.it\/de\/wp-json\/wp\/v2\/pages\/36164","targetHints":{"allow":["GET"]}}],"collection":[{"href":"https:\/\/www.raytech.it\/de\/wp-json\/wp\/v2\/pages"}],"about":[{"href":"https:\/\/www.raytech.it\/de\/wp-json\/wp\/v2\/types\/page"}],"author":[{"embeddable":true,"href":"https:\/\/www.raytech.it\/de\/wp-json\/wp\/v2\/users\/1"}],"replies":[{"embeddable":true,"href":"https:\/\/www.raytech.it\/de\/wp-json\/wp\/v2\/comments?post=36164"}],"version-history":[{"count":3,"href":"https:\/\/www.raytech.it\/de\/wp-json\/wp\/v2\/pages\/36164\/revisions"}],"predecessor-version":[{"id":38690,"href":"https:\/\/www.raytech.it\/de\/wp-json\/wp\/v2\/pages\/36164\/revisions\/38690"}],"up":[{"embeddable":true,"href":"https:\/\/www.raytech.it\/de\/wp-json\/wp\/v2\/pages\/7177"}],"wp:attachment":[{"href":"https:\/\/www.raytech.it\/de\/wp-json\/wp\/v2\/media?parent=36164"}],"curies":[{"name":"wp","href":"https:\/\/api.w.org\/{rel}","templated":true}]}}