{"id":7177,"date":"2015-01-12T15:41:57","date_gmt":"2015-01-12T15:41:57","guid":{"rendered":"https:\/\/www.raytech.it\/?page_id=7177&#038;lang=de"},"modified":"2019-08-26T13:08:56","modified_gmt":"2019-08-26T13:08:56","slug":"ueber-uns","status":"publish","type":"page","link":"https:\/\/www.raytech.it\/de\/ueber-uns","title":{"rendered":"\u00dcber uns"},"content":{"rendered":"<div class=\"wpb-content-wrapper\"><p>[vc_row][vc_column][vc_custom_heading text=&#8220;Raytech, 25 Jahre Forschung und Entwicklung&#8220; font_container=&#8220;tag:h1|font_size:32px|text_align:left|color:%23e30613|line_height:38px&#8220; use_theme_fonts=&#8220;yes&#8220; css=&#8220;.vc_custom_1566815798186{margin-bottom: 30px !important;}&#8220;][vc_row_inner css=&#8220;.vc_custom_1566477115710{padding-bottom: 30px !important;}&#8220;][vc_column_inner width=&#8220;1\/4&#8243;][vc_single_image image=&#8220;18688&#8243; img_size=&#8220;full&#8220; add_caption=&#8220;yes&#8220; alignment=&#8220;center&#8220;][vc_single_image image=&#8220;18695&#8243; img_size=&#8220;full&#8220; add_caption=&#8220;yes&#8220; alignment=&#8220;center&#8220; css=&#8220;.vc_custom_1566827174597{margin-top: 30px !important;}&#8220;][\/vc_column_inner][vc_column_inner width=&#8220;3\/4&#8243;][vc_column_text]Die Firma\u00a0<em><span style=\"color: #ff0000;\"><strong>Raytech<\/strong><\/span>\u00a0<\/em>mit Sitz in Mailand, dem bedeutendsten Wirtschaftsund Finanzgebiet Italiens, und ist im Hinblick auf die Produktivit\u00e4t der\u00a0<strong>Hersteller mit dem breitesten Angebot an Zubeh\u00f6r und Komponenten<\/strong>f\u00fcr Stromkabel der Welt.<\/p>\n<p>Die Leidenschaft f\u00fcr Planung und Innovation hat es Raytech erm\u00f6glicht, sich weiterzuentwickeln, sich an die Anforderungen und Normen eines nationalen und internationalen, best\u00e4ndig weiterwachsenden Marktes anzupassen und die Herausforderung anzunehmen, den Endanwender mit neuen und immer besseren Produkten in extrem kurzer Zeit versorgen und zu \u00fcberraschen \u2013 ganz ohne Einbu\u00dfen bei dem strengen Qualit\u00e4tssystem, das uns seit eh und eh in unserem Produktionsumfeld auszeichnet.<\/p>\n<p>Die technischen Leistungen der Produkte von Raytech wurden in unseren Laboratorien getestet und zertifiziert, wodurch selbst den anspruchsvollsten Installateuren h\u00f6chste Zuverl\u00e4ssigkeit garantiert werden kann, die unsere Artikel dank eines konsolidierten und hochqualifizierten Vertriebsnetzwerks in\u00a0<strong>36 L\u00e4ndern weltweit erhalten<\/strong>.<\/p>\n<p>Auf einem immer schnelleren und wettbewerbsintensiveren Markt ist Raytech als Vorl\u00e4ufer f\u00fcr die\u00a0<strong>besten und innovativsten Technologien<\/strong>\u00a0sowie f\u00fcr die Integrit\u00e4t und Leidenschaft bekannt, die die Eckpfeiler seiner zwanzigj\u00e4hrigen Aktivit\u00e4t bilden.[\/vc_column_text][\/vc_column_inner][\/vc_row_inner][\/vc_column][\/vc_row]<\/p>\n<\/div>","protected":false},"excerpt":{"rendered":"<p>[vc_row][vc_column][vc_custom_heading text=&#8220;Raytech, 25 Jahre Forschung und Entwicklung&#8220; font_container=&#8220;tag:h1|font_size:32px|text_align:left|color:%23e30613|line_height:38px&#8220; use_theme_fonts=&#8220;yes&#8220; css=&#8220;.vc_custom_1566815798186{margin-bottom: 30px !important;}&#8220;][vc_row_inner css=&#8220;.vc_custom_1566477115710{padding-bottom: 30px !important;}&#8220;][vc_column_inner width=&#8220;1\/4&#8243;][vc_single_image image=&#8220;18688&#8243; img_size=&#8220;full&#8220; add_caption=&#8220;yes&#8220; alignment=&#8220;center&#8220;][vc_single_image image=&#8220;18695&#8243; img_size=&#8220;full&#8220; add_caption=&#8220;yes&#8220; alignment=&#8220;center&#8220; css=&#8220;.vc_custom_1566827174597{margin-top: 30px !important;}&#8220;][\/vc_column_inner][vc_column_inner width=&#8220;3\/4&#8243;][vc_column_text]Die Firma\u00a0Raytech\u00a0mit Sitz<span class=\"excerpt-hellip\"> [\u2026]<\/span><\/p>\n","protected":false},"author":1,"featured_media":0,"parent":0,"menu_order":0,"comment_status":"closed","ping_status":"open","template":"","meta":{"footnotes":""},"class_list":["post-7177","page","type-page","status-publish","hentry"],"yoast_head":"<!-- This site is optimized with the Yoast SEO plugin v26.5 - https:\/\/yoast.com\/wordpress\/plugins\/seo\/ -->\n<title>\u00dcber uns | Raytech<\/title>\n<meta name=\"robots\" content=\"index, follow, max-snippet:-1, max-image-preview:large, max-video-preview:-1\" \/>\n<link rel=\"canonical\" href=\"https:\/\/www.raytech.it\/de\/ueber-uns\" \/>\n<meta property=\"og:locale\" content=\"de_DE\" \/>\n<meta property=\"og:type\" content=\"article\" \/>\n<meta property=\"og:title\" content=\"\u00dcber uns | Raytech\" \/>\n<meta property=\"og:description\" content=\"[vc_row][vc_column][vc_custom_heading text=&#8220;Raytech, 25 Jahre Forschung und Entwicklung&#8220; font_container=&#8220;tag:h1|font_size:32px|text_align:left|color:%23e30613|line_height:38px&#8220; use_theme_fonts=&#8220;yes&#8220; css=&#8220;.vc_custom_1566815798186{margin-bottom: 30px !important;}&#8220;][vc_row_inner css=&#8220;.vc_custom_1566477115710{padding-bottom: 30px !important;}&#8220;][vc_column_inner width=&#8220;1\/4&#8243;][vc_single_image image=&#8220;18688&#8243; img_size=&#8220;full&#8220; add_caption=&#8220;yes&#8220; alignment=&#8220;center&#8220;][vc_single_image image=&#8220;18695&#8243; img_size=&#8220;full&#8220; add_caption=&#8220;yes&#8220; alignment=&#8220;center&#8220; css=&#8220;.vc_custom_1566827174597{margin-top: 30px !important;}&#8220;][\/vc_column_inner][vc_column_inner width=&#8220;3\/4&#8243;][vc_column_text]Die Firma\u00a0Raytech\u00a0mit Sitz [\u2026]\" \/>\n<meta property=\"og:url\" content=\"https:\/\/www.raytech.it\/de\/ueber-uns\" \/>\n<meta property=\"og:site_name\" content=\"Raytech\" \/>\n<meta property=\"article:publisher\" content=\"https:\/\/www.facebook.com\/RaytechItaly\" \/>\n<meta property=\"article:modified_time\" content=\"2019-08-26T13:08:56+00:00\" \/>\n<meta property=\"og:image\" content=\"https:\/\/www.raytech.it\/wp-content\/uploads\/logo_raytech.png\" \/>\n\t<meta property=\"og:image:width\" content=\"188\" \/>\n\t<meta property=\"og:image:height\" content=\"101\" \/>\n\t<meta property=\"og:image:type\" content=\"image\/png\" \/>\n<meta name=\"twitter:card\" content=\"summary_large_image\" \/>\n<meta name=\"twitter:label1\" content=\"Gesch\u00e4tzte Lesezeit\" \/>\n\t<meta name=\"twitter:data1\" content=\"1\u00a0Minute\" \/>\n<script type=\"application\/ld+json\" class=\"yoast-schema-graph\">{\"@context\":\"https:\/\/schema.org\",\"@graph\":[{\"@type\":\"WebPage\",\"@id\":\"https:\/\/www.raytech.it\/de\/ueber-uns\",\"url\":\"https:\/\/www.raytech.it\/de\/ueber-uns\",\"name\":\"\u00dcber uns | Raytech\",\"isPartOf\":{\"@id\":\"https:\/\/www.raytech.it\/#website\"},\"datePublished\":\"2015-01-12T15:41:57+00:00\",\"dateModified\":\"2019-08-26T13:08:56+00:00\",\"breadcrumb\":{\"@id\":\"https:\/\/www.raytech.it\/de\/ueber-uns#breadcrumb\"},\"inLanguage\":\"de\",\"potentialAction\":[{\"@type\":\"ReadAction\",\"target\":[\"https:\/\/www.raytech.it\/de\/ueber-uns\"]}]},{\"@type\":\"BreadcrumbList\",\"@id\":\"https:\/\/www.raytech.it\/de\/ueber-uns#breadcrumb\",\"itemListElement\":[{\"@type\":\"ListItem\",\"position\":1,\"name\":\"Home\",\"item\":\"https:\/\/www.raytech.it\/de\"},{\"@type\":\"ListItem\",\"position\":2,\"name\":\"\u00dcber uns\"}]},{\"@type\":\"WebSite\",\"@id\":\"https:\/\/www.raytech.it\/#website\",\"url\":\"https:\/\/www.raytech.it\/\",\"name\":\"Raytech\",\"description\":\"Cable accessories company\",\"publisher\":{\"@id\":\"https:\/\/www.raytech.it\/#organization\"},\"potentialAction\":[{\"@type\":\"SearchAction\",\"target\":{\"@type\":\"EntryPoint\",\"urlTemplate\":\"https:\/\/www.raytech.it\/?s={search_term_string}\"},\"query-input\":{\"@type\":\"PropertyValueSpecification\",\"valueRequired\":true,\"valueName\":\"search_term_string\"}}],\"inLanguage\":\"de\"},{\"@type\":\"Organization\",\"@id\":\"https:\/\/www.raytech.it\/#organization\",\"name\":\"Raytech\",\"url\":\"https:\/\/www.raytech.it\/\",\"logo\":{\"@type\":\"ImageObject\",\"inLanguage\":\"de\",\"@id\":\"https:\/\/www.raytech.it\/#\/schema\/logo\/image\/\",\"url\":\"https:\/\/www.raytech.it\/wp-content\/uploads\/logo-raytech-2019-retina-3.png\",\"contentUrl\":\"https:\/\/www.raytech.it\/wp-content\/uploads\/logo-raytech-2019-retina-3.png\",\"width\":340,\"height\":90,\"caption\":\"Raytech\"},\"image\":{\"@id\":\"https:\/\/www.raytech.it\/#\/schema\/logo\/image\/\"},\"sameAs\":[\"https:\/\/www.facebook.com\/RaytechItaly\",\"https:\/\/www.instagram.com\/raytech_italy\/\",\"https:\/\/www.youtube.com\/user\/raytechitaly\",\"https:\/\/twitter.com\/Raytech_Italy\"]}]}<\/script>\n<!-- \/ Yoast SEO plugin. -->","yoast_head_json":{"title":"\u00dcber uns | Raytech","robots":{"index":"index","follow":"follow","max-snippet":"max-snippet:-1","max-image-preview":"max-image-preview:large","max-video-preview":"max-video-preview:-1"},"canonical":"https:\/\/www.raytech.it\/de\/ueber-uns","og_locale":"de_DE","og_type":"article","og_title":"\u00dcber uns | Raytech","og_description":"[vc_row][vc_column][vc_custom_heading text=&#8220;Raytech, 25 Jahre Forschung und Entwicklung&#8220; font_container=&#8220;tag:h1|font_size:32px|text_align:left|color:%23e30613|line_height:38px&#8220; use_theme_fonts=&#8220;yes&#8220; css=&#8220;.vc_custom_1566815798186{margin-bottom: 30px !important;}&#8220;][vc_row_inner css=&#8220;.vc_custom_1566477115710{padding-bottom: 30px !important;}&#8220;][vc_column_inner width=&#8220;1\/4&#8243;][vc_single_image image=&#8220;18688&#8243; img_size=&#8220;full&#8220; add_caption=&#8220;yes&#8220; alignment=&#8220;center&#8220;][vc_single_image image=&#8220;18695&#8243; img_size=&#8220;full&#8220; add_caption=&#8220;yes&#8220; alignment=&#8220;center&#8220; css=&#8220;.vc_custom_1566827174597{margin-top: 30px !important;}&#8220;][\/vc_column_inner][vc_column_inner width=&#8220;3\/4&#8243;][vc_column_text]Die Firma\u00a0Raytech\u00a0mit Sitz [\u2026]","og_url":"https:\/\/www.raytech.it\/de\/ueber-uns","og_site_name":"Raytech","article_publisher":"https:\/\/www.facebook.com\/RaytechItaly","article_modified_time":"2019-08-26T13:08:56+00:00","og_image":[{"width":188,"height":101,"url":"https:\/\/www.raytech.it\/wp-content\/uploads\/logo_raytech.png","type":"image\/png"}],"twitter_card":"summary_large_image","twitter_misc":{"Gesch\u00e4tzte Lesezeit":"1\u00a0Minute"},"schema":{"@context":"https:\/\/schema.org","@graph":[{"@type":"WebPage","@id":"https:\/\/www.raytech.it\/de\/ueber-uns","url":"https:\/\/www.raytech.it\/de\/ueber-uns","name":"\u00dcber uns | Raytech","isPartOf":{"@id":"https:\/\/www.raytech.it\/#website"},"datePublished":"2015-01-12T15:41:57+00:00","dateModified":"2019-08-26T13:08:56+00:00","breadcrumb":{"@id":"https:\/\/www.raytech.it\/de\/ueber-uns#breadcrumb"},"inLanguage":"de","potentialAction":[{"@type":"ReadAction","target":["https:\/\/www.raytech.it\/de\/ueber-uns"]}]},{"@type":"BreadcrumbList","@id":"https:\/\/www.raytech.it\/de\/ueber-uns#breadcrumb","itemListElement":[{"@type":"ListItem","position":1,"name":"Home","item":"https:\/\/www.raytech.it\/de"},{"@type":"ListItem","position":2,"name":"\u00dcber uns"}]},{"@type":"WebSite","@id":"https:\/\/www.raytech.it\/#website","url":"https:\/\/www.raytech.it\/","name":"Raytech","description":"Cable accessories company","publisher":{"@id":"https:\/\/www.raytech.it\/#organization"},"potentialAction":[{"@type":"SearchAction","target":{"@type":"EntryPoint","urlTemplate":"https:\/\/www.raytech.it\/?s={search_term_string}"},"query-input":{"@type":"PropertyValueSpecification","valueRequired":true,"valueName":"search_term_string"}}],"inLanguage":"de"},{"@type":"Organization","@id":"https:\/\/www.raytech.it\/#organization","name":"Raytech","url":"https:\/\/www.raytech.it\/","logo":{"@type":"ImageObject","inLanguage":"de","@id":"https:\/\/www.raytech.it\/#\/schema\/logo\/image\/","url":"https:\/\/www.raytech.it\/wp-content\/uploads\/logo-raytech-2019-retina-3.png","contentUrl":"https:\/\/www.raytech.it\/wp-content\/uploads\/logo-raytech-2019-retina-3.png","width":340,"height":90,"caption":"Raytech"},"image":{"@id":"https:\/\/www.raytech.it\/#\/schema\/logo\/image\/"},"sameAs":["https:\/\/www.facebook.com\/RaytechItaly","https:\/\/www.instagram.com\/raytech_italy\/","https:\/\/www.youtube.com\/user\/raytechitaly","https:\/\/twitter.com\/Raytech_Italy"]}]}},"_links":{"self":[{"href":"https:\/\/www.raytech.it\/de\/wp-json\/wp\/v2\/pages\/7177","targetHints":{"allow":["GET"]}}],"collection":[{"href":"https:\/\/www.raytech.it\/de\/wp-json\/wp\/v2\/pages"}],"about":[{"href":"https:\/\/www.raytech.it\/de\/wp-json\/wp\/v2\/types\/page"}],"author":[{"embeddable":true,"href":"https:\/\/www.raytech.it\/de\/wp-json\/wp\/v2\/users\/1"}],"replies":[{"embeddable":true,"href":"https:\/\/www.raytech.it\/de\/wp-json\/wp\/v2\/comments?post=7177"}],"version-history":[{"count":0,"href":"https:\/\/www.raytech.it\/de\/wp-json\/wp\/v2\/pages\/7177\/revisions"}],"wp:attachment":[{"href":"https:\/\/www.raytech.it\/de\/wp-json\/wp\/v2\/media?parent=7177"}],"curies":[{"name":"wp","href":"https:\/\/api.w.org\/{rel}","templated":true}]}}