{"id":22597,"date":"2019-12-19T14:42:05","date_gmt":"2019-12-19T13:42:05","guid":{"rendered":"https:\/\/www.raytech.it\/?post_type=product&#038;p=22597"},"modified":"2019-12-19T14:57:27","modified_gmt":"2019-12-19T13:57:27","slug":"mca-box","status":"publish","type":"product","link":"https:\/\/www.raytech.it\/de\/produkt\/heizkabel\/zubehoer\/mca-box","title":{"rendered":"MCA BOX"},"content":{"rendered":"<h4>Mit Gel vorgef\u00fcllte Anschlussdose f\u00fcr Heizkabel.<\/h4>\n<p>Anschlussdosen f\u00fcr Verbindungen, auch mehrfach, zwischen Heizkabeln und zwischen<br \/>\nHeizkabeln sowie Versorgungskabeln. Sofort Einsatzbereit, vorgef\u00fcllt mit Gel, komplett<br \/>\nmit Anschlussklemme und Muttern. Die MCA Box gew\u00e4hrleistet eine Schutzart von IP68<br \/>\n\/ IP69K und sie ist ausgelegt f\u00fcr Versorgungskabel mit einem Durchmesser vom 8 bis 18<br \/>\nmm oder f\u00fcr die Verlegung von spannungsf\u00fchrenden Adern in Rohren mit Durchmessern<br \/>\nvon 16, 20, 25 and 32 mm.<br \/>\nDie MCA BOX ist f\u00fcr den Einsatz in Feuchtr\u00e4umen, in Bereichen mit viel Kondensation oder<br \/>\nmit \u00dcbeflutungsgefahr geeignet. Sie steht, um allen Installationanforderungen gerecht<br \/>\nzu werden, in einer Version mit 3 oder 4 Kabeleinf\u00fchrungen zur Verf\u00fcgung.<\/p>\n","protected":false},"excerpt":{"rendered":"<p>Mit Gel vorgef\u00fcllte Anschlussdose f\u00fcr Heizkabel. Anschlussdosen f\u00fcr Verbindungen, auch mehrfach, zwischen Heizkabeln und zwischen Heizkabeln sowie Versorgungskabeln. Sofort Einsatzbereit, vorgef\u00fcllt mit Gel, komplett mit Anschlussklemme und Muttern. Die MCA<span class=\"excerpt-hellip\"> [\u2026]<\/span><\/p>\n","protected":false},"featured_media":22607,"template":"","meta":[],"product_brand":[],"product_cat":[305,384],"product_tag":[],"class_list":{"0":"post-22597","1":"product","2":"type-product","3":"status-publish","4":"has-post-thumbnail","6":"product_cat-heizkabel","7":"product_cat-zubehoer","9":"first","10":"instock","11":"taxable","12":"shipping-taxable","13":"product-type-simple"},"yoast_head":"<!-- This site is optimized with the Yoast SEO plugin v26.5 - https:\/\/yoast.com\/wordpress\/plugins\/seo\/ -->\n<title>MCA BOX | Raytech<\/title>\n<meta name=\"robots\" content=\"index, follow, max-snippet:-1, max-image-preview:large, max-video-preview:-1\" \/>\n<link rel=\"canonical\" href=\"https:\/\/www.raytech.it\/de\/produkt\/heizkabel\/zubehoer\/mca-box\" \/>\n<meta property=\"og:locale\" content=\"de_DE\" \/>\n<meta property=\"og:type\" content=\"article\" \/>\n<meta property=\"og:title\" content=\"MCA BOX | Raytech\" \/>\n<meta property=\"og:description\" content=\"Mit Gel vorgef\u00fcllte Anschlussdose f\u00fcr Heizkabel. Anschlussdosen f\u00fcr Verbindungen, auch mehrfach, zwischen Heizkabeln und zwischen Heizkabeln sowie Versorgungskabeln. Sofort Einsatzbereit, vorgef\u00fcllt mit Gel, komplett mit Anschlussklemme und Muttern. Die MCA [\u2026]\" \/>\n<meta property=\"og:url\" content=\"https:\/\/www.raytech.it\/de\/produkt\/heizkabel\/zubehoer\/mca-box\" \/>\n<meta property=\"og:site_name\" content=\"Raytech\" \/>\n<meta property=\"article:publisher\" content=\"https:\/\/www.facebook.com\/RaytechItaly\" \/>\n<meta property=\"article:modified_time\" content=\"2019-12-19T13:57:27+00:00\" \/>\n<meta property=\"og:image\" content=\"https:\/\/www.raytech.it\/wp-content\/uploads\/mcabox-00.jpg\" \/>\n\t<meta property=\"og:image:width\" content=\"1024\" \/>\n\t<meta property=\"og:image:height\" content=\"1024\" \/>\n\t<meta property=\"og:image:type\" content=\"image\/jpeg\" \/>\n<meta name=\"twitter:card\" content=\"summary_large_image\" \/>\n<meta name=\"twitter:label1\" content=\"Gesch\u00e4tzte Lesezeit\" \/>\n\t<meta name=\"twitter:data1\" content=\"1\u00a0Minute\" \/>\n<script type=\"application\/ld+json\" class=\"yoast-schema-graph\">{\"@context\":\"https:\/\/schema.org\",\"@graph\":[{\"@type\":\"WebPage\",\"@id\":\"https:\/\/www.raytech.it\/de\/produkt\/heizkabel\/zubehoer\/mca-box\",\"url\":\"https:\/\/www.raytech.it\/de\/produkt\/heizkabel\/zubehoer\/mca-box\",\"name\":\"MCA BOX | Raytech\",\"isPartOf\":{\"@id\":\"https:\/\/www.raytech.it\/#website\"},\"primaryImageOfPage\":{\"@id\":\"https:\/\/www.raytech.it\/de\/produkt\/heizkabel\/zubehoer\/mca-box#primaryimage\"},\"image\":{\"@id\":\"https:\/\/www.raytech.it\/de\/produkt\/heizkabel\/zubehoer\/mca-box#primaryimage\"},\"thumbnailUrl\":\"https:\/\/www.raytech.it\/wp-content\/uploads\/mcabox-00.jpg\",\"datePublished\":\"2019-12-19T13:42:05+00:00\",\"dateModified\":\"2019-12-19T13:57:27+00:00\",\"breadcrumb\":{\"@id\":\"https:\/\/www.raytech.it\/de\/produkt\/heizkabel\/zubehoer\/mca-box#breadcrumb\"},\"inLanguage\":\"de\",\"potentialAction\":[{\"@type\":\"ReadAction\",\"target\":[\"https:\/\/www.raytech.it\/de\/produkt\/heizkabel\/zubehoer\/mca-box\"]}]},{\"@type\":\"ImageObject\",\"inLanguage\":\"de\",\"@id\":\"https:\/\/www.raytech.it\/de\/produkt\/heizkabel\/zubehoer\/mca-box#primaryimage\",\"url\":\"https:\/\/www.raytech.it\/wp-content\/uploads\/mcabox-00.jpg\",\"contentUrl\":\"https:\/\/www.raytech.it\/wp-content\/uploads\/mcabox-00.jpg\",\"width\":1024,\"height\":1024},{\"@type\":\"BreadcrumbList\",\"@id\":\"https:\/\/www.raytech.it\/de\/produkt\/heizkabel\/zubehoer\/mca-box#breadcrumb\",\"itemListElement\":[{\"@type\":\"ListItem\",\"position\":1,\"name\":\"Home\",\"item\":\"https:\/\/www.raytech.it\/de\"},{\"@type\":\"ListItem\",\"position\":2,\"name\":\"Shop\",\"item\":\"https:\/\/www.raytech.it\/de\/shop\"},{\"@type\":\"ListItem\",\"position\":3,\"name\":\"MCA BOX\"}]},{\"@type\":\"WebSite\",\"@id\":\"https:\/\/www.raytech.it\/#website\",\"url\":\"https:\/\/www.raytech.it\/\",\"name\":\"Raytech\",\"description\":\"Cable accessories company\",\"publisher\":{\"@id\":\"https:\/\/www.raytech.it\/#organization\"},\"potentialAction\":[{\"@type\":\"SearchAction\",\"target\":{\"@type\":\"EntryPoint\",\"urlTemplate\":\"https:\/\/www.raytech.it\/?s={search_term_string}\"},\"query-input\":{\"@type\":\"PropertyValueSpecification\",\"valueRequired\":true,\"valueName\":\"search_term_string\"}}],\"inLanguage\":\"de\"},{\"@type\":\"Organization\",\"@id\":\"https:\/\/www.raytech.it\/#organization\",\"name\":\"Raytech\",\"url\":\"https:\/\/www.raytech.it\/\",\"logo\":{\"@type\":\"ImageObject\",\"inLanguage\":\"de\",\"@id\":\"https:\/\/www.raytech.it\/#\/schema\/logo\/image\/\",\"url\":\"https:\/\/www.raytech.it\/wp-content\/uploads\/logo-raytech-2019-retina-3.png\",\"contentUrl\":\"https:\/\/www.raytech.it\/wp-content\/uploads\/logo-raytech-2019-retina-3.png\",\"width\":340,\"height\":90,\"caption\":\"Raytech\"},\"image\":{\"@id\":\"https:\/\/www.raytech.it\/#\/schema\/logo\/image\/\"},\"sameAs\":[\"https:\/\/www.facebook.com\/RaytechItaly\",\"https:\/\/www.instagram.com\/raytech_italy\/\",\"https:\/\/www.youtube.com\/user\/raytechitaly\",\"https:\/\/twitter.com\/Raytech_Italy\"]}]}<\/script>\n<!-- \/ Yoast SEO plugin. -->","yoast_head_json":{"title":"MCA BOX | Raytech","robots":{"index":"index","follow":"follow","max-snippet":"max-snippet:-1","max-image-preview":"max-image-preview:large","max-video-preview":"max-video-preview:-1"},"canonical":"https:\/\/www.raytech.it\/de\/produkt\/heizkabel\/zubehoer\/mca-box","og_locale":"de_DE","og_type":"article","og_title":"MCA BOX | Raytech","og_description":"Mit Gel vorgef\u00fcllte Anschlussdose f\u00fcr Heizkabel. Anschlussdosen f\u00fcr Verbindungen, auch mehrfach, zwischen Heizkabeln und zwischen Heizkabeln sowie Versorgungskabeln. Sofort Einsatzbereit, vorgef\u00fcllt mit Gel, komplett mit Anschlussklemme und Muttern. Die MCA [\u2026]","og_url":"https:\/\/www.raytech.it\/de\/produkt\/heizkabel\/zubehoer\/mca-box","og_site_name":"Raytech","article_publisher":"https:\/\/www.facebook.com\/RaytechItaly","article_modified_time":"2019-12-19T13:57:27+00:00","og_image":[{"width":1024,"height":1024,"url":"https:\/\/www.raytech.it\/wp-content\/uploads\/mcabox-00.jpg","type":"image\/jpeg"}],"twitter_card":"summary_large_image","twitter_misc":{"Gesch\u00e4tzte Lesezeit":"1\u00a0Minute"},"schema":{"@context":"https:\/\/schema.org","@graph":[{"@type":"WebPage","@id":"https:\/\/www.raytech.it\/de\/produkt\/heizkabel\/zubehoer\/mca-box","url":"https:\/\/www.raytech.it\/de\/produkt\/heizkabel\/zubehoer\/mca-box","name":"MCA BOX | Raytech","isPartOf":{"@id":"https:\/\/www.raytech.it\/#website"},"primaryImageOfPage":{"@id":"https:\/\/www.raytech.it\/de\/produkt\/heizkabel\/zubehoer\/mca-box#primaryimage"},"image":{"@id":"https:\/\/www.raytech.it\/de\/produkt\/heizkabel\/zubehoer\/mca-box#primaryimage"},"thumbnailUrl":"https:\/\/www.raytech.it\/wp-content\/uploads\/mcabox-00.jpg","datePublished":"2019-12-19T13:42:05+00:00","dateModified":"2019-12-19T13:57:27+00:00","breadcrumb":{"@id":"https:\/\/www.raytech.it\/de\/produkt\/heizkabel\/zubehoer\/mca-box#breadcrumb"},"inLanguage":"de","potentialAction":[{"@type":"ReadAction","target":["https:\/\/www.raytech.it\/de\/produkt\/heizkabel\/zubehoer\/mca-box"]}]},{"@type":"ImageObject","inLanguage":"de","@id":"https:\/\/www.raytech.it\/de\/produkt\/heizkabel\/zubehoer\/mca-box#primaryimage","url":"https:\/\/www.raytech.it\/wp-content\/uploads\/mcabox-00.jpg","contentUrl":"https:\/\/www.raytech.it\/wp-content\/uploads\/mcabox-00.jpg","width":1024,"height":1024},{"@type":"BreadcrumbList","@id":"https:\/\/www.raytech.it\/de\/produkt\/heizkabel\/zubehoer\/mca-box#breadcrumb","itemListElement":[{"@type":"ListItem","position":1,"name":"Home","item":"https:\/\/www.raytech.it\/de"},{"@type":"ListItem","position":2,"name":"Shop","item":"https:\/\/www.raytech.it\/de\/shop"},{"@type":"ListItem","position":3,"name":"MCA BOX"}]},{"@type":"WebSite","@id":"https:\/\/www.raytech.it\/#website","url":"https:\/\/www.raytech.it\/","name":"Raytech","description":"Cable accessories company","publisher":{"@id":"https:\/\/www.raytech.it\/#organization"},"potentialAction":[{"@type":"SearchAction","target":{"@type":"EntryPoint","urlTemplate":"https:\/\/www.raytech.it\/?s={search_term_string}"},"query-input":{"@type":"PropertyValueSpecification","valueRequired":true,"valueName":"search_term_string"}}],"inLanguage":"de"},{"@type":"Organization","@id":"https:\/\/www.raytech.it\/#organization","name":"Raytech","url":"https:\/\/www.raytech.it\/","logo":{"@type":"ImageObject","inLanguage":"de","@id":"https:\/\/www.raytech.it\/#\/schema\/logo\/image\/","url":"https:\/\/www.raytech.it\/wp-content\/uploads\/logo-raytech-2019-retina-3.png","contentUrl":"https:\/\/www.raytech.it\/wp-content\/uploads\/logo-raytech-2019-retina-3.png","width":340,"height":90,"caption":"Raytech"},"image":{"@id":"https:\/\/www.raytech.it\/#\/schema\/logo\/image\/"},"sameAs":["https:\/\/www.facebook.com\/RaytechItaly","https:\/\/www.instagram.com\/raytech_italy\/","https:\/\/www.youtube.com\/user\/raytechitaly","https:\/\/twitter.com\/Raytech_Italy"]}]}},"_links":{"self":[{"href":"https:\/\/www.raytech.it\/de\/wp-json\/wp\/v2\/product\/22597","targetHints":{"allow":["GET"]}}],"collection":[{"href":"https:\/\/www.raytech.it\/de\/wp-json\/wp\/v2\/product"}],"about":[{"href":"https:\/\/www.raytech.it\/de\/wp-json\/wp\/v2\/types\/product"}],"wp:featuredmedia":[{"embeddable":true,"href":"https:\/\/www.raytech.it\/de\/wp-json\/wp\/v2\/media\/22607"}],"wp:attachment":[{"href":"https:\/\/www.raytech.it\/de\/wp-json\/wp\/v2\/media?parent=22597"}],"wp:term":[{"taxonomy":"product_brand","embeddable":true,"href":"https:\/\/www.raytech.it\/de\/wp-json\/wp\/v2\/product_brand?post=22597"},{"taxonomy":"product_cat","embeddable":true,"href":"https:\/\/www.raytech.it\/de\/wp-json\/wp\/v2\/product_cat?post=22597"},{"taxonomy":"product_tag","embeddable":true,"href":"https:\/\/www.raytech.it\/de\/wp-json\/wp\/v2\/product_tag?post=22597"}],"curies":[{"name":"wp","href":"https:\/\/api.w.org\/{rel}","templated":true}]}}