{"id":36047,"date":"2024-10-09T08:48:22","date_gmt":"2024-10-09T07:48:22","guid":{"rendered":"https:\/\/www.raytech.it\/?post_type=product&#038;p=36047"},"modified":"2025-02-18T20:22:58","modified_gmt":"2025-02-18T19:22:58","slug":"solarcover","status":"publish","type":"product","link":"https:\/\/www.raytech.it\/de\/produkt\/erneuerbare-energien\/ip68-abdeckungen-fur-steckverbinder\/solarcover","title":{"rendered":"SolarCover"},"content":{"rendered":"<h4><span style=\"color: #008b33;\">Das extra dunkle Cover mit Gelfu\u0308llung zur Abdichtung von 4 bis 10 mm\u00b2 Steckverbindern fu\u0308r Solar- und Photovoltaikanlagen.<\/span><\/h4>\n<p>Verhindert die Sch\u00e4digung von Steckverbindern, bewahrt ihre Leistung im Laufe der Zeit und vermeidet schwierige und kostspielige Wartungsarbeiten. Best\u00e4ndig gegen UV-Licht, Korrosion und Eintauchen in Wasser, auch wenn es salzig oder gechlort ist. Gebrauchsfertig, schnell und stets u\u0308berpru\u0308fbar.<\/p>\n<ul>\n<li>Hergestellt aus Polypropylen UL 94-V2.<\/li>\n<li>\u00c4u\u00dferst widerstandsf\u00e4hig gegen Wasser, Korrosion und Frost.<\/li>\n<li>Komplett mit ungiftigem und sicherem Dichtungs-Silikonfu\u0308ller.<\/li>\n<li>Das ideale Zubeh\u00f6r fu\u0308r den Schutz von Kabelverbindungen fu\u0308r Solar- und Photovoltaikanlagen w\u00e4hrend der verschiedenen Jahreszeiten und den damit verbundenen Temperatur- und Witterungsschwankungen.<\/li>\n<li>Erm\u00f6glicht die Verringerung der Risiken durch Lichtb\u00f6gen und die daraus resultierende \u00dcberhitzung.<\/li>\n<\/ul>\n","protected":false},"excerpt":{"rendered":"<p>Das extra dunkle Cover mit Gelfu\u0308llung zur Abdichtung von 4 bis 10 mm\u00b2 Steckverbindern fu\u0308r Solar- und Photovoltaikanlagen. Verhindert die Sch\u00e4digung von Steckverbindern, bewahrt ihre Leistung im Laufe der Zeit<span class=\"excerpt-hellip\"> [\u2026]<\/span><\/p>\n","protected":false},"featured_media":36107,"template":"","meta":[],"product_brand":[],"product_cat":[1542,1543],"product_tag":[],"class_list":{"0":"post-36047","1":"product","2":"type-product","3":"status-publish","4":"has-post-thumbnail","6":"product_cat-erneuerbare-energien","7":"product_cat-ip68-abdeckungen-fur-steckverbinder","9":"first","10":"instock","11":"taxable","12":"shipping-taxable","13":"product-type-simple"},"yoast_head":"<!-- This site is optimized with the Yoast SEO plugin v26.5 - https:\/\/yoast.com\/wordpress\/plugins\/seo\/ -->\n<title>SolarCover | Raytech<\/title>\n<meta name=\"robots\" content=\"index, follow, max-snippet:-1, max-image-preview:large, max-video-preview:-1\" \/>\n<link rel=\"canonical\" href=\"https:\/\/www.raytech.it\/de\/produkt\/erneuerbare-energien\/ip68-abdeckungen-fur-steckverbinder\/solarcover\" \/>\n<meta property=\"og:locale\" content=\"de_DE\" \/>\n<meta property=\"og:type\" content=\"article\" \/>\n<meta property=\"og:title\" content=\"SolarCover | Raytech\" \/>\n<meta property=\"og:description\" content=\"Das extra dunkle Cover mit Gelfu\u0308llung zur Abdichtung von 4 bis 10 mm\u00b2 Steckverbindern fu\u0308r Solar- und Photovoltaikanlagen. Verhindert die Sch\u00e4digung von Steckverbindern, bewahrt ihre Leistung im Laufe der Zeit [\u2026]\" \/>\n<meta property=\"og:url\" content=\"https:\/\/www.raytech.it\/de\/produkt\/erneuerbare-energien\/ip68-abdeckungen-fur-steckverbinder\/solarcover\" \/>\n<meta property=\"og:site_name\" content=\"Raytech\" \/>\n<meta property=\"article:publisher\" content=\"https:\/\/www.facebook.com\/RaytechItaly\" \/>\n<meta property=\"article:modified_time\" content=\"2025-02-18T19:22:58+00:00\" \/>\n<meta property=\"og:image\" content=\"https:\/\/www.raytech.it\/wp-content\/uploads\/solarcover-installed.jpg\" \/>\n\t<meta property=\"og:image:width\" content=\"1024\" \/>\n\t<meta property=\"og:image:height\" content=\"1024\" \/>\n\t<meta property=\"og:image:type\" content=\"image\/jpeg\" \/>\n<meta name=\"twitter:card\" content=\"summary_large_image\" \/>\n<meta name=\"twitter:label1\" content=\"Gesch\u00e4tzte Lesezeit\" \/>\n\t<meta name=\"twitter:data1\" content=\"1\u00a0Minute\" \/>\n<script type=\"application\/ld+json\" class=\"yoast-schema-graph\">{\"@context\":\"https:\/\/schema.org\",\"@graph\":[{\"@type\":\"WebPage\",\"@id\":\"https:\/\/www.raytech.it\/de\/produkt\/erneuerbare-energien\/ip68-abdeckungen-fur-steckverbinder\/solarcover\",\"url\":\"https:\/\/www.raytech.it\/de\/produkt\/erneuerbare-energien\/ip68-abdeckungen-fur-steckverbinder\/solarcover\",\"name\":\"SolarCover | Raytech\",\"isPartOf\":{\"@id\":\"https:\/\/www.raytech.it\/#website\"},\"primaryImageOfPage\":{\"@id\":\"https:\/\/www.raytech.it\/de\/produkt\/erneuerbare-energien\/ip68-abdeckungen-fur-steckverbinder\/solarcover#primaryimage\"},\"image\":{\"@id\":\"https:\/\/www.raytech.it\/de\/produkt\/erneuerbare-energien\/ip68-abdeckungen-fur-steckverbinder\/solarcover#primaryimage\"},\"thumbnailUrl\":\"https:\/\/www.raytech.it\/wp-content\/uploads\/solarcover-installed.jpg\",\"datePublished\":\"2024-10-09T07:48:22+00:00\",\"dateModified\":\"2025-02-18T19:22:58+00:00\",\"breadcrumb\":{\"@id\":\"https:\/\/www.raytech.it\/de\/produkt\/erneuerbare-energien\/ip68-abdeckungen-fur-steckverbinder\/solarcover#breadcrumb\"},\"inLanguage\":\"de\",\"potentialAction\":[{\"@type\":\"ReadAction\",\"target\":[\"https:\/\/www.raytech.it\/de\/produkt\/erneuerbare-energien\/ip68-abdeckungen-fur-steckverbinder\/solarcover\"]}]},{\"@type\":\"ImageObject\",\"inLanguage\":\"de\",\"@id\":\"https:\/\/www.raytech.it\/de\/produkt\/erneuerbare-energien\/ip68-abdeckungen-fur-steckverbinder\/solarcover#primaryimage\",\"url\":\"https:\/\/www.raytech.it\/wp-content\/uploads\/solarcover-installed.jpg\",\"contentUrl\":\"https:\/\/www.raytech.it\/wp-content\/uploads\/solarcover-installed.jpg\",\"width\":1024,\"height\":1024},{\"@type\":\"BreadcrumbList\",\"@id\":\"https:\/\/www.raytech.it\/de\/produkt\/erneuerbare-energien\/ip68-abdeckungen-fur-steckverbinder\/solarcover#breadcrumb\",\"itemListElement\":[{\"@type\":\"ListItem\",\"position\":1,\"name\":\"Home\",\"item\":\"https:\/\/www.raytech.it\/de\"},{\"@type\":\"ListItem\",\"position\":2,\"name\":\"Shop\",\"item\":\"https:\/\/www.raytech.it\/de\/shop\"},{\"@type\":\"ListItem\",\"position\":3,\"name\":\"SolarCover\"}]},{\"@type\":\"WebSite\",\"@id\":\"https:\/\/www.raytech.it\/#website\",\"url\":\"https:\/\/www.raytech.it\/\",\"name\":\"Raytech\",\"description\":\"Cable accessories company\",\"publisher\":{\"@id\":\"https:\/\/www.raytech.it\/#organization\"},\"potentialAction\":[{\"@type\":\"SearchAction\",\"target\":{\"@type\":\"EntryPoint\",\"urlTemplate\":\"https:\/\/www.raytech.it\/?s={search_term_string}\"},\"query-input\":{\"@type\":\"PropertyValueSpecification\",\"valueRequired\":true,\"valueName\":\"search_term_string\"}}],\"inLanguage\":\"de\"},{\"@type\":\"Organization\",\"@id\":\"https:\/\/www.raytech.it\/#organization\",\"name\":\"Raytech\",\"url\":\"https:\/\/www.raytech.it\/\",\"logo\":{\"@type\":\"ImageObject\",\"inLanguage\":\"de\",\"@id\":\"https:\/\/www.raytech.it\/#\/schema\/logo\/image\/\",\"url\":\"https:\/\/www.raytech.it\/wp-content\/uploads\/logo-raytech-2019-retina-3.png\",\"contentUrl\":\"https:\/\/www.raytech.it\/wp-content\/uploads\/logo-raytech-2019-retina-3.png\",\"width\":340,\"height\":90,\"caption\":\"Raytech\"},\"image\":{\"@id\":\"https:\/\/www.raytech.it\/#\/schema\/logo\/image\/\"},\"sameAs\":[\"https:\/\/www.facebook.com\/RaytechItaly\",\"https:\/\/www.instagram.com\/raytech_italy\/\",\"https:\/\/www.youtube.com\/user\/raytechitaly\",\"https:\/\/twitter.com\/Raytech_Italy\"]}]}<\/script>\n<!-- \/ Yoast SEO plugin. -->","yoast_head_json":{"title":"SolarCover | Raytech","robots":{"index":"index","follow":"follow","max-snippet":"max-snippet:-1","max-image-preview":"max-image-preview:large","max-video-preview":"max-video-preview:-1"},"canonical":"https:\/\/www.raytech.it\/de\/produkt\/erneuerbare-energien\/ip68-abdeckungen-fur-steckverbinder\/solarcover","og_locale":"de_DE","og_type":"article","og_title":"SolarCover | Raytech","og_description":"Das extra dunkle Cover mit Gelfu\u0308llung zur Abdichtung von 4 bis 10 mm\u00b2 Steckverbindern fu\u0308r Solar- und Photovoltaikanlagen. Verhindert die Sch\u00e4digung von Steckverbindern, bewahrt ihre Leistung im Laufe der Zeit [\u2026]","og_url":"https:\/\/www.raytech.it\/de\/produkt\/erneuerbare-energien\/ip68-abdeckungen-fur-steckverbinder\/solarcover","og_site_name":"Raytech","article_publisher":"https:\/\/www.facebook.com\/RaytechItaly","article_modified_time":"2025-02-18T19:22:58+00:00","og_image":[{"width":1024,"height":1024,"url":"https:\/\/www.raytech.it\/wp-content\/uploads\/solarcover-installed.jpg","type":"image\/jpeg"}],"twitter_card":"summary_large_image","twitter_misc":{"Gesch\u00e4tzte Lesezeit":"1\u00a0Minute"},"schema":{"@context":"https:\/\/schema.org","@graph":[{"@type":"WebPage","@id":"https:\/\/www.raytech.it\/de\/produkt\/erneuerbare-energien\/ip68-abdeckungen-fur-steckverbinder\/solarcover","url":"https:\/\/www.raytech.it\/de\/produkt\/erneuerbare-energien\/ip68-abdeckungen-fur-steckverbinder\/solarcover","name":"SolarCover | Raytech","isPartOf":{"@id":"https:\/\/www.raytech.it\/#website"},"primaryImageOfPage":{"@id":"https:\/\/www.raytech.it\/de\/produkt\/erneuerbare-energien\/ip68-abdeckungen-fur-steckverbinder\/solarcover#primaryimage"},"image":{"@id":"https:\/\/www.raytech.it\/de\/produkt\/erneuerbare-energien\/ip68-abdeckungen-fur-steckverbinder\/solarcover#primaryimage"},"thumbnailUrl":"https:\/\/www.raytech.it\/wp-content\/uploads\/solarcover-installed.jpg","datePublished":"2024-10-09T07:48:22+00:00","dateModified":"2025-02-18T19:22:58+00:00","breadcrumb":{"@id":"https:\/\/www.raytech.it\/de\/produkt\/erneuerbare-energien\/ip68-abdeckungen-fur-steckverbinder\/solarcover#breadcrumb"},"inLanguage":"de","potentialAction":[{"@type":"ReadAction","target":["https:\/\/www.raytech.it\/de\/produkt\/erneuerbare-energien\/ip68-abdeckungen-fur-steckverbinder\/solarcover"]}]},{"@type":"ImageObject","inLanguage":"de","@id":"https:\/\/www.raytech.it\/de\/produkt\/erneuerbare-energien\/ip68-abdeckungen-fur-steckverbinder\/solarcover#primaryimage","url":"https:\/\/www.raytech.it\/wp-content\/uploads\/solarcover-installed.jpg","contentUrl":"https:\/\/www.raytech.it\/wp-content\/uploads\/solarcover-installed.jpg","width":1024,"height":1024},{"@type":"BreadcrumbList","@id":"https:\/\/www.raytech.it\/de\/produkt\/erneuerbare-energien\/ip68-abdeckungen-fur-steckverbinder\/solarcover#breadcrumb","itemListElement":[{"@type":"ListItem","position":1,"name":"Home","item":"https:\/\/www.raytech.it\/de"},{"@type":"ListItem","position":2,"name":"Shop","item":"https:\/\/www.raytech.it\/de\/shop"},{"@type":"ListItem","position":3,"name":"SolarCover"}]},{"@type":"WebSite","@id":"https:\/\/www.raytech.it\/#website","url":"https:\/\/www.raytech.it\/","name":"Raytech","description":"Cable accessories company","publisher":{"@id":"https:\/\/www.raytech.it\/#organization"},"potentialAction":[{"@type":"SearchAction","target":{"@type":"EntryPoint","urlTemplate":"https:\/\/www.raytech.it\/?s={search_term_string}"},"query-input":{"@type":"PropertyValueSpecification","valueRequired":true,"valueName":"search_term_string"}}],"inLanguage":"de"},{"@type":"Organization","@id":"https:\/\/www.raytech.it\/#organization","name":"Raytech","url":"https:\/\/www.raytech.it\/","logo":{"@type":"ImageObject","inLanguage":"de","@id":"https:\/\/www.raytech.it\/#\/schema\/logo\/image\/","url":"https:\/\/www.raytech.it\/wp-content\/uploads\/logo-raytech-2019-retina-3.png","contentUrl":"https:\/\/www.raytech.it\/wp-content\/uploads\/logo-raytech-2019-retina-3.png","width":340,"height":90,"caption":"Raytech"},"image":{"@id":"https:\/\/www.raytech.it\/#\/schema\/logo\/image\/"},"sameAs":["https:\/\/www.facebook.com\/RaytechItaly","https:\/\/www.instagram.com\/raytech_italy\/","https:\/\/www.youtube.com\/user\/raytechitaly","https:\/\/twitter.com\/Raytech_Italy"]}]}},"_links":{"self":[{"href":"https:\/\/www.raytech.it\/de\/wp-json\/wp\/v2\/product\/36047","targetHints":{"allow":["GET"]}}],"collection":[{"href":"https:\/\/www.raytech.it\/de\/wp-json\/wp\/v2\/product"}],"about":[{"href":"https:\/\/www.raytech.it\/de\/wp-json\/wp\/v2\/types\/product"}],"wp:featuredmedia":[{"embeddable":true,"href":"https:\/\/www.raytech.it\/de\/wp-json\/wp\/v2\/media\/36107"}],"wp:attachment":[{"href":"https:\/\/www.raytech.it\/de\/wp-json\/wp\/v2\/media?parent=36047"}],"wp:term":[{"taxonomy":"product_brand","embeddable":true,"href":"https:\/\/www.raytech.it\/de\/wp-json\/wp\/v2\/product_brand?post=36047"},{"taxonomy":"product_cat","embeddable":true,"href":"https:\/\/www.raytech.it\/de\/wp-json\/wp\/v2\/product_cat?post=36047"},{"taxonomy":"product_tag","embeddable":true,"href":"https:\/\/www.raytech.it\/de\/wp-json\/wp\/v2\/product_tag?post=36047"}],"curies":[{"name":"wp","href":"https:\/\/api.w.org\/{rel}","templated":true}]}}