{"id":6498,"date":"2015-07-15T10:18:23","date_gmt":"2015-12-18T10:58:23","guid":{"rendered":"https:\/\/www.raytech.it\/?post_type=product&#038;p=6498&#038;lang=de"},"modified":"2025-02-20T04:31:51","modified_gmt":"2025-02-20T03:31:51","slug":"king-joint","status":"publish","type":"product","link":"https:\/\/www.raytech.it\/de\/produkt\/niederspannung\/verbindungmuffe\/vorgefuellte-gel-verbindungsmuffe\/king-joint","title":{"rendered":"King Joint"},"content":{"rendered":"<h4><span style=\"color: #009832;\">Angebot an vorgef\u00fcllte Gel Verbindungsmuffe, gerade Typ und abgezweigt, f\u00fcr mehradrige Kabel 0,6\/1 kV mit bis 5 Adern<\/span><\/h4>\n<p>Die Hauptisolierung aus einem Gitter aus Polymergel und die besonders feste, isolierende Kunststoffh\u00fclle wird die Verbindungsmuffe gem\u00e4\u00df den Bestimmungen der Norm CEI 64-8 als Klasse 2 eingestuft. Die Muffe wurde gem\u00e4\u00df den wichtigsten internationalen mit wiederholten Biege- und Drehtests und unter Wasser gepr\u00fcft und wurde hinsichtlich der mechanischen, elektrischen Anforderungen sowie hin sichtlich der erfor derlichen Isolierung f\u00fcr Plastikkabelzubeh\u00f6r als konform erkl\u00e4rt. Die Verbindungsmuffen und ihre Zubeh\u00f6rteile sind unbegrenzt lagerf\u00e4hig, chemisch tr\u00e4ge und absolut sicher. Auch nach langer Betriebszeit sind die Muffen jederzeit wieder zug\u00e4nglich. Mit selbstl\u00f6schendem, flammhemmendem Material umh\u00fcll. F\u00fcr Kabel mit +90\u00b0C Betriebstemperatur geeignet.<\/p>\n<ul>\n<li><span style=\"color: #009832;\">F\u00fcr Kabel bis zu 5 Leitern<\/span><\/li>\n<li><span style=\"color: #009832;\">Zwischenst\u00fcck mit 5 Abschnitten f\u00fcr eine perfekte f\u00fcnfadrige Verbindung<\/span><\/li>\n<li><span style=\"color: #009832;\">Mit Schraubverbindern<\/span><\/li>\n<li><span style=\"color: #009832;\">F\u00fcr gerade und abgezweigte Verbindungen, auch armiert<\/span><\/li>\n<li><span style=\"color: #009832;\">F\u00fcr alle Gebrauchszwecke, auch unter Wasser<\/span><\/li>\n<li><span style=\"color: #009832;\">Wieder zug\u00e4nglich, kein Verfallsdatum<\/span><\/li>\n<li><span style=\"color: #009832;\">Flammhemmend<\/span><\/li>\n<li><span style=\"color: #009832;\">Ungiftig und sicher<\/span><\/li>\n<\/ul>\n","protected":false},"excerpt":{"rendered":"<p>Angebot an vorgef\u00fcllte Gel Verbindungsmuffe, gerade Typ und abgezweigt, f\u00fcr mehradrige Kabel 0,6\/1 kV mit bis 5 Adern Die Hauptisolierung aus einem Gitter aus Polymergel und die besonders feste, isolierende<span class=\"excerpt-hellip\"> [\u2026]<\/span><\/p>\n","protected":false},"featured_media":2812,"template":"","meta":[],"product_brand":[],"product_cat":[280,282,285],"product_tag":[],"class_list":{"0":"post-6498","1":"product","2":"type-product","3":"status-publish","4":"has-post-thumbnail","6":"product_cat-niederspannung","7":"product_cat-verbindungmuffe","8":"product_cat-vorgefuellte-gel-verbindungsmuffe","10":"first","11":"instock","12":"taxable","13":"shipping-taxable","14":"product-type-simple"},"yoast_head":"<!-- This site is optimized with the Yoast SEO plugin v26.5 - https:\/\/yoast.com\/wordpress\/plugins\/seo\/ -->\n<title>King Joint | Raytech<\/title>\n<meta name=\"robots\" content=\"index, follow, max-snippet:-1, max-image-preview:large, max-video-preview:-1\" \/>\n<link rel=\"canonical\" href=\"https:\/\/www.raytech.it\/de\/produkt\/niederspannung\/verbindungmuffe\/vorgefuellte-gel-verbindungsmuffe\/king-joint\" \/>\n<meta property=\"og:locale\" content=\"de_DE\" \/>\n<meta property=\"og:type\" content=\"article\" \/>\n<meta property=\"og:title\" content=\"King Joint | Raytech\" \/>\n<meta property=\"og:description\" content=\"Angebot an vorgef\u00fcllte Gel Verbindungsmuffe, gerade Typ und abgezweigt, f\u00fcr mehradrige Kabel 0,6\/1 kV mit bis 5 Adern Die Hauptisolierung aus einem Gitter aus Polymergel und die besonders feste, isolierende [\u2026]\" \/>\n<meta property=\"og:url\" content=\"https:\/\/www.raytech.it\/de\/produkt\/niederspannung\/verbindungmuffe\/vorgefuellte-gel-verbindungsmuffe\/king-joint\" \/>\n<meta property=\"og:site_name\" content=\"Raytech\" \/>\n<meta property=\"article:publisher\" content=\"https:\/\/www.facebook.com\/RaytechItaly\" \/>\n<meta property=\"article:modified_time\" content=\"2025-02-20T03:31:51+00:00\" \/>\n<meta property=\"og:image\" content=\"https:\/\/www.raytech.it\/wp-content\/uploads\/king-joint-1.jpg\" \/>\n\t<meta property=\"og:image:width\" content=\"1024\" \/>\n\t<meta property=\"og:image:height\" content=\"1024\" \/>\n\t<meta property=\"og:image:type\" content=\"image\/jpeg\" \/>\n<meta name=\"twitter:card\" content=\"summary_large_image\" \/>\n<meta name=\"twitter:label1\" content=\"Gesch\u00e4tzte Lesezeit\" \/>\n\t<meta name=\"twitter:data1\" content=\"1\u00a0Minute\" \/>\n<script type=\"application\/ld+json\" class=\"yoast-schema-graph\">{\"@context\":\"https:\/\/schema.org\",\"@graph\":[{\"@type\":\"WebPage\",\"@id\":\"https:\/\/www.raytech.it\/de\/produkt\/niederspannung\/verbindungmuffe\/vorgefuellte-gel-verbindungsmuffe\/king-joint\",\"url\":\"https:\/\/www.raytech.it\/de\/produkt\/niederspannung\/verbindungmuffe\/vorgefuellte-gel-verbindungsmuffe\/king-joint\",\"name\":\"King Joint | Raytech\",\"isPartOf\":{\"@id\":\"https:\/\/www.raytech.it\/#website\"},\"primaryImageOfPage\":{\"@id\":\"https:\/\/www.raytech.it\/de\/produkt\/niederspannung\/verbindungmuffe\/vorgefuellte-gel-verbindungsmuffe\/king-joint#primaryimage\"},\"image\":{\"@id\":\"https:\/\/www.raytech.it\/de\/produkt\/niederspannung\/verbindungmuffe\/vorgefuellte-gel-verbindungsmuffe\/king-joint#primaryimage\"},\"thumbnailUrl\":\"https:\/\/www.raytech.it\/wp-content\/uploads\/king-joint-1.jpg\",\"datePublished\":\"2015-12-18T10:58:23+00:00\",\"dateModified\":\"2025-02-20T03:31:51+00:00\",\"breadcrumb\":{\"@id\":\"https:\/\/www.raytech.it\/de\/produkt\/niederspannung\/verbindungmuffe\/vorgefuellte-gel-verbindungsmuffe\/king-joint#breadcrumb\"},\"inLanguage\":\"de\",\"potentialAction\":[{\"@type\":\"ReadAction\",\"target\":[\"https:\/\/www.raytech.it\/de\/produkt\/niederspannung\/verbindungmuffe\/vorgefuellte-gel-verbindungsmuffe\/king-joint\"]}]},{\"@type\":\"ImageObject\",\"inLanguage\":\"de\",\"@id\":\"https:\/\/www.raytech.it\/de\/produkt\/niederspannung\/verbindungmuffe\/vorgefuellte-gel-verbindungsmuffe\/king-joint#primaryimage\",\"url\":\"https:\/\/www.raytech.it\/wp-content\/uploads\/king-joint-1.jpg\",\"contentUrl\":\"https:\/\/www.raytech.it\/wp-content\/uploads\/king-joint-1.jpg\",\"width\":1024,\"height\":1024},{\"@type\":\"BreadcrumbList\",\"@id\":\"https:\/\/www.raytech.it\/de\/produkt\/niederspannung\/verbindungmuffe\/vorgefuellte-gel-verbindungsmuffe\/king-joint#breadcrumb\",\"itemListElement\":[{\"@type\":\"ListItem\",\"position\":1,\"name\":\"Home\",\"item\":\"https:\/\/www.raytech.it\/de\"},{\"@type\":\"ListItem\",\"position\":2,\"name\":\"Shop\",\"item\":\"https:\/\/www.raytech.it\/de\/shop\"},{\"@type\":\"ListItem\",\"position\":3,\"name\":\"King Joint\"}]},{\"@type\":\"WebSite\",\"@id\":\"https:\/\/www.raytech.it\/#website\",\"url\":\"https:\/\/www.raytech.it\/\",\"name\":\"Raytech\",\"description\":\"Cable accessories company\",\"publisher\":{\"@id\":\"https:\/\/www.raytech.it\/#organization\"},\"potentialAction\":[{\"@type\":\"SearchAction\",\"target\":{\"@type\":\"EntryPoint\",\"urlTemplate\":\"https:\/\/www.raytech.it\/?s={search_term_string}\"},\"query-input\":{\"@type\":\"PropertyValueSpecification\",\"valueRequired\":true,\"valueName\":\"search_term_string\"}}],\"inLanguage\":\"de\"},{\"@type\":\"Organization\",\"@id\":\"https:\/\/www.raytech.it\/#organization\",\"name\":\"Raytech\",\"url\":\"https:\/\/www.raytech.it\/\",\"logo\":{\"@type\":\"ImageObject\",\"inLanguage\":\"de\",\"@id\":\"https:\/\/www.raytech.it\/#\/schema\/logo\/image\/\",\"url\":\"https:\/\/www.raytech.it\/wp-content\/uploads\/logo-raytech-2019-retina-3.png\",\"contentUrl\":\"https:\/\/www.raytech.it\/wp-content\/uploads\/logo-raytech-2019-retina-3.png\",\"width\":340,\"height\":90,\"caption\":\"Raytech\"},\"image\":{\"@id\":\"https:\/\/www.raytech.it\/#\/schema\/logo\/image\/\"},\"sameAs\":[\"https:\/\/www.facebook.com\/RaytechItaly\",\"https:\/\/www.instagram.com\/raytech_italy\/\",\"https:\/\/www.youtube.com\/user\/raytechitaly\",\"https:\/\/twitter.com\/Raytech_Italy\"]}]}<\/script>\n<!-- \/ Yoast SEO plugin. -->","yoast_head_json":{"title":"King Joint | Raytech","robots":{"index":"index","follow":"follow","max-snippet":"max-snippet:-1","max-image-preview":"max-image-preview:large","max-video-preview":"max-video-preview:-1"},"canonical":"https:\/\/www.raytech.it\/de\/produkt\/niederspannung\/verbindungmuffe\/vorgefuellte-gel-verbindungsmuffe\/king-joint","og_locale":"de_DE","og_type":"article","og_title":"King Joint | Raytech","og_description":"Angebot an vorgef\u00fcllte Gel Verbindungsmuffe, gerade Typ und abgezweigt, f\u00fcr mehradrige Kabel 0,6\/1 kV mit bis 5 Adern Die Hauptisolierung aus einem Gitter aus Polymergel und die besonders feste, isolierende [\u2026]","og_url":"https:\/\/www.raytech.it\/de\/produkt\/niederspannung\/verbindungmuffe\/vorgefuellte-gel-verbindungsmuffe\/king-joint","og_site_name":"Raytech","article_publisher":"https:\/\/www.facebook.com\/RaytechItaly","article_modified_time":"2025-02-20T03:31:51+00:00","og_image":[{"width":1024,"height":1024,"url":"https:\/\/www.raytech.it\/wp-content\/uploads\/king-joint-1.jpg","type":"image\/jpeg"}],"twitter_card":"summary_large_image","twitter_misc":{"Gesch\u00e4tzte Lesezeit":"1\u00a0Minute"},"schema":{"@context":"https:\/\/schema.org","@graph":[{"@type":"WebPage","@id":"https:\/\/www.raytech.it\/de\/produkt\/niederspannung\/verbindungmuffe\/vorgefuellte-gel-verbindungsmuffe\/king-joint","url":"https:\/\/www.raytech.it\/de\/produkt\/niederspannung\/verbindungmuffe\/vorgefuellte-gel-verbindungsmuffe\/king-joint","name":"King Joint | Raytech","isPartOf":{"@id":"https:\/\/www.raytech.it\/#website"},"primaryImageOfPage":{"@id":"https:\/\/www.raytech.it\/de\/produkt\/niederspannung\/verbindungmuffe\/vorgefuellte-gel-verbindungsmuffe\/king-joint#primaryimage"},"image":{"@id":"https:\/\/www.raytech.it\/de\/produkt\/niederspannung\/verbindungmuffe\/vorgefuellte-gel-verbindungsmuffe\/king-joint#primaryimage"},"thumbnailUrl":"https:\/\/www.raytech.it\/wp-content\/uploads\/king-joint-1.jpg","datePublished":"2015-12-18T10:58:23+00:00","dateModified":"2025-02-20T03:31:51+00:00","breadcrumb":{"@id":"https:\/\/www.raytech.it\/de\/produkt\/niederspannung\/verbindungmuffe\/vorgefuellte-gel-verbindungsmuffe\/king-joint#breadcrumb"},"inLanguage":"de","potentialAction":[{"@type":"ReadAction","target":["https:\/\/www.raytech.it\/de\/produkt\/niederspannung\/verbindungmuffe\/vorgefuellte-gel-verbindungsmuffe\/king-joint"]}]},{"@type":"ImageObject","inLanguage":"de","@id":"https:\/\/www.raytech.it\/de\/produkt\/niederspannung\/verbindungmuffe\/vorgefuellte-gel-verbindungsmuffe\/king-joint#primaryimage","url":"https:\/\/www.raytech.it\/wp-content\/uploads\/king-joint-1.jpg","contentUrl":"https:\/\/www.raytech.it\/wp-content\/uploads\/king-joint-1.jpg","width":1024,"height":1024},{"@type":"BreadcrumbList","@id":"https:\/\/www.raytech.it\/de\/produkt\/niederspannung\/verbindungmuffe\/vorgefuellte-gel-verbindungsmuffe\/king-joint#breadcrumb","itemListElement":[{"@type":"ListItem","position":1,"name":"Home","item":"https:\/\/www.raytech.it\/de"},{"@type":"ListItem","position":2,"name":"Shop","item":"https:\/\/www.raytech.it\/de\/shop"},{"@type":"ListItem","position":3,"name":"King Joint"}]},{"@type":"WebSite","@id":"https:\/\/www.raytech.it\/#website","url":"https:\/\/www.raytech.it\/","name":"Raytech","description":"Cable accessories company","publisher":{"@id":"https:\/\/www.raytech.it\/#organization"},"potentialAction":[{"@type":"SearchAction","target":{"@type":"EntryPoint","urlTemplate":"https:\/\/www.raytech.it\/?s={search_term_string}"},"query-input":{"@type":"PropertyValueSpecification","valueRequired":true,"valueName":"search_term_string"}}],"inLanguage":"de"},{"@type":"Organization","@id":"https:\/\/www.raytech.it\/#organization","name":"Raytech","url":"https:\/\/www.raytech.it\/","logo":{"@type":"ImageObject","inLanguage":"de","@id":"https:\/\/www.raytech.it\/#\/schema\/logo\/image\/","url":"https:\/\/www.raytech.it\/wp-content\/uploads\/logo-raytech-2019-retina-3.png","contentUrl":"https:\/\/www.raytech.it\/wp-content\/uploads\/logo-raytech-2019-retina-3.png","width":340,"height":90,"caption":"Raytech"},"image":{"@id":"https:\/\/www.raytech.it\/#\/schema\/logo\/image\/"},"sameAs":["https:\/\/www.facebook.com\/RaytechItaly","https:\/\/www.instagram.com\/raytech_italy\/","https:\/\/www.youtube.com\/user\/raytechitaly","https:\/\/twitter.com\/Raytech_Italy"]}]}},"_links":{"self":[{"href":"https:\/\/www.raytech.it\/de\/wp-json\/wp\/v2\/product\/6498","targetHints":{"allow":["GET"]}}],"collection":[{"href":"https:\/\/www.raytech.it\/de\/wp-json\/wp\/v2\/product"}],"about":[{"href":"https:\/\/www.raytech.it\/de\/wp-json\/wp\/v2\/types\/product"}],"wp:featuredmedia":[{"embeddable":true,"href":"https:\/\/www.raytech.it\/de\/wp-json\/wp\/v2\/media\/2812"}],"wp:attachment":[{"href":"https:\/\/www.raytech.it\/de\/wp-json\/wp\/v2\/media?parent=6498"}],"wp:term":[{"taxonomy":"product_brand","embeddable":true,"href":"https:\/\/www.raytech.it\/de\/wp-json\/wp\/v2\/product_brand?post=6498"},{"taxonomy":"product_cat","embeddable":true,"href":"https:\/\/www.raytech.it\/de\/wp-json\/wp\/v2\/product_cat?post=6498"},{"taxonomy":"product_tag","embeddable":true,"href":"https:\/\/www.raytech.it\/de\/wp-json\/wp\/v2\/product_tag?post=6498"}],"curies":[{"name":"wp","href":"https:\/\/api.w.org\/{rel}","templated":true}]}}