{"id":6509,"date":"2015-07-15T13:01:33","date_gmt":"2015-12-18T11:39:08","guid":{"rendered":"https:\/\/www.raytech.it\/?post_type=product&#038;p=6509&#038;lang=de"},"modified":"2025-02-20T04:34:11","modified_gmt":"2025-02-20T03:34:11","slug":"magic-power-joint","status":"publish","type":"product","link":"https:\/\/www.raytech.it\/de\/produkt\/niederspannung\/verbindungmuffe\/zum-vergiessen\/magic-power-joint","title":{"rendered":"Magic Power Joint"},"content":{"rendered":"<h4><span style=\"color: #009832;\">Gerade oder abgezweigerte Verbindung mit F\u00fcllmittel vom Typ MagicPowerGel f\u00fcr Kabel mit extrudierter Isolierung bis 1 kV<\/span><\/h4>\n<p>Verbinder f\u00fcr extrudierte Kabel F(R)G7OR 0.6\/1 kV. Sie sind leicht zu installieren und bestehen aus zwei Halbschalen aus bruchsicherem Kunststoff, die mit ungiftiger, schnell vernetzender Zweikomponenten-Isolierung vom Typ Magic Power Gel zu bef\u00fcllen sind. Geeignet f\u00fcr die Installation in Senkgruben, Kan\u00e4len oder direkt in der Erde oder unter Wasser. Sie sind ungiftig, sicher, leicht und zug\u00e4nglich und dank der Weichheit der Isolierung in der Lage, externe St\u00f6\u00dfe abzufangen, ohne dass Risse oder Br\u00fcche entstehen; die extrem klebrige und weiche Beschaffenheit erm\u00f6glicht die \u00dcbertragung des Wasserdrucks und somit die Verlegung selbst in gro\u00dfen Tiefen.<\/p>\n<ul>\n<li><span style=\"color: #009832;\">Die Verbindung ist zug\u00e4nglich und inspektionierbar<\/span><\/li>\n<li><span style=\"color: #009832;\">Soliert mit <strong>Magic Power Gel<\/strong> dem innovativen selbstbindenden Gel in der Monoflasche<\/span><\/li>\n<li><span style=\"color: #009832;\">Auch f\u00fcr Installationen unter schweren Bedingungen und in gro\u00dfen Tiefen!<\/span><\/li>\n<li><span style=\"color: #009832;\">Haftend und versiegelnd<\/span><\/li>\n<li><span style=\"color: #009832;\">Ungiftig und sicher<\/span><\/li>\n<li><span style=\"color: #009832;\">Unbegrenzt lagerf\u00e4hig<\/span><\/li>\n<\/ul>\n","protected":false},"excerpt":{"rendered":"<p>Gerade oder abgezweigerte Verbindung mit F\u00fcllmittel vom Typ MagicPowerGel f\u00fcr Kabel mit extrudierter Isolierung bis 1 kV Verbinder f\u00fcr extrudierte Kabel F(R)G7OR 0.6\/1 kV. Sie sind leicht zu installieren und<span class=\"excerpt-hellip\"> [\u2026]<\/span><\/p>\n","protected":false},"featured_media":3159,"template":"","meta":[],"product_brand":[],"product_cat":[280,282,284],"product_tag":[],"class_list":{"0":"post-6509","1":"product","2":"type-product","3":"status-publish","4":"has-post-thumbnail","6":"product_cat-niederspannung","7":"product_cat-verbindungmuffe","8":"product_cat-zum-vergiessen","10":"first","11":"instock","12":"taxable","13":"shipping-taxable","14":"product-type-simple"},"yoast_head":"<!-- This site is optimized with the Yoast SEO plugin v26.5 - https:\/\/yoast.com\/wordpress\/plugins\/seo\/ -->\n<title>Magic Power Joint | Raytech<\/title>\n<meta name=\"robots\" content=\"index, follow, max-snippet:-1, max-image-preview:large, max-video-preview:-1\" \/>\n<link rel=\"canonical\" href=\"https:\/\/www.raytech.it\/de\/produkt\/niederspannung\/verbindungmuffe\/zum-vergiessen\/magic-power-joint\" \/>\n<meta property=\"og:locale\" content=\"de_DE\" \/>\n<meta property=\"og:type\" content=\"article\" \/>\n<meta property=\"og:title\" content=\"Magic Power Joint | Raytech\" \/>\n<meta property=\"og:description\" content=\"Gerade oder abgezweigerte Verbindung mit F\u00fcllmittel vom Typ MagicPowerGel f\u00fcr Kabel mit extrudierter Isolierung bis 1 kV Verbinder f\u00fcr extrudierte Kabel F(R)G7OR 0.6\/1 kV. Sie sind leicht zu installieren und [\u2026]\" \/>\n<meta property=\"og:url\" content=\"https:\/\/www.raytech.it\/de\/produkt\/niederspannung\/verbindungmuffe\/zum-vergiessen\/magic-power-joint\" \/>\n<meta property=\"og:site_name\" content=\"Raytech\" \/>\n<meta property=\"article:publisher\" content=\"https:\/\/www.facebook.com\/RaytechItaly\" \/>\n<meta property=\"article:modified_time\" content=\"2025-02-20T03:34:11+00:00\" \/>\n<meta property=\"og:image\" content=\"https:\/\/www.raytech.it\/wp-content\/uploads\/magic-power-joint-1.jpg\" \/>\n\t<meta property=\"og:image:width\" content=\"1024\" \/>\n\t<meta property=\"og:image:height\" content=\"1024\" \/>\n\t<meta property=\"og:image:type\" content=\"image\/jpeg\" \/>\n<meta name=\"twitter:card\" content=\"summary_large_image\" \/>\n<meta name=\"twitter:label1\" content=\"Gesch\u00e4tzte Lesezeit\" \/>\n\t<meta name=\"twitter:data1\" content=\"1\u00a0Minute\" \/>\n<script type=\"application\/ld+json\" class=\"yoast-schema-graph\">{\"@context\":\"https:\/\/schema.org\",\"@graph\":[{\"@type\":\"WebPage\",\"@id\":\"https:\/\/www.raytech.it\/de\/produkt\/niederspannung\/verbindungmuffe\/zum-vergiessen\/magic-power-joint\",\"url\":\"https:\/\/www.raytech.it\/de\/produkt\/niederspannung\/verbindungmuffe\/zum-vergiessen\/magic-power-joint\",\"name\":\"Magic Power Joint | Raytech\",\"isPartOf\":{\"@id\":\"https:\/\/www.raytech.it\/#website\"},\"primaryImageOfPage\":{\"@id\":\"https:\/\/www.raytech.it\/de\/produkt\/niederspannung\/verbindungmuffe\/zum-vergiessen\/magic-power-joint#primaryimage\"},\"image\":{\"@id\":\"https:\/\/www.raytech.it\/de\/produkt\/niederspannung\/verbindungmuffe\/zum-vergiessen\/magic-power-joint#primaryimage\"},\"thumbnailUrl\":\"https:\/\/www.raytech.it\/wp-content\/uploads\/magic-power-joint-1.jpg\",\"datePublished\":\"2015-12-18T11:39:08+00:00\",\"dateModified\":\"2025-02-20T03:34:11+00:00\",\"breadcrumb\":{\"@id\":\"https:\/\/www.raytech.it\/de\/produkt\/niederspannung\/verbindungmuffe\/zum-vergiessen\/magic-power-joint#breadcrumb\"},\"inLanguage\":\"de\",\"potentialAction\":[{\"@type\":\"ReadAction\",\"target\":[\"https:\/\/www.raytech.it\/de\/produkt\/niederspannung\/verbindungmuffe\/zum-vergiessen\/magic-power-joint\"]}]},{\"@type\":\"ImageObject\",\"inLanguage\":\"de\",\"@id\":\"https:\/\/www.raytech.it\/de\/produkt\/niederspannung\/verbindungmuffe\/zum-vergiessen\/magic-power-joint#primaryimage\",\"url\":\"https:\/\/www.raytech.it\/wp-content\/uploads\/magic-power-joint-1.jpg\",\"contentUrl\":\"https:\/\/www.raytech.it\/wp-content\/uploads\/magic-power-joint-1.jpg\",\"width\":1024,\"height\":1024},{\"@type\":\"BreadcrumbList\",\"@id\":\"https:\/\/www.raytech.it\/de\/produkt\/niederspannung\/verbindungmuffe\/zum-vergiessen\/magic-power-joint#breadcrumb\",\"itemListElement\":[{\"@type\":\"ListItem\",\"position\":1,\"name\":\"Home\",\"item\":\"https:\/\/www.raytech.it\/de\"},{\"@type\":\"ListItem\",\"position\":2,\"name\":\"Shop\",\"item\":\"https:\/\/www.raytech.it\/de\/shop\"},{\"@type\":\"ListItem\",\"position\":3,\"name\":\"Magic Power Joint\"}]},{\"@type\":\"WebSite\",\"@id\":\"https:\/\/www.raytech.it\/#website\",\"url\":\"https:\/\/www.raytech.it\/\",\"name\":\"Raytech\",\"description\":\"Cable accessories company\",\"publisher\":{\"@id\":\"https:\/\/www.raytech.it\/#organization\"},\"potentialAction\":[{\"@type\":\"SearchAction\",\"target\":{\"@type\":\"EntryPoint\",\"urlTemplate\":\"https:\/\/www.raytech.it\/?s={search_term_string}\"},\"query-input\":{\"@type\":\"PropertyValueSpecification\",\"valueRequired\":true,\"valueName\":\"search_term_string\"}}],\"inLanguage\":\"de\"},{\"@type\":\"Organization\",\"@id\":\"https:\/\/www.raytech.it\/#organization\",\"name\":\"Raytech\",\"url\":\"https:\/\/www.raytech.it\/\",\"logo\":{\"@type\":\"ImageObject\",\"inLanguage\":\"de\",\"@id\":\"https:\/\/www.raytech.it\/#\/schema\/logo\/image\/\",\"url\":\"https:\/\/www.raytech.it\/wp-content\/uploads\/logo-raytech-2019-retina-3.png\",\"contentUrl\":\"https:\/\/www.raytech.it\/wp-content\/uploads\/logo-raytech-2019-retina-3.png\",\"width\":340,\"height\":90,\"caption\":\"Raytech\"},\"image\":{\"@id\":\"https:\/\/www.raytech.it\/#\/schema\/logo\/image\/\"},\"sameAs\":[\"https:\/\/www.facebook.com\/RaytechItaly\",\"https:\/\/www.instagram.com\/raytech_italy\/\",\"https:\/\/www.youtube.com\/user\/raytechitaly\",\"https:\/\/twitter.com\/Raytech_Italy\"]}]}<\/script>\n<!-- \/ Yoast SEO plugin. -->","yoast_head_json":{"title":"Magic Power Joint | Raytech","robots":{"index":"index","follow":"follow","max-snippet":"max-snippet:-1","max-image-preview":"max-image-preview:large","max-video-preview":"max-video-preview:-1"},"canonical":"https:\/\/www.raytech.it\/de\/produkt\/niederspannung\/verbindungmuffe\/zum-vergiessen\/magic-power-joint","og_locale":"de_DE","og_type":"article","og_title":"Magic Power Joint | Raytech","og_description":"Gerade oder abgezweigerte Verbindung mit F\u00fcllmittel vom Typ MagicPowerGel f\u00fcr Kabel mit extrudierter Isolierung bis 1 kV Verbinder f\u00fcr extrudierte Kabel F(R)G7OR 0.6\/1 kV. Sie sind leicht zu installieren und [\u2026]","og_url":"https:\/\/www.raytech.it\/de\/produkt\/niederspannung\/verbindungmuffe\/zum-vergiessen\/magic-power-joint","og_site_name":"Raytech","article_publisher":"https:\/\/www.facebook.com\/RaytechItaly","article_modified_time":"2025-02-20T03:34:11+00:00","og_image":[{"width":1024,"height":1024,"url":"https:\/\/www.raytech.it\/wp-content\/uploads\/magic-power-joint-1.jpg","type":"image\/jpeg"}],"twitter_card":"summary_large_image","twitter_misc":{"Gesch\u00e4tzte Lesezeit":"1\u00a0Minute"},"schema":{"@context":"https:\/\/schema.org","@graph":[{"@type":"WebPage","@id":"https:\/\/www.raytech.it\/de\/produkt\/niederspannung\/verbindungmuffe\/zum-vergiessen\/magic-power-joint","url":"https:\/\/www.raytech.it\/de\/produkt\/niederspannung\/verbindungmuffe\/zum-vergiessen\/magic-power-joint","name":"Magic Power Joint | Raytech","isPartOf":{"@id":"https:\/\/www.raytech.it\/#website"},"primaryImageOfPage":{"@id":"https:\/\/www.raytech.it\/de\/produkt\/niederspannung\/verbindungmuffe\/zum-vergiessen\/magic-power-joint#primaryimage"},"image":{"@id":"https:\/\/www.raytech.it\/de\/produkt\/niederspannung\/verbindungmuffe\/zum-vergiessen\/magic-power-joint#primaryimage"},"thumbnailUrl":"https:\/\/www.raytech.it\/wp-content\/uploads\/magic-power-joint-1.jpg","datePublished":"2015-12-18T11:39:08+00:00","dateModified":"2025-02-20T03:34:11+00:00","breadcrumb":{"@id":"https:\/\/www.raytech.it\/de\/produkt\/niederspannung\/verbindungmuffe\/zum-vergiessen\/magic-power-joint#breadcrumb"},"inLanguage":"de","potentialAction":[{"@type":"ReadAction","target":["https:\/\/www.raytech.it\/de\/produkt\/niederspannung\/verbindungmuffe\/zum-vergiessen\/magic-power-joint"]}]},{"@type":"ImageObject","inLanguage":"de","@id":"https:\/\/www.raytech.it\/de\/produkt\/niederspannung\/verbindungmuffe\/zum-vergiessen\/magic-power-joint#primaryimage","url":"https:\/\/www.raytech.it\/wp-content\/uploads\/magic-power-joint-1.jpg","contentUrl":"https:\/\/www.raytech.it\/wp-content\/uploads\/magic-power-joint-1.jpg","width":1024,"height":1024},{"@type":"BreadcrumbList","@id":"https:\/\/www.raytech.it\/de\/produkt\/niederspannung\/verbindungmuffe\/zum-vergiessen\/magic-power-joint#breadcrumb","itemListElement":[{"@type":"ListItem","position":1,"name":"Home","item":"https:\/\/www.raytech.it\/de"},{"@type":"ListItem","position":2,"name":"Shop","item":"https:\/\/www.raytech.it\/de\/shop"},{"@type":"ListItem","position":3,"name":"Magic Power Joint"}]},{"@type":"WebSite","@id":"https:\/\/www.raytech.it\/#website","url":"https:\/\/www.raytech.it\/","name":"Raytech","description":"Cable accessories company","publisher":{"@id":"https:\/\/www.raytech.it\/#organization"},"potentialAction":[{"@type":"SearchAction","target":{"@type":"EntryPoint","urlTemplate":"https:\/\/www.raytech.it\/?s={search_term_string}"},"query-input":{"@type":"PropertyValueSpecification","valueRequired":true,"valueName":"search_term_string"}}],"inLanguage":"de"},{"@type":"Organization","@id":"https:\/\/www.raytech.it\/#organization","name":"Raytech","url":"https:\/\/www.raytech.it\/","logo":{"@type":"ImageObject","inLanguage":"de","@id":"https:\/\/www.raytech.it\/#\/schema\/logo\/image\/","url":"https:\/\/www.raytech.it\/wp-content\/uploads\/logo-raytech-2019-retina-3.png","contentUrl":"https:\/\/www.raytech.it\/wp-content\/uploads\/logo-raytech-2019-retina-3.png","width":340,"height":90,"caption":"Raytech"},"image":{"@id":"https:\/\/www.raytech.it\/#\/schema\/logo\/image\/"},"sameAs":["https:\/\/www.facebook.com\/RaytechItaly","https:\/\/www.instagram.com\/raytech_italy\/","https:\/\/www.youtube.com\/user\/raytechitaly","https:\/\/twitter.com\/Raytech_Italy"]}]}},"_links":{"self":[{"href":"https:\/\/www.raytech.it\/de\/wp-json\/wp\/v2\/product\/6509","targetHints":{"allow":["GET"]}}],"collection":[{"href":"https:\/\/www.raytech.it\/de\/wp-json\/wp\/v2\/product"}],"about":[{"href":"https:\/\/www.raytech.it\/de\/wp-json\/wp\/v2\/types\/product"}],"wp:featuredmedia":[{"embeddable":true,"href":"https:\/\/www.raytech.it\/de\/wp-json\/wp\/v2\/media\/3159"}],"wp:attachment":[{"href":"https:\/\/www.raytech.it\/de\/wp-json\/wp\/v2\/media?parent=6509"}],"wp:term":[{"taxonomy":"product_brand","embeddable":true,"href":"https:\/\/www.raytech.it\/de\/wp-json\/wp\/v2\/product_brand?post=6509"},{"taxonomy":"product_cat","embeddable":true,"href":"https:\/\/www.raytech.it\/de\/wp-json\/wp\/v2\/product_cat?post=6509"},{"taxonomy":"product_tag","embeddable":true,"href":"https:\/\/www.raytech.it\/de\/wp-json\/wp\/v2\/product_tag?post=6509"}],"curies":[{"name":"wp","href":"https:\/\/api.w.org\/{rel}","templated":true}]}}