{"id":6512,"date":"2015-07-15T13:19:21","date_gmt":"2015-12-18T11:51:19","guid":{"rendered":"https:\/\/www.raytech.it\/?post_type=product&#038;p=6512&#038;lang=de"},"modified":"2025-02-20T04:34:30","modified_gmt":"2025-02-20T03:34:30","slug":"rubber-joint","status":"publish","type":"product","link":"https:\/\/www.raytech.it\/de\/produkt\/niederspannung\/verbindungmuffe\/zum-vergiessen\/rubber-joint","title":{"rendered":"Rubber Joint"},"content":{"rendered":"<h4><span style=\"color: #009832;\">Gerade oder abgezweigerte Verbindungen mit Zweikomponenten-Isolierung aus schnell vernetzendem gegossenem Gummi f\u00fcr Kabel 0,6\/1 kV<\/span><\/h4>\n<p>Mit der neuen Isolierung Magic Rubber, die von Raytech f\u00fcr die Kabel 0,6\/1 kV entwickelt wurde, ist eine neue Linie von Zubeh\u00f6r mit \u00fcberragenden mechanischen, nichtleitenden und thermischen Eigenschaften entstanden. Die neue Linie zeichnet sich durch absolute Ungiftigkeit, Zug\u00e4nglichkeit auch nach langen Betriebszeiten, Abwesenheit von Exothermie w\u00e4hrend der Vernetzung, eine extrem schnelle Inbetriebnahme sowie eine unbegrenzte Haltbarkeit aus.<\/p>\n<p>Beachtlich sind ferner die besonders geringen Emissionen von giftigen und korrosiven Rauchgasen. Dank der au\u00dfergew\u00f6hnlichen mechanischen Eigenschaften sind diese Verbinder besonders f\u00fcr die Verlegung in Senkgruben oder Kabelkan\u00e4len geeignet, wo auch nach den Verlegungsarbeiten oder im Fall von starken Abrasionen oder bei mechanischen Belastungen, die von den normalen Parametern f\u00fcr Verlegung und Betrieb abweichen, die M\u00f6glichkeit der Bewegungsfreiheit der Kabel gew\u00e4hrleistet wird.<\/p>\n<ul>\n<li><span style=\"color: #009832;\">Schnell vernetzender Gummi (nur 15 Minuten)<\/span><\/li>\n<li><span style=\"color: #009832;\">\u00dcberragende mechanische und elastische Eigenschaften<\/span><\/li>\n<li><span style=\"color: #009832;\">F\u00fcr extrudierte Kabel 0,6\/1 kV<\/span><\/li>\n<li><span style=\"color: #009832;\">Unbegrenzt lagerf\u00e4hig<\/span><\/li>\n<\/ul>\n","protected":false},"excerpt":{"rendered":"<p>Gerade oder abgezweigerte Verbindungen mit Zweikomponenten-Isolierung aus schnell vernetzendem gegossenem Gummi f\u00fcr Kabel 0,6\/1 kV Mit der neuen Isolierung Magic Rubber, die von Raytech f\u00fcr die Kabel 0,6\/1 kV entwickelt<span class=\"excerpt-hellip\"> [\u2026]<\/span><\/p>\n","protected":false},"featured_media":3686,"template":"","meta":[],"product_brand":[],"product_cat":[280,282,284],"product_tag":[],"class_list":{"0":"post-6512","1":"product","2":"type-product","3":"status-publish","4":"has-post-thumbnail","6":"product_cat-niederspannung","7":"product_cat-verbindungmuffe","8":"product_cat-zum-vergiessen","10":"first","11":"instock","12":"taxable","13":"shipping-taxable","14":"product-type-simple"},"yoast_head":"<!-- This site is optimized with the Yoast SEO plugin v26.5 - https:\/\/yoast.com\/wordpress\/plugins\/seo\/ -->\n<title>Rubber Joint | Raytech<\/title>\n<meta name=\"robots\" content=\"index, follow, max-snippet:-1, max-image-preview:large, max-video-preview:-1\" \/>\n<link rel=\"canonical\" href=\"https:\/\/www.raytech.it\/de\/produkt\/niederspannung\/verbindungmuffe\/zum-vergiessen\/rubber-joint\" \/>\n<meta property=\"og:locale\" content=\"de_DE\" \/>\n<meta property=\"og:type\" content=\"article\" \/>\n<meta property=\"og:title\" content=\"Rubber Joint | Raytech\" \/>\n<meta property=\"og:description\" content=\"Gerade oder abgezweigerte Verbindungen mit Zweikomponenten-Isolierung aus schnell vernetzendem gegossenem Gummi f\u00fcr Kabel 0,6\/1 kV Mit der neuen Isolierung Magic Rubber, die von Raytech f\u00fcr die Kabel 0,6\/1 kV entwickelt [\u2026]\" \/>\n<meta property=\"og:url\" content=\"https:\/\/www.raytech.it\/de\/produkt\/niederspannung\/verbindungmuffe\/zum-vergiessen\/rubber-joint\" \/>\n<meta property=\"og:site_name\" content=\"Raytech\" \/>\n<meta property=\"article:publisher\" content=\"https:\/\/www.facebook.com\/RaytechItaly\" \/>\n<meta property=\"article:modified_time\" content=\"2025-02-20T03:34:30+00:00\" \/>\n<meta property=\"og:image\" content=\"https:\/\/www.raytech.it\/wp-content\/uploads\/rubber-joint-1.jpg\" \/>\n\t<meta property=\"og:image:width\" content=\"1024\" \/>\n\t<meta property=\"og:image:height\" content=\"1024\" \/>\n\t<meta property=\"og:image:type\" content=\"image\/jpeg\" \/>\n<meta name=\"twitter:card\" content=\"summary_large_image\" \/>\n<meta name=\"twitter:label1\" content=\"Gesch\u00e4tzte Lesezeit\" \/>\n\t<meta name=\"twitter:data1\" content=\"1\u00a0Minute\" \/>\n<script type=\"application\/ld+json\" class=\"yoast-schema-graph\">{\"@context\":\"https:\/\/schema.org\",\"@graph\":[{\"@type\":\"WebPage\",\"@id\":\"https:\/\/www.raytech.it\/de\/produkt\/niederspannung\/verbindungmuffe\/zum-vergiessen\/rubber-joint\",\"url\":\"https:\/\/www.raytech.it\/de\/produkt\/niederspannung\/verbindungmuffe\/zum-vergiessen\/rubber-joint\",\"name\":\"Rubber Joint | Raytech\",\"isPartOf\":{\"@id\":\"https:\/\/www.raytech.it\/#website\"},\"primaryImageOfPage\":{\"@id\":\"https:\/\/www.raytech.it\/de\/produkt\/niederspannung\/verbindungmuffe\/zum-vergiessen\/rubber-joint#primaryimage\"},\"image\":{\"@id\":\"https:\/\/www.raytech.it\/de\/produkt\/niederspannung\/verbindungmuffe\/zum-vergiessen\/rubber-joint#primaryimage\"},\"thumbnailUrl\":\"https:\/\/www.raytech.it\/wp-content\/uploads\/rubber-joint-1.jpg\",\"datePublished\":\"2015-12-18T11:51:19+00:00\",\"dateModified\":\"2025-02-20T03:34:30+00:00\",\"breadcrumb\":{\"@id\":\"https:\/\/www.raytech.it\/de\/produkt\/niederspannung\/verbindungmuffe\/zum-vergiessen\/rubber-joint#breadcrumb\"},\"inLanguage\":\"de\",\"potentialAction\":[{\"@type\":\"ReadAction\",\"target\":[\"https:\/\/www.raytech.it\/de\/produkt\/niederspannung\/verbindungmuffe\/zum-vergiessen\/rubber-joint\"]}]},{\"@type\":\"ImageObject\",\"inLanguage\":\"de\",\"@id\":\"https:\/\/www.raytech.it\/de\/produkt\/niederspannung\/verbindungmuffe\/zum-vergiessen\/rubber-joint#primaryimage\",\"url\":\"https:\/\/www.raytech.it\/wp-content\/uploads\/rubber-joint-1.jpg\",\"contentUrl\":\"https:\/\/www.raytech.it\/wp-content\/uploads\/rubber-joint-1.jpg\",\"width\":1024,\"height\":1024},{\"@type\":\"BreadcrumbList\",\"@id\":\"https:\/\/www.raytech.it\/de\/produkt\/niederspannung\/verbindungmuffe\/zum-vergiessen\/rubber-joint#breadcrumb\",\"itemListElement\":[{\"@type\":\"ListItem\",\"position\":1,\"name\":\"Home\",\"item\":\"https:\/\/www.raytech.it\/de\"},{\"@type\":\"ListItem\",\"position\":2,\"name\":\"Shop\",\"item\":\"https:\/\/www.raytech.it\/de\/shop\"},{\"@type\":\"ListItem\",\"position\":3,\"name\":\"Rubber Joint\"}]},{\"@type\":\"WebSite\",\"@id\":\"https:\/\/www.raytech.it\/#website\",\"url\":\"https:\/\/www.raytech.it\/\",\"name\":\"Raytech\",\"description\":\"Cable accessories company\",\"publisher\":{\"@id\":\"https:\/\/www.raytech.it\/#organization\"},\"potentialAction\":[{\"@type\":\"SearchAction\",\"target\":{\"@type\":\"EntryPoint\",\"urlTemplate\":\"https:\/\/www.raytech.it\/?s={search_term_string}\"},\"query-input\":{\"@type\":\"PropertyValueSpecification\",\"valueRequired\":true,\"valueName\":\"search_term_string\"}}],\"inLanguage\":\"de\"},{\"@type\":\"Organization\",\"@id\":\"https:\/\/www.raytech.it\/#organization\",\"name\":\"Raytech\",\"url\":\"https:\/\/www.raytech.it\/\",\"logo\":{\"@type\":\"ImageObject\",\"inLanguage\":\"de\",\"@id\":\"https:\/\/www.raytech.it\/#\/schema\/logo\/image\/\",\"url\":\"https:\/\/www.raytech.it\/wp-content\/uploads\/logo-raytech-2019-retina-3.png\",\"contentUrl\":\"https:\/\/www.raytech.it\/wp-content\/uploads\/logo-raytech-2019-retina-3.png\",\"width\":340,\"height\":90,\"caption\":\"Raytech\"},\"image\":{\"@id\":\"https:\/\/www.raytech.it\/#\/schema\/logo\/image\/\"},\"sameAs\":[\"https:\/\/www.facebook.com\/RaytechItaly\",\"https:\/\/www.instagram.com\/raytech_italy\/\",\"https:\/\/www.youtube.com\/user\/raytechitaly\",\"https:\/\/twitter.com\/Raytech_Italy\"]}]}<\/script>\n<!-- \/ Yoast SEO plugin. -->","yoast_head_json":{"title":"Rubber Joint | Raytech","robots":{"index":"index","follow":"follow","max-snippet":"max-snippet:-1","max-image-preview":"max-image-preview:large","max-video-preview":"max-video-preview:-1"},"canonical":"https:\/\/www.raytech.it\/de\/produkt\/niederspannung\/verbindungmuffe\/zum-vergiessen\/rubber-joint","og_locale":"de_DE","og_type":"article","og_title":"Rubber Joint | Raytech","og_description":"Gerade oder abgezweigerte Verbindungen mit Zweikomponenten-Isolierung aus schnell vernetzendem gegossenem Gummi f\u00fcr Kabel 0,6\/1 kV Mit der neuen Isolierung Magic Rubber, die von Raytech f\u00fcr die Kabel 0,6\/1 kV entwickelt [\u2026]","og_url":"https:\/\/www.raytech.it\/de\/produkt\/niederspannung\/verbindungmuffe\/zum-vergiessen\/rubber-joint","og_site_name":"Raytech","article_publisher":"https:\/\/www.facebook.com\/RaytechItaly","article_modified_time":"2025-02-20T03:34:30+00:00","og_image":[{"width":1024,"height":1024,"url":"https:\/\/www.raytech.it\/wp-content\/uploads\/rubber-joint-1.jpg","type":"image\/jpeg"}],"twitter_card":"summary_large_image","twitter_misc":{"Gesch\u00e4tzte Lesezeit":"1\u00a0Minute"},"schema":{"@context":"https:\/\/schema.org","@graph":[{"@type":"WebPage","@id":"https:\/\/www.raytech.it\/de\/produkt\/niederspannung\/verbindungmuffe\/zum-vergiessen\/rubber-joint","url":"https:\/\/www.raytech.it\/de\/produkt\/niederspannung\/verbindungmuffe\/zum-vergiessen\/rubber-joint","name":"Rubber Joint | Raytech","isPartOf":{"@id":"https:\/\/www.raytech.it\/#website"},"primaryImageOfPage":{"@id":"https:\/\/www.raytech.it\/de\/produkt\/niederspannung\/verbindungmuffe\/zum-vergiessen\/rubber-joint#primaryimage"},"image":{"@id":"https:\/\/www.raytech.it\/de\/produkt\/niederspannung\/verbindungmuffe\/zum-vergiessen\/rubber-joint#primaryimage"},"thumbnailUrl":"https:\/\/www.raytech.it\/wp-content\/uploads\/rubber-joint-1.jpg","datePublished":"2015-12-18T11:51:19+00:00","dateModified":"2025-02-20T03:34:30+00:00","breadcrumb":{"@id":"https:\/\/www.raytech.it\/de\/produkt\/niederspannung\/verbindungmuffe\/zum-vergiessen\/rubber-joint#breadcrumb"},"inLanguage":"de","potentialAction":[{"@type":"ReadAction","target":["https:\/\/www.raytech.it\/de\/produkt\/niederspannung\/verbindungmuffe\/zum-vergiessen\/rubber-joint"]}]},{"@type":"ImageObject","inLanguage":"de","@id":"https:\/\/www.raytech.it\/de\/produkt\/niederspannung\/verbindungmuffe\/zum-vergiessen\/rubber-joint#primaryimage","url":"https:\/\/www.raytech.it\/wp-content\/uploads\/rubber-joint-1.jpg","contentUrl":"https:\/\/www.raytech.it\/wp-content\/uploads\/rubber-joint-1.jpg","width":1024,"height":1024},{"@type":"BreadcrumbList","@id":"https:\/\/www.raytech.it\/de\/produkt\/niederspannung\/verbindungmuffe\/zum-vergiessen\/rubber-joint#breadcrumb","itemListElement":[{"@type":"ListItem","position":1,"name":"Home","item":"https:\/\/www.raytech.it\/de"},{"@type":"ListItem","position":2,"name":"Shop","item":"https:\/\/www.raytech.it\/de\/shop"},{"@type":"ListItem","position":3,"name":"Rubber Joint"}]},{"@type":"WebSite","@id":"https:\/\/www.raytech.it\/#website","url":"https:\/\/www.raytech.it\/","name":"Raytech","description":"Cable accessories company","publisher":{"@id":"https:\/\/www.raytech.it\/#organization"},"potentialAction":[{"@type":"SearchAction","target":{"@type":"EntryPoint","urlTemplate":"https:\/\/www.raytech.it\/?s={search_term_string}"},"query-input":{"@type":"PropertyValueSpecification","valueRequired":true,"valueName":"search_term_string"}}],"inLanguage":"de"},{"@type":"Organization","@id":"https:\/\/www.raytech.it\/#organization","name":"Raytech","url":"https:\/\/www.raytech.it\/","logo":{"@type":"ImageObject","inLanguage":"de","@id":"https:\/\/www.raytech.it\/#\/schema\/logo\/image\/","url":"https:\/\/www.raytech.it\/wp-content\/uploads\/logo-raytech-2019-retina-3.png","contentUrl":"https:\/\/www.raytech.it\/wp-content\/uploads\/logo-raytech-2019-retina-3.png","width":340,"height":90,"caption":"Raytech"},"image":{"@id":"https:\/\/www.raytech.it\/#\/schema\/logo\/image\/"},"sameAs":["https:\/\/www.facebook.com\/RaytechItaly","https:\/\/www.instagram.com\/raytech_italy\/","https:\/\/www.youtube.com\/user\/raytechitaly","https:\/\/twitter.com\/Raytech_Italy"]}]}},"_links":{"self":[{"href":"https:\/\/www.raytech.it\/de\/wp-json\/wp\/v2\/product\/6512","targetHints":{"allow":["GET"]}}],"collection":[{"href":"https:\/\/www.raytech.it\/de\/wp-json\/wp\/v2\/product"}],"about":[{"href":"https:\/\/www.raytech.it\/de\/wp-json\/wp\/v2\/types\/product"}],"wp:featuredmedia":[{"embeddable":true,"href":"https:\/\/www.raytech.it\/de\/wp-json\/wp\/v2\/media\/3686"}],"wp:attachment":[{"href":"https:\/\/www.raytech.it\/de\/wp-json\/wp\/v2\/media?parent=6512"}],"wp:term":[{"taxonomy":"product_brand","embeddable":true,"href":"https:\/\/www.raytech.it\/de\/wp-json\/wp\/v2\/product_brand?post=6512"},{"taxonomy":"product_cat","embeddable":true,"href":"https:\/\/www.raytech.it\/de\/wp-json\/wp\/v2\/product_cat?post=6512"},{"taxonomy":"product_tag","embeddable":true,"href":"https:\/\/www.raytech.it\/de\/wp-json\/wp\/v2\/product_tag?post=6512"}],"curies":[{"name":"wp","href":"https:\/\/api.w.org\/{rel}","templated":true}]}}