{"id":6514,"date":"2015-07-15T13:33:14","date_gmt":"2015-12-18T11:54:05","guid":{"rendered":"https:\/\/www.raytech.it\/?post_type=product&#038;p=6514&#038;lang=de"},"modified":"2025-02-20T03:13:47","modified_gmt":"2025-02-20T02:13:47","slug":"wonder-joint","status":"publish","type":"product","link":"https:\/\/www.raytech.it\/de\/produkt\/niederspannung\/verbindungmuffe\/wonder-joint","title":{"rendered":"Wonder Joint"},"content":{"rendered":"<h4><span style=\"color: #009832;\">Gerade oder abgezweigerte Verbindung mit F\u00fcllmittel vom Typ Wonder Fluid, einspritzbares Einkomponenten-Isoliermittel, sofort einsatzbereit und installierbar bei jeder Temperatur<\/span><\/h4>\n<p>Die Verbindung ist mit Einspritzventil versehen: Nach Einsetzen der Kartusche in die Pistole wird die T\u00fclle stabil in das Ventil eingesetzt und es wird so viel Gel eingespritzt, bis der Verbinder ganz bef\u00fcllt ist. Das Ventil an der H\u00fclle verhindert das Austreten des Isoliermittels und gew\u00e4hrleistet so perfekte Sauberkeit und Zuverl\u00e4ssigkeit, Ohne besondere Werkzeuge installierbar: Es wird nur eine normale Silikonpistole ben\u00f6tigt.<\/p>\n<ul>\n<li><span style=\"color: #009832;\">Solierte Verbindung mit <em><strong>Wonder Fluid<\/strong><\/em>, dem fl\u00fcssigen Einkomponenten-Gel<\/span><\/li>\n<li><span style=\"color: #009832;\">Sauber in der Installation, zug\u00e4nglich und inspektionierbar<\/span><\/li>\n<li><span style=\"color: #009832;\">Die H\u00fclle ist mit R\u00fcckschlagventil versehen<\/span><\/li>\n<li><span style=\"color: #009832;\">Kann sofort Energie f\u00fchren<\/span><\/li>\n<li><span style=\"color: #009832;\">Geeignet auch f\u00fcr gro\u00dfe Tiefen<\/span><\/li>\n<li><span style=\"color: #009832;\">Ungiftig und unbegrenzt lagerf\u00e4hig<\/span><\/li>\n<\/ul>\n","protected":false},"excerpt":{"rendered":"<p>Gerade oder abgezweigerte Verbindung mit F\u00fcllmittel vom Typ Wonder Fluid, einspritzbares Einkomponenten-Isoliermittel, sofort einsatzbereit und installierbar bei jeder Temperatur Die Verbindung ist mit Einspritzventil versehen: Nach Einsetzen der Kartusche in<span class=\"excerpt-hellip\"> [\u2026]<\/span><\/p>\n","protected":false},"featured_media":3888,"template":"","meta":[],"product_brand":[],"product_cat":[280,282],"product_tag":[],"class_list":{"0":"post-6514","1":"product","2":"type-product","3":"status-publish","4":"has-post-thumbnail","6":"product_cat-niederspannung","7":"product_cat-verbindungmuffe","9":"first","10":"instock","11":"taxable","12":"shipping-taxable","13":"product-type-simple"},"yoast_head":"<!-- This site is optimized with the Yoast SEO plugin v26.5 - https:\/\/yoast.com\/wordpress\/plugins\/seo\/ -->\n<title>Wonder Joint | Raytech<\/title>\n<meta name=\"robots\" content=\"index, follow, max-snippet:-1, max-image-preview:large, max-video-preview:-1\" \/>\n<link rel=\"canonical\" href=\"https:\/\/www.raytech.it\/de\/produkt\/niederspannung\/verbindungmuffe\/zum-injektion\/wonder-joint\" \/>\n<meta property=\"og:locale\" content=\"de_DE\" \/>\n<meta property=\"og:type\" content=\"article\" \/>\n<meta property=\"og:title\" content=\"Wonder Joint | Raytech\" \/>\n<meta property=\"og:description\" content=\"Gerade oder abgezweigerte Verbindung mit F\u00fcllmittel vom Typ Wonder Fluid, einspritzbares Einkomponenten-Isoliermittel, sofort einsatzbereit und installierbar bei jeder Temperatur Die Verbindung ist mit Einspritzventil versehen: Nach Einsetzen der Kartusche in [\u2026]\" \/>\n<meta property=\"og:url\" content=\"https:\/\/www.raytech.it\/de\/produkt\/niederspannung\/verbindungmuffe\/zum-injektion\/wonder-joint\" \/>\n<meta property=\"og:site_name\" content=\"Raytech\" \/>\n<meta property=\"article:publisher\" content=\"https:\/\/www.facebook.com\/RaytechItaly\" \/>\n<meta property=\"article:modified_time\" content=\"2025-02-20T02:13:47+00:00\" \/>\n<meta property=\"og:image\" content=\"https:\/\/www.raytech.it\/wp-content\/uploads\/wonder-joint-3.jpg\" \/>\n\t<meta property=\"og:image:width\" content=\"1024\" \/>\n\t<meta property=\"og:image:height\" content=\"1024\" \/>\n\t<meta property=\"og:image:type\" content=\"image\/jpeg\" \/>\n<meta name=\"twitter:card\" content=\"summary_large_image\" \/>\n<meta name=\"twitter:label1\" content=\"Gesch\u00e4tzte Lesezeit\" \/>\n\t<meta name=\"twitter:data1\" content=\"1\u00a0Minute\" \/>\n<script type=\"application\/ld+json\" class=\"yoast-schema-graph\">{\"@context\":\"https:\/\/schema.org\",\"@graph\":[{\"@type\":\"WebPage\",\"@id\":\"https:\/\/www.raytech.it\/de\/produkt\/niederspannung\/verbindungmuffe\/zum-injektion\/wonder-joint\",\"url\":\"https:\/\/www.raytech.it\/de\/produkt\/niederspannung\/verbindungmuffe\/zum-injektion\/wonder-joint\",\"name\":\"Wonder Joint | Raytech\",\"isPartOf\":{\"@id\":\"https:\/\/www.raytech.it\/#website\"},\"primaryImageOfPage\":{\"@id\":\"https:\/\/www.raytech.it\/de\/produkt\/niederspannung\/verbindungmuffe\/zum-injektion\/wonder-joint#primaryimage\"},\"image\":{\"@id\":\"https:\/\/www.raytech.it\/de\/produkt\/niederspannung\/verbindungmuffe\/zum-injektion\/wonder-joint#primaryimage\"},\"thumbnailUrl\":\"https:\/\/www.raytech.it\/wp-content\/uploads\/wonder-joint-3.jpg\",\"datePublished\":\"2015-12-18T11:54:05+00:00\",\"dateModified\":\"2025-02-20T02:13:47+00:00\",\"breadcrumb\":{\"@id\":\"https:\/\/www.raytech.it\/de\/produkt\/niederspannung\/verbindungmuffe\/zum-injektion\/wonder-joint#breadcrumb\"},\"inLanguage\":\"de\",\"potentialAction\":[{\"@type\":\"ReadAction\",\"target\":[\"https:\/\/www.raytech.it\/de\/produkt\/niederspannung\/verbindungmuffe\/zum-injektion\/wonder-joint\"]}]},{\"@type\":\"ImageObject\",\"inLanguage\":\"de\",\"@id\":\"https:\/\/www.raytech.it\/de\/produkt\/niederspannung\/verbindungmuffe\/zum-injektion\/wonder-joint#primaryimage\",\"url\":\"https:\/\/www.raytech.it\/wp-content\/uploads\/wonder-joint-3.jpg\",\"contentUrl\":\"https:\/\/www.raytech.it\/wp-content\/uploads\/wonder-joint-3.jpg\",\"width\":1024,\"height\":1024},{\"@type\":\"BreadcrumbList\",\"@id\":\"https:\/\/www.raytech.it\/de\/produkt\/niederspannung\/verbindungmuffe\/zum-injektion\/wonder-joint#breadcrumb\",\"itemListElement\":[{\"@type\":\"ListItem\",\"position\":1,\"name\":\"Home\",\"item\":\"https:\/\/www.raytech.it\/de\"},{\"@type\":\"ListItem\",\"position\":2,\"name\":\"Shop\",\"item\":\"https:\/\/www.raytech.it\/de\/shop\"},{\"@type\":\"ListItem\",\"position\":3,\"name\":\"Wonder Joint\"}]},{\"@type\":\"WebSite\",\"@id\":\"https:\/\/www.raytech.it\/#website\",\"url\":\"https:\/\/www.raytech.it\/\",\"name\":\"Raytech\",\"description\":\"Cable accessories company\",\"publisher\":{\"@id\":\"https:\/\/www.raytech.it\/#organization\"},\"potentialAction\":[{\"@type\":\"SearchAction\",\"target\":{\"@type\":\"EntryPoint\",\"urlTemplate\":\"https:\/\/www.raytech.it\/?s={search_term_string}\"},\"query-input\":{\"@type\":\"PropertyValueSpecification\",\"valueRequired\":true,\"valueName\":\"search_term_string\"}}],\"inLanguage\":\"de\"},{\"@type\":\"Organization\",\"@id\":\"https:\/\/www.raytech.it\/#organization\",\"name\":\"Raytech\",\"url\":\"https:\/\/www.raytech.it\/\",\"logo\":{\"@type\":\"ImageObject\",\"inLanguage\":\"de\",\"@id\":\"https:\/\/www.raytech.it\/#\/schema\/logo\/image\/\",\"url\":\"https:\/\/www.raytech.it\/wp-content\/uploads\/logo-raytech-2019-retina-3.png\",\"contentUrl\":\"https:\/\/www.raytech.it\/wp-content\/uploads\/logo-raytech-2019-retina-3.png\",\"width\":340,\"height\":90,\"caption\":\"Raytech\"},\"image\":{\"@id\":\"https:\/\/www.raytech.it\/#\/schema\/logo\/image\/\"},\"sameAs\":[\"https:\/\/www.facebook.com\/RaytechItaly\",\"https:\/\/www.instagram.com\/raytech_italy\/\",\"https:\/\/www.youtube.com\/user\/raytechitaly\",\"https:\/\/twitter.com\/Raytech_Italy\"]}]}<\/script>\n<!-- \/ Yoast SEO plugin. -->","yoast_head_json":{"title":"Wonder Joint | Raytech","robots":{"index":"index","follow":"follow","max-snippet":"max-snippet:-1","max-image-preview":"max-image-preview:large","max-video-preview":"max-video-preview:-1"},"canonical":"https:\/\/www.raytech.it\/de\/produkt\/niederspannung\/verbindungmuffe\/zum-injektion\/wonder-joint","og_locale":"de_DE","og_type":"article","og_title":"Wonder Joint | Raytech","og_description":"Gerade oder abgezweigerte Verbindung mit F\u00fcllmittel vom Typ Wonder Fluid, einspritzbares Einkomponenten-Isoliermittel, sofort einsatzbereit und installierbar bei jeder Temperatur Die Verbindung ist mit Einspritzventil versehen: Nach Einsetzen der Kartusche in [\u2026]","og_url":"https:\/\/www.raytech.it\/de\/produkt\/niederspannung\/verbindungmuffe\/zum-injektion\/wonder-joint","og_site_name":"Raytech","article_publisher":"https:\/\/www.facebook.com\/RaytechItaly","article_modified_time":"2025-02-20T02:13:47+00:00","og_image":[{"width":1024,"height":1024,"url":"https:\/\/www.raytech.it\/wp-content\/uploads\/wonder-joint-3.jpg","type":"image\/jpeg"}],"twitter_card":"summary_large_image","twitter_misc":{"Gesch\u00e4tzte Lesezeit":"1\u00a0Minute"},"schema":{"@context":"https:\/\/schema.org","@graph":[{"@type":"WebPage","@id":"https:\/\/www.raytech.it\/de\/produkt\/niederspannung\/verbindungmuffe\/zum-injektion\/wonder-joint","url":"https:\/\/www.raytech.it\/de\/produkt\/niederspannung\/verbindungmuffe\/zum-injektion\/wonder-joint","name":"Wonder Joint | Raytech","isPartOf":{"@id":"https:\/\/www.raytech.it\/#website"},"primaryImageOfPage":{"@id":"https:\/\/www.raytech.it\/de\/produkt\/niederspannung\/verbindungmuffe\/zum-injektion\/wonder-joint#primaryimage"},"image":{"@id":"https:\/\/www.raytech.it\/de\/produkt\/niederspannung\/verbindungmuffe\/zum-injektion\/wonder-joint#primaryimage"},"thumbnailUrl":"https:\/\/www.raytech.it\/wp-content\/uploads\/wonder-joint-3.jpg","datePublished":"2015-12-18T11:54:05+00:00","dateModified":"2025-02-20T02:13:47+00:00","breadcrumb":{"@id":"https:\/\/www.raytech.it\/de\/produkt\/niederspannung\/verbindungmuffe\/zum-injektion\/wonder-joint#breadcrumb"},"inLanguage":"de","potentialAction":[{"@type":"ReadAction","target":["https:\/\/www.raytech.it\/de\/produkt\/niederspannung\/verbindungmuffe\/zum-injektion\/wonder-joint"]}]},{"@type":"ImageObject","inLanguage":"de","@id":"https:\/\/www.raytech.it\/de\/produkt\/niederspannung\/verbindungmuffe\/zum-injektion\/wonder-joint#primaryimage","url":"https:\/\/www.raytech.it\/wp-content\/uploads\/wonder-joint-3.jpg","contentUrl":"https:\/\/www.raytech.it\/wp-content\/uploads\/wonder-joint-3.jpg","width":1024,"height":1024},{"@type":"BreadcrumbList","@id":"https:\/\/www.raytech.it\/de\/produkt\/niederspannung\/verbindungmuffe\/zum-injektion\/wonder-joint#breadcrumb","itemListElement":[{"@type":"ListItem","position":1,"name":"Home","item":"https:\/\/www.raytech.it\/de"},{"@type":"ListItem","position":2,"name":"Shop","item":"https:\/\/www.raytech.it\/de\/shop"},{"@type":"ListItem","position":3,"name":"Wonder Joint"}]},{"@type":"WebSite","@id":"https:\/\/www.raytech.it\/#website","url":"https:\/\/www.raytech.it\/","name":"Raytech","description":"Cable accessories company","publisher":{"@id":"https:\/\/www.raytech.it\/#organization"},"potentialAction":[{"@type":"SearchAction","target":{"@type":"EntryPoint","urlTemplate":"https:\/\/www.raytech.it\/?s={search_term_string}"},"query-input":{"@type":"PropertyValueSpecification","valueRequired":true,"valueName":"search_term_string"}}],"inLanguage":"de"},{"@type":"Organization","@id":"https:\/\/www.raytech.it\/#organization","name":"Raytech","url":"https:\/\/www.raytech.it\/","logo":{"@type":"ImageObject","inLanguage":"de","@id":"https:\/\/www.raytech.it\/#\/schema\/logo\/image\/","url":"https:\/\/www.raytech.it\/wp-content\/uploads\/logo-raytech-2019-retina-3.png","contentUrl":"https:\/\/www.raytech.it\/wp-content\/uploads\/logo-raytech-2019-retina-3.png","width":340,"height":90,"caption":"Raytech"},"image":{"@id":"https:\/\/www.raytech.it\/#\/schema\/logo\/image\/"},"sameAs":["https:\/\/www.facebook.com\/RaytechItaly","https:\/\/www.instagram.com\/raytech_italy\/","https:\/\/www.youtube.com\/user\/raytechitaly","https:\/\/twitter.com\/Raytech_Italy"]}]}},"_links":{"self":[{"href":"https:\/\/www.raytech.it\/de\/wp-json\/wp\/v2\/product\/6514","targetHints":{"allow":["GET"]}}],"collection":[{"href":"https:\/\/www.raytech.it\/de\/wp-json\/wp\/v2\/product"}],"about":[{"href":"https:\/\/www.raytech.it\/de\/wp-json\/wp\/v2\/types\/product"}],"wp:featuredmedia":[{"embeddable":true,"href":"https:\/\/www.raytech.it\/de\/wp-json\/wp\/v2\/media\/3888"}],"wp:attachment":[{"href":"https:\/\/www.raytech.it\/de\/wp-json\/wp\/v2\/media?parent=6514"}],"wp:term":[{"taxonomy":"product_brand","embeddable":true,"href":"https:\/\/www.raytech.it\/de\/wp-json\/wp\/v2\/product_brand?post=6514"},{"taxonomy":"product_cat","embeddable":true,"href":"https:\/\/www.raytech.it\/de\/wp-json\/wp\/v2\/product_cat?post=6514"},{"taxonomy":"product_tag","embeddable":true,"href":"https:\/\/www.raytech.it\/de\/wp-json\/wp\/v2\/product_tag?post=6514"}],"curies":[{"name":"wp","href":"https:\/\/api.w.org\/{rel}","templated":true}]}}