{"id":6540,"date":"2015-07-15T14:54:00","date_gmt":"2015-12-18T16:23:53","guid":{"rendered":"https:\/\/www.raytech.it\/?post_type=product&#038;p=6540&#038;lang=de"},"modified":"2025-02-18T16:55:14","modified_gmt":"2025-02-18T15:55:14","slug":"magic-fluid","status":"publish","type":"product","link":"https:\/\/www.raytech.it\/de\/produkt\/niederspannung\/vergusmasse\/gel-de\/magic-fluid","title":{"rendered":"Magic Fluid"},"content":{"rendered":"<h4><span style=\"color: #009832;\">Isolierendes und versiegelndes Fluid in der Beutel<\/span><\/h4>\n<p>Das isolierende und versiegelnde Fluid Magic Fluid garantiert, wenn es in einer geeigneten\u00a0H\u00fclle gegossen wird, einen Schutzgrad IP68 und kann jede Art von Harz ersetzen. Es handelt\u00a0sich um ein selbstversiegelndes polymeres Isolationsmittel mit unbegrenzter Haltbarkeit\u00a0und Kaltvernetzung im Zweikomponenten-Beutel. Bei Entfernen des Abscheiders werden\u00a0die beiden Komponenten vermischt, um die Vernetzung auszul\u00f6sen. Nach dem Gie\u00dfen umschlie\u00dft\u00a0und verkleidet das Isoliermittel mit sehr niedriger Viskosit\u00e4t jede Art von Material durch\u00a0Vernetzung in weniger als 10 Minuten. Absolut ungiftig, Vernetzung mit einer sehr geringen\u00a0isothermischen Spitze, sodass die Materialien, mit denen es in Ber\u00fchrung kommt, keiner thermischen\u00a0Belastung ausgesetzt werden. Auch nach langen Betriebszeiten noch zug\u00e4nglich.<\/p>\n<ul>\n<li><span style=\"color: #009832;\">F\u00fcr alle Anwendungen, die sich durch hohe Spannungen\u00a0und hohe Temperaturen auszeichnen!<\/span><\/li>\n<li><span style=\"color: #009832;\">Schnell vernetzend (nur 10 Minuten)<\/span><\/li>\n<li><span style=\"color: #009832;\">Leicht zu entfernen auch nach langen Betriebszeiten<\/span><\/li>\n<li><span style=\"color: #009832;\">Ungiftig und unbegrenzt lagerf\u00e4hig<\/span><\/li>\n<li><span style=\"color: #009832;\">Niedrige Viskosit\u00e4t<\/span><\/li>\n<\/ul>\n","protected":false},"excerpt":{"rendered":"<p>Isolierendes und versiegelndes Fluid in der Beutel Das isolierende und versiegelnde Fluid Magic Fluid garantiert, wenn es in einer geeigneten\u00a0H\u00fclle gegossen wird, einen Schutzgrad IP68 und kann jede Art von<span class=\"excerpt-hellip\"> [\u2026]<\/span><\/p>\n","protected":false},"featured_media":33095,"template":"","meta":[],"product_brand":[],"product_cat":[280,295,296],"product_tag":[],"class_list":{"0":"post-6540","1":"product","2":"type-product","3":"status-publish","4":"has-post-thumbnail","6":"product_cat-niederspannung","7":"product_cat-vergusmasse","8":"product_cat-gel-de","10":"first","11":"instock","12":"taxable","13":"shipping-taxable","14":"purchasable","15":"product-type-variable"},"yoast_head":"<!-- This site is optimized with the Yoast SEO plugin v26.5 - https:\/\/yoast.com\/wordpress\/plugins\/seo\/ -->\n<title>Magic Fluid | Raytech<\/title>\n<meta name=\"robots\" content=\"index, follow, max-snippet:-1, max-image-preview:large, max-video-preview:-1\" \/>\n<link rel=\"canonical\" href=\"https:\/\/www.raytech.it\/de\/produkt\/niederspannung\/vergusmasse\/gel-de\/magic-fluid\" \/>\n<meta property=\"og:locale\" content=\"de_DE\" \/>\n<meta property=\"og:type\" content=\"article\" \/>\n<meta property=\"og:title\" content=\"Magic Fluid | Raytech\" \/>\n<meta property=\"og:description\" content=\"Isolierendes und versiegelndes Fluid in der Beutel Das isolierende und versiegelnde Fluid Magic Fluid garantiert, wenn es in einer geeigneten\u00a0H\u00fclle gegossen wird, einen Schutzgrad IP68 und kann jede Art von [\u2026]\" \/>\n<meta property=\"og:url\" content=\"https:\/\/www.raytech.it\/de\/produkt\/niederspannung\/vergusmasse\/gel-de\/magic-fluid\" \/>\n<meta property=\"og:site_name\" content=\"Raytech\" \/>\n<meta property=\"article:publisher\" content=\"https:\/\/www.facebook.com\/RaytechItaly\" \/>\n<meta property=\"article:modified_time\" content=\"2025-02-18T15:55:14+00:00\" \/>\n<meta property=\"og:image\" content=\"https:\/\/www.raytech.it\/wp-content\/uploads\/magic-fluid-5.jpg\" \/>\n\t<meta property=\"og:image:width\" content=\"1024\" \/>\n\t<meta property=\"og:image:height\" content=\"1024\" \/>\n\t<meta property=\"og:image:type\" content=\"image\/jpeg\" \/>\n<meta name=\"twitter:card\" content=\"summary_large_image\" \/>\n<meta name=\"twitter:label1\" content=\"Gesch\u00e4tzte Lesezeit\" \/>\n\t<meta name=\"twitter:data1\" content=\"1\u00a0Minute\" \/>\n<script type=\"application\/ld+json\" class=\"yoast-schema-graph\">{\"@context\":\"https:\/\/schema.org\",\"@graph\":[{\"@type\":\"WebPage\",\"@id\":\"https:\/\/www.raytech.it\/de\/produkt\/niederspannung\/vergusmasse\/gel-de\/magic-fluid\",\"url\":\"https:\/\/www.raytech.it\/de\/produkt\/niederspannung\/vergusmasse\/gel-de\/magic-fluid\",\"name\":\"Magic Fluid | Raytech\",\"isPartOf\":{\"@id\":\"https:\/\/www.raytech.it\/#website\"},\"primaryImageOfPage\":{\"@id\":\"https:\/\/www.raytech.it\/de\/produkt\/niederspannung\/vergusmasse\/gel-de\/magic-fluid#primaryimage\"},\"image\":{\"@id\":\"https:\/\/www.raytech.it\/de\/produkt\/niederspannung\/vergusmasse\/gel-de\/magic-fluid#primaryimage\"},\"thumbnailUrl\":\"https:\/\/www.raytech.it\/wp-content\/uploads\/magic-fluid-5.jpg\",\"datePublished\":\"2015-12-18T16:23:53+00:00\",\"dateModified\":\"2025-02-18T15:55:14+00:00\",\"breadcrumb\":{\"@id\":\"https:\/\/www.raytech.it\/de\/produkt\/niederspannung\/vergusmasse\/gel-de\/magic-fluid#breadcrumb\"},\"inLanguage\":\"de\",\"potentialAction\":[{\"@type\":\"ReadAction\",\"target\":[\"https:\/\/www.raytech.it\/de\/produkt\/niederspannung\/vergusmasse\/gel-de\/magic-fluid\"]}]},{\"@type\":\"ImageObject\",\"inLanguage\":\"de\",\"@id\":\"https:\/\/www.raytech.it\/de\/produkt\/niederspannung\/vergusmasse\/gel-de\/magic-fluid#primaryimage\",\"url\":\"https:\/\/www.raytech.it\/wp-content\/uploads\/magic-fluid-5.jpg\",\"contentUrl\":\"https:\/\/www.raytech.it\/wp-content\/uploads\/magic-fluid-5.jpg\",\"width\":1024,\"height\":1024},{\"@type\":\"BreadcrumbList\",\"@id\":\"https:\/\/www.raytech.it\/de\/produkt\/niederspannung\/vergusmasse\/gel-de\/magic-fluid#breadcrumb\",\"itemListElement\":[{\"@type\":\"ListItem\",\"position\":1,\"name\":\"Home\",\"item\":\"https:\/\/www.raytech.it\/de\"},{\"@type\":\"ListItem\",\"position\":2,\"name\":\"Shop\",\"item\":\"https:\/\/www.raytech.it\/de\/shop\"},{\"@type\":\"ListItem\",\"position\":3,\"name\":\"Magic Fluid\"}]},{\"@type\":\"WebSite\",\"@id\":\"https:\/\/www.raytech.it\/#website\",\"url\":\"https:\/\/www.raytech.it\/\",\"name\":\"Raytech\",\"description\":\"Cable accessories company\",\"publisher\":{\"@id\":\"https:\/\/www.raytech.it\/#organization\"},\"potentialAction\":[{\"@type\":\"SearchAction\",\"target\":{\"@type\":\"EntryPoint\",\"urlTemplate\":\"https:\/\/www.raytech.it\/?s={search_term_string}\"},\"query-input\":{\"@type\":\"PropertyValueSpecification\",\"valueRequired\":true,\"valueName\":\"search_term_string\"}}],\"inLanguage\":\"de\"},{\"@type\":\"Organization\",\"@id\":\"https:\/\/www.raytech.it\/#organization\",\"name\":\"Raytech\",\"url\":\"https:\/\/www.raytech.it\/\",\"logo\":{\"@type\":\"ImageObject\",\"inLanguage\":\"de\",\"@id\":\"https:\/\/www.raytech.it\/#\/schema\/logo\/image\/\",\"url\":\"https:\/\/www.raytech.it\/wp-content\/uploads\/logo-raytech-2019-retina-3.png\",\"contentUrl\":\"https:\/\/www.raytech.it\/wp-content\/uploads\/logo-raytech-2019-retina-3.png\",\"width\":340,\"height\":90,\"caption\":\"Raytech\"},\"image\":{\"@id\":\"https:\/\/www.raytech.it\/#\/schema\/logo\/image\/\"},\"sameAs\":[\"https:\/\/www.facebook.com\/RaytechItaly\",\"https:\/\/www.instagram.com\/raytech_italy\/\",\"https:\/\/www.youtube.com\/user\/raytechitaly\",\"https:\/\/twitter.com\/Raytech_Italy\"]}]}<\/script>\n<!-- \/ Yoast SEO plugin. -->","yoast_head_json":{"title":"Magic Fluid | Raytech","robots":{"index":"index","follow":"follow","max-snippet":"max-snippet:-1","max-image-preview":"max-image-preview:large","max-video-preview":"max-video-preview:-1"},"canonical":"https:\/\/www.raytech.it\/de\/produkt\/niederspannung\/vergusmasse\/gel-de\/magic-fluid","og_locale":"de_DE","og_type":"article","og_title":"Magic Fluid | Raytech","og_description":"Isolierendes und versiegelndes Fluid in der Beutel Das isolierende und versiegelnde Fluid Magic Fluid garantiert, wenn es in einer geeigneten\u00a0H\u00fclle gegossen wird, einen Schutzgrad IP68 und kann jede Art von [\u2026]","og_url":"https:\/\/www.raytech.it\/de\/produkt\/niederspannung\/vergusmasse\/gel-de\/magic-fluid","og_site_name":"Raytech","article_publisher":"https:\/\/www.facebook.com\/RaytechItaly","article_modified_time":"2025-02-18T15:55:14+00:00","og_image":[{"width":1024,"height":1024,"url":"https:\/\/www.raytech.it\/wp-content\/uploads\/magic-fluid-5.jpg","type":"image\/jpeg"}],"twitter_card":"summary_large_image","twitter_misc":{"Gesch\u00e4tzte Lesezeit":"1\u00a0Minute"},"schema":{"@context":"https:\/\/schema.org","@graph":[{"@type":"WebPage","@id":"https:\/\/www.raytech.it\/de\/produkt\/niederspannung\/vergusmasse\/gel-de\/magic-fluid","url":"https:\/\/www.raytech.it\/de\/produkt\/niederspannung\/vergusmasse\/gel-de\/magic-fluid","name":"Magic Fluid | Raytech","isPartOf":{"@id":"https:\/\/www.raytech.it\/#website"},"primaryImageOfPage":{"@id":"https:\/\/www.raytech.it\/de\/produkt\/niederspannung\/vergusmasse\/gel-de\/magic-fluid#primaryimage"},"image":{"@id":"https:\/\/www.raytech.it\/de\/produkt\/niederspannung\/vergusmasse\/gel-de\/magic-fluid#primaryimage"},"thumbnailUrl":"https:\/\/www.raytech.it\/wp-content\/uploads\/magic-fluid-5.jpg","datePublished":"2015-12-18T16:23:53+00:00","dateModified":"2025-02-18T15:55:14+00:00","breadcrumb":{"@id":"https:\/\/www.raytech.it\/de\/produkt\/niederspannung\/vergusmasse\/gel-de\/magic-fluid#breadcrumb"},"inLanguage":"de","potentialAction":[{"@type":"ReadAction","target":["https:\/\/www.raytech.it\/de\/produkt\/niederspannung\/vergusmasse\/gel-de\/magic-fluid"]}]},{"@type":"ImageObject","inLanguage":"de","@id":"https:\/\/www.raytech.it\/de\/produkt\/niederspannung\/vergusmasse\/gel-de\/magic-fluid#primaryimage","url":"https:\/\/www.raytech.it\/wp-content\/uploads\/magic-fluid-5.jpg","contentUrl":"https:\/\/www.raytech.it\/wp-content\/uploads\/magic-fluid-5.jpg","width":1024,"height":1024},{"@type":"BreadcrumbList","@id":"https:\/\/www.raytech.it\/de\/produkt\/niederspannung\/vergusmasse\/gel-de\/magic-fluid#breadcrumb","itemListElement":[{"@type":"ListItem","position":1,"name":"Home","item":"https:\/\/www.raytech.it\/de"},{"@type":"ListItem","position":2,"name":"Shop","item":"https:\/\/www.raytech.it\/de\/shop"},{"@type":"ListItem","position":3,"name":"Magic Fluid"}]},{"@type":"WebSite","@id":"https:\/\/www.raytech.it\/#website","url":"https:\/\/www.raytech.it\/","name":"Raytech","description":"Cable accessories company","publisher":{"@id":"https:\/\/www.raytech.it\/#organization"},"potentialAction":[{"@type":"SearchAction","target":{"@type":"EntryPoint","urlTemplate":"https:\/\/www.raytech.it\/?s={search_term_string}"},"query-input":{"@type":"PropertyValueSpecification","valueRequired":true,"valueName":"search_term_string"}}],"inLanguage":"de"},{"@type":"Organization","@id":"https:\/\/www.raytech.it\/#organization","name":"Raytech","url":"https:\/\/www.raytech.it\/","logo":{"@type":"ImageObject","inLanguage":"de","@id":"https:\/\/www.raytech.it\/#\/schema\/logo\/image\/","url":"https:\/\/www.raytech.it\/wp-content\/uploads\/logo-raytech-2019-retina-3.png","contentUrl":"https:\/\/www.raytech.it\/wp-content\/uploads\/logo-raytech-2019-retina-3.png","width":340,"height":90,"caption":"Raytech"},"image":{"@id":"https:\/\/www.raytech.it\/#\/schema\/logo\/image\/"},"sameAs":["https:\/\/www.facebook.com\/RaytechItaly","https:\/\/www.instagram.com\/raytech_italy\/","https:\/\/www.youtube.com\/user\/raytechitaly","https:\/\/twitter.com\/Raytech_Italy"]}]}},"_links":{"self":[{"href":"https:\/\/www.raytech.it\/de\/wp-json\/wp\/v2\/product\/6540","targetHints":{"allow":["GET"]}}],"collection":[{"href":"https:\/\/www.raytech.it\/de\/wp-json\/wp\/v2\/product"}],"about":[{"href":"https:\/\/www.raytech.it\/de\/wp-json\/wp\/v2\/types\/product"}],"wp:featuredmedia":[{"embeddable":true,"href":"https:\/\/www.raytech.it\/de\/wp-json\/wp\/v2\/media\/33095"}],"wp:attachment":[{"href":"https:\/\/www.raytech.it\/de\/wp-json\/wp\/v2\/media?parent=6540"}],"wp:term":[{"taxonomy":"product_brand","embeddable":true,"href":"https:\/\/www.raytech.it\/de\/wp-json\/wp\/v2\/product_brand?post=6540"},{"taxonomy":"product_cat","embeddable":true,"href":"https:\/\/www.raytech.it\/de\/wp-json\/wp\/v2\/product_cat?post=6540"},{"taxonomy":"product_tag","embeddable":true,"href":"https:\/\/www.raytech.it\/de\/wp-json\/wp\/v2\/product_tag?post=6540"}],"curies":[{"name":"wp","href":"https:\/\/api.w.org\/{rel}","templated":true}]}}