{"id":6587,"date":"2015-07-15T15:35:33","date_gmt":"2015-12-18T16:57:42","guid":{"rendered":"https:\/\/www.raytech.it\/?post_type=product&#038;p=6587&#038;lang=de"},"modified":"2025-02-19T09:28:52","modified_gmt":"2025-02-19T08:28:52","slug":"sky-plast","status":"publish","type":"product","link":"https:\/\/www.raytech.it\/de\/produkt\/niederspannung\/vergusmasse\/gummis\/sky-plast","title":{"rendered":"Sky Plast"},"content":{"rendered":"<h4><span style=\"color: #009832;\">Der Zweikomponenten-Gummi in Form einer modellierbaren, selbstl\u00f6schenden Isolierpaste mit hohen nichtleitenden Eigenschaften<\/span><\/h4>\n<p>Aus der konstanten und sorgf\u00e4ltigen Forschung und der Entwicklung neuer Technologien ist Sky Plast von Raytech entstanden, eine absolute technologische Innovation zum Abdecken, Sch\u00fctzen, Verkleiden und Feuerfestmachen von elektrischen und anderen Komponenten jeglicher Art. Nachdem die 2 Komponenten im Verh\u00e4ltnis 1:1 (f\u00fcr max. 2 Min.) zu einer gleichm\u00e4\u00dfigen Masse miteinander vermischt wurden, vernetzt diese bei Raumtemperatur in weniger als 5 Minuten. Nachdem die zu sch\u00fctzende Komponente mit Sky Plast bedeckt wurde, verwandelt es sich in kurzer Zeit in eine Gummischicht mit sehr guten nichtleitenden und selbstl\u00f6schenden Eigenschaften.<\/p>\n<ul>\n<li><span style=\"color: #009832;\">Niedriger Austo\u00df von giftigen und korrosiven Rauchen und Gasen<\/span><\/li>\n<li><span style=\"color: #009832;\">Kann w\u00e4rmeschrumpfende B\u00e4nder und Harze ersetzen<\/span><\/li>\n<li><span style=\"color: #009832;\">Flexibel und dehnbar auch nach langen Betriebsjahren<\/span><\/li>\n<li><span style=\"color: #009832;\">Schnell bei der Vernetzung<\/span><\/li>\n<\/ul>\n","protected":false},"excerpt":{"rendered":"<p>Der Zweikomponenten-Gummi in Form einer modellierbaren, selbstl\u00f6schenden Isolierpaste mit hohen nichtleitenden Eigenschaften Aus der konstanten und sorgf\u00e4ltigen Forschung und der Entwicklung neuer Technologien ist Sky Plast von Raytech entstanden, eine<span class=\"excerpt-hellip\"> [\u2026]<\/span><\/p>\n","protected":false},"featured_media":33053,"template":"","meta":[],"product_brand":[],"product_cat":[280,295,298],"product_tag":[],"class_list":{"0":"post-6587","1":"product","2":"type-product","3":"status-publish","4":"has-post-thumbnail","6":"product_cat-niederspannung","7":"product_cat-vergusmasse","8":"product_cat-gummis","10":"first","11":"instock","12":"taxable","13":"shipping-taxable","14":"purchasable","15":"product-type-variable"},"yoast_head":"<!-- This site is optimized with the Yoast SEO plugin v26.5 - https:\/\/yoast.com\/wordpress\/plugins\/seo\/ -->\n<title>Sky Plast | Raytech<\/title>\n<meta name=\"robots\" content=\"index, follow, max-snippet:-1, max-image-preview:large, max-video-preview:-1\" \/>\n<link rel=\"canonical\" href=\"https:\/\/www.raytech.it\/de\/produkt\/niederspannung\/vergusmasse\/gummis\/sky-plast\" \/>\n<meta property=\"og:locale\" content=\"de_DE\" \/>\n<meta property=\"og:type\" content=\"article\" \/>\n<meta property=\"og:title\" content=\"Sky Plast | Raytech\" \/>\n<meta property=\"og:description\" content=\"Der Zweikomponenten-Gummi in Form einer modellierbaren, selbstl\u00f6schenden Isolierpaste mit hohen nichtleitenden Eigenschaften Aus der konstanten und sorgf\u00e4ltigen Forschung und der Entwicklung neuer Technologien ist Sky Plast von Raytech entstanden, eine [\u2026]\" \/>\n<meta property=\"og:url\" content=\"https:\/\/www.raytech.it\/de\/produkt\/niederspannung\/vergusmasse\/gummis\/sky-plast\" \/>\n<meta property=\"og:site_name\" content=\"Raytech\" \/>\n<meta property=\"article:publisher\" content=\"https:\/\/www.facebook.com\/RaytechItaly\" \/>\n<meta property=\"article:modified_time\" content=\"2025-02-19T08:28:52+00:00\" \/>\n<meta property=\"og:image\" content=\"https:\/\/www.raytech.it\/wp-content\/uploads\/SkyPlast_pack.jpg\" \/>\n\t<meta property=\"og:image:width\" content=\"1024\" \/>\n\t<meta property=\"og:image:height\" content=\"1024\" \/>\n\t<meta property=\"og:image:type\" content=\"image\/jpeg\" \/>\n<meta name=\"twitter:card\" content=\"summary_large_image\" \/>\n<meta name=\"twitter:label1\" content=\"Gesch\u00e4tzte Lesezeit\" \/>\n\t<meta name=\"twitter:data1\" content=\"1\u00a0Minute\" \/>\n<script type=\"application\/ld+json\" class=\"yoast-schema-graph\">{\"@context\":\"https:\/\/schema.org\",\"@graph\":[{\"@type\":\"WebPage\",\"@id\":\"https:\/\/www.raytech.it\/de\/produkt\/niederspannung\/vergusmasse\/gummis\/sky-plast\",\"url\":\"https:\/\/www.raytech.it\/de\/produkt\/niederspannung\/vergusmasse\/gummis\/sky-plast\",\"name\":\"Sky Plast | Raytech\",\"isPartOf\":{\"@id\":\"https:\/\/www.raytech.it\/#website\"},\"primaryImageOfPage\":{\"@id\":\"https:\/\/www.raytech.it\/de\/produkt\/niederspannung\/vergusmasse\/gummis\/sky-plast#primaryimage\"},\"image\":{\"@id\":\"https:\/\/www.raytech.it\/de\/produkt\/niederspannung\/vergusmasse\/gummis\/sky-plast#primaryimage\"},\"thumbnailUrl\":\"https:\/\/www.raytech.it\/wp-content\/uploads\/SkyPlast_pack.jpg\",\"datePublished\":\"2015-12-18T16:57:42+00:00\",\"dateModified\":\"2025-02-19T08:28:52+00:00\",\"breadcrumb\":{\"@id\":\"https:\/\/www.raytech.it\/de\/produkt\/niederspannung\/vergusmasse\/gummis\/sky-plast#breadcrumb\"},\"inLanguage\":\"de\",\"potentialAction\":[{\"@type\":\"ReadAction\",\"target\":[\"https:\/\/www.raytech.it\/de\/produkt\/niederspannung\/vergusmasse\/gummis\/sky-plast\"]}]},{\"@type\":\"ImageObject\",\"inLanguage\":\"de\",\"@id\":\"https:\/\/www.raytech.it\/de\/produkt\/niederspannung\/vergusmasse\/gummis\/sky-plast#primaryimage\",\"url\":\"https:\/\/www.raytech.it\/wp-content\/uploads\/SkyPlast_pack.jpg\",\"contentUrl\":\"https:\/\/www.raytech.it\/wp-content\/uploads\/SkyPlast_pack.jpg\",\"width\":1024,\"height\":1024},{\"@type\":\"BreadcrumbList\",\"@id\":\"https:\/\/www.raytech.it\/de\/produkt\/niederspannung\/vergusmasse\/gummis\/sky-plast#breadcrumb\",\"itemListElement\":[{\"@type\":\"ListItem\",\"position\":1,\"name\":\"Home\",\"item\":\"https:\/\/www.raytech.it\/de\"},{\"@type\":\"ListItem\",\"position\":2,\"name\":\"Shop\",\"item\":\"https:\/\/www.raytech.it\/de\/shop\"},{\"@type\":\"ListItem\",\"position\":3,\"name\":\"Sky Plast\"}]},{\"@type\":\"WebSite\",\"@id\":\"https:\/\/www.raytech.it\/#website\",\"url\":\"https:\/\/www.raytech.it\/\",\"name\":\"Raytech\",\"description\":\"Cable accessories company\",\"publisher\":{\"@id\":\"https:\/\/www.raytech.it\/#organization\"},\"potentialAction\":[{\"@type\":\"SearchAction\",\"target\":{\"@type\":\"EntryPoint\",\"urlTemplate\":\"https:\/\/www.raytech.it\/?s={search_term_string}\"},\"query-input\":{\"@type\":\"PropertyValueSpecification\",\"valueRequired\":true,\"valueName\":\"search_term_string\"}}],\"inLanguage\":\"de\"},{\"@type\":\"Organization\",\"@id\":\"https:\/\/www.raytech.it\/#organization\",\"name\":\"Raytech\",\"url\":\"https:\/\/www.raytech.it\/\",\"logo\":{\"@type\":\"ImageObject\",\"inLanguage\":\"de\",\"@id\":\"https:\/\/www.raytech.it\/#\/schema\/logo\/image\/\",\"url\":\"https:\/\/www.raytech.it\/wp-content\/uploads\/logo-raytech-2019-retina-3.png\",\"contentUrl\":\"https:\/\/www.raytech.it\/wp-content\/uploads\/logo-raytech-2019-retina-3.png\",\"width\":340,\"height\":90,\"caption\":\"Raytech\"},\"image\":{\"@id\":\"https:\/\/www.raytech.it\/#\/schema\/logo\/image\/\"},\"sameAs\":[\"https:\/\/www.facebook.com\/RaytechItaly\",\"https:\/\/www.instagram.com\/raytech_italy\/\",\"https:\/\/www.youtube.com\/user\/raytechitaly\",\"https:\/\/twitter.com\/Raytech_Italy\"]}]}<\/script>\n<!-- \/ Yoast SEO plugin. -->","yoast_head_json":{"title":"Sky Plast | Raytech","robots":{"index":"index","follow":"follow","max-snippet":"max-snippet:-1","max-image-preview":"max-image-preview:large","max-video-preview":"max-video-preview:-1"},"canonical":"https:\/\/www.raytech.it\/de\/produkt\/niederspannung\/vergusmasse\/gummis\/sky-plast","og_locale":"de_DE","og_type":"article","og_title":"Sky Plast | Raytech","og_description":"Der Zweikomponenten-Gummi in Form einer modellierbaren, selbstl\u00f6schenden Isolierpaste mit hohen nichtleitenden Eigenschaften Aus der konstanten und sorgf\u00e4ltigen Forschung und der Entwicklung neuer Technologien ist Sky Plast von Raytech entstanden, eine [\u2026]","og_url":"https:\/\/www.raytech.it\/de\/produkt\/niederspannung\/vergusmasse\/gummis\/sky-plast","og_site_name":"Raytech","article_publisher":"https:\/\/www.facebook.com\/RaytechItaly","article_modified_time":"2025-02-19T08:28:52+00:00","og_image":[{"width":1024,"height":1024,"url":"https:\/\/www.raytech.it\/wp-content\/uploads\/SkyPlast_pack.jpg","type":"image\/jpeg"}],"twitter_card":"summary_large_image","twitter_misc":{"Gesch\u00e4tzte Lesezeit":"1\u00a0Minute"},"schema":{"@context":"https:\/\/schema.org","@graph":[{"@type":"WebPage","@id":"https:\/\/www.raytech.it\/de\/produkt\/niederspannung\/vergusmasse\/gummis\/sky-plast","url":"https:\/\/www.raytech.it\/de\/produkt\/niederspannung\/vergusmasse\/gummis\/sky-plast","name":"Sky Plast | Raytech","isPartOf":{"@id":"https:\/\/www.raytech.it\/#website"},"primaryImageOfPage":{"@id":"https:\/\/www.raytech.it\/de\/produkt\/niederspannung\/vergusmasse\/gummis\/sky-plast#primaryimage"},"image":{"@id":"https:\/\/www.raytech.it\/de\/produkt\/niederspannung\/vergusmasse\/gummis\/sky-plast#primaryimage"},"thumbnailUrl":"https:\/\/www.raytech.it\/wp-content\/uploads\/SkyPlast_pack.jpg","datePublished":"2015-12-18T16:57:42+00:00","dateModified":"2025-02-19T08:28:52+00:00","breadcrumb":{"@id":"https:\/\/www.raytech.it\/de\/produkt\/niederspannung\/vergusmasse\/gummis\/sky-plast#breadcrumb"},"inLanguage":"de","potentialAction":[{"@type":"ReadAction","target":["https:\/\/www.raytech.it\/de\/produkt\/niederspannung\/vergusmasse\/gummis\/sky-plast"]}]},{"@type":"ImageObject","inLanguage":"de","@id":"https:\/\/www.raytech.it\/de\/produkt\/niederspannung\/vergusmasse\/gummis\/sky-plast#primaryimage","url":"https:\/\/www.raytech.it\/wp-content\/uploads\/SkyPlast_pack.jpg","contentUrl":"https:\/\/www.raytech.it\/wp-content\/uploads\/SkyPlast_pack.jpg","width":1024,"height":1024},{"@type":"BreadcrumbList","@id":"https:\/\/www.raytech.it\/de\/produkt\/niederspannung\/vergusmasse\/gummis\/sky-plast#breadcrumb","itemListElement":[{"@type":"ListItem","position":1,"name":"Home","item":"https:\/\/www.raytech.it\/de"},{"@type":"ListItem","position":2,"name":"Shop","item":"https:\/\/www.raytech.it\/de\/shop"},{"@type":"ListItem","position":3,"name":"Sky Plast"}]},{"@type":"WebSite","@id":"https:\/\/www.raytech.it\/#website","url":"https:\/\/www.raytech.it\/","name":"Raytech","description":"Cable accessories company","publisher":{"@id":"https:\/\/www.raytech.it\/#organization"},"potentialAction":[{"@type":"SearchAction","target":{"@type":"EntryPoint","urlTemplate":"https:\/\/www.raytech.it\/?s={search_term_string}"},"query-input":{"@type":"PropertyValueSpecification","valueRequired":true,"valueName":"search_term_string"}}],"inLanguage":"de"},{"@type":"Organization","@id":"https:\/\/www.raytech.it\/#organization","name":"Raytech","url":"https:\/\/www.raytech.it\/","logo":{"@type":"ImageObject","inLanguage":"de","@id":"https:\/\/www.raytech.it\/#\/schema\/logo\/image\/","url":"https:\/\/www.raytech.it\/wp-content\/uploads\/logo-raytech-2019-retina-3.png","contentUrl":"https:\/\/www.raytech.it\/wp-content\/uploads\/logo-raytech-2019-retina-3.png","width":340,"height":90,"caption":"Raytech"},"image":{"@id":"https:\/\/www.raytech.it\/#\/schema\/logo\/image\/"},"sameAs":["https:\/\/www.facebook.com\/RaytechItaly","https:\/\/www.instagram.com\/raytech_italy\/","https:\/\/www.youtube.com\/user\/raytechitaly","https:\/\/twitter.com\/Raytech_Italy"]}]}},"_links":{"self":[{"href":"https:\/\/www.raytech.it\/de\/wp-json\/wp\/v2\/product\/6587","targetHints":{"allow":["GET"]}}],"collection":[{"href":"https:\/\/www.raytech.it\/de\/wp-json\/wp\/v2\/product"}],"about":[{"href":"https:\/\/www.raytech.it\/de\/wp-json\/wp\/v2\/types\/product"}],"wp:featuredmedia":[{"embeddable":true,"href":"https:\/\/www.raytech.it\/de\/wp-json\/wp\/v2\/media\/33053"}],"wp:attachment":[{"href":"https:\/\/www.raytech.it\/de\/wp-json\/wp\/v2\/media?parent=6587"}],"wp:term":[{"taxonomy":"product_brand","embeddable":true,"href":"https:\/\/www.raytech.it\/de\/wp-json\/wp\/v2\/product_brand?post=6587"},{"taxonomy":"product_cat","embeddable":true,"href":"https:\/\/www.raytech.it\/de\/wp-json\/wp\/v2\/product_cat?post=6587"},{"taxonomy":"product_tag","embeddable":true,"href":"https:\/\/www.raytech.it\/de\/wp-json\/wp\/v2\/product_tag?post=6587"}],"curies":[{"name":"wp","href":"https:\/\/api.w.org\/{rel}","templated":true}]}}