{"id":6641,"date":"2015-07-15T16:01:38","date_gmt":"2015-12-22T14:07:46","guid":{"rendered":"https:\/\/www.raytech.it\/?post_type=product&#038;p=6641&#038;lang=de"},"modified":"2025-02-18T16:14:12","modified_gmt":"2025-02-18T15:14:12","slug":"j-box","status":"publish","type":"product","link":"https:\/\/www.raytech.it\/de\/produkt\/niederspannung\/dose\/j-box","title":{"rendered":"J-Box"},"content":{"rendered":"<div class=\"page\" title=\"Page 91\">\n<div class=\"layoutArea\">\n<div class=\"column\">\n<h4><span style=\"color: #009832;\">Abzweigdose mit Schnappverschluss<\/span><\/h4>\n<p>Abzweigk\u00e4sten mit Deckel mit Schnappverschluss und W\u00e4nden zum Aufbrechen mit L\u00f6chern f\u00fcr ein schnelleres Unterbringen von Kabelverschraubungen oder Kabeldurchf\u00fchrungen; mit hervorragenden mechanischen Eigenschaften und Brandverhalten. Ungiftig und nur mithilfe von Werkzeug zug\u00e4nglich. Bed\u00fcrfen nicht der Verwendung von Schrauben, die im Laufe der Zeit bei Vorhandensein von Feuchtigkeit rosten und ein sp\u00e4teres \u00d6ffnen unm\u00f6glich machen, Sie sind au\u00dferdem mit Abdeckstopfen f\u00fcr die Befestigungsschrauben an den W\u00e4nden, 3 Kabeldurchf\u00fchrungen f\u00fcr den Eingang von Kabel ausgestattet und erm\u00f6glichen bei Bedarf das Bef\u00fcllen in der Senkrechte.<\/p>\n<ul>\n<li><span style=\"color: #009832;\">Isolierbar mit <em><strong>Magic Power Gel, Magic Gel, Wonder Gel (IP68)<\/strong><\/em><\/span><\/li>\n<li><span style=\"color: #009832;\">Erneuter Zugriff auch nach langem Einsatz mit Spezialwerkzeug<\/span><\/li>\n<li><span style=\"color: #009832;\">Schnellschnappverschluss (ohne Schrauben)<\/span><\/li>\n<li><span style=\"color: #009832;\">Geeignet auch zum Bef\u00fcllen in der Senkrechte<\/span><\/li>\n<li><span style=\"color: #009832;\">Hohe Sto\u00dfresistenz<\/span><\/li>\n<li><span style=\"color: #009832;\">Selbstl\u00f6schend<\/span><\/li>\n<li><span style=\"color: #009832;\">Halogenfrei<\/span><\/li>\n<\/ul>\n<\/div>\n<\/div>\n<\/div>\n","protected":false},"excerpt":{"rendered":"<p>Abzweigdose mit Schnappverschluss Abzweigk\u00e4sten mit Deckel mit Schnappverschluss und W\u00e4nden zum Aufbrechen mit L\u00f6chern f\u00fcr ein schnelleres Unterbringen von Kabelverschraubungen oder Kabeldurchf\u00fchrungen; mit hervorragenden mechanischen Eigenschaften und Brandverhalten. Ungiftig und<span class=\"excerpt-hellip\"> [\u2026]<\/span><\/p>\n","protected":false},"featured_media":1382,"template":"","meta":[],"product_brand":[],"product_cat":[280,290],"product_tag":[],"class_list":{"0":"post-6641","1":"product","2":"type-product","3":"status-publish","4":"has-post-thumbnail","6":"product_cat-niederspannung","7":"product_cat-dose","9":"first","10":"instock","11":"taxable","12":"shipping-taxable","13":"purchasable","14":"product-type-variable"},"yoast_head":"<!-- This site is optimized with the Yoast SEO plugin v26.5 - https:\/\/yoast.com\/wordpress\/plugins\/seo\/ -->\n<title>J-Box | Raytech<\/title>\n<meta name=\"robots\" content=\"index, follow, max-snippet:-1, max-image-preview:large, max-video-preview:-1\" \/>\n<link rel=\"canonical\" href=\"https:\/\/www.raytech.it\/de\/produkt\/niederspannung\/dose\/j-box\" \/>\n<meta property=\"og:locale\" content=\"de_DE\" \/>\n<meta property=\"og:type\" content=\"article\" \/>\n<meta property=\"og:title\" content=\"J-Box | Raytech\" \/>\n<meta property=\"og:description\" content=\"Abzweigdose mit Schnappverschluss Abzweigk\u00e4sten mit Deckel mit Schnappverschluss und W\u00e4nden zum Aufbrechen mit L\u00f6chern f\u00fcr ein schnelleres Unterbringen von Kabelverschraubungen oder Kabeldurchf\u00fchrungen; mit hervorragenden mechanischen Eigenschaften und Brandverhalten. Ungiftig und [\u2026]\" \/>\n<meta property=\"og:url\" content=\"https:\/\/www.raytech.it\/de\/produkt\/niederspannung\/dose\/j-box\" \/>\n<meta property=\"og:site_name\" content=\"Raytech\" \/>\n<meta property=\"article:publisher\" content=\"https:\/\/www.facebook.com\/RaytechItaly\" \/>\n<meta property=\"article:modified_time\" content=\"2025-02-18T15:14:12+00:00\" \/>\n<meta property=\"og:image\" content=\"https:\/\/www.raytech.it\/wp-content\/uploads\/j-box.jpg\" \/>\n\t<meta property=\"og:image:width\" content=\"500\" \/>\n\t<meta property=\"og:image:height\" content=\"500\" \/>\n\t<meta property=\"og:image:type\" content=\"image\/jpeg\" \/>\n<meta name=\"twitter:card\" content=\"summary_large_image\" \/>\n<meta name=\"twitter:label1\" content=\"Gesch\u00e4tzte Lesezeit\" \/>\n\t<meta name=\"twitter:data1\" content=\"1\u00a0Minute\" \/>\n<script type=\"application\/ld+json\" class=\"yoast-schema-graph\">{\"@context\":\"https:\/\/schema.org\",\"@graph\":[{\"@type\":\"WebPage\",\"@id\":\"https:\/\/www.raytech.it\/de\/produkt\/niederspannung\/dose\/j-box\",\"url\":\"https:\/\/www.raytech.it\/de\/produkt\/niederspannung\/dose\/j-box\",\"name\":\"J-Box | Raytech\",\"isPartOf\":{\"@id\":\"https:\/\/www.raytech.it\/#website\"},\"primaryImageOfPage\":{\"@id\":\"https:\/\/www.raytech.it\/de\/produkt\/niederspannung\/dose\/j-box#primaryimage\"},\"image\":{\"@id\":\"https:\/\/www.raytech.it\/de\/produkt\/niederspannung\/dose\/j-box#primaryimage\"},\"thumbnailUrl\":\"https:\/\/www.raytech.it\/wp-content\/uploads\/j-box.jpg\",\"datePublished\":\"2015-12-22T14:07:46+00:00\",\"dateModified\":\"2025-02-18T15:14:12+00:00\",\"breadcrumb\":{\"@id\":\"https:\/\/www.raytech.it\/de\/produkt\/niederspannung\/dose\/j-box#breadcrumb\"},\"inLanguage\":\"de\",\"potentialAction\":[{\"@type\":\"ReadAction\",\"target\":[\"https:\/\/www.raytech.it\/de\/produkt\/niederspannung\/dose\/j-box\"]}]},{\"@type\":\"ImageObject\",\"inLanguage\":\"de\",\"@id\":\"https:\/\/www.raytech.it\/de\/produkt\/niederspannung\/dose\/j-box#primaryimage\",\"url\":\"https:\/\/www.raytech.it\/wp-content\/uploads\/j-box.jpg\",\"contentUrl\":\"https:\/\/www.raytech.it\/wp-content\/uploads\/j-box.jpg\",\"width\":500,\"height\":500},{\"@type\":\"BreadcrumbList\",\"@id\":\"https:\/\/www.raytech.it\/de\/produkt\/niederspannung\/dose\/j-box#breadcrumb\",\"itemListElement\":[{\"@type\":\"ListItem\",\"position\":1,\"name\":\"Home\",\"item\":\"https:\/\/www.raytech.it\/de\"},{\"@type\":\"ListItem\",\"position\":2,\"name\":\"Shop\",\"item\":\"https:\/\/www.raytech.it\/de\/shop\"},{\"@type\":\"ListItem\",\"position\":3,\"name\":\"J-Box\"}]},{\"@type\":\"WebSite\",\"@id\":\"https:\/\/www.raytech.it\/#website\",\"url\":\"https:\/\/www.raytech.it\/\",\"name\":\"Raytech\",\"description\":\"Cable accessories company\",\"publisher\":{\"@id\":\"https:\/\/www.raytech.it\/#organization\"},\"potentialAction\":[{\"@type\":\"SearchAction\",\"target\":{\"@type\":\"EntryPoint\",\"urlTemplate\":\"https:\/\/www.raytech.it\/?s={search_term_string}\"},\"query-input\":{\"@type\":\"PropertyValueSpecification\",\"valueRequired\":true,\"valueName\":\"search_term_string\"}}],\"inLanguage\":\"de\"},{\"@type\":\"Organization\",\"@id\":\"https:\/\/www.raytech.it\/#organization\",\"name\":\"Raytech\",\"url\":\"https:\/\/www.raytech.it\/\",\"logo\":{\"@type\":\"ImageObject\",\"inLanguage\":\"de\",\"@id\":\"https:\/\/www.raytech.it\/#\/schema\/logo\/image\/\",\"url\":\"https:\/\/www.raytech.it\/wp-content\/uploads\/logo-raytech-2019-retina-3.png\",\"contentUrl\":\"https:\/\/www.raytech.it\/wp-content\/uploads\/logo-raytech-2019-retina-3.png\",\"width\":340,\"height\":90,\"caption\":\"Raytech\"},\"image\":{\"@id\":\"https:\/\/www.raytech.it\/#\/schema\/logo\/image\/\"},\"sameAs\":[\"https:\/\/www.facebook.com\/RaytechItaly\",\"https:\/\/www.instagram.com\/raytech_italy\/\",\"https:\/\/www.youtube.com\/user\/raytechitaly\",\"https:\/\/twitter.com\/Raytech_Italy\"]}]}<\/script>\n<!-- \/ Yoast SEO plugin. -->","yoast_head_json":{"title":"J-Box | Raytech","robots":{"index":"index","follow":"follow","max-snippet":"max-snippet:-1","max-image-preview":"max-image-preview:large","max-video-preview":"max-video-preview:-1"},"canonical":"https:\/\/www.raytech.it\/de\/produkt\/niederspannung\/dose\/j-box","og_locale":"de_DE","og_type":"article","og_title":"J-Box | Raytech","og_description":"Abzweigdose mit Schnappverschluss Abzweigk\u00e4sten mit Deckel mit Schnappverschluss und W\u00e4nden zum Aufbrechen mit L\u00f6chern f\u00fcr ein schnelleres Unterbringen von Kabelverschraubungen oder Kabeldurchf\u00fchrungen; mit hervorragenden mechanischen Eigenschaften und Brandverhalten. Ungiftig und [\u2026]","og_url":"https:\/\/www.raytech.it\/de\/produkt\/niederspannung\/dose\/j-box","og_site_name":"Raytech","article_publisher":"https:\/\/www.facebook.com\/RaytechItaly","article_modified_time":"2025-02-18T15:14:12+00:00","og_image":[{"width":500,"height":500,"url":"https:\/\/www.raytech.it\/wp-content\/uploads\/j-box.jpg","type":"image\/jpeg"}],"twitter_card":"summary_large_image","twitter_misc":{"Gesch\u00e4tzte Lesezeit":"1\u00a0Minute"},"schema":{"@context":"https:\/\/schema.org","@graph":[{"@type":"WebPage","@id":"https:\/\/www.raytech.it\/de\/produkt\/niederspannung\/dose\/j-box","url":"https:\/\/www.raytech.it\/de\/produkt\/niederspannung\/dose\/j-box","name":"J-Box | Raytech","isPartOf":{"@id":"https:\/\/www.raytech.it\/#website"},"primaryImageOfPage":{"@id":"https:\/\/www.raytech.it\/de\/produkt\/niederspannung\/dose\/j-box#primaryimage"},"image":{"@id":"https:\/\/www.raytech.it\/de\/produkt\/niederspannung\/dose\/j-box#primaryimage"},"thumbnailUrl":"https:\/\/www.raytech.it\/wp-content\/uploads\/j-box.jpg","datePublished":"2015-12-22T14:07:46+00:00","dateModified":"2025-02-18T15:14:12+00:00","breadcrumb":{"@id":"https:\/\/www.raytech.it\/de\/produkt\/niederspannung\/dose\/j-box#breadcrumb"},"inLanguage":"de","potentialAction":[{"@type":"ReadAction","target":["https:\/\/www.raytech.it\/de\/produkt\/niederspannung\/dose\/j-box"]}]},{"@type":"ImageObject","inLanguage":"de","@id":"https:\/\/www.raytech.it\/de\/produkt\/niederspannung\/dose\/j-box#primaryimage","url":"https:\/\/www.raytech.it\/wp-content\/uploads\/j-box.jpg","contentUrl":"https:\/\/www.raytech.it\/wp-content\/uploads\/j-box.jpg","width":500,"height":500},{"@type":"BreadcrumbList","@id":"https:\/\/www.raytech.it\/de\/produkt\/niederspannung\/dose\/j-box#breadcrumb","itemListElement":[{"@type":"ListItem","position":1,"name":"Home","item":"https:\/\/www.raytech.it\/de"},{"@type":"ListItem","position":2,"name":"Shop","item":"https:\/\/www.raytech.it\/de\/shop"},{"@type":"ListItem","position":3,"name":"J-Box"}]},{"@type":"WebSite","@id":"https:\/\/www.raytech.it\/#website","url":"https:\/\/www.raytech.it\/","name":"Raytech","description":"Cable accessories company","publisher":{"@id":"https:\/\/www.raytech.it\/#organization"},"potentialAction":[{"@type":"SearchAction","target":{"@type":"EntryPoint","urlTemplate":"https:\/\/www.raytech.it\/?s={search_term_string}"},"query-input":{"@type":"PropertyValueSpecification","valueRequired":true,"valueName":"search_term_string"}}],"inLanguage":"de"},{"@type":"Organization","@id":"https:\/\/www.raytech.it\/#organization","name":"Raytech","url":"https:\/\/www.raytech.it\/","logo":{"@type":"ImageObject","inLanguage":"de","@id":"https:\/\/www.raytech.it\/#\/schema\/logo\/image\/","url":"https:\/\/www.raytech.it\/wp-content\/uploads\/logo-raytech-2019-retina-3.png","contentUrl":"https:\/\/www.raytech.it\/wp-content\/uploads\/logo-raytech-2019-retina-3.png","width":340,"height":90,"caption":"Raytech"},"image":{"@id":"https:\/\/www.raytech.it\/#\/schema\/logo\/image\/"},"sameAs":["https:\/\/www.facebook.com\/RaytechItaly","https:\/\/www.instagram.com\/raytech_italy\/","https:\/\/www.youtube.com\/user\/raytechitaly","https:\/\/twitter.com\/Raytech_Italy"]}]}},"_links":{"self":[{"href":"https:\/\/www.raytech.it\/de\/wp-json\/wp\/v2\/product\/6641","targetHints":{"allow":["GET"]}}],"collection":[{"href":"https:\/\/www.raytech.it\/de\/wp-json\/wp\/v2\/product"}],"about":[{"href":"https:\/\/www.raytech.it\/de\/wp-json\/wp\/v2\/types\/product"}],"wp:featuredmedia":[{"embeddable":true,"href":"https:\/\/www.raytech.it\/de\/wp-json\/wp\/v2\/media\/1382"}],"wp:attachment":[{"href":"https:\/\/www.raytech.it\/de\/wp-json\/wp\/v2\/media?parent=6641"}],"wp:term":[{"taxonomy":"product_brand","embeddable":true,"href":"https:\/\/www.raytech.it\/de\/wp-json\/wp\/v2\/product_brand?post=6641"},{"taxonomy":"product_cat","embeddable":true,"href":"https:\/\/www.raytech.it\/de\/wp-json\/wp\/v2\/product_cat?post=6641"},{"taxonomy":"product_tag","embeddable":true,"href":"https:\/\/www.raytech.it\/de\/wp-json\/wp\/v2\/product_tag?post=6641"}],"curies":[{"name":"wp","href":"https:\/\/api.w.org\/{rel}","templated":true}]}}