{"id":6676,"date":"2015-07-15T15:44:46","date_gmt":"2015-12-22T15:38:17","guid":{"rendered":"https:\/\/www.raytech.it\/?post_type=product&#038;p=6676&#038;lang=de"},"modified":"2025-02-18T16:03:27","modified_gmt":"2025-02-18T15:03:27","slug":"guaine-a-medio-spessore-mtr","status":"publish","type":"product","link":"https:\/\/www.raytech.it\/de\/produkt\/niederspannung\/waermschrumpftechnik-de-2\/schlaeuche\/mittelwandig\/guaine-a-medio-spessore-mtr","title":{"rendered":"Mittelwandige Schl\u00e4uche MTR"},"content":{"rendered":"<h4><span style=\"color: #009832;\">Mittelwandige Schl\u00e4uche<\/span><\/h4>\n<p>Schrumpfschlauch aus modifiziertem und mittels Bestrahlung vernetztem Polyolefin zum Isolieren, Versiegeln und Sch\u00fctzen von Niederspannungskomponenten. Wird auch zur Reparatur von Isolierungen und zur \u00e4u\u00dferen Abdeckung von Niederspannungskabeln sowie \u00fcberall dort, wo eine hervorragende mechanische Widerstandsf\u00e4higkeit gegen St\u00f6\u00dfe, Abrieb, Witterungsbedingungen im Allgemeinen, wie UV-Strahlung erforderlich ist, oder unter Wasser verwendet. Zur Isolierung von Schranken oder freiliegenden Niederspannungsanschl\u00fcssen mit hervorragender mechanischer Widerstandsf\u00e4higkeit, zum Versiegeln, besonders in Verbindung mit Schmelzkleber und zum Schutz vor Korrosion. Ersetzt au\u00dferdem selbstklebende und selbstbindende B\u00e4nder.<\/p>\n","protected":false},"excerpt":{"rendered":"<p>Mittelwandige Schl\u00e4uche Schrumpfschlauch aus modifiziertem und mittels Bestrahlung vernetztem Polyolefin zum Isolieren, Versiegeln und Sch\u00fctzen von Niederspannungskomponenten. Wird auch zur Reparatur von Isolierungen und zur \u00e4u\u00dferen Abdeckung von Niederspannungskabeln sowie<span class=\"excerpt-hellip\"> [\u2026]<\/span><\/p>\n","protected":false},"featured_media":2264,"template":"","meta":[],"product_brand":[],"product_cat":[280,289,469,483],"product_tag":[],"class_list":{"0":"post-6676","1":"product","2":"type-product","3":"status-publish","4":"has-post-thumbnail","6":"product_cat-niederspannung","7":"product_cat-waermschrumpftechnik-de-2","8":"product_cat-schlaeuche","9":"product_cat-mittelwandig","11":"first","12":"instock","13":"taxable","14":"shipping-taxable","15":"product-type-simple"},"yoast_head":"<!-- This site is optimized with the Yoast SEO plugin v26.5 - https:\/\/yoast.com\/wordpress\/plugins\/seo\/ -->\n<title>Mittelwandige Schl\u00e4uche MTR | Raytech<\/title>\n<meta name=\"robots\" content=\"index, follow, max-snippet:-1, max-image-preview:large, max-video-preview:-1\" \/>\n<link rel=\"canonical\" href=\"https:\/\/www.raytech.it\/de\/produkt\/niederspannung\/waermschrumpftechnik-de-2\/schlaeuche\/mittelwandig\/guaine-a-medio-spessore-mtr\" \/>\n<meta property=\"og:locale\" content=\"de_DE\" \/>\n<meta property=\"og:type\" content=\"article\" \/>\n<meta property=\"og:title\" content=\"Mittelwandige Schl\u00e4uche MTR | Raytech\" \/>\n<meta property=\"og:description\" content=\"Mittelwandige Schl\u00e4uche Schrumpfschlauch aus modifiziertem und mittels Bestrahlung vernetztem Polyolefin zum Isolieren, Versiegeln und Sch\u00fctzen von Niederspannungskomponenten. Wird auch zur Reparatur von Isolierungen und zur \u00e4u\u00dferen Abdeckung von Niederspannungskabeln sowie [\u2026]\" \/>\n<meta property=\"og:url\" content=\"https:\/\/www.raytech.it\/de\/produkt\/niederspannung\/waermschrumpftechnik-de-2\/schlaeuche\/mittelwandig\/guaine-a-medio-spessore-mtr\" \/>\n<meta property=\"og:site_name\" content=\"Raytech\" \/>\n<meta property=\"article:publisher\" content=\"https:\/\/www.facebook.com\/RaytechItaly\" \/>\n<meta property=\"article:modified_time\" content=\"2025-02-18T15:03:27+00:00\" \/>\n<meta property=\"og:image\" content=\"https:\/\/www.raytech.it\/wp-content\/uploads\/mtr.jpg\" \/>\n\t<meta property=\"og:image:width\" content=\"1024\" \/>\n\t<meta property=\"og:image:height\" content=\"1024\" \/>\n\t<meta property=\"og:image:type\" content=\"image\/jpeg\" \/>\n<meta name=\"twitter:card\" content=\"summary_large_image\" \/>\n<script type=\"application\/ld+json\" class=\"yoast-schema-graph\">{\"@context\":\"https:\/\/schema.org\",\"@graph\":[{\"@type\":\"WebPage\",\"@id\":\"https:\/\/www.raytech.it\/de\/produkt\/niederspannung\/waermschrumpftechnik-de-2\/schlaeuche\/mittelwandig\/guaine-a-medio-spessore-mtr\",\"url\":\"https:\/\/www.raytech.it\/de\/produkt\/niederspannung\/waermschrumpftechnik-de-2\/schlaeuche\/mittelwandig\/guaine-a-medio-spessore-mtr\",\"name\":\"Mittelwandige Schl\u00e4uche MTR | Raytech\",\"isPartOf\":{\"@id\":\"https:\/\/www.raytech.it\/#website\"},\"primaryImageOfPage\":{\"@id\":\"https:\/\/www.raytech.it\/de\/produkt\/niederspannung\/waermschrumpftechnik-de-2\/schlaeuche\/mittelwandig\/guaine-a-medio-spessore-mtr#primaryimage\"},\"image\":{\"@id\":\"https:\/\/www.raytech.it\/de\/produkt\/niederspannung\/waermschrumpftechnik-de-2\/schlaeuche\/mittelwandig\/guaine-a-medio-spessore-mtr#primaryimage\"},\"thumbnailUrl\":\"https:\/\/www.raytech.it\/wp-content\/uploads\/mtr.jpg\",\"datePublished\":\"2015-12-22T15:38:17+00:00\",\"dateModified\":\"2025-02-18T15:03:27+00:00\",\"breadcrumb\":{\"@id\":\"https:\/\/www.raytech.it\/de\/produkt\/niederspannung\/waermschrumpftechnik-de-2\/schlaeuche\/mittelwandig\/guaine-a-medio-spessore-mtr#breadcrumb\"},\"inLanguage\":\"de\",\"potentialAction\":[{\"@type\":\"ReadAction\",\"target\":[\"https:\/\/www.raytech.it\/de\/produkt\/niederspannung\/waermschrumpftechnik-de-2\/schlaeuche\/mittelwandig\/guaine-a-medio-spessore-mtr\"]}]},{\"@type\":\"ImageObject\",\"inLanguage\":\"de\",\"@id\":\"https:\/\/www.raytech.it\/de\/produkt\/niederspannung\/waermschrumpftechnik-de-2\/schlaeuche\/mittelwandig\/guaine-a-medio-spessore-mtr#primaryimage\",\"url\":\"https:\/\/www.raytech.it\/wp-content\/uploads\/mtr.jpg\",\"contentUrl\":\"https:\/\/www.raytech.it\/wp-content\/uploads\/mtr.jpg\",\"width\":1024,\"height\":1024},{\"@type\":\"BreadcrumbList\",\"@id\":\"https:\/\/www.raytech.it\/de\/produkt\/niederspannung\/waermschrumpftechnik-de-2\/schlaeuche\/mittelwandig\/guaine-a-medio-spessore-mtr#breadcrumb\",\"itemListElement\":[{\"@type\":\"ListItem\",\"position\":1,\"name\":\"Home\",\"item\":\"https:\/\/www.raytech.it\/de\"},{\"@type\":\"ListItem\",\"position\":2,\"name\":\"Shop\",\"item\":\"https:\/\/www.raytech.it\/de\/shop\"},{\"@type\":\"ListItem\",\"position\":3,\"name\":\"Mittelwandige Schl\u00e4uche MTR\"}]},{\"@type\":\"WebSite\",\"@id\":\"https:\/\/www.raytech.it\/#website\",\"url\":\"https:\/\/www.raytech.it\/\",\"name\":\"Raytech\",\"description\":\"Cable accessories company\",\"publisher\":{\"@id\":\"https:\/\/www.raytech.it\/#organization\"},\"potentialAction\":[{\"@type\":\"SearchAction\",\"target\":{\"@type\":\"EntryPoint\",\"urlTemplate\":\"https:\/\/www.raytech.it\/?s={search_term_string}\"},\"query-input\":{\"@type\":\"PropertyValueSpecification\",\"valueRequired\":true,\"valueName\":\"search_term_string\"}}],\"inLanguage\":\"de\"},{\"@type\":\"Organization\",\"@id\":\"https:\/\/www.raytech.it\/#organization\",\"name\":\"Raytech\",\"url\":\"https:\/\/www.raytech.it\/\",\"logo\":{\"@type\":\"ImageObject\",\"inLanguage\":\"de\",\"@id\":\"https:\/\/www.raytech.it\/#\/schema\/logo\/image\/\",\"url\":\"https:\/\/www.raytech.it\/wp-content\/uploads\/logo-raytech-2019-retina-3.png\",\"contentUrl\":\"https:\/\/www.raytech.it\/wp-content\/uploads\/logo-raytech-2019-retina-3.png\",\"width\":340,\"height\":90,\"caption\":\"Raytech\"},\"image\":{\"@id\":\"https:\/\/www.raytech.it\/#\/schema\/logo\/image\/\"},\"sameAs\":[\"https:\/\/www.facebook.com\/RaytechItaly\",\"https:\/\/www.instagram.com\/raytech_italy\/\",\"https:\/\/www.youtube.com\/user\/raytechitaly\",\"https:\/\/twitter.com\/Raytech_Italy\"]}]}<\/script>\n<!-- \/ Yoast SEO plugin. -->","yoast_head_json":{"title":"Mittelwandige Schl\u00e4uche MTR | Raytech","robots":{"index":"index","follow":"follow","max-snippet":"max-snippet:-1","max-image-preview":"max-image-preview:large","max-video-preview":"max-video-preview:-1"},"canonical":"https:\/\/www.raytech.it\/de\/produkt\/niederspannung\/waermschrumpftechnik-de-2\/schlaeuche\/mittelwandig\/guaine-a-medio-spessore-mtr","og_locale":"de_DE","og_type":"article","og_title":"Mittelwandige Schl\u00e4uche MTR | Raytech","og_description":"Mittelwandige Schl\u00e4uche Schrumpfschlauch aus modifiziertem und mittels Bestrahlung vernetztem Polyolefin zum Isolieren, Versiegeln und Sch\u00fctzen von Niederspannungskomponenten. Wird auch zur Reparatur von Isolierungen und zur \u00e4u\u00dferen Abdeckung von Niederspannungskabeln sowie [\u2026]","og_url":"https:\/\/www.raytech.it\/de\/produkt\/niederspannung\/waermschrumpftechnik-de-2\/schlaeuche\/mittelwandig\/guaine-a-medio-spessore-mtr","og_site_name":"Raytech","article_publisher":"https:\/\/www.facebook.com\/RaytechItaly","article_modified_time":"2025-02-18T15:03:27+00:00","og_image":[{"width":1024,"height":1024,"url":"https:\/\/www.raytech.it\/wp-content\/uploads\/mtr.jpg","type":"image\/jpeg"}],"twitter_card":"summary_large_image","schema":{"@context":"https:\/\/schema.org","@graph":[{"@type":"WebPage","@id":"https:\/\/www.raytech.it\/de\/produkt\/niederspannung\/waermschrumpftechnik-de-2\/schlaeuche\/mittelwandig\/guaine-a-medio-spessore-mtr","url":"https:\/\/www.raytech.it\/de\/produkt\/niederspannung\/waermschrumpftechnik-de-2\/schlaeuche\/mittelwandig\/guaine-a-medio-spessore-mtr","name":"Mittelwandige Schl\u00e4uche MTR | Raytech","isPartOf":{"@id":"https:\/\/www.raytech.it\/#website"},"primaryImageOfPage":{"@id":"https:\/\/www.raytech.it\/de\/produkt\/niederspannung\/waermschrumpftechnik-de-2\/schlaeuche\/mittelwandig\/guaine-a-medio-spessore-mtr#primaryimage"},"image":{"@id":"https:\/\/www.raytech.it\/de\/produkt\/niederspannung\/waermschrumpftechnik-de-2\/schlaeuche\/mittelwandig\/guaine-a-medio-spessore-mtr#primaryimage"},"thumbnailUrl":"https:\/\/www.raytech.it\/wp-content\/uploads\/mtr.jpg","datePublished":"2015-12-22T15:38:17+00:00","dateModified":"2025-02-18T15:03:27+00:00","breadcrumb":{"@id":"https:\/\/www.raytech.it\/de\/produkt\/niederspannung\/waermschrumpftechnik-de-2\/schlaeuche\/mittelwandig\/guaine-a-medio-spessore-mtr#breadcrumb"},"inLanguage":"de","potentialAction":[{"@type":"ReadAction","target":["https:\/\/www.raytech.it\/de\/produkt\/niederspannung\/waermschrumpftechnik-de-2\/schlaeuche\/mittelwandig\/guaine-a-medio-spessore-mtr"]}]},{"@type":"ImageObject","inLanguage":"de","@id":"https:\/\/www.raytech.it\/de\/produkt\/niederspannung\/waermschrumpftechnik-de-2\/schlaeuche\/mittelwandig\/guaine-a-medio-spessore-mtr#primaryimage","url":"https:\/\/www.raytech.it\/wp-content\/uploads\/mtr.jpg","contentUrl":"https:\/\/www.raytech.it\/wp-content\/uploads\/mtr.jpg","width":1024,"height":1024},{"@type":"BreadcrumbList","@id":"https:\/\/www.raytech.it\/de\/produkt\/niederspannung\/waermschrumpftechnik-de-2\/schlaeuche\/mittelwandig\/guaine-a-medio-spessore-mtr#breadcrumb","itemListElement":[{"@type":"ListItem","position":1,"name":"Home","item":"https:\/\/www.raytech.it\/de"},{"@type":"ListItem","position":2,"name":"Shop","item":"https:\/\/www.raytech.it\/de\/shop"},{"@type":"ListItem","position":3,"name":"Mittelwandige Schl\u00e4uche MTR"}]},{"@type":"WebSite","@id":"https:\/\/www.raytech.it\/#website","url":"https:\/\/www.raytech.it\/","name":"Raytech","description":"Cable accessories company","publisher":{"@id":"https:\/\/www.raytech.it\/#organization"},"potentialAction":[{"@type":"SearchAction","target":{"@type":"EntryPoint","urlTemplate":"https:\/\/www.raytech.it\/?s={search_term_string}"},"query-input":{"@type":"PropertyValueSpecification","valueRequired":true,"valueName":"search_term_string"}}],"inLanguage":"de"},{"@type":"Organization","@id":"https:\/\/www.raytech.it\/#organization","name":"Raytech","url":"https:\/\/www.raytech.it\/","logo":{"@type":"ImageObject","inLanguage":"de","@id":"https:\/\/www.raytech.it\/#\/schema\/logo\/image\/","url":"https:\/\/www.raytech.it\/wp-content\/uploads\/logo-raytech-2019-retina-3.png","contentUrl":"https:\/\/www.raytech.it\/wp-content\/uploads\/logo-raytech-2019-retina-3.png","width":340,"height":90,"caption":"Raytech"},"image":{"@id":"https:\/\/www.raytech.it\/#\/schema\/logo\/image\/"},"sameAs":["https:\/\/www.facebook.com\/RaytechItaly","https:\/\/www.instagram.com\/raytech_italy\/","https:\/\/www.youtube.com\/user\/raytechitaly","https:\/\/twitter.com\/Raytech_Italy"]}]}},"_links":{"self":[{"href":"https:\/\/www.raytech.it\/de\/wp-json\/wp\/v2\/product\/6676","targetHints":{"allow":["GET"]}}],"collection":[{"href":"https:\/\/www.raytech.it\/de\/wp-json\/wp\/v2\/product"}],"about":[{"href":"https:\/\/www.raytech.it\/de\/wp-json\/wp\/v2\/types\/product"}],"wp:featuredmedia":[{"embeddable":true,"href":"https:\/\/www.raytech.it\/de\/wp-json\/wp\/v2\/media\/2264"}],"wp:attachment":[{"href":"https:\/\/www.raytech.it\/de\/wp-json\/wp\/v2\/media?parent=6676"}],"wp:term":[{"taxonomy":"product_brand","embeddable":true,"href":"https:\/\/www.raytech.it\/de\/wp-json\/wp\/v2\/product_brand?post=6676"},{"taxonomy":"product_cat","embeddable":true,"href":"https:\/\/www.raytech.it\/de\/wp-json\/wp\/v2\/product_cat?post=6676"},{"taxonomy":"product_tag","embeddable":true,"href":"https:\/\/www.raytech.it\/de\/wp-json\/wp\/v2\/product_tag?post=6676"}],"curies":[{"name":"wp","href":"https:\/\/api.w.org\/{rel}","templated":true}]}}