{"id":6682,"date":"2015-07-16T09:50:39","date_gmt":"2015-12-22T15:56:25","guid":{"rendered":"https:\/\/www.raytech.it\/?post_type=product&#038;p=6682&#038;lang=de"},"modified":"2025-02-18T14:40:37","modified_gmt":"2025-02-18T13:40:37","slug":"rayteam","status":"publish","type":"product","link":"https:\/\/www.raytech.it\/de\/produkt\/niederspannung\/isolierbaender\/selbstklebende-baender-aus-pvc\/rayteam","title":{"rendered":"Rayteam"},"content":{"rendered":"<h4><span style=\"color: #009832;\">Selbstklebend zur allgemeinen Verwendung<\/span><\/h4>\n<p>Isolierklebeband aus PVC f\u00fcr elektrische Anwendungen und mechanischen Schutz zum normalen Gebrauch. Es ist geeignet als Isolierstoff f\u00fcr Niederspannungsverbindungen, als Kabelmantel und als Verkleidung von Zubeh\u00f6rteilen und handgefertigten Erzeugnissen. Es ist selbstl\u00f6schend und es pflanzt die Flamme nicht fort. Es ist alterungsfest und wetter-, kohlenwasserbest\u00e4ndig, chemisch best\u00e4ndig und abriebfest.<\/p>\n","protected":false},"excerpt":{"rendered":"<p>Selbstklebend zur allgemeinen Verwendung Isolierklebeband aus PVC f\u00fcr elektrische Anwendungen und mechanischen Schutz zum normalen Gebrauch. Es ist geeignet als Isolierstoff f\u00fcr Niederspannungsverbindungen, als Kabelmantel und als Verkleidung von Zubeh\u00f6rteilen<span class=\"excerpt-hellip\"> [\u2026]<\/span><\/p>\n","protected":false},"featured_media":1389,"template":"","meta":[],"product_brand":[],"product_cat":[280,291,293],"product_tag":[],"class_list":{"0":"post-6682","1":"product","2":"type-product","3":"status-publish","4":"has-post-thumbnail","6":"product_cat-niederspannung","7":"product_cat-isolierbaender","8":"product_cat-selbstklebende-baender-aus-pvc","10":"first","11":"instock","12":"taxable","13":"shipping-taxable","14":"product-type-simple"},"yoast_head":"<!-- This site is optimized with the Yoast SEO plugin v26.5 - https:\/\/yoast.com\/wordpress\/plugins\/seo\/ -->\n<title>Rayteam | Raytech<\/title>\n<meta name=\"robots\" content=\"index, follow, max-snippet:-1, max-image-preview:large, max-video-preview:-1\" \/>\n<link rel=\"canonical\" href=\"https:\/\/www.raytech.it\/de\/produkt\/niederspannung\/isolierbaender\/selbstklebende-baender-aus-pvc\/rayteam\" \/>\n<meta property=\"og:locale\" content=\"de_DE\" \/>\n<meta property=\"og:type\" content=\"article\" \/>\n<meta property=\"og:title\" content=\"Rayteam | Raytech\" \/>\n<meta property=\"og:description\" content=\"Selbstklebend zur allgemeinen Verwendung Isolierklebeband aus PVC f\u00fcr elektrische Anwendungen und mechanischen Schutz zum normalen Gebrauch. Es ist geeignet als Isolierstoff f\u00fcr Niederspannungsverbindungen, als Kabelmantel und als Verkleidung von Zubeh\u00f6rteilen [\u2026]\" \/>\n<meta property=\"og:url\" content=\"https:\/\/www.raytech.it\/de\/produkt\/niederspannung\/isolierbaender\/selbstklebende-baender-aus-pvc\/rayteam\" \/>\n<meta property=\"og:site_name\" content=\"Raytech\" \/>\n<meta property=\"article:publisher\" content=\"https:\/\/www.facebook.com\/RaytechItaly\" \/>\n<meta property=\"article:modified_time\" content=\"2025-02-18T13:40:37+00:00\" \/>\n<meta property=\"og:image\" content=\"https:\/\/www.raytech.it\/wp-content\/uploads\/rayteam.jpg\" \/>\n\t<meta property=\"og:image:width\" content=\"500\" \/>\n\t<meta property=\"og:image:height\" content=\"500\" \/>\n\t<meta property=\"og:image:type\" content=\"image\/jpeg\" \/>\n<meta name=\"twitter:card\" content=\"summary_large_image\" \/>\n<script type=\"application\/ld+json\" class=\"yoast-schema-graph\">{\"@context\":\"https:\/\/schema.org\",\"@graph\":[{\"@type\":\"WebPage\",\"@id\":\"https:\/\/www.raytech.it\/de\/produkt\/niederspannung\/isolierbaender\/selbstklebende-baender-aus-pvc\/rayteam\",\"url\":\"https:\/\/www.raytech.it\/de\/produkt\/niederspannung\/isolierbaender\/selbstklebende-baender-aus-pvc\/rayteam\",\"name\":\"Rayteam | Raytech\",\"isPartOf\":{\"@id\":\"https:\/\/www.raytech.it\/#website\"},\"primaryImageOfPage\":{\"@id\":\"https:\/\/www.raytech.it\/de\/produkt\/niederspannung\/isolierbaender\/selbstklebende-baender-aus-pvc\/rayteam#primaryimage\"},\"image\":{\"@id\":\"https:\/\/www.raytech.it\/de\/produkt\/niederspannung\/isolierbaender\/selbstklebende-baender-aus-pvc\/rayteam#primaryimage\"},\"thumbnailUrl\":\"https:\/\/www.raytech.it\/wp-content\/uploads\/rayteam.jpg\",\"datePublished\":\"2015-12-22T15:56:25+00:00\",\"dateModified\":\"2025-02-18T13:40:37+00:00\",\"breadcrumb\":{\"@id\":\"https:\/\/www.raytech.it\/de\/produkt\/niederspannung\/isolierbaender\/selbstklebende-baender-aus-pvc\/rayteam#breadcrumb\"},\"inLanguage\":\"de\",\"potentialAction\":[{\"@type\":\"ReadAction\",\"target\":[\"https:\/\/www.raytech.it\/de\/produkt\/niederspannung\/isolierbaender\/selbstklebende-baender-aus-pvc\/rayteam\"]}]},{\"@type\":\"ImageObject\",\"inLanguage\":\"de\",\"@id\":\"https:\/\/www.raytech.it\/de\/produkt\/niederspannung\/isolierbaender\/selbstklebende-baender-aus-pvc\/rayteam#primaryimage\",\"url\":\"https:\/\/www.raytech.it\/wp-content\/uploads\/rayteam.jpg\",\"contentUrl\":\"https:\/\/www.raytech.it\/wp-content\/uploads\/rayteam.jpg\",\"width\":500,\"height\":500},{\"@type\":\"BreadcrumbList\",\"@id\":\"https:\/\/www.raytech.it\/de\/produkt\/niederspannung\/isolierbaender\/selbstklebende-baender-aus-pvc\/rayteam#breadcrumb\",\"itemListElement\":[{\"@type\":\"ListItem\",\"position\":1,\"name\":\"Home\",\"item\":\"https:\/\/www.raytech.it\/de\"},{\"@type\":\"ListItem\",\"position\":2,\"name\":\"Shop\",\"item\":\"https:\/\/www.raytech.it\/de\/shop\"},{\"@type\":\"ListItem\",\"position\":3,\"name\":\"Rayteam\"}]},{\"@type\":\"WebSite\",\"@id\":\"https:\/\/www.raytech.it\/#website\",\"url\":\"https:\/\/www.raytech.it\/\",\"name\":\"Raytech\",\"description\":\"Cable accessories company\",\"publisher\":{\"@id\":\"https:\/\/www.raytech.it\/#organization\"},\"potentialAction\":[{\"@type\":\"SearchAction\",\"target\":{\"@type\":\"EntryPoint\",\"urlTemplate\":\"https:\/\/www.raytech.it\/?s={search_term_string}\"},\"query-input\":{\"@type\":\"PropertyValueSpecification\",\"valueRequired\":true,\"valueName\":\"search_term_string\"}}],\"inLanguage\":\"de\"},{\"@type\":\"Organization\",\"@id\":\"https:\/\/www.raytech.it\/#organization\",\"name\":\"Raytech\",\"url\":\"https:\/\/www.raytech.it\/\",\"logo\":{\"@type\":\"ImageObject\",\"inLanguage\":\"de\",\"@id\":\"https:\/\/www.raytech.it\/#\/schema\/logo\/image\/\",\"url\":\"https:\/\/www.raytech.it\/wp-content\/uploads\/logo-raytech-2019-retina-3.png\",\"contentUrl\":\"https:\/\/www.raytech.it\/wp-content\/uploads\/logo-raytech-2019-retina-3.png\",\"width\":340,\"height\":90,\"caption\":\"Raytech\"},\"image\":{\"@id\":\"https:\/\/www.raytech.it\/#\/schema\/logo\/image\/\"},\"sameAs\":[\"https:\/\/www.facebook.com\/RaytechItaly\",\"https:\/\/www.instagram.com\/raytech_italy\/\",\"https:\/\/www.youtube.com\/user\/raytechitaly\",\"https:\/\/twitter.com\/Raytech_Italy\"]}]}<\/script>\n<!-- \/ Yoast SEO plugin. -->","yoast_head_json":{"title":"Rayteam | Raytech","robots":{"index":"index","follow":"follow","max-snippet":"max-snippet:-1","max-image-preview":"max-image-preview:large","max-video-preview":"max-video-preview:-1"},"canonical":"https:\/\/www.raytech.it\/de\/produkt\/niederspannung\/isolierbaender\/selbstklebende-baender-aus-pvc\/rayteam","og_locale":"de_DE","og_type":"article","og_title":"Rayteam | Raytech","og_description":"Selbstklebend zur allgemeinen Verwendung Isolierklebeband aus PVC f\u00fcr elektrische Anwendungen und mechanischen Schutz zum normalen Gebrauch. Es ist geeignet als Isolierstoff f\u00fcr Niederspannungsverbindungen, als Kabelmantel und als Verkleidung von Zubeh\u00f6rteilen [\u2026]","og_url":"https:\/\/www.raytech.it\/de\/produkt\/niederspannung\/isolierbaender\/selbstklebende-baender-aus-pvc\/rayteam","og_site_name":"Raytech","article_publisher":"https:\/\/www.facebook.com\/RaytechItaly","article_modified_time":"2025-02-18T13:40:37+00:00","og_image":[{"width":500,"height":500,"url":"https:\/\/www.raytech.it\/wp-content\/uploads\/rayteam.jpg","type":"image\/jpeg"}],"twitter_card":"summary_large_image","schema":{"@context":"https:\/\/schema.org","@graph":[{"@type":"WebPage","@id":"https:\/\/www.raytech.it\/de\/produkt\/niederspannung\/isolierbaender\/selbstklebende-baender-aus-pvc\/rayteam","url":"https:\/\/www.raytech.it\/de\/produkt\/niederspannung\/isolierbaender\/selbstklebende-baender-aus-pvc\/rayteam","name":"Rayteam | Raytech","isPartOf":{"@id":"https:\/\/www.raytech.it\/#website"},"primaryImageOfPage":{"@id":"https:\/\/www.raytech.it\/de\/produkt\/niederspannung\/isolierbaender\/selbstklebende-baender-aus-pvc\/rayteam#primaryimage"},"image":{"@id":"https:\/\/www.raytech.it\/de\/produkt\/niederspannung\/isolierbaender\/selbstklebende-baender-aus-pvc\/rayteam#primaryimage"},"thumbnailUrl":"https:\/\/www.raytech.it\/wp-content\/uploads\/rayteam.jpg","datePublished":"2015-12-22T15:56:25+00:00","dateModified":"2025-02-18T13:40:37+00:00","breadcrumb":{"@id":"https:\/\/www.raytech.it\/de\/produkt\/niederspannung\/isolierbaender\/selbstklebende-baender-aus-pvc\/rayteam#breadcrumb"},"inLanguage":"de","potentialAction":[{"@type":"ReadAction","target":["https:\/\/www.raytech.it\/de\/produkt\/niederspannung\/isolierbaender\/selbstklebende-baender-aus-pvc\/rayteam"]}]},{"@type":"ImageObject","inLanguage":"de","@id":"https:\/\/www.raytech.it\/de\/produkt\/niederspannung\/isolierbaender\/selbstklebende-baender-aus-pvc\/rayteam#primaryimage","url":"https:\/\/www.raytech.it\/wp-content\/uploads\/rayteam.jpg","contentUrl":"https:\/\/www.raytech.it\/wp-content\/uploads\/rayteam.jpg","width":500,"height":500},{"@type":"BreadcrumbList","@id":"https:\/\/www.raytech.it\/de\/produkt\/niederspannung\/isolierbaender\/selbstklebende-baender-aus-pvc\/rayteam#breadcrumb","itemListElement":[{"@type":"ListItem","position":1,"name":"Home","item":"https:\/\/www.raytech.it\/de"},{"@type":"ListItem","position":2,"name":"Shop","item":"https:\/\/www.raytech.it\/de\/shop"},{"@type":"ListItem","position":3,"name":"Rayteam"}]},{"@type":"WebSite","@id":"https:\/\/www.raytech.it\/#website","url":"https:\/\/www.raytech.it\/","name":"Raytech","description":"Cable accessories company","publisher":{"@id":"https:\/\/www.raytech.it\/#organization"},"potentialAction":[{"@type":"SearchAction","target":{"@type":"EntryPoint","urlTemplate":"https:\/\/www.raytech.it\/?s={search_term_string}"},"query-input":{"@type":"PropertyValueSpecification","valueRequired":true,"valueName":"search_term_string"}}],"inLanguage":"de"},{"@type":"Organization","@id":"https:\/\/www.raytech.it\/#organization","name":"Raytech","url":"https:\/\/www.raytech.it\/","logo":{"@type":"ImageObject","inLanguage":"de","@id":"https:\/\/www.raytech.it\/#\/schema\/logo\/image\/","url":"https:\/\/www.raytech.it\/wp-content\/uploads\/logo-raytech-2019-retina-3.png","contentUrl":"https:\/\/www.raytech.it\/wp-content\/uploads\/logo-raytech-2019-retina-3.png","width":340,"height":90,"caption":"Raytech"},"image":{"@id":"https:\/\/www.raytech.it\/#\/schema\/logo\/image\/"},"sameAs":["https:\/\/www.facebook.com\/RaytechItaly","https:\/\/www.instagram.com\/raytech_italy\/","https:\/\/www.youtube.com\/user\/raytechitaly","https:\/\/twitter.com\/Raytech_Italy"]}]}},"_links":{"self":[{"href":"https:\/\/www.raytech.it\/de\/wp-json\/wp\/v2\/product\/6682","targetHints":{"allow":["GET"]}}],"collection":[{"href":"https:\/\/www.raytech.it\/de\/wp-json\/wp\/v2\/product"}],"about":[{"href":"https:\/\/www.raytech.it\/de\/wp-json\/wp\/v2\/types\/product"}],"wp:featuredmedia":[{"embeddable":true,"href":"https:\/\/www.raytech.it\/de\/wp-json\/wp\/v2\/media\/1389"}],"wp:attachment":[{"href":"https:\/\/www.raytech.it\/de\/wp-json\/wp\/v2\/media?parent=6682"}],"wp:term":[{"taxonomy":"product_brand","embeddable":true,"href":"https:\/\/www.raytech.it\/de\/wp-json\/wp\/v2\/product_brand?post=6682"},{"taxonomy":"product_cat","embeddable":true,"href":"https:\/\/www.raytech.it\/de\/wp-json\/wp\/v2\/product_cat?post=6682"},{"taxonomy":"product_tag","embeddable":true,"href":"https:\/\/www.raytech.it\/de\/wp-json\/wp\/v2\/product_tag?post=6682"}],"curies":[{"name":"wp","href":"https:\/\/api.w.org\/{rel}","templated":true}]}}