{"id":6692,"date":"2015-07-16T10:05:17","date_gmt":"2015-12-22T16:28:25","guid":{"rendered":"https:\/\/www.raytech.it\/?post_type=product&#038;p=6692&#038;lang=de"},"modified":"2025-02-20T04:25:37","modified_gmt":"2025-02-20T03:25:37","slug":"raytefill","status":"publish","type":"product","link":"https:\/\/www.raytech.it\/de\/produkt\/niederspannung\/isolierbaender\/bindemittel\/raytefill","title":{"rendered":"Raytefill"},"content":{"rendered":"<h4><span style=\"color: #009832;\">Selbstverschwei\u00dfendes Isolierband f\u00fcr Niederspannung mit gro\u00dfer Dicke<\/span><\/h4>\n<p>Selbstvershwei\u00dfendes Isolierband mit gro\u00dfer Dicke (3,2 mm) f\u00fcr Niederspannung zur schnellen Wiederherstellung des Isolierstoffs der Niederspannungskabel, zur Verkleidung von komplizierten Formen (Isolierung und Verkleidung von Verbinsungsst\u00fccken und den entsprechenden Bolzen, Klemmen, usw.) zum Schutz gegen Feuchte.Wenn dieses Isolierband aufgetragen wird, bildet es eine kompakte und nicht por\u00f6se Masse mit ausgezeichneten elektrischen Eigenschaften; au\u00dferdem ist es sehr alterungsfest und es gleicht sich den handgefertigten Erzeugnissen an, wo es aufgetragen wird.<\/p>\n","protected":false},"excerpt":{"rendered":"<p>Selbstverschwei\u00dfendes Isolierband f\u00fcr Niederspannung mit gro\u00dfer Dicke Selbstvershwei\u00dfendes Isolierband mit gro\u00dfer Dicke (3,2 mm) f\u00fcr Niederspannung zur schnellen Wiederherstellung des Isolierstoffs der Niederspannungskabel, zur Verkleidung von komplizierten Formen (Isolierung und<span class=\"excerpt-hellip\"> [\u2026]<\/span><\/p>\n","protected":false},"featured_media":1431,"template":"","meta":[],"product_brand":[],"product_cat":[280,291,294],"product_tag":[],"class_list":{"0":"post-6692","1":"product","2":"type-product","3":"status-publish","4":"has-post-thumbnail","6":"product_cat-niederspannung","7":"product_cat-isolierbaender","8":"product_cat-bindemittel","10":"first","11":"instock","12":"taxable","13":"shipping-taxable","14":"product-type-simple"},"yoast_head":"<!-- This site is optimized with the Yoast SEO plugin v26.5 - https:\/\/yoast.com\/wordpress\/plugins\/seo\/ -->\n<title>Raytefill | Raytech<\/title>\n<meta name=\"robots\" content=\"index, follow, max-snippet:-1, max-image-preview:large, max-video-preview:-1\" \/>\n<link rel=\"canonical\" href=\"https:\/\/www.raytech.it\/de\/produkt\/niederspannung\/isolierbaender\/bindemittel\/raytefill\" \/>\n<meta property=\"og:locale\" content=\"de_DE\" \/>\n<meta property=\"og:type\" content=\"article\" \/>\n<meta property=\"og:title\" content=\"Raytefill | Raytech\" \/>\n<meta property=\"og:description\" content=\"Selbstverschwei\u00dfendes Isolierband f\u00fcr Niederspannung mit gro\u00dfer Dicke Selbstvershwei\u00dfendes Isolierband mit gro\u00dfer Dicke (3,2 mm) f\u00fcr Niederspannung zur schnellen Wiederherstellung des Isolierstoffs der Niederspannungskabel, zur Verkleidung von komplizierten Formen (Isolierung und [\u2026]\" \/>\n<meta property=\"og:url\" content=\"https:\/\/www.raytech.it\/de\/produkt\/niederspannung\/isolierbaender\/bindemittel\/raytefill\" \/>\n<meta property=\"og:site_name\" content=\"Raytech\" \/>\n<meta property=\"article:publisher\" content=\"https:\/\/www.facebook.com\/RaytechItaly\" \/>\n<meta property=\"article:modified_time\" content=\"2025-02-20T03:25:37+00:00\" \/>\n<meta property=\"og:image\" content=\"https:\/\/www.raytech.it\/wp-content\/uploads\/raytefill.jpg\" \/>\n\t<meta property=\"og:image:width\" content=\"500\" \/>\n\t<meta property=\"og:image:height\" content=\"500\" \/>\n\t<meta property=\"og:image:type\" content=\"image\/jpeg\" \/>\n<meta name=\"twitter:card\" content=\"summary_large_image\" \/>\n<script type=\"application\/ld+json\" class=\"yoast-schema-graph\">{\"@context\":\"https:\/\/schema.org\",\"@graph\":[{\"@type\":\"WebPage\",\"@id\":\"https:\/\/www.raytech.it\/de\/produkt\/niederspannung\/isolierbaender\/bindemittel\/raytefill\",\"url\":\"https:\/\/www.raytech.it\/de\/produkt\/niederspannung\/isolierbaender\/bindemittel\/raytefill\",\"name\":\"Raytefill | Raytech\",\"isPartOf\":{\"@id\":\"https:\/\/www.raytech.it\/#website\"},\"primaryImageOfPage\":{\"@id\":\"https:\/\/www.raytech.it\/de\/produkt\/niederspannung\/isolierbaender\/bindemittel\/raytefill#primaryimage\"},\"image\":{\"@id\":\"https:\/\/www.raytech.it\/de\/produkt\/niederspannung\/isolierbaender\/bindemittel\/raytefill#primaryimage\"},\"thumbnailUrl\":\"https:\/\/www.raytech.it\/wp-content\/uploads\/raytefill.jpg\",\"datePublished\":\"2015-12-22T16:28:25+00:00\",\"dateModified\":\"2025-02-20T03:25:37+00:00\",\"breadcrumb\":{\"@id\":\"https:\/\/www.raytech.it\/de\/produkt\/niederspannung\/isolierbaender\/bindemittel\/raytefill#breadcrumb\"},\"inLanguage\":\"de\",\"potentialAction\":[{\"@type\":\"ReadAction\",\"target\":[\"https:\/\/www.raytech.it\/de\/produkt\/niederspannung\/isolierbaender\/bindemittel\/raytefill\"]}]},{\"@type\":\"ImageObject\",\"inLanguage\":\"de\",\"@id\":\"https:\/\/www.raytech.it\/de\/produkt\/niederspannung\/isolierbaender\/bindemittel\/raytefill#primaryimage\",\"url\":\"https:\/\/www.raytech.it\/wp-content\/uploads\/raytefill.jpg\",\"contentUrl\":\"https:\/\/www.raytech.it\/wp-content\/uploads\/raytefill.jpg\",\"width\":500,\"height\":500},{\"@type\":\"BreadcrumbList\",\"@id\":\"https:\/\/www.raytech.it\/de\/produkt\/niederspannung\/isolierbaender\/bindemittel\/raytefill#breadcrumb\",\"itemListElement\":[{\"@type\":\"ListItem\",\"position\":1,\"name\":\"Home\",\"item\":\"https:\/\/www.raytech.it\/de\"},{\"@type\":\"ListItem\",\"position\":2,\"name\":\"Shop\",\"item\":\"https:\/\/www.raytech.it\/de\/shop\"},{\"@type\":\"ListItem\",\"position\":3,\"name\":\"Raytefill\"}]},{\"@type\":\"WebSite\",\"@id\":\"https:\/\/www.raytech.it\/#website\",\"url\":\"https:\/\/www.raytech.it\/\",\"name\":\"Raytech\",\"description\":\"Cable accessories company\",\"publisher\":{\"@id\":\"https:\/\/www.raytech.it\/#organization\"},\"potentialAction\":[{\"@type\":\"SearchAction\",\"target\":{\"@type\":\"EntryPoint\",\"urlTemplate\":\"https:\/\/www.raytech.it\/?s={search_term_string}\"},\"query-input\":{\"@type\":\"PropertyValueSpecification\",\"valueRequired\":true,\"valueName\":\"search_term_string\"}}],\"inLanguage\":\"de\"},{\"@type\":\"Organization\",\"@id\":\"https:\/\/www.raytech.it\/#organization\",\"name\":\"Raytech\",\"url\":\"https:\/\/www.raytech.it\/\",\"logo\":{\"@type\":\"ImageObject\",\"inLanguage\":\"de\",\"@id\":\"https:\/\/www.raytech.it\/#\/schema\/logo\/image\/\",\"url\":\"https:\/\/www.raytech.it\/wp-content\/uploads\/logo-raytech-2019-retina-3.png\",\"contentUrl\":\"https:\/\/www.raytech.it\/wp-content\/uploads\/logo-raytech-2019-retina-3.png\",\"width\":340,\"height\":90,\"caption\":\"Raytech\"},\"image\":{\"@id\":\"https:\/\/www.raytech.it\/#\/schema\/logo\/image\/\"},\"sameAs\":[\"https:\/\/www.facebook.com\/RaytechItaly\",\"https:\/\/www.instagram.com\/raytech_italy\/\",\"https:\/\/www.youtube.com\/user\/raytechitaly\",\"https:\/\/twitter.com\/Raytech_Italy\"]}]}<\/script>\n<!-- \/ Yoast SEO plugin. -->","yoast_head_json":{"title":"Raytefill | Raytech","robots":{"index":"index","follow":"follow","max-snippet":"max-snippet:-1","max-image-preview":"max-image-preview:large","max-video-preview":"max-video-preview:-1"},"canonical":"https:\/\/www.raytech.it\/de\/produkt\/niederspannung\/isolierbaender\/bindemittel\/raytefill","og_locale":"de_DE","og_type":"article","og_title":"Raytefill | Raytech","og_description":"Selbstverschwei\u00dfendes Isolierband f\u00fcr Niederspannung mit gro\u00dfer Dicke Selbstvershwei\u00dfendes Isolierband mit gro\u00dfer Dicke (3,2 mm) f\u00fcr Niederspannung zur schnellen Wiederherstellung des Isolierstoffs der Niederspannungskabel, zur Verkleidung von komplizierten Formen (Isolierung und [\u2026]","og_url":"https:\/\/www.raytech.it\/de\/produkt\/niederspannung\/isolierbaender\/bindemittel\/raytefill","og_site_name":"Raytech","article_publisher":"https:\/\/www.facebook.com\/RaytechItaly","article_modified_time":"2025-02-20T03:25:37+00:00","og_image":[{"width":500,"height":500,"url":"https:\/\/www.raytech.it\/wp-content\/uploads\/raytefill.jpg","type":"image\/jpeg"}],"twitter_card":"summary_large_image","schema":{"@context":"https:\/\/schema.org","@graph":[{"@type":"WebPage","@id":"https:\/\/www.raytech.it\/de\/produkt\/niederspannung\/isolierbaender\/bindemittel\/raytefill","url":"https:\/\/www.raytech.it\/de\/produkt\/niederspannung\/isolierbaender\/bindemittel\/raytefill","name":"Raytefill | Raytech","isPartOf":{"@id":"https:\/\/www.raytech.it\/#website"},"primaryImageOfPage":{"@id":"https:\/\/www.raytech.it\/de\/produkt\/niederspannung\/isolierbaender\/bindemittel\/raytefill#primaryimage"},"image":{"@id":"https:\/\/www.raytech.it\/de\/produkt\/niederspannung\/isolierbaender\/bindemittel\/raytefill#primaryimage"},"thumbnailUrl":"https:\/\/www.raytech.it\/wp-content\/uploads\/raytefill.jpg","datePublished":"2015-12-22T16:28:25+00:00","dateModified":"2025-02-20T03:25:37+00:00","breadcrumb":{"@id":"https:\/\/www.raytech.it\/de\/produkt\/niederspannung\/isolierbaender\/bindemittel\/raytefill#breadcrumb"},"inLanguage":"de","potentialAction":[{"@type":"ReadAction","target":["https:\/\/www.raytech.it\/de\/produkt\/niederspannung\/isolierbaender\/bindemittel\/raytefill"]}]},{"@type":"ImageObject","inLanguage":"de","@id":"https:\/\/www.raytech.it\/de\/produkt\/niederspannung\/isolierbaender\/bindemittel\/raytefill#primaryimage","url":"https:\/\/www.raytech.it\/wp-content\/uploads\/raytefill.jpg","contentUrl":"https:\/\/www.raytech.it\/wp-content\/uploads\/raytefill.jpg","width":500,"height":500},{"@type":"BreadcrumbList","@id":"https:\/\/www.raytech.it\/de\/produkt\/niederspannung\/isolierbaender\/bindemittel\/raytefill#breadcrumb","itemListElement":[{"@type":"ListItem","position":1,"name":"Home","item":"https:\/\/www.raytech.it\/de"},{"@type":"ListItem","position":2,"name":"Shop","item":"https:\/\/www.raytech.it\/de\/shop"},{"@type":"ListItem","position":3,"name":"Raytefill"}]},{"@type":"WebSite","@id":"https:\/\/www.raytech.it\/#website","url":"https:\/\/www.raytech.it\/","name":"Raytech","description":"Cable accessories company","publisher":{"@id":"https:\/\/www.raytech.it\/#organization"},"potentialAction":[{"@type":"SearchAction","target":{"@type":"EntryPoint","urlTemplate":"https:\/\/www.raytech.it\/?s={search_term_string}"},"query-input":{"@type":"PropertyValueSpecification","valueRequired":true,"valueName":"search_term_string"}}],"inLanguage":"de"},{"@type":"Organization","@id":"https:\/\/www.raytech.it\/#organization","name":"Raytech","url":"https:\/\/www.raytech.it\/","logo":{"@type":"ImageObject","inLanguage":"de","@id":"https:\/\/www.raytech.it\/#\/schema\/logo\/image\/","url":"https:\/\/www.raytech.it\/wp-content\/uploads\/logo-raytech-2019-retina-3.png","contentUrl":"https:\/\/www.raytech.it\/wp-content\/uploads\/logo-raytech-2019-retina-3.png","width":340,"height":90,"caption":"Raytech"},"image":{"@id":"https:\/\/www.raytech.it\/#\/schema\/logo\/image\/"},"sameAs":["https:\/\/www.facebook.com\/RaytechItaly","https:\/\/www.instagram.com\/raytech_italy\/","https:\/\/www.youtube.com\/user\/raytechitaly","https:\/\/twitter.com\/Raytech_Italy"]}]}},"_links":{"self":[{"href":"https:\/\/www.raytech.it\/de\/wp-json\/wp\/v2\/product\/6692","targetHints":{"allow":["GET"]}}],"collection":[{"href":"https:\/\/www.raytech.it\/de\/wp-json\/wp\/v2\/product"}],"about":[{"href":"https:\/\/www.raytech.it\/de\/wp-json\/wp\/v2\/types\/product"}],"wp:featuredmedia":[{"embeddable":true,"href":"https:\/\/www.raytech.it\/de\/wp-json\/wp\/v2\/media\/1431"}],"wp:attachment":[{"href":"https:\/\/www.raytech.it\/de\/wp-json\/wp\/v2\/media?parent=6692"}],"wp:term":[{"taxonomy":"product_brand","embeddable":true,"href":"https:\/\/www.raytech.it\/de\/wp-json\/wp\/v2\/product_brand?post=6692"},{"taxonomy":"product_cat","embeddable":true,"href":"https:\/\/www.raytech.it\/de\/wp-json\/wp\/v2\/product_cat?post=6692"},{"taxonomy":"product_tag","embeddable":true,"href":"https:\/\/www.raytech.it\/de\/wp-json\/wp\/v2\/product_tag?post=6692"}],"curies":[{"name":"wp","href":"https:\/\/api.w.org\/{rel}","templated":true}]}}