{"id":6755,"date":"2015-07-16T12:49:51","date_gmt":"2015-12-28T10:30:11","guid":{"rendered":"https:\/\/www.raytech.it\/?post_type=product&#038;p=6755&#038;lang=de"},"modified":"2025-02-19T20:24:49","modified_gmt":"2025-02-19T19:24:49","slug":"flammensperre-in-intumeszenzbeuteln","status":"publish","type":"product","link":"https:\/\/www.raytech.it\/de\/produkt\/niederspannung\/flammschutzbarrieren\/flammensperre-in-intumeszenzbeuteln","title":{"rendered":"Flammensperre in Intumeszenzbeuteln"},"content":{"rendered":"<h4><span style=\"color: #009832;\">Fire Stop Bag<br \/>\nFlammensperre in Intumeszenzbeuteln<\/span><\/h4>\n<p>Feuerbest\u00e4ndige intumeszente Beutel zur Abdichtung der \u00d6ffnungen in Trennw\u00e4nden gegen Feuer. Sie sind in unterschiedlichen Formaten verf\u00fcgbar, welche die \u00d6ffnung obwohl in W\u00e4nden als auch in Decken undurchdringlich machen. Bei einer Temperatur von ungef\u00e4hr 200\u00b0C beginnt das Material sich zu festigen und die Spalten zu versiegeln. Auf diese Weise wird der \u00dcbergang der Flammen vermieden.<\/p>\n<ul>\n<li><span style=\"color: #009832;\">Verpackt mit nicht brennbarem Gewebe<\/span><\/li>\n<li><span style=\"color: #009832;\">Bef\u00fcllt mit Mineralfasern und ausdehnenden Verbindungen<\/span><\/li>\n<\/ul>\n","protected":false},"excerpt":{"rendered":"<p>Fire Stop Bag Flammensperre in Intumeszenzbeuteln Feuerbest\u00e4ndige intumeszente Beutel zur Abdichtung der \u00d6ffnungen in Trennw\u00e4nden gegen Feuer. Sie sind in unterschiedlichen Formaten verf\u00fcgbar, welche die \u00d6ffnung obwohl in W\u00e4nden als<span class=\"excerpt-hellip\"> [\u2026]<\/span><\/p>\n","protected":false},"featured_media":1515,"template":"","meta":[],"product_brand":[],"product_cat":[280,281],"product_tag":[],"class_list":{"0":"post-6755","1":"product","2":"type-product","3":"status-publish","4":"has-post-thumbnail","6":"product_cat-niederspannung","7":"product_cat-flammschutzbarrieren","9":"first","10":"instock","11":"taxable","12":"shipping-taxable","13":"product-type-simple"},"yoast_head":"<!-- This site is optimized with the Yoast SEO plugin v26.5 - https:\/\/yoast.com\/wordpress\/plugins\/seo\/ -->\n<title>Flammensperre in Intumeszenzbeuteln | Raytech<\/title>\n<meta name=\"robots\" content=\"index, follow, max-snippet:-1, max-image-preview:large, max-video-preview:-1\" \/>\n<link rel=\"canonical\" href=\"https:\/\/www.raytech.it\/de\/produkt\/niederspannung\/flammschutzbarrieren\/flammensperre-in-intumeszenzbeuteln\" \/>\n<meta property=\"og:locale\" content=\"de_DE\" \/>\n<meta property=\"og:type\" content=\"article\" \/>\n<meta property=\"og:title\" content=\"Flammensperre in Intumeszenzbeuteln | Raytech\" \/>\n<meta property=\"og:description\" content=\"Fire Stop Bag Flammensperre in Intumeszenzbeuteln Feuerbest\u00e4ndige intumeszente Beutel zur Abdichtung der \u00d6ffnungen in Trennw\u00e4nden gegen Feuer. Sie sind in unterschiedlichen Formaten verf\u00fcgbar, welche die \u00d6ffnung obwohl in W\u00e4nden als [\u2026]\" \/>\n<meta property=\"og:url\" content=\"https:\/\/www.raytech.it\/de\/produkt\/niederspannung\/flammschutzbarrieren\/flammensperre-in-intumeszenzbeuteln\" \/>\n<meta property=\"og:site_name\" content=\"Raytech\" \/>\n<meta property=\"article:publisher\" content=\"https:\/\/www.facebook.com\/RaytechItaly\" \/>\n<meta property=\"article:modified_time\" content=\"2025-02-19T19:24:49+00:00\" \/>\n<meta property=\"og:image\" content=\"https:\/\/www.raytech.it\/wp-content\/uploads\/fire-stop-bag.jpg\" \/>\n\t<meta property=\"og:image:width\" content=\"500\" \/>\n\t<meta property=\"og:image:height\" content=\"500\" \/>\n\t<meta property=\"og:image:type\" content=\"image\/jpeg\" \/>\n<meta name=\"twitter:card\" content=\"summary_large_image\" \/>\n<script type=\"application\/ld+json\" class=\"yoast-schema-graph\">{\"@context\":\"https:\/\/schema.org\",\"@graph\":[{\"@type\":\"WebPage\",\"@id\":\"https:\/\/www.raytech.it\/de\/produkt\/niederspannung\/flammschutzbarrieren\/flammensperre-in-intumeszenzbeuteln\",\"url\":\"https:\/\/www.raytech.it\/de\/produkt\/niederspannung\/flammschutzbarrieren\/flammensperre-in-intumeszenzbeuteln\",\"name\":\"Flammensperre in Intumeszenzbeuteln | Raytech\",\"isPartOf\":{\"@id\":\"https:\/\/www.raytech.it\/#website\"},\"primaryImageOfPage\":{\"@id\":\"https:\/\/www.raytech.it\/de\/produkt\/niederspannung\/flammschutzbarrieren\/flammensperre-in-intumeszenzbeuteln#primaryimage\"},\"image\":{\"@id\":\"https:\/\/www.raytech.it\/de\/produkt\/niederspannung\/flammschutzbarrieren\/flammensperre-in-intumeszenzbeuteln#primaryimage\"},\"thumbnailUrl\":\"https:\/\/www.raytech.it\/wp-content\/uploads\/fire-stop-bag.jpg\",\"datePublished\":\"2015-12-28T10:30:11+00:00\",\"dateModified\":\"2025-02-19T19:24:49+00:00\",\"breadcrumb\":{\"@id\":\"https:\/\/www.raytech.it\/de\/produkt\/niederspannung\/flammschutzbarrieren\/flammensperre-in-intumeszenzbeuteln#breadcrumb\"},\"inLanguage\":\"de\",\"potentialAction\":[{\"@type\":\"ReadAction\",\"target\":[\"https:\/\/www.raytech.it\/de\/produkt\/niederspannung\/flammschutzbarrieren\/flammensperre-in-intumeszenzbeuteln\"]}]},{\"@type\":\"ImageObject\",\"inLanguage\":\"de\",\"@id\":\"https:\/\/www.raytech.it\/de\/produkt\/niederspannung\/flammschutzbarrieren\/flammensperre-in-intumeszenzbeuteln#primaryimage\",\"url\":\"https:\/\/www.raytech.it\/wp-content\/uploads\/fire-stop-bag.jpg\",\"contentUrl\":\"https:\/\/www.raytech.it\/wp-content\/uploads\/fire-stop-bag.jpg\",\"width\":500,\"height\":500},{\"@type\":\"BreadcrumbList\",\"@id\":\"https:\/\/www.raytech.it\/de\/produkt\/niederspannung\/flammschutzbarrieren\/flammensperre-in-intumeszenzbeuteln#breadcrumb\",\"itemListElement\":[{\"@type\":\"ListItem\",\"position\":1,\"name\":\"Home\",\"item\":\"https:\/\/www.raytech.it\/de\"},{\"@type\":\"ListItem\",\"position\":2,\"name\":\"Shop\",\"item\":\"https:\/\/www.raytech.it\/de\/shop\"},{\"@type\":\"ListItem\",\"position\":3,\"name\":\"Flammensperre in Intumeszenzbeuteln\"}]},{\"@type\":\"WebSite\",\"@id\":\"https:\/\/www.raytech.it\/#website\",\"url\":\"https:\/\/www.raytech.it\/\",\"name\":\"Raytech\",\"description\":\"Cable accessories company\",\"publisher\":{\"@id\":\"https:\/\/www.raytech.it\/#organization\"},\"potentialAction\":[{\"@type\":\"SearchAction\",\"target\":{\"@type\":\"EntryPoint\",\"urlTemplate\":\"https:\/\/www.raytech.it\/?s={search_term_string}\"},\"query-input\":{\"@type\":\"PropertyValueSpecification\",\"valueRequired\":true,\"valueName\":\"search_term_string\"}}],\"inLanguage\":\"de\"},{\"@type\":\"Organization\",\"@id\":\"https:\/\/www.raytech.it\/#organization\",\"name\":\"Raytech\",\"url\":\"https:\/\/www.raytech.it\/\",\"logo\":{\"@type\":\"ImageObject\",\"inLanguage\":\"de\",\"@id\":\"https:\/\/www.raytech.it\/#\/schema\/logo\/image\/\",\"url\":\"https:\/\/www.raytech.it\/wp-content\/uploads\/logo-raytech-2019-retina-3.png\",\"contentUrl\":\"https:\/\/www.raytech.it\/wp-content\/uploads\/logo-raytech-2019-retina-3.png\",\"width\":340,\"height\":90,\"caption\":\"Raytech\"},\"image\":{\"@id\":\"https:\/\/www.raytech.it\/#\/schema\/logo\/image\/\"},\"sameAs\":[\"https:\/\/www.facebook.com\/RaytechItaly\",\"https:\/\/www.instagram.com\/raytech_italy\/\",\"https:\/\/www.youtube.com\/user\/raytechitaly\",\"https:\/\/twitter.com\/Raytech_Italy\"]}]}<\/script>\n<!-- \/ Yoast SEO plugin. -->","yoast_head_json":{"title":"Flammensperre in Intumeszenzbeuteln | Raytech","robots":{"index":"index","follow":"follow","max-snippet":"max-snippet:-1","max-image-preview":"max-image-preview:large","max-video-preview":"max-video-preview:-1"},"canonical":"https:\/\/www.raytech.it\/de\/produkt\/niederspannung\/flammschutzbarrieren\/flammensperre-in-intumeszenzbeuteln","og_locale":"de_DE","og_type":"article","og_title":"Flammensperre in Intumeszenzbeuteln | Raytech","og_description":"Fire Stop Bag Flammensperre in Intumeszenzbeuteln Feuerbest\u00e4ndige intumeszente Beutel zur Abdichtung der \u00d6ffnungen in Trennw\u00e4nden gegen Feuer. Sie sind in unterschiedlichen Formaten verf\u00fcgbar, welche die \u00d6ffnung obwohl in W\u00e4nden als [\u2026]","og_url":"https:\/\/www.raytech.it\/de\/produkt\/niederspannung\/flammschutzbarrieren\/flammensperre-in-intumeszenzbeuteln","og_site_name":"Raytech","article_publisher":"https:\/\/www.facebook.com\/RaytechItaly","article_modified_time":"2025-02-19T19:24:49+00:00","og_image":[{"width":500,"height":500,"url":"https:\/\/www.raytech.it\/wp-content\/uploads\/fire-stop-bag.jpg","type":"image\/jpeg"}],"twitter_card":"summary_large_image","schema":{"@context":"https:\/\/schema.org","@graph":[{"@type":"WebPage","@id":"https:\/\/www.raytech.it\/de\/produkt\/niederspannung\/flammschutzbarrieren\/flammensperre-in-intumeszenzbeuteln","url":"https:\/\/www.raytech.it\/de\/produkt\/niederspannung\/flammschutzbarrieren\/flammensperre-in-intumeszenzbeuteln","name":"Flammensperre in Intumeszenzbeuteln | Raytech","isPartOf":{"@id":"https:\/\/www.raytech.it\/#website"},"primaryImageOfPage":{"@id":"https:\/\/www.raytech.it\/de\/produkt\/niederspannung\/flammschutzbarrieren\/flammensperre-in-intumeszenzbeuteln#primaryimage"},"image":{"@id":"https:\/\/www.raytech.it\/de\/produkt\/niederspannung\/flammschutzbarrieren\/flammensperre-in-intumeszenzbeuteln#primaryimage"},"thumbnailUrl":"https:\/\/www.raytech.it\/wp-content\/uploads\/fire-stop-bag.jpg","datePublished":"2015-12-28T10:30:11+00:00","dateModified":"2025-02-19T19:24:49+00:00","breadcrumb":{"@id":"https:\/\/www.raytech.it\/de\/produkt\/niederspannung\/flammschutzbarrieren\/flammensperre-in-intumeszenzbeuteln#breadcrumb"},"inLanguage":"de","potentialAction":[{"@type":"ReadAction","target":["https:\/\/www.raytech.it\/de\/produkt\/niederspannung\/flammschutzbarrieren\/flammensperre-in-intumeszenzbeuteln"]}]},{"@type":"ImageObject","inLanguage":"de","@id":"https:\/\/www.raytech.it\/de\/produkt\/niederspannung\/flammschutzbarrieren\/flammensperre-in-intumeszenzbeuteln#primaryimage","url":"https:\/\/www.raytech.it\/wp-content\/uploads\/fire-stop-bag.jpg","contentUrl":"https:\/\/www.raytech.it\/wp-content\/uploads\/fire-stop-bag.jpg","width":500,"height":500},{"@type":"BreadcrumbList","@id":"https:\/\/www.raytech.it\/de\/produkt\/niederspannung\/flammschutzbarrieren\/flammensperre-in-intumeszenzbeuteln#breadcrumb","itemListElement":[{"@type":"ListItem","position":1,"name":"Home","item":"https:\/\/www.raytech.it\/de"},{"@type":"ListItem","position":2,"name":"Shop","item":"https:\/\/www.raytech.it\/de\/shop"},{"@type":"ListItem","position":3,"name":"Flammensperre in Intumeszenzbeuteln"}]},{"@type":"WebSite","@id":"https:\/\/www.raytech.it\/#website","url":"https:\/\/www.raytech.it\/","name":"Raytech","description":"Cable accessories company","publisher":{"@id":"https:\/\/www.raytech.it\/#organization"},"potentialAction":[{"@type":"SearchAction","target":{"@type":"EntryPoint","urlTemplate":"https:\/\/www.raytech.it\/?s={search_term_string}"},"query-input":{"@type":"PropertyValueSpecification","valueRequired":true,"valueName":"search_term_string"}}],"inLanguage":"de"},{"@type":"Organization","@id":"https:\/\/www.raytech.it\/#organization","name":"Raytech","url":"https:\/\/www.raytech.it\/","logo":{"@type":"ImageObject","inLanguage":"de","@id":"https:\/\/www.raytech.it\/#\/schema\/logo\/image\/","url":"https:\/\/www.raytech.it\/wp-content\/uploads\/logo-raytech-2019-retina-3.png","contentUrl":"https:\/\/www.raytech.it\/wp-content\/uploads\/logo-raytech-2019-retina-3.png","width":340,"height":90,"caption":"Raytech"},"image":{"@id":"https:\/\/www.raytech.it\/#\/schema\/logo\/image\/"},"sameAs":["https:\/\/www.facebook.com\/RaytechItaly","https:\/\/www.instagram.com\/raytech_italy\/","https:\/\/www.youtube.com\/user\/raytechitaly","https:\/\/twitter.com\/Raytech_Italy"]}]}},"_links":{"self":[{"href":"https:\/\/www.raytech.it\/de\/wp-json\/wp\/v2\/product\/6755","targetHints":{"allow":["GET"]}}],"collection":[{"href":"https:\/\/www.raytech.it\/de\/wp-json\/wp\/v2\/product"}],"about":[{"href":"https:\/\/www.raytech.it\/de\/wp-json\/wp\/v2\/types\/product"}],"wp:featuredmedia":[{"embeddable":true,"href":"https:\/\/www.raytech.it\/de\/wp-json\/wp\/v2\/media\/1515"}],"wp:attachment":[{"href":"https:\/\/www.raytech.it\/de\/wp-json\/wp\/v2\/media?parent=6755"}],"wp:term":[{"taxonomy":"product_brand","embeddable":true,"href":"https:\/\/www.raytech.it\/de\/wp-json\/wp\/v2\/product_brand?post=6755"},{"taxonomy":"product_cat","embeddable":true,"href":"https:\/\/www.raytech.it\/de\/wp-json\/wp\/v2\/product_cat?post=6755"},{"taxonomy":"product_tag","embeddable":true,"href":"https:\/\/www.raytech.it\/de\/wp-json\/wp\/v2\/product_tag?post=6755"}],"curies":[{"name":"wp","href":"https:\/\/api.w.org\/{rel}","templated":true}]}}