{"id":6758,"date":"2015-07-16T12:55:43","date_gmt":"2015-12-28T10:41:26","guid":{"rendered":"https:\/\/www.raytech.it\/?post_type=product&#038;p=6758&#038;lang=de"},"modified":"2025-02-19T04:32:46","modified_gmt":"2025-02-19T03:32:46","slug":"flammensperre-in-intumeszentem-band","status":"publish","type":"product","link":"https:\/\/www.raytech.it\/de\/produkt\/niederspannung\/flammschutzbarrieren\/flammensperre-in-intumeszentem-band","title":{"rendered":"Flammensperre in intumeszentem Band"},"content":{"rendered":"<h4><span style=\"color: #009832;\">Fire Stop Tape<br \/>\nFlammensperre in intumeszentem Band zum Schlie\u00dfen der \u00d6ffnungen von Kunststoffrohren<br \/>\n<\/span><\/h4>\n<p>Vorgeformtes intumeszentes Band mit hohem Ausdehnungsverm\u00f6gen zum Schliessen von \u00d6ffnungen in Trennw\u00e4nden mit Kunststoffrohren (PVC, PE, PP, Geberit, usw.). Sie werden so angewandt, dass sie das Kunststoffrohr, das durch die W\u00e4nde geht, umschlie\u00dfen. Die Erw\u00e4rmung, die von dem Brand verursacht wird, erm\u00f6glicht die Ausdehnung, die jede m\u00f6gliche L\u00fccke versiegelt.<\/p>\n","protected":false},"excerpt":{"rendered":"<p><strong>Genehmigung<\/strong> Klasse bis EI 120 Giftfrei und asbestfrei &#8211; Konform mit der Norm EN 1366-3<\/p>\n","protected":false},"featured_media":11705,"template":"","meta":[],"product_brand":[],"product_cat":[280,281],"product_tag":[],"class_list":{"0":"post-6758","1":"product","2":"type-product","3":"status-publish","4":"has-post-thumbnail","6":"product_cat-niederspannung","7":"product_cat-flammschutzbarrieren","9":"first","10":"instock","11":"taxable","12":"shipping-taxable","13":"product-type-simple"},"yoast_head":"<!-- This site is optimized with the Yoast SEO plugin v26.5 - https:\/\/yoast.com\/wordpress\/plugins\/seo\/ -->\n<title>Flammensperre in intumeszentem Band | Raytech<\/title>\n<meta name=\"robots\" content=\"index, follow, max-snippet:-1, max-image-preview:large, max-video-preview:-1\" \/>\n<link rel=\"canonical\" href=\"https:\/\/www.raytech.it\/de\/produkt\/niederspannung\/flammschutzbarrieren\/flammensperre-in-intumeszentem-band\" \/>\n<meta property=\"og:locale\" content=\"de_DE\" \/>\n<meta property=\"og:type\" content=\"article\" \/>\n<meta property=\"og:title\" content=\"Flammensperre in intumeszentem Band | Raytech\" \/>\n<meta property=\"og:description\" content=\"Genehmigung Klasse bis EI 120 Giftfrei und asbestfrei - Konform mit der Norm EN 1366-3\" \/>\n<meta property=\"og:url\" content=\"https:\/\/www.raytech.it\/de\/produkt\/niederspannung\/flammschutzbarrieren\/flammensperre-in-intumeszentem-band\" \/>\n<meta property=\"og:site_name\" content=\"Raytech\" \/>\n<meta property=\"article:publisher\" content=\"https:\/\/www.facebook.com\/RaytechItaly\" \/>\n<meta property=\"article:modified_time\" content=\"2025-02-19T03:32:46+00:00\" \/>\n<meta property=\"og:image\" content=\"https:\/\/www.raytech.it\/wp-content\/uploads\/fire-stop-tape-1.jpg\" \/>\n\t<meta property=\"og:image:width\" content=\"1024\" \/>\n\t<meta property=\"og:image:height\" content=\"1024\" \/>\n\t<meta property=\"og:image:type\" content=\"image\/jpeg\" \/>\n<meta name=\"twitter:card\" content=\"summary_large_image\" \/>\n<script type=\"application\/ld+json\" class=\"yoast-schema-graph\">{\"@context\":\"https:\/\/schema.org\",\"@graph\":[{\"@type\":\"WebPage\",\"@id\":\"https:\/\/www.raytech.it\/de\/produkt\/niederspannung\/flammschutzbarrieren\/flammensperre-in-intumeszentem-band\",\"url\":\"https:\/\/www.raytech.it\/de\/produkt\/niederspannung\/flammschutzbarrieren\/flammensperre-in-intumeszentem-band\",\"name\":\"Flammensperre in intumeszentem Band | Raytech\",\"isPartOf\":{\"@id\":\"https:\/\/www.raytech.it\/#website\"},\"primaryImageOfPage\":{\"@id\":\"https:\/\/www.raytech.it\/de\/produkt\/niederspannung\/flammschutzbarrieren\/flammensperre-in-intumeszentem-band#primaryimage\"},\"image\":{\"@id\":\"https:\/\/www.raytech.it\/de\/produkt\/niederspannung\/flammschutzbarrieren\/flammensperre-in-intumeszentem-band#primaryimage\"},\"thumbnailUrl\":\"https:\/\/www.raytech.it\/wp-content\/uploads\/fire-stop-tape-1.jpg\",\"datePublished\":\"2015-12-28T10:41:26+00:00\",\"dateModified\":\"2025-02-19T03:32:46+00:00\",\"breadcrumb\":{\"@id\":\"https:\/\/www.raytech.it\/de\/produkt\/niederspannung\/flammschutzbarrieren\/flammensperre-in-intumeszentem-band#breadcrumb\"},\"inLanguage\":\"de\",\"potentialAction\":[{\"@type\":\"ReadAction\",\"target\":[\"https:\/\/www.raytech.it\/de\/produkt\/niederspannung\/flammschutzbarrieren\/flammensperre-in-intumeszentem-band\"]}]},{\"@type\":\"ImageObject\",\"inLanguage\":\"de\",\"@id\":\"https:\/\/www.raytech.it\/de\/produkt\/niederspannung\/flammschutzbarrieren\/flammensperre-in-intumeszentem-band#primaryimage\",\"url\":\"https:\/\/www.raytech.it\/wp-content\/uploads\/fire-stop-tape-1.jpg\",\"contentUrl\":\"https:\/\/www.raytech.it\/wp-content\/uploads\/fire-stop-tape-1.jpg\",\"width\":1024,\"height\":1024},{\"@type\":\"BreadcrumbList\",\"@id\":\"https:\/\/www.raytech.it\/de\/produkt\/niederspannung\/flammschutzbarrieren\/flammensperre-in-intumeszentem-band#breadcrumb\",\"itemListElement\":[{\"@type\":\"ListItem\",\"position\":1,\"name\":\"Home\",\"item\":\"https:\/\/www.raytech.it\/de\"},{\"@type\":\"ListItem\",\"position\":2,\"name\":\"Shop\",\"item\":\"https:\/\/www.raytech.it\/de\/shop\"},{\"@type\":\"ListItem\",\"position\":3,\"name\":\"Flammensperre in intumeszentem Band\"}]},{\"@type\":\"WebSite\",\"@id\":\"https:\/\/www.raytech.it\/#website\",\"url\":\"https:\/\/www.raytech.it\/\",\"name\":\"Raytech\",\"description\":\"Cable accessories company\",\"publisher\":{\"@id\":\"https:\/\/www.raytech.it\/#organization\"},\"potentialAction\":[{\"@type\":\"SearchAction\",\"target\":{\"@type\":\"EntryPoint\",\"urlTemplate\":\"https:\/\/www.raytech.it\/?s={search_term_string}\"},\"query-input\":{\"@type\":\"PropertyValueSpecification\",\"valueRequired\":true,\"valueName\":\"search_term_string\"}}],\"inLanguage\":\"de\"},{\"@type\":\"Organization\",\"@id\":\"https:\/\/www.raytech.it\/#organization\",\"name\":\"Raytech\",\"url\":\"https:\/\/www.raytech.it\/\",\"logo\":{\"@type\":\"ImageObject\",\"inLanguage\":\"de\",\"@id\":\"https:\/\/www.raytech.it\/#\/schema\/logo\/image\/\",\"url\":\"https:\/\/www.raytech.it\/wp-content\/uploads\/logo-raytech-2019-retina-3.png\",\"contentUrl\":\"https:\/\/www.raytech.it\/wp-content\/uploads\/logo-raytech-2019-retina-3.png\",\"width\":340,\"height\":90,\"caption\":\"Raytech\"},\"image\":{\"@id\":\"https:\/\/www.raytech.it\/#\/schema\/logo\/image\/\"},\"sameAs\":[\"https:\/\/www.facebook.com\/RaytechItaly\",\"https:\/\/www.instagram.com\/raytech_italy\/\",\"https:\/\/www.youtube.com\/user\/raytechitaly\",\"https:\/\/twitter.com\/Raytech_Italy\"]}]}<\/script>\n<!-- \/ Yoast SEO plugin. -->","yoast_head_json":{"title":"Flammensperre in intumeszentem Band | Raytech","robots":{"index":"index","follow":"follow","max-snippet":"max-snippet:-1","max-image-preview":"max-image-preview:large","max-video-preview":"max-video-preview:-1"},"canonical":"https:\/\/www.raytech.it\/de\/produkt\/niederspannung\/flammschutzbarrieren\/flammensperre-in-intumeszentem-band","og_locale":"de_DE","og_type":"article","og_title":"Flammensperre in intumeszentem Band | Raytech","og_description":"Genehmigung Klasse bis EI 120 Giftfrei und asbestfrei - Konform mit der Norm EN 1366-3","og_url":"https:\/\/www.raytech.it\/de\/produkt\/niederspannung\/flammschutzbarrieren\/flammensperre-in-intumeszentem-band","og_site_name":"Raytech","article_publisher":"https:\/\/www.facebook.com\/RaytechItaly","article_modified_time":"2025-02-19T03:32:46+00:00","og_image":[{"width":1024,"height":1024,"url":"https:\/\/www.raytech.it\/wp-content\/uploads\/fire-stop-tape-1.jpg","type":"image\/jpeg"}],"twitter_card":"summary_large_image","schema":{"@context":"https:\/\/schema.org","@graph":[{"@type":"WebPage","@id":"https:\/\/www.raytech.it\/de\/produkt\/niederspannung\/flammschutzbarrieren\/flammensperre-in-intumeszentem-band","url":"https:\/\/www.raytech.it\/de\/produkt\/niederspannung\/flammschutzbarrieren\/flammensperre-in-intumeszentem-band","name":"Flammensperre in intumeszentem Band | Raytech","isPartOf":{"@id":"https:\/\/www.raytech.it\/#website"},"primaryImageOfPage":{"@id":"https:\/\/www.raytech.it\/de\/produkt\/niederspannung\/flammschutzbarrieren\/flammensperre-in-intumeszentem-band#primaryimage"},"image":{"@id":"https:\/\/www.raytech.it\/de\/produkt\/niederspannung\/flammschutzbarrieren\/flammensperre-in-intumeszentem-band#primaryimage"},"thumbnailUrl":"https:\/\/www.raytech.it\/wp-content\/uploads\/fire-stop-tape-1.jpg","datePublished":"2015-12-28T10:41:26+00:00","dateModified":"2025-02-19T03:32:46+00:00","breadcrumb":{"@id":"https:\/\/www.raytech.it\/de\/produkt\/niederspannung\/flammschutzbarrieren\/flammensperre-in-intumeszentem-band#breadcrumb"},"inLanguage":"de","potentialAction":[{"@type":"ReadAction","target":["https:\/\/www.raytech.it\/de\/produkt\/niederspannung\/flammschutzbarrieren\/flammensperre-in-intumeszentem-band"]}]},{"@type":"ImageObject","inLanguage":"de","@id":"https:\/\/www.raytech.it\/de\/produkt\/niederspannung\/flammschutzbarrieren\/flammensperre-in-intumeszentem-band#primaryimage","url":"https:\/\/www.raytech.it\/wp-content\/uploads\/fire-stop-tape-1.jpg","contentUrl":"https:\/\/www.raytech.it\/wp-content\/uploads\/fire-stop-tape-1.jpg","width":1024,"height":1024},{"@type":"BreadcrumbList","@id":"https:\/\/www.raytech.it\/de\/produkt\/niederspannung\/flammschutzbarrieren\/flammensperre-in-intumeszentem-band#breadcrumb","itemListElement":[{"@type":"ListItem","position":1,"name":"Home","item":"https:\/\/www.raytech.it\/de"},{"@type":"ListItem","position":2,"name":"Shop","item":"https:\/\/www.raytech.it\/de\/shop"},{"@type":"ListItem","position":3,"name":"Flammensperre in intumeszentem Band"}]},{"@type":"WebSite","@id":"https:\/\/www.raytech.it\/#website","url":"https:\/\/www.raytech.it\/","name":"Raytech","description":"Cable accessories company","publisher":{"@id":"https:\/\/www.raytech.it\/#organization"},"potentialAction":[{"@type":"SearchAction","target":{"@type":"EntryPoint","urlTemplate":"https:\/\/www.raytech.it\/?s={search_term_string}"},"query-input":{"@type":"PropertyValueSpecification","valueRequired":true,"valueName":"search_term_string"}}],"inLanguage":"de"},{"@type":"Organization","@id":"https:\/\/www.raytech.it\/#organization","name":"Raytech","url":"https:\/\/www.raytech.it\/","logo":{"@type":"ImageObject","inLanguage":"de","@id":"https:\/\/www.raytech.it\/#\/schema\/logo\/image\/","url":"https:\/\/www.raytech.it\/wp-content\/uploads\/logo-raytech-2019-retina-3.png","contentUrl":"https:\/\/www.raytech.it\/wp-content\/uploads\/logo-raytech-2019-retina-3.png","width":340,"height":90,"caption":"Raytech"},"image":{"@id":"https:\/\/www.raytech.it\/#\/schema\/logo\/image\/"},"sameAs":["https:\/\/www.facebook.com\/RaytechItaly","https:\/\/www.instagram.com\/raytech_italy\/","https:\/\/www.youtube.com\/user\/raytechitaly","https:\/\/twitter.com\/Raytech_Italy"]}]}},"_links":{"self":[{"href":"https:\/\/www.raytech.it\/de\/wp-json\/wp\/v2\/product\/6758","targetHints":{"allow":["GET"]}}],"collection":[{"href":"https:\/\/www.raytech.it\/de\/wp-json\/wp\/v2\/product"}],"about":[{"href":"https:\/\/www.raytech.it\/de\/wp-json\/wp\/v2\/types\/product"}],"wp:featuredmedia":[{"embeddable":true,"href":"https:\/\/www.raytech.it\/de\/wp-json\/wp\/v2\/media\/11705"}],"wp:attachment":[{"href":"https:\/\/www.raytech.it\/de\/wp-json\/wp\/v2\/media?parent=6758"}],"wp:term":[{"taxonomy":"product_brand","embeddable":true,"href":"https:\/\/www.raytech.it\/de\/wp-json\/wp\/v2\/product_brand?post=6758"},{"taxonomy":"product_cat","embeddable":true,"href":"https:\/\/www.raytech.it\/de\/wp-json\/wp\/v2\/product_cat?post=6758"},{"taxonomy":"product_tag","embeddable":true,"href":"https:\/\/www.raytech.it\/de\/wp-json\/wp\/v2\/product_tag?post=6758"}],"curies":[{"name":"wp","href":"https:\/\/api.w.org\/{rel}","templated":true}]}}