{"id":6759,"date":"2015-07-16T12:57:46","date_gmt":"2015-12-28T10:42:53","guid":{"rendered":"https:\/\/www.raytech.it\/?post_type=product&#038;p=6759&#038;lang=de"},"modified":"2025-02-18T19:59:43","modified_gmt":"2025-02-18T18:59:43","slug":"flammensperre-aus-intumeszenter-fugenvergussmasse","status":"publish","type":"product","link":"https:\/\/www.raytech.it\/de\/produkt\/niederspannung\/flammschutzbarrieren\/flammensperre-aus-intumeszenter-fugenvergussmasse","title":{"rendered":"Flammensperre aus intumeszenter Fugenvergussmasse"},"content":{"rendered":"<h4><span style=\"color: #009832;\">Fire Stop Seal<br \/>\nFlammensperre aus intumeszenter Fugenvergussmasse<br \/>\n<\/span><\/h4>\n<p>Intumeszente Fugenvergussmasse zur Abdichtung und Versiegelung von kleinen \u00d6ffnungen in den Trennw\u00e4nden gegen Feuer. Sie werden zusammen mit anderen Flammensperren verwendet. Sie werden so angewandt, dass sie die \u00d6ffnung versiegeln oder Sperren auf Innenh\u00f6fen installieren.<\/p>\n<ul>\n<li><span style=\"color: #009832;\">Verpackt mit Polymeren<\/span><\/li>\n<li><span style=\"color: #009832;\">Nicht brennbare Fasern mit d\u00e4mmschichtbildenden F\u00fcllstoffen in w\u00e4ssriger L\u00f6sung<\/span><\/li>\n<li><span style=\"color: #009832;\">Nicht hygroskopisch und thixotropisch<\/span><\/li>\n<li><span style=\"color: #009832;\">Kann mit dem Spatel aufgetragen werden<\/span><\/li>\n<\/ul>\n<h4><span style=\"color: #009832;\">Da\u0308mmschichtbildender Versiegelungskitt fu\u0308r Wellenrohre.<\/span><\/h4>\n<p>Kitt mit sehr hitzeempfindlichem Grafit, speziell fu\u0308r Kabelschutzschla\u0308uche; die Durchfu\u0308hrung kann bis zu 2 Wellenrohre je 25 mm aufnehmen, die paarweise durch dieselbe O\u0308ffnung gefu\u0308hrt werden, und Kabel mit einem Querschnitt bis zu 10 mm<sup>2<\/sup>.<\/p>\n","protected":false},"excerpt":{"rendered":"<p>Fire Stop Seal Flammensperre aus intumeszenter Fugenvergussmasse Intumeszente Fugenvergussmasse zur Abdichtung und Versiegelung von kleinen \u00d6ffnungen in den Trennw\u00e4nden gegen Feuer. Sie werden zusammen mit anderen Flammensperren verwendet. Sie werden<span class=\"excerpt-hellip\"> [\u2026]<\/span><\/p>\n","protected":false},"featured_media":1543,"template":"","meta":[],"product_brand":[],"product_cat":[280,281],"product_tag":[],"class_list":{"0":"post-6759","1":"product","2":"type-product","3":"status-publish","4":"has-post-thumbnail","6":"product_cat-niederspannung","7":"product_cat-flammschutzbarrieren","9":"first","10":"instock","11":"taxable","12":"shipping-taxable","13":"product-type-simple"},"yoast_head":"<!-- This site is optimized with the Yoast SEO plugin v26.5 - https:\/\/yoast.com\/wordpress\/plugins\/seo\/ -->\n<title>Flammensperre aus intumeszenter Fugenvergussmasse | Raytech<\/title>\n<meta name=\"robots\" content=\"index, follow, max-snippet:-1, max-image-preview:large, max-video-preview:-1\" \/>\n<link rel=\"canonical\" href=\"https:\/\/www.raytech.it\/de\/produkt\/niederspannung\/flammschutzbarrieren\/flammensperre-aus-intumeszenter-fugenvergussmasse\" \/>\n<meta property=\"og:locale\" content=\"de_DE\" \/>\n<meta property=\"og:type\" content=\"article\" \/>\n<meta property=\"og:title\" content=\"Flammensperre aus intumeszenter Fugenvergussmasse | Raytech\" \/>\n<meta property=\"og:description\" content=\"Fire Stop Seal Flammensperre aus intumeszenter Fugenvergussmasse Intumeszente Fugenvergussmasse zur Abdichtung und Versiegelung von kleinen \u00d6ffnungen in den Trennw\u00e4nden gegen Feuer. Sie werden zusammen mit anderen Flammensperren verwendet. Sie werden [\u2026]\" \/>\n<meta property=\"og:url\" content=\"https:\/\/www.raytech.it\/de\/produkt\/niederspannung\/flammschutzbarrieren\/flammensperre-aus-intumeszenter-fugenvergussmasse\" \/>\n<meta property=\"og:site_name\" content=\"Raytech\" \/>\n<meta property=\"article:publisher\" content=\"https:\/\/www.facebook.com\/RaytechItaly\" \/>\n<meta property=\"article:modified_time\" content=\"2025-02-18T18:59:43+00:00\" \/>\n<meta property=\"og:image\" content=\"https:\/\/www.raytech.it\/wp-content\/uploads\/fire-stop-seal.jpg\" \/>\n\t<meta property=\"og:image:width\" content=\"500\" \/>\n\t<meta property=\"og:image:height\" content=\"500\" \/>\n\t<meta property=\"og:image:type\" content=\"image\/jpeg\" \/>\n<meta name=\"twitter:card\" content=\"summary_large_image\" \/>\n<meta name=\"twitter:label1\" content=\"Gesch\u00e4tzte Lesezeit\" \/>\n\t<meta name=\"twitter:data1\" content=\"1\u00a0Minute\" \/>\n<script type=\"application\/ld+json\" class=\"yoast-schema-graph\">{\"@context\":\"https:\/\/schema.org\",\"@graph\":[{\"@type\":\"WebPage\",\"@id\":\"https:\/\/www.raytech.it\/de\/produkt\/niederspannung\/flammschutzbarrieren\/flammensperre-aus-intumeszenter-fugenvergussmasse\",\"url\":\"https:\/\/www.raytech.it\/de\/produkt\/niederspannung\/flammschutzbarrieren\/flammensperre-aus-intumeszenter-fugenvergussmasse\",\"name\":\"Flammensperre aus intumeszenter Fugenvergussmasse | Raytech\",\"isPartOf\":{\"@id\":\"https:\/\/www.raytech.it\/#website\"},\"primaryImageOfPage\":{\"@id\":\"https:\/\/www.raytech.it\/de\/produkt\/niederspannung\/flammschutzbarrieren\/flammensperre-aus-intumeszenter-fugenvergussmasse#primaryimage\"},\"image\":{\"@id\":\"https:\/\/www.raytech.it\/de\/produkt\/niederspannung\/flammschutzbarrieren\/flammensperre-aus-intumeszenter-fugenvergussmasse#primaryimage\"},\"thumbnailUrl\":\"https:\/\/www.raytech.it\/wp-content\/uploads\/fire-stop-seal.jpg\",\"datePublished\":\"2015-12-28T10:42:53+00:00\",\"dateModified\":\"2025-02-18T18:59:43+00:00\",\"breadcrumb\":{\"@id\":\"https:\/\/www.raytech.it\/de\/produkt\/niederspannung\/flammschutzbarrieren\/flammensperre-aus-intumeszenter-fugenvergussmasse#breadcrumb\"},\"inLanguage\":\"de\",\"potentialAction\":[{\"@type\":\"ReadAction\",\"target\":[\"https:\/\/www.raytech.it\/de\/produkt\/niederspannung\/flammschutzbarrieren\/flammensperre-aus-intumeszenter-fugenvergussmasse\"]}]},{\"@type\":\"ImageObject\",\"inLanguage\":\"de\",\"@id\":\"https:\/\/www.raytech.it\/de\/produkt\/niederspannung\/flammschutzbarrieren\/flammensperre-aus-intumeszenter-fugenvergussmasse#primaryimage\",\"url\":\"https:\/\/www.raytech.it\/wp-content\/uploads\/fire-stop-seal.jpg\",\"contentUrl\":\"https:\/\/www.raytech.it\/wp-content\/uploads\/fire-stop-seal.jpg\",\"width\":500,\"height\":500},{\"@type\":\"BreadcrumbList\",\"@id\":\"https:\/\/www.raytech.it\/de\/produkt\/niederspannung\/flammschutzbarrieren\/flammensperre-aus-intumeszenter-fugenvergussmasse#breadcrumb\",\"itemListElement\":[{\"@type\":\"ListItem\",\"position\":1,\"name\":\"Home\",\"item\":\"https:\/\/www.raytech.it\/de\"},{\"@type\":\"ListItem\",\"position\":2,\"name\":\"Shop\",\"item\":\"https:\/\/www.raytech.it\/de\/shop\"},{\"@type\":\"ListItem\",\"position\":3,\"name\":\"Flammensperre aus intumeszenter Fugenvergussmasse\"}]},{\"@type\":\"WebSite\",\"@id\":\"https:\/\/www.raytech.it\/#website\",\"url\":\"https:\/\/www.raytech.it\/\",\"name\":\"Raytech\",\"description\":\"Cable accessories company\",\"publisher\":{\"@id\":\"https:\/\/www.raytech.it\/#organization\"},\"potentialAction\":[{\"@type\":\"SearchAction\",\"target\":{\"@type\":\"EntryPoint\",\"urlTemplate\":\"https:\/\/www.raytech.it\/?s={search_term_string}\"},\"query-input\":{\"@type\":\"PropertyValueSpecification\",\"valueRequired\":true,\"valueName\":\"search_term_string\"}}],\"inLanguage\":\"de\"},{\"@type\":\"Organization\",\"@id\":\"https:\/\/www.raytech.it\/#organization\",\"name\":\"Raytech\",\"url\":\"https:\/\/www.raytech.it\/\",\"logo\":{\"@type\":\"ImageObject\",\"inLanguage\":\"de\",\"@id\":\"https:\/\/www.raytech.it\/#\/schema\/logo\/image\/\",\"url\":\"https:\/\/www.raytech.it\/wp-content\/uploads\/logo-raytech-2019-retina-3.png\",\"contentUrl\":\"https:\/\/www.raytech.it\/wp-content\/uploads\/logo-raytech-2019-retina-3.png\",\"width\":340,\"height\":90,\"caption\":\"Raytech\"},\"image\":{\"@id\":\"https:\/\/www.raytech.it\/#\/schema\/logo\/image\/\"},\"sameAs\":[\"https:\/\/www.facebook.com\/RaytechItaly\",\"https:\/\/www.instagram.com\/raytech_italy\/\",\"https:\/\/www.youtube.com\/user\/raytechitaly\",\"https:\/\/twitter.com\/Raytech_Italy\"]}]}<\/script>\n<!-- \/ Yoast SEO plugin. -->","yoast_head_json":{"title":"Flammensperre aus intumeszenter Fugenvergussmasse | Raytech","robots":{"index":"index","follow":"follow","max-snippet":"max-snippet:-1","max-image-preview":"max-image-preview:large","max-video-preview":"max-video-preview:-1"},"canonical":"https:\/\/www.raytech.it\/de\/produkt\/niederspannung\/flammschutzbarrieren\/flammensperre-aus-intumeszenter-fugenvergussmasse","og_locale":"de_DE","og_type":"article","og_title":"Flammensperre aus intumeszenter Fugenvergussmasse | Raytech","og_description":"Fire Stop Seal Flammensperre aus intumeszenter Fugenvergussmasse Intumeszente Fugenvergussmasse zur Abdichtung und Versiegelung von kleinen \u00d6ffnungen in den Trennw\u00e4nden gegen Feuer. Sie werden zusammen mit anderen Flammensperren verwendet. Sie werden [\u2026]","og_url":"https:\/\/www.raytech.it\/de\/produkt\/niederspannung\/flammschutzbarrieren\/flammensperre-aus-intumeszenter-fugenvergussmasse","og_site_name":"Raytech","article_publisher":"https:\/\/www.facebook.com\/RaytechItaly","article_modified_time":"2025-02-18T18:59:43+00:00","og_image":[{"width":500,"height":500,"url":"https:\/\/www.raytech.it\/wp-content\/uploads\/fire-stop-seal.jpg","type":"image\/jpeg"}],"twitter_card":"summary_large_image","twitter_misc":{"Gesch\u00e4tzte Lesezeit":"1\u00a0Minute"},"schema":{"@context":"https:\/\/schema.org","@graph":[{"@type":"WebPage","@id":"https:\/\/www.raytech.it\/de\/produkt\/niederspannung\/flammschutzbarrieren\/flammensperre-aus-intumeszenter-fugenvergussmasse","url":"https:\/\/www.raytech.it\/de\/produkt\/niederspannung\/flammschutzbarrieren\/flammensperre-aus-intumeszenter-fugenvergussmasse","name":"Flammensperre aus intumeszenter Fugenvergussmasse | Raytech","isPartOf":{"@id":"https:\/\/www.raytech.it\/#website"},"primaryImageOfPage":{"@id":"https:\/\/www.raytech.it\/de\/produkt\/niederspannung\/flammschutzbarrieren\/flammensperre-aus-intumeszenter-fugenvergussmasse#primaryimage"},"image":{"@id":"https:\/\/www.raytech.it\/de\/produkt\/niederspannung\/flammschutzbarrieren\/flammensperre-aus-intumeszenter-fugenvergussmasse#primaryimage"},"thumbnailUrl":"https:\/\/www.raytech.it\/wp-content\/uploads\/fire-stop-seal.jpg","datePublished":"2015-12-28T10:42:53+00:00","dateModified":"2025-02-18T18:59:43+00:00","breadcrumb":{"@id":"https:\/\/www.raytech.it\/de\/produkt\/niederspannung\/flammschutzbarrieren\/flammensperre-aus-intumeszenter-fugenvergussmasse#breadcrumb"},"inLanguage":"de","potentialAction":[{"@type":"ReadAction","target":["https:\/\/www.raytech.it\/de\/produkt\/niederspannung\/flammschutzbarrieren\/flammensperre-aus-intumeszenter-fugenvergussmasse"]}]},{"@type":"ImageObject","inLanguage":"de","@id":"https:\/\/www.raytech.it\/de\/produkt\/niederspannung\/flammschutzbarrieren\/flammensperre-aus-intumeszenter-fugenvergussmasse#primaryimage","url":"https:\/\/www.raytech.it\/wp-content\/uploads\/fire-stop-seal.jpg","contentUrl":"https:\/\/www.raytech.it\/wp-content\/uploads\/fire-stop-seal.jpg","width":500,"height":500},{"@type":"BreadcrumbList","@id":"https:\/\/www.raytech.it\/de\/produkt\/niederspannung\/flammschutzbarrieren\/flammensperre-aus-intumeszenter-fugenvergussmasse#breadcrumb","itemListElement":[{"@type":"ListItem","position":1,"name":"Home","item":"https:\/\/www.raytech.it\/de"},{"@type":"ListItem","position":2,"name":"Shop","item":"https:\/\/www.raytech.it\/de\/shop"},{"@type":"ListItem","position":3,"name":"Flammensperre aus intumeszenter Fugenvergussmasse"}]},{"@type":"WebSite","@id":"https:\/\/www.raytech.it\/#website","url":"https:\/\/www.raytech.it\/","name":"Raytech","description":"Cable accessories company","publisher":{"@id":"https:\/\/www.raytech.it\/#organization"},"potentialAction":[{"@type":"SearchAction","target":{"@type":"EntryPoint","urlTemplate":"https:\/\/www.raytech.it\/?s={search_term_string}"},"query-input":{"@type":"PropertyValueSpecification","valueRequired":true,"valueName":"search_term_string"}}],"inLanguage":"de"},{"@type":"Organization","@id":"https:\/\/www.raytech.it\/#organization","name":"Raytech","url":"https:\/\/www.raytech.it\/","logo":{"@type":"ImageObject","inLanguage":"de","@id":"https:\/\/www.raytech.it\/#\/schema\/logo\/image\/","url":"https:\/\/www.raytech.it\/wp-content\/uploads\/logo-raytech-2019-retina-3.png","contentUrl":"https:\/\/www.raytech.it\/wp-content\/uploads\/logo-raytech-2019-retina-3.png","width":340,"height":90,"caption":"Raytech"},"image":{"@id":"https:\/\/www.raytech.it\/#\/schema\/logo\/image\/"},"sameAs":["https:\/\/www.facebook.com\/RaytechItaly","https:\/\/www.instagram.com\/raytech_italy\/","https:\/\/www.youtube.com\/user\/raytechitaly","https:\/\/twitter.com\/Raytech_Italy"]}]}},"_links":{"self":[{"href":"https:\/\/www.raytech.it\/de\/wp-json\/wp\/v2\/product\/6759","targetHints":{"allow":["GET"]}}],"collection":[{"href":"https:\/\/www.raytech.it\/de\/wp-json\/wp\/v2\/product"}],"about":[{"href":"https:\/\/www.raytech.it\/de\/wp-json\/wp\/v2\/types\/product"}],"wp:featuredmedia":[{"embeddable":true,"href":"https:\/\/www.raytech.it\/de\/wp-json\/wp\/v2\/media\/1543"}],"wp:attachment":[{"href":"https:\/\/www.raytech.it\/de\/wp-json\/wp\/v2\/media?parent=6759"}],"wp:term":[{"taxonomy":"product_brand","embeddable":true,"href":"https:\/\/www.raytech.it\/de\/wp-json\/wp\/v2\/product_brand?post=6759"},{"taxonomy":"product_cat","embeddable":true,"href":"https:\/\/www.raytech.it\/de\/wp-json\/wp\/v2\/product_cat?post=6759"},{"taxonomy":"product_tag","embeddable":true,"href":"https:\/\/www.raytech.it\/de\/wp-json\/wp\/v2\/product_tag?post=6759"}],"curies":[{"name":"wp","href":"https:\/\/api.w.org\/{rel}","templated":true}]}}