{"id":6767,"date":"2015-07-16T13:13:08","date_gmt":"2015-12-28T11:05:31","guid":{"rendered":"https:\/\/www.raytech.it\/?post_type=product&#038;p=6767&#038;lang=de"},"modified":"2025-02-18T14:36:22","modified_gmt":"2025-02-18T13:36:22","slug":"abschirmung-fuer-metallrohre-in-mattenform","status":"publish","type":"product","link":"https:\/\/www.raytech.it\/de\/produkt\/niederspannung\/flammschutzbarrieren\/abschirmung-fuer-metallrohre-in-mattenform","title":{"rendered":"Abschirmung f\u00fcr Metallrohre in Mattenform"},"content":{"rendered":"<h4><span style=\"color: #009832;\">FSCO T110<br \/>\nAbschirmung f\u00fcr Metallrohre in Mattenform<br \/>\n<\/span><\/h4>\n<p>Die Abschirmung FSCO T110 besteht aus einer biegsamen und leicht verformbaren Matte mit hoher Feuerfestigkeit. Sie ist mit einer Aluminiumfolie beschichtet und sch\u00fctzt Metallrohre mit oder ohne Isolierung in Wanddurchf\u00fchrungen. Sie l\u00e4sst sich m\u00fchelos schneiden und formen; nach einlagiger Umwickelung um das Rohr l\u00e4sst sie sich mit aluminisiertem Klebeband verschlie\u00dfen.<br \/>\nSie sch\u00fctzt Metallrohre, die W\u00e4nde oder Decke durchqueren, und verhindert die L\u00e4ngs\u00fcbertragung von W\u00e4rme sowie das Schmelzen von eventuellem Isoliermaterial.<\/p>\n<ul>\n<li><span style=\"color: #009832;\">Besteht aus Fasern, enth\u00e4lt keine Harze oder organischen Bindemittel<\/span><\/li>\n<li><span style=\"color: #009832;\">F\u00fcr Wandst\u00e4rken von mindestens 125 mm<\/span><\/li>\n<\/ul>\n","protected":false},"excerpt":{"rendered":"<p><strong>Approvazioni<\/strong> Classe EI 120 Atossica e priva di amianto Conforme alla norma\u00a0EN 1366-1 \u2022 EN 1366-3 \u2022 EN 1366-5<\/p>\n","protected":false},"featured_media":1592,"template":"","meta":[],"product_brand":[],"product_cat":[280,281],"product_tag":[],"class_list":{"0":"post-6767","1":"product","2":"type-product","3":"status-publish","4":"has-post-thumbnail","6":"product_cat-niederspannung","7":"product_cat-flammschutzbarrieren","9":"first","10":"instock","11":"taxable","12":"shipping-taxable","13":"product-type-simple"},"yoast_head":"<!-- This site is optimized with the Yoast SEO plugin v26.5 - https:\/\/yoast.com\/wordpress\/plugins\/seo\/ -->\n<title>Abschirmung f\u00fcr Metallrohre in Mattenform | Raytech<\/title>\n<meta name=\"robots\" content=\"index, follow, max-snippet:-1, max-image-preview:large, max-video-preview:-1\" \/>\n<link rel=\"canonical\" href=\"https:\/\/www.raytech.it\/de\/produkt\/niederspannung\/flammschutzbarrieren\/abschirmung-fuer-metallrohre-in-mattenform\" \/>\n<meta property=\"og:locale\" content=\"de_DE\" \/>\n<meta property=\"og:type\" content=\"article\" \/>\n<meta property=\"og:title\" content=\"Abschirmung f\u00fcr Metallrohre in Mattenform | Raytech\" \/>\n<meta property=\"og:description\" content=\"Approvazioni Classe EI 120 Atossica e priva di amianto Conforme alla norma\u00a0EN 1366-1 \u2022 EN 1366-3 \u2022 EN 1366-5\" \/>\n<meta property=\"og:url\" content=\"https:\/\/www.raytech.it\/de\/produkt\/niederspannung\/flammschutzbarrieren\/abschirmung-fuer-metallrohre-in-mattenform\" \/>\n<meta property=\"og:site_name\" content=\"Raytech\" \/>\n<meta property=\"article:publisher\" content=\"https:\/\/www.facebook.com\/RaytechItaly\" \/>\n<meta property=\"article:modified_time\" content=\"2025-02-18T13:36:22+00:00\" \/>\n<meta property=\"og:image\" content=\"https:\/\/www.raytech.it\/wp-content\/uploads\/fsco-t110.jpg\" \/>\n\t<meta property=\"og:image:width\" content=\"500\" \/>\n\t<meta property=\"og:image:height\" content=\"500\" \/>\n\t<meta property=\"og:image:type\" content=\"image\/jpeg\" \/>\n<meta name=\"twitter:card\" content=\"summary_large_image\" \/>\n<meta name=\"twitter:label1\" content=\"Gesch\u00e4tzte Lesezeit\" \/>\n\t<meta name=\"twitter:data1\" content=\"1\u00a0Minute\" \/>\n<script type=\"application\/ld+json\" class=\"yoast-schema-graph\">{\"@context\":\"https:\/\/schema.org\",\"@graph\":[{\"@type\":\"WebPage\",\"@id\":\"https:\/\/www.raytech.it\/de\/produkt\/niederspannung\/flammschutzbarrieren\/abschirmung-fuer-metallrohre-in-mattenform\",\"url\":\"https:\/\/www.raytech.it\/de\/produkt\/niederspannung\/flammschutzbarrieren\/abschirmung-fuer-metallrohre-in-mattenform\",\"name\":\"Abschirmung f\u00fcr Metallrohre in Mattenform | Raytech\",\"isPartOf\":{\"@id\":\"https:\/\/www.raytech.it\/#website\"},\"primaryImageOfPage\":{\"@id\":\"https:\/\/www.raytech.it\/de\/produkt\/niederspannung\/flammschutzbarrieren\/abschirmung-fuer-metallrohre-in-mattenform#primaryimage\"},\"image\":{\"@id\":\"https:\/\/www.raytech.it\/de\/produkt\/niederspannung\/flammschutzbarrieren\/abschirmung-fuer-metallrohre-in-mattenform#primaryimage\"},\"thumbnailUrl\":\"https:\/\/www.raytech.it\/wp-content\/uploads\/fsco-t110.jpg\",\"datePublished\":\"2015-12-28T11:05:31+00:00\",\"dateModified\":\"2025-02-18T13:36:22+00:00\",\"breadcrumb\":{\"@id\":\"https:\/\/www.raytech.it\/de\/produkt\/niederspannung\/flammschutzbarrieren\/abschirmung-fuer-metallrohre-in-mattenform#breadcrumb\"},\"inLanguage\":\"de\",\"potentialAction\":[{\"@type\":\"ReadAction\",\"target\":[\"https:\/\/www.raytech.it\/de\/produkt\/niederspannung\/flammschutzbarrieren\/abschirmung-fuer-metallrohre-in-mattenform\"]}]},{\"@type\":\"ImageObject\",\"inLanguage\":\"de\",\"@id\":\"https:\/\/www.raytech.it\/de\/produkt\/niederspannung\/flammschutzbarrieren\/abschirmung-fuer-metallrohre-in-mattenform#primaryimage\",\"url\":\"https:\/\/www.raytech.it\/wp-content\/uploads\/fsco-t110.jpg\",\"contentUrl\":\"https:\/\/www.raytech.it\/wp-content\/uploads\/fsco-t110.jpg\",\"width\":500,\"height\":500},{\"@type\":\"BreadcrumbList\",\"@id\":\"https:\/\/www.raytech.it\/de\/produkt\/niederspannung\/flammschutzbarrieren\/abschirmung-fuer-metallrohre-in-mattenform#breadcrumb\",\"itemListElement\":[{\"@type\":\"ListItem\",\"position\":1,\"name\":\"Home\",\"item\":\"https:\/\/www.raytech.it\/de\"},{\"@type\":\"ListItem\",\"position\":2,\"name\":\"Shop\",\"item\":\"https:\/\/www.raytech.it\/de\/shop\"},{\"@type\":\"ListItem\",\"position\":3,\"name\":\"Abschirmung f\u00fcr Metallrohre in Mattenform\"}]},{\"@type\":\"WebSite\",\"@id\":\"https:\/\/www.raytech.it\/#website\",\"url\":\"https:\/\/www.raytech.it\/\",\"name\":\"Raytech\",\"description\":\"Cable accessories company\",\"publisher\":{\"@id\":\"https:\/\/www.raytech.it\/#organization\"},\"potentialAction\":[{\"@type\":\"SearchAction\",\"target\":{\"@type\":\"EntryPoint\",\"urlTemplate\":\"https:\/\/www.raytech.it\/?s={search_term_string}\"},\"query-input\":{\"@type\":\"PropertyValueSpecification\",\"valueRequired\":true,\"valueName\":\"search_term_string\"}}],\"inLanguage\":\"de\"},{\"@type\":\"Organization\",\"@id\":\"https:\/\/www.raytech.it\/#organization\",\"name\":\"Raytech\",\"url\":\"https:\/\/www.raytech.it\/\",\"logo\":{\"@type\":\"ImageObject\",\"inLanguage\":\"de\",\"@id\":\"https:\/\/www.raytech.it\/#\/schema\/logo\/image\/\",\"url\":\"https:\/\/www.raytech.it\/wp-content\/uploads\/logo-raytech-2019-retina-3.png\",\"contentUrl\":\"https:\/\/www.raytech.it\/wp-content\/uploads\/logo-raytech-2019-retina-3.png\",\"width\":340,\"height\":90,\"caption\":\"Raytech\"},\"image\":{\"@id\":\"https:\/\/www.raytech.it\/#\/schema\/logo\/image\/\"},\"sameAs\":[\"https:\/\/www.facebook.com\/RaytechItaly\",\"https:\/\/www.instagram.com\/raytech_italy\/\",\"https:\/\/www.youtube.com\/user\/raytechitaly\",\"https:\/\/twitter.com\/Raytech_Italy\"]}]}<\/script>\n<!-- \/ Yoast SEO plugin. -->","yoast_head_json":{"title":"Abschirmung f\u00fcr Metallrohre in Mattenform | Raytech","robots":{"index":"index","follow":"follow","max-snippet":"max-snippet:-1","max-image-preview":"max-image-preview:large","max-video-preview":"max-video-preview:-1"},"canonical":"https:\/\/www.raytech.it\/de\/produkt\/niederspannung\/flammschutzbarrieren\/abschirmung-fuer-metallrohre-in-mattenform","og_locale":"de_DE","og_type":"article","og_title":"Abschirmung f\u00fcr Metallrohre in Mattenform | Raytech","og_description":"Approvazioni Classe EI 120 Atossica e priva di amianto Conforme alla norma\u00a0EN 1366-1 \u2022 EN 1366-3 \u2022 EN 1366-5","og_url":"https:\/\/www.raytech.it\/de\/produkt\/niederspannung\/flammschutzbarrieren\/abschirmung-fuer-metallrohre-in-mattenform","og_site_name":"Raytech","article_publisher":"https:\/\/www.facebook.com\/RaytechItaly","article_modified_time":"2025-02-18T13:36:22+00:00","og_image":[{"width":500,"height":500,"url":"https:\/\/www.raytech.it\/wp-content\/uploads\/fsco-t110.jpg","type":"image\/jpeg"}],"twitter_card":"summary_large_image","twitter_misc":{"Gesch\u00e4tzte Lesezeit":"1\u00a0Minute"},"schema":{"@context":"https:\/\/schema.org","@graph":[{"@type":"WebPage","@id":"https:\/\/www.raytech.it\/de\/produkt\/niederspannung\/flammschutzbarrieren\/abschirmung-fuer-metallrohre-in-mattenform","url":"https:\/\/www.raytech.it\/de\/produkt\/niederspannung\/flammschutzbarrieren\/abschirmung-fuer-metallrohre-in-mattenform","name":"Abschirmung f\u00fcr Metallrohre in Mattenform | Raytech","isPartOf":{"@id":"https:\/\/www.raytech.it\/#website"},"primaryImageOfPage":{"@id":"https:\/\/www.raytech.it\/de\/produkt\/niederspannung\/flammschutzbarrieren\/abschirmung-fuer-metallrohre-in-mattenform#primaryimage"},"image":{"@id":"https:\/\/www.raytech.it\/de\/produkt\/niederspannung\/flammschutzbarrieren\/abschirmung-fuer-metallrohre-in-mattenform#primaryimage"},"thumbnailUrl":"https:\/\/www.raytech.it\/wp-content\/uploads\/fsco-t110.jpg","datePublished":"2015-12-28T11:05:31+00:00","dateModified":"2025-02-18T13:36:22+00:00","breadcrumb":{"@id":"https:\/\/www.raytech.it\/de\/produkt\/niederspannung\/flammschutzbarrieren\/abschirmung-fuer-metallrohre-in-mattenform#breadcrumb"},"inLanguage":"de","potentialAction":[{"@type":"ReadAction","target":["https:\/\/www.raytech.it\/de\/produkt\/niederspannung\/flammschutzbarrieren\/abschirmung-fuer-metallrohre-in-mattenform"]}]},{"@type":"ImageObject","inLanguage":"de","@id":"https:\/\/www.raytech.it\/de\/produkt\/niederspannung\/flammschutzbarrieren\/abschirmung-fuer-metallrohre-in-mattenform#primaryimage","url":"https:\/\/www.raytech.it\/wp-content\/uploads\/fsco-t110.jpg","contentUrl":"https:\/\/www.raytech.it\/wp-content\/uploads\/fsco-t110.jpg","width":500,"height":500},{"@type":"BreadcrumbList","@id":"https:\/\/www.raytech.it\/de\/produkt\/niederspannung\/flammschutzbarrieren\/abschirmung-fuer-metallrohre-in-mattenform#breadcrumb","itemListElement":[{"@type":"ListItem","position":1,"name":"Home","item":"https:\/\/www.raytech.it\/de"},{"@type":"ListItem","position":2,"name":"Shop","item":"https:\/\/www.raytech.it\/de\/shop"},{"@type":"ListItem","position":3,"name":"Abschirmung f\u00fcr Metallrohre in Mattenform"}]},{"@type":"WebSite","@id":"https:\/\/www.raytech.it\/#website","url":"https:\/\/www.raytech.it\/","name":"Raytech","description":"Cable accessories company","publisher":{"@id":"https:\/\/www.raytech.it\/#organization"},"potentialAction":[{"@type":"SearchAction","target":{"@type":"EntryPoint","urlTemplate":"https:\/\/www.raytech.it\/?s={search_term_string}"},"query-input":{"@type":"PropertyValueSpecification","valueRequired":true,"valueName":"search_term_string"}}],"inLanguage":"de"},{"@type":"Organization","@id":"https:\/\/www.raytech.it\/#organization","name":"Raytech","url":"https:\/\/www.raytech.it\/","logo":{"@type":"ImageObject","inLanguage":"de","@id":"https:\/\/www.raytech.it\/#\/schema\/logo\/image\/","url":"https:\/\/www.raytech.it\/wp-content\/uploads\/logo-raytech-2019-retina-3.png","contentUrl":"https:\/\/www.raytech.it\/wp-content\/uploads\/logo-raytech-2019-retina-3.png","width":340,"height":90,"caption":"Raytech"},"image":{"@id":"https:\/\/www.raytech.it\/#\/schema\/logo\/image\/"},"sameAs":["https:\/\/www.facebook.com\/RaytechItaly","https:\/\/www.instagram.com\/raytech_italy\/","https:\/\/www.youtube.com\/user\/raytechitaly","https:\/\/twitter.com\/Raytech_Italy"]}]}},"_links":{"self":[{"href":"https:\/\/www.raytech.it\/de\/wp-json\/wp\/v2\/product\/6767","targetHints":{"allow":["GET"]}}],"collection":[{"href":"https:\/\/www.raytech.it\/de\/wp-json\/wp\/v2\/product"}],"about":[{"href":"https:\/\/www.raytech.it\/de\/wp-json\/wp\/v2\/types\/product"}],"wp:featuredmedia":[{"embeddable":true,"href":"https:\/\/www.raytech.it\/de\/wp-json\/wp\/v2\/media\/1592"}],"wp:attachment":[{"href":"https:\/\/www.raytech.it\/de\/wp-json\/wp\/v2\/media?parent=6767"}],"wp:term":[{"taxonomy":"product_brand","embeddable":true,"href":"https:\/\/www.raytech.it\/de\/wp-json\/wp\/v2\/product_brand?post=6767"},{"taxonomy":"product_cat","embeddable":true,"href":"https:\/\/www.raytech.it\/de\/wp-json\/wp\/v2\/product_cat?post=6767"},{"taxonomy":"product_tag","embeddable":true,"href":"https:\/\/www.raytech.it\/de\/wp-json\/wp\/v2\/product_tag?post=6767"}],"curies":[{"name":"wp","href":"https:\/\/api.w.org\/{rel}","templated":true}]}}