{"id":6791,"date":"2015-07-16T13:45:06","date_gmt":"2015-12-28T13:52:00","guid":{"rendered":"https:\/\/www.raytech.it\/?post_type=product&#038;p=6791&#038;lang=de"},"modified":"2025-02-20T07:23:22","modified_gmt":"2025-02-20T06:23:22","slug":"reinigung-von-sonnenkollektoren","status":"publish","type":"product","link":"https:\/\/www.raytech.it\/de\/produkt\/erneuerbare-energien\/paneelreiniger\/reinigung-von-sonnenkollektoren","title":{"rendered":"Reinigung von Sonnenkollektoren"},"content":{"rendered":"<h4><span style=\"color: #009832;\">Shiny Solar<br \/>\nL\u00f6sung f\u00fcr die Wartung von Solar- und Photovoltaikzellen<\/span><\/h4>\n<p>Shiny Solar ist ein Produkt fu\u0308r die Wartung von Solar- und Photovoltaikzellen, fu\u0308r die einfache Entfernung von Fett, Kalk- und Kristallru\u0308cksta\u0308nden, Staub, Smog, Ablagerungen etc. &#8230; Die erzeugte Leistungsfa\u0308higkeit einer Photovoltaikzelle kann in nicht besonders umweltbelasteten Zonen um bis zu 15% und in hochgradig verschmutzten Zonen um bis zu 25% verringert werden. Die regelma\u0308\u00dfige Verwendung von Shiny Solar tra\u0308gt dazu bei, die Effizienz der Anlage zu erhalten. Es ist a\u0308u\u00dferst wirkungsvoll und kinderleicht in der Anwendung und hat eine unbegrenzte Lagerhaltbarkeit. Verwenden Sie das Produkt in ma\u0308\u00dfig umweltbelasteten Gebieten 2-3 Mal ja\u0308hrlich, um die Erhaltung der Anlageneffizienz zu gewa\u0308hrleis- ten. Das im Produkt enthaltene Entfettungs- und Antistatikmittel bietet ausgezeichnete Ergebnisse, auch wenn es mit hartem Wasser abgewaschen wird (Wasserha\u0308rte auch u\u0308ber 30\u00b0f). Schnelle Anwendung: Fu\u0308r die Behandlung einer 6 kW Anlage (dies entspricht etwa 50 m<sup>2<\/sup>) werden dank der Entfettung, Reinigung und Auftragung des Antistatik-Schutzfilm in einem einzigen Arbeitsschritt, weniger als 20 Minuten beno\u0308tigt. Shiny Solar respektiert die Bestandteile der Anlage: die Zelle, den Aluminiumrahmen, die Dichtungen, das Schutzglas. Die Einzelverpackung von Shiny Solar erlaubt die Behandlung einer Photovoltaikanlage in einer Gro\u0308\u00dfe von 10 bis 15 kW, gemessen in installierter Leistung, das entspricht einer Fla\u0308che von ungefa\u0308hr 80-120 m<sup>2<\/sup>. In der Tabelle mit den Bestelldaten werden die Leistungen und die Fla\u0308chen angegeben, die mit den verschiedenen Packungen behandelt werden ko\u0308nnen.<\/p>\n<ul>\n<li><span style=\"color: #009832;\">F\u00fcr die problemlose Entfernung von Fett, Kalk- und Kristallr\u00fcckst\u00e4nden, Staub, Smog, Ablagerungen etc.<\/span><\/li>\n<li><span style=\"color: #009832;\">Enth\u00e4lt antistatischen Schutz<\/span><\/li>\n<\/ul>\n","protected":false},"excerpt":{"rendered":"<p>Shiny Solar L\u00f6sung f\u00fcr die Wartung von Solar- und Photovoltaikzellen Shiny Solar ist ein Produkt fu\u0308r die Wartung von Solar- und Photovoltaikzellen, fu\u0308r die einfache Entfernung von Fett, Kalk- und<span class=\"excerpt-hellip\"> [\u2026]<\/span><\/p>\n","protected":false},"featured_media":11719,"template":"","meta":[],"product_brand":[],"product_cat":[1542,1544],"product_tag":[],"class_list":{"0":"post-6791","1":"product","2":"type-product","3":"status-publish","4":"has-post-thumbnail","6":"product_cat-erneuerbare-energien","7":"product_cat-paneelreiniger","9":"first","10":"instock","11":"taxable","12":"shipping-taxable","13":"purchasable","14":"product-type-variable"},"yoast_head":"<!-- This site is optimized with the Yoast SEO plugin v26.5 - https:\/\/yoast.com\/wordpress\/plugins\/seo\/ -->\n<title>Reinigung von Sonnenkollektoren | Raytech<\/title>\n<meta name=\"robots\" content=\"index, follow, max-snippet:-1, max-image-preview:large, max-video-preview:-1\" \/>\n<link rel=\"canonical\" href=\"https:\/\/www.raytech.it\/de\/produkt\/erneuerbare-energien\/paneelreiniger\/reinigung-von-sonnenkollektoren\" \/>\n<meta property=\"og:locale\" content=\"de_DE\" \/>\n<meta property=\"og:type\" content=\"article\" \/>\n<meta property=\"og:title\" content=\"Reinigung von Sonnenkollektoren | Raytech\" \/>\n<meta property=\"og:description\" content=\"Shiny Solar L\u00f6sung f\u00fcr die Wartung von Solar- und Photovoltaikzellen Shiny Solar ist ein Produkt fu\u0308r die Wartung von Solar- und Photovoltaikzellen, fu\u0308r die einfache Entfernung von Fett, Kalk- und [\u2026]\" \/>\n<meta property=\"og:url\" content=\"https:\/\/www.raytech.it\/de\/produkt\/erneuerbare-energien\/paneelreiniger\/reinigung-von-sonnenkollektoren\" \/>\n<meta property=\"og:site_name\" content=\"Raytech\" \/>\n<meta property=\"article:publisher\" content=\"https:\/\/www.facebook.com\/RaytechItaly\" \/>\n<meta property=\"article:modified_time\" content=\"2025-02-20T06:23:22+00:00\" \/>\n<meta property=\"og:image\" content=\"https:\/\/www.raytech.it\/wp-content\/uploads\/shiny-solar-1.jpg\" \/>\n\t<meta property=\"og:image:width\" content=\"1024\" \/>\n\t<meta property=\"og:image:height\" content=\"1024\" \/>\n\t<meta property=\"og:image:type\" content=\"image\/jpeg\" \/>\n<meta name=\"twitter:card\" content=\"summary_large_image\" \/>\n<meta name=\"twitter:label1\" content=\"Gesch\u00e4tzte Lesezeit\" \/>\n\t<meta name=\"twitter:data1\" content=\"2\u00a0Minuten\" \/>\n<script type=\"application\/ld+json\" class=\"yoast-schema-graph\">{\"@context\":\"https:\/\/schema.org\",\"@graph\":[{\"@type\":\"WebPage\",\"@id\":\"https:\/\/www.raytech.it\/de\/produkt\/erneuerbare-energien\/paneelreiniger\/reinigung-von-sonnenkollektoren\",\"url\":\"https:\/\/www.raytech.it\/de\/produkt\/erneuerbare-energien\/paneelreiniger\/reinigung-von-sonnenkollektoren\",\"name\":\"Reinigung von Sonnenkollektoren | Raytech\",\"isPartOf\":{\"@id\":\"https:\/\/www.raytech.it\/#website\"},\"primaryImageOfPage\":{\"@id\":\"https:\/\/www.raytech.it\/de\/produkt\/erneuerbare-energien\/paneelreiniger\/reinigung-von-sonnenkollektoren#primaryimage\"},\"image\":{\"@id\":\"https:\/\/www.raytech.it\/de\/produkt\/erneuerbare-energien\/paneelreiniger\/reinigung-von-sonnenkollektoren#primaryimage\"},\"thumbnailUrl\":\"https:\/\/www.raytech.it\/wp-content\/uploads\/shiny-solar-1.jpg\",\"datePublished\":\"2015-12-28T13:52:00+00:00\",\"dateModified\":\"2025-02-20T06:23:22+00:00\",\"breadcrumb\":{\"@id\":\"https:\/\/www.raytech.it\/de\/produkt\/erneuerbare-energien\/paneelreiniger\/reinigung-von-sonnenkollektoren#breadcrumb\"},\"inLanguage\":\"de\",\"potentialAction\":[{\"@type\":\"ReadAction\",\"target\":[\"https:\/\/www.raytech.it\/de\/produkt\/erneuerbare-energien\/paneelreiniger\/reinigung-von-sonnenkollektoren\"]}]},{\"@type\":\"ImageObject\",\"inLanguage\":\"de\",\"@id\":\"https:\/\/www.raytech.it\/de\/produkt\/erneuerbare-energien\/paneelreiniger\/reinigung-von-sonnenkollektoren#primaryimage\",\"url\":\"https:\/\/www.raytech.it\/wp-content\/uploads\/shiny-solar-1.jpg\",\"contentUrl\":\"https:\/\/www.raytech.it\/wp-content\/uploads\/shiny-solar-1.jpg\",\"width\":1024,\"height\":1024},{\"@type\":\"BreadcrumbList\",\"@id\":\"https:\/\/www.raytech.it\/de\/produkt\/erneuerbare-energien\/paneelreiniger\/reinigung-von-sonnenkollektoren#breadcrumb\",\"itemListElement\":[{\"@type\":\"ListItem\",\"position\":1,\"name\":\"Home\",\"item\":\"https:\/\/www.raytech.it\/de\"},{\"@type\":\"ListItem\",\"position\":2,\"name\":\"Shop\",\"item\":\"https:\/\/www.raytech.it\/de\/shop\"},{\"@type\":\"ListItem\",\"position\":3,\"name\":\"Reinigung von Sonnenkollektoren\"}]},{\"@type\":\"WebSite\",\"@id\":\"https:\/\/www.raytech.it\/#website\",\"url\":\"https:\/\/www.raytech.it\/\",\"name\":\"Raytech\",\"description\":\"Cable accessories company\",\"publisher\":{\"@id\":\"https:\/\/www.raytech.it\/#organization\"},\"potentialAction\":[{\"@type\":\"SearchAction\",\"target\":{\"@type\":\"EntryPoint\",\"urlTemplate\":\"https:\/\/www.raytech.it\/?s={search_term_string}\"},\"query-input\":{\"@type\":\"PropertyValueSpecification\",\"valueRequired\":true,\"valueName\":\"search_term_string\"}}],\"inLanguage\":\"de\"},{\"@type\":\"Organization\",\"@id\":\"https:\/\/www.raytech.it\/#organization\",\"name\":\"Raytech\",\"url\":\"https:\/\/www.raytech.it\/\",\"logo\":{\"@type\":\"ImageObject\",\"inLanguage\":\"de\",\"@id\":\"https:\/\/www.raytech.it\/#\/schema\/logo\/image\/\",\"url\":\"https:\/\/www.raytech.it\/wp-content\/uploads\/logo-raytech-2019-retina-3.png\",\"contentUrl\":\"https:\/\/www.raytech.it\/wp-content\/uploads\/logo-raytech-2019-retina-3.png\",\"width\":340,\"height\":90,\"caption\":\"Raytech\"},\"image\":{\"@id\":\"https:\/\/www.raytech.it\/#\/schema\/logo\/image\/\"},\"sameAs\":[\"https:\/\/www.facebook.com\/RaytechItaly\",\"https:\/\/www.instagram.com\/raytech_italy\/\",\"https:\/\/www.youtube.com\/user\/raytechitaly\",\"https:\/\/twitter.com\/Raytech_Italy\"]}]}<\/script>\n<!-- \/ Yoast SEO plugin. -->","yoast_head_json":{"title":"Reinigung von Sonnenkollektoren | Raytech","robots":{"index":"index","follow":"follow","max-snippet":"max-snippet:-1","max-image-preview":"max-image-preview:large","max-video-preview":"max-video-preview:-1"},"canonical":"https:\/\/www.raytech.it\/de\/produkt\/erneuerbare-energien\/paneelreiniger\/reinigung-von-sonnenkollektoren","og_locale":"de_DE","og_type":"article","og_title":"Reinigung von Sonnenkollektoren | Raytech","og_description":"Shiny Solar L\u00f6sung f\u00fcr die Wartung von Solar- und Photovoltaikzellen Shiny Solar ist ein Produkt fu\u0308r die Wartung von Solar- und Photovoltaikzellen, fu\u0308r die einfache Entfernung von Fett, Kalk- und [\u2026]","og_url":"https:\/\/www.raytech.it\/de\/produkt\/erneuerbare-energien\/paneelreiniger\/reinigung-von-sonnenkollektoren","og_site_name":"Raytech","article_publisher":"https:\/\/www.facebook.com\/RaytechItaly","article_modified_time":"2025-02-20T06:23:22+00:00","og_image":[{"width":1024,"height":1024,"url":"https:\/\/www.raytech.it\/wp-content\/uploads\/shiny-solar-1.jpg","type":"image\/jpeg"}],"twitter_card":"summary_large_image","twitter_misc":{"Gesch\u00e4tzte Lesezeit":"2\u00a0Minuten"},"schema":{"@context":"https:\/\/schema.org","@graph":[{"@type":"WebPage","@id":"https:\/\/www.raytech.it\/de\/produkt\/erneuerbare-energien\/paneelreiniger\/reinigung-von-sonnenkollektoren","url":"https:\/\/www.raytech.it\/de\/produkt\/erneuerbare-energien\/paneelreiniger\/reinigung-von-sonnenkollektoren","name":"Reinigung von Sonnenkollektoren | Raytech","isPartOf":{"@id":"https:\/\/www.raytech.it\/#website"},"primaryImageOfPage":{"@id":"https:\/\/www.raytech.it\/de\/produkt\/erneuerbare-energien\/paneelreiniger\/reinigung-von-sonnenkollektoren#primaryimage"},"image":{"@id":"https:\/\/www.raytech.it\/de\/produkt\/erneuerbare-energien\/paneelreiniger\/reinigung-von-sonnenkollektoren#primaryimage"},"thumbnailUrl":"https:\/\/www.raytech.it\/wp-content\/uploads\/shiny-solar-1.jpg","datePublished":"2015-12-28T13:52:00+00:00","dateModified":"2025-02-20T06:23:22+00:00","breadcrumb":{"@id":"https:\/\/www.raytech.it\/de\/produkt\/erneuerbare-energien\/paneelreiniger\/reinigung-von-sonnenkollektoren#breadcrumb"},"inLanguage":"de","potentialAction":[{"@type":"ReadAction","target":["https:\/\/www.raytech.it\/de\/produkt\/erneuerbare-energien\/paneelreiniger\/reinigung-von-sonnenkollektoren"]}]},{"@type":"ImageObject","inLanguage":"de","@id":"https:\/\/www.raytech.it\/de\/produkt\/erneuerbare-energien\/paneelreiniger\/reinigung-von-sonnenkollektoren#primaryimage","url":"https:\/\/www.raytech.it\/wp-content\/uploads\/shiny-solar-1.jpg","contentUrl":"https:\/\/www.raytech.it\/wp-content\/uploads\/shiny-solar-1.jpg","width":1024,"height":1024},{"@type":"BreadcrumbList","@id":"https:\/\/www.raytech.it\/de\/produkt\/erneuerbare-energien\/paneelreiniger\/reinigung-von-sonnenkollektoren#breadcrumb","itemListElement":[{"@type":"ListItem","position":1,"name":"Home","item":"https:\/\/www.raytech.it\/de"},{"@type":"ListItem","position":2,"name":"Shop","item":"https:\/\/www.raytech.it\/de\/shop"},{"@type":"ListItem","position":3,"name":"Reinigung von Sonnenkollektoren"}]},{"@type":"WebSite","@id":"https:\/\/www.raytech.it\/#website","url":"https:\/\/www.raytech.it\/","name":"Raytech","description":"Cable accessories company","publisher":{"@id":"https:\/\/www.raytech.it\/#organization"},"potentialAction":[{"@type":"SearchAction","target":{"@type":"EntryPoint","urlTemplate":"https:\/\/www.raytech.it\/?s={search_term_string}"},"query-input":{"@type":"PropertyValueSpecification","valueRequired":true,"valueName":"search_term_string"}}],"inLanguage":"de"},{"@type":"Organization","@id":"https:\/\/www.raytech.it\/#organization","name":"Raytech","url":"https:\/\/www.raytech.it\/","logo":{"@type":"ImageObject","inLanguage":"de","@id":"https:\/\/www.raytech.it\/#\/schema\/logo\/image\/","url":"https:\/\/www.raytech.it\/wp-content\/uploads\/logo-raytech-2019-retina-3.png","contentUrl":"https:\/\/www.raytech.it\/wp-content\/uploads\/logo-raytech-2019-retina-3.png","width":340,"height":90,"caption":"Raytech"},"image":{"@id":"https:\/\/www.raytech.it\/#\/schema\/logo\/image\/"},"sameAs":["https:\/\/www.facebook.com\/RaytechItaly","https:\/\/www.instagram.com\/raytech_italy\/","https:\/\/www.youtube.com\/user\/raytechitaly","https:\/\/twitter.com\/Raytech_Italy"]}]}},"_links":{"self":[{"href":"https:\/\/www.raytech.it\/de\/wp-json\/wp\/v2\/product\/6791","targetHints":{"allow":["GET"]}}],"collection":[{"href":"https:\/\/www.raytech.it\/de\/wp-json\/wp\/v2\/product"}],"about":[{"href":"https:\/\/www.raytech.it\/de\/wp-json\/wp\/v2\/types\/product"}],"wp:featuredmedia":[{"embeddable":true,"href":"https:\/\/www.raytech.it\/de\/wp-json\/wp\/v2\/media\/11719"}],"wp:attachment":[{"href":"https:\/\/www.raytech.it\/de\/wp-json\/wp\/v2\/media?parent=6791"}],"wp:term":[{"taxonomy":"product_brand","embeddable":true,"href":"https:\/\/www.raytech.it\/de\/wp-json\/wp\/v2\/product_brand?post=6791"},{"taxonomy":"product_cat","embeddable":true,"href":"https:\/\/www.raytech.it\/de\/wp-json\/wp\/v2\/product_cat?post=6791"},{"taxonomy":"product_tag","embeddable":true,"href":"https:\/\/www.raytech.it\/de\/wp-json\/wp\/v2\/product_tag?post=6791"}],"curies":[{"name":"wp","href":"https:\/\/api.w.org\/{rel}","templated":true}]}}