{"id":6805,"date":"2015-09-15T10:24:06","date_gmt":"2015-12-28T14:22:04","guid":{"rendered":"https:\/\/www.raytech.it\/?post_type=product&#038;p=6805&#038;lang=de"},"modified":"2025-02-20T04:18:38","modified_gmt":"2025-02-20T03:18:38","slug":"kaltschrumpf-endverschlusse-fuer-innenanwendungen-24-kv","status":"publish","type":"product","link":"https:\/\/www.raytech.it\/de\/produkt\/mittelspannung\/kaltschrumpf-endverschlusse-und-verbindungen-bis-zu-36kv\/endverschlusse\/kaltschrumpf-endverschlusse-fuer-innenanwendungen-24-kv","title":{"rendered":"Kaltschrumpf-Endverschlusse f\u00fcr Innenanwendungen 24 kV"},"content":{"rendered":"<h4><span style=\"color: #004f9f;\">Endverschlusse aus Silikongummi, mit Kontrolle des elektrischen Feldes. F\u00fcr extrudierte Kabel bis 12\/20 kV (Um 24 kV)<\/span><\/h4>\n<p>Die selbstschrumpfende Technologie basiert auf vorgedehnten Isolier-Kabelm\u00e4nteln auf einem mobilen Spirallager, das bei der Installation werkzeugfrei entfernt wird, um eine vollst\u00e4ndige Abdeckung des Isoliermaterials zu erm\u00f6glichen. Der vorgedehnte Silikon-Kabelmantel von Raytech ist flammhemmend, kriechfest, sehr elastisch und h\u00e4lt den Druck am Kabel w\u00e4hrend des Betriebs aufrecht. Er ist wasserabweisend und besonders widerstandsf\u00e4hig. Die besonders kompakten, glatten Endverschlusse von Raytech eignen sich f\u00fcr Innenanwendungen und sind vollausgestattet: jedes Set umfasst 3 einpolige Abschl\u00fcsse f\u00fcr Innenanwendungen. Die Installation erfolgt ohne W\u00e4rmezufuhr und werkzeugfrei durch Abwickeln der Spiralhalterung.<\/p>\n<ul>\n<li><span style=\"color: #004f9f;\">Schnelle Installation, niedrige Lohnkosten<\/span><\/li>\n<li><span style=\"color: #004f9f;\">Hohe Zuverl\u00e4ssigkeit und Sicherheit<\/span><\/li>\n<li><span style=\"color: #004f9f;\">Installation ohne W\u00e4rmezufuhr und werkzeugfrei<\/span><\/li>\n<\/ul>\n<p><a class=\"btn btn-default linkpdf mt_bg\" style=\"margin-top: 10px;\" href=\"\/catalogo\/de\/identificazione-terminale.pdf\" target=\"_blank\">Daten zur Identifizierung der passenden Verbindung<\/a><\/p>\n","protected":false},"excerpt":{"rendered":"<p>Endverschlusse aus Silikongummi, mit Kontrolle des elektrischen Feldes. F\u00fcr extrudierte Kabel bis 12\/20 kV (Um 24 kV) Die selbstschrumpfende Technologie basiert auf vorgedehnten Isolier-Kabelm\u00e4nteln auf einem mobilen Spirallager, das bei<span class=\"excerpt-hellip\"> [\u2026]<\/span><\/p>\n","protected":false},"featured_media":2327,"template":"","meta":[],"product_brand":[],"product_cat":[315,316,435],"product_tag":[],"class_list":{"0":"post-6805","1":"product","2":"type-product","3":"status-publish","4":"has-post-thumbnail","6":"product_cat-mittelspannung","7":"product_cat-kaltschrumpf-endverschlusse-und-verbindungen-bis-zu-36kv","8":"product_cat-endverschlusse","10":"first","11":"instock","12":"taxable","13":"shipping-taxable","14":"product-type-simple"},"yoast_head":"<!-- This site is optimized with the Yoast SEO plugin v26.5 - https:\/\/yoast.com\/wordpress\/plugins\/seo\/ -->\n<title>Kaltschrumpf-Endverschlusse f\u00fcr Innenanwendungen 24 kV | Raytech<\/title>\n<meta name=\"robots\" content=\"index, follow, max-snippet:-1, max-image-preview:large, max-video-preview:-1\" \/>\n<link rel=\"canonical\" href=\"https:\/\/www.raytech.it\/de\/produkt\/mittelspannung\/kaltschrumpf-endverschlusse-und-verbindungen-bis-zu-36kv\/endverschlusse\/kaltschrumpf-endverschlusse-fuer-innenanwendungen-24-kv\" \/>\n<meta property=\"og:locale\" content=\"de_DE\" \/>\n<meta property=\"og:type\" content=\"article\" \/>\n<meta property=\"og:title\" content=\"Kaltschrumpf-Endverschlusse f\u00fcr Innenanwendungen 24 kV | Raytech\" \/>\n<meta property=\"og:description\" content=\"Endverschlusse aus Silikongummi, mit Kontrolle des elektrischen Feldes. F\u00fcr extrudierte Kabel bis 12\/20 kV (Um 24 kV) Die selbstschrumpfende Technologie basiert auf vorgedehnten Isolier-Kabelm\u00e4nteln auf einem mobilen Spirallager, das bei [\u2026]\" \/>\n<meta property=\"og:url\" content=\"https:\/\/www.raytech.it\/de\/produkt\/mittelspannung\/kaltschrumpf-endverschlusse-und-verbindungen-bis-zu-36kv\/endverschlusse\/kaltschrumpf-endverschlusse-fuer-innenanwendungen-24-kv\" \/>\n<meta property=\"og:site_name\" content=\"Raytech\" \/>\n<meta property=\"article:publisher\" content=\"https:\/\/www.facebook.com\/RaytechItaly\" \/>\n<meta property=\"article:modified_time\" content=\"2025-02-20T03:18:38+00:00\" \/>\n<meta property=\"og:image\" content=\"https:\/\/www.raytech.it\/wp-content\/uploads\/terminali-interno.jpg\" \/>\n\t<meta property=\"og:image:width\" content=\"1024\" \/>\n\t<meta property=\"og:image:height\" content=\"1024\" \/>\n\t<meta property=\"og:image:type\" content=\"image\/jpeg\" \/>\n<meta name=\"twitter:card\" content=\"summary_large_image\" \/>\n<meta name=\"twitter:label1\" content=\"Gesch\u00e4tzte Lesezeit\" \/>\n\t<meta name=\"twitter:data1\" content=\"1\u00a0Minute\" \/>\n<script type=\"application\/ld+json\" class=\"yoast-schema-graph\">{\"@context\":\"https:\/\/schema.org\",\"@graph\":[{\"@type\":\"WebPage\",\"@id\":\"https:\/\/www.raytech.it\/de\/produkt\/mittelspannung\/kaltschrumpf-endverschlusse-und-verbindungen-bis-zu-36kv\/endverschlusse\/kaltschrumpf-endverschlusse-fuer-innenanwendungen-24-kv\",\"url\":\"https:\/\/www.raytech.it\/de\/produkt\/mittelspannung\/kaltschrumpf-endverschlusse-und-verbindungen-bis-zu-36kv\/endverschlusse\/kaltschrumpf-endverschlusse-fuer-innenanwendungen-24-kv\",\"name\":\"Kaltschrumpf-Endverschlusse f\u00fcr Innenanwendungen 24 kV | Raytech\",\"isPartOf\":{\"@id\":\"https:\/\/www.raytech.it\/#website\"},\"primaryImageOfPage\":{\"@id\":\"https:\/\/www.raytech.it\/de\/produkt\/mittelspannung\/kaltschrumpf-endverschlusse-und-verbindungen-bis-zu-36kv\/endverschlusse\/kaltschrumpf-endverschlusse-fuer-innenanwendungen-24-kv#primaryimage\"},\"image\":{\"@id\":\"https:\/\/www.raytech.it\/de\/produkt\/mittelspannung\/kaltschrumpf-endverschlusse-und-verbindungen-bis-zu-36kv\/endverschlusse\/kaltschrumpf-endverschlusse-fuer-innenanwendungen-24-kv#primaryimage\"},\"thumbnailUrl\":\"https:\/\/www.raytech.it\/wp-content\/uploads\/terminali-interno.jpg\",\"datePublished\":\"2015-12-28T14:22:04+00:00\",\"dateModified\":\"2025-02-20T03:18:38+00:00\",\"breadcrumb\":{\"@id\":\"https:\/\/www.raytech.it\/de\/produkt\/mittelspannung\/kaltschrumpf-endverschlusse-und-verbindungen-bis-zu-36kv\/endverschlusse\/kaltschrumpf-endverschlusse-fuer-innenanwendungen-24-kv#breadcrumb\"},\"inLanguage\":\"de\",\"potentialAction\":[{\"@type\":\"ReadAction\",\"target\":[\"https:\/\/www.raytech.it\/de\/produkt\/mittelspannung\/kaltschrumpf-endverschlusse-und-verbindungen-bis-zu-36kv\/endverschlusse\/kaltschrumpf-endverschlusse-fuer-innenanwendungen-24-kv\"]}]},{\"@type\":\"ImageObject\",\"inLanguage\":\"de\",\"@id\":\"https:\/\/www.raytech.it\/de\/produkt\/mittelspannung\/kaltschrumpf-endverschlusse-und-verbindungen-bis-zu-36kv\/endverschlusse\/kaltschrumpf-endverschlusse-fuer-innenanwendungen-24-kv#primaryimage\",\"url\":\"https:\/\/www.raytech.it\/wp-content\/uploads\/terminali-interno.jpg\",\"contentUrl\":\"https:\/\/www.raytech.it\/wp-content\/uploads\/terminali-interno.jpg\",\"width\":1024,\"height\":1024},{\"@type\":\"BreadcrumbList\",\"@id\":\"https:\/\/www.raytech.it\/de\/produkt\/mittelspannung\/kaltschrumpf-endverschlusse-und-verbindungen-bis-zu-36kv\/endverschlusse\/kaltschrumpf-endverschlusse-fuer-innenanwendungen-24-kv#breadcrumb\",\"itemListElement\":[{\"@type\":\"ListItem\",\"position\":1,\"name\":\"Home\",\"item\":\"https:\/\/www.raytech.it\/de\"},{\"@type\":\"ListItem\",\"position\":2,\"name\":\"Shop\",\"item\":\"https:\/\/www.raytech.it\/de\/shop\"},{\"@type\":\"ListItem\",\"position\":3,\"name\":\"Kaltschrumpf-Endverschlusse f\u00fcr Innenanwendungen 24 kV\"}]},{\"@type\":\"WebSite\",\"@id\":\"https:\/\/www.raytech.it\/#website\",\"url\":\"https:\/\/www.raytech.it\/\",\"name\":\"Raytech\",\"description\":\"Cable accessories company\",\"publisher\":{\"@id\":\"https:\/\/www.raytech.it\/#organization\"},\"potentialAction\":[{\"@type\":\"SearchAction\",\"target\":{\"@type\":\"EntryPoint\",\"urlTemplate\":\"https:\/\/www.raytech.it\/?s={search_term_string}\"},\"query-input\":{\"@type\":\"PropertyValueSpecification\",\"valueRequired\":true,\"valueName\":\"search_term_string\"}}],\"inLanguage\":\"de\"},{\"@type\":\"Organization\",\"@id\":\"https:\/\/www.raytech.it\/#organization\",\"name\":\"Raytech\",\"url\":\"https:\/\/www.raytech.it\/\",\"logo\":{\"@type\":\"ImageObject\",\"inLanguage\":\"de\",\"@id\":\"https:\/\/www.raytech.it\/#\/schema\/logo\/image\/\",\"url\":\"https:\/\/www.raytech.it\/wp-content\/uploads\/logo-raytech-2019-retina-3.png\",\"contentUrl\":\"https:\/\/www.raytech.it\/wp-content\/uploads\/logo-raytech-2019-retina-3.png\",\"width\":340,\"height\":90,\"caption\":\"Raytech\"},\"image\":{\"@id\":\"https:\/\/www.raytech.it\/#\/schema\/logo\/image\/\"},\"sameAs\":[\"https:\/\/www.facebook.com\/RaytechItaly\",\"https:\/\/www.instagram.com\/raytech_italy\/\",\"https:\/\/www.youtube.com\/user\/raytechitaly\",\"https:\/\/twitter.com\/Raytech_Italy\"]}]}<\/script>\n<!-- \/ Yoast SEO plugin. -->","yoast_head_json":{"title":"Kaltschrumpf-Endverschlusse f\u00fcr Innenanwendungen 24 kV | Raytech","robots":{"index":"index","follow":"follow","max-snippet":"max-snippet:-1","max-image-preview":"max-image-preview:large","max-video-preview":"max-video-preview:-1"},"canonical":"https:\/\/www.raytech.it\/de\/produkt\/mittelspannung\/kaltschrumpf-endverschlusse-und-verbindungen-bis-zu-36kv\/endverschlusse\/kaltschrumpf-endverschlusse-fuer-innenanwendungen-24-kv","og_locale":"de_DE","og_type":"article","og_title":"Kaltschrumpf-Endverschlusse f\u00fcr Innenanwendungen 24 kV | Raytech","og_description":"Endverschlusse aus Silikongummi, mit Kontrolle des elektrischen Feldes. F\u00fcr extrudierte Kabel bis 12\/20 kV (Um 24 kV) Die selbstschrumpfende Technologie basiert auf vorgedehnten Isolier-Kabelm\u00e4nteln auf einem mobilen Spirallager, das bei [\u2026]","og_url":"https:\/\/www.raytech.it\/de\/produkt\/mittelspannung\/kaltschrumpf-endverschlusse-und-verbindungen-bis-zu-36kv\/endverschlusse\/kaltschrumpf-endverschlusse-fuer-innenanwendungen-24-kv","og_site_name":"Raytech","article_publisher":"https:\/\/www.facebook.com\/RaytechItaly","article_modified_time":"2025-02-20T03:18:38+00:00","og_image":[{"width":1024,"height":1024,"url":"https:\/\/www.raytech.it\/wp-content\/uploads\/terminali-interno.jpg","type":"image\/jpeg"}],"twitter_card":"summary_large_image","twitter_misc":{"Gesch\u00e4tzte Lesezeit":"1\u00a0Minute"},"schema":{"@context":"https:\/\/schema.org","@graph":[{"@type":"WebPage","@id":"https:\/\/www.raytech.it\/de\/produkt\/mittelspannung\/kaltschrumpf-endverschlusse-und-verbindungen-bis-zu-36kv\/endverschlusse\/kaltschrumpf-endverschlusse-fuer-innenanwendungen-24-kv","url":"https:\/\/www.raytech.it\/de\/produkt\/mittelspannung\/kaltschrumpf-endverschlusse-und-verbindungen-bis-zu-36kv\/endverschlusse\/kaltschrumpf-endverschlusse-fuer-innenanwendungen-24-kv","name":"Kaltschrumpf-Endverschlusse f\u00fcr Innenanwendungen 24 kV | Raytech","isPartOf":{"@id":"https:\/\/www.raytech.it\/#website"},"primaryImageOfPage":{"@id":"https:\/\/www.raytech.it\/de\/produkt\/mittelspannung\/kaltschrumpf-endverschlusse-und-verbindungen-bis-zu-36kv\/endverschlusse\/kaltschrumpf-endverschlusse-fuer-innenanwendungen-24-kv#primaryimage"},"image":{"@id":"https:\/\/www.raytech.it\/de\/produkt\/mittelspannung\/kaltschrumpf-endverschlusse-und-verbindungen-bis-zu-36kv\/endverschlusse\/kaltschrumpf-endverschlusse-fuer-innenanwendungen-24-kv#primaryimage"},"thumbnailUrl":"https:\/\/www.raytech.it\/wp-content\/uploads\/terminali-interno.jpg","datePublished":"2015-12-28T14:22:04+00:00","dateModified":"2025-02-20T03:18:38+00:00","breadcrumb":{"@id":"https:\/\/www.raytech.it\/de\/produkt\/mittelspannung\/kaltschrumpf-endverschlusse-und-verbindungen-bis-zu-36kv\/endverschlusse\/kaltschrumpf-endverschlusse-fuer-innenanwendungen-24-kv#breadcrumb"},"inLanguage":"de","potentialAction":[{"@type":"ReadAction","target":["https:\/\/www.raytech.it\/de\/produkt\/mittelspannung\/kaltschrumpf-endverschlusse-und-verbindungen-bis-zu-36kv\/endverschlusse\/kaltschrumpf-endverschlusse-fuer-innenanwendungen-24-kv"]}]},{"@type":"ImageObject","inLanguage":"de","@id":"https:\/\/www.raytech.it\/de\/produkt\/mittelspannung\/kaltschrumpf-endverschlusse-und-verbindungen-bis-zu-36kv\/endverschlusse\/kaltschrumpf-endverschlusse-fuer-innenanwendungen-24-kv#primaryimage","url":"https:\/\/www.raytech.it\/wp-content\/uploads\/terminali-interno.jpg","contentUrl":"https:\/\/www.raytech.it\/wp-content\/uploads\/terminali-interno.jpg","width":1024,"height":1024},{"@type":"BreadcrumbList","@id":"https:\/\/www.raytech.it\/de\/produkt\/mittelspannung\/kaltschrumpf-endverschlusse-und-verbindungen-bis-zu-36kv\/endverschlusse\/kaltschrumpf-endverschlusse-fuer-innenanwendungen-24-kv#breadcrumb","itemListElement":[{"@type":"ListItem","position":1,"name":"Home","item":"https:\/\/www.raytech.it\/de"},{"@type":"ListItem","position":2,"name":"Shop","item":"https:\/\/www.raytech.it\/de\/shop"},{"@type":"ListItem","position":3,"name":"Kaltschrumpf-Endverschlusse f\u00fcr Innenanwendungen 24 kV"}]},{"@type":"WebSite","@id":"https:\/\/www.raytech.it\/#website","url":"https:\/\/www.raytech.it\/","name":"Raytech","description":"Cable accessories company","publisher":{"@id":"https:\/\/www.raytech.it\/#organization"},"potentialAction":[{"@type":"SearchAction","target":{"@type":"EntryPoint","urlTemplate":"https:\/\/www.raytech.it\/?s={search_term_string}"},"query-input":{"@type":"PropertyValueSpecification","valueRequired":true,"valueName":"search_term_string"}}],"inLanguage":"de"},{"@type":"Organization","@id":"https:\/\/www.raytech.it\/#organization","name":"Raytech","url":"https:\/\/www.raytech.it\/","logo":{"@type":"ImageObject","inLanguage":"de","@id":"https:\/\/www.raytech.it\/#\/schema\/logo\/image\/","url":"https:\/\/www.raytech.it\/wp-content\/uploads\/logo-raytech-2019-retina-3.png","contentUrl":"https:\/\/www.raytech.it\/wp-content\/uploads\/logo-raytech-2019-retina-3.png","width":340,"height":90,"caption":"Raytech"},"image":{"@id":"https:\/\/www.raytech.it\/#\/schema\/logo\/image\/"},"sameAs":["https:\/\/www.facebook.com\/RaytechItaly","https:\/\/www.instagram.com\/raytech_italy\/","https:\/\/www.youtube.com\/user\/raytechitaly","https:\/\/twitter.com\/Raytech_Italy"]}]}},"_links":{"self":[{"href":"https:\/\/www.raytech.it\/de\/wp-json\/wp\/v2\/product\/6805","targetHints":{"allow":["GET"]}}],"collection":[{"href":"https:\/\/www.raytech.it\/de\/wp-json\/wp\/v2\/product"}],"about":[{"href":"https:\/\/www.raytech.it\/de\/wp-json\/wp\/v2\/types\/product"}],"wp:featuredmedia":[{"embeddable":true,"href":"https:\/\/www.raytech.it\/de\/wp-json\/wp\/v2\/media\/2327"}],"wp:attachment":[{"href":"https:\/\/www.raytech.it\/de\/wp-json\/wp\/v2\/media?parent=6805"}],"wp:term":[{"taxonomy":"product_brand","embeddable":true,"href":"https:\/\/www.raytech.it\/de\/wp-json\/wp\/v2\/product_brand?post=6805"},{"taxonomy":"product_cat","embeddable":true,"href":"https:\/\/www.raytech.it\/de\/wp-json\/wp\/v2\/product_cat?post=6805"},{"taxonomy":"product_tag","embeddable":true,"href":"https:\/\/www.raytech.it\/de\/wp-json\/wp\/v2\/product_tag?post=6805"}],"curies":[{"name":"wp","href":"https:\/\/api.w.org\/{rel}","templated":true}]}}