{"id":6807,"date":"2015-09-15T10:35:06","date_gmt":"2015-12-28T14:28:17","guid":{"rendered":"https:\/\/www.raytech.it\/?post_type=product&#038;p=6807&#038;lang=de"},"modified":"2025-02-20T04:18:30","modified_gmt":"2025-02-20T03:18:30","slug":"kaltschrumpf-endverschlusse-fuer-innen-aussenanwendungen-kabel-bis-36kv","status":"publish","type":"product","link":"https:\/\/www.raytech.it\/de\/produkt\/mittelspannung\/kaltschrumpf-endverschlusse-und-verbindungen-bis-zu-36kv\/endverschlusse\/kaltschrumpf-endverschlusse-fuer-innen-aussenanwendungen-kabel-bis-36kv","title":{"rendered":"Kaltschrumpf-Endverschlusse f\u00fcr Innen-\/Au\u00dfenanwendungen Kabel bis 36kV"},"content":{"rendered":"<h4><span style=\"color: #004f9f;\">Endverschlusse aus Silikongummi, mit Kontrolle des elektrischen Feldes. F\u00fcr extrudierte Kabel bis 18\/30 kV (Um 36 kV)<\/span><\/h4>\n<p>Der vorgedehnte Silikon-Kabelmantel von Raytech ist flammhemmend, kriechfest, sehr elastisch und h\u00e4lt den Druck am Kabel w\u00e4hrend des Betriebs aufrecht. Er ist wasserabweisend und besonders widerstandsf\u00e4hig. Mit vorgedehnten Silikonlamellen auf Spiralhalterung f\u00fcr eine modulare Installation; Installation kopf\u00fcber m\u00f6glich. SEHR KOMPAKT, f\u00fcr Innenund Au\u00dfenanwendungen, vollausgestattet: jedes Set umfasst 3 einpolige Abschl\u00fcsse. Die Installation erfolgt ohne W\u00e4rmezufuhr und werkzeugfrei durch Abwickeln der Spiralhalterung.<\/p>\n<ul>\n<li><span style=\"color: #004f9f;\">Schnelle Installation, niedrige Lohnkosten<\/span><\/li>\n<li><span style=\"color: #004f9f;\">Hohe Zuverl\u00e4ssigkeit und Sicherheit<\/span><\/li>\n<li><span style=\"color: #004f9f;\">Installation ohne W\u00e4rmezufuhr und werkzeugfrei<\/span><\/li>\n<\/ul>\n<p><a class=\"btn btn-default linkpdf mt_bg\" style=\"margin-top: 10px;\" href=\"\/catalogo\/de\/identificazione-terminale.pdf\" target=\"_blank\">Daten zur Identifizierung der passenden Verbindung<\/a><\/p>\n","protected":false},"excerpt":{"rendered":"<p>Endverschlusse aus Silikongummi, mit Kontrolle des elektrischen Feldes. F\u00fcr extrudierte Kabel bis 18\/30 kV (Um 36 kV) Der vorgedehnte Silikon-Kabelmantel von Raytech ist flammhemmend, kriechfest, sehr elastisch und h\u00e4lt den<span class=\"excerpt-hellip\"> [\u2026]<\/span><\/p>\n","protected":false},"featured_media":2341,"template":"","meta":[],"product_brand":[],"product_cat":[315,316,435],"product_tag":[],"class_list":{"0":"post-6807","1":"product","2":"type-product","3":"status-publish","4":"has-post-thumbnail","6":"product_cat-mittelspannung","7":"product_cat-kaltschrumpf-endverschlusse-und-verbindungen-bis-zu-36kv","8":"product_cat-endverschlusse","10":"first","11":"instock","12":"taxable","13":"shipping-taxable","14":"product-type-simple"},"yoast_head":"<!-- This site is optimized with the Yoast SEO plugin v26.5 - https:\/\/yoast.com\/wordpress\/plugins\/seo\/ -->\n<title>Kaltschrumpf-Endverschlusse f\u00fcr Innen-\/Au\u00dfenanwendungen Kabel bis 36kV | Raytech<\/title>\n<meta name=\"robots\" content=\"index, follow, max-snippet:-1, max-image-preview:large, max-video-preview:-1\" \/>\n<link rel=\"canonical\" href=\"https:\/\/www.raytech.it\/de\/produkt\/mittelspannung\/kaltschrumpf-endverschlusse-und-verbindungen-bis-zu-36kv\/endverschlusse\/kaltschrumpf-endverschlusse-fuer-innen-aussenanwendungen-kabel-bis-36kv\" \/>\n<meta property=\"og:locale\" content=\"de_DE\" \/>\n<meta property=\"og:type\" content=\"article\" \/>\n<meta property=\"og:title\" content=\"Kaltschrumpf-Endverschlusse f\u00fcr Innen-\/Au\u00dfenanwendungen Kabel bis 36kV | Raytech\" \/>\n<meta property=\"og:description\" content=\"Endverschlusse aus Silikongummi, mit Kontrolle des elektrischen Feldes. F\u00fcr extrudierte Kabel bis 18\/30 kV (Um 36 kV) Der vorgedehnte Silikon-Kabelmantel von Raytech ist flammhemmend, kriechfest, sehr elastisch und h\u00e4lt den [\u2026]\" \/>\n<meta property=\"og:url\" content=\"https:\/\/www.raytech.it\/de\/produkt\/mittelspannung\/kaltschrumpf-endverschlusse-und-verbindungen-bis-zu-36kv\/endverschlusse\/kaltschrumpf-endverschlusse-fuer-innen-aussenanwendungen-kabel-bis-36kv\" \/>\n<meta property=\"og:site_name\" content=\"Raytech\" \/>\n<meta property=\"article:publisher\" content=\"https:\/\/www.facebook.com\/RaytechItaly\" \/>\n<meta property=\"article:modified_time\" content=\"2025-02-20T03:18:30+00:00\" \/>\n<meta property=\"og:image\" content=\"https:\/\/www.raytech.it\/wp-content\/uploads\/terminali-interno-esterno.jpg\" \/>\n\t<meta property=\"og:image:width\" content=\"1024\" \/>\n\t<meta property=\"og:image:height\" content=\"1024\" \/>\n\t<meta property=\"og:image:type\" content=\"image\/jpeg\" \/>\n<meta name=\"twitter:card\" content=\"summary_large_image\" \/>\n<meta name=\"twitter:label1\" content=\"Gesch\u00e4tzte Lesezeit\" \/>\n\t<meta name=\"twitter:data1\" content=\"1\u00a0Minute\" \/>\n<script type=\"application\/ld+json\" class=\"yoast-schema-graph\">{\"@context\":\"https:\/\/schema.org\",\"@graph\":[{\"@type\":\"WebPage\",\"@id\":\"https:\/\/www.raytech.it\/de\/produkt\/mittelspannung\/kaltschrumpf-endverschlusse-und-verbindungen-bis-zu-36kv\/endverschlusse\/kaltschrumpf-endverschlusse-fuer-innen-aussenanwendungen-kabel-bis-36kv\",\"url\":\"https:\/\/www.raytech.it\/de\/produkt\/mittelspannung\/kaltschrumpf-endverschlusse-und-verbindungen-bis-zu-36kv\/endverschlusse\/kaltschrumpf-endverschlusse-fuer-innen-aussenanwendungen-kabel-bis-36kv\",\"name\":\"Kaltschrumpf-Endverschlusse f\u00fcr Innen-\/Au\u00dfenanwendungen Kabel bis 36kV | Raytech\",\"isPartOf\":{\"@id\":\"https:\/\/www.raytech.it\/#website\"},\"primaryImageOfPage\":{\"@id\":\"https:\/\/www.raytech.it\/de\/produkt\/mittelspannung\/kaltschrumpf-endverschlusse-und-verbindungen-bis-zu-36kv\/endverschlusse\/kaltschrumpf-endverschlusse-fuer-innen-aussenanwendungen-kabel-bis-36kv#primaryimage\"},\"image\":{\"@id\":\"https:\/\/www.raytech.it\/de\/produkt\/mittelspannung\/kaltschrumpf-endverschlusse-und-verbindungen-bis-zu-36kv\/endverschlusse\/kaltschrumpf-endverschlusse-fuer-innen-aussenanwendungen-kabel-bis-36kv#primaryimage\"},\"thumbnailUrl\":\"https:\/\/www.raytech.it\/wp-content\/uploads\/terminali-interno-esterno.jpg\",\"datePublished\":\"2015-12-28T14:28:17+00:00\",\"dateModified\":\"2025-02-20T03:18:30+00:00\",\"breadcrumb\":{\"@id\":\"https:\/\/www.raytech.it\/de\/produkt\/mittelspannung\/kaltschrumpf-endverschlusse-und-verbindungen-bis-zu-36kv\/endverschlusse\/kaltschrumpf-endverschlusse-fuer-innen-aussenanwendungen-kabel-bis-36kv#breadcrumb\"},\"inLanguage\":\"de\",\"potentialAction\":[{\"@type\":\"ReadAction\",\"target\":[\"https:\/\/www.raytech.it\/de\/produkt\/mittelspannung\/kaltschrumpf-endverschlusse-und-verbindungen-bis-zu-36kv\/endverschlusse\/kaltschrumpf-endverschlusse-fuer-innen-aussenanwendungen-kabel-bis-36kv\"]}]},{\"@type\":\"ImageObject\",\"inLanguage\":\"de\",\"@id\":\"https:\/\/www.raytech.it\/de\/produkt\/mittelspannung\/kaltschrumpf-endverschlusse-und-verbindungen-bis-zu-36kv\/endverschlusse\/kaltschrumpf-endverschlusse-fuer-innen-aussenanwendungen-kabel-bis-36kv#primaryimage\",\"url\":\"https:\/\/www.raytech.it\/wp-content\/uploads\/terminali-interno-esterno.jpg\",\"contentUrl\":\"https:\/\/www.raytech.it\/wp-content\/uploads\/terminali-interno-esterno.jpg\",\"width\":1024,\"height\":1024},{\"@type\":\"BreadcrumbList\",\"@id\":\"https:\/\/www.raytech.it\/de\/produkt\/mittelspannung\/kaltschrumpf-endverschlusse-und-verbindungen-bis-zu-36kv\/endverschlusse\/kaltschrumpf-endverschlusse-fuer-innen-aussenanwendungen-kabel-bis-36kv#breadcrumb\",\"itemListElement\":[{\"@type\":\"ListItem\",\"position\":1,\"name\":\"Home\",\"item\":\"https:\/\/www.raytech.it\/de\"},{\"@type\":\"ListItem\",\"position\":2,\"name\":\"Shop\",\"item\":\"https:\/\/www.raytech.it\/de\/shop\"},{\"@type\":\"ListItem\",\"position\":3,\"name\":\"Kaltschrumpf-Endverschlusse f\u00fcr Innen-\/Au\u00dfenanwendungen Kabel bis 36kV\"}]},{\"@type\":\"WebSite\",\"@id\":\"https:\/\/www.raytech.it\/#website\",\"url\":\"https:\/\/www.raytech.it\/\",\"name\":\"Raytech\",\"description\":\"Cable accessories company\",\"publisher\":{\"@id\":\"https:\/\/www.raytech.it\/#organization\"},\"potentialAction\":[{\"@type\":\"SearchAction\",\"target\":{\"@type\":\"EntryPoint\",\"urlTemplate\":\"https:\/\/www.raytech.it\/?s={search_term_string}\"},\"query-input\":{\"@type\":\"PropertyValueSpecification\",\"valueRequired\":true,\"valueName\":\"search_term_string\"}}],\"inLanguage\":\"de\"},{\"@type\":\"Organization\",\"@id\":\"https:\/\/www.raytech.it\/#organization\",\"name\":\"Raytech\",\"url\":\"https:\/\/www.raytech.it\/\",\"logo\":{\"@type\":\"ImageObject\",\"inLanguage\":\"de\",\"@id\":\"https:\/\/www.raytech.it\/#\/schema\/logo\/image\/\",\"url\":\"https:\/\/www.raytech.it\/wp-content\/uploads\/logo-raytech-2019-retina-3.png\",\"contentUrl\":\"https:\/\/www.raytech.it\/wp-content\/uploads\/logo-raytech-2019-retina-3.png\",\"width\":340,\"height\":90,\"caption\":\"Raytech\"},\"image\":{\"@id\":\"https:\/\/www.raytech.it\/#\/schema\/logo\/image\/\"},\"sameAs\":[\"https:\/\/www.facebook.com\/RaytechItaly\",\"https:\/\/www.instagram.com\/raytech_italy\/\",\"https:\/\/www.youtube.com\/user\/raytechitaly\",\"https:\/\/twitter.com\/Raytech_Italy\"]}]}<\/script>\n<!-- \/ Yoast SEO plugin. -->","yoast_head_json":{"title":"Kaltschrumpf-Endverschlusse f\u00fcr Innen-\/Au\u00dfenanwendungen Kabel bis 36kV | Raytech","robots":{"index":"index","follow":"follow","max-snippet":"max-snippet:-1","max-image-preview":"max-image-preview:large","max-video-preview":"max-video-preview:-1"},"canonical":"https:\/\/www.raytech.it\/de\/produkt\/mittelspannung\/kaltschrumpf-endverschlusse-und-verbindungen-bis-zu-36kv\/endverschlusse\/kaltschrumpf-endverschlusse-fuer-innen-aussenanwendungen-kabel-bis-36kv","og_locale":"de_DE","og_type":"article","og_title":"Kaltschrumpf-Endverschlusse f\u00fcr Innen-\/Au\u00dfenanwendungen Kabel bis 36kV | Raytech","og_description":"Endverschlusse aus Silikongummi, mit Kontrolle des elektrischen Feldes. F\u00fcr extrudierte Kabel bis 18\/30 kV (Um 36 kV) Der vorgedehnte Silikon-Kabelmantel von Raytech ist flammhemmend, kriechfest, sehr elastisch und h\u00e4lt den [\u2026]","og_url":"https:\/\/www.raytech.it\/de\/produkt\/mittelspannung\/kaltschrumpf-endverschlusse-und-verbindungen-bis-zu-36kv\/endverschlusse\/kaltschrumpf-endverschlusse-fuer-innen-aussenanwendungen-kabel-bis-36kv","og_site_name":"Raytech","article_publisher":"https:\/\/www.facebook.com\/RaytechItaly","article_modified_time":"2025-02-20T03:18:30+00:00","og_image":[{"width":1024,"height":1024,"url":"https:\/\/www.raytech.it\/wp-content\/uploads\/terminali-interno-esterno.jpg","type":"image\/jpeg"}],"twitter_card":"summary_large_image","twitter_misc":{"Gesch\u00e4tzte Lesezeit":"1\u00a0Minute"},"schema":{"@context":"https:\/\/schema.org","@graph":[{"@type":"WebPage","@id":"https:\/\/www.raytech.it\/de\/produkt\/mittelspannung\/kaltschrumpf-endverschlusse-und-verbindungen-bis-zu-36kv\/endverschlusse\/kaltschrumpf-endverschlusse-fuer-innen-aussenanwendungen-kabel-bis-36kv","url":"https:\/\/www.raytech.it\/de\/produkt\/mittelspannung\/kaltschrumpf-endverschlusse-und-verbindungen-bis-zu-36kv\/endverschlusse\/kaltschrumpf-endverschlusse-fuer-innen-aussenanwendungen-kabel-bis-36kv","name":"Kaltschrumpf-Endverschlusse f\u00fcr Innen-\/Au\u00dfenanwendungen Kabel bis 36kV | Raytech","isPartOf":{"@id":"https:\/\/www.raytech.it\/#website"},"primaryImageOfPage":{"@id":"https:\/\/www.raytech.it\/de\/produkt\/mittelspannung\/kaltschrumpf-endverschlusse-und-verbindungen-bis-zu-36kv\/endverschlusse\/kaltschrumpf-endverschlusse-fuer-innen-aussenanwendungen-kabel-bis-36kv#primaryimage"},"image":{"@id":"https:\/\/www.raytech.it\/de\/produkt\/mittelspannung\/kaltschrumpf-endverschlusse-und-verbindungen-bis-zu-36kv\/endverschlusse\/kaltschrumpf-endverschlusse-fuer-innen-aussenanwendungen-kabel-bis-36kv#primaryimage"},"thumbnailUrl":"https:\/\/www.raytech.it\/wp-content\/uploads\/terminali-interno-esterno.jpg","datePublished":"2015-12-28T14:28:17+00:00","dateModified":"2025-02-20T03:18:30+00:00","breadcrumb":{"@id":"https:\/\/www.raytech.it\/de\/produkt\/mittelspannung\/kaltschrumpf-endverschlusse-und-verbindungen-bis-zu-36kv\/endverschlusse\/kaltschrumpf-endverschlusse-fuer-innen-aussenanwendungen-kabel-bis-36kv#breadcrumb"},"inLanguage":"de","potentialAction":[{"@type":"ReadAction","target":["https:\/\/www.raytech.it\/de\/produkt\/mittelspannung\/kaltschrumpf-endverschlusse-und-verbindungen-bis-zu-36kv\/endverschlusse\/kaltschrumpf-endverschlusse-fuer-innen-aussenanwendungen-kabel-bis-36kv"]}]},{"@type":"ImageObject","inLanguage":"de","@id":"https:\/\/www.raytech.it\/de\/produkt\/mittelspannung\/kaltschrumpf-endverschlusse-und-verbindungen-bis-zu-36kv\/endverschlusse\/kaltschrumpf-endverschlusse-fuer-innen-aussenanwendungen-kabel-bis-36kv#primaryimage","url":"https:\/\/www.raytech.it\/wp-content\/uploads\/terminali-interno-esterno.jpg","contentUrl":"https:\/\/www.raytech.it\/wp-content\/uploads\/terminali-interno-esterno.jpg","width":1024,"height":1024},{"@type":"BreadcrumbList","@id":"https:\/\/www.raytech.it\/de\/produkt\/mittelspannung\/kaltschrumpf-endverschlusse-und-verbindungen-bis-zu-36kv\/endverschlusse\/kaltschrumpf-endverschlusse-fuer-innen-aussenanwendungen-kabel-bis-36kv#breadcrumb","itemListElement":[{"@type":"ListItem","position":1,"name":"Home","item":"https:\/\/www.raytech.it\/de"},{"@type":"ListItem","position":2,"name":"Shop","item":"https:\/\/www.raytech.it\/de\/shop"},{"@type":"ListItem","position":3,"name":"Kaltschrumpf-Endverschlusse f\u00fcr Innen-\/Au\u00dfenanwendungen Kabel bis 36kV"}]},{"@type":"WebSite","@id":"https:\/\/www.raytech.it\/#website","url":"https:\/\/www.raytech.it\/","name":"Raytech","description":"Cable accessories company","publisher":{"@id":"https:\/\/www.raytech.it\/#organization"},"potentialAction":[{"@type":"SearchAction","target":{"@type":"EntryPoint","urlTemplate":"https:\/\/www.raytech.it\/?s={search_term_string}"},"query-input":{"@type":"PropertyValueSpecification","valueRequired":true,"valueName":"search_term_string"}}],"inLanguage":"de"},{"@type":"Organization","@id":"https:\/\/www.raytech.it\/#organization","name":"Raytech","url":"https:\/\/www.raytech.it\/","logo":{"@type":"ImageObject","inLanguage":"de","@id":"https:\/\/www.raytech.it\/#\/schema\/logo\/image\/","url":"https:\/\/www.raytech.it\/wp-content\/uploads\/logo-raytech-2019-retina-3.png","contentUrl":"https:\/\/www.raytech.it\/wp-content\/uploads\/logo-raytech-2019-retina-3.png","width":340,"height":90,"caption":"Raytech"},"image":{"@id":"https:\/\/www.raytech.it\/#\/schema\/logo\/image\/"},"sameAs":["https:\/\/www.facebook.com\/RaytechItaly","https:\/\/www.instagram.com\/raytech_italy\/","https:\/\/www.youtube.com\/user\/raytechitaly","https:\/\/twitter.com\/Raytech_Italy"]}]}},"_links":{"self":[{"href":"https:\/\/www.raytech.it\/de\/wp-json\/wp\/v2\/product\/6807","targetHints":{"allow":["GET"]}}],"collection":[{"href":"https:\/\/www.raytech.it\/de\/wp-json\/wp\/v2\/product"}],"about":[{"href":"https:\/\/www.raytech.it\/de\/wp-json\/wp\/v2\/types\/product"}],"wp:featuredmedia":[{"embeddable":true,"href":"https:\/\/www.raytech.it\/de\/wp-json\/wp\/v2\/media\/2341"}],"wp:attachment":[{"href":"https:\/\/www.raytech.it\/de\/wp-json\/wp\/v2\/media?parent=6807"}],"wp:term":[{"taxonomy":"product_brand","embeddable":true,"href":"https:\/\/www.raytech.it\/de\/wp-json\/wp\/v2\/product_brand?post=6807"},{"taxonomy":"product_cat","embeddable":true,"href":"https:\/\/www.raytech.it\/de\/wp-json\/wp\/v2\/product_cat?post=6807"},{"taxonomy":"product_tag","embeddable":true,"href":"https:\/\/www.raytech.it\/de\/wp-json\/wp\/v2\/product_tag?post=6807"}],"curies":[{"name":"wp","href":"https:\/\/api.w.org\/{rel}","templated":true}]}}