{"id":6848,"date":"2015-09-15T11:14:35","date_gmt":"2015-12-28T15:50:08","guid":{"rendered":"https:\/\/www.raytech.it\/?post_type=product&#038;p=6848&#038;lang=de"},"modified":"2025-02-20T04:19:53","modified_gmt":"2025-02-20T03:19:53","slug":"waermeschrumpf-dreipolige-endverschlusse-fuer-innen-aussenanwendungen","status":"publish","type":"product","link":"https:\/\/www.raytech.it\/de\/produkt\/mittelspannung\/waermeschrumpf-endverschlusse-und-verbindungen-bis-zu-36kv\/endverschlusse-de-2\/waermeschrumpf-dreipolige-endverschlusse-fuer-innen-aussenanwendungen","title":{"rendered":"W\u00e4rmeschrumpf- dreipolige Endverschlusse f\u00fcr Innen-\/Au\u00dfenanwendungen"},"content":{"rendered":"<h4><span style=\"color: #004f9f;\">Endverschlusse f\u00fcr armierte und nicht armierte, extrudierte Isolierkabel bis 36 kV<\/span><\/h4>\n<p>Die w\u00e4rmeschrumpfenden Endverschlusse sind sofort erregbar, zuverl\u00e4ssig und lassen sich schnell verpacken. Durch das hohe Schrumpfverh\u00e4ltnis sind sie vielseitig verwendbar, wodurch die Anzahl der Endverschlussesets im Lager reduziert werden kann.<br \/>\nBei MS-Zubeh\u00f6r besteht das Problem darin, eine Spannungskonzentration an der Trennlinie der Abschirmung zu vermeiden. Die Verwendung mit nicht linearen Metalloxiden verst\u00e4rkter Polymere erm\u00f6glicht eine ideale Verteilung des elektrischen Felds, ohne die Klemme zu vergr\u00f6\u00dfern; die Kontrolle des elektrischen Feldes kann durch einen direkt am Kabelkopf angebrachten Kabelmantel oder durch eine extrudierte Schicht mit \u00e4u\u00dferem Kabelmantel erfolgen.<\/p>\n<ul>\n<li><span style=\"color: #004f9f;\">Besonders einfach<\/span><\/li>\n<li><span style=\"color: #004f9f;\">Keine besonderen Kenntnisse erforderlich<\/span><\/li>\n<li><span style=\"color: #004f9f;\">Bei allen Bedingungen installierbar<\/span><\/li>\n<li><span style=\"color: #004f9f;\">Keine Haltbarkeitsbegrenzung<\/span><\/li>\n<\/ul>\n<p><a class=\"btn btn-default linkpdf mt_bg\" style=\"margin-top: 10px;\" href=\"\/catalogo\/de\/identificazione-terminali.pdf\" target=\"_blank\">Daten zur Identifizierung der passenden Verbindung<\/a><\/p>\n<p>&nbsp;<\/p>\n","protected":false},"excerpt":{"rendered":"<p>Endverschlusse f\u00fcr armierte und nicht armierte, extrudierte Isolierkabel bis 36 kV Die w\u00e4rmeschrumpfenden Endverschlusse sind sofort erregbar, zuverl\u00e4ssig und lassen sich schnell verpacken. Durch das hohe Schrumpfverh\u00e4ltnis sind sie vielseitig<span class=\"excerpt-hellip\"> [\u2026]<\/span><\/p>\n","protected":false},"featured_media":2369,"template":"","meta":[],"product_brand":[],"product_cat":[315,319,440],"product_tag":[],"class_list":{"0":"post-6848","1":"product","2":"type-product","3":"status-publish","4":"has-post-thumbnail","6":"product_cat-mittelspannung","7":"product_cat-waermeschrumpf-endverschlusse-und-verbindungen-bis-zu-36kv","8":"product_cat-endverschlusse-de-2","10":"first","11":"instock","12":"taxable","13":"shipping-taxable","14":"product-type-simple"},"yoast_head":"<!-- This site is optimized with the Yoast SEO plugin v26.5 - https:\/\/yoast.com\/wordpress\/plugins\/seo\/ -->\n<title>W\u00e4rmeschrumpf- dreipolige Endverschlusse f\u00fcr Innen-\/Au\u00dfenanwendungen | Raytech<\/title>\n<meta name=\"robots\" content=\"index, follow, max-snippet:-1, max-image-preview:large, max-video-preview:-1\" \/>\n<link rel=\"canonical\" href=\"https:\/\/www.raytech.it\/de\/produkt\/mittelspannung\/waermeschrumpf-endverschlusse-und-verbindungen-bis-zu-36kv\/endverschlusse-de-2\/waermeschrumpf-dreipolige-endverschlusse-fuer-innen-aussenanwendungen\" \/>\n<meta property=\"og:locale\" content=\"de_DE\" \/>\n<meta property=\"og:type\" content=\"article\" \/>\n<meta property=\"og:title\" content=\"W\u00e4rmeschrumpf- dreipolige Endverschlusse f\u00fcr Innen-\/Au\u00dfenanwendungen | Raytech\" \/>\n<meta property=\"og:description\" content=\"Endverschlusse f\u00fcr armierte und nicht armierte, extrudierte Isolierkabel bis 36 kV Die w\u00e4rmeschrumpfenden Endverschlusse sind sofort erregbar, zuverl\u00e4ssig und lassen sich schnell verpacken. Durch das hohe Schrumpfverh\u00e4ltnis sind sie vielseitig [\u2026]\" \/>\n<meta property=\"og:url\" content=\"https:\/\/www.raytech.it\/de\/produkt\/mittelspannung\/waermeschrumpf-endverschlusse-und-verbindungen-bis-zu-36kv\/endverschlusse-de-2\/waermeschrumpf-dreipolige-endverschlusse-fuer-innen-aussenanwendungen\" \/>\n<meta property=\"og:site_name\" content=\"Raytech\" \/>\n<meta property=\"article:publisher\" content=\"https:\/\/www.facebook.com\/RaytechItaly\" \/>\n<meta property=\"article:modified_time\" content=\"2025-02-20T03:19:53+00:00\" \/>\n<meta property=\"og:image\" content=\"https:\/\/www.raytech.it\/wp-content\/uploads\/terminali-tripolari-int-est.jpg\" \/>\n\t<meta property=\"og:image:width\" content=\"1024\" \/>\n\t<meta property=\"og:image:height\" content=\"1024\" \/>\n\t<meta property=\"og:image:type\" content=\"image\/jpeg\" \/>\n<meta name=\"twitter:card\" content=\"summary_large_image\" \/>\n<meta name=\"twitter:label1\" content=\"Gesch\u00e4tzte Lesezeit\" \/>\n\t<meta name=\"twitter:data1\" content=\"1\u00a0Minute\" \/>\n<script type=\"application\/ld+json\" class=\"yoast-schema-graph\">{\"@context\":\"https:\/\/schema.org\",\"@graph\":[{\"@type\":\"WebPage\",\"@id\":\"https:\/\/www.raytech.it\/de\/produkt\/mittelspannung\/waermeschrumpf-endverschlusse-und-verbindungen-bis-zu-36kv\/endverschlusse-de-2\/waermeschrumpf-dreipolige-endverschlusse-fuer-innen-aussenanwendungen\",\"url\":\"https:\/\/www.raytech.it\/de\/produkt\/mittelspannung\/waermeschrumpf-endverschlusse-und-verbindungen-bis-zu-36kv\/endverschlusse-de-2\/waermeschrumpf-dreipolige-endverschlusse-fuer-innen-aussenanwendungen\",\"name\":\"W\u00e4rmeschrumpf- dreipolige Endverschlusse f\u00fcr Innen-\/Au\u00dfenanwendungen | Raytech\",\"isPartOf\":{\"@id\":\"https:\/\/www.raytech.it\/#website\"},\"primaryImageOfPage\":{\"@id\":\"https:\/\/www.raytech.it\/de\/produkt\/mittelspannung\/waermeschrumpf-endverschlusse-und-verbindungen-bis-zu-36kv\/endverschlusse-de-2\/waermeschrumpf-dreipolige-endverschlusse-fuer-innen-aussenanwendungen#primaryimage\"},\"image\":{\"@id\":\"https:\/\/www.raytech.it\/de\/produkt\/mittelspannung\/waermeschrumpf-endverschlusse-und-verbindungen-bis-zu-36kv\/endverschlusse-de-2\/waermeschrumpf-dreipolige-endverschlusse-fuer-innen-aussenanwendungen#primaryimage\"},\"thumbnailUrl\":\"https:\/\/www.raytech.it\/wp-content\/uploads\/terminali-tripolari-int-est.jpg\",\"datePublished\":\"2015-12-28T15:50:08+00:00\",\"dateModified\":\"2025-02-20T03:19:53+00:00\",\"breadcrumb\":{\"@id\":\"https:\/\/www.raytech.it\/de\/produkt\/mittelspannung\/waermeschrumpf-endverschlusse-und-verbindungen-bis-zu-36kv\/endverschlusse-de-2\/waermeschrumpf-dreipolige-endverschlusse-fuer-innen-aussenanwendungen#breadcrumb\"},\"inLanguage\":\"de\",\"potentialAction\":[{\"@type\":\"ReadAction\",\"target\":[\"https:\/\/www.raytech.it\/de\/produkt\/mittelspannung\/waermeschrumpf-endverschlusse-und-verbindungen-bis-zu-36kv\/endverschlusse-de-2\/waermeschrumpf-dreipolige-endverschlusse-fuer-innen-aussenanwendungen\"]}]},{\"@type\":\"ImageObject\",\"inLanguage\":\"de\",\"@id\":\"https:\/\/www.raytech.it\/de\/produkt\/mittelspannung\/waermeschrumpf-endverschlusse-und-verbindungen-bis-zu-36kv\/endverschlusse-de-2\/waermeschrumpf-dreipolige-endverschlusse-fuer-innen-aussenanwendungen#primaryimage\",\"url\":\"https:\/\/www.raytech.it\/wp-content\/uploads\/terminali-tripolari-int-est.jpg\",\"contentUrl\":\"https:\/\/www.raytech.it\/wp-content\/uploads\/terminali-tripolari-int-est.jpg\",\"width\":1024,\"height\":1024},{\"@type\":\"BreadcrumbList\",\"@id\":\"https:\/\/www.raytech.it\/de\/produkt\/mittelspannung\/waermeschrumpf-endverschlusse-und-verbindungen-bis-zu-36kv\/endverschlusse-de-2\/waermeschrumpf-dreipolige-endverschlusse-fuer-innen-aussenanwendungen#breadcrumb\",\"itemListElement\":[{\"@type\":\"ListItem\",\"position\":1,\"name\":\"Home\",\"item\":\"https:\/\/www.raytech.it\/de\"},{\"@type\":\"ListItem\",\"position\":2,\"name\":\"Shop\",\"item\":\"https:\/\/www.raytech.it\/de\/shop\"},{\"@type\":\"ListItem\",\"position\":3,\"name\":\"W\u00e4rmeschrumpf- dreipolige Endverschlusse f\u00fcr Innen-\/Au\u00dfenanwendungen\"}]},{\"@type\":\"WebSite\",\"@id\":\"https:\/\/www.raytech.it\/#website\",\"url\":\"https:\/\/www.raytech.it\/\",\"name\":\"Raytech\",\"description\":\"Cable accessories company\",\"publisher\":{\"@id\":\"https:\/\/www.raytech.it\/#organization\"},\"potentialAction\":[{\"@type\":\"SearchAction\",\"target\":{\"@type\":\"EntryPoint\",\"urlTemplate\":\"https:\/\/www.raytech.it\/?s={search_term_string}\"},\"query-input\":{\"@type\":\"PropertyValueSpecification\",\"valueRequired\":true,\"valueName\":\"search_term_string\"}}],\"inLanguage\":\"de\"},{\"@type\":\"Organization\",\"@id\":\"https:\/\/www.raytech.it\/#organization\",\"name\":\"Raytech\",\"url\":\"https:\/\/www.raytech.it\/\",\"logo\":{\"@type\":\"ImageObject\",\"inLanguage\":\"de\",\"@id\":\"https:\/\/www.raytech.it\/#\/schema\/logo\/image\/\",\"url\":\"https:\/\/www.raytech.it\/wp-content\/uploads\/logo-raytech-2019-retina-3.png\",\"contentUrl\":\"https:\/\/www.raytech.it\/wp-content\/uploads\/logo-raytech-2019-retina-3.png\",\"width\":340,\"height\":90,\"caption\":\"Raytech\"},\"image\":{\"@id\":\"https:\/\/www.raytech.it\/#\/schema\/logo\/image\/\"},\"sameAs\":[\"https:\/\/www.facebook.com\/RaytechItaly\",\"https:\/\/www.instagram.com\/raytech_italy\/\",\"https:\/\/www.youtube.com\/user\/raytechitaly\",\"https:\/\/twitter.com\/Raytech_Italy\"]}]}<\/script>\n<!-- \/ Yoast SEO plugin. -->","yoast_head_json":{"title":"W\u00e4rmeschrumpf- dreipolige Endverschlusse f\u00fcr Innen-\/Au\u00dfenanwendungen | Raytech","robots":{"index":"index","follow":"follow","max-snippet":"max-snippet:-1","max-image-preview":"max-image-preview:large","max-video-preview":"max-video-preview:-1"},"canonical":"https:\/\/www.raytech.it\/de\/produkt\/mittelspannung\/waermeschrumpf-endverschlusse-und-verbindungen-bis-zu-36kv\/endverschlusse-de-2\/waermeschrumpf-dreipolige-endverschlusse-fuer-innen-aussenanwendungen","og_locale":"de_DE","og_type":"article","og_title":"W\u00e4rmeschrumpf- dreipolige Endverschlusse f\u00fcr Innen-\/Au\u00dfenanwendungen | Raytech","og_description":"Endverschlusse f\u00fcr armierte und nicht armierte, extrudierte Isolierkabel bis 36 kV Die w\u00e4rmeschrumpfenden Endverschlusse sind sofort erregbar, zuverl\u00e4ssig und lassen sich schnell verpacken. Durch das hohe Schrumpfverh\u00e4ltnis sind sie vielseitig [\u2026]","og_url":"https:\/\/www.raytech.it\/de\/produkt\/mittelspannung\/waermeschrumpf-endverschlusse-und-verbindungen-bis-zu-36kv\/endverschlusse-de-2\/waermeschrumpf-dreipolige-endverschlusse-fuer-innen-aussenanwendungen","og_site_name":"Raytech","article_publisher":"https:\/\/www.facebook.com\/RaytechItaly","article_modified_time":"2025-02-20T03:19:53+00:00","og_image":[{"width":1024,"height":1024,"url":"https:\/\/www.raytech.it\/wp-content\/uploads\/terminali-tripolari-int-est.jpg","type":"image\/jpeg"}],"twitter_card":"summary_large_image","twitter_misc":{"Gesch\u00e4tzte Lesezeit":"1\u00a0Minute"},"schema":{"@context":"https:\/\/schema.org","@graph":[{"@type":"WebPage","@id":"https:\/\/www.raytech.it\/de\/produkt\/mittelspannung\/waermeschrumpf-endverschlusse-und-verbindungen-bis-zu-36kv\/endverschlusse-de-2\/waermeschrumpf-dreipolige-endverschlusse-fuer-innen-aussenanwendungen","url":"https:\/\/www.raytech.it\/de\/produkt\/mittelspannung\/waermeschrumpf-endverschlusse-und-verbindungen-bis-zu-36kv\/endverschlusse-de-2\/waermeschrumpf-dreipolige-endverschlusse-fuer-innen-aussenanwendungen","name":"W\u00e4rmeschrumpf- dreipolige Endverschlusse f\u00fcr Innen-\/Au\u00dfenanwendungen | Raytech","isPartOf":{"@id":"https:\/\/www.raytech.it\/#website"},"primaryImageOfPage":{"@id":"https:\/\/www.raytech.it\/de\/produkt\/mittelspannung\/waermeschrumpf-endverschlusse-und-verbindungen-bis-zu-36kv\/endverschlusse-de-2\/waermeschrumpf-dreipolige-endverschlusse-fuer-innen-aussenanwendungen#primaryimage"},"image":{"@id":"https:\/\/www.raytech.it\/de\/produkt\/mittelspannung\/waermeschrumpf-endverschlusse-und-verbindungen-bis-zu-36kv\/endverschlusse-de-2\/waermeschrumpf-dreipolige-endverschlusse-fuer-innen-aussenanwendungen#primaryimage"},"thumbnailUrl":"https:\/\/www.raytech.it\/wp-content\/uploads\/terminali-tripolari-int-est.jpg","datePublished":"2015-12-28T15:50:08+00:00","dateModified":"2025-02-20T03:19:53+00:00","breadcrumb":{"@id":"https:\/\/www.raytech.it\/de\/produkt\/mittelspannung\/waermeschrumpf-endverschlusse-und-verbindungen-bis-zu-36kv\/endverschlusse-de-2\/waermeschrumpf-dreipolige-endverschlusse-fuer-innen-aussenanwendungen#breadcrumb"},"inLanguage":"de","potentialAction":[{"@type":"ReadAction","target":["https:\/\/www.raytech.it\/de\/produkt\/mittelspannung\/waermeschrumpf-endverschlusse-und-verbindungen-bis-zu-36kv\/endverschlusse-de-2\/waermeschrumpf-dreipolige-endverschlusse-fuer-innen-aussenanwendungen"]}]},{"@type":"ImageObject","inLanguage":"de","@id":"https:\/\/www.raytech.it\/de\/produkt\/mittelspannung\/waermeschrumpf-endverschlusse-und-verbindungen-bis-zu-36kv\/endverschlusse-de-2\/waermeschrumpf-dreipolige-endverschlusse-fuer-innen-aussenanwendungen#primaryimage","url":"https:\/\/www.raytech.it\/wp-content\/uploads\/terminali-tripolari-int-est.jpg","contentUrl":"https:\/\/www.raytech.it\/wp-content\/uploads\/terminali-tripolari-int-est.jpg","width":1024,"height":1024},{"@type":"BreadcrumbList","@id":"https:\/\/www.raytech.it\/de\/produkt\/mittelspannung\/waermeschrumpf-endverschlusse-und-verbindungen-bis-zu-36kv\/endverschlusse-de-2\/waermeschrumpf-dreipolige-endverschlusse-fuer-innen-aussenanwendungen#breadcrumb","itemListElement":[{"@type":"ListItem","position":1,"name":"Home","item":"https:\/\/www.raytech.it\/de"},{"@type":"ListItem","position":2,"name":"Shop","item":"https:\/\/www.raytech.it\/de\/shop"},{"@type":"ListItem","position":3,"name":"W\u00e4rmeschrumpf- dreipolige Endverschlusse f\u00fcr Innen-\/Au\u00dfenanwendungen"}]},{"@type":"WebSite","@id":"https:\/\/www.raytech.it\/#website","url":"https:\/\/www.raytech.it\/","name":"Raytech","description":"Cable accessories company","publisher":{"@id":"https:\/\/www.raytech.it\/#organization"},"potentialAction":[{"@type":"SearchAction","target":{"@type":"EntryPoint","urlTemplate":"https:\/\/www.raytech.it\/?s={search_term_string}"},"query-input":{"@type":"PropertyValueSpecification","valueRequired":true,"valueName":"search_term_string"}}],"inLanguage":"de"},{"@type":"Organization","@id":"https:\/\/www.raytech.it\/#organization","name":"Raytech","url":"https:\/\/www.raytech.it\/","logo":{"@type":"ImageObject","inLanguage":"de","@id":"https:\/\/www.raytech.it\/#\/schema\/logo\/image\/","url":"https:\/\/www.raytech.it\/wp-content\/uploads\/logo-raytech-2019-retina-3.png","contentUrl":"https:\/\/www.raytech.it\/wp-content\/uploads\/logo-raytech-2019-retina-3.png","width":340,"height":90,"caption":"Raytech"},"image":{"@id":"https:\/\/www.raytech.it\/#\/schema\/logo\/image\/"},"sameAs":["https:\/\/www.facebook.com\/RaytechItaly","https:\/\/www.instagram.com\/raytech_italy\/","https:\/\/www.youtube.com\/user\/raytechitaly","https:\/\/twitter.com\/Raytech_Italy"]}]}},"_links":{"self":[{"href":"https:\/\/www.raytech.it\/de\/wp-json\/wp\/v2\/product\/6848","targetHints":{"allow":["GET"]}}],"collection":[{"href":"https:\/\/www.raytech.it\/de\/wp-json\/wp\/v2\/product"}],"about":[{"href":"https:\/\/www.raytech.it\/de\/wp-json\/wp\/v2\/types\/product"}],"wp:featuredmedia":[{"embeddable":true,"href":"https:\/\/www.raytech.it\/de\/wp-json\/wp\/v2\/media\/2369"}],"wp:attachment":[{"href":"https:\/\/www.raytech.it\/de\/wp-json\/wp\/v2\/media?parent=6848"}],"wp:term":[{"taxonomy":"product_brand","embeddable":true,"href":"https:\/\/www.raytech.it\/de\/wp-json\/wp\/v2\/product_brand?post=6848"},{"taxonomy":"product_cat","embeddable":true,"href":"https:\/\/www.raytech.it\/de\/wp-json\/wp\/v2\/product_cat?post=6848"},{"taxonomy":"product_tag","embeddable":true,"href":"https:\/\/www.raytech.it\/de\/wp-json\/wp\/v2\/product_tag?post=6848"}],"curies":[{"name":"wp","href":"https:\/\/api.w.org\/{rel}","templated":true}]}}