{"id":6896,"date":"2015-09-15T11:30:42","date_gmt":"2015-12-28T16:24:32","guid":{"rendered":"https:\/\/www.raytech.it\/?post_type=product&#038;p=6896&#038;lang=de"},"modified":"2025-02-18T14:36:07","modified_gmt":"2025-02-18T13:36:07","slug":"waermeschrumpf-verbindungen-enel-zulassung","status":"publish","type":"product","link":"https:\/\/www.raytech.it\/de\/produkt\/mittelspannung\/waermeschrumpf-endverschlusse-und-verbindungen-bis-zu-36kv\/verbindungen-de-3\/waermeschrumpf-verbindungen-enel-zulassung","title":{"rendered":"W\u00e4rmeschrumpf-Verbindungen (ENEL Zulassung)"},"content":{"rendered":"<p><strong>Verteilung des elektrischen Felds<\/strong><br \/>\nBeim Trennen der Kabelabschirmung wird das elektrische Feld durch ein bereits in denAbschl\u00fcssen erprobtes Material kontrolliert: das Kontrollrohr des elektrischen Gef\u00e4lles. Dieses Rohr besteht aus einem Isoliermaterial mit nicht linearer Impedanz, welches das elektrische Feld bis zum Ende der Kabelabschirmung und am Metallverbinder kontrolliert. Ebenso wie bei den Abschl\u00fcssen decken auch die Verbindungen dank der w\u00e4rmeschrumpfenden Komponenten praktische alle existierenden Kabelkonfigurationen ab, ebenso wie die gemischten Verbindungen zwischen verschiedenen Kabeltypen. Die in den Auswahltabellen der S\u00e4tze aufgef\u00fchrten Referenzen sind die landesweit von Installationen meistgenutzten Materialien f\u00fcr Kabel bis 36 kV. F\u00fcr alle nicht genannten F\u00e4lle wenden Sie sich ungeachtet des Kabeltyps an Raytech.<\/p>\n<ul>\n<li><span style=\"color: #004f9f;\">Einpolige Verbindungen f\u00fcr extrudierte Isolierkabel<\/span><\/li>\n<li><span style=\"color: #004f9f;\">Einpolige Verbindungen oberirdische, luftverlegte Kabel<\/span><\/li>\n<li><span style=\"color: #004f9f;\">Einpolige Verbindungen f\u00fcr Papierkabel mit getr\u00e4nkter Isolierung<\/span><\/li>\n<li><span style=\"color: #004f9f;\">Extrudiertes Kabel f\u00fcr unterirdische Verlegung mitmit Aluminiumrohr Abschirmun<\/span><\/li>\n<\/ul>\n<p><a class=\"btn btn-default linkpdf mt_bg\" style=\"margin-top: 10px;\" href=\"\/catalogo\/de\/identificazione-giunzioni.pdf\" target=\"_blank\">Daten zur Identifizierung der passenden Verbindung<\/a><\/p>\n","protected":false},"excerpt":{"rendered":"<p>Verteilung des elektrischen Felds Beim Trennen der Kabelabschirmung wird das elektrische Feld durch ein bereits in denAbschl\u00fcssen erprobtes Material kontrolliert: das Kontrollrohr des elektrischen Gef\u00e4lles. Dieses Rohr besteht aus einem<span class=\"excerpt-hellip\"> [\u2026]<\/span><\/p>\n","protected":false},"featured_media":2411,"template":"","meta":[],"product_brand":[],"product_cat":[315,319,438],"product_tag":[],"class_list":{"0":"post-6896","1":"product","2":"type-product","3":"status-publish","4":"has-post-thumbnail","6":"product_cat-mittelspannung","7":"product_cat-waermeschrumpf-endverschlusse-und-verbindungen-bis-zu-36kv","8":"product_cat-verbindungen-de-3","10":"first","11":"instock","12":"taxable","13":"shipping-taxable","14":"product-type-simple"},"yoast_head":"<!-- This site is optimized with the Yoast SEO plugin v26.5 - https:\/\/yoast.com\/wordpress\/plugins\/seo\/ -->\n<title>W\u00e4rmeschrumpf-Verbindungen (ENEL Zulassung) | Raytech<\/title>\n<meta name=\"robots\" content=\"index, follow, max-snippet:-1, max-image-preview:large, max-video-preview:-1\" \/>\n<link rel=\"canonical\" href=\"https:\/\/www.raytech.it\/de\/produkt\/mittelspannung\/waermeschrumpf-endverschlusse-und-verbindungen-bis-zu-36kv\/verbindungen-de-3\/waermeschrumpf-verbindungen-enel-zulassung\" \/>\n<meta property=\"og:locale\" content=\"de_DE\" \/>\n<meta property=\"og:type\" content=\"article\" \/>\n<meta property=\"og:title\" content=\"W\u00e4rmeschrumpf-Verbindungen (ENEL Zulassung) | Raytech\" \/>\n<meta property=\"og:description\" content=\"Verteilung des elektrischen Felds Beim Trennen der Kabelabschirmung wird das elektrische Feld durch ein bereits in denAbschl\u00fcssen erprobtes Material kontrolliert: das Kontrollrohr des elektrischen Gef\u00e4lles. Dieses Rohr besteht aus einem [\u2026]\" \/>\n<meta property=\"og:url\" content=\"https:\/\/www.raytech.it\/de\/produkt\/mittelspannung\/waermeschrumpf-endverschlusse-und-verbindungen-bis-zu-36kv\/verbindungen-de-3\/waermeschrumpf-verbindungen-enel-zulassung\" \/>\n<meta property=\"og:site_name\" content=\"Raytech\" \/>\n<meta property=\"article:publisher\" content=\"https:\/\/www.facebook.com\/RaytechItaly\" \/>\n<meta property=\"article:modified_time\" content=\"2025-02-18T13:36:07+00:00\" \/>\n<meta property=\"og:image\" content=\"https:\/\/www.raytech.it\/wp-content\/uploads\/giunti-termorestringenti-omologati-enel.jpg\" \/>\n\t<meta property=\"og:image:width\" content=\"1024\" \/>\n\t<meta property=\"og:image:height\" content=\"1024\" \/>\n\t<meta property=\"og:image:type\" content=\"image\/jpeg\" \/>\n<meta name=\"twitter:card\" content=\"summary_large_image\" \/>\n<meta name=\"twitter:label1\" content=\"Gesch\u00e4tzte Lesezeit\" \/>\n\t<meta name=\"twitter:data1\" content=\"1\u00a0Minute\" \/>\n<script type=\"application\/ld+json\" class=\"yoast-schema-graph\">{\"@context\":\"https:\/\/schema.org\",\"@graph\":[{\"@type\":\"WebPage\",\"@id\":\"https:\/\/www.raytech.it\/de\/produkt\/mittelspannung\/waermeschrumpf-endverschlusse-und-verbindungen-bis-zu-36kv\/verbindungen-de-3\/waermeschrumpf-verbindungen-enel-zulassung\",\"url\":\"https:\/\/www.raytech.it\/de\/produkt\/mittelspannung\/waermeschrumpf-endverschlusse-und-verbindungen-bis-zu-36kv\/verbindungen-de-3\/waermeschrumpf-verbindungen-enel-zulassung\",\"name\":\"W\u00e4rmeschrumpf-Verbindungen (ENEL Zulassung) | Raytech\",\"isPartOf\":{\"@id\":\"https:\/\/www.raytech.it\/#website\"},\"primaryImageOfPage\":{\"@id\":\"https:\/\/www.raytech.it\/de\/produkt\/mittelspannung\/waermeschrumpf-endverschlusse-und-verbindungen-bis-zu-36kv\/verbindungen-de-3\/waermeschrumpf-verbindungen-enel-zulassung#primaryimage\"},\"image\":{\"@id\":\"https:\/\/www.raytech.it\/de\/produkt\/mittelspannung\/waermeschrumpf-endverschlusse-und-verbindungen-bis-zu-36kv\/verbindungen-de-3\/waermeschrumpf-verbindungen-enel-zulassung#primaryimage\"},\"thumbnailUrl\":\"https:\/\/www.raytech.it\/wp-content\/uploads\/giunti-termorestringenti-omologati-enel.jpg\",\"datePublished\":\"2015-12-28T16:24:32+00:00\",\"dateModified\":\"2025-02-18T13:36:07+00:00\",\"breadcrumb\":{\"@id\":\"https:\/\/www.raytech.it\/de\/produkt\/mittelspannung\/waermeschrumpf-endverschlusse-und-verbindungen-bis-zu-36kv\/verbindungen-de-3\/waermeschrumpf-verbindungen-enel-zulassung#breadcrumb\"},\"inLanguage\":\"de\",\"potentialAction\":[{\"@type\":\"ReadAction\",\"target\":[\"https:\/\/www.raytech.it\/de\/produkt\/mittelspannung\/waermeschrumpf-endverschlusse-und-verbindungen-bis-zu-36kv\/verbindungen-de-3\/waermeschrumpf-verbindungen-enel-zulassung\"]}]},{\"@type\":\"ImageObject\",\"inLanguage\":\"de\",\"@id\":\"https:\/\/www.raytech.it\/de\/produkt\/mittelspannung\/waermeschrumpf-endverschlusse-und-verbindungen-bis-zu-36kv\/verbindungen-de-3\/waermeschrumpf-verbindungen-enel-zulassung#primaryimage\",\"url\":\"https:\/\/www.raytech.it\/wp-content\/uploads\/giunti-termorestringenti-omologati-enel.jpg\",\"contentUrl\":\"https:\/\/www.raytech.it\/wp-content\/uploads\/giunti-termorestringenti-omologati-enel.jpg\",\"width\":1024,\"height\":1024},{\"@type\":\"BreadcrumbList\",\"@id\":\"https:\/\/www.raytech.it\/de\/produkt\/mittelspannung\/waermeschrumpf-endverschlusse-und-verbindungen-bis-zu-36kv\/verbindungen-de-3\/waermeschrumpf-verbindungen-enel-zulassung#breadcrumb\",\"itemListElement\":[{\"@type\":\"ListItem\",\"position\":1,\"name\":\"Home\",\"item\":\"https:\/\/www.raytech.it\/de\"},{\"@type\":\"ListItem\",\"position\":2,\"name\":\"Shop\",\"item\":\"https:\/\/www.raytech.it\/de\/shop\"},{\"@type\":\"ListItem\",\"position\":3,\"name\":\"W\u00e4rmeschrumpf-Verbindungen (ENEL Zulassung)\"}]},{\"@type\":\"WebSite\",\"@id\":\"https:\/\/www.raytech.it\/#website\",\"url\":\"https:\/\/www.raytech.it\/\",\"name\":\"Raytech\",\"description\":\"Cable accessories company\",\"publisher\":{\"@id\":\"https:\/\/www.raytech.it\/#organization\"},\"potentialAction\":[{\"@type\":\"SearchAction\",\"target\":{\"@type\":\"EntryPoint\",\"urlTemplate\":\"https:\/\/www.raytech.it\/?s={search_term_string}\"},\"query-input\":{\"@type\":\"PropertyValueSpecification\",\"valueRequired\":true,\"valueName\":\"search_term_string\"}}],\"inLanguage\":\"de\"},{\"@type\":\"Organization\",\"@id\":\"https:\/\/www.raytech.it\/#organization\",\"name\":\"Raytech\",\"url\":\"https:\/\/www.raytech.it\/\",\"logo\":{\"@type\":\"ImageObject\",\"inLanguage\":\"de\",\"@id\":\"https:\/\/www.raytech.it\/#\/schema\/logo\/image\/\",\"url\":\"https:\/\/www.raytech.it\/wp-content\/uploads\/logo-raytech-2019-retina-3.png\",\"contentUrl\":\"https:\/\/www.raytech.it\/wp-content\/uploads\/logo-raytech-2019-retina-3.png\",\"width\":340,\"height\":90,\"caption\":\"Raytech\"},\"image\":{\"@id\":\"https:\/\/www.raytech.it\/#\/schema\/logo\/image\/\"},\"sameAs\":[\"https:\/\/www.facebook.com\/RaytechItaly\",\"https:\/\/www.instagram.com\/raytech_italy\/\",\"https:\/\/www.youtube.com\/user\/raytechitaly\",\"https:\/\/twitter.com\/Raytech_Italy\"]}]}<\/script>\n<!-- \/ Yoast SEO plugin. -->","yoast_head_json":{"title":"W\u00e4rmeschrumpf-Verbindungen (ENEL Zulassung) | Raytech","robots":{"index":"index","follow":"follow","max-snippet":"max-snippet:-1","max-image-preview":"max-image-preview:large","max-video-preview":"max-video-preview:-1"},"canonical":"https:\/\/www.raytech.it\/de\/produkt\/mittelspannung\/waermeschrumpf-endverschlusse-und-verbindungen-bis-zu-36kv\/verbindungen-de-3\/waermeschrumpf-verbindungen-enel-zulassung","og_locale":"de_DE","og_type":"article","og_title":"W\u00e4rmeschrumpf-Verbindungen (ENEL Zulassung) | Raytech","og_description":"Verteilung des elektrischen Felds Beim Trennen der Kabelabschirmung wird das elektrische Feld durch ein bereits in denAbschl\u00fcssen erprobtes Material kontrolliert: das Kontrollrohr des elektrischen Gef\u00e4lles. Dieses Rohr besteht aus einem [\u2026]","og_url":"https:\/\/www.raytech.it\/de\/produkt\/mittelspannung\/waermeschrumpf-endverschlusse-und-verbindungen-bis-zu-36kv\/verbindungen-de-3\/waermeschrumpf-verbindungen-enel-zulassung","og_site_name":"Raytech","article_publisher":"https:\/\/www.facebook.com\/RaytechItaly","article_modified_time":"2025-02-18T13:36:07+00:00","og_image":[{"width":1024,"height":1024,"url":"https:\/\/www.raytech.it\/wp-content\/uploads\/giunti-termorestringenti-omologati-enel.jpg","type":"image\/jpeg"}],"twitter_card":"summary_large_image","twitter_misc":{"Gesch\u00e4tzte Lesezeit":"1\u00a0Minute"},"schema":{"@context":"https:\/\/schema.org","@graph":[{"@type":"WebPage","@id":"https:\/\/www.raytech.it\/de\/produkt\/mittelspannung\/waermeschrumpf-endverschlusse-und-verbindungen-bis-zu-36kv\/verbindungen-de-3\/waermeschrumpf-verbindungen-enel-zulassung","url":"https:\/\/www.raytech.it\/de\/produkt\/mittelspannung\/waermeschrumpf-endverschlusse-und-verbindungen-bis-zu-36kv\/verbindungen-de-3\/waermeschrumpf-verbindungen-enel-zulassung","name":"W\u00e4rmeschrumpf-Verbindungen (ENEL Zulassung) | Raytech","isPartOf":{"@id":"https:\/\/www.raytech.it\/#website"},"primaryImageOfPage":{"@id":"https:\/\/www.raytech.it\/de\/produkt\/mittelspannung\/waermeschrumpf-endverschlusse-und-verbindungen-bis-zu-36kv\/verbindungen-de-3\/waermeschrumpf-verbindungen-enel-zulassung#primaryimage"},"image":{"@id":"https:\/\/www.raytech.it\/de\/produkt\/mittelspannung\/waermeschrumpf-endverschlusse-und-verbindungen-bis-zu-36kv\/verbindungen-de-3\/waermeschrumpf-verbindungen-enel-zulassung#primaryimage"},"thumbnailUrl":"https:\/\/www.raytech.it\/wp-content\/uploads\/giunti-termorestringenti-omologati-enel.jpg","datePublished":"2015-12-28T16:24:32+00:00","dateModified":"2025-02-18T13:36:07+00:00","breadcrumb":{"@id":"https:\/\/www.raytech.it\/de\/produkt\/mittelspannung\/waermeschrumpf-endverschlusse-und-verbindungen-bis-zu-36kv\/verbindungen-de-3\/waermeschrumpf-verbindungen-enel-zulassung#breadcrumb"},"inLanguage":"de","potentialAction":[{"@type":"ReadAction","target":["https:\/\/www.raytech.it\/de\/produkt\/mittelspannung\/waermeschrumpf-endverschlusse-und-verbindungen-bis-zu-36kv\/verbindungen-de-3\/waermeschrumpf-verbindungen-enel-zulassung"]}]},{"@type":"ImageObject","inLanguage":"de","@id":"https:\/\/www.raytech.it\/de\/produkt\/mittelspannung\/waermeschrumpf-endverschlusse-und-verbindungen-bis-zu-36kv\/verbindungen-de-3\/waermeschrumpf-verbindungen-enel-zulassung#primaryimage","url":"https:\/\/www.raytech.it\/wp-content\/uploads\/giunti-termorestringenti-omologati-enel.jpg","contentUrl":"https:\/\/www.raytech.it\/wp-content\/uploads\/giunti-termorestringenti-omologati-enel.jpg","width":1024,"height":1024},{"@type":"BreadcrumbList","@id":"https:\/\/www.raytech.it\/de\/produkt\/mittelspannung\/waermeschrumpf-endverschlusse-und-verbindungen-bis-zu-36kv\/verbindungen-de-3\/waermeschrumpf-verbindungen-enel-zulassung#breadcrumb","itemListElement":[{"@type":"ListItem","position":1,"name":"Home","item":"https:\/\/www.raytech.it\/de"},{"@type":"ListItem","position":2,"name":"Shop","item":"https:\/\/www.raytech.it\/de\/shop"},{"@type":"ListItem","position":3,"name":"W\u00e4rmeschrumpf-Verbindungen (ENEL Zulassung)"}]},{"@type":"WebSite","@id":"https:\/\/www.raytech.it\/#website","url":"https:\/\/www.raytech.it\/","name":"Raytech","description":"Cable accessories company","publisher":{"@id":"https:\/\/www.raytech.it\/#organization"},"potentialAction":[{"@type":"SearchAction","target":{"@type":"EntryPoint","urlTemplate":"https:\/\/www.raytech.it\/?s={search_term_string}"},"query-input":{"@type":"PropertyValueSpecification","valueRequired":true,"valueName":"search_term_string"}}],"inLanguage":"de"},{"@type":"Organization","@id":"https:\/\/www.raytech.it\/#organization","name":"Raytech","url":"https:\/\/www.raytech.it\/","logo":{"@type":"ImageObject","inLanguage":"de","@id":"https:\/\/www.raytech.it\/#\/schema\/logo\/image\/","url":"https:\/\/www.raytech.it\/wp-content\/uploads\/logo-raytech-2019-retina-3.png","contentUrl":"https:\/\/www.raytech.it\/wp-content\/uploads\/logo-raytech-2019-retina-3.png","width":340,"height":90,"caption":"Raytech"},"image":{"@id":"https:\/\/www.raytech.it\/#\/schema\/logo\/image\/"},"sameAs":["https:\/\/www.facebook.com\/RaytechItaly","https:\/\/www.instagram.com\/raytech_italy\/","https:\/\/www.youtube.com\/user\/raytechitaly","https:\/\/twitter.com\/Raytech_Italy"]}]}},"_links":{"self":[{"href":"https:\/\/www.raytech.it\/de\/wp-json\/wp\/v2\/product\/6896","targetHints":{"allow":["GET"]}}],"collection":[{"href":"https:\/\/www.raytech.it\/de\/wp-json\/wp\/v2\/product"}],"about":[{"href":"https:\/\/www.raytech.it\/de\/wp-json\/wp\/v2\/types\/product"}],"wp:featuredmedia":[{"embeddable":true,"href":"https:\/\/www.raytech.it\/de\/wp-json\/wp\/v2\/media\/2411"}],"wp:attachment":[{"href":"https:\/\/www.raytech.it\/de\/wp-json\/wp\/v2\/media?parent=6896"}],"wp:term":[{"taxonomy":"product_brand","embeddable":true,"href":"https:\/\/www.raytech.it\/de\/wp-json\/wp\/v2\/product_brand?post=6896"},{"taxonomy":"product_cat","embeddable":true,"href":"https:\/\/www.raytech.it\/de\/wp-json\/wp\/v2\/product_cat?post=6896"},{"taxonomy":"product_tag","embeddable":true,"href":"https:\/\/www.raytech.it\/de\/wp-json\/wp\/v2\/product_tag?post=6896"}],"curies":[{"name":"wp","href":"https:\/\/api.w.org\/{rel}","templated":true}]}}