{"id":6901,"date":"2015-09-15T11:37:22","date_gmt":"2015-12-28T16:38:52","guid":{"rendered":"https:\/\/www.raytech.it\/?post_type=product&#038;p=6901&#038;lang=de"},"modified":"2015-12-28T16:38:52","modified_gmt":"2015-12-28T16:38:52","slug":"waermeschrumpf-verbindungen-fuer-hochspannung-72-kv","status":"publish","type":"product","link":"https:\/\/www.raytech.it\/de\/produkt\/mittelspannung\/waermschrumpftechnik-72-kv\/waermeschrumpf-verbindungen-fuer-hochspannung-72-kv","title":{"rendered":"W\u00e4rmeschrumpf-Verbindungen f\u00fcr Hochspannung 72 kV"},"content":{"rendered":"<p><strong>ZUVERL\u00c4SSIGKEIT<\/strong><\/p>\n<p>Dank ihrer Schlichtheit und Leichtheit sind die w\u00e4rmeschrumpfenden Verbindungen f\u00fcr Hochspannung so zuverl\u00e4ssig.<\/p>\n<p><strong>SCHRAUBVERBINDER<\/strong><\/p>\n<p>F\u00fcr diese Verbindungen ist ein besonderer Schraubverbinder vorgesehen, mit dem man Leiter mit gro\u00dfem Querschnitt ohne Spezialwerkzeug und ohne W\u00e4rmebehandlung verbinden kann. Die Schrauben haben einen Kopf mit vorausbestimmter Fraktur, der eine perfekte elektrische Verbindung gew\u00e4hrleistet.<\/p>\n<p><strong>KONTROLLE DES ELEKTRISCHEN FELDES<\/strong><\/p>\n<p>\u00dcber dem Anschluss an den Enden des Halbleiters des Kabels wird ein Mantel zur Kontrolle des elektrischen Feldes angebracht. Dieses w\u00e4rmeschrumpfende Rohr ist mittig leitf\u00e4hig, um den Anschluss abzuschirmen (Faradaysches System). Das Kontrollrohr, das den Nichtleiter der Kabel abdeckt, gibt der vom Lastzyklus bestimmten Dehnung nach.<\/p>\n<p><strong>FORTSCHRITTLICHE TECHNIK<\/strong><\/p>\n<p>F\u00fcr Isolierung und Abschirmung sorgen zwei w\u00e4rmeschrumpfende Elastomerrohre mit Doppelwand. Das Innenrohr besteht aus zwei coextrudierten W\u00e4nden aus Isoliermaterial (rot). Das Innenrohr besteht aus einer Wand aus Isoliermaterial (rot), coextrudiert mit dem schwarzen Leiter, der als Abschirmung des Verbindungens dient. Die Au\u00dfenwand des coextrudierten Rohrs ist w\u00e4rmeschrumpfend, der Innenteil ist ein Elastomer, das durch die enge Verbindung mit der Au\u00dfenwand in Form gehalten wird. Durch W\u00e4rmezufuhr an der Au\u00dfenseite zieht sie sich bis zu einem bestimmten Durchmesser zusammen und erm\u00f6glicht somit der Innenwand, sich der Unterschicht perfekt anzupassen.<\/p>\n","protected":false},"excerpt":{"rendered":"<p>ZUVERL\u00c4SSIGKEIT Dank ihrer Schlichtheit und Leichtheit sind die w\u00e4rmeschrumpfenden Verbindungen f\u00fcr Hochspannung so zuverl\u00e4ssig. SCHRAUBVERBINDER F\u00fcr diese Verbindungen ist ein besonderer Schraubverbinder vorgesehen, mit dem man Leiter mit gro\u00dfem Querschnitt<span class=\"excerpt-hellip\"> [\u2026]<\/span><\/p>\n","protected":false},"featured_media":4746,"template":"","meta":[],"product_brand":[],"product_cat":[315,320],"product_tag":[],"class_list":{"0":"post-6901","1":"product","2":"type-product","3":"status-publish","4":"has-post-thumbnail","6":"product_cat-mittelspannung","7":"product_cat-waermschrumpftechnik-72-kv","9":"first","10":"instock","11":"taxable","12":"shipping-taxable","13":"product-type-simple"},"yoast_head":"<!-- This site is optimized with the Yoast SEO plugin v26.5 - https:\/\/yoast.com\/wordpress\/plugins\/seo\/ -->\n<title>W\u00e4rmeschrumpf-Verbindungen f\u00fcr Hochspannung 72 kV | Raytech<\/title>\n<meta name=\"robots\" content=\"index, follow, max-snippet:-1, max-image-preview:large, max-video-preview:-1\" \/>\n<link rel=\"canonical\" href=\"https:\/\/www.raytech.it\/de\/produkt\/mittelspannung\/waermschrumpftechnik-72-kv\/verbindungen-de-2\/waermeschrumpf-verbindungen-fuer-hochspannung-72-kv\" \/>\n<meta property=\"og:locale\" content=\"de_DE\" \/>\n<meta property=\"og:type\" content=\"article\" \/>\n<meta property=\"og:title\" content=\"W\u00e4rmeschrumpf-Verbindungen f\u00fcr Hochspannung 72 kV | Raytech\" \/>\n<meta property=\"og:description\" content=\"ZUVERL\u00c4SSIGKEIT Dank ihrer Schlichtheit und Leichtheit sind die w\u00e4rmeschrumpfenden Verbindungen f\u00fcr Hochspannung so zuverl\u00e4ssig. SCHRAUBVERBINDER F\u00fcr diese Verbindungen ist ein besonderer Schraubverbinder vorgesehen, mit dem man Leiter mit gro\u00dfem Querschnitt [\u2026]\" \/>\n<meta property=\"og:url\" content=\"https:\/\/www.raytech.it\/de\/produkt\/mittelspannung\/waermschrumpftechnik-72-kv\/verbindungen-de-2\/waermeschrumpf-verbindungen-fuer-hochspannung-72-kv\" \/>\n<meta property=\"og:site_name\" content=\"Raytech\" \/>\n<meta property=\"article:publisher\" content=\"https:\/\/www.facebook.com\/RaytechItaly\" \/>\n<meta property=\"og:image\" content=\"https:\/\/www.raytech.it\/wp-content\/uploads\/Giunzioni-termorestringenti-per-alta-tensione-72-kV-1.jpg\" \/>\n\t<meta property=\"og:image:width\" content=\"1024\" \/>\n\t<meta property=\"og:image:height\" content=\"1024\" \/>\n\t<meta property=\"og:image:type\" content=\"image\/jpeg\" \/>\n<meta name=\"twitter:card\" content=\"summary_large_image\" \/>\n<meta name=\"twitter:label1\" content=\"Gesch\u00e4tzte Lesezeit\" \/>\n\t<meta name=\"twitter:data1\" content=\"1\u00a0Minute\" \/>\n<script type=\"application\/ld+json\" class=\"yoast-schema-graph\">{\"@context\":\"https:\/\/schema.org\",\"@graph\":[{\"@type\":\"WebPage\",\"@id\":\"https:\/\/www.raytech.it\/de\/produkt\/mittelspannung\/waermschrumpftechnik-72-kv\/verbindungen-de-2\/waermeschrumpf-verbindungen-fuer-hochspannung-72-kv\",\"url\":\"https:\/\/www.raytech.it\/de\/produkt\/mittelspannung\/waermschrumpftechnik-72-kv\/verbindungen-de-2\/waermeschrumpf-verbindungen-fuer-hochspannung-72-kv\",\"name\":\"W\u00e4rmeschrumpf-Verbindungen f\u00fcr Hochspannung 72 kV | Raytech\",\"isPartOf\":{\"@id\":\"https:\/\/www.raytech.it\/#website\"},\"primaryImageOfPage\":{\"@id\":\"https:\/\/www.raytech.it\/de\/produkt\/mittelspannung\/waermschrumpftechnik-72-kv\/verbindungen-de-2\/waermeschrumpf-verbindungen-fuer-hochspannung-72-kv#primaryimage\"},\"image\":{\"@id\":\"https:\/\/www.raytech.it\/de\/produkt\/mittelspannung\/waermschrumpftechnik-72-kv\/verbindungen-de-2\/waermeschrumpf-verbindungen-fuer-hochspannung-72-kv#primaryimage\"},\"thumbnailUrl\":\"https:\/\/www.raytech.it\/wp-content\/uploads\/Giunzioni-termorestringenti-per-alta-tensione-72-kV-1.jpg\",\"datePublished\":\"2015-12-28T16:38:52+00:00\",\"breadcrumb\":{\"@id\":\"https:\/\/www.raytech.it\/de\/produkt\/mittelspannung\/waermschrumpftechnik-72-kv\/verbindungen-de-2\/waermeschrumpf-verbindungen-fuer-hochspannung-72-kv#breadcrumb\"},\"inLanguage\":\"de\",\"potentialAction\":[{\"@type\":\"ReadAction\",\"target\":[\"https:\/\/www.raytech.it\/de\/produkt\/mittelspannung\/waermschrumpftechnik-72-kv\/verbindungen-de-2\/waermeschrumpf-verbindungen-fuer-hochspannung-72-kv\"]}]},{\"@type\":\"ImageObject\",\"inLanguage\":\"de\",\"@id\":\"https:\/\/www.raytech.it\/de\/produkt\/mittelspannung\/waermschrumpftechnik-72-kv\/verbindungen-de-2\/waermeschrumpf-verbindungen-fuer-hochspannung-72-kv#primaryimage\",\"url\":\"https:\/\/www.raytech.it\/wp-content\/uploads\/Giunzioni-termorestringenti-per-alta-tensione-72-kV-1.jpg\",\"contentUrl\":\"https:\/\/www.raytech.it\/wp-content\/uploads\/Giunzioni-termorestringenti-per-alta-tensione-72-kV-1.jpg\",\"width\":1024,\"height\":1024},{\"@type\":\"BreadcrumbList\",\"@id\":\"https:\/\/www.raytech.it\/de\/produkt\/mittelspannung\/waermschrumpftechnik-72-kv\/verbindungen-de-2\/waermeschrumpf-verbindungen-fuer-hochspannung-72-kv#breadcrumb\",\"itemListElement\":[{\"@type\":\"ListItem\",\"position\":1,\"name\":\"Home\",\"item\":\"https:\/\/www.raytech.it\/de\"},{\"@type\":\"ListItem\",\"position\":2,\"name\":\"Shop\",\"item\":\"https:\/\/www.raytech.it\/de\/shop\"},{\"@type\":\"ListItem\",\"position\":3,\"name\":\"W\u00e4rmeschrumpf-Verbindungen f\u00fcr Hochspannung 72 kV\"}]},{\"@type\":\"WebSite\",\"@id\":\"https:\/\/www.raytech.it\/#website\",\"url\":\"https:\/\/www.raytech.it\/\",\"name\":\"Raytech\",\"description\":\"Cable accessories company\",\"publisher\":{\"@id\":\"https:\/\/www.raytech.it\/#organization\"},\"potentialAction\":[{\"@type\":\"SearchAction\",\"target\":{\"@type\":\"EntryPoint\",\"urlTemplate\":\"https:\/\/www.raytech.it\/?s={search_term_string}\"},\"query-input\":{\"@type\":\"PropertyValueSpecification\",\"valueRequired\":true,\"valueName\":\"search_term_string\"}}],\"inLanguage\":\"de\"},{\"@type\":\"Organization\",\"@id\":\"https:\/\/www.raytech.it\/#organization\",\"name\":\"Raytech\",\"url\":\"https:\/\/www.raytech.it\/\",\"logo\":{\"@type\":\"ImageObject\",\"inLanguage\":\"de\",\"@id\":\"https:\/\/www.raytech.it\/#\/schema\/logo\/image\/\",\"url\":\"https:\/\/www.raytech.it\/wp-content\/uploads\/logo-raytech-2019-retina-3.png\",\"contentUrl\":\"https:\/\/www.raytech.it\/wp-content\/uploads\/logo-raytech-2019-retina-3.png\",\"width\":340,\"height\":90,\"caption\":\"Raytech\"},\"image\":{\"@id\":\"https:\/\/www.raytech.it\/#\/schema\/logo\/image\/\"},\"sameAs\":[\"https:\/\/www.facebook.com\/RaytechItaly\",\"https:\/\/www.instagram.com\/raytech_italy\/\",\"https:\/\/www.youtube.com\/user\/raytechitaly\",\"https:\/\/twitter.com\/Raytech_Italy\"]}]}<\/script>\n<!-- \/ Yoast SEO plugin. -->","yoast_head_json":{"title":"W\u00e4rmeschrumpf-Verbindungen f\u00fcr Hochspannung 72 kV | Raytech","robots":{"index":"index","follow":"follow","max-snippet":"max-snippet:-1","max-image-preview":"max-image-preview:large","max-video-preview":"max-video-preview:-1"},"canonical":"https:\/\/www.raytech.it\/de\/produkt\/mittelspannung\/waermschrumpftechnik-72-kv\/verbindungen-de-2\/waermeschrumpf-verbindungen-fuer-hochspannung-72-kv","og_locale":"de_DE","og_type":"article","og_title":"W\u00e4rmeschrumpf-Verbindungen f\u00fcr Hochspannung 72 kV | Raytech","og_description":"ZUVERL\u00c4SSIGKEIT Dank ihrer Schlichtheit und Leichtheit sind die w\u00e4rmeschrumpfenden Verbindungen f\u00fcr Hochspannung so zuverl\u00e4ssig. SCHRAUBVERBINDER F\u00fcr diese Verbindungen ist ein besonderer Schraubverbinder vorgesehen, mit dem man Leiter mit gro\u00dfem Querschnitt [\u2026]","og_url":"https:\/\/www.raytech.it\/de\/produkt\/mittelspannung\/waermschrumpftechnik-72-kv\/verbindungen-de-2\/waermeschrumpf-verbindungen-fuer-hochspannung-72-kv","og_site_name":"Raytech","article_publisher":"https:\/\/www.facebook.com\/RaytechItaly","og_image":[{"width":1024,"height":1024,"url":"https:\/\/www.raytech.it\/wp-content\/uploads\/Giunzioni-termorestringenti-per-alta-tensione-72-kV-1.jpg","type":"image\/jpeg"}],"twitter_card":"summary_large_image","twitter_misc":{"Gesch\u00e4tzte Lesezeit":"1\u00a0Minute"},"schema":{"@context":"https:\/\/schema.org","@graph":[{"@type":"WebPage","@id":"https:\/\/www.raytech.it\/de\/produkt\/mittelspannung\/waermschrumpftechnik-72-kv\/verbindungen-de-2\/waermeschrumpf-verbindungen-fuer-hochspannung-72-kv","url":"https:\/\/www.raytech.it\/de\/produkt\/mittelspannung\/waermschrumpftechnik-72-kv\/verbindungen-de-2\/waermeschrumpf-verbindungen-fuer-hochspannung-72-kv","name":"W\u00e4rmeschrumpf-Verbindungen f\u00fcr Hochspannung 72 kV | Raytech","isPartOf":{"@id":"https:\/\/www.raytech.it\/#website"},"primaryImageOfPage":{"@id":"https:\/\/www.raytech.it\/de\/produkt\/mittelspannung\/waermschrumpftechnik-72-kv\/verbindungen-de-2\/waermeschrumpf-verbindungen-fuer-hochspannung-72-kv#primaryimage"},"image":{"@id":"https:\/\/www.raytech.it\/de\/produkt\/mittelspannung\/waermschrumpftechnik-72-kv\/verbindungen-de-2\/waermeschrumpf-verbindungen-fuer-hochspannung-72-kv#primaryimage"},"thumbnailUrl":"https:\/\/www.raytech.it\/wp-content\/uploads\/Giunzioni-termorestringenti-per-alta-tensione-72-kV-1.jpg","datePublished":"2015-12-28T16:38:52+00:00","breadcrumb":{"@id":"https:\/\/www.raytech.it\/de\/produkt\/mittelspannung\/waermschrumpftechnik-72-kv\/verbindungen-de-2\/waermeschrumpf-verbindungen-fuer-hochspannung-72-kv#breadcrumb"},"inLanguage":"de","potentialAction":[{"@type":"ReadAction","target":["https:\/\/www.raytech.it\/de\/produkt\/mittelspannung\/waermschrumpftechnik-72-kv\/verbindungen-de-2\/waermeschrumpf-verbindungen-fuer-hochspannung-72-kv"]}]},{"@type":"ImageObject","inLanguage":"de","@id":"https:\/\/www.raytech.it\/de\/produkt\/mittelspannung\/waermschrumpftechnik-72-kv\/verbindungen-de-2\/waermeschrumpf-verbindungen-fuer-hochspannung-72-kv#primaryimage","url":"https:\/\/www.raytech.it\/wp-content\/uploads\/Giunzioni-termorestringenti-per-alta-tensione-72-kV-1.jpg","contentUrl":"https:\/\/www.raytech.it\/wp-content\/uploads\/Giunzioni-termorestringenti-per-alta-tensione-72-kV-1.jpg","width":1024,"height":1024},{"@type":"BreadcrumbList","@id":"https:\/\/www.raytech.it\/de\/produkt\/mittelspannung\/waermschrumpftechnik-72-kv\/verbindungen-de-2\/waermeschrumpf-verbindungen-fuer-hochspannung-72-kv#breadcrumb","itemListElement":[{"@type":"ListItem","position":1,"name":"Home","item":"https:\/\/www.raytech.it\/de"},{"@type":"ListItem","position":2,"name":"Shop","item":"https:\/\/www.raytech.it\/de\/shop"},{"@type":"ListItem","position":3,"name":"W\u00e4rmeschrumpf-Verbindungen f\u00fcr Hochspannung 72 kV"}]},{"@type":"WebSite","@id":"https:\/\/www.raytech.it\/#website","url":"https:\/\/www.raytech.it\/","name":"Raytech","description":"Cable accessories company","publisher":{"@id":"https:\/\/www.raytech.it\/#organization"},"potentialAction":[{"@type":"SearchAction","target":{"@type":"EntryPoint","urlTemplate":"https:\/\/www.raytech.it\/?s={search_term_string}"},"query-input":{"@type":"PropertyValueSpecification","valueRequired":true,"valueName":"search_term_string"}}],"inLanguage":"de"},{"@type":"Organization","@id":"https:\/\/www.raytech.it\/#organization","name":"Raytech","url":"https:\/\/www.raytech.it\/","logo":{"@type":"ImageObject","inLanguage":"de","@id":"https:\/\/www.raytech.it\/#\/schema\/logo\/image\/","url":"https:\/\/www.raytech.it\/wp-content\/uploads\/logo-raytech-2019-retina-3.png","contentUrl":"https:\/\/www.raytech.it\/wp-content\/uploads\/logo-raytech-2019-retina-3.png","width":340,"height":90,"caption":"Raytech"},"image":{"@id":"https:\/\/www.raytech.it\/#\/schema\/logo\/image\/"},"sameAs":["https:\/\/www.facebook.com\/RaytechItaly","https:\/\/www.instagram.com\/raytech_italy\/","https:\/\/www.youtube.com\/user\/raytechitaly","https:\/\/twitter.com\/Raytech_Italy"]}]}},"_links":{"self":[{"href":"https:\/\/www.raytech.it\/de\/wp-json\/wp\/v2\/product\/6901","targetHints":{"allow":["GET"]}}],"collection":[{"href":"https:\/\/www.raytech.it\/de\/wp-json\/wp\/v2\/product"}],"about":[{"href":"https:\/\/www.raytech.it\/de\/wp-json\/wp\/v2\/types\/product"}],"wp:featuredmedia":[{"embeddable":true,"href":"https:\/\/www.raytech.it\/de\/wp-json\/wp\/v2\/media\/4746"}],"wp:attachment":[{"href":"https:\/\/www.raytech.it\/de\/wp-json\/wp\/v2\/media?parent=6901"}],"wp:term":[{"taxonomy":"product_brand","embeddable":true,"href":"https:\/\/www.raytech.it\/de\/wp-json\/wp\/v2\/product_brand?post=6901"},{"taxonomy":"product_cat","embeddable":true,"href":"https:\/\/www.raytech.it\/de\/wp-json\/wp\/v2\/product_cat?post=6901"},{"taxonomy":"product_tag","embeddable":true,"href":"https:\/\/www.raytech.it\/de\/wp-json\/wp\/v2\/product_tag?post=6901"}],"curies":[{"name":"wp","href":"https:\/\/api.w.org\/{rel}","templated":true}]}}