{"id":7030,"date":"2015-07-16T13:58:31","date_gmt":"2015-12-30T10:47:32","guid":{"rendered":"https:\/\/www.raytech.it\/?post_type=product&#038;p=7030&#038;lang=de"},"modified":"2025-02-18T19:29:29","modified_gmt":"2025-02-18T18:29:29","slug":"frostschutz-set-fuer-die-ausfuehrung-mit-konstanter-leistung-mit-thermostat-und-stecker","status":"publish","type":"product","link":"https:\/\/www.raytech.it\/de\/produkt\/heizkabel\/zivile\/frostschutz-fuer-rohre\/konstante-leistung-de-2\/frostschutz-set-fuer-die-ausfuehrung-mit-konstanter-leistung-mit-thermostat-und-stecker","title":{"rendered":"Frostschutz-Set f\u00fcr die Ausf\u00fchrung mit konstanter Leistung, mit Thermostat und Stecker"},"content":{"rendered":"<h4><span style=\"color: #e3001a;\">Stop Ice<br \/>\nFrostschutz-Set f\u00fcr die Ausf\u00fchrung mit konstanter Leistung,mit Thermostat und Stecker<\/span><\/h4>\n<p>Raytech Stop Ice ist ein innovativer, vormontierter Bausatz, bestehend aus einem 12 W\/m Dauer-Heizkabel mit Kontakt-Thermostat (seitlich am Ende des Heizkabel installiert) und Versorgungskabel mit Netzstecker. Stop-Ice ist vor allem als Frostschutz und somit als Schutz vor frostbedingten Sch\u00e4den von Rohrleitungen, Ventilen, H\u00e4hnen, Wasserz\u00e4hlern, Tr\u00e4nken, Gef\u00e4\u00dfen und kleinen Tanks geeignet.<\/p>\n<ul>\n<li><span style=\"color: #e3001a;\">Einfache und schnelle Installation<\/span><\/li>\n<li><span style=\"color: #e3001a;\">Durch den eingebauten Thermostat sind keine weiteren externen Temperaturkontrollsysteme erforderlich<\/span><\/li>\n<li><span style=\"color: #e3001a;\">Geringer Energieverbrauch<\/span><\/li>\n<\/ul>\n","protected":false},"excerpt":{"rendered":"<p>Stop Ice Frostschutz-Set f\u00fcr die Ausf\u00fchrung mit konstanter Leistung,mit Thermostat und Stecker Raytech Stop Ice ist ein innovativer, vormontierter Bausatz, bestehend aus einem 12 W\/m Dauer-Heizkabel mit Kontakt-Thermostat (seitlich am<span class=\"excerpt-hellip\"> [\u2026]<\/span><\/p>\n","protected":false},"featured_media":4640,"template":"","meta":[],"product_brand":[],"product_cat":[305,310,313,410],"product_tag":[],"class_list":{"0":"post-7030","1":"product","2":"type-product","3":"status-publish","4":"has-post-thumbnail","6":"product_cat-heizkabel","7":"product_cat-zivile","8":"product_cat-frostschutz-fuer-rohre","9":"product_cat-konstante-leistung-de-2","11":"first","12":"instock","13":"taxable","14":"shipping-taxable","15":"purchasable","16":"product-type-variable"},"yoast_head":"<!-- This site is optimized with the Yoast SEO plugin v26.5 - https:\/\/yoast.com\/wordpress\/plugins\/seo\/ -->\n<title>Frostschutz-Set f\u00fcr die Ausf\u00fchrung mit konstanter Leistung, mit Thermostat und Stecker | Raytech<\/title>\n<meta name=\"robots\" content=\"index, follow, max-snippet:-1, max-image-preview:large, max-video-preview:-1\" \/>\n<link rel=\"canonical\" href=\"https:\/\/www.raytech.it\/de\/produkt\/heizkabel\/zivile\/frostschutz-fuer-rohre\/konstante-leistung-de-2\/frostschutz-set-fuer-die-ausfuehrung-mit-konstanter-leistung-mit-thermostat-und-stecker\" \/>\n<meta property=\"og:locale\" content=\"de_DE\" \/>\n<meta property=\"og:type\" content=\"article\" \/>\n<meta property=\"og:title\" content=\"Frostschutz-Set f\u00fcr die Ausf\u00fchrung mit konstanter Leistung, mit Thermostat und Stecker | Raytech\" \/>\n<meta property=\"og:description\" content=\"Stop Ice Frostschutz-Set f\u00fcr die Ausf\u00fchrung mit konstanter Leistung,mit Thermostat und Stecker Raytech Stop Ice ist ein innovativer, vormontierter Bausatz, bestehend aus einem 12 W\/m Dauer-Heizkabel mit Kontakt-Thermostat (seitlich am [\u2026]\" \/>\n<meta property=\"og:url\" content=\"https:\/\/www.raytech.it\/de\/produkt\/heizkabel\/zivile\/frostschutz-fuer-rohre\/konstante-leistung-de-2\/frostschutz-set-fuer-die-ausfuehrung-mit-konstanter-leistung-mit-thermostat-und-stecker\" \/>\n<meta property=\"og:site_name\" content=\"Raytech\" \/>\n<meta property=\"article:publisher\" content=\"https:\/\/www.facebook.com\/RaytechItaly\" \/>\n<meta property=\"article:modified_time\" content=\"2025-02-18T18:29:29+00:00\" \/>\n<meta property=\"og:image\" content=\"https:\/\/www.raytech.it\/wp-content\/uploads\/stop-ice-1.jpg\" \/>\n\t<meta property=\"og:image:width\" content=\"1024\" \/>\n\t<meta property=\"og:image:height\" content=\"1024\" \/>\n\t<meta property=\"og:image:type\" content=\"image\/jpeg\" \/>\n<meta name=\"twitter:card\" content=\"summary_large_image\" \/>\n<script type=\"application\/ld+json\" class=\"yoast-schema-graph\">{\"@context\":\"https:\/\/schema.org\",\"@graph\":[{\"@type\":\"WebPage\",\"@id\":\"https:\/\/www.raytech.it\/de\/produkt\/heizkabel\/zivile\/frostschutz-fuer-rohre\/konstante-leistung-de-2\/frostschutz-set-fuer-die-ausfuehrung-mit-konstanter-leistung-mit-thermostat-und-stecker\",\"url\":\"https:\/\/www.raytech.it\/de\/produkt\/heizkabel\/zivile\/frostschutz-fuer-rohre\/konstante-leistung-de-2\/frostschutz-set-fuer-die-ausfuehrung-mit-konstanter-leistung-mit-thermostat-und-stecker\",\"name\":\"Frostschutz-Set f\u00fcr die Ausf\u00fchrung mit konstanter Leistung, mit Thermostat und Stecker | Raytech\",\"isPartOf\":{\"@id\":\"https:\/\/www.raytech.it\/#website\"},\"primaryImageOfPage\":{\"@id\":\"https:\/\/www.raytech.it\/de\/produkt\/heizkabel\/zivile\/frostschutz-fuer-rohre\/konstante-leistung-de-2\/frostschutz-set-fuer-die-ausfuehrung-mit-konstanter-leistung-mit-thermostat-und-stecker#primaryimage\"},\"image\":{\"@id\":\"https:\/\/www.raytech.it\/de\/produkt\/heizkabel\/zivile\/frostschutz-fuer-rohre\/konstante-leistung-de-2\/frostschutz-set-fuer-die-ausfuehrung-mit-konstanter-leistung-mit-thermostat-und-stecker#primaryimage\"},\"thumbnailUrl\":\"https:\/\/www.raytech.it\/wp-content\/uploads\/stop-ice-1.jpg\",\"datePublished\":\"2015-12-30T10:47:32+00:00\",\"dateModified\":\"2025-02-18T18:29:29+00:00\",\"breadcrumb\":{\"@id\":\"https:\/\/www.raytech.it\/de\/produkt\/heizkabel\/zivile\/frostschutz-fuer-rohre\/konstante-leistung-de-2\/frostschutz-set-fuer-die-ausfuehrung-mit-konstanter-leistung-mit-thermostat-und-stecker#breadcrumb\"},\"inLanguage\":\"de\",\"potentialAction\":[{\"@type\":\"ReadAction\",\"target\":[\"https:\/\/www.raytech.it\/de\/produkt\/heizkabel\/zivile\/frostschutz-fuer-rohre\/konstante-leistung-de-2\/frostschutz-set-fuer-die-ausfuehrung-mit-konstanter-leistung-mit-thermostat-und-stecker\"]}]},{\"@type\":\"ImageObject\",\"inLanguage\":\"de\",\"@id\":\"https:\/\/www.raytech.it\/de\/produkt\/heizkabel\/zivile\/frostschutz-fuer-rohre\/konstante-leistung-de-2\/frostschutz-set-fuer-die-ausfuehrung-mit-konstanter-leistung-mit-thermostat-und-stecker#primaryimage\",\"url\":\"https:\/\/www.raytech.it\/wp-content\/uploads\/stop-ice-1.jpg\",\"contentUrl\":\"https:\/\/www.raytech.it\/wp-content\/uploads\/stop-ice-1.jpg\",\"width\":1024,\"height\":1024},{\"@type\":\"BreadcrumbList\",\"@id\":\"https:\/\/www.raytech.it\/de\/produkt\/heizkabel\/zivile\/frostschutz-fuer-rohre\/konstante-leistung-de-2\/frostschutz-set-fuer-die-ausfuehrung-mit-konstanter-leistung-mit-thermostat-und-stecker#breadcrumb\",\"itemListElement\":[{\"@type\":\"ListItem\",\"position\":1,\"name\":\"Home\",\"item\":\"https:\/\/www.raytech.it\/de\"},{\"@type\":\"ListItem\",\"position\":2,\"name\":\"Shop\",\"item\":\"https:\/\/www.raytech.it\/de\/shop\"},{\"@type\":\"ListItem\",\"position\":3,\"name\":\"Frostschutz-Set f\u00fcr die Ausf\u00fchrung mit konstanter Leistung, mit Thermostat und Stecker\"}]},{\"@type\":\"WebSite\",\"@id\":\"https:\/\/www.raytech.it\/#website\",\"url\":\"https:\/\/www.raytech.it\/\",\"name\":\"Raytech\",\"description\":\"Cable accessories company\",\"publisher\":{\"@id\":\"https:\/\/www.raytech.it\/#organization\"},\"potentialAction\":[{\"@type\":\"SearchAction\",\"target\":{\"@type\":\"EntryPoint\",\"urlTemplate\":\"https:\/\/www.raytech.it\/?s={search_term_string}\"},\"query-input\":{\"@type\":\"PropertyValueSpecification\",\"valueRequired\":true,\"valueName\":\"search_term_string\"}}],\"inLanguage\":\"de\"},{\"@type\":\"Organization\",\"@id\":\"https:\/\/www.raytech.it\/#organization\",\"name\":\"Raytech\",\"url\":\"https:\/\/www.raytech.it\/\",\"logo\":{\"@type\":\"ImageObject\",\"inLanguage\":\"de\",\"@id\":\"https:\/\/www.raytech.it\/#\/schema\/logo\/image\/\",\"url\":\"https:\/\/www.raytech.it\/wp-content\/uploads\/logo-raytech-2019-retina-3.png\",\"contentUrl\":\"https:\/\/www.raytech.it\/wp-content\/uploads\/logo-raytech-2019-retina-3.png\",\"width\":340,\"height\":90,\"caption\":\"Raytech\"},\"image\":{\"@id\":\"https:\/\/www.raytech.it\/#\/schema\/logo\/image\/\"},\"sameAs\":[\"https:\/\/www.facebook.com\/RaytechItaly\",\"https:\/\/www.instagram.com\/raytech_italy\/\",\"https:\/\/www.youtube.com\/user\/raytechitaly\",\"https:\/\/twitter.com\/Raytech_Italy\"]}]}<\/script>\n<!-- \/ Yoast SEO plugin. -->","yoast_head_json":{"title":"Frostschutz-Set f\u00fcr die Ausf\u00fchrung mit konstanter Leistung, mit Thermostat und Stecker | Raytech","robots":{"index":"index","follow":"follow","max-snippet":"max-snippet:-1","max-image-preview":"max-image-preview:large","max-video-preview":"max-video-preview:-1"},"canonical":"https:\/\/www.raytech.it\/de\/produkt\/heizkabel\/zivile\/frostschutz-fuer-rohre\/konstante-leistung-de-2\/frostschutz-set-fuer-die-ausfuehrung-mit-konstanter-leistung-mit-thermostat-und-stecker","og_locale":"de_DE","og_type":"article","og_title":"Frostschutz-Set f\u00fcr die Ausf\u00fchrung mit konstanter Leistung, mit Thermostat und Stecker | Raytech","og_description":"Stop Ice Frostschutz-Set f\u00fcr die Ausf\u00fchrung mit konstanter Leistung,mit Thermostat und Stecker Raytech Stop Ice ist ein innovativer, vormontierter Bausatz, bestehend aus einem 12 W\/m Dauer-Heizkabel mit Kontakt-Thermostat (seitlich am [\u2026]","og_url":"https:\/\/www.raytech.it\/de\/produkt\/heizkabel\/zivile\/frostschutz-fuer-rohre\/konstante-leistung-de-2\/frostschutz-set-fuer-die-ausfuehrung-mit-konstanter-leistung-mit-thermostat-und-stecker","og_site_name":"Raytech","article_publisher":"https:\/\/www.facebook.com\/RaytechItaly","article_modified_time":"2025-02-18T18:29:29+00:00","og_image":[{"width":1024,"height":1024,"url":"https:\/\/www.raytech.it\/wp-content\/uploads\/stop-ice-1.jpg","type":"image\/jpeg"}],"twitter_card":"summary_large_image","schema":{"@context":"https:\/\/schema.org","@graph":[{"@type":"WebPage","@id":"https:\/\/www.raytech.it\/de\/produkt\/heizkabel\/zivile\/frostschutz-fuer-rohre\/konstante-leistung-de-2\/frostschutz-set-fuer-die-ausfuehrung-mit-konstanter-leistung-mit-thermostat-und-stecker","url":"https:\/\/www.raytech.it\/de\/produkt\/heizkabel\/zivile\/frostschutz-fuer-rohre\/konstante-leistung-de-2\/frostschutz-set-fuer-die-ausfuehrung-mit-konstanter-leistung-mit-thermostat-und-stecker","name":"Frostschutz-Set f\u00fcr die Ausf\u00fchrung mit konstanter Leistung, mit Thermostat und Stecker | Raytech","isPartOf":{"@id":"https:\/\/www.raytech.it\/#website"},"primaryImageOfPage":{"@id":"https:\/\/www.raytech.it\/de\/produkt\/heizkabel\/zivile\/frostschutz-fuer-rohre\/konstante-leistung-de-2\/frostschutz-set-fuer-die-ausfuehrung-mit-konstanter-leistung-mit-thermostat-und-stecker#primaryimage"},"image":{"@id":"https:\/\/www.raytech.it\/de\/produkt\/heizkabel\/zivile\/frostschutz-fuer-rohre\/konstante-leistung-de-2\/frostschutz-set-fuer-die-ausfuehrung-mit-konstanter-leistung-mit-thermostat-und-stecker#primaryimage"},"thumbnailUrl":"https:\/\/www.raytech.it\/wp-content\/uploads\/stop-ice-1.jpg","datePublished":"2015-12-30T10:47:32+00:00","dateModified":"2025-02-18T18:29:29+00:00","breadcrumb":{"@id":"https:\/\/www.raytech.it\/de\/produkt\/heizkabel\/zivile\/frostschutz-fuer-rohre\/konstante-leistung-de-2\/frostschutz-set-fuer-die-ausfuehrung-mit-konstanter-leistung-mit-thermostat-und-stecker#breadcrumb"},"inLanguage":"de","potentialAction":[{"@type":"ReadAction","target":["https:\/\/www.raytech.it\/de\/produkt\/heizkabel\/zivile\/frostschutz-fuer-rohre\/konstante-leistung-de-2\/frostschutz-set-fuer-die-ausfuehrung-mit-konstanter-leistung-mit-thermostat-und-stecker"]}]},{"@type":"ImageObject","inLanguage":"de","@id":"https:\/\/www.raytech.it\/de\/produkt\/heizkabel\/zivile\/frostschutz-fuer-rohre\/konstante-leistung-de-2\/frostschutz-set-fuer-die-ausfuehrung-mit-konstanter-leistung-mit-thermostat-und-stecker#primaryimage","url":"https:\/\/www.raytech.it\/wp-content\/uploads\/stop-ice-1.jpg","contentUrl":"https:\/\/www.raytech.it\/wp-content\/uploads\/stop-ice-1.jpg","width":1024,"height":1024},{"@type":"BreadcrumbList","@id":"https:\/\/www.raytech.it\/de\/produkt\/heizkabel\/zivile\/frostschutz-fuer-rohre\/konstante-leistung-de-2\/frostschutz-set-fuer-die-ausfuehrung-mit-konstanter-leistung-mit-thermostat-und-stecker#breadcrumb","itemListElement":[{"@type":"ListItem","position":1,"name":"Home","item":"https:\/\/www.raytech.it\/de"},{"@type":"ListItem","position":2,"name":"Shop","item":"https:\/\/www.raytech.it\/de\/shop"},{"@type":"ListItem","position":3,"name":"Frostschutz-Set f\u00fcr die Ausf\u00fchrung mit konstanter Leistung, mit Thermostat und Stecker"}]},{"@type":"WebSite","@id":"https:\/\/www.raytech.it\/#website","url":"https:\/\/www.raytech.it\/","name":"Raytech","description":"Cable accessories company","publisher":{"@id":"https:\/\/www.raytech.it\/#organization"},"potentialAction":[{"@type":"SearchAction","target":{"@type":"EntryPoint","urlTemplate":"https:\/\/www.raytech.it\/?s={search_term_string}"},"query-input":{"@type":"PropertyValueSpecification","valueRequired":true,"valueName":"search_term_string"}}],"inLanguage":"de"},{"@type":"Organization","@id":"https:\/\/www.raytech.it\/#organization","name":"Raytech","url":"https:\/\/www.raytech.it\/","logo":{"@type":"ImageObject","inLanguage":"de","@id":"https:\/\/www.raytech.it\/#\/schema\/logo\/image\/","url":"https:\/\/www.raytech.it\/wp-content\/uploads\/logo-raytech-2019-retina-3.png","contentUrl":"https:\/\/www.raytech.it\/wp-content\/uploads\/logo-raytech-2019-retina-3.png","width":340,"height":90,"caption":"Raytech"},"image":{"@id":"https:\/\/www.raytech.it\/#\/schema\/logo\/image\/"},"sameAs":["https:\/\/www.facebook.com\/RaytechItaly","https:\/\/www.instagram.com\/raytech_italy\/","https:\/\/www.youtube.com\/user\/raytechitaly","https:\/\/twitter.com\/Raytech_Italy"]}]}},"_links":{"self":[{"href":"https:\/\/www.raytech.it\/de\/wp-json\/wp\/v2\/product\/7030","targetHints":{"allow":["GET"]}}],"collection":[{"href":"https:\/\/www.raytech.it\/de\/wp-json\/wp\/v2\/product"}],"about":[{"href":"https:\/\/www.raytech.it\/de\/wp-json\/wp\/v2\/types\/product"}],"wp:featuredmedia":[{"embeddable":true,"href":"https:\/\/www.raytech.it\/de\/wp-json\/wp\/v2\/media\/4640"}],"wp:attachment":[{"href":"https:\/\/www.raytech.it\/de\/wp-json\/wp\/v2\/media?parent=7030"}],"wp:term":[{"taxonomy":"product_brand","embeddable":true,"href":"https:\/\/www.raytech.it\/de\/wp-json\/wp\/v2\/product_brand?post=7030"},{"taxonomy":"product_cat","embeddable":true,"href":"https:\/\/www.raytech.it\/de\/wp-json\/wp\/v2\/product_cat?post=7030"},{"taxonomy":"product_tag","embeddable":true,"href":"https:\/\/www.raytech.it\/de\/wp-json\/wp\/v2\/product_tag?post=7030"}],"curies":[{"name":"wp","href":"https:\/\/api.w.org\/{rel}","templated":true}]}}