{"id":7031,"date":"2015-07-16T14:01:06","date_gmt":"2015-12-30T10:49:01","guid":{"rendered":"https:\/\/www.raytech.it\/?post_type=product&#038;p=7031&#038;lang=de"},"modified":"2025-02-18T21:26:15","modified_gmt":"2025-02-18T20:26:15","slug":"das-isolierklebeband","status":"publish","type":"product","link":"https:\/\/www.raytech.it\/de\/produkt\/heizkabel\/zivile\/frostschutz-fuer-rohre\/konstante-leistung-de-2\/das-isolierklebeband","title":{"rendered":"Das isolierklebeband"},"content":{"rendered":"<h4><span style=\"color: #e3001a;\">Linus<br \/>\nDas isolierklebeband<\/span><\/h4>\n<p>Um eine komplette L\u00f6sung im Bereich von Begleitheizungen anbieten zu k\u00f6nnen, hat Raytech ein neues Produkt entwickelt: LINUS, das Isolierband f\u00fcr die Aufrechterhaltung der Temperatur. Es handelt sich um ein Band aus einem geschlossenzelligen Schaum aus synthetischem Kautschuk mit niedriger W\u00e4rmeleitf\u00e4higkeit und maximaler Biegsamkeit; das Kautschukband ist mit einem Aluminiumblatt zum Schutz vor Rissen beschichtet, das f\u00fcr eine bessere Perforationsfestigkeit und Zugfestigkeit sorgt. Es sch\u00fctzt au\u00dferdem hervorragend vor UV-Strahlung. F\u00fcr ein leichteres Anbringen an den Heizleitungen ist das Band zudem selbstklebend. Die geschlossenen Zellen und das spezielle Material verleihen ihm beste isolierende Eigenschaften sowie ein optimales Verhalten bei Vorhandensein von Kondenswasser.<\/p>\n","protected":false},"excerpt":{"rendered":"<p>Linus Das isolierklebeband Um eine komplette L\u00f6sung im Bereich von Begleitheizungen anbieten zu k\u00f6nnen, hat Raytech ein neues Produkt entwickelt: LINUS, das Isolierband f\u00fcr die Aufrechterhaltung der Temperatur. Es handelt<span class=\"excerpt-hellip\"> [\u2026]<\/span><\/p>\n","protected":false},"featured_media":4559,"template":"","meta":[],"product_brand":[],"product_cat":[305,310,313,410],"product_tag":[],"class_list":{"0":"post-7031","1":"product","2":"type-product","3":"status-publish","4":"has-post-thumbnail","6":"product_cat-heizkabel","7":"product_cat-zivile","8":"product_cat-frostschutz-fuer-rohre","9":"product_cat-konstante-leistung-de-2","11":"first","12":"instock","13":"taxable","14":"shipping-taxable","15":"product-type-simple"},"yoast_head":"<!-- This site is optimized with the Yoast SEO plugin v26.5 - https:\/\/yoast.com\/wordpress\/plugins\/seo\/ -->\n<title>Das isolierklebeband | Raytech<\/title>\n<meta name=\"robots\" content=\"index, follow, max-snippet:-1, max-image-preview:large, max-video-preview:-1\" \/>\n<link rel=\"canonical\" href=\"https:\/\/www.raytech.it\/de\/produkt\/heizkabel\/zivile\/frostschutz-fuer-rohre\/konstante-leistung-de-2\/das-isolierklebeband\" \/>\n<meta property=\"og:locale\" content=\"de_DE\" \/>\n<meta property=\"og:type\" content=\"article\" \/>\n<meta property=\"og:title\" content=\"Das isolierklebeband | Raytech\" \/>\n<meta property=\"og:description\" content=\"Linus Das isolierklebeband Um eine komplette L\u00f6sung im Bereich von Begleitheizungen anbieten zu k\u00f6nnen, hat Raytech ein neues Produkt entwickelt: LINUS, das Isolierband f\u00fcr die Aufrechterhaltung der Temperatur. Es handelt [\u2026]\" \/>\n<meta property=\"og:url\" content=\"https:\/\/www.raytech.it\/de\/produkt\/heizkabel\/zivile\/frostschutz-fuer-rohre\/konstante-leistung-de-2\/das-isolierklebeband\" \/>\n<meta property=\"og:site_name\" content=\"Raytech\" \/>\n<meta property=\"article:publisher\" content=\"https:\/\/www.facebook.com\/RaytechItaly\" \/>\n<meta property=\"article:modified_time\" content=\"2025-02-18T20:26:15+00:00\" \/>\n<meta property=\"og:image\" content=\"https:\/\/www.raytech.it\/wp-content\/uploads\/linus-1.jpg\" \/>\n\t<meta property=\"og:image:width\" content=\"1024\" \/>\n\t<meta property=\"og:image:height\" content=\"1024\" \/>\n\t<meta property=\"og:image:type\" content=\"image\/jpeg\" \/>\n<meta name=\"twitter:card\" content=\"summary_large_image\" \/>\n<meta name=\"twitter:label1\" content=\"Gesch\u00e4tzte Lesezeit\" \/>\n\t<meta name=\"twitter:data1\" content=\"1\u00a0Minute\" \/>\n<script type=\"application\/ld+json\" class=\"yoast-schema-graph\">{\"@context\":\"https:\/\/schema.org\",\"@graph\":[{\"@type\":\"WebPage\",\"@id\":\"https:\/\/www.raytech.it\/de\/produkt\/heizkabel\/zivile\/frostschutz-fuer-rohre\/konstante-leistung-de-2\/das-isolierklebeband\",\"url\":\"https:\/\/www.raytech.it\/de\/produkt\/heizkabel\/zivile\/frostschutz-fuer-rohre\/konstante-leistung-de-2\/das-isolierklebeband\",\"name\":\"Das isolierklebeband | Raytech\",\"isPartOf\":{\"@id\":\"https:\/\/www.raytech.it\/#website\"},\"primaryImageOfPage\":{\"@id\":\"https:\/\/www.raytech.it\/de\/produkt\/heizkabel\/zivile\/frostschutz-fuer-rohre\/konstante-leistung-de-2\/das-isolierklebeband#primaryimage\"},\"image\":{\"@id\":\"https:\/\/www.raytech.it\/de\/produkt\/heizkabel\/zivile\/frostschutz-fuer-rohre\/konstante-leistung-de-2\/das-isolierklebeband#primaryimage\"},\"thumbnailUrl\":\"https:\/\/www.raytech.it\/wp-content\/uploads\/linus-1.jpg\",\"datePublished\":\"2015-12-30T10:49:01+00:00\",\"dateModified\":\"2025-02-18T20:26:15+00:00\",\"breadcrumb\":{\"@id\":\"https:\/\/www.raytech.it\/de\/produkt\/heizkabel\/zivile\/frostschutz-fuer-rohre\/konstante-leistung-de-2\/das-isolierklebeband#breadcrumb\"},\"inLanguage\":\"de\",\"potentialAction\":[{\"@type\":\"ReadAction\",\"target\":[\"https:\/\/www.raytech.it\/de\/produkt\/heizkabel\/zivile\/frostschutz-fuer-rohre\/konstante-leistung-de-2\/das-isolierklebeband\"]}]},{\"@type\":\"ImageObject\",\"inLanguage\":\"de\",\"@id\":\"https:\/\/www.raytech.it\/de\/produkt\/heizkabel\/zivile\/frostschutz-fuer-rohre\/konstante-leistung-de-2\/das-isolierklebeband#primaryimage\",\"url\":\"https:\/\/www.raytech.it\/wp-content\/uploads\/linus-1.jpg\",\"contentUrl\":\"https:\/\/www.raytech.it\/wp-content\/uploads\/linus-1.jpg\",\"width\":1024,\"height\":1024},{\"@type\":\"BreadcrumbList\",\"@id\":\"https:\/\/www.raytech.it\/de\/produkt\/heizkabel\/zivile\/frostschutz-fuer-rohre\/konstante-leistung-de-2\/das-isolierklebeband#breadcrumb\",\"itemListElement\":[{\"@type\":\"ListItem\",\"position\":1,\"name\":\"Home\",\"item\":\"https:\/\/www.raytech.it\/de\"},{\"@type\":\"ListItem\",\"position\":2,\"name\":\"Shop\",\"item\":\"https:\/\/www.raytech.it\/de\/shop\"},{\"@type\":\"ListItem\",\"position\":3,\"name\":\"Das isolierklebeband\"}]},{\"@type\":\"WebSite\",\"@id\":\"https:\/\/www.raytech.it\/#website\",\"url\":\"https:\/\/www.raytech.it\/\",\"name\":\"Raytech\",\"description\":\"Cable accessories company\",\"publisher\":{\"@id\":\"https:\/\/www.raytech.it\/#organization\"},\"potentialAction\":[{\"@type\":\"SearchAction\",\"target\":{\"@type\":\"EntryPoint\",\"urlTemplate\":\"https:\/\/www.raytech.it\/?s={search_term_string}\"},\"query-input\":{\"@type\":\"PropertyValueSpecification\",\"valueRequired\":true,\"valueName\":\"search_term_string\"}}],\"inLanguage\":\"de\"},{\"@type\":\"Organization\",\"@id\":\"https:\/\/www.raytech.it\/#organization\",\"name\":\"Raytech\",\"url\":\"https:\/\/www.raytech.it\/\",\"logo\":{\"@type\":\"ImageObject\",\"inLanguage\":\"de\",\"@id\":\"https:\/\/www.raytech.it\/#\/schema\/logo\/image\/\",\"url\":\"https:\/\/www.raytech.it\/wp-content\/uploads\/logo-raytech-2019-retina-3.png\",\"contentUrl\":\"https:\/\/www.raytech.it\/wp-content\/uploads\/logo-raytech-2019-retina-3.png\",\"width\":340,\"height\":90,\"caption\":\"Raytech\"},\"image\":{\"@id\":\"https:\/\/www.raytech.it\/#\/schema\/logo\/image\/\"},\"sameAs\":[\"https:\/\/www.facebook.com\/RaytechItaly\",\"https:\/\/www.instagram.com\/raytech_italy\/\",\"https:\/\/www.youtube.com\/user\/raytechitaly\",\"https:\/\/twitter.com\/Raytech_Italy\"]}]}<\/script>\n<!-- \/ Yoast SEO plugin. -->","yoast_head_json":{"title":"Das isolierklebeband | Raytech","robots":{"index":"index","follow":"follow","max-snippet":"max-snippet:-1","max-image-preview":"max-image-preview:large","max-video-preview":"max-video-preview:-1"},"canonical":"https:\/\/www.raytech.it\/de\/produkt\/heizkabel\/zivile\/frostschutz-fuer-rohre\/konstante-leistung-de-2\/das-isolierklebeband","og_locale":"de_DE","og_type":"article","og_title":"Das isolierklebeband | Raytech","og_description":"Linus Das isolierklebeband Um eine komplette L\u00f6sung im Bereich von Begleitheizungen anbieten zu k\u00f6nnen, hat Raytech ein neues Produkt entwickelt: LINUS, das Isolierband f\u00fcr die Aufrechterhaltung der Temperatur. Es handelt [\u2026]","og_url":"https:\/\/www.raytech.it\/de\/produkt\/heizkabel\/zivile\/frostschutz-fuer-rohre\/konstante-leistung-de-2\/das-isolierklebeband","og_site_name":"Raytech","article_publisher":"https:\/\/www.facebook.com\/RaytechItaly","article_modified_time":"2025-02-18T20:26:15+00:00","og_image":[{"width":1024,"height":1024,"url":"https:\/\/www.raytech.it\/wp-content\/uploads\/linus-1.jpg","type":"image\/jpeg"}],"twitter_card":"summary_large_image","twitter_misc":{"Gesch\u00e4tzte Lesezeit":"1\u00a0Minute"},"schema":{"@context":"https:\/\/schema.org","@graph":[{"@type":"WebPage","@id":"https:\/\/www.raytech.it\/de\/produkt\/heizkabel\/zivile\/frostschutz-fuer-rohre\/konstante-leistung-de-2\/das-isolierklebeband","url":"https:\/\/www.raytech.it\/de\/produkt\/heizkabel\/zivile\/frostschutz-fuer-rohre\/konstante-leistung-de-2\/das-isolierklebeband","name":"Das isolierklebeband | Raytech","isPartOf":{"@id":"https:\/\/www.raytech.it\/#website"},"primaryImageOfPage":{"@id":"https:\/\/www.raytech.it\/de\/produkt\/heizkabel\/zivile\/frostschutz-fuer-rohre\/konstante-leistung-de-2\/das-isolierklebeband#primaryimage"},"image":{"@id":"https:\/\/www.raytech.it\/de\/produkt\/heizkabel\/zivile\/frostschutz-fuer-rohre\/konstante-leistung-de-2\/das-isolierklebeband#primaryimage"},"thumbnailUrl":"https:\/\/www.raytech.it\/wp-content\/uploads\/linus-1.jpg","datePublished":"2015-12-30T10:49:01+00:00","dateModified":"2025-02-18T20:26:15+00:00","breadcrumb":{"@id":"https:\/\/www.raytech.it\/de\/produkt\/heizkabel\/zivile\/frostschutz-fuer-rohre\/konstante-leistung-de-2\/das-isolierklebeband#breadcrumb"},"inLanguage":"de","potentialAction":[{"@type":"ReadAction","target":["https:\/\/www.raytech.it\/de\/produkt\/heizkabel\/zivile\/frostschutz-fuer-rohre\/konstante-leistung-de-2\/das-isolierklebeband"]}]},{"@type":"ImageObject","inLanguage":"de","@id":"https:\/\/www.raytech.it\/de\/produkt\/heizkabel\/zivile\/frostschutz-fuer-rohre\/konstante-leistung-de-2\/das-isolierklebeband#primaryimage","url":"https:\/\/www.raytech.it\/wp-content\/uploads\/linus-1.jpg","contentUrl":"https:\/\/www.raytech.it\/wp-content\/uploads\/linus-1.jpg","width":1024,"height":1024},{"@type":"BreadcrumbList","@id":"https:\/\/www.raytech.it\/de\/produkt\/heizkabel\/zivile\/frostschutz-fuer-rohre\/konstante-leistung-de-2\/das-isolierklebeband#breadcrumb","itemListElement":[{"@type":"ListItem","position":1,"name":"Home","item":"https:\/\/www.raytech.it\/de"},{"@type":"ListItem","position":2,"name":"Shop","item":"https:\/\/www.raytech.it\/de\/shop"},{"@type":"ListItem","position":3,"name":"Das isolierklebeband"}]},{"@type":"WebSite","@id":"https:\/\/www.raytech.it\/#website","url":"https:\/\/www.raytech.it\/","name":"Raytech","description":"Cable accessories company","publisher":{"@id":"https:\/\/www.raytech.it\/#organization"},"potentialAction":[{"@type":"SearchAction","target":{"@type":"EntryPoint","urlTemplate":"https:\/\/www.raytech.it\/?s={search_term_string}"},"query-input":{"@type":"PropertyValueSpecification","valueRequired":true,"valueName":"search_term_string"}}],"inLanguage":"de"},{"@type":"Organization","@id":"https:\/\/www.raytech.it\/#organization","name":"Raytech","url":"https:\/\/www.raytech.it\/","logo":{"@type":"ImageObject","inLanguage":"de","@id":"https:\/\/www.raytech.it\/#\/schema\/logo\/image\/","url":"https:\/\/www.raytech.it\/wp-content\/uploads\/logo-raytech-2019-retina-3.png","contentUrl":"https:\/\/www.raytech.it\/wp-content\/uploads\/logo-raytech-2019-retina-3.png","width":340,"height":90,"caption":"Raytech"},"image":{"@id":"https:\/\/www.raytech.it\/#\/schema\/logo\/image\/"},"sameAs":["https:\/\/www.facebook.com\/RaytechItaly","https:\/\/www.instagram.com\/raytech_italy\/","https:\/\/www.youtube.com\/user\/raytechitaly","https:\/\/twitter.com\/Raytech_Italy"]}]}},"_links":{"self":[{"href":"https:\/\/www.raytech.it\/de\/wp-json\/wp\/v2\/product\/7031","targetHints":{"allow":["GET"]}}],"collection":[{"href":"https:\/\/www.raytech.it\/de\/wp-json\/wp\/v2\/product"}],"about":[{"href":"https:\/\/www.raytech.it\/de\/wp-json\/wp\/v2\/types\/product"}],"wp:featuredmedia":[{"embeddable":true,"href":"https:\/\/www.raytech.it\/de\/wp-json\/wp\/v2\/media\/4559"}],"wp:attachment":[{"href":"https:\/\/www.raytech.it\/de\/wp-json\/wp\/v2\/media?parent=7031"}],"wp:term":[{"taxonomy":"product_brand","embeddable":true,"href":"https:\/\/www.raytech.it\/de\/wp-json\/wp\/v2\/product_brand?post=7031"},{"taxonomy":"product_cat","embeddable":true,"href":"https:\/\/www.raytech.it\/de\/wp-json\/wp\/v2\/product_cat?post=7031"},{"taxonomy":"product_tag","embeddable":true,"href":"https:\/\/www.raytech.it\/de\/wp-json\/wp\/v2\/product_tag?post=7031"}],"curies":[{"name":"wp","href":"https:\/\/api.w.org\/{rel}","templated":true}]}}