{"id":7036,"date":"2015-07-16T14:04:29","date_gmt":"2015-12-30T10:54:14","guid":{"rendered":"https:\/\/www.raytech.it\/?post_type=product&#038;p=7036&#038;lang=de"},"modified":"2025-02-18T18:49:05","modified_gmt":"2025-02-18T17:49:05","slug":"frostschutz-kit-mit-konstanter-leistung-komplett-mit-thermostat-verbindungsstecker-und-isolierband","status":"publish","type":"product","link":"https:\/\/www.raytech.it\/de\/produkt\/heizkabel\/zivile\/frostschutz-fuer-rohre\/konstante-leistung-de-2\/frostschutz-kit-mit-konstanter-leistung-komplett-mit-thermostat-verbindungsstecker-und-isolierband","title":{"rendered":"Frostschutz-Kit mit konstanter Leistung, komplett mit Thermostat, Verbindungsstecker und Isolierband"},"content":{"rendered":"<h4><span style=\"color: #e3001a;\">Stop Ice Plus<br \/>\nFrostschutz-Kit mit konstanter Leistung, komplett mit Thermostat, Verbindungsstecker und Isolierband<\/span><\/h4>\n<p>Stop Ice Plus ist ein innovatives Kit, das die Flexibilit\u00e4t und Zuverl\u00e4ssigkeit des Heizkabels mit konstanter Leistung Stop Ice mit der Funktionalit\u00e4t des Isolierbandes LINUS verbindet. Mit diesem Kit haben Sie alles Erforderliche f\u00fcr die Realisierung einer Begleitheizung zur Verf\u00fcgung:<\/p>\n<ul style=\"font-size: 15px;\">\n<li>Das Kabel mit konstanter Leistung Stop Ice von 12 W\/m, komplett mit Verbindungsstecker und Thermostat<\/li>\n<li>Das Isolierband LINUS mit einer St\u00e4rke von 3 mm, das auf dem Rohr mit einer \u00dcberlappung von 50 % angebracht wird, auf dem bereits die elektrische Heizleitung verlegt wurde<\/li>\n<\/ul>\n<p>Mit einem 10 m langen Band LINUS k\u00f6nnen in etwa 2,2 m eines \u00be\u201d-Rohres isoliert werden, auf dem das Kabel Stop Ice verlegt wurde.<\/p>\n","protected":false},"excerpt":{"rendered":"<p>Stop Ice Plus Frostschutz-Kit mit konstanter Leistung, komplett mit Thermostat, Verbindungsstecker und Isolierband Stop Ice Plus ist ein innovatives Kit, das die Flexibilit\u00e4t und Zuverl\u00e4ssigkeit des Heizkabels mit konstanter Leistung<span class=\"excerpt-hellip\"> [\u2026]<\/span><\/p>\n","protected":false},"featured_media":4664,"template":"","meta":[],"product_brand":[],"product_cat":[305,310,313,410],"product_tag":[],"class_list":{"0":"post-7036","1":"product","2":"type-product","3":"status-publish","4":"has-post-thumbnail","6":"product_cat-heizkabel","7":"product_cat-zivile","8":"product_cat-frostschutz-fuer-rohre","9":"product_cat-konstante-leistung-de-2","11":"first","12":"instock","13":"taxable","14":"shipping-taxable","15":"product-type-simple"},"yoast_head":"<!-- This site is optimized with the Yoast SEO plugin v26.5 - https:\/\/yoast.com\/wordpress\/plugins\/seo\/ -->\n<title>Frostschutz-Kit mit konstanter Leistung, komplett mit Thermostat, Verbindungsstecker und Isolierband | Raytech<\/title>\n<meta name=\"robots\" content=\"index, follow, max-snippet:-1, max-image-preview:large, max-video-preview:-1\" \/>\n<link rel=\"canonical\" href=\"https:\/\/www.raytech.it\/de\/produkt\/heizkabel\/zivile\/frostschutz-fuer-rohre\/konstante-leistung-de-2\/frostschutz-kit-mit-konstanter-leistung-komplett-mit-thermostat-verbindungsstecker-und-isolierband\" \/>\n<meta property=\"og:locale\" content=\"de_DE\" \/>\n<meta property=\"og:type\" content=\"article\" \/>\n<meta property=\"og:title\" content=\"Frostschutz-Kit mit konstanter Leistung, komplett mit Thermostat, Verbindungsstecker und Isolierband | Raytech\" \/>\n<meta property=\"og:description\" content=\"Stop Ice Plus Frostschutz-Kit mit konstanter Leistung, komplett mit Thermostat, Verbindungsstecker und Isolierband Stop Ice Plus ist ein innovatives Kit, das die Flexibilit\u00e4t und Zuverl\u00e4ssigkeit des Heizkabels mit konstanter Leistung [\u2026]\" \/>\n<meta property=\"og:url\" content=\"https:\/\/www.raytech.it\/de\/produkt\/heizkabel\/zivile\/frostschutz-fuer-rohre\/konstante-leistung-de-2\/frostschutz-kit-mit-konstanter-leistung-komplett-mit-thermostat-verbindungsstecker-und-isolierband\" \/>\n<meta property=\"og:site_name\" content=\"Raytech\" \/>\n<meta property=\"article:publisher\" content=\"https:\/\/www.facebook.com\/RaytechItaly\" \/>\n<meta property=\"article:modified_time\" content=\"2025-02-18T17:49:05+00:00\" \/>\n<meta property=\"og:image\" content=\"https:\/\/www.raytech.it\/wp-content\/uploads\/stop-ice-plus-1.jpg\" \/>\n\t<meta property=\"og:image:width\" content=\"1024\" \/>\n\t<meta property=\"og:image:height\" content=\"1024\" \/>\n\t<meta property=\"og:image:type\" content=\"image\/jpeg\" \/>\n<meta name=\"twitter:card\" content=\"summary_large_image\" \/>\n<meta name=\"twitter:label1\" content=\"Gesch\u00e4tzte Lesezeit\" \/>\n\t<meta name=\"twitter:data1\" content=\"1\u00a0Minute\" \/>\n<script type=\"application\/ld+json\" class=\"yoast-schema-graph\">{\"@context\":\"https:\/\/schema.org\",\"@graph\":[{\"@type\":\"WebPage\",\"@id\":\"https:\/\/www.raytech.it\/de\/produkt\/heizkabel\/zivile\/frostschutz-fuer-rohre\/konstante-leistung-de-2\/frostschutz-kit-mit-konstanter-leistung-komplett-mit-thermostat-verbindungsstecker-und-isolierband\",\"url\":\"https:\/\/www.raytech.it\/de\/produkt\/heizkabel\/zivile\/frostschutz-fuer-rohre\/konstante-leistung-de-2\/frostschutz-kit-mit-konstanter-leistung-komplett-mit-thermostat-verbindungsstecker-und-isolierband\",\"name\":\"Frostschutz-Kit mit konstanter Leistung, komplett mit Thermostat, Verbindungsstecker und Isolierband | Raytech\",\"isPartOf\":{\"@id\":\"https:\/\/www.raytech.it\/#website\"},\"primaryImageOfPage\":{\"@id\":\"https:\/\/www.raytech.it\/de\/produkt\/heizkabel\/zivile\/frostschutz-fuer-rohre\/konstante-leistung-de-2\/frostschutz-kit-mit-konstanter-leistung-komplett-mit-thermostat-verbindungsstecker-und-isolierband#primaryimage\"},\"image\":{\"@id\":\"https:\/\/www.raytech.it\/de\/produkt\/heizkabel\/zivile\/frostschutz-fuer-rohre\/konstante-leistung-de-2\/frostschutz-kit-mit-konstanter-leistung-komplett-mit-thermostat-verbindungsstecker-und-isolierband#primaryimage\"},\"thumbnailUrl\":\"https:\/\/www.raytech.it\/wp-content\/uploads\/stop-ice-plus-1.jpg\",\"datePublished\":\"2015-12-30T10:54:14+00:00\",\"dateModified\":\"2025-02-18T17:49:05+00:00\",\"breadcrumb\":{\"@id\":\"https:\/\/www.raytech.it\/de\/produkt\/heizkabel\/zivile\/frostschutz-fuer-rohre\/konstante-leistung-de-2\/frostschutz-kit-mit-konstanter-leistung-komplett-mit-thermostat-verbindungsstecker-und-isolierband#breadcrumb\"},\"inLanguage\":\"de\",\"potentialAction\":[{\"@type\":\"ReadAction\",\"target\":[\"https:\/\/www.raytech.it\/de\/produkt\/heizkabel\/zivile\/frostschutz-fuer-rohre\/konstante-leistung-de-2\/frostschutz-kit-mit-konstanter-leistung-komplett-mit-thermostat-verbindungsstecker-und-isolierband\"]}]},{\"@type\":\"ImageObject\",\"inLanguage\":\"de\",\"@id\":\"https:\/\/www.raytech.it\/de\/produkt\/heizkabel\/zivile\/frostschutz-fuer-rohre\/konstante-leistung-de-2\/frostschutz-kit-mit-konstanter-leistung-komplett-mit-thermostat-verbindungsstecker-und-isolierband#primaryimage\",\"url\":\"https:\/\/www.raytech.it\/wp-content\/uploads\/stop-ice-plus-1.jpg\",\"contentUrl\":\"https:\/\/www.raytech.it\/wp-content\/uploads\/stop-ice-plus-1.jpg\",\"width\":1024,\"height\":1024},{\"@type\":\"BreadcrumbList\",\"@id\":\"https:\/\/www.raytech.it\/de\/produkt\/heizkabel\/zivile\/frostschutz-fuer-rohre\/konstante-leistung-de-2\/frostschutz-kit-mit-konstanter-leistung-komplett-mit-thermostat-verbindungsstecker-und-isolierband#breadcrumb\",\"itemListElement\":[{\"@type\":\"ListItem\",\"position\":1,\"name\":\"Home\",\"item\":\"https:\/\/www.raytech.it\/de\"},{\"@type\":\"ListItem\",\"position\":2,\"name\":\"Shop\",\"item\":\"https:\/\/www.raytech.it\/de\/shop\"},{\"@type\":\"ListItem\",\"position\":3,\"name\":\"Frostschutz-Kit mit konstanter Leistung, komplett mit Thermostat, Verbindungsstecker und Isolierband\"}]},{\"@type\":\"WebSite\",\"@id\":\"https:\/\/www.raytech.it\/#website\",\"url\":\"https:\/\/www.raytech.it\/\",\"name\":\"Raytech\",\"description\":\"Cable accessories company\",\"publisher\":{\"@id\":\"https:\/\/www.raytech.it\/#organization\"},\"potentialAction\":[{\"@type\":\"SearchAction\",\"target\":{\"@type\":\"EntryPoint\",\"urlTemplate\":\"https:\/\/www.raytech.it\/?s={search_term_string}\"},\"query-input\":{\"@type\":\"PropertyValueSpecification\",\"valueRequired\":true,\"valueName\":\"search_term_string\"}}],\"inLanguage\":\"de\"},{\"@type\":\"Organization\",\"@id\":\"https:\/\/www.raytech.it\/#organization\",\"name\":\"Raytech\",\"url\":\"https:\/\/www.raytech.it\/\",\"logo\":{\"@type\":\"ImageObject\",\"inLanguage\":\"de\",\"@id\":\"https:\/\/www.raytech.it\/#\/schema\/logo\/image\/\",\"url\":\"https:\/\/www.raytech.it\/wp-content\/uploads\/logo-raytech-2019-retina-3.png\",\"contentUrl\":\"https:\/\/www.raytech.it\/wp-content\/uploads\/logo-raytech-2019-retina-3.png\",\"width\":340,\"height\":90,\"caption\":\"Raytech\"},\"image\":{\"@id\":\"https:\/\/www.raytech.it\/#\/schema\/logo\/image\/\"},\"sameAs\":[\"https:\/\/www.facebook.com\/RaytechItaly\",\"https:\/\/www.instagram.com\/raytech_italy\/\",\"https:\/\/www.youtube.com\/user\/raytechitaly\",\"https:\/\/twitter.com\/Raytech_Italy\"]}]}<\/script>\n<!-- \/ Yoast SEO plugin. -->","yoast_head_json":{"title":"Frostschutz-Kit mit konstanter Leistung, komplett mit Thermostat, Verbindungsstecker und Isolierband | Raytech","robots":{"index":"index","follow":"follow","max-snippet":"max-snippet:-1","max-image-preview":"max-image-preview:large","max-video-preview":"max-video-preview:-1"},"canonical":"https:\/\/www.raytech.it\/de\/produkt\/heizkabel\/zivile\/frostschutz-fuer-rohre\/konstante-leistung-de-2\/frostschutz-kit-mit-konstanter-leistung-komplett-mit-thermostat-verbindungsstecker-und-isolierband","og_locale":"de_DE","og_type":"article","og_title":"Frostschutz-Kit mit konstanter Leistung, komplett mit Thermostat, Verbindungsstecker und Isolierband | Raytech","og_description":"Stop Ice Plus Frostschutz-Kit mit konstanter Leistung, komplett mit Thermostat, Verbindungsstecker und Isolierband Stop Ice Plus ist ein innovatives Kit, das die Flexibilit\u00e4t und Zuverl\u00e4ssigkeit des Heizkabels mit konstanter Leistung [\u2026]","og_url":"https:\/\/www.raytech.it\/de\/produkt\/heizkabel\/zivile\/frostschutz-fuer-rohre\/konstante-leistung-de-2\/frostschutz-kit-mit-konstanter-leistung-komplett-mit-thermostat-verbindungsstecker-und-isolierband","og_site_name":"Raytech","article_publisher":"https:\/\/www.facebook.com\/RaytechItaly","article_modified_time":"2025-02-18T17:49:05+00:00","og_image":[{"width":1024,"height":1024,"url":"https:\/\/www.raytech.it\/wp-content\/uploads\/stop-ice-plus-1.jpg","type":"image\/jpeg"}],"twitter_card":"summary_large_image","twitter_misc":{"Gesch\u00e4tzte Lesezeit":"1\u00a0Minute"},"schema":{"@context":"https:\/\/schema.org","@graph":[{"@type":"WebPage","@id":"https:\/\/www.raytech.it\/de\/produkt\/heizkabel\/zivile\/frostschutz-fuer-rohre\/konstante-leistung-de-2\/frostschutz-kit-mit-konstanter-leistung-komplett-mit-thermostat-verbindungsstecker-und-isolierband","url":"https:\/\/www.raytech.it\/de\/produkt\/heizkabel\/zivile\/frostschutz-fuer-rohre\/konstante-leistung-de-2\/frostschutz-kit-mit-konstanter-leistung-komplett-mit-thermostat-verbindungsstecker-und-isolierband","name":"Frostschutz-Kit mit konstanter Leistung, komplett mit Thermostat, Verbindungsstecker und Isolierband | Raytech","isPartOf":{"@id":"https:\/\/www.raytech.it\/#website"},"primaryImageOfPage":{"@id":"https:\/\/www.raytech.it\/de\/produkt\/heizkabel\/zivile\/frostschutz-fuer-rohre\/konstante-leistung-de-2\/frostschutz-kit-mit-konstanter-leistung-komplett-mit-thermostat-verbindungsstecker-und-isolierband#primaryimage"},"image":{"@id":"https:\/\/www.raytech.it\/de\/produkt\/heizkabel\/zivile\/frostschutz-fuer-rohre\/konstante-leistung-de-2\/frostschutz-kit-mit-konstanter-leistung-komplett-mit-thermostat-verbindungsstecker-und-isolierband#primaryimage"},"thumbnailUrl":"https:\/\/www.raytech.it\/wp-content\/uploads\/stop-ice-plus-1.jpg","datePublished":"2015-12-30T10:54:14+00:00","dateModified":"2025-02-18T17:49:05+00:00","breadcrumb":{"@id":"https:\/\/www.raytech.it\/de\/produkt\/heizkabel\/zivile\/frostschutz-fuer-rohre\/konstante-leistung-de-2\/frostschutz-kit-mit-konstanter-leistung-komplett-mit-thermostat-verbindungsstecker-und-isolierband#breadcrumb"},"inLanguage":"de","potentialAction":[{"@type":"ReadAction","target":["https:\/\/www.raytech.it\/de\/produkt\/heizkabel\/zivile\/frostschutz-fuer-rohre\/konstante-leistung-de-2\/frostschutz-kit-mit-konstanter-leistung-komplett-mit-thermostat-verbindungsstecker-und-isolierband"]}]},{"@type":"ImageObject","inLanguage":"de","@id":"https:\/\/www.raytech.it\/de\/produkt\/heizkabel\/zivile\/frostschutz-fuer-rohre\/konstante-leistung-de-2\/frostschutz-kit-mit-konstanter-leistung-komplett-mit-thermostat-verbindungsstecker-und-isolierband#primaryimage","url":"https:\/\/www.raytech.it\/wp-content\/uploads\/stop-ice-plus-1.jpg","contentUrl":"https:\/\/www.raytech.it\/wp-content\/uploads\/stop-ice-plus-1.jpg","width":1024,"height":1024},{"@type":"BreadcrumbList","@id":"https:\/\/www.raytech.it\/de\/produkt\/heizkabel\/zivile\/frostschutz-fuer-rohre\/konstante-leistung-de-2\/frostschutz-kit-mit-konstanter-leistung-komplett-mit-thermostat-verbindungsstecker-und-isolierband#breadcrumb","itemListElement":[{"@type":"ListItem","position":1,"name":"Home","item":"https:\/\/www.raytech.it\/de"},{"@type":"ListItem","position":2,"name":"Shop","item":"https:\/\/www.raytech.it\/de\/shop"},{"@type":"ListItem","position":3,"name":"Frostschutz-Kit mit konstanter Leistung, komplett mit Thermostat, Verbindungsstecker und Isolierband"}]},{"@type":"WebSite","@id":"https:\/\/www.raytech.it\/#website","url":"https:\/\/www.raytech.it\/","name":"Raytech","description":"Cable accessories company","publisher":{"@id":"https:\/\/www.raytech.it\/#organization"},"potentialAction":[{"@type":"SearchAction","target":{"@type":"EntryPoint","urlTemplate":"https:\/\/www.raytech.it\/?s={search_term_string}"},"query-input":{"@type":"PropertyValueSpecification","valueRequired":true,"valueName":"search_term_string"}}],"inLanguage":"de"},{"@type":"Organization","@id":"https:\/\/www.raytech.it\/#organization","name":"Raytech","url":"https:\/\/www.raytech.it\/","logo":{"@type":"ImageObject","inLanguage":"de","@id":"https:\/\/www.raytech.it\/#\/schema\/logo\/image\/","url":"https:\/\/www.raytech.it\/wp-content\/uploads\/logo-raytech-2019-retina-3.png","contentUrl":"https:\/\/www.raytech.it\/wp-content\/uploads\/logo-raytech-2019-retina-3.png","width":340,"height":90,"caption":"Raytech"},"image":{"@id":"https:\/\/www.raytech.it\/#\/schema\/logo\/image\/"},"sameAs":["https:\/\/www.facebook.com\/RaytechItaly","https:\/\/www.instagram.com\/raytech_italy\/","https:\/\/www.youtube.com\/user\/raytechitaly","https:\/\/twitter.com\/Raytech_Italy"]}]}},"_links":{"self":[{"href":"https:\/\/www.raytech.it\/de\/wp-json\/wp\/v2\/product\/7036","targetHints":{"allow":["GET"]}}],"collection":[{"href":"https:\/\/www.raytech.it\/de\/wp-json\/wp\/v2\/product"}],"about":[{"href":"https:\/\/www.raytech.it\/de\/wp-json\/wp\/v2\/types\/product"}],"wp:featuredmedia":[{"embeddable":true,"href":"https:\/\/www.raytech.it\/de\/wp-json\/wp\/v2\/media\/4664"}],"wp:attachment":[{"href":"https:\/\/www.raytech.it\/de\/wp-json\/wp\/v2\/media?parent=7036"}],"wp:term":[{"taxonomy":"product_brand","embeddable":true,"href":"https:\/\/www.raytech.it\/de\/wp-json\/wp\/v2\/product_brand?post=7036"},{"taxonomy":"product_cat","embeddable":true,"href":"https:\/\/www.raytech.it\/de\/wp-json\/wp\/v2\/product_cat?post=7036"},{"taxonomy":"product_tag","embeddable":true,"href":"https:\/\/www.raytech.it\/de\/wp-json\/wp\/v2\/product_tag?post=7036"}],"curies":[{"name":"wp","href":"https:\/\/api.w.org\/{rel}","templated":true}]}}