{"id":7037,"date":"2015-07-16T14:06:23","date_gmt":"2015-12-30T10:56:49","guid":{"rendered":"https:\/\/www.raytech.it\/?post_type=product&#038;p=7037&#038;lang=de"},"modified":"2025-02-19T16:27:03","modified_gmt":"2025-02-19T15:27:03","slug":"tappetino-scaldante","status":"publish","type":"product","link":"https:\/\/www.raytech.it\/de\/produkt\/heizkabel\/zivile\/frostschutz-fuer-rampen\/konstante-leistung-de\/tappetino-scaldante","title":{"rendered":"Tappetino scaldante"},"content":{"rendered":"<h4><span style=\"color: #e3001a;\">Easy Ramp<br \/>\nMit konstanter Heizleistung Heizmatte<\/span><\/h4>\n<p>Raytech Easy Ramp besteht aus einem Dauer-Heizkabel, das zusammen mit einem Band zu einer Heizmatte wird, die ganz einfach auf der Oberfl\u00e4che, die gesch\u00fctzt werden soll, ausgebreitet werden kann. Easy Ramp eignet sich vor allem als Probleml\u00f6sung bei Eisbildung und Schneedecken auf Garagenzufahrten, Fu\u00dfg\u00e4ngerwegen, nicht \u00fcberdachten Parkpl\u00e4tzen, Gehwegen, usw. Die Matte l\u00e4sst sich im Zement oder Asphalt, selbstsperrendem Pflaster, unter Porphyrplatten oder anderen mit Zement oder Sand verlegten Materialien anbringen. Dien Easy Ramp Heizmatten haben eine Standardbreite von 60 cm, was zum Entfernen von Eis und Schnee aus der Fahrspur eines Kraftfahrzeugs bzw. zum R\u00e4umen eines sicheren Fu\u00dfweges ausreicht. Die spezifische Leistungsentwicklung von Easy Ramp betr\u00e4gt 300 W\/m2. Die Heizmatte ist in verschiedenen L\u00e4ngen erh\u00e4ltlich und passt sich ganz einfach den Abmessungen der Spur, die ger\u00e4umt werden soll, an. Ist die Heizmatte gr\u00f6\u00dfer als die Spur, so kann der \u00fcberstehende Teil einfach um 90\u00b0 umgebogen werden. Die Heizmatte wird bereits gebrauchs- und installationsfertig vertrieben, ein 4 Meter langes Kaltkabel (3&#215;1,5 mm2 oder 3&#215;2,5 mm2) zum Anschluss ans Stromnetzt geh\u00f6rt zum Lieferumfang. Bei dem Dauer-Heizkabel der Heizmatte handelt es sich um ein abgeschirmtes 2-Leiter- Heizkabel, wodurch ein einseitiger Netzanschluss gen\u00fcgt und die Heizmatte somit besonders schnell installiert werden kann.<\/p>\n","protected":false},"excerpt":{"rendered":"<p>Easy Ramp Mit konstanter Heizleistung Heizmatte Raytech Easy Ramp besteht aus einem Dauer-Heizkabel, das zusammen mit einem Band zu einer Heizmatte wird, die ganz einfach auf der Oberfl\u00e4che, die gesch\u00fctzt<span class=\"excerpt-hellip\"> [\u2026]<\/span><\/p>\n","protected":false},"featured_media":4462,"template":"","meta":[],"product_brand":[],"product_cat":[305,310,312,409],"product_tag":[],"class_list":{"0":"post-7037","1":"product","2":"type-product","3":"status-publish","4":"has-post-thumbnail","6":"product_cat-heizkabel","7":"product_cat-zivile","8":"product_cat-frostschutz-fuer-rampen","9":"product_cat-konstante-leistung-de","11":"first","12":"instock","13":"taxable","14":"shipping-taxable","15":"product-type-simple"},"yoast_head":"<!-- This site is optimized with the Yoast SEO plugin v26.5 - https:\/\/yoast.com\/wordpress\/plugins\/seo\/ -->\n<title>Tappetino scaldante | Raytech<\/title>\n<meta name=\"robots\" content=\"index, follow, max-snippet:-1, max-image-preview:large, max-video-preview:-1\" \/>\n<link rel=\"canonical\" href=\"https:\/\/www.raytech.it\/de\/produkt\/heizkabel\/zivile\/frostschutz-fuer-rampen\/konstante-leistung-de\/tappetino-scaldante\" \/>\n<meta property=\"og:locale\" content=\"de_DE\" \/>\n<meta property=\"og:type\" content=\"article\" \/>\n<meta property=\"og:title\" content=\"Tappetino scaldante | Raytech\" \/>\n<meta property=\"og:description\" content=\"Easy Ramp Mit konstanter Heizleistung Heizmatte Raytech Easy Ramp besteht aus einem Dauer-Heizkabel, das zusammen mit einem Band zu einer Heizmatte wird, die ganz einfach auf der Oberfl\u00e4che, die gesch\u00fctzt [\u2026]\" \/>\n<meta property=\"og:url\" content=\"https:\/\/www.raytech.it\/de\/produkt\/heizkabel\/zivile\/frostschutz-fuer-rampen\/konstante-leistung-de\/tappetino-scaldante\" \/>\n<meta property=\"og:site_name\" content=\"Raytech\" \/>\n<meta property=\"article:publisher\" content=\"https:\/\/www.facebook.com\/RaytechItaly\" \/>\n<meta property=\"article:modified_time\" content=\"2025-02-19T15:27:03+00:00\" \/>\n<meta property=\"og:image\" content=\"https:\/\/www.raytech.it\/wp-content\/uploads\/easy-ramp-1.jpg\" \/>\n\t<meta property=\"og:image:width\" content=\"1024\" \/>\n\t<meta property=\"og:image:height\" content=\"1024\" \/>\n\t<meta property=\"og:image:type\" content=\"image\/jpeg\" \/>\n<meta name=\"twitter:card\" content=\"summary_large_image\" \/>\n<meta name=\"twitter:label1\" content=\"Gesch\u00e4tzte Lesezeit\" \/>\n\t<meta name=\"twitter:data1\" content=\"1\u00a0Minute\" \/>\n<script type=\"application\/ld+json\" class=\"yoast-schema-graph\">{\"@context\":\"https:\/\/schema.org\",\"@graph\":[{\"@type\":\"WebPage\",\"@id\":\"https:\/\/www.raytech.it\/de\/produkt\/heizkabel\/zivile\/frostschutz-fuer-rampen\/konstante-leistung-de\/tappetino-scaldante\",\"url\":\"https:\/\/www.raytech.it\/de\/produkt\/heizkabel\/zivile\/frostschutz-fuer-rampen\/konstante-leistung-de\/tappetino-scaldante\",\"name\":\"Tappetino scaldante | Raytech\",\"isPartOf\":{\"@id\":\"https:\/\/www.raytech.it\/#website\"},\"primaryImageOfPage\":{\"@id\":\"https:\/\/www.raytech.it\/de\/produkt\/heizkabel\/zivile\/frostschutz-fuer-rampen\/konstante-leistung-de\/tappetino-scaldante#primaryimage\"},\"image\":{\"@id\":\"https:\/\/www.raytech.it\/de\/produkt\/heizkabel\/zivile\/frostschutz-fuer-rampen\/konstante-leistung-de\/tappetino-scaldante#primaryimage\"},\"thumbnailUrl\":\"https:\/\/www.raytech.it\/wp-content\/uploads\/easy-ramp-1.jpg\",\"datePublished\":\"2015-12-30T10:56:49+00:00\",\"dateModified\":\"2025-02-19T15:27:03+00:00\",\"breadcrumb\":{\"@id\":\"https:\/\/www.raytech.it\/de\/produkt\/heizkabel\/zivile\/frostschutz-fuer-rampen\/konstante-leistung-de\/tappetino-scaldante#breadcrumb\"},\"inLanguage\":\"de\",\"potentialAction\":[{\"@type\":\"ReadAction\",\"target\":[\"https:\/\/www.raytech.it\/de\/produkt\/heizkabel\/zivile\/frostschutz-fuer-rampen\/konstante-leistung-de\/tappetino-scaldante\"]}]},{\"@type\":\"ImageObject\",\"inLanguage\":\"de\",\"@id\":\"https:\/\/www.raytech.it\/de\/produkt\/heizkabel\/zivile\/frostschutz-fuer-rampen\/konstante-leistung-de\/tappetino-scaldante#primaryimage\",\"url\":\"https:\/\/www.raytech.it\/wp-content\/uploads\/easy-ramp-1.jpg\",\"contentUrl\":\"https:\/\/www.raytech.it\/wp-content\/uploads\/easy-ramp-1.jpg\",\"width\":1024,\"height\":1024},{\"@type\":\"BreadcrumbList\",\"@id\":\"https:\/\/www.raytech.it\/de\/produkt\/heizkabel\/zivile\/frostschutz-fuer-rampen\/konstante-leistung-de\/tappetino-scaldante#breadcrumb\",\"itemListElement\":[{\"@type\":\"ListItem\",\"position\":1,\"name\":\"Home\",\"item\":\"https:\/\/www.raytech.it\/de\"},{\"@type\":\"ListItem\",\"position\":2,\"name\":\"Shop\",\"item\":\"https:\/\/www.raytech.it\/de\/shop\"},{\"@type\":\"ListItem\",\"position\":3,\"name\":\"Tappetino scaldante\"}]},{\"@type\":\"WebSite\",\"@id\":\"https:\/\/www.raytech.it\/#website\",\"url\":\"https:\/\/www.raytech.it\/\",\"name\":\"Raytech\",\"description\":\"Cable accessories company\",\"publisher\":{\"@id\":\"https:\/\/www.raytech.it\/#organization\"},\"potentialAction\":[{\"@type\":\"SearchAction\",\"target\":{\"@type\":\"EntryPoint\",\"urlTemplate\":\"https:\/\/www.raytech.it\/?s={search_term_string}\"},\"query-input\":{\"@type\":\"PropertyValueSpecification\",\"valueRequired\":true,\"valueName\":\"search_term_string\"}}],\"inLanguage\":\"de\"},{\"@type\":\"Organization\",\"@id\":\"https:\/\/www.raytech.it\/#organization\",\"name\":\"Raytech\",\"url\":\"https:\/\/www.raytech.it\/\",\"logo\":{\"@type\":\"ImageObject\",\"inLanguage\":\"de\",\"@id\":\"https:\/\/www.raytech.it\/#\/schema\/logo\/image\/\",\"url\":\"https:\/\/www.raytech.it\/wp-content\/uploads\/logo-raytech-2019-retina-3.png\",\"contentUrl\":\"https:\/\/www.raytech.it\/wp-content\/uploads\/logo-raytech-2019-retina-3.png\",\"width\":340,\"height\":90,\"caption\":\"Raytech\"},\"image\":{\"@id\":\"https:\/\/www.raytech.it\/#\/schema\/logo\/image\/\"},\"sameAs\":[\"https:\/\/www.facebook.com\/RaytechItaly\",\"https:\/\/www.instagram.com\/raytech_italy\/\",\"https:\/\/www.youtube.com\/user\/raytechitaly\",\"https:\/\/twitter.com\/Raytech_Italy\"]}]}<\/script>\n<!-- \/ Yoast SEO plugin. -->","yoast_head_json":{"title":"Tappetino scaldante | Raytech","robots":{"index":"index","follow":"follow","max-snippet":"max-snippet:-1","max-image-preview":"max-image-preview:large","max-video-preview":"max-video-preview:-1"},"canonical":"https:\/\/www.raytech.it\/de\/produkt\/heizkabel\/zivile\/frostschutz-fuer-rampen\/konstante-leistung-de\/tappetino-scaldante","og_locale":"de_DE","og_type":"article","og_title":"Tappetino scaldante | Raytech","og_description":"Easy Ramp Mit konstanter Heizleistung Heizmatte Raytech Easy Ramp besteht aus einem Dauer-Heizkabel, das zusammen mit einem Band zu einer Heizmatte wird, die ganz einfach auf der Oberfl\u00e4che, die gesch\u00fctzt [\u2026]","og_url":"https:\/\/www.raytech.it\/de\/produkt\/heizkabel\/zivile\/frostschutz-fuer-rampen\/konstante-leistung-de\/tappetino-scaldante","og_site_name":"Raytech","article_publisher":"https:\/\/www.facebook.com\/RaytechItaly","article_modified_time":"2025-02-19T15:27:03+00:00","og_image":[{"width":1024,"height":1024,"url":"https:\/\/www.raytech.it\/wp-content\/uploads\/easy-ramp-1.jpg","type":"image\/jpeg"}],"twitter_card":"summary_large_image","twitter_misc":{"Gesch\u00e4tzte Lesezeit":"1\u00a0Minute"},"schema":{"@context":"https:\/\/schema.org","@graph":[{"@type":"WebPage","@id":"https:\/\/www.raytech.it\/de\/produkt\/heizkabel\/zivile\/frostschutz-fuer-rampen\/konstante-leistung-de\/tappetino-scaldante","url":"https:\/\/www.raytech.it\/de\/produkt\/heizkabel\/zivile\/frostschutz-fuer-rampen\/konstante-leistung-de\/tappetino-scaldante","name":"Tappetino scaldante | Raytech","isPartOf":{"@id":"https:\/\/www.raytech.it\/#website"},"primaryImageOfPage":{"@id":"https:\/\/www.raytech.it\/de\/produkt\/heizkabel\/zivile\/frostschutz-fuer-rampen\/konstante-leistung-de\/tappetino-scaldante#primaryimage"},"image":{"@id":"https:\/\/www.raytech.it\/de\/produkt\/heizkabel\/zivile\/frostschutz-fuer-rampen\/konstante-leistung-de\/tappetino-scaldante#primaryimage"},"thumbnailUrl":"https:\/\/www.raytech.it\/wp-content\/uploads\/easy-ramp-1.jpg","datePublished":"2015-12-30T10:56:49+00:00","dateModified":"2025-02-19T15:27:03+00:00","breadcrumb":{"@id":"https:\/\/www.raytech.it\/de\/produkt\/heizkabel\/zivile\/frostschutz-fuer-rampen\/konstante-leistung-de\/tappetino-scaldante#breadcrumb"},"inLanguage":"de","potentialAction":[{"@type":"ReadAction","target":["https:\/\/www.raytech.it\/de\/produkt\/heizkabel\/zivile\/frostschutz-fuer-rampen\/konstante-leistung-de\/tappetino-scaldante"]}]},{"@type":"ImageObject","inLanguage":"de","@id":"https:\/\/www.raytech.it\/de\/produkt\/heizkabel\/zivile\/frostschutz-fuer-rampen\/konstante-leistung-de\/tappetino-scaldante#primaryimage","url":"https:\/\/www.raytech.it\/wp-content\/uploads\/easy-ramp-1.jpg","contentUrl":"https:\/\/www.raytech.it\/wp-content\/uploads\/easy-ramp-1.jpg","width":1024,"height":1024},{"@type":"BreadcrumbList","@id":"https:\/\/www.raytech.it\/de\/produkt\/heizkabel\/zivile\/frostschutz-fuer-rampen\/konstante-leistung-de\/tappetino-scaldante#breadcrumb","itemListElement":[{"@type":"ListItem","position":1,"name":"Home","item":"https:\/\/www.raytech.it\/de"},{"@type":"ListItem","position":2,"name":"Shop","item":"https:\/\/www.raytech.it\/de\/shop"},{"@type":"ListItem","position":3,"name":"Tappetino scaldante"}]},{"@type":"WebSite","@id":"https:\/\/www.raytech.it\/#website","url":"https:\/\/www.raytech.it\/","name":"Raytech","description":"Cable accessories company","publisher":{"@id":"https:\/\/www.raytech.it\/#organization"},"potentialAction":[{"@type":"SearchAction","target":{"@type":"EntryPoint","urlTemplate":"https:\/\/www.raytech.it\/?s={search_term_string}"},"query-input":{"@type":"PropertyValueSpecification","valueRequired":true,"valueName":"search_term_string"}}],"inLanguage":"de"},{"@type":"Organization","@id":"https:\/\/www.raytech.it\/#organization","name":"Raytech","url":"https:\/\/www.raytech.it\/","logo":{"@type":"ImageObject","inLanguage":"de","@id":"https:\/\/www.raytech.it\/#\/schema\/logo\/image\/","url":"https:\/\/www.raytech.it\/wp-content\/uploads\/logo-raytech-2019-retina-3.png","contentUrl":"https:\/\/www.raytech.it\/wp-content\/uploads\/logo-raytech-2019-retina-3.png","width":340,"height":90,"caption":"Raytech"},"image":{"@id":"https:\/\/www.raytech.it\/#\/schema\/logo\/image\/"},"sameAs":["https:\/\/www.facebook.com\/RaytechItaly","https:\/\/www.instagram.com\/raytech_italy\/","https:\/\/www.youtube.com\/user\/raytechitaly","https:\/\/twitter.com\/Raytech_Italy"]}]}},"_links":{"self":[{"href":"https:\/\/www.raytech.it\/de\/wp-json\/wp\/v2\/product\/7037","targetHints":{"allow":["GET"]}}],"collection":[{"href":"https:\/\/www.raytech.it\/de\/wp-json\/wp\/v2\/product"}],"about":[{"href":"https:\/\/www.raytech.it\/de\/wp-json\/wp\/v2\/types\/product"}],"wp:featuredmedia":[{"embeddable":true,"href":"https:\/\/www.raytech.it\/de\/wp-json\/wp\/v2\/media\/4462"}],"wp:attachment":[{"href":"https:\/\/www.raytech.it\/de\/wp-json\/wp\/v2\/media?parent=7037"}],"wp:term":[{"taxonomy":"product_brand","embeddable":true,"href":"https:\/\/www.raytech.it\/de\/wp-json\/wp\/v2\/product_brand?post=7037"},{"taxonomy":"product_cat","embeddable":true,"href":"https:\/\/www.raytech.it\/de\/wp-json\/wp\/v2\/product_cat?post=7037"},{"taxonomy":"product_tag","embeddable":true,"href":"https:\/\/www.raytech.it\/de\/wp-json\/wp\/v2\/product_tag?post=7037"}],"curies":[{"name":"wp","href":"https:\/\/api.w.org\/{rel}","templated":true}]}}