{"id":7105,"date":"2015-07-16T14:45:41","date_gmt":"2015-12-30T15:16:06","guid":{"rendered":"https:\/\/www.raytech.it\/?post_type=product&#038;p=7105&#038;lang=de"},"modified":"2015-12-30T15:16:06","modified_gmt":"2015-12-30T15:16:06","slug":"bausatz-fuer-dach-und-regenrinnen","status":"publish","type":"product","link":"https:\/\/www.raytech.it\/de\/produkt\/heizkabel\/zubehoer\/bausatz-fuer-dach-und-regenrinnen","title":{"rendered":"Bausatz f\u00fcr Dach &#8211; und Regenrinnen"},"content":{"rendered":"<h4><span style=\"color: #e3001a;\">MCA-SUP<br \/>\nBausatz f\u00fcr Dach &#8211; und Regenrinnen<\/span><\/h4>\n<p>Er bindet und tr\u00e4gt das Kabel in den Dach- und Regenrinnen, besonders in dem \u00dcbergangspunkt von der Dachrinne zur Regenrinne. In den weiten Dachrinnen oder im Fall von Parallelkabeln bindet und legt es die Kabel auseinander. Mittellager f\u00fcr lange senkrechte Abschnitte.<\/p>\n","protected":false},"excerpt":{"rendered":"<p>MCA-SUP Bausatz f\u00fcr Dach &#8211; und Regenrinnen Er bindet und tr\u00e4gt das Kabel in den Dach- und Regenrinnen, besonders in dem \u00dcbergangspunkt von der Dachrinne zur Regenrinne. In den weiten<span class=\"excerpt-hellip\"> [\u2026]<\/span><\/p>\n","protected":false},"featured_media":2558,"template":"","meta":[],"product_brand":[],"product_cat":[305,384],"product_tag":[],"class_list":{"0":"post-7105","1":"product","2":"type-product","3":"status-publish","4":"has-post-thumbnail","6":"product_cat-heizkabel","7":"product_cat-zubehoer","9":"first","10":"instock","11":"taxable","12":"shipping-taxable","13":"product-type-simple"},"yoast_head":"<!-- This site is optimized with the Yoast SEO plugin v26.5 - https:\/\/yoast.com\/wordpress\/plugins\/seo\/ -->\n<title>Bausatz f\u00fcr Dach - und Regenrinnen | Raytech<\/title>\n<meta name=\"robots\" content=\"index, follow, max-snippet:-1, max-image-preview:large, max-video-preview:-1\" \/>\n<link rel=\"canonical\" href=\"https:\/\/www.raytech.it\/de\/produkt\/heizkabel\/zubehoer\/bausatz-fuer-dach-und-regenrinnen\" \/>\n<meta property=\"og:locale\" content=\"de_DE\" \/>\n<meta property=\"og:type\" content=\"article\" \/>\n<meta property=\"og:title\" content=\"Bausatz f\u00fcr Dach - und Regenrinnen | Raytech\" \/>\n<meta property=\"og:description\" content=\"MCA-SUP Bausatz f\u00fcr Dach &#8211; und Regenrinnen Er bindet und tr\u00e4gt das Kabel in den Dach- und Regenrinnen, besonders in dem \u00dcbergangspunkt von der Dachrinne zur Regenrinne. In den weiten [\u2026]\" \/>\n<meta property=\"og:url\" content=\"https:\/\/www.raytech.it\/de\/produkt\/heizkabel\/zubehoer\/bausatz-fuer-dach-und-regenrinnen\" \/>\n<meta property=\"og:site_name\" content=\"Raytech\" \/>\n<meta property=\"article:publisher\" content=\"https:\/\/www.facebook.com\/RaytechItaly\" \/>\n<meta property=\"og:image\" content=\"https:\/\/www.raytech.it\/wp-content\/uploads\/MCA-SUP1.jpg\" \/>\n\t<meta property=\"og:image:width\" content=\"1024\" \/>\n\t<meta property=\"og:image:height\" content=\"1024\" \/>\n\t<meta property=\"og:image:type\" content=\"image\/jpeg\" \/>\n<meta name=\"twitter:card\" content=\"summary_large_image\" \/>\n<script type=\"application\/ld+json\" class=\"yoast-schema-graph\">{\"@context\":\"https:\/\/schema.org\",\"@graph\":[{\"@type\":\"WebPage\",\"@id\":\"https:\/\/www.raytech.it\/de\/produkt\/heizkabel\/zubehoer\/bausatz-fuer-dach-und-regenrinnen\",\"url\":\"https:\/\/www.raytech.it\/de\/produkt\/heizkabel\/zubehoer\/bausatz-fuer-dach-und-regenrinnen\",\"name\":\"Bausatz f\u00fcr Dach - und Regenrinnen | Raytech\",\"isPartOf\":{\"@id\":\"https:\/\/www.raytech.it\/#website\"},\"primaryImageOfPage\":{\"@id\":\"https:\/\/www.raytech.it\/de\/produkt\/heizkabel\/zubehoer\/bausatz-fuer-dach-und-regenrinnen#primaryimage\"},\"image\":{\"@id\":\"https:\/\/www.raytech.it\/de\/produkt\/heizkabel\/zubehoer\/bausatz-fuer-dach-und-regenrinnen#primaryimage\"},\"thumbnailUrl\":\"https:\/\/www.raytech.it\/wp-content\/uploads\/MCA-SUP1.jpg\",\"datePublished\":\"2015-12-30T15:16:06+00:00\",\"breadcrumb\":{\"@id\":\"https:\/\/www.raytech.it\/de\/produkt\/heizkabel\/zubehoer\/bausatz-fuer-dach-und-regenrinnen#breadcrumb\"},\"inLanguage\":\"de\",\"potentialAction\":[{\"@type\":\"ReadAction\",\"target\":[\"https:\/\/www.raytech.it\/de\/produkt\/heizkabel\/zubehoer\/bausatz-fuer-dach-und-regenrinnen\"]}]},{\"@type\":\"ImageObject\",\"inLanguage\":\"de\",\"@id\":\"https:\/\/www.raytech.it\/de\/produkt\/heizkabel\/zubehoer\/bausatz-fuer-dach-und-regenrinnen#primaryimage\",\"url\":\"https:\/\/www.raytech.it\/wp-content\/uploads\/MCA-SUP1.jpg\",\"contentUrl\":\"https:\/\/www.raytech.it\/wp-content\/uploads\/MCA-SUP1.jpg\",\"width\":1024,\"height\":1024},{\"@type\":\"BreadcrumbList\",\"@id\":\"https:\/\/www.raytech.it\/de\/produkt\/heizkabel\/zubehoer\/bausatz-fuer-dach-und-regenrinnen#breadcrumb\",\"itemListElement\":[{\"@type\":\"ListItem\",\"position\":1,\"name\":\"Home\",\"item\":\"https:\/\/www.raytech.it\/de\"},{\"@type\":\"ListItem\",\"position\":2,\"name\":\"Shop\",\"item\":\"https:\/\/www.raytech.it\/de\/shop\"},{\"@type\":\"ListItem\",\"position\":3,\"name\":\"Bausatz f\u00fcr Dach &#8211; und Regenrinnen\"}]},{\"@type\":\"WebSite\",\"@id\":\"https:\/\/www.raytech.it\/#website\",\"url\":\"https:\/\/www.raytech.it\/\",\"name\":\"Raytech\",\"description\":\"Cable accessories company\",\"publisher\":{\"@id\":\"https:\/\/www.raytech.it\/#organization\"},\"potentialAction\":[{\"@type\":\"SearchAction\",\"target\":{\"@type\":\"EntryPoint\",\"urlTemplate\":\"https:\/\/www.raytech.it\/?s={search_term_string}\"},\"query-input\":{\"@type\":\"PropertyValueSpecification\",\"valueRequired\":true,\"valueName\":\"search_term_string\"}}],\"inLanguage\":\"de\"},{\"@type\":\"Organization\",\"@id\":\"https:\/\/www.raytech.it\/#organization\",\"name\":\"Raytech\",\"url\":\"https:\/\/www.raytech.it\/\",\"logo\":{\"@type\":\"ImageObject\",\"inLanguage\":\"de\",\"@id\":\"https:\/\/www.raytech.it\/#\/schema\/logo\/image\/\",\"url\":\"https:\/\/www.raytech.it\/wp-content\/uploads\/logo-raytech-2019-retina-3.png\",\"contentUrl\":\"https:\/\/www.raytech.it\/wp-content\/uploads\/logo-raytech-2019-retina-3.png\",\"width\":340,\"height\":90,\"caption\":\"Raytech\"},\"image\":{\"@id\":\"https:\/\/www.raytech.it\/#\/schema\/logo\/image\/\"},\"sameAs\":[\"https:\/\/www.facebook.com\/RaytechItaly\",\"https:\/\/www.instagram.com\/raytech_italy\/\",\"https:\/\/www.youtube.com\/user\/raytechitaly\",\"https:\/\/twitter.com\/Raytech_Italy\"]}]}<\/script>\n<!-- \/ Yoast SEO plugin. -->","yoast_head_json":{"title":"Bausatz f\u00fcr Dach - und Regenrinnen | Raytech","robots":{"index":"index","follow":"follow","max-snippet":"max-snippet:-1","max-image-preview":"max-image-preview:large","max-video-preview":"max-video-preview:-1"},"canonical":"https:\/\/www.raytech.it\/de\/produkt\/heizkabel\/zubehoer\/bausatz-fuer-dach-und-regenrinnen","og_locale":"de_DE","og_type":"article","og_title":"Bausatz f\u00fcr Dach - und Regenrinnen | Raytech","og_description":"MCA-SUP Bausatz f\u00fcr Dach &#8211; und Regenrinnen Er bindet und tr\u00e4gt das Kabel in den Dach- und Regenrinnen, besonders in dem \u00dcbergangspunkt von der Dachrinne zur Regenrinne. In den weiten [\u2026]","og_url":"https:\/\/www.raytech.it\/de\/produkt\/heizkabel\/zubehoer\/bausatz-fuer-dach-und-regenrinnen","og_site_name":"Raytech","article_publisher":"https:\/\/www.facebook.com\/RaytechItaly","og_image":[{"width":1024,"height":1024,"url":"https:\/\/www.raytech.it\/wp-content\/uploads\/MCA-SUP1.jpg","type":"image\/jpeg"}],"twitter_card":"summary_large_image","schema":{"@context":"https:\/\/schema.org","@graph":[{"@type":"WebPage","@id":"https:\/\/www.raytech.it\/de\/produkt\/heizkabel\/zubehoer\/bausatz-fuer-dach-und-regenrinnen","url":"https:\/\/www.raytech.it\/de\/produkt\/heizkabel\/zubehoer\/bausatz-fuer-dach-und-regenrinnen","name":"Bausatz f\u00fcr Dach - und Regenrinnen | Raytech","isPartOf":{"@id":"https:\/\/www.raytech.it\/#website"},"primaryImageOfPage":{"@id":"https:\/\/www.raytech.it\/de\/produkt\/heizkabel\/zubehoer\/bausatz-fuer-dach-und-regenrinnen#primaryimage"},"image":{"@id":"https:\/\/www.raytech.it\/de\/produkt\/heizkabel\/zubehoer\/bausatz-fuer-dach-und-regenrinnen#primaryimage"},"thumbnailUrl":"https:\/\/www.raytech.it\/wp-content\/uploads\/MCA-SUP1.jpg","datePublished":"2015-12-30T15:16:06+00:00","breadcrumb":{"@id":"https:\/\/www.raytech.it\/de\/produkt\/heizkabel\/zubehoer\/bausatz-fuer-dach-und-regenrinnen#breadcrumb"},"inLanguage":"de","potentialAction":[{"@type":"ReadAction","target":["https:\/\/www.raytech.it\/de\/produkt\/heizkabel\/zubehoer\/bausatz-fuer-dach-und-regenrinnen"]}]},{"@type":"ImageObject","inLanguage":"de","@id":"https:\/\/www.raytech.it\/de\/produkt\/heizkabel\/zubehoer\/bausatz-fuer-dach-und-regenrinnen#primaryimage","url":"https:\/\/www.raytech.it\/wp-content\/uploads\/MCA-SUP1.jpg","contentUrl":"https:\/\/www.raytech.it\/wp-content\/uploads\/MCA-SUP1.jpg","width":1024,"height":1024},{"@type":"BreadcrumbList","@id":"https:\/\/www.raytech.it\/de\/produkt\/heizkabel\/zubehoer\/bausatz-fuer-dach-und-regenrinnen#breadcrumb","itemListElement":[{"@type":"ListItem","position":1,"name":"Home","item":"https:\/\/www.raytech.it\/de"},{"@type":"ListItem","position":2,"name":"Shop","item":"https:\/\/www.raytech.it\/de\/shop"},{"@type":"ListItem","position":3,"name":"Bausatz f\u00fcr Dach &#8211; und Regenrinnen"}]},{"@type":"WebSite","@id":"https:\/\/www.raytech.it\/#website","url":"https:\/\/www.raytech.it\/","name":"Raytech","description":"Cable accessories company","publisher":{"@id":"https:\/\/www.raytech.it\/#organization"},"potentialAction":[{"@type":"SearchAction","target":{"@type":"EntryPoint","urlTemplate":"https:\/\/www.raytech.it\/?s={search_term_string}"},"query-input":{"@type":"PropertyValueSpecification","valueRequired":true,"valueName":"search_term_string"}}],"inLanguage":"de"},{"@type":"Organization","@id":"https:\/\/www.raytech.it\/#organization","name":"Raytech","url":"https:\/\/www.raytech.it\/","logo":{"@type":"ImageObject","inLanguage":"de","@id":"https:\/\/www.raytech.it\/#\/schema\/logo\/image\/","url":"https:\/\/www.raytech.it\/wp-content\/uploads\/logo-raytech-2019-retina-3.png","contentUrl":"https:\/\/www.raytech.it\/wp-content\/uploads\/logo-raytech-2019-retina-3.png","width":340,"height":90,"caption":"Raytech"},"image":{"@id":"https:\/\/www.raytech.it\/#\/schema\/logo\/image\/"},"sameAs":["https:\/\/www.facebook.com\/RaytechItaly","https:\/\/www.instagram.com\/raytech_italy\/","https:\/\/www.youtube.com\/user\/raytechitaly","https:\/\/twitter.com\/Raytech_Italy"]}]}},"_links":{"self":[{"href":"https:\/\/www.raytech.it\/de\/wp-json\/wp\/v2\/product\/7105","targetHints":{"allow":["GET"]}}],"collection":[{"href":"https:\/\/www.raytech.it\/de\/wp-json\/wp\/v2\/product"}],"about":[{"href":"https:\/\/www.raytech.it\/de\/wp-json\/wp\/v2\/types\/product"}],"wp:featuredmedia":[{"embeddable":true,"href":"https:\/\/www.raytech.it\/de\/wp-json\/wp\/v2\/media\/2558"}],"wp:attachment":[{"href":"https:\/\/www.raytech.it\/de\/wp-json\/wp\/v2\/media?parent=7105"}],"wp:term":[{"taxonomy":"product_brand","embeddable":true,"href":"https:\/\/www.raytech.it\/de\/wp-json\/wp\/v2\/product_brand?post=7105"},{"taxonomy":"product_cat","embeddable":true,"href":"https:\/\/www.raytech.it\/de\/wp-json\/wp\/v2\/product_cat?post=7105"},{"taxonomy":"product_tag","embeddable":true,"href":"https:\/\/www.raytech.it\/de\/wp-json\/wp\/v2\/product_tag?post=7105"}],"curies":[{"name":"wp","href":"https:\/\/api.w.org\/{rel}","templated":true}]}}