{"id":7111,"date":"2015-07-16T14:54:11","date_gmt":"2015-12-30T15:28:21","guid":{"rendered":"https:\/\/www.raytech.it\/?post_type=product&#038;p=7111&#038;lang=de"},"modified":"2025-02-20T04:14:22","modified_gmt":"2025-02-20T03:14:22","slug":"einheit-zur-kontrolle-der-temperatur-und-der-feuchtigkeit","status":"publish","type":"product","link":"https:\/\/www.raytech.it\/de\/produkt\/heizkabel\/zubehoer\/einheit-zur-kontrolle-der-temperatur-und-der-feuchtigkeit","title":{"rendered":"Einheit zur Kontrolle der Temperatur und der Feuchtigkeit"},"content":{"rendered":"<h4><span style=\"color: #e3001a;\">Steuerger\u00e4t C2000<br \/>\nEinheit zur Kontrolle der Temperatur und der Feuchtigkeit<\/span><\/h4>\n<p>Die Steuereinheit C 2000 und die entsprechenden F\u00fchler sind sowohl f\u00fcr dieTrassenf\u00fchrungen mit selbstregulierendem Kabel als auch f\u00fcr Kabel mit konstanter Leistung geeignet.<\/p>\n","protected":false},"excerpt":{"rendered":"<p>Steuerger\u00e4t C2000 Einheit zur Kontrolle der Temperatur und der Feuchtigkeit Die Steuereinheit C 2000 und die entsprechenden F\u00fchler sind sowohl f\u00fcr dieTrassenf\u00fchrungen mit selbstregulierendem Kabel als auch f\u00fcr Kabel mit<span class=\"excerpt-hellip\"> [\u2026]<\/span><\/p>\n","protected":false},"featured_media":1872,"template":"","meta":[],"product_brand":[],"product_cat":[305,384],"product_tag":[],"class_list":{"0":"post-7111","1":"product","2":"type-product","3":"status-publish","4":"has-post-thumbnail","6":"product_cat-heizkabel","7":"product_cat-zubehoer","9":"first","10":"instock","11":"taxable","12":"shipping-taxable","13":"product-type-simple"},"yoast_head":"<!-- This site is optimized with the Yoast SEO plugin v26.5 - https:\/\/yoast.com\/wordpress\/plugins\/seo\/ -->\n<title>Einheit zur Kontrolle der Temperatur und der Feuchtigkeit | Raytech<\/title>\n<meta name=\"robots\" content=\"index, follow, max-snippet:-1, max-image-preview:large, max-video-preview:-1\" \/>\n<link rel=\"canonical\" href=\"https:\/\/www.raytech.it\/de\/produkt\/heizkabel\/zubehoer\/einheit-zur-kontrolle-der-temperatur-und-der-feuchtigkeit\" \/>\n<meta property=\"og:locale\" content=\"de_DE\" \/>\n<meta property=\"og:type\" content=\"article\" \/>\n<meta property=\"og:title\" content=\"Einheit zur Kontrolle der Temperatur und der Feuchtigkeit | Raytech\" \/>\n<meta property=\"og:description\" content=\"Steuerger\u00e4t C2000 Einheit zur Kontrolle der Temperatur und der Feuchtigkeit Die Steuereinheit C 2000 und die entsprechenden F\u00fchler sind sowohl f\u00fcr dieTrassenf\u00fchrungen mit selbstregulierendem Kabel als auch f\u00fcr Kabel mit [\u2026]\" \/>\n<meta property=\"og:url\" content=\"https:\/\/www.raytech.it\/de\/produkt\/heizkabel\/zubehoer\/einheit-zur-kontrolle-der-temperatur-und-der-feuchtigkeit\" \/>\n<meta property=\"og:site_name\" content=\"Raytech\" \/>\n<meta property=\"article:publisher\" content=\"https:\/\/www.facebook.com\/RaytechItaly\" \/>\n<meta property=\"article:modified_time\" content=\"2025-02-20T03:14:22+00:00\" \/>\n<meta property=\"og:image\" content=\"https:\/\/www.raytech.it\/wp-content\/uploads\/Centralina-C2000.jpg\" \/>\n\t<meta property=\"og:image:width\" content=\"500\" \/>\n\t<meta property=\"og:image:height\" content=\"500\" \/>\n\t<meta property=\"og:image:type\" content=\"image\/jpeg\" \/>\n<meta name=\"twitter:card\" content=\"summary_large_image\" \/>\n<script type=\"application\/ld+json\" class=\"yoast-schema-graph\">{\"@context\":\"https:\/\/schema.org\",\"@graph\":[{\"@type\":\"WebPage\",\"@id\":\"https:\/\/www.raytech.it\/de\/produkt\/heizkabel\/zubehoer\/einheit-zur-kontrolle-der-temperatur-und-der-feuchtigkeit\",\"url\":\"https:\/\/www.raytech.it\/de\/produkt\/heizkabel\/zubehoer\/einheit-zur-kontrolle-der-temperatur-und-der-feuchtigkeit\",\"name\":\"Einheit zur Kontrolle der Temperatur und der Feuchtigkeit | Raytech\",\"isPartOf\":{\"@id\":\"https:\/\/www.raytech.it\/#website\"},\"primaryImageOfPage\":{\"@id\":\"https:\/\/www.raytech.it\/de\/produkt\/heizkabel\/zubehoer\/einheit-zur-kontrolle-der-temperatur-und-der-feuchtigkeit#primaryimage\"},\"image\":{\"@id\":\"https:\/\/www.raytech.it\/de\/produkt\/heizkabel\/zubehoer\/einheit-zur-kontrolle-der-temperatur-und-der-feuchtigkeit#primaryimage\"},\"thumbnailUrl\":\"https:\/\/www.raytech.it\/wp-content\/uploads\/Centralina-C2000.jpg\",\"datePublished\":\"2015-12-30T15:28:21+00:00\",\"dateModified\":\"2025-02-20T03:14:22+00:00\",\"breadcrumb\":{\"@id\":\"https:\/\/www.raytech.it\/de\/produkt\/heizkabel\/zubehoer\/einheit-zur-kontrolle-der-temperatur-und-der-feuchtigkeit#breadcrumb\"},\"inLanguage\":\"de\",\"potentialAction\":[{\"@type\":\"ReadAction\",\"target\":[\"https:\/\/www.raytech.it\/de\/produkt\/heizkabel\/zubehoer\/einheit-zur-kontrolle-der-temperatur-und-der-feuchtigkeit\"]}]},{\"@type\":\"ImageObject\",\"inLanguage\":\"de\",\"@id\":\"https:\/\/www.raytech.it\/de\/produkt\/heizkabel\/zubehoer\/einheit-zur-kontrolle-der-temperatur-und-der-feuchtigkeit#primaryimage\",\"url\":\"https:\/\/www.raytech.it\/wp-content\/uploads\/Centralina-C2000.jpg\",\"contentUrl\":\"https:\/\/www.raytech.it\/wp-content\/uploads\/Centralina-C2000.jpg\",\"width\":500,\"height\":500},{\"@type\":\"BreadcrumbList\",\"@id\":\"https:\/\/www.raytech.it\/de\/produkt\/heizkabel\/zubehoer\/einheit-zur-kontrolle-der-temperatur-und-der-feuchtigkeit#breadcrumb\",\"itemListElement\":[{\"@type\":\"ListItem\",\"position\":1,\"name\":\"Home\",\"item\":\"https:\/\/www.raytech.it\/de\"},{\"@type\":\"ListItem\",\"position\":2,\"name\":\"Shop\",\"item\":\"https:\/\/www.raytech.it\/de\/shop\"},{\"@type\":\"ListItem\",\"position\":3,\"name\":\"Einheit zur Kontrolle der Temperatur und der Feuchtigkeit\"}]},{\"@type\":\"WebSite\",\"@id\":\"https:\/\/www.raytech.it\/#website\",\"url\":\"https:\/\/www.raytech.it\/\",\"name\":\"Raytech\",\"description\":\"Cable accessories company\",\"publisher\":{\"@id\":\"https:\/\/www.raytech.it\/#organization\"},\"potentialAction\":[{\"@type\":\"SearchAction\",\"target\":{\"@type\":\"EntryPoint\",\"urlTemplate\":\"https:\/\/www.raytech.it\/?s={search_term_string}\"},\"query-input\":{\"@type\":\"PropertyValueSpecification\",\"valueRequired\":true,\"valueName\":\"search_term_string\"}}],\"inLanguage\":\"de\"},{\"@type\":\"Organization\",\"@id\":\"https:\/\/www.raytech.it\/#organization\",\"name\":\"Raytech\",\"url\":\"https:\/\/www.raytech.it\/\",\"logo\":{\"@type\":\"ImageObject\",\"inLanguage\":\"de\",\"@id\":\"https:\/\/www.raytech.it\/#\/schema\/logo\/image\/\",\"url\":\"https:\/\/www.raytech.it\/wp-content\/uploads\/logo-raytech-2019-retina-3.png\",\"contentUrl\":\"https:\/\/www.raytech.it\/wp-content\/uploads\/logo-raytech-2019-retina-3.png\",\"width\":340,\"height\":90,\"caption\":\"Raytech\"},\"image\":{\"@id\":\"https:\/\/www.raytech.it\/#\/schema\/logo\/image\/\"},\"sameAs\":[\"https:\/\/www.facebook.com\/RaytechItaly\",\"https:\/\/www.instagram.com\/raytech_italy\/\",\"https:\/\/www.youtube.com\/user\/raytechitaly\",\"https:\/\/twitter.com\/Raytech_Italy\"]}]}<\/script>\n<!-- \/ Yoast SEO plugin. -->","yoast_head_json":{"title":"Einheit zur Kontrolle der Temperatur und der Feuchtigkeit | Raytech","robots":{"index":"index","follow":"follow","max-snippet":"max-snippet:-1","max-image-preview":"max-image-preview:large","max-video-preview":"max-video-preview:-1"},"canonical":"https:\/\/www.raytech.it\/de\/produkt\/heizkabel\/zubehoer\/einheit-zur-kontrolle-der-temperatur-und-der-feuchtigkeit","og_locale":"de_DE","og_type":"article","og_title":"Einheit zur Kontrolle der Temperatur und der Feuchtigkeit | Raytech","og_description":"Steuerger\u00e4t C2000 Einheit zur Kontrolle der Temperatur und der Feuchtigkeit Die Steuereinheit C 2000 und die entsprechenden F\u00fchler sind sowohl f\u00fcr dieTrassenf\u00fchrungen mit selbstregulierendem Kabel als auch f\u00fcr Kabel mit [\u2026]","og_url":"https:\/\/www.raytech.it\/de\/produkt\/heizkabel\/zubehoer\/einheit-zur-kontrolle-der-temperatur-und-der-feuchtigkeit","og_site_name":"Raytech","article_publisher":"https:\/\/www.facebook.com\/RaytechItaly","article_modified_time":"2025-02-20T03:14:22+00:00","og_image":[{"width":500,"height":500,"url":"https:\/\/www.raytech.it\/wp-content\/uploads\/Centralina-C2000.jpg","type":"image\/jpeg"}],"twitter_card":"summary_large_image","schema":{"@context":"https:\/\/schema.org","@graph":[{"@type":"WebPage","@id":"https:\/\/www.raytech.it\/de\/produkt\/heizkabel\/zubehoer\/einheit-zur-kontrolle-der-temperatur-und-der-feuchtigkeit","url":"https:\/\/www.raytech.it\/de\/produkt\/heizkabel\/zubehoer\/einheit-zur-kontrolle-der-temperatur-und-der-feuchtigkeit","name":"Einheit zur Kontrolle der Temperatur und der Feuchtigkeit | Raytech","isPartOf":{"@id":"https:\/\/www.raytech.it\/#website"},"primaryImageOfPage":{"@id":"https:\/\/www.raytech.it\/de\/produkt\/heizkabel\/zubehoer\/einheit-zur-kontrolle-der-temperatur-und-der-feuchtigkeit#primaryimage"},"image":{"@id":"https:\/\/www.raytech.it\/de\/produkt\/heizkabel\/zubehoer\/einheit-zur-kontrolle-der-temperatur-und-der-feuchtigkeit#primaryimage"},"thumbnailUrl":"https:\/\/www.raytech.it\/wp-content\/uploads\/Centralina-C2000.jpg","datePublished":"2015-12-30T15:28:21+00:00","dateModified":"2025-02-20T03:14:22+00:00","breadcrumb":{"@id":"https:\/\/www.raytech.it\/de\/produkt\/heizkabel\/zubehoer\/einheit-zur-kontrolle-der-temperatur-und-der-feuchtigkeit#breadcrumb"},"inLanguage":"de","potentialAction":[{"@type":"ReadAction","target":["https:\/\/www.raytech.it\/de\/produkt\/heizkabel\/zubehoer\/einheit-zur-kontrolle-der-temperatur-und-der-feuchtigkeit"]}]},{"@type":"ImageObject","inLanguage":"de","@id":"https:\/\/www.raytech.it\/de\/produkt\/heizkabel\/zubehoer\/einheit-zur-kontrolle-der-temperatur-und-der-feuchtigkeit#primaryimage","url":"https:\/\/www.raytech.it\/wp-content\/uploads\/Centralina-C2000.jpg","contentUrl":"https:\/\/www.raytech.it\/wp-content\/uploads\/Centralina-C2000.jpg","width":500,"height":500},{"@type":"BreadcrumbList","@id":"https:\/\/www.raytech.it\/de\/produkt\/heizkabel\/zubehoer\/einheit-zur-kontrolle-der-temperatur-und-der-feuchtigkeit#breadcrumb","itemListElement":[{"@type":"ListItem","position":1,"name":"Home","item":"https:\/\/www.raytech.it\/de"},{"@type":"ListItem","position":2,"name":"Shop","item":"https:\/\/www.raytech.it\/de\/shop"},{"@type":"ListItem","position":3,"name":"Einheit zur Kontrolle der Temperatur und der Feuchtigkeit"}]},{"@type":"WebSite","@id":"https:\/\/www.raytech.it\/#website","url":"https:\/\/www.raytech.it\/","name":"Raytech","description":"Cable accessories company","publisher":{"@id":"https:\/\/www.raytech.it\/#organization"},"potentialAction":[{"@type":"SearchAction","target":{"@type":"EntryPoint","urlTemplate":"https:\/\/www.raytech.it\/?s={search_term_string}"},"query-input":{"@type":"PropertyValueSpecification","valueRequired":true,"valueName":"search_term_string"}}],"inLanguage":"de"},{"@type":"Organization","@id":"https:\/\/www.raytech.it\/#organization","name":"Raytech","url":"https:\/\/www.raytech.it\/","logo":{"@type":"ImageObject","inLanguage":"de","@id":"https:\/\/www.raytech.it\/#\/schema\/logo\/image\/","url":"https:\/\/www.raytech.it\/wp-content\/uploads\/logo-raytech-2019-retina-3.png","contentUrl":"https:\/\/www.raytech.it\/wp-content\/uploads\/logo-raytech-2019-retina-3.png","width":340,"height":90,"caption":"Raytech"},"image":{"@id":"https:\/\/www.raytech.it\/#\/schema\/logo\/image\/"},"sameAs":["https:\/\/www.facebook.com\/RaytechItaly","https:\/\/www.instagram.com\/raytech_italy\/","https:\/\/www.youtube.com\/user\/raytechitaly","https:\/\/twitter.com\/Raytech_Italy"]}]}},"_links":{"self":[{"href":"https:\/\/www.raytech.it\/de\/wp-json\/wp\/v2\/product\/7111","targetHints":{"allow":["GET"]}}],"collection":[{"href":"https:\/\/www.raytech.it\/de\/wp-json\/wp\/v2\/product"}],"about":[{"href":"https:\/\/www.raytech.it\/de\/wp-json\/wp\/v2\/types\/product"}],"wp:featuredmedia":[{"embeddable":true,"href":"https:\/\/www.raytech.it\/de\/wp-json\/wp\/v2\/media\/1872"}],"wp:attachment":[{"href":"https:\/\/www.raytech.it\/de\/wp-json\/wp\/v2\/media?parent=7111"}],"wp:term":[{"taxonomy":"product_brand","embeddable":true,"href":"https:\/\/www.raytech.it\/de\/wp-json\/wp\/v2\/product_brand?post=7111"},{"taxonomy":"product_cat","embeddable":true,"href":"https:\/\/www.raytech.it\/de\/wp-json\/wp\/v2\/product_cat?post=7111"},{"taxonomy":"product_tag","embeddable":true,"href":"https:\/\/www.raytech.it\/de\/wp-json\/wp\/v2\/product_tag?post=7111"}],"curies":[{"name":"wp","href":"https:\/\/api.w.org\/{rel}","templated":true}]}}