{"id":7118,"date":"2015-07-16T15:04:05","date_gmt":"2015-12-30T15:42:19","guid":{"rendered":"https:\/\/www.raytech.it\/?post_type=product&#038;p=7118&#038;lang=de"},"modified":"2025-02-20T04:08:54","modified_gmt":"2025-02-20T03:08:54","slug":"easy-wood","status":"publish","type":"product","link":"https:\/\/www.raytech.it\/de\/produkt\/heizkabel\/comfort-de\/fuer-boeden\/easy-wood","title":{"rendered":"Easy Wood"},"content":{"rendered":"<h4><span style=\"color: #e3001a;\">Heizmatte f\u00fcr eine intelligente Trassenf\u00fchrung auf Parkett- oder Laminatb\u00f6den<\/span><\/h4>\n<p>Easy Wood ist eine sehr d\u00fcnne Beschichtung (nur 0,3mm), die direkt von der intelligenten digitalen Raumthermostatuhr mit RID Mikroprozessor, die im Kit mitgeliefert wird, kontrolliert wird. \u00dcberschreiten Sie nicht die empfohlene Sekund\u00e4r- oder Komforttemperatur von 28\u00b0C.<\/p>\n","protected":false},"excerpt":{"rendered":"<p><strong>l kit e\u0300 composto da:<\/strong> Tappeto scaldante, completo di fili di collegamento e connettori, nastri e pinza per la connessione. Cronotermostato ambiente intelligente a microprocessore RID completo di sonda. Tubo corrugato per il posizionamento della sonda. Nota: prevedere un isolamento termico di almeno 6 mm di spessore (es. foglio di polistirene) sotto il foglio scaldante, ed una barriera contro l\u2019umidita\u0300 (foglio politene da almeno 0,1 mm) sopra. Per eventuali chiarimenti contattare Raytech.<\/p>\n","protected":false},"featured_media":4486,"template":"","meta":[],"product_brand":[],"product_cat":[305,306,307],"product_tag":[],"class_list":{"0":"post-7118","1":"product","2":"type-product","3":"status-publish","4":"has-post-thumbnail","6":"product_cat-heizkabel","7":"product_cat-comfort-de","8":"product_cat-fuer-boeden","10":"first","11":"instock","12":"taxable","13":"shipping-taxable","14":"product-type-simple"},"yoast_head":"<!-- This site is optimized with the Yoast SEO plugin v26.5 - https:\/\/yoast.com\/wordpress\/plugins\/seo\/ -->\n<title>Easy Wood | Raytech<\/title>\n<meta name=\"robots\" content=\"index, follow, max-snippet:-1, max-image-preview:large, max-video-preview:-1\" \/>\n<link rel=\"canonical\" href=\"https:\/\/www.raytech.it\/de\/produkt\/heizkabel\/comfort-de\/fuer-boeden\/easy-wood\" \/>\n<meta property=\"og:locale\" content=\"de_DE\" \/>\n<meta property=\"og:type\" content=\"article\" \/>\n<meta property=\"og:title\" content=\"Easy Wood | Raytech\" \/>\n<meta property=\"og:description\" content=\"l kit e\u0300 composto da: Tappeto scaldante, completo di fili di collegamento e connettori, nastri e pinza per la connessione. Cronotermostato ambiente intelligente a microprocessore RID completo di sonda. Tubo corrugato per il posizionamento della sonda. Nota: prevedere un isolamento termico di almeno 6 mm di spessore (es. foglio di polistirene) sotto il foglio scaldante, ed una barriera contro l\u2019umidita\u0300 (foglio politene da almeno 0,1 mm) sopra. Per eventuali chiarimenti contattare Raytech.\" \/>\n<meta property=\"og:url\" content=\"https:\/\/www.raytech.it\/de\/produkt\/heizkabel\/comfort-de\/fuer-boeden\/easy-wood\" \/>\n<meta property=\"og:site_name\" content=\"Raytech\" \/>\n<meta property=\"article:publisher\" content=\"https:\/\/www.facebook.com\/RaytechItaly\" \/>\n<meta property=\"article:modified_time\" content=\"2025-02-20T03:08:54+00:00\" \/>\n<meta property=\"og:image\" content=\"https:\/\/www.raytech.it\/wp-content\/uploads\/easy-wood-1.jpg\" \/>\n\t<meta property=\"og:image:width\" content=\"1024\" \/>\n\t<meta property=\"og:image:height\" content=\"1024\" \/>\n\t<meta property=\"og:image:type\" content=\"image\/jpeg\" \/>\n<meta name=\"twitter:card\" content=\"summary_large_image\" \/>\n<script type=\"application\/ld+json\" class=\"yoast-schema-graph\">{\"@context\":\"https:\/\/schema.org\",\"@graph\":[{\"@type\":\"WebPage\",\"@id\":\"https:\/\/www.raytech.it\/de\/produkt\/heizkabel\/comfort-de\/fuer-boeden\/easy-wood\",\"url\":\"https:\/\/www.raytech.it\/de\/produkt\/heizkabel\/comfort-de\/fuer-boeden\/easy-wood\",\"name\":\"Easy Wood | Raytech\",\"isPartOf\":{\"@id\":\"https:\/\/www.raytech.it\/#website\"},\"primaryImageOfPage\":{\"@id\":\"https:\/\/www.raytech.it\/de\/produkt\/heizkabel\/comfort-de\/fuer-boeden\/easy-wood#primaryimage\"},\"image\":{\"@id\":\"https:\/\/www.raytech.it\/de\/produkt\/heizkabel\/comfort-de\/fuer-boeden\/easy-wood#primaryimage\"},\"thumbnailUrl\":\"https:\/\/www.raytech.it\/wp-content\/uploads\/easy-wood-1.jpg\",\"datePublished\":\"2015-12-30T15:42:19+00:00\",\"dateModified\":\"2025-02-20T03:08:54+00:00\",\"breadcrumb\":{\"@id\":\"https:\/\/www.raytech.it\/de\/produkt\/heizkabel\/comfort-de\/fuer-boeden\/easy-wood#breadcrumb\"},\"inLanguage\":\"de\",\"potentialAction\":[{\"@type\":\"ReadAction\",\"target\":[\"https:\/\/www.raytech.it\/de\/produkt\/heizkabel\/comfort-de\/fuer-boeden\/easy-wood\"]}]},{\"@type\":\"ImageObject\",\"inLanguage\":\"de\",\"@id\":\"https:\/\/www.raytech.it\/de\/produkt\/heizkabel\/comfort-de\/fuer-boeden\/easy-wood#primaryimage\",\"url\":\"https:\/\/www.raytech.it\/wp-content\/uploads\/easy-wood-1.jpg\",\"contentUrl\":\"https:\/\/www.raytech.it\/wp-content\/uploads\/easy-wood-1.jpg\",\"width\":1024,\"height\":1024},{\"@type\":\"BreadcrumbList\",\"@id\":\"https:\/\/www.raytech.it\/de\/produkt\/heizkabel\/comfort-de\/fuer-boeden\/easy-wood#breadcrumb\",\"itemListElement\":[{\"@type\":\"ListItem\",\"position\":1,\"name\":\"Home\",\"item\":\"https:\/\/www.raytech.it\/de\"},{\"@type\":\"ListItem\",\"position\":2,\"name\":\"Shop\",\"item\":\"https:\/\/www.raytech.it\/de\/shop\"},{\"@type\":\"ListItem\",\"position\":3,\"name\":\"Easy Wood\"}]},{\"@type\":\"WebSite\",\"@id\":\"https:\/\/www.raytech.it\/#website\",\"url\":\"https:\/\/www.raytech.it\/\",\"name\":\"Raytech\",\"description\":\"Cable accessories company\",\"publisher\":{\"@id\":\"https:\/\/www.raytech.it\/#organization\"},\"potentialAction\":[{\"@type\":\"SearchAction\",\"target\":{\"@type\":\"EntryPoint\",\"urlTemplate\":\"https:\/\/www.raytech.it\/?s={search_term_string}\"},\"query-input\":{\"@type\":\"PropertyValueSpecification\",\"valueRequired\":true,\"valueName\":\"search_term_string\"}}],\"inLanguage\":\"de\"},{\"@type\":\"Organization\",\"@id\":\"https:\/\/www.raytech.it\/#organization\",\"name\":\"Raytech\",\"url\":\"https:\/\/www.raytech.it\/\",\"logo\":{\"@type\":\"ImageObject\",\"inLanguage\":\"de\",\"@id\":\"https:\/\/www.raytech.it\/#\/schema\/logo\/image\/\",\"url\":\"https:\/\/www.raytech.it\/wp-content\/uploads\/logo-raytech-2019-retina-3.png\",\"contentUrl\":\"https:\/\/www.raytech.it\/wp-content\/uploads\/logo-raytech-2019-retina-3.png\",\"width\":340,\"height\":90,\"caption\":\"Raytech\"},\"image\":{\"@id\":\"https:\/\/www.raytech.it\/#\/schema\/logo\/image\/\"},\"sameAs\":[\"https:\/\/www.facebook.com\/RaytechItaly\",\"https:\/\/www.instagram.com\/raytech_italy\/\",\"https:\/\/www.youtube.com\/user\/raytechitaly\",\"https:\/\/twitter.com\/Raytech_Italy\"]}]}<\/script>\n<!-- \/ Yoast SEO plugin. -->","yoast_head_json":{"title":"Easy Wood | Raytech","robots":{"index":"index","follow":"follow","max-snippet":"max-snippet:-1","max-image-preview":"max-image-preview:large","max-video-preview":"max-video-preview:-1"},"canonical":"https:\/\/www.raytech.it\/de\/produkt\/heizkabel\/comfort-de\/fuer-boeden\/easy-wood","og_locale":"de_DE","og_type":"article","og_title":"Easy Wood | Raytech","og_description":"l kit e\u0300 composto da: Tappeto scaldante, completo di fili di collegamento e connettori, nastri e pinza per la connessione. Cronotermostato ambiente intelligente a microprocessore RID completo di sonda. Tubo corrugato per il posizionamento della sonda. Nota: prevedere un isolamento termico di almeno 6 mm di spessore (es. foglio di polistirene) sotto il foglio scaldante, ed una barriera contro l\u2019umidita\u0300 (foglio politene da almeno 0,1 mm) sopra. Per eventuali chiarimenti contattare Raytech.","og_url":"https:\/\/www.raytech.it\/de\/produkt\/heizkabel\/comfort-de\/fuer-boeden\/easy-wood","og_site_name":"Raytech","article_publisher":"https:\/\/www.facebook.com\/RaytechItaly","article_modified_time":"2025-02-20T03:08:54+00:00","og_image":[{"width":1024,"height":1024,"url":"https:\/\/www.raytech.it\/wp-content\/uploads\/easy-wood-1.jpg","type":"image\/jpeg"}],"twitter_card":"summary_large_image","schema":{"@context":"https:\/\/schema.org","@graph":[{"@type":"WebPage","@id":"https:\/\/www.raytech.it\/de\/produkt\/heizkabel\/comfort-de\/fuer-boeden\/easy-wood","url":"https:\/\/www.raytech.it\/de\/produkt\/heizkabel\/comfort-de\/fuer-boeden\/easy-wood","name":"Easy Wood | Raytech","isPartOf":{"@id":"https:\/\/www.raytech.it\/#website"},"primaryImageOfPage":{"@id":"https:\/\/www.raytech.it\/de\/produkt\/heizkabel\/comfort-de\/fuer-boeden\/easy-wood#primaryimage"},"image":{"@id":"https:\/\/www.raytech.it\/de\/produkt\/heizkabel\/comfort-de\/fuer-boeden\/easy-wood#primaryimage"},"thumbnailUrl":"https:\/\/www.raytech.it\/wp-content\/uploads\/easy-wood-1.jpg","datePublished":"2015-12-30T15:42:19+00:00","dateModified":"2025-02-20T03:08:54+00:00","breadcrumb":{"@id":"https:\/\/www.raytech.it\/de\/produkt\/heizkabel\/comfort-de\/fuer-boeden\/easy-wood#breadcrumb"},"inLanguage":"de","potentialAction":[{"@type":"ReadAction","target":["https:\/\/www.raytech.it\/de\/produkt\/heizkabel\/comfort-de\/fuer-boeden\/easy-wood"]}]},{"@type":"ImageObject","inLanguage":"de","@id":"https:\/\/www.raytech.it\/de\/produkt\/heizkabel\/comfort-de\/fuer-boeden\/easy-wood#primaryimage","url":"https:\/\/www.raytech.it\/wp-content\/uploads\/easy-wood-1.jpg","contentUrl":"https:\/\/www.raytech.it\/wp-content\/uploads\/easy-wood-1.jpg","width":1024,"height":1024},{"@type":"BreadcrumbList","@id":"https:\/\/www.raytech.it\/de\/produkt\/heizkabel\/comfort-de\/fuer-boeden\/easy-wood#breadcrumb","itemListElement":[{"@type":"ListItem","position":1,"name":"Home","item":"https:\/\/www.raytech.it\/de"},{"@type":"ListItem","position":2,"name":"Shop","item":"https:\/\/www.raytech.it\/de\/shop"},{"@type":"ListItem","position":3,"name":"Easy Wood"}]},{"@type":"WebSite","@id":"https:\/\/www.raytech.it\/#website","url":"https:\/\/www.raytech.it\/","name":"Raytech","description":"Cable accessories company","publisher":{"@id":"https:\/\/www.raytech.it\/#organization"},"potentialAction":[{"@type":"SearchAction","target":{"@type":"EntryPoint","urlTemplate":"https:\/\/www.raytech.it\/?s={search_term_string}"},"query-input":{"@type":"PropertyValueSpecification","valueRequired":true,"valueName":"search_term_string"}}],"inLanguage":"de"},{"@type":"Organization","@id":"https:\/\/www.raytech.it\/#organization","name":"Raytech","url":"https:\/\/www.raytech.it\/","logo":{"@type":"ImageObject","inLanguage":"de","@id":"https:\/\/www.raytech.it\/#\/schema\/logo\/image\/","url":"https:\/\/www.raytech.it\/wp-content\/uploads\/logo-raytech-2019-retina-3.png","contentUrl":"https:\/\/www.raytech.it\/wp-content\/uploads\/logo-raytech-2019-retina-3.png","width":340,"height":90,"caption":"Raytech"},"image":{"@id":"https:\/\/www.raytech.it\/#\/schema\/logo\/image\/"},"sameAs":["https:\/\/www.facebook.com\/RaytechItaly","https:\/\/www.instagram.com\/raytech_italy\/","https:\/\/www.youtube.com\/user\/raytechitaly","https:\/\/twitter.com\/Raytech_Italy"]}]}},"_links":{"self":[{"href":"https:\/\/www.raytech.it\/de\/wp-json\/wp\/v2\/product\/7118","targetHints":{"allow":["GET"]}}],"collection":[{"href":"https:\/\/www.raytech.it\/de\/wp-json\/wp\/v2\/product"}],"about":[{"href":"https:\/\/www.raytech.it\/de\/wp-json\/wp\/v2\/types\/product"}],"wp:featuredmedia":[{"embeddable":true,"href":"https:\/\/www.raytech.it\/de\/wp-json\/wp\/v2\/media\/4486"}],"wp:attachment":[{"href":"https:\/\/www.raytech.it\/de\/wp-json\/wp\/v2\/media?parent=7118"}],"wp:term":[{"taxonomy":"product_brand","embeddable":true,"href":"https:\/\/www.raytech.it\/de\/wp-json\/wp\/v2\/product_brand?post=7118"},{"taxonomy":"product_cat","embeddable":true,"href":"https:\/\/www.raytech.it\/de\/wp-json\/wp\/v2\/product_cat?post=7118"},{"taxonomy":"product_tag","embeddable":true,"href":"https:\/\/www.raytech.it\/de\/wp-json\/wp\/v2\/product_tag?post=7118"}],"curies":[{"name":"wp","href":"https:\/\/api.w.org\/{rel}","templated":true}]}}