{"id":7124,"date":"2015-07-16T15:11:37","date_gmt":"2015-12-30T16:26:39","guid":{"rendered":"https:\/\/www.raytech.it\/?post_type=product&#038;p=7124&#038;lang=de"},"modified":"2025-02-20T04:09:35","modified_gmt":"2025-02-20T03:09:35","slug":"warm-up","status":"publish","type":"product","link":"https:\/\/www.raytech.it\/de\/produkt\/heizkabel\/comfort-de\/fuer-deken\/warm-up","title":{"rendered":"Warm Up"},"content":{"rendered":"<h4><span style=\"color: #e3001a;\">Warm Up Heizplatten f\u00fcr Decken<\/span><\/h4>\n<p>Die Heizplatten f\u00fcr Decken WARM-UP von Raytech k\u00f6nnen auf unsichtbare und vollintegrierte Weise in die Decken von Wohngeb\u00e4uden, B\u00fcros, Showrooms, Werkst\u00e4tten, Treibh\u00e4usern, Wohnw\u00e4gen, usw. eingebaut werden, wodurch der Raum ideal genutzt wird und W\u00e4nde frei bleiben. Aufgrund ihrer Position sind keine invasiven Eingriffe ins Mauerwerk erforderlich, der Stromanschluss ist ausgesprochen einfach.<br \/>\nSie k\u00f6nnen an den Stellen, an denen besondere W\u00e4rmeleistung erforderlich ist, mit jedem beliebigen Montagesystem installiert werden: Aufh\u00e4ngung mit Ketten oder deckenb\u00fcndig, Einbau in Zwischendecken, stets schnell und montagefreundlich. Die Art der Heizung mit IRStrahlung ist vergleichbar mit Sonnenstrahlung und ist folglich sicher, gesund, effizient und besonders angenehm.<\/p>\n<p><strong>Vorteile des Warm-Up Systems<\/strong><\/p>\n<ul>\n<li><span style=\"color: #e3001a;\">Installation ohne invasive Mauerarbeiten am Geb\u00e4ude.<\/span><\/li>\n<li><span style=\"color: #e3001a;\">L\u00e4sst sich problemlos abmontieren und an einem anderen Ortwiederverwenden.<\/span><\/li>\n<li><span style=\"color: #e3001a;\">Die W\u00e4rmestrahlung ist gesund, ohne Gebl\u00e4se und ohne Verschmutzung von W\u00e4nden und Umwelt.<\/span><\/li>\n<li><span style=\"color: #e3001a;\">Nutzung als Hauptheizung oder Zusatzheizung, Optimierung der Heizleistung und Kostenreduzierung durch den RID-WL Thermostat<\/span><\/li>\n<\/ul>\n","protected":false},"excerpt":{"rendered":"<p>Warm Up Heizplatten f\u00fcr Decken Die Heizplatten f\u00fcr Decken WARM-UP von Raytech k\u00f6nnen auf unsichtbare und vollintegrierte Weise in die Decken von Wohngeb\u00e4uden, B\u00fcros, Showrooms, Werkst\u00e4tten, Treibh\u00e4usern, Wohnw\u00e4gen, usw. eingebaut<span class=\"excerpt-hellip\"> [\u2026]<\/span><\/p>\n","protected":false},"featured_media":4688,"template":"","meta":[],"product_brand":[],"product_cat":[305,306,309],"product_tag":[],"class_list":{"0":"post-7124","1":"product","2":"type-product","3":"status-publish","4":"has-post-thumbnail","6":"product_cat-heizkabel","7":"product_cat-comfort-de","8":"product_cat-fuer-deken","10":"first","11":"instock","12":"taxable","13":"shipping-taxable","14":"product-type-simple"},"yoast_head":"<!-- This site is optimized with the Yoast SEO plugin v26.5 - https:\/\/yoast.com\/wordpress\/plugins\/seo\/ -->\n<title>Warm Up | Raytech<\/title>\n<meta name=\"robots\" content=\"index, follow, max-snippet:-1, max-image-preview:large, max-video-preview:-1\" \/>\n<link rel=\"canonical\" href=\"https:\/\/www.raytech.it\/de\/produkt\/heizkabel\/comfort-de\/fuer-deken\/warm-up\" \/>\n<meta property=\"og:locale\" content=\"de_DE\" \/>\n<meta property=\"og:type\" content=\"article\" \/>\n<meta property=\"og:title\" content=\"Warm Up | Raytech\" \/>\n<meta property=\"og:description\" content=\"Warm Up Heizplatten f\u00fcr Decken Die Heizplatten f\u00fcr Decken WARM-UP von Raytech k\u00f6nnen auf unsichtbare und vollintegrierte Weise in die Decken von Wohngeb\u00e4uden, B\u00fcros, Showrooms, Werkst\u00e4tten, Treibh\u00e4usern, Wohnw\u00e4gen, usw. eingebaut [\u2026]\" \/>\n<meta property=\"og:url\" content=\"https:\/\/www.raytech.it\/de\/produkt\/heizkabel\/comfort-de\/fuer-deken\/warm-up\" \/>\n<meta property=\"og:site_name\" content=\"Raytech\" \/>\n<meta property=\"article:publisher\" content=\"https:\/\/www.facebook.com\/RaytechItaly\" \/>\n<meta property=\"article:modified_time\" content=\"2025-02-20T03:09:35+00:00\" \/>\n<meta property=\"og:image\" content=\"https:\/\/www.raytech.it\/wp-content\/uploads\/warm-up-1.jpg\" \/>\n\t<meta property=\"og:image:width\" content=\"1024\" \/>\n\t<meta property=\"og:image:height\" content=\"1024\" \/>\n\t<meta property=\"og:image:type\" content=\"image\/jpeg\" \/>\n<meta name=\"twitter:card\" content=\"summary_large_image\" \/>\n<meta name=\"twitter:label1\" content=\"Gesch\u00e4tzte Lesezeit\" \/>\n\t<meta name=\"twitter:data1\" content=\"1\u00a0Minute\" \/>\n<script type=\"application\/ld+json\" class=\"yoast-schema-graph\">{\"@context\":\"https:\/\/schema.org\",\"@graph\":[{\"@type\":\"WebPage\",\"@id\":\"https:\/\/www.raytech.it\/de\/produkt\/heizkabel\/comfort-de\/fuer-deken\/warm-up\",\"url\":\"https:\/\/www.raytech.it\/de\/produkt\/heizkabel\/comfort-de\/fuer-deken\/warm-up\",\"name\":\"Warm Up | Raytech\",\"isPartOf\":{\"@id\":\"https:\/\/www.raytech.it\/#website\"},\"primaryImageOfPage\":{\"@id\":\"https:\/\/www.raytech.it\/de\/produkt\/heizkabel\/comfort-de\/fuer-deken\/warm-up#primaryimage\"},\"image\":{\"@id\":\"https:\/\/www.raytech.it\/de\/produkt\/heizkabel\/comfort-de\/fuer-deken\/warm-up#primaryimage\"},\"thumbnailUrl\":\"https:\/\/www.raytech.it\/wp-content\/uploads\/warm-up-1.jpg\",\"datePublished\":\"2015-12-30T16:26:39+00:00\",\"dateModified\":\"2025-02-20T03:09:35+00:00\",\"breadcrumb\":{\"@id\":\"https:\/\/www.raytech.it\/de\/produkt\/heizkabel\/comfort-de\/fuer-deken\/warm-up#breadcrumb\"},\"inLanguage\":\"de\",\"potentialAction\":[{\"@type\":\"ReadAction\",\"target\":[\"https:\/\/www.raytech.it\/de\/produkt\/heizkabel\/comfort-de\/fuer-deken\/warm-up\"]}]},{\"@type\":\"ImageObject\",\"inLanguage\":\"de\",\"@id\":\"https:\/\/www.raytech.it\/de\/produkt\/heizkabel\/comfort-de\/fuer-deken\/warm-up#primaryimage\",\"url\":\"https:\/\/www.raytech.it\/wp-content\/uploads\/warm-up-1.jpg\",\"contentUrl\":\"https:\/\/www.raytech.it\/wp-content\/uploads\/warm-up-1.jpg\",\"width\":1024,\"height\":1024},{\"@type\":\"BreadcrumbList\",\"@id\":\"https:\/\/www.raytech.it\/de\/produkt\/heizkabel\/comfort-de\/fuer-deken\/warm-up#breadcrumb\",\"itemListElement\":[{\"@type\":\"ListItem\",\"position\":1,\"name\":\"Home\",\"item\":\"https:\/\/www.raytech.it\/de\"},{\"@type\":\"ListItem\",\"position\":2,\"name\":\"Shop\",\"item\":\"https:\/\/www.raytech.it\/de\/shop\"},{\"@type\":\"ListItem\",\"position\":3,\"name\":\"Warm Up\"}]},{\"@type\":\"WebSite\",\"@id\":\"https:\/\/www.raytech.it\/#website\",\"url\":\"https:\/\/www.raytech.it\/\",\"name\":\"Raytech\",\"description\":\"Cable accessories company\",\"publisher\":{\"@id\":\"https:\/\/www.raytech.it\/#organization\"},\"potentialAction\":[{\"@type\":\"SearchAction\",\"target\":{\"@type\":\"EntryPoint\",\"urlTemplate\":\"https:\/\/www.raytech.it\/?s={search_term_string}\"},\"query-input\":{\"@type\":\"PropertyValueSpecification\",\"valueRequired\":true,\"valueName\":\"search_term_string\"}}],\"inLanguage\":\"de\"},{\"@type\":\"Organization\",\"@id\":\"https:\/\/www.raytech.it\/#organization\",\"name\":\"Raytech\",\"url\":\"https:\/\/www.raytech.it\/\",\"logo\":{\"@type\":\"ImageObject\",\"inLanguage\":\"de\",\"@id\":\"https:\/\/www.raytech.it\/#\/schema\/logo\/image\/\",\"url\":\"https:\/\/www.raytech.it\/wp-content\/uploads\/logo-raytech-2019-retina-3.png\",\"contentUrl\":\"https:\/\/www.raytech.it\/wp-content\/uploads\/logo-raytech-2019-retina-3.png\",\"width\":340,\"height\":90,\"caption\":\"Raytech\"},\"image\":{\"@id\":\"https:\/\/www.raytech.it\/#\/schema\/logo\/image\/\"},\"sameAs\":[\"https:\/\/www.facebook.com\/RaytechItaly\",\"https:\/\/www.instagram.com\/raytech_italy\/\",\"https:\/\/www.youtube.com\/user\/raytechitaly\",\"https:\/\/twitter.com\/Raytech_Italy\"]}]}<\/script>\n<!-- \/ Yoast SEO plugin. -->","yoast_head_json":{"title":"Warm Up | Raytech","robots":{"index":"index","follow":"follow","max-snippet":"max-snippet:-1","max-image-preview":"max-image-preview:large","max-video-preview":"max-video-preview:-1"},"canonical":"https:\/\/www.raytech.it\/de\/produkt\/heizkabel\/comfort-de\/fuer-deken\/warm-up","og_locale":"de_DE","og_type":"article","og_title":"Warm Up | Raytech","og_description":"Warm Up Heizplatten f\u00fcr Decken Die Heizplatten f\u00fcr Decken WARM-UP von Raytech k\u00f6nnen auf unsichtbare und vollintegrierte Weise in die Decken von Wohngeb\u00e4uden, B\u00fcros, Showrooms, Werkst\u00e4tten, Treibh\u00e4usern, Wohnw\u00e4gen, usw. eingebaut [\u2026]","og_url":"https:\/\/www.raytech.it\/de\/produkt\/heizkabel\/comfort-de\/fuer-deken\/warm-up","og_site_name":"Raytech","article_publisher":"https:\/\/www.facebook.com\/RaytechItaly","article_modified_time":"2025-02-20T03:09:35+00:00","og_image":[{"width":1024,"height":1024,"url":"https:\/\/www.raytech.it\/wp-content\/uploads\/warm-up-1.jpg","type":"image\/jpeg"}],"twitter_card":"summary_large_image","twitter_misc":{"Gesch\u00e4tzte Lesezeit":"1\u00a0Minute"},"schema":{"@context":"https:\/\/schema.org","@graph":[{"@type":"WebPage","@id":"https:\/\/www.raytech.it\/de\/produkt\/heizkabel\/comfort-de\/fuer-deken\/warm-up","url":"https:\/\/www.raytech.it\/de\/produkt\/heizkabel\/comfort-de\/fuer-deken\/warm-up","name":"Warm Up | Raytech","isPartOf":{"@id":"https:\/\/www.raytech.it\/#website"},"primaryImageOfPage":{"@id":"https:\/\/www.raytech.it\/de\/produkt\/heizkabel\/comfort-de\/fuer-deken\/warm-up#primaryimage"},"image":{"@id":"https:\/\/www.raytech.it\/de\/produkt\/heizkabel\/comfort-de\/fuer-deken\/warm-up#primaryimage"},"thumbnailUrl":"https:\/\/www.raytech.it\/wp-content\/uploads\/warm-up-1.jpg","datePublished":"2015-12-30T16:26:39+00:00","dateModified":"2025-02-20T03:09:35+00:00","breadcrumb":{"@id":"https:\/\/www.raytech.it\/de\/produkt\/heizkabel\/comfort-de\/fuer-deken\/warm-up#breadcrumb"},"inLanguage":"de","potentialAction":[{"@type":"ReadAction","target":["https:\/\/www.raytech.it\/de\/produkt\/heizkabel\/comfort-de\/fuer-deken\/warm-up"]}]},{"@type":"ImageObject","inLanguage":"de","@id":"https:\/\/www.raytech.it\/de\/produkt\/heizkabel\/comfort-de\/fuer-deken\/warm-up#primaryimage","url":"https:\/\/www.raytech.it\/wp-content\/uploads\/warm-up-1.jpg","contentUrl":"https:\/\/www.raytech.it\/wp-content\/uploads\/warm-up-1.jpg","width":1024,"height":1024},{"@type":"BreadcrumbList","@id":"https:\/\/www.raytech.it\/de\/produkt\/heizkabel\/comfort-de\/fuer-deken\/warm-up#breadcrumb","itemListElement":[{"@type":"ListItem","position":1,"name":"Home","item":"https:\/\/www.raytech.it\/de"},{"@type":"ListItem","position":2,"name":"Shop","item":"https:\/\/www.raytech.it\/de\/shop"},{"@type":"ListItem","position":3,"name":"Warm Up"}]},{"@type":"WebSite","@id":"https:\/\/www.raytech.it\/#website","url":"https:\/\/www.raytech.it\/","name":"Raytech","description":"Cable accessories company","publisher":{"@id":"https:\/\/www.raytech.it\/#organization"},"potentialAction":[{"@type":"SearchAction","target":{"@type":"EntryPoint","urlTemplate":"https:\/\/www.raytech.it\/?s={search_term_string}"},"query-input":{"@type":"PropertyValueSpecification","valueRequired":true,"valueName":"search_term_string"}}],"inLanguage":"de"},{"@type":"Organization","@id":"https:\/\/www.raytech.it\/#organization","name":"Raytech","url":"https:\/\/www.raytech.it\/","logo":{"@type":"ImageObject","inLanguage":"de","@id":"https:\/\/www.raytech.it\/#\/schema\/logo\/image\/","url":"https:\/\/www.raytech.it\/wp-content\/uploads\/logo-raytech-2019-retina-3.png","contentUrl":"https:\/\/www.raytech.it\/wp-content\/uploads\/logo-raytech-2019-retina-3.png","width":340,"height":90,"caption":"Raytech"},"image":{"@id":"https:\/\/www.raytech.it\/#\/schema\/logo\/image\/"},"sameAs":["https:\/\/www.facebook.com\/RaytechItaly","https:\/\/www.instagram.com\/raytech_italy\/","https:\/\/www.youtube.com\/user\/raytechitaly","https:\/\/twitter.com\/Raytech_Italy"]}]}},"_links":{"self":[{"href":"https:\/\/www.raytech.it\/de\/wp-json\/wp\/v2\/product\/7124","targetHints":{"allow":["GET"]}}],"collection":[{"href":"https:\/\/www.raytech.it\/de\/wp-json\/wp\/v2\/product"}],"about":[{"href":"https:\/\/www.raytech.it\/de\/wp-json\/wp\/v2\/types\/product"}],"wp:featuredmedia":[{"embeddable":true,"href":"https:\/\/www.raytech.it\/de\/wp-json\/wp\/v2\/media\/4688"}],"wp:attachment":[{"href":"https:\/\/www.raytech.it\/de\/wp-json\/wp\/v2\/media?parent=7124"}],"wp:term":[{"taxonomy":"product_brand","embeddable":true,"href":"https:\/\/www.raytech.it\/de\/wp-json\/wp\/v2\/product_brand?post=7124"},{"taxonomy":"product_cat","embeddable":true,"href":"https:\/\/www.raytech.it\/de\/wp-json\/wp\/v2\/product_cat?post=7124"},{"taxonomy":"product_tag","embeddable":true,"href":"https:\/\/www.raytech.it\/de\/wp-json\/wp\/v2\/product_tag?post=7124"}],"curies":[{"name":"wp","href":"https:\/\/api.w.org\/{rel}","templated":true}]}}