{"id":13982,"date":"2018-11-23T08:42:00","date_gmt":"2018-11-23T08:42:00","guid":{"rendered":"http:\/\/raytech.it?page_id=13982"},"modified":"2021-02-17T16:40:49","modified_gmt":"2021-02-17T15:40:49","slug":"magic-gel-sprint-landing","status":"publish","type":"page","link":"https:\/\/www.raytech.it\/es\/magic-gel-sprint-landing","title":{"rendered":"Magic Gel Sprint"},"content":{"rendered":"<div class=\"wpb-content-wrapper\"><p>[vc_row full_width=\u00bbstretch_row_content_no_spaces\u00bb][vc_column][vc_raw_html]JTNDc3R5bGUlM0UlMEEudGhlX2NvbnRlbnRfd3JhcHBlciUyMHVsJTIwbGklMjAlN0IlMjBtYXJnaW4tYm90dG9tJTNBJTIwMCUzQiUyMCU3RCUyMCUwQSUzQyUyRnN0eWxlJTNF[\/vc_raw_html][vc_video link=\u00bbhttps:\/\/youtu.be\/xI52y7UQo6M\u00bb align=\u00bbcenter\u00bb][\/vc_column][\/vc_row][vc_row css=\u00bb.vc_custom_1566402928637{padding-bottom: 30px !important;}\u00bb][vc_column][vc_custom_heading text=\u00bbMAGIC GEL SPRINT LINE\u00bb font_container=\u00bbtag:h1|font_size:50px|text_align:center|color:%23292929|line_height:56px\u00bb use_theme_fonts=\u00bbyes\u00bb css=\u00bb.vc_custom_1613483869616{padding-top: 30px !important;}\u00bb][vc_custom_heading text=\u00bbGel aislante y sellante\u00bb font_container=\u00bbtag:h2|font_size:44px|text_align:center|color:%23292929|line_height:50px\u00bb use_theme_fonts=\u00bbyes\u00bb][vc_column_text]<\/p>\n<p style=\"font-size: 20px; text-align: center;\">Magic Gel Sprint, gel aislante y sellante para la protecci\u00f3n de conexiones el\u00e9ctricas, est\u00e1 formulado para una reticulaci\u00f3n super r\u00e1pida directamente en el interior de la botella. Combina las caracter\u00edsticas diel\u00e9ctricas, sellantes y t\u00e9rmicas que han hecho del Magic Gel el aislante m\u00e1s popular entre los instaladores desde 2005, con la facilidad de uso y el enfoque hacia la sostenibilidad.<\/p>\n<p>[\/vc_column_text][\/vc_column][\/vc_row][vc_row gap=\u00bb20&#8243; content_placement=\u00bbtop\u00bb css=\u00bb.vc_custom_1613487169120{border-top-width: 1px !important;border-right-width: 1px !important;border-bottom-width: 1px !important;border-left-width: 1px !important;background-color: #ffffff !important;border-left-color: #cccccc !important;border-left-style: solid !important;border-right-color: #cccccc !important;border-right-style: solid !important;border-top-color: #cccccc !important;border-top-style: solid !important;border-bottom-color: #cccccc !important;border-bottom-style: solid !important;}\u00bb][vc_column css=\u00bb.vc_custom_1613488297655{padding-top: 0px !important;padding-bottom: 0px !important;}\u00bb][vc_row_inner gap=\u00bb20&#8243;][vc_column_inner width=\u00bb1\/3&#8243;][vc_single_image image=\u00bb25879&#8243; img_size=\u00bbfull\u00bb add_caption=\u00bbyes\u00bb alignment=\u00bbcenter\u00bb onclick=\u00bblink_image\u00bb][\/vc_column_inner][vc_column_inner width=\u00bb2\/3&#8243;][vc_column_text]<\/p>\n<h3>MAGIC GEL SPRINT 450 ML<br \/>\nMAGIC GEL SPRINT 900 ML<\/h3>\n<h4><b>GEL AISLANTE Y SELLANTE<\/b><\/h4>\n<p style=\"font-size: 16px;\">Magic Gel Sprint sella las conexiones protegi\u00e9ndolas del polvo, de los efectos de la\u00a0continua inmersi\u00f3n en agua y de la entrada de cuerpos s\u00f3lidos en el interior de la caja de la conexiones.<\/p>\n<ul style=\"font-size: 16px;\">\n<li>Prod.: <strong>MAGICSPRINT450<\/strong><\/li>\n<li>Prod.: <strong>MAGICSPRINT900<\/strong><\/li>\n<\/ul>\n<p>[\/vc_column_text][\/vc_column_inner][\/vc_row_inner][vc_row_inner css=\u00bb.vc_custom_1613487994507{margin-bottom: 30px !important;}\u00bb][vc_column_inner css=\u00bb.vc_custom_1613488737581{margin-top: 0px !important;padding-top: 0px !important;padding-bottom: 0px !important;}\u00bb][vc_btn title=\u00bbDownload brochure\u00bb style=\u00bbcustom\u00bb custom_background=\u00bb#e30613&#8243; custom_text=\u00bb#ffffff\u00bb shape=\u00bbsquare\u00bb size=\u00bblg\u00bb align=\u00bbright\u00bb i_align=\u00bbright\u00bb i_icon_fontawesome=\u00bbfa fa-angle-right\u00bb add_icon=\u00bbtrue\u00bb link=\u00bburl:https%3A%2F%2Fwww.raytech.it%2Fbrochure%2Fes%2Fmagicgel-sprint-es.pdf|title:Download%20brochure|target:%20_blank|\u00bb css=\u00bb.vc_custom_1613495821798{margin-top: 0px !important;}\u00bb][\/vc_column_inner][\/vc_row_inner][\/vc_column][\/vc_row][vc_row gap=\u00bb20&#8243; content_placement=\u00bbtop\u00bb css=\u00bb.vc_custom_1613489056632{margin-top: 40px !important;margin-bottom: 40px !important;border-top-width: 1px !important;border-right-width: 1px !important;border-bottom-width: 1px !important;border-left-width: 1px !important;background-color: #ffffff !important;border-left-color: #cccccc !important;border-left-style: solid !important;border-right-color: #cccccc !important;border-right-style: solid !important;border-top-color: #cccccc !important;border-top-style: solid !important;border-bottom-color: #cccccc !important;border-bottom-style: solid !important;}\u00bb][vc_column css=\u00bb.vc_custom_1613488297655{padding-top: 0px !important;padding-bottom: 0px !important;}\u00bb][vc_row_inner gap=\u00bb20&#8243;][vc_column_inner width=\u00bb1\/3&#8243;][vc_single_image image=\u00bb25886&#8243; img_size=\u00bbfull\u00bb add_caption=\u00bbyes\u00bb alignment=\u00bbcenter\u00bb onclick=\u00bblink_image\u00bb][\/vc_column_inner][vc_column_inner width=\u00bb2\/3&#8243;][vc_column_text]<\/p>\n<h3>MAGIC GEL SPRINT BOX100<\/h3>\n<h4><b>KIT IP68<\/b><\/h4>\n<p style=\"font-size: 16px;\">Kit de conexi\u00f3n compuesto por gel aislante y sellante MAGIC GEL SPRINT, dimensiones caja IP55 100x100x50 mm y 3 prensaestopas.<\/p>\n<ul style=\"font-size: 16px;\">\n<li>Prod.: <strong>MAGICSPRINTBOX1<\/strong><\/li>\n<\/ul>\n<p>[\/vc_column_text][\/vc_column_inner][\/vc_row_inner][vc_row_inner css=\u00bb.vc_custom_1613487994507{margin-bottom: 30px !important;}\u00bb][vc_column_inner css=\u00bb.vc_custom_1613488737581{margin-top: 0px !important;padding-top: 0px !important;padding-bottom: 0px !important;}\u00bb][vc_btn title=\u00bbDownload brochure\u00bb style=\u00bbcustom\u00bb custom_background=\u00bb#e30613&#8243; custom_text=\u00bb#ffffff\u00bb shape=\u00bbsquare\u00bb size=\u00bblg\u00bb align=\u00bbright\u00bb i_align=\u00bbright\u00bb i_icon_fontawesome=\u00bbfa fa-angle-right\u00bb add_icon=\u00bbtrue\u00bb link=\u00bburl:https%3A%2F%2Fwww.raytech.it%2Fbrochure%2Fes%2Fmagicgel-sprint-es.pdf|title:Download%20brochure|target:%20_blank|\u00bb css=\u00bb.vc_custom_1613495821798{margin-top: 0px !important;}\u00bb][\/vc_column_inner][\/vc_row_inner][\/vc_column][\/vc_row]<\/p>\n<\/div>","protected":false},"excerpt":{"rendered":"<p>[vc_row full_width=\u00bbstretch_row_content_no_spaces\u00bb][vc_column][vc_raw_html]JTNDc3R5bGUlM0UlMEEudGhlX2NvbnRlbnRfd3JhcHBlciUyMHVsJTIwbGklMjAlN0IlMjBtYXJnaW4tYm90dG9tJTNBJTIwMCUzQiUyMCU3RCUyMCUwQSUzQyUyRnN0eWxlJTNF[\/vc_raw_html][vc_video link=\u00bbhttps:\/\/youtu.be\/xI52y7UQo6M\u00bb align=\u00bbcenter\u00bb][\/vc_column][\/vc_row][vc_row css=\u00bb.vc_custom_1566402928637{padding-bottom: 30px !important;}\u00bb][vc_column][vc_custom_heading text=\u00bbMAGIC GEL SPRINT LINE\u00bb font_container=\u00bbtag:h1|font_size:50px|text_align:center|color:%23292929|line_height:56px\u00bb use_theme_fonts=\u00bbyes\u00bb css=\u00bb.vc_custom_1613483869616{padding-top: 30px !important;}\u00bb][vc_custom_heading text=\u00bbGel aislante y sellante\u00bb font_container=\u00bbtag:h2|font_size:44px|text_align:center|color:%23292929|line_height:50px\u00bb use_theme_fonts=\u00bbyes\u00bb][vc_column_text] Magic Gel Sprint, gel aislante y sellante para<span class=\"excerpt-hellip\"> [\u2026]<\/span><\/p>\n","protected":false},"author":1,"featured_media":0,"parent":0,"menu_order":0,"comment_status":"closed","ping_status":"closed","template":"","meta":{"footnotes":""},"class_list":["post-13982","page","type-page","status-publish","hentry"],"yoast_head":"<!-- This site is optimized with the Yoast SEO plugin v26.5 - https:\/\/yoast.com\/wordpress\/plugins\/seo\/ -->\n<title>All in ONE Sealing Gel<\/title>\n<meta name=\"robots\" content=\"index, follow, max-snippet:-1, max-image-preview:large, max-video-preview:-1\" \/>\n<link rel=\"canonical\" href=\"https:\/\/www.raytech.it\/es\/magic-gel-sprint-landing\" \/>\n<meta property=\"og:locale\" content=\"es_ES\" \/>\n<meta property=\"og:type\" content=\"article\" \/>\n<meta property=\"og:title\" content=\"All in ONE Sealing Gel\" \/>\n<meta property=\"og:description\" content=\"[vc_row full_width=\u00bbstretch_row_content_no_spaces\u00bb][vc_column][vc_raw_html]JTNDc3R5bGUlM0UlMEEudGhlX2NvbnRlbnRfd3JhcHBlciUyMHVsJTIwbGklMjAlN0IlMjBtYXJnaW4tYm90dG9tJTNBJTIwMCUzQiUyMCU3RCUyMCUwQSUzQyUyRnN0eWxlJTNF[\/vc_raw_html][vc_video link=\u00bbhttps:\/\/youtu.be\/xI52y7UQo6M\u00bb align=\u00bbcenter\u00bb][\/vc_column][\/vc_row][vc_row css=\u00bb.vc_custom_1566402928637{padding-bottom: 30px !important;}\u00bb][vc_column][vc_custom_heading text=\u00bbMAGIC GEL SPRINT LINE\u00bb font_container=\u00bbtag:h1|font_size:50px|text_align:center|color:%23292929|line_height:56px\u00bb use_theme_fonts=\u00bbyes\u00bb css=\u00bb.vc_custom_1613483869616{padding-top: 30px !important;}\u00bb][vc_custom_heading text=\u00bbGel aislante y sellante\u00bb font_container=\u00bbtag:h2|font_size:44px|text_align:center|color:%23292929|line_height:50px\u00bb use_theme_fonts=\u00bbyes\u00bb][vc_column_text] Magic Gel Sprint, gel aislante y sellante para [\u2026]\" \/>\n<meta property=\"og:url\" content=\"https:\/\/www.raytech.it\/es\/magic-gel-sprint-landing\" \/>\n<meta property=\"og:site_name\" content=\"Raytech\" \/>\n<meta property=\"article:publisher\" content=\"https:\/\/www.facebook.com\/RaytechItaly\" \/>\n<meta property=\"article:modified_time\" content=\"2021-02-17T15:40:49+00:00\" \/>\n<meta property=\"og:image\" content=\"https:\/\/www.raytech.it\/wp-content\/uploads\/logo_raytech.png\" \/>\n\t<meta property=\"og:image:width\" content=\"188\" \/>\n\t<meta property=\"og:image:height\" content=\"101\" \/>\n\t<meta property=\"og:image:type\" content=\"image\/png\" \/>\n<meta name=\"twitter:card\" content=\"summary_large_image\" \/>\n<meta name=\"twitter:label1\" content=\"Tiempo de lectura\" \/>\n\t<meta name=\"twitter:data1\" content=\"3 minutos\" \/>\n<script type=\"application\/ld+json\" class=\"yoast-schema-graph\">{\"@context\":\"https:\/\/schema.org\",\"@graph\":[{\"@type\":\"WebPage\",\"@id\":\"https:\/\/www.raytech.it\/es\/magic-gel-sprint-landing\",\"url\":\"https:\/\/www.raytech.it\/es\/magic-gel-sprint-landing\",\"name\":\"All in ONE Sealing Gel\",\"isPartOf\":{\"@id\":\"https:\/\/www.raytech.it\/#website\"},\"datePublished\":\"2018-11-23T08:42:00+00:00\",\"dateModified\":\"2021-02-17T15:40:49+00:00\",\"breadcrumb\":{\"@id\":\"https:\/\/www.raytech.it\/es\/magic-gel-sprint-landing#breadcrumb\"},\"inLanguage\":\"es\",\"potentialAction\":[{\"@type\":\"ReadAction\",\"target\":[\"https:\/\/www.raytech.it\/es\/magic-gel-sprint-landing\"]}]},{\"@type\":\"BreadcrumbList\",\"@id\":\"https:\/\/www.raytech.it\/es\/magic-gel-sprint-landing#breadcrumb\",\"itemListElement\":[{\"@type\":\"ListItem\",\"position\":1,\"name\":\"Home\",\"item\":\"https:\/\/www.raytech.it\/es\"},{\"@type\":\"ListItem\",\"position\":2,\"name\":\"Magic Gel Sprint\"}]},{\"@type\":\"WebSite\",\"@id\":\"https:\/\/www.raytech.it\/#website\",\"url\":\"https:\/\/www.raytech.it\/\",\"name\":\"Raytech\",\"description\":\"Cable accessories company\",\"publisher\":{\"@id\":\"https:\/\/www.raytech.it\/#organization\"},\"potentialAction\":[{\"@type\":\"SearchAction\",\"target\":{\"@type\":\"EntryPoint\",\"urlTemplate\":\"https:\/\/www.raytech.it\/?s={search_term_string}\"},\"query-input\":{\"@type\":\"PropertyValueSpecification\",\"valueRequired\":true,\"valueName\":\"search_term_string\"}}],\"inLanguage\":\"es\"},{\"@type\":\"Organization\",\"@id\":\"https:\/\/www.raytech.it\/#organization\",\"name\":\"Raytech\",\"url\":\"https:\/\/www.raytech.it\/\",\"logo\":{\"@type\":\"ImageObject\",\"inLanguage\":\"es\",\"@id\":\"https:\/\/www.raytech.it\/#\/schema\/logo\/image\/\",\"url\":\"https:\/\/www.raytech.it\/wp-content\/uploads\/logo-raytech-2019-retina-3.png\",\"contentUrl\":\"https:\/\/www.raytech.it\/wp-content\/uploads\/logo-raytech-2019-retina-3.png\",\"width\":340,\"height\":90,\"caption\":\"Raytech\"},\"image\":{\"@id\":\"https:\/\/www.raytech.it\/#\/schema\/logo\/image\/\"},\"sameAs\":[\"https:\/\/www.facebook.com\/RaytechItaly\",\"https:\/\/www.instagram.com\/raytech_italy\/\",\"https:\/\/www.youtube.com\/user\/raytechitaly\",\"https:\/\/twitter.com\/Raytech_Italy\"]}]}<\/script>\n<!-- \/ Yoast SEO plugin. -->","yoast_head_json":{"title":"All in ONE Sealing Gel","robots":{"index":"index","follow":"follow","max-snippet":"max-snippet:-1","max-image-preview":"max-image-preview:large","max-video-preview":"max-video-preview:-1"},"canonical":"https:\/\/www.raytech.it\/es\/magic-gel-sprint-landing","og_locale":"es_ES","og_type":"article","og_title":"All in ONE Sealing Gel","og_description":"[vc_row full_width=\u00bbstretch_row_content_no_spaces\u00bb][vc_column][vc_raw_html]JTNDc3R5bGUlM0UlMEEudGhlX2NvbnRlbnRfd3JhcHBlciUyMHVsJTIwbGklMjAlN0IlMjBtYXJnaW4tYm90dG9tJTNBJTIwMCUzQiUyMCU3RCUyMCUwQSUzQyUyRnN0eWxlJTNF[\/vc_raw_html][vc_video link=\u00bbhttps:\/\/youtu.be\/xI52y7UQo6M\u00bb align=\u00bbcenter\u00bb][\/vc_column][\/vc_row][vc_row css=\u00bb.vc_custom_1566402928637{padding-bottom: 30px !important;}\u00bb][vc_column][vc_custom_heading text=\u00bbMAGIC GEL SPRINT LINE\u00bb font_container=\u00bbtag:h1|font_size:50px|text_align:center|color:%23292929|line_height:56px\u00bb use_theme_fonts=\u00bbyes\u00bb css=\u00bb.vc_custom_1613483869616{padding-top: 30px !important;}\u00bb][vc_custom_heading text=\u00bbGel aislante y sellante\u00bb font_container=\u00bbtag:h2|font_size:44px|text_align:center|color:%23292929|line_height:50px\u00bb use_theme_fonts=\u00bbyes\u00bb][vc_column_text] Magic Gel Sprint, gel aislante y sellante para [\u2026]","og_url":"https:\/\/www.raytech.it\/es\/magic-gel-sprint-landing","og_site_name":"Raytech","article_publisher":"https:\/\/www.facebook.com\/RaytechItaly","article_modified_time":"2021-02-17T15:40:49+00:00","og_image":[{"width":188,"height":101,"url":"https:\/\/www.raytech.it\/wp-content\/uploads\/logo_raytech.png","type":"image\/png"}],"twitter_card":"summary_large_image","twitter_misc":{"Tiempo de lectura":"3 minutos"},"schema":{"@context":"https:\/\/schema.org","@graph":[{"@type":"WebPage","@id":"https:\/\/www.raytech.it\/es\/magic-gel-sprint-landing","url":"https:\/\/www.raytech.it\/es\/magic-gel-sprint-landing","name":"All in ONE Sealing Gel","isPartOf":{"@id":"https:\/\/www.raytech.it\/#website"},"datePublished":"2018-11-23T08:42:00+00:00","dateModified":"2021-02-17T15:40:49+00:00","breadcrumb":{"@id":"https:\/\/www.raytech.it\/es\/magic-gel-sprint-landing#breadcrumb"},"inLanguage":"es","potentialAction":[{"@type":"ReadAction","target":["https:\/\/www.raytech.it\/es\/magic-gel-sprint-landing"]}]},{"@type":"BreadcrumbList","@id":"https:\/\/www.raytech.it\/es\/magic-gel-sprint-landing#breadcrumb","itemListElement":[{"@type":"ListItem","position":1,"name":"Home","item":"https:\/\/www.raytech.it\/es"},{"@type":"ListItem","position":2,"name":"Magic Gel Sprint"}]},{"@type":"WebSite","@id":"https:\/\/www.raytech.it\/#website","url":"https:\/\/www.raytech.it\/","name":"Raytech","description":"Cable accessories company","publisher":{"@id":"https:\/\/www.raytech.it\/#organization"},"potentialAction":[{"@type":"SearchAction","target":{"@type":"EntryPoint","urlTemplate":"https:\/\/www.raytech.it\/?s={search_term_string}"},"query-input":{"@type":"PropertyValueSpecification","valueRequired":true,"valueName":"search_term_string"}}],"inLanguage":"es"},{"@type":"Organization","@id":"https:\/\/www.raytech.it\/#organization","name":"Raytech","url":"https:\/\/www.raytech.it\/","logo":{"@type":"ImageObject","inLanguage":"es","@id":"https:\/\/www.raytech.it\/#\/schema\/logo\/image\/","url":"https:\/\/www.raytech.it\/wp-content\/uploads\/logo-raytech-2019-retina-3.png","contentUrl":"https:\/\/www.raytech.it\/wp-content\/uploads\/logo-raytech-2019-retina-3.png","width":340,"height":90,"caption":"Raytech"},"image":{"@id":"https:\/\/www.raytech.it\/#\/schema\/logo\/image\/"},"sameAs":["https:\/\/www.facebook.com\/RaytechItaly","https:\/\/www.instagram.com\/raytech_italy\/","https:\/\/www.youtube.com\/user\/raytechitaly","https:\/\/twitter.com\/Raytech_Italy"]}]}},"_links":{"self":[{"href":"https:\/\/www.raytech.it\/es\/wp-json\/wp\/v2\/pages\/13982","targetHints":{"allow":["GET"]}}],"collection":[{"href":"https:\/\/www.raytech.it\/es\/wp-json\/wp\/v2\/pages"}],"about":[{"href":"https:\/\/www.raytech.it\/es\/wp-json\/wp\/v2\/types\/page"}],"author":[{"embeddable":true,"href":"https:\/\/www.raytech.it\/es\/wp-json\/wp\/v2\/users\/1"}],"replies":[{"embeddable":true,"href":"https:\/\/www.raytech.it\/es\/wp-json\/wp\/v2\/comments?post=13982"}],"version-history":[{"count":3,"href":"https:\/\/www.raytech.it\/es\/wp-json\/wp\/v2\/pages\/13982\/revisions"}],"predecessor-version":[{"id":26188,"href":"https:\/\/www.raytech.it\/es\/wp-json\/wp\/v2\/pages\/13982\/revisions\/26188"}],"wp:attachment":[{"href":"https:\/\/www.raytech.it\/es\/wp-json\/wp\/v2\/media?parent=13982"}],"curies":[{"name":"wp","href":"https:\/\/api.w.org\/{rel}","templated":true}]}}