{"id":7141,"date":"2015-01-12T15:41:57","date_gmt":"2015-01-12T15:41:57","guid":{"rendered":"https:\/\/www.raytech.it\/?page_id=7141&#038;lang=es"},"modified":"2019-08-26T13:10:34","modified_gmt":"2019-08-26T13:10:34","slug":"quienes-somos","status":"publish","type":"page","link":"https:\/\/www.raytech.it\/es\/quienes-somos","title":{"rendered":"Qui\u00e9nes somos"},"content":{"rendered":"<div class=\"wpb-content-wrapper\"><p>[vc_row][vc_column][vc_custom_heading text=\u00bbRaytech, 25 a\u00f1os de investigaci\u00f3n y desarrollo\u00bb font_container=\u00bbtag:h1|font_size:32px|text_align:left|color:%23e30613|line_height:38px\u00bb use_theme_fonts=\u00bbyes\u00bb css=\u00bb.vc_custom_1566815828573{margin-bottom: 30px !important;}\u00bb][vc_row_inner css=\u00bb.vc_custom_1566477115710{padding-bottom: 30px !important;}\u00bb][vc_column_inner width=\u00bb1\/4&#8243;][vc_single_image image=\u00bb18691&#8243; img_size=\u00bbfull\u00bb add_caption=\u00bbyes\u00bb alignment=\u00bbcenter\u00bb][vc_single_image image=\u00bb18698&#8243; img_size=\u00bbfull\u00bb add_caption=\u00bbyes\u00bb alignment=\u00bbcenter\u00bb css=\u00bb.vc_custom_1566827271579{margin-top: 30px !important;}\u00bb][\/vc_column_inner][vc_column_inner width=\u00bb3\/4&#8243;][vc_column_text]Situada en las inmediaciones de Mil\u00e1n, el \u00e1rea econ\u00f3mica-financiera m\u00e1s importante de Italia,\u00a0<em><span style=\"color: #ff0000;\"><strong>Raytech<\/strong><\/span>\u00a0<\/em>es a nivel productivo\u00a0<strong>la sociedad con el rango m\u00e1s amplio de accesorios y componentes para cables el\u00e9ctricos de todo el mundo<\/strong>.<\/p>\n<p>La pasi\u00f3n por el dise\u00f1o y la innovaci\u00f3n han permitido a Raytech evolucionar y adecuarse a las exigencias y normativas de un mercado nacional e internacional constantemente en expansi\u00f3n, y de tomar el desaf\u00edo de satisfacer y sorprender al usuario final con productos nuevos o mejorados con respecto a los existentes, en un tiempo extremadamente r\u00e1pido, sin escatimar sobre un sistema de calidad diligente que se caracteriza desde siempre en el \u00e1mbito de la producci\u00f3n.<\/p>\n<p>Los resultados t\u00e9cnicos de los productos Raytech son probados y certificados en nuestro laboratorio para garantizar la m\u00e1xima fiabilidad a los instaladores m\u00e1s exigentes, que pueden encontrar nuestros art\u00edculos en 36 pa\u00edses del mundo, gracias a una red de distribuci\u00f3n consolidada y altamente cualificada.<\/p>\n<p>En un mercado cada vez m\u00e1s r\u00e1pido y competitivo Raytech es conocida como una adelantada de las mejores e inventivas tecnolog\u00edas, por la integridad y la pasi\u00f3n que son los puntos fuertes de su actividad vicenal.[\/vc_column_text][\/vc_column_inner][\/vc_row_inner][\/vc_column][\/vc_row]<\/p>\n<\/div>","protected":false},"excerpt":{"rendered":"<p>[vc_row][vc_column][vc_custom_heading text=\u00bbRaytech, 25 a\u00f1os de investigaci\u00f3n y desarrollo\u00bb font_container=\u00bbtag:h1|font_size:32px|text_align:left|color:%23e30613|line_height:38px\u00bb use_theme_fonts=\u00bbyes\u00bb css=\u00bb.vc_custom_1566815828573{margin-bottom: 30px !important;}\u00bb][vc_row_inner css=\u00bb.vc_custom_1566477115710{padding-bottom: 30px !important;}\u00bb][vc_column_inner width=\u00bb1\/4&#8243;][vc_single_image image=\u00bb18691&#8243; img_size=\u00bbfull\u00bb add_caption=\u00bbyes\u00bb alignment=\u00bbcenter\u00bb][vc_single_image image=\u00bb18698&#8243; img_size=\u00bbfull\u00bb add_caption=\u00bbyes\u00bb alignment=\u00bbcenter\u00bb css=\u00bb.vc_custom_1566827271579{margin-top: 30px !important;}\u00bb][\/vc_column_inner][vc_column_inner width=\u00bb3\/4&#8243;][vc_column_text]Situada en<span class=\"excerpt-hellip\"> [\u2026]<\/span><\/p>\n","protected":false},"author":1,"featured_media":0,"parent":0,"menu_order":0,"comment_status":"closed","ping_status":"open","template":"","meta":{"footnotes":""},"class_list":["post-7141","page","type-page","status-publish","hentry"],"yoast_head":"<!-- This site is optimized with the Yoast SEO plugin v26.5 - https:\/\/yoast.com\/wordpress\/plugins\/seo\/ -->\n<title>Qui\u00e9nes somos | Raytech<\/title>\n<meta name=\"robots\" content=\"index, follow, max-snippet:-1, max-image-preview:large, max-video-preview:-1\" \/>\n<link rel=\"canonical\" href=\"https:\/\/www.raytech.it\/es\/quienes-somos\" \/>\n<meta property=\"og:locale\" content=\"es_ES\" \/>\n<meta property=\"og:type\" content=\"article\" \/>\n<meta property=\"og:title\" content=\"Qui\u00e9nes somos | Raytech\" \/>\n<meta property=\"og:description\" content=\"[vc_row][vc_column][vc_custom_heading text=\u00bbRaytech, 25 a\u00f1os de investigaci\u00f3n y desarrollo\u00bb font_container=\u00bbtag:h1|font_size:32px|text_align:left|color:%23e30613|line_height:38px\u00bb use_theme_fonts=\u00bbyes\u00bb css=\u00bb.vc_custom_1566815828573{margin-bottom: 30px !important;}\u00bb][vc_row_inner css=\u00bb.vc_custom_1566477115710{padding-bottom: 30px !important;}\u00bb][vc_column_inner width=\u00bb1\/4&#8243;][vc_single_image image=\u00bb18691&#8243; img_size=\u00bbfull\u00bb add_caption=\u00bbyes\u00bb alignment=\u00bbcenter\u00bb][vc_single_image image=\u00bb18698&#8243; img_size=\u00bbfull\u00bb add_caption=\u00bbyes\u00bb alignment=\u00bbcenter\u00bb css=\u00bb.vc_custom_1566827271579{margin-top: 30px !important;}\u00bb][\/vc_column_inner][vc_column_inner width=\u00bb3\/4&#8243;][vc_column_text]Situada en [\u2026]\" \/>\n<meta property=\"og:url\" content=\"https:\/\/www.raytech.it\/es\/quienes-somos\" \/>\n<meta property=\"og:site_name\" content=\"Raytech\" \/>\n<meta property=\"article:publisher\" content=\"https:\/\/www.facebook.com\/RaytechItaly\" \/>\n<meta property=\"article:modified_time\" content=\"2019-08-26T13:10:34+00:00\" \/>\n<meta property=\"og:image\" content=\"https:\/\/www.raytech.it\/wp-content\/uploads\/logo_raytech.png\" \/>\n\t<meta property=\"og:image:width\" content=\"188\" \/>\n\t<meta property=\"og:image:height\" content=\"101\" \/>\n\t<meta property=\"og:image:type\" content=\"image\/png\" \/>\n<meta name=\"twitter:card\" content=\"summary_large_image\" \/>\n<meta name=\"twitter:label1\" content=\"Tiempo de lectura\" \/>\n\t<meta name=\"twitter:data1\" content=\"2 minutos\" \/>\n<script type=\"application\/ld+json\" class=\"yoast-schema-graph\">{\"@context\":\"https:\/\/schema.org\",\"@graph\":[{\"@type\":\"WebPage\",\"@id\":\"https:\/\/www.raytech.it\/es\/quienes-somos\",\"url\":\"https:\/\/www.raytech.it\/es\/quienes-somos\",\"name\":\"Qui\u00e9nes somos | Raytech\",\"isPartOf\":{\"@id\":\"https:\/\/www.raytech.it\/#website\"},\"datePublished\":\"2015-01-12T15:41:57+00:00\",\"dateModified\":\"2019-08-26T13:10:34+00:00\",\"breadcrumb\":{\"@id\":\"https:\/\/www.raytech.it\/es\/quienes-somos#breadcrumb\"},\"inLanguage\":\"es\",\"potentialAction\":[{\"@type\":\"ReadAction\",\"target\":[\"https:\/\/www.raytech.it\/es\/quienes-somos\"]}]},{\"@type\":\"BreadcrumbList\",\"@id\":\"https:\/\/www.raytech.it\/es\/quienes-somos#breadcrumb\",\"itemListElement\":[{\"@type\":\"ListItem\",\"position\":1,\"name\":\"Home\",\"item\":\"https:\/\/www.raytech.it\/es\"},{\"@type\":\"ListItem\",\"position\":2,\"name\":\"Qui\u00e9nes somos\"}]},{\"@type\":\"WebSite\",\"@id\":\"https:\/\/www.raytech.it\/#website\",\"url\":\"https:\/\/www.raytech.it\/\",\"name\":\"Raytech\",\"description\":\"Cable accessories company\",\"publisher\":{\"@id\":\"https:\/\/www.raytech.it\/#organization\"},\"potentialAction\":[{\"@type\":\"SearchAction\",\"target\":{\"@type\":\"EntryPoint\",\"urlTemplate\":\"https:\/\/www.raytech.it\/?s={search_term_string}\"},\"query-input\":{\"@type\":\"PropertyValueSpecification\",\"valueRequired\":true,\"valueName\":\"search_term_string\"}}],\"inLanguage\":\"es\"},{\"@type\":\"Organization\",\"@id\":\"https:\/\/www.raytech.it\/#organization\",\"name\":\"Raytech\",\"url\":\"https:\/\/www.raytech.it\/\",\"logo\":{\"@type\":\"ImageObject\",\"inLanguage\":\"es\",\"@id\":\"https:\/\/www.raytech.it\/#\/schema\/logo\/image\/\",\"url\":\"https:\/\/www.raytech.it\/wp-content\/uploads\/logo-raytech-2019-retina-3.png\",\"contentUrl\":\"https:\/\/www.raytech.it\/wp-content\/uploads\/logo-raytech-2019-retina-3.png\",\"width\":340,\"height\":90,\"caption\":\"Raytech\"},\"image\":{\"@id\":\"https:\/\/www.raytech.it\/#\/schema\/logo\/image\/\"},\"sameAs\":[\"https:\/\/www.facebook.com\/RaytechItaly\",\"https:\/\/www.instagram.com\/raytech_italy\/\",\"https:\/\/www.youtube.com\/user\/raytechitaly\",\"https:\/\/twitter.com\/Raytech_Italy\"]}]}<\/script>\n<!-- \/ Yoast SEO plugin. -->","yoast_head_json":{"title":"Qui\u00e9nes somos | Raytech","robots":{"index":"index","follow":"follow","max-snippet":"max-snippet:-1","max-image-preview":"max-image-preview:large","max-video-preview":"max-video-preview:-1"},"canonical":"https:\/\/www.raytech.it\/es\/quienes-somos","og_locale":"es_ES","og_type":"article","og_title":"Qui\u00e9nes somos | Raytech","og_description":"[vc_row][vc_column][vc_custom_heading text=\u00bbRaytech, 25 a\u00f1os de investigaci\u00f3n y desarrollo\u00bb font_container=\u00bbtag:h1|font_size:32px|text_align:left|color:%23e30613|line_height:38px\u00bb use_theme_fonts=\u00bbyes\u00bb css=\u00bb.vc_custom_1566815828573{margin-bottom: 30px !important;}\u00bb][vc_row_inner css=\u00bb.vc_custom_1566477115710{padding-bottom: 30px !important;}\u00bb][vc_column_inner width=\u00bb1\/4&#8243;][vc_single_image image=\u00bb18691&#8243; img_size=\u00bbfull\u00bb add_caption=\u00bbyes\u00bb alignment=\u00bbcenter\u00bb][vc_single_image image=\u00bb18698&#8243; img_size=\u00bbfull\u00bb add_caption=\u00bbyes\u00bb alignment=\u00bbcenter\u00bb css=\u00bb.vc_custom_1566827271579{margin-top: 30px !important;}\u00bb][\/vc_column_inner][vc_column_inner width=\u00bb3\/4&#8243;][vc_column_text]Situada en [\u2026]","og_url":"https:\/\/www.raytech.it\/es\/quienes-somos","og_site_name":"Raytech","article_publisher":"https:\/\/www.facebook.com\/RaytechItaly","article_modified_time":"2019-08-26T13:10:34+00:00","og_image":[{"width":188,"height":101,"url":"https:\/\/www.raytech.it\/wp-content\/uploads\/logo_raytech.png","type":"image\/png"}],"twitter_card":"summary_large_image","twitter_misc":{"Tiempo de lectura":"2 minutos"},"schema":{"@context":"https:\/\/schema.org","@graph":[{"@type":"WebPage","@id":"https:\/\/www.raytech.it\/es\/quienes-somos","url":"https:\/\/www.raytech.it\/es\/quienes-somos","name":"Qui\u00e9nes somos | Raytech","isPartOf":{"@id":"https:\/\/www.raytech.it\/#website"},"datePublished":"2015-01-12T15:41:57+00:00","dateModified":"2019-08-26T13:10:34+00:00","breadcrumb":{"@id":"https:\/\/www.raytech.it\/es\/quienes-somos#breadcrumb"},"inLanguage":"es","potentialAction":[{"@type":"ReadAction","target":["https:\/\/www.raytech.it\/es\/quienes-somos"]}]},{"@type":"BreadcrumbList","@id":"https:\/\/www.raytech.it\/es\/quienes-somos#breadcrumb","itemListElement":[{"@type":"ListItem","position":1,"name":"Home","item":"https:\/\/www.raytech.it\/es"},{"@type":"ListItem","position":2,"name":"Qui\u00e9nes somos"}]},{"@type":"WebSite","@id":"https:\/\/www.raytech.it\/#website","url":"https:\/\/www.raytech.it\/","name":"Raytech","description":"Cable accessories company","publisher":{"@id":"https:\/\/www.raytech.it\/#organization"},"potentialAction":[{"@type":"SearchAction","target":{"@type":"EntryPoint","urlTemplate":"https:\/\/www.raytech.it\/?s={search_term_string}"},"query-input":{"@type":"PropertyValueSpecification","valueRequired":true,"valueName":"search_term_string"}}],"inLanguage":"es"},{"@type":"Organization","@id":"https:\/\/www.raytech.it\/#organization","name":"Raytech","url":"https:\/\/www.raytech.it\/","logo":{"@type":"ImageObject","inLanguage":"es","@id":"https:\/\/www.raytech.it\/#\/schema\/logo\/image\/","url":"https:\/\/www.raytech.it\/wp-content\/uploads\/logo-raytech-2019-retina-3.png","contentUrl":"https:\/\/www.raytech.it\/wp-content\/uploads\/logo-raytech-2019-retina-3.png","width":340,"height":90,"caption":"Raytech"},"image":{"@id":"https:\/\/www.raytech.it\/#\/schema\/logo\/image\/"},"sameAs":["https:\/\/www.facebook.com\/RaytechItaly","https:\/\/www.instagram.com\/raytech_italy\/","https:\/\/www.youtube.com\/user\/raytechitaly","https:\/\/twitter.com\/Raytech_Italy"]}]}},"_links":{"self":[{"href":"https:\/\/www.raytech.it\/es\/wp-json\/wp\/v2\/pages\/7141","targetHints":{"allow":["GET"]}}],"collection":[{"href":"https:\/\/www.raytech.it\/es\/wp-json\/wp\/v2\/pages"}],"about":[{"href":"https:\/\/www.raytech.it\/es\/wp-json\/wp\/v2\/types\/page"}],"author":[{"embeddable":true,"href":"https:\/\/www.raytech.it\/es\/wp-json\/wp\/v2\/users\/1"}],"replies":[{"embeddable":true,"href":"https:\/\/www.raytech.it\/es\/wp-json\/wp\/v2\/comments?post=7141"}],"version-history":[{"count":0,"href":"https:\/\/www.raytech.it\/es\/wp-json\/wp\/v2\/pages\/7141\/revisions"}],"wp:attachment":[{"href":"https:\/\/www.raytech.it\/es\/wp-json\/wp\/v2\/media?parent=7141"}],"curies":[{"name":"wp","href":"https:\/\/api.w.org\/{rel}","templated":true}]}}