{"id":7144,"date":"2015-09-17T08:41:32","date_gmt":"2015-09-17T08:41:32","guid":{"rendered":"https:\/\/www.raytech.it\/?page_id=7144&#038;lang=es"},"modified":"2025-01-29T10:47:54","modified_gmt":"2025-01-29T09:47:54","slug":"empresa-2","status":"publish","type":"page","link":"https:\/\/www.raytech.it\/es\/quienes-somos\/empresa-2","title":{"rendered":"Empresa"},"content":{"rendered":"<div class=\"wpb-content-wrapper\"><p>[vc_row css=\u00bb.vc_custom_1564757943622{margin-bottom: 20px !important;}\u00bb][vc_column][vc_custom_heading text=\u00bb30 a\u00f1os de excelencia\u00bb font_container=\u00bbtag:h1|font_size:32px|text_align:left|color:%23e30613|line_height:38px\u00bb use_theme_fonts=\u00bbyes\u00bb css=\u00bb.vc_custom_1728638528500{margin-bottom: 30px !important;}\u00bb][vc_row_inner][vc_column_inner width=\u00bb1\/4&#8243;][vc_single_image image=\u00bb38308&#8243; img_size=\u00bbfull\u00bb add_caption=\u00bbyes\u00bb alignment=\u00bbcenter\u00bb css=\u00bb\u00bb][vc_btn title=\u00bbDescargar la certificaci\u00f3n\u00bb style=\u00bbcustom\u00bb custom_background=\u00bb#e30613&#8243; custom_text=\u00bb#ffffff\u00bb shape=\u00bbsquare\u00bb align=\u00bbcenter\u00bb i_align=\u00bbright\u00bb i_icon_fontawesome=\u00bbfa fa-file-pdf-o\u00bb css=\u00bb.vc_custom_1702470752815{margin-top: 30px !important;margin-bottom: 60px !important;}\u00bb add_icon=\u00bbtrue\u00bb link=\u00bburl:https%3A%2F%2Fwww.raytech.it%2Fwp-content%2Fuploads%2Fraytech-srl-ecovadis-rating-certificate-2023-12-13-eng.pdf||target:%20_blank|\u00bb][vc_single_image image=\u00bb18691&#8243; img_size=\u00bbfull\u00bb add_caption=\u00bbyes\u00bb alignment=\u00bbcenter\u00bb css=\u00bb.vc_custom_1702470658132{margin-top: 60px !important;}\u00bb][\/vc_column_inner][vc_column_inner width=\u00bb3\/4&#8243;][vc_single_image image=\u00bb36140&#8243; img_size=\u00bbfull\u00bb add_caption=\u00bbyes\u00bb alignment=\u00bbcenter\u00bb css=\u00bb\u00bb][vc_column_text css=\u00bb\u00bb]Este a\u00f1o celebramos un hito importante: 30 a\u00f1os de innovaci\u00f3n, calidad y compromiso con la excelencia. Desde 1995, hemos dedicado cada d\u00eda a mejorar nuestros productos y servicios para satisfacer las necesidades de nuestros clientes y contribuir a un futuro sostenible.<\/p>\n<p><strong>Nuestro compromiso con la Calidad,la Seguridad y el Medio Ambiente<\/strong><br \/>\nEstamos orgullosos de seguir manteniendo las certificaciones ISO, que atestiguan nuestro compromiso permanente con la calidad y la fiabilidad, respetando el medio ambiente y garantizando la seguridad de nuestras partes interesadas. Estas distinciones son el resultado de rigurosos controles y de un enfoque sistem\u00e1tico para garantizar que cada producto que sale de nuestra f\u00e1brica cumple las m\u00e1s estrictas normas internacionales.<\/p>\n<p><strong>Reconocimiento a la Sostenibilidad<\/strong><br \/>\nNuestra atenci\u00f3n a la sostenibilidad fue galardonada con la Medalla de Plata 2023 por EcoVadis, proveedor l\u00edder de evaluaciones de responsabilidad social corporativa. Este reconocimiento atestigua nuestros esfuerzos por reducir el impacto ambiental, mejorar las condiciones laborales y promover pr\u00e1cticas \u00e9ticas en toda nuestra cadena de suministro.<\/p>\n<p><strong>De Cara al futuro<\/strong><br \/>\nMientras celebramos estos 30 a\u00f1os de \u00e9xitos, miramos al futuro con entusiasmo y determinaci\u00f3n. Seguiremos innovando, escuchando a nuestros clientes e invirtiendo en nuestra gente, porque son el verdadero motor de nuestra empresa.<\/p>\n<p><strong>Gracias a Ustedes<\/strong><br \/>\nNuestro \u00e9xito se debe a quienes han cre\u00eddo en nosotros y sigue haci\u00e9ndolo: empleados, clientes, proveedores y socios. Sin su apoyo, este viaje no habr\u00eda sido posible y no podr\u00eda continuar. Le invitamos a descubrir este cat\u00e1logo y hallar las \u00faltimas innovaciones y proyectos que nos entusiasman de cara al futuro.<br \/>\n<strong>Con gratitud y esperanza<\/strong>[\/vc_column_text][\/vc_column_inner][\/vc_row_inner][\/vc_column][\/vc_row]<\/p>\n<\/div>","protected":false},"excerpt":{"rendered":"<p>[vc_row css=\u00bb.vc_custom_1564757943622{margin-bottom: 20px !important;}\u00bb][vc_column][vc_custom_heading text=\u00bb30 a\u00f1os de excelencia\u00bb font_container=\u00bbtag:h1|font_size:32px|text_align:left|color:%23e30613|line_height:38px\u00bb use_theme_fonts=\u00bbyes\u00bb css=\u00bb.vc_custom_1728638528500{margin-bottom: 30px !important;}\u00bb][vc_row_inner][vc_column_inner width=\u00bb1\/4&#8243;][vc_single_image image=\u00bb38308&#8243; img_size=\u00bbfull\u00bb add_caption=\u00bbyes\u00bb alignment=\u00bbcenter\u00bb css=\u00bb\u00bb][vc_btn title=\u00bbDescargar la certificaci\u00f3n\u00bb style=\u00bbcustom\u00bb custom_background=\u00bb#e30613&#8243; custom_text=\u00bb#ffffff\u00bb shape=\u00bbsquare\u00bb align=\u00bbcenter\u00bb i_align=\u00bbright\u00bb i_icon_fontawesome=\u00bbfa fa-file-pdf-o\u00bb<span class=\"excerpt-hellip\"> [\u2026]<\/span><\/p>\n","protected":false},"author":1,"featured_media":0,"parent":7141,"menu_order":1,"comment_status":"closed","ping_status":"closed","template":"","meta":{"footnotes":""},"class_list":["post-7144","page","type-page","status-publish","hentry"],"yoast_head":"<!-- This site is optimized with the Yoast SEO plugin v26.5 - https:\/\/yoast.com\/wordpress\/plugins\/seo\/ -->\n<title>Empresa | Raytech<\/title>\n<meta name=\"robots\" content=\"index, follow, max-snippet:-1, max-image-preview:large, max-video-preview:-1\" \/>\n<link rel=\"canonical\" href=\"https:\/\/www.raytech.it\/es\/quienes-somos\/empresa-2\" \/>\n<meta property=\"og:locale\" content=\"es_ES\" \/>\n<meta property=\"og:type\" content=\"article\" \/>\n<meta property=\"og:title\" content=\"Empresa | Raytech\" \/>\n<meta property=\"og:description\" content=\"[vc_row css=\u00bb.vc_custom_1564757943622{margin-bottom: 20px !important;}\u00bb][vc_column][vc_custom_heading text=\u00bb30 a\u00f1os de excelencia\u00bb font_container=\u00bbtag:h1|font_size:32px|text_align:left|color:%23e30613|line_height:38px\u00bb use_theme_fonts=\u00bbyes\u00bb css=\u00bb.vc_custom_1728638528500{margin-bottom: 30px !important;}\u00bb][vc_row_inner][vc_column_inner width=\u00bb1\/4&#8243;][vc_single_image image=\u00bb38308&#8243; img_size=\u00bbfull\u00bb add_caption=\u00bbyes\u00bb alignment=\u00bbcenter\u00bb css=\u00bb\u00bb][vc_btn title=\u00bbDescargar la certificaci\u00f3n\u00bb style=\u00bbcustom\u00bb custom_background=\u00bb#e30613&#8243; custom_text=\u00bb#ffffff\u00bb shape=\u00bbsquare\u00bb align=\u00bbcenter\u00bb i_align=\u00bbright\u00bb i_icon_fontawesome=\u00bbfa fa-file-pdf-o\u00bb [\u2026]\" \/>\n<meta property=\"og:url\" content=\"https:\/\/www.raytech.it\/es\/quienes-somos\/empresa-2\" \/>\n<meta property=\"og:site_name\" content=\"Raytech\" \/>\n<meta property=\"article:publisher\" content=\"https:\/\/www.facebook.com\/RaytechItaly\" \/>\n<meta property=\"article:modified_time\" content=\"2025-01-29T09:47:54+00:00\" \/>\n<meta property=\"og:image\" content=\"https:\/\/www.raytech.it\/wp-content\/uploads\/logo_raytech.png\" \/>\n\t<meta property=\"og:image:width\" content=\"188\" \/>\n\t<meta property=\"og:image:height\" content=\"101\" \/>\n\t<meta property=\"og:image:type\" content=\"image\/png\" \/>\n<meta name=\"twitter:card\" content=\"summary_large_image\" \/>\n<meta name=\"twitter:label1\" content=\"Tiempo de lectura\" \/>\n\t<meta name=\"twitter:data1\" content=\"3 minutos\" \/>\n<script type=\"application\/ld+json\" class=\"yoast-schema-graph\">{\"@context\":\"https:\/\/schema.org\",\"@graph\":[{\"@type\":\"WebPage\",\"@id\":\"https:\/\/www.raytech.it\/es\/quienes-somos\/empresa-2\",\"url\":\"https:\/\/www.raytech.it\/es\/quienes-somos\/empresa-2\",\"name\":\"Empresa | Raytech\",\"isPartOf\":{\"@id\":\"https:\/\/www.raytech.it\/#website\"},\"datePublished\":\"2015-09-17T08:41:32+00:00\",\"dateModified\":\"2025-01-29T09:47:54+00:00\",\"breadcrumb\":{\"@id\":\"https:\/\/www.raytech.it\/es\/quienes-somos\/empresa-2#breadcrumb\"},\"inLanguage\":\"es\",\"potentialAction\":[{\"@type\":\"ReadAction\",\"target\":[\"https:\/\/www.raytech.it\/es\/quienes-somos\/empresa-2\"]}]},{\"@type\":\"BreadcrumbList\",\"@id\":\"https:\/\/www.raytech.it\/es\/quienes-somos\/empresa-2#breadcrumb\",\"itemListElement\":[{\"@type\":\"ListItem\",\"position\":1,\"name\":\"Home\",\"item\":\"https:\/\/www.raytech.it\/es\"},{\"@type\":\"ListItem\",\"position\":2,\"name\":\"Qui\u00e9nes somos\",\"item\":\"https:\/\/www.raytech.it\/es\/quienes-somos\"},{\"@type\":\"ListItem\",\"position\":3,\"name\":\"Empresa\"}]},{\"@type\":\"WebSite\",\"@id\":\"https:\/\/www.raytech.it\/#website\",\"url\":\"https:\/\/www.raytech.it\/\",\"name\":\"Raytech\",\"description\":\"Cable accessories company\",\"publisher\":{\"@id\":\"https:\/\/www.raytech.it\/#organization\"},\"potentialAction\":[{\"@type\":\"SearchAction\",\"target\":{\"@type\":\"EntryPoint\",\"urlTemplate\":\"https:\/\/www.raytech.it\/?s={search_term_string}\"},\"query-input\":{\"@type\":\"PropertyValueSpecification\",\"valueRequired\":true,\"valueName\":\"search_term_string\"}}],\"inLanguage\":\"es\"},{\"@type\":\"Organization\",\"@id\":\"https:\/\/www.raytech.it\/#organization\",\"name\":\"Raytech\",\"url\":\"https:\/\/www.raytech.it\/\",\"logo\":{\"@type\":\"ImageObject\",\"inLanguage\":\"es\",\"@id\":\"https:\/\/www.raytech.it\/#\/schema\/logo\/image\/\",\"url\":\"https:\/\/www.raytech.it\/wp-content\/uploads\/logo-raytech-2019-retina-3.png\",\"contentUrl\":\"https:\/\/www.raytech.it\/wp-content\/uploads\/logo-raytech-2019-retina-3.png\",\"width\":340,\"height\":90,\"caption\":\"Raytech\"},\"image\":{\"@id\":\"https:\/\/www.raytech.it\/#\/schema\/logo\/image\/\"},\"sameAs\":[\"https:\/\/www.facebook.com\/RaytechItaly\",\"https:\/\/www.instagram.com\/raytech_italy\/\",\"https:\/\/www.youtube.com\/user\/raytechitaly\",\"https:\/\/twitter.com\/Raytech_Italy\"]}]}<\/script>\n<!-- \/ Yoast SEO plugin. -->","yoast_head_json":{"title":"Empresa | Raytech","robots":{"index":"index","follow":"follow","max-snippet":"max-snippet:-1","max-image-preview":"max-image-preview:large","max-video-preview":"max-video-preview:-1"},"canonical":"https:\/\/www.raytech.it\/es\/quienes-somos\/empresa-2","og_locale":"es_ES","og_type":"article","og_title":"Empresa | Raytech","og_description":"[vc_row css=\u00bb.vc_custom_1564757943622{margin-bottom: 20px !important;}\u00bb][vc_column][vc_custom_heading text=\u00bb30 a\u00f1os de excelencia\u00bb font_container=\u00bbtag:h1|font_size:32px|text_align:left|color:%23e30613|line_height:38px\u00bb use_theme_fonts=\u00bbyes\u00bb css=\u00bb.vc_custom_1728638528500{margin-bottom: 30px !important;}\u00bb][vc_row_inner][vc_column_inner width=\u00bb1\/4&#8243;][vc_single_image image=\u00bb38308&#8243; img_size=\u00bbfull\u00bb add_caption=\u00bbyes\u00bb alignment=\u00bbcenter\u00bb css=\u00bb\u00bb][vc_btn title=\u00bbDescargar la certificaci\u00f3n\u00bb style=\u00bbcustom\u00bb custom_background=\u00bb#e30613&#8243; custom_text=\u00bb#ffffff\u00bb shape=\u00bbsquare\u00bb align=\u00bbcenter\u00bb i_align=\u00bbright\u00bb i_icon_fontawesome=\u00bbfa fa-file-pdf-o\u00bb [\u2026]","og_url":"https:\/\/www.raytech.it\/es\/quienes-somos\/empresa-2","og_site_name":"Raytech","article_publisher":"https:\/\/www.facebook.com\/RaytechItaly","article_modified_time":"2025-01-29T09:47:54+00:00","og_image":[{"width":188,"height":101,"url":"https:\/\/www.raytech.it\/wp-content\/uploads\/logo_raytech.png","type":"image\/png"}],"twitter_card":"summary_large_image","twitter_misc":{"Tiempo de lectura":"3 minutos"},"schema":{"@context":"https:\/\/schema.org","@graph":[{"@type":"WebPage","@id":"https:\/\/www.raytech.it\/es\/quienes-somos\/empresa-2","url":"https:\/\/www.raytech.it\/es\/quienes-somos\/empresa-2","name":"Empresa | Raytech","isPartOf":{"@id":"https:\/\/www.raytech.it\/#website"},"datePublished":"2015-09-17T08:41:32+00:00","dateModified":"2025-01-29T09:47:54+00:00","breadcrumb":{"@id":"https:\/\/www.raytech.it\/es\/quienes-somos\/empresa-2#breadcrumb"},"inLanguage":"es","potentialAction":[{"@type":"ReadAction","target":["https:\/\/www.raytech.it\/es\/quienes-somos\/empresa-2"]}]},{"@type":"BreadcrumbList","@id":"https:\/\/www.raytech.it\/es\/quienes-somos\/empresa-2#breadcrumb","itemListElement":[{"@type":"ListItem","position":1,"name":"Home","item":"https:\/\/www.raytech.it\/es"},{"@type":"ListItem","position":2,"name":"Qui\u00e9nes somos","item":"https:\/\/www.raytech.it\/es\/quienes-somos"},{"@type":"ListItem","position":3,"name":"Empresa"}]},{"@type":"WebSite","@id":"https:\/\/www.raytech.it\/#website","url":"https:\/\/www.raytech.it\/","name":"Raytech","description":"Cable accessories company","publisher":{"@id":"https:\/\/www.raytech.it\/#organization"},"potentialAction":[{"@type":"SearchAction","target":{"@type":"EntryPoint","urlTemplate":"https:\/\/www.raytech.it\/?s={search_term_string}"},"query-input":{"@type":"PropertyValueSpecification","valueRequired":true,"valueName":"search_term_string"}}],"inLanguage":"es"},{"@type":"Organization","@id":"https:\/\/www.raytech.it\/#organization","name":"Raytech","url":"https:\/\/www.raytech.it\/","logo":{"@type":"ImageObject","inLanguage":"es","@id":"https:\/\/www.raytech.it\/#\/schema\/logo\/image\/","url":"https:\/\/www.raytech.it\/wp-content\/uploads\/logo-raytech-2019-retina-3.png","contentUrl":"https:\/\/www.raytech.it\/wp-content\/uploads\/logo-raytech-2019-retina-3.png","width":340,"height":90,"caption":"Raytech"},"image":{"@id":"https:\/\/www.raytech.it\/#\/schema\/logo\/image\/"},"sameAs":["https:\/\/www.facebook.com\/RaytechItaly","https:\/\/www.instagram.com\/raytech_italy\/","https:\/\/www.youtube.com\/user\/raytechitaly","https:\/\/twitter.com\/Raytech_Italy"]}]}},"_links":{"self":[{"href":"https:\/\/www.raytech.it\/es\/wp-json\/wp\/v2\/pages\/7144","targetHints":{"allow":["GET"]}}],"collection":[{"href":"https:\/\/www.raytech.it\/es\/wp-json\/wp\/v2\/pages"}],"about":[{"href":"https:\/\/www.raytech.it\/es\/wp-json\/wp\/v2\/types\/page"}],"author":[{"embeddable":true,"href":"https:\/\/www.raytech.it\/es\/wp-json\/wp\/v2\/users\/1"}],"replies":[{"embeddable":true,"href":"https:\/\/www.raytech.it\/es\/wp-json\/wp\/v2\/comments?post=7144"}],"version-history":[{"count":4,"href":"https:\/\/www.raytech.it\/es\/wp-json\/wp\/v2\/pages\/7144\/revisions"}],"predecessor-version":[{"id":38310,"href":"https:\/\/www.raytech.it\/es\/wp-json\/wp\/v2\/pages\/7144\/revisions\/38310"}],"up":[{"embeddable":true,"href":"https:\/\/www.raytech.it\/es\/wp-json\/wp\/v2\/pages\/7141"}],"wp:attachment":[{"href":"https:\/\/www.raytech.it\/es\/wp-json\/wp\/v2\/media?parent=7144"}],"curies":[{"name":"wp","href":"https:\/\/api.w.org\/{rel}","templated":true}]}}