{"id":7157,"date":"2015-07-14T09:53:34","date_gmt":"2015-07-14T09:53:34","guid":{"rendered":"https:\/\/www.raytech.it\/?page_id=7157&#038;lang=es"},"modified":"2019-09-05T12:57:19","modified_gmt":"2019-09-05T12:57:19","slug":"contactos","status":"publish","type":"page","link":"https:\/\/www.raytech.it\/es\/contactos","title":{"rendered":"Contactos"},"content":{"rendered":"<div class=\"wpb-content-wrapper\"><p>[vc_row][vc_column css=\u00bb.vc_custom_1446223950579{margin-bottom: 0px !important;}\u00bb][vc_custom_heading text=\u00bbContactos\u00bb font_container=\u00bbtag:h1|font_size:32px|text_align:left|color:%23e30613|line_height:38px\u00bb use_theme_fonts=\u00bbyes\u00bb][\/vc_column][\/vc_row][vc_row][vc_column width=\u00bb1\/2&#8243;][vc_column_text css_animation=\u00bbnone\u00bb]Situada en las inmediaciones de Mil\u00e1n, el \u00e1rea econ\u00f3mica-financiera m\u00e1s importante de Italia,\u00a0<b>Raytech<\/b><b>\u00a0<\/b>es a nivel productivo\u00a0<strong>la sociedad con el rango m\u00e1s amplio de accesorios y componentes para cables el\u00e9ctricos de todo el mundo<\/strong>.<\/p>\n<p>Para cualquier necesidad, complete el formulador de aqu\u00ed al lado y env\u00ede su solicitud.[\/vc_column_text][vc_row_inner css=\u00bb.vc_custom_1564763339927{margin-top: 30px !important;}\u00bb el_class=\u00bbcontact-block-page\u00bb][vc_column_inner]<div class=\"get_in_touch\" ><div class=\"get_in_touch_wrapper\"><ul><li class=\"address\"><span class=\"icon\"><i class=\"icon-location\"><\/i><\/span><span class=\"address_wrapper\">Via Enrico Fermi, 11\/13\/17<br \/>\n20019 Settimo Milanese (MI) Italy<\/span><\/li><li class=\"phone phone-1\"><span class=\"icon\"><i class=\"icon-phone\"><\/i><\/span><p><a href=\"tel:+390233500147r.a.\">+39 02 33500147 r.a.<\/a><\/p><\/li><li class=\"mail\"><span class=\"icon\"><i class=\"icon-mail\"><\/i><\/span><p><a href=\"mailto:info@raytech.it\">info@raytech.it<\/a><\/p><\/li><\/ul><\/div><\/div>\n[\/vc_column_inner][\/vc_row_inner][vc_row_inner css=\u00bb.vc_custom_1564763309788{margin-top: 30px !important;}\u00bb][vc_column_inner][vc_btn title=\u00bbArea Infonet\u00bb style=\u00bbcustom\u00bb custom_background=\u00bb#e30613&#8243; custom_text=\u00bb#ffffff\u00bb shape=\u00bbsquare\u00bb i_align=\u00bbright\u00bb i_icon_fontawesome=\u00bbfa fa-desktop\u00bb add_icon=\u00bbtrue\u00bb link=\u00bburl:http%3A%2F%2F84.247.244.188%2Finfonet%2F||target:%20_blank|\u00bb][\/vc_column_inner][\/vc_row_inner][\/vc_column][vc_column width=\u00bb1\/2&#8243; css=\u00bb.vc_custom_1446224090475{margin-bottom: 0px !important;}\u00bb]\n<div class=\"wpcf7 no-js\" id=\"wpcf7-f18749-o1\" lang=\"it-IT\" dir=\"ltr\" data-wpcf7-id=\"18749\">\n<div class=\"screen-reader-response\"><p role=\"status\" aria-live=\"polite\" aria-atomic=\"true\"><\/p> <ul><\/ul><\/div>\n<form action=\"\/es\/wp-json\/wp\/v2\/pages\/7157#wpcf7-f18749-o1\" method=\"post\" class=\"wpcf7-form init\" aria-label=\"Modulo di contatto\" novalidate=\"novalidate\" data-status=\"init\">\n<fieldset class=\"hidden-fields-container\"><input type=\"hidden\" name=\"_wpcf7\" value=\"18749\" \/><input type=\"hidden\" name=\"_wpcf7_version\" value=\"6.1.4\" \/><input type=\"hidden\" name=\"_wpcf7_locale\" value=\"it_IT\" \/><input type=\"hidden\" name=\"_wpcf7_unit_tag\" value=\"wpcf7-f18749-o1\" \/><input type=\"hidden\" name=\"_wpcf7_container_post\" value=\"0\" \/><input type=\"hidden\" name=\"_wpcf7_posted_data_hash\" value=\"\" \/><input type=\"hidden\" name=\"_wpcf7_recaptcha_response\" value=\"\" \/>\n<\/fieldset>\n<div class=\"col-sm-12\">\n\t<p class=\"campi\"><span class=\"wpcf7-form-control-wrap\" data-name=\"nome\"><input size=\"40\" maxlength=\"400\" class=\"wpcf7-form-control wpcf7-text wpcf7-validates-as-required\" aria-required=\"true\" aria-invalid=\"false\" placeholder=\"Nombre y apellido *\" value=\"\" type=\"text\" name=\"nome\" \/><\/span>\n\t<\/p>\n\t<p class=\"campi\"><span class=\"wpcf7-form-control-wrap\" data-name=\"azienda\"><input size=\"40\" maxlength=\"400\" class=\"wpcf7-form-control wpcf7-text wpcf7-validates-as-required\" aria-required=\"true\" aria-invalid=\"false\" placeholder=\"Empresa *\" value=\"\" type=\"text\" name=\"azienda\" \/><\/span>\n\t<\/p>\n\t<p class=\"colonna1\"><span class=\"wpcf7-form-control-wrap\" data-name=\"email\"><input size=\"40\" maxlength=\"400\" class=\"wpcf7-form-control wpcf7-email wpcf7-validates-as-required wpcf7-text wpcf7-validates-as-email\" aria-required=\"true\" aria-invalid=\"false\" placeholder=\"Correo electr\u00f3nico *\" value=\"\" type=\"email\" name=\"email\" \/><\/span>\n\t<\/p>\n\t<p class=\"colonna1\"><span class=\"wpcf7-form-control-wrap\" data-name=\"messaggio\"><textarea cols=\"40\" rows=\"10\" maxlength=\"2000\" class=\"wpcf7-form-control wpcf7-textarea wpcf7-validates-as-required\" aria-required=\"true\" aria-invalid=\"false\" placeholder=\"Mensaje *\" name=\"messaggio\"><\/textarea><\/span>\n\t<\/p>\n<\/div>\n<div class=\"col-sm-12 cap_priv\">\n\t<div class=\"col-sm-12\">\n\t\t<p><span class=\"wpcf7-form-control-wrap\" data-name=\"privacy\"><span class=\"wpcf7-form-control wpcf7-acceptance\"><span class=\"wpcf7-list-item\"><input type=\"checkbox\" name=\"privacy\" value=\"1\" aria-invalid=\"false\" \/><\/span><\/span><\/span> He le\u00eddo y acepto las condiciones presentes en el documento <a href=\"http:\/\/raytech.it\/sobre-la-politica-de-privacidad-y-cookies?lang=es\" target=\"_blank\">Privacy Policy<\/a>\n\t\t<\/p>\n\t<\/div>\n\t<div class=\"col-sm-12\" style=\"margin-top:10px\">\n\t\t<p><input class=\"wpcf7-form-control wpcf7-submit has-spinner btn-rosso\" type=\"submit\" value=\"Enviar\" \/>\n\t\t<\/p>\n\t<\/div>\n<\/div><input type='hidden' class='wpcf7-pum' value='{\"closepopup\":false,\"closedelay\":0,\"openpopup\":false,\"openpopup_id\":0}' \/><div class=\"wpcf7-response-output\" aria-hidden=\"true\"><\/div>\n<\/form>\n<\/div>\n[\/vc_column][\/vc_row][vc_row css=\u00bb.vc_custom_1564763631786{margin-top: 40px !important;}\u00bb][vc_column][vc_custom_heading text=\u00bbNuestros distribuidores\u00bb font_container=\u00bbtag:h2|font_size:32px|text_align:left|color:%23e30613|line_height:38px\u00bb use_theme_fonts=\u00bbyes\u00bb][\/vc_column][\/vc_row][vc_row css=\u00bb.vc_custom_1564763711009{border-bottom-width: 30px !important;}\u00bb][vc_column][vc_raw_html]JTNDaWZyYW1lJTIwc3JjJTNEJTIyaHR0cHMlM0ElMkYlMkZ3d3cuZ29vZ2xlLmNvbSUyRm1hcHMlMkZkJTJGZW1iZWQlM0ZtaWQlM0Qxc3g0VHdiVkZzWnMwQWFUT19xNktub01tSGZvJTIyJTIwd2lkdGglM0QlMjIxMDAlMjUlMjIlMjBoZWlnaHQlM0QlMjI0ODAlMjIlMjBzdHlsZSUzRCUyMm1hcmdpbi1ib3R0b20lM0EzMHB4JTNCJTIyJTNFJTNDJTJGaWZyYW1lJTNF[\/vc_raw_html][\/vc_column][\/vc_row]<\/p>\n<\/div>","protected":false},"excerpt":{"rendered":"<p>[vc_row][vc_column css=\u00bb.vc_custom_1446223950579{margin-bottom: 0px !important;}\u00bb][vc_custom_heading text=\u00bbContactos\u00bb font_container=\u00bbtag:h1|font_size:32px|text_align:left|color:%23e30613|line_height:38px\u00bb use_theme_fonts=\u00bbyes\u00bb][\/vc_column][\/vc_row][vc_row][vc_column width=\u00bb1\/2&#8243;][vc_column_text css_animation=\u00bbnone\u00bb]Situada en las inmediaciones de Mil\u00e1n, el \u00e1rea econ\u00f3mica-financiera m\u00e1s importante de Italia,\u00a0Raytech\u00a0es a nivel productivo\u00a0la sociedad con el rango m\u00e1s amplio<span class=\"excerpt-hellip\"> [\u2026]<\/span><\/p>\n","protected":false},"author":1,"featured_media":0,"parent":0,"menu_order":0,"comment_status":"closed","ping_status":"open","template":"","meta":{"footnotes":""},"class_list":["post-7157","page","type-page","status-publish","hentry"],"yoast_head":"<!-- This site is optimized with the Yoast SEO plugin v26.5 - https:\/\/yoast.com\/wordpress\/plugins\/seo\/ -->\n<title>Raytech Srl - Leader Europea in Accessori e Componenti per Cavi Elettrici<\/title>\n<meta name=\"description\" content=\"Raytech Srl - Settimo Milanese (MI) Italy. Produzione, vendita e distribuzione di accessoristica e componentistica per cavi elettrici (giunti, guane, box ..)\" \/>\n<meta name=\"robots\" content=\"index, follow, max-snippet:-1, max-image-preview:large, max-video-preview:-1\" \/>\n<link rel=\"canonical\" href=\"https:\/\/www.raytech.it\/es\/contactos\" \/>\n<meta property=\"og:locale\" content=\"es_ES\" \/>\n<meta property=\"og:type\" content=\"article\" \/>\n<meta property=\"og:title\" content=\"Raytech Srl - Leader Europea in Accessori e Componenti per Cavi Elettrici\" \/>\n<meta property=\"og:description\" content=\"Raytech Srl - Settimo Milanese (MI) Italy. Produzione, vendita e distribuzione di accessoristica e componentistica per cavi elettrici (giunti, guane, box ..)\" \/>\n<meta property=\"og:url\" content=\"https:\/\/www.raytech.it\/es\/contactos\" \/>\n<meta property=\"og:site_name\" content=\"Raytech\" \/>\n<meta property=\"article:publisher\" content=\"https:\/\/www.facebook.com\/RaytechItaly\" \/>\n<meta property=\"article:modified_time\" content=\"2019-09-05T12:57:19+00:00\" \/>\n<meta property=\"og:image\" content=\"https:\/\/www.raytech.it\/wp-content\/uploads\/logo_raytech.png\" \/>\n\t<meta property=\"og:image:width\" content=\"188\" \/>\n\t<meta property=\"og:image:height\" content=\"101\" \/>\n\t<meta property=\"og:image:type\" content=\"image\/png\" \/>\n<meta name=\"twitter:card\" content=\"summary_large_image\" \/>\n<meta name=\"twitter:label1\" content=\"Tiempo de lectura\" \/>\n\t<meta name=\"twitter:data1\" content=\"2 minutos\" \/>\n<script type=\"application\/ld+json\" class=\"yoast-schema-graph\">{\"@context\":\"https:\/\/schema.org\",\"@graph\":[{\"@type\":\"WebPage\",\"@id\":\"https:\/\/www.raytech.it\/es\/contactos\",\"url\":\"https:\/\/www.raytech.it\/es\/contactos\",\"name\":\"Raytech Srl - Leader Europea in Accessori e Componenti per Cavi Elettrici\",\"isPartOf\":{\"@id\":\"https:\/\/www.raytech.it\/#website\"},\"datePublished\":\"2015-07-14T09:53:34+00:00\",\"dateModified\":\"2019-09-05T12:57:19+00:00\",\"description\":\"Raytech Srl - Settimo Milanese (MI) Italy. Produzione, vendita e distribuzione di accessoristica e componentistica per cavi elettrici (giunti, guane, box ..)\",\"breadcrumb\":{\"@id\":\"https:\/\/www.raytech.it\/es\/contactos#breadcrumb\"},\"inLanguage\":\"es\",\"potentialAction\":[{\"@type\":\"ReadAction\",\"target\":[\"https:\/\/www.raytech.it\/es\/contactos\"]}]},{\"@type\":\"BreadcrumbList\",\"@id\":\"https:\/\/www.raytech.it\/es\/contactos#breadcrumb\",\"itemListElement\":[{\"@type\":\"ListItem\",\"position\":1,\"name\":\"Home\",\"item\":\"https:\/\/www.raytech.it\/es\"},{\"@type\":\"ListItem\",\"position\":2,\"name\":\"Contactos\"}]},{\"@type\":\"WebSite\",\"@id\":\"https:\/\/www.raytech.it\/#website\",\"url\":\"https:\/\/www.raytech.it\/\",\"name\":\"Raytech\",\"description\":\"Cable accessories company\",\"publisher\":{\"@id\":\"https:\/\/www.raytech.it\/#organization\"},\"potentialAction\":[{\"@type\":\"SearchAction\",\"target\":{\"@type\":\"EntryPoint\",\"urlTemplate\":\"https:\/\/www.raytech.it\/?s={search_term_string}\"},\"query-input\":{\"@type\":\"PropertyValueSpecification\",\"valueRequired\":true,\"valueName\":\"search_term_string\"}}],\"inLanguage\":\"es\"},{\"@type\":\"Organization\",\"@id\":\"https:\/\/www.raytech.it\/#organization\",\"name\":\"Raytech\",\"url\":\"https:\/\/www.raytech.it\/\",\"logo\":{\"@type\":\"ImageObject\",\"inLanguage\":\"es\",\"@id\":\"https:\/\/www.raytech.it\/#\/schema\/logo\/image\/\",\"url\":\"https:\/\/www.raytech.it\/wp-content\/uploads\/logo-raytech-2019-retina-3.png\",\"contentUrl\":\"https:\/\/www.raytech.it\/wp-content\/uploads\/logo-raytech-2019-retina-3.png\",\"width\":340,\"height\":90,\"caption\":\"Raytech\"},\"image\":{\"@id\":\"https:\/\/www.raytech.it\/#\/schema\/logo\/image\/\"},\"sameAs\":[\"https:\/\/www.facebook.com\/RaytechItaly\",\"https:\/\/www.instagram.com\/raytech_italy\/\",\"https:\/\/www.youtube.com\/user\/raytechitaly\",\"https:\/\/twitter.com\/Raytech_Italy\"]}]}<\/script>\n<!-- \/ Yoast SEO plugin. -->","yoast_head_json":{"title":"Raytech Srl - Leader Europea in Accessori e Componenti per Cavi Elettrici","description":"Raytech Srl - Settimo Milanese (MI) Italy. Produzione, vendita e distribuzione di accessoristica e componentistica per cavi elettrici (giunti, guane, box ..)","robots":{"index":"index","follow":"follow","max-snippet":"max-snippet:-1","max-image-preview":"max-image-preview:large","max-video-preview":"max-video-preview:-1"},"canonical":"https:\/\/www.raytech.it\/es\/contactos","og_locale":"es_ES","og_type":"article","og_title":"Raytech Srl - Leader Europea in Accessori e Componenti per Cavi Elettrici","og_description":"Raytech Srl - Settimo Milanese (MI) Italy. Produzione, vendita e distribuzione di accessoristica e componentistica per cavi elettrici (giunti, guane, box ..)","og_url":"https:\/\/www.raytech.it\/es\/contactos","og_site_name":"Raytech","article_publisher":"https:\/\/www.facebook.com\/RaytechItaly","article_modified_time":"2019-09-05T12:57:19+00:00","og_image":[{"width":188,"height":101,"url":"https:\/\/www.raytech.it\/wp-content\/uploads\/logo_raytech.png","type":"image\/png"}],"twitter_card":"summary_large_image","twitter_misc":{"Tiempo de lectura":"2 minutos"},"schema":{"@context":"https:\/\/schema.org","@graph":[{"@type":"WebPage","@id":"https:\/\/www.raytech.it\/es\/contactos","url":"https:\/\/www.raytech.it\/es\/contactos","name":"Raytech Srl - Leader Europea in Accessori e Componenti per Cavi Elettrici","isPartOf":{"@id":"https:\/\/www.raytech.it\/#website"},"datePublished":"2015-07-14T09:53:34+00:00","dateModified":"2019-09-05T12:57:19+00:00","description":"Raytech Srl - Settimo Milanese (MI) Italy. Produzione, vendita e distribuzione di accessoristica e componentistica per cavi elettrici (giunti, guane, box ..)","breadcrumb":{"@id":"https:\/\/www.raytech.it\/es\/contactos#breadcrumb"},"inLanguage":"es","potentialAction":[{"@type":"ReadAction","target":["https:\/\/www.raytech.it\/es\/contactos"]}]},{"@type":"BreadcrumbList","@id":"https:\/\/www.raytech.it\/es\/contactos#breadcrumb","itemListElement":[{"@type":"ListItem","position":1,"name":"Home","item":"https:\/\/www.raytech.it\/es"},{"@type":"ListItem","position":2,"name":"Contactos"}]},{"@type":"WebSite","@id":"https:\/\/www.raytech.it\/#website","url":"https:\/\/www.raytech.it\/","name":"Raytech","description":"Cable accessories company","publisher":{"@id":"https:\/\/www.raytech.it\/#organization"},"potentialAction":[{"@type":"SearchAction","target":{"@type":"EntryPoint","urlTemplate":"https:\/\/www.raytech.it\/?s={search_term_string}"},"query-input":{"@type":"PropertyValueSpecification","valueRequired":true,"valueName":"search_term_string"}}],"inLanguage":"es"},{"@type":"Organization","@id":"https:\/\/www.raytech.it\/#organization","name":"Raytech","url":"https:\/\/www.raytech.it\/","logo":{"@type":"ImageObject","inLanguage":"es","@id":"https:\/\/www.raytech.it\/#\/schema\/logo\/image\/","url":"https:\/\/www.raytech.it\/wp-content\/uploads\/logo-raytech-2019-retina-3.png","contentUrl":"https:\/\/www.raytech.it\/wp-content\/uploads\/logo-raytech-2019-retina-3.png","width":340,"height":90,"caption":"Raytech"},"image":{"@id":"https:\/\/www.raytech.it\/#\/schema\/logo\/image\/"},"sameAs":["https:\/\/www.facebook.com\/RaytechItaly","https:\/\/www.instagram.com\/raytech_italy\/","https:\/\/www.youtube.com\/user\/raytechitaly","https:\/\/twitter.com\/Raytech_Italy"]}]}},"_links":{"self":[{"href":"https:\/\/www.raytech.it\/es\/wp-json\/wp\/v2\/pages\/7157","targetHints":{"allow":["GET"]}}],"collection":[{"href":"https:\/\/www.raytech.it\/es\/wp-json\/wp\/v2\/pages"}],"about":[{"href":"https:\/\/www.raytech.it\/es\/wp-json\/wp\/v2\/types\/page"}],"author":[{"embeddable":true,"href":"https:\/\/www.raytech.it\/es\/wp-json\/wp\/v2\/users\/1"}],"replies":[{"embeddable":true,"href":"https:\/\/www.raytech.it\/es\/wp-json\/wp\/v2\/comments?post=7157"}],"version-history":[{"count":0,"href":"https:\/\/www.raytech.it\/es\/wp-json\/wp\/v2\/pages\/7157\/revisions"}],"wp:attachment":[{"href":"https:\/\/www.raytech.it\/es\/wp-json\/wp\/v2\/media?parent=7157"}],"curies":[{"name":"wp","href":"https:\/\/api.w.org\/{rel}","templated":true}]}}