{"id":32975,"date":"2023-06-06T10:38:50","date_gmt":"2023-06-06T09:38:52","guid":{"rendered":"https:\/\/www.raytech.it\/?post_type=product&#038;p=32975"},"modified":"2023-06-12T17:58:22","modified_gmt":"2023-06-12T16:58:22","slug":"t2000-termostato","status":"publish","type":"product","link":"https:\/\/www.raytech.it\/es\/producto\/cables-calefactores\/accesorios\/t2000-termostato","title":{"rendered":"T2000 Termostato"},"content":{"rendered":"<h4><span style=\"color: #e3001a;\">Termostato ON\/OFF &#8211; P.I.D. de 2 salidas con gesti\u00f3n de alarma de temperatura<\/span><\/h4>\n<p>Los termostatos digitales T2000, con sonda incluida en el kit, son adecuados para el control tanto en calefacci\u00f3n, como en mantenimiento y como en refrigeraci\u00f3n. Aptos para instalaci\u00f3n en retrocuadro, en carril DIN, son compactos y tienen mandos y pantallas dispuestas frontalmente.<\/p>\n","protected":false},"excerpt":{"rendered":"<p>Termostato ON\/OFF &#8211; P.I.D. de 2 salidas con gesti\u00f3n de alarma de temperatura Los termostatos digitales T2000, con sonda incluida en el kit, son adecuados para el control tanto en<span class=\"excerpt-hellip\"> [\u2026]<\/span><\/p>\n","protected":false},"featured_media":32990,"template":"","meta":[],"product_brand":[],"product_cat":[264,385],"product_tag":[],"class_list":{"0":"post-32975","1":"product","2":"type-product","3":"status-publish","4":"has-post-thumbnail","6":"product_cat-cables-calefactores","7":"product_cat-accesorios","9":"first","10":"instock","11":"taxable","12":"shipping-taxable","13":"product-type-simple"},"yoast_head":"<!-- This site is optimized with the Yoast SEO plugin v26.5 - https:\/\/yoast.com\/wordpress\/plugins\/seo\/ -->\n<title>T2000 Termostato | Raytech<\/title>\n<meta name=\"robots\" content=\"index, follow, max-snippet:-1, max-image-preview:large, max-video-preview:-1\" \/>\n<link rel=\"canonical\" href=\"https:\/\/www.raytech.it\/es\/producto\/cables-calefactores\/accesorios\/t2000-termostato\" \/>\n<meta property=\"og:locale\" content=\"es_ES\" \/>\n<meta property=\"og:type\" content=\"article\" \/>\n<meta property=\"og:title\" content=\"T2000 Termostato | Raytech\" \/>\n<meta property=\"og:description\" content=\"Termostato ON\/OFF &#8211; P.I.D. de 2 salidas con gesti\u00f3n de alarma de temperatura Los termostatos digitales T2000, con sonda incluida en el kit, son adecuados para el control tanto en [\u2026]\" \/>\n<meta property=\"og:url\" content=\"https:\/\/www.raytech.it\/es\/producto\/cables-calefactores\/accesorios\/t2000-termostato\" \/>\n<meta property=\"og:site_name\" content=\"Raytech\" \/>\n<meta property=\"article:publisher\" content=\"https:\/\/www.facebook.com\/RaytechItaly\" \/>\n<meta property=\"article:modified_time\" content=\"2023-06-12T16:58:22+00:00\" \/>\n<meta property=\"og:image\" content=\"https:\/\/www.raytech.it\/wp-content\/uploads\/TERMOSTATO-T2000.jpg\" \/>\n\t<meta property=\"og:image:width\" content=\"500\" \/>\n\t<meta property=\"og:image:height\" content=\"509\" \/>\n\t<meta property=\"og:image:type\" content=\"image\/jpeg\" \/>\n<meta name=\"twitter:card\" content=\"summary_large_image\" \/>\n<script type=\"application\/ld+json\" class=\"yoast-schema-graph\">{\"@context\":\"https:\/\/schema.org\",\"@graph\":[{\"@type\":\"WebPage\",\"@id\":\"https:\/\/www.raytech.it\/es\/producto\/cables-calefactores\/accesorios\/t2000-termostato\",\"url\":\"https:\/\/www.raytech.it\/es\/producto\/cables-calefactores\/accesorios\/t2000-termostato\",\"name\":\"T2000 Termostato | Raytech\",\"isPartOf\":{\"@id\":\"https:\/\/www.raytech.it\/#website\"},\"primaryImageOfPage\":{\"@id\":\"https:\/\/www.raytech.it\/es\/producto\/cables-calefactores\/accesorios\/t2000-termostato#primaryimage\"},\"image\":{\"@id\":\"https:\/\/www.raytech.it\/es\/producto\/cables-calefactores\/accesorios\/t2000-termostato#primaryimage\"},\"thumbnailUrl\":\"https:\/\/www.raytech.it\/wp-content\/uploads\/TERMOSTATO-T2000.jpg\",\"datePublished\":\"2023-06-06T09:38:52+00:00\",\"dateModified\":\"2023-06-12T16:58:22+00:00\",\"breadcrumb\":{\"@id\":\"https:\/\/www.raytech.it\/es\/producto\/cables-calefactores\/accesorios\/t2000-termostato#breadcrumb\"},\"inLanguage\":\"es\",\"potentialAction\":[{\"@type\":\"ReadAction\",\"target\":[\"https:\/\/www.raytech.it\/es\/producto\/cables-calefactores\/accesorios\/t2000-termostato\"]}]},{\"@type\":\"ImageObject\",\"inLanguage\":\"es\",\"@id\":\"https:\/\/www.raytech.it\/es\/producto\/cables-calefactores\/accesorios\/t2000-termostato#primaryimage\",\"url\":\"https:\/\/www.raytech.it\/wp-content\/uploads\/TERMOSTATO-T2000.jpg\",\"contentUrl\":\"https:\/\/www.raytech.it\/wp-content\/uploads\/TERMOSTATO-T2000.jpg\",\"width\":500,\"height\":509},{\"@type\":\"BreadcrumbList\",\"@id\":\"https:\/\/www.raytech.it\/es\/producto\/cables-calefactores\/accesorios\/t2000-termostato#breadcrumb\",\"itemListElement\":[{\"@type\":\"ListItem\",\"position\":1,\"name\":\"Home\",\"item\":\"https:\/\/www.raytech.it\/es\"},{\"@type\":\"ListItem\",\"position\":2,\"name\":\"Tienda\",\"item\":\"https:\/\/www.raytech.it\/es\/tienda\"},{\"@type\":\"ListItem\",\"position\":3,\"name\":\"T2000 Termostato\"}]},{\"@type\":\"WebSite\",\"@id\":\"https:\/\/www.raytech.it\/#website\",\"url\":\"https:\/\/www.raytech.it\/\",\"name\":\"Raytech\",\"description\":\"Cable accessories company\",\"publisher\":{\"@id\":\"https:\/\/www.raytech.it\/#organization\"},\"potentialAction\":[{\"@type\":\"SearchAction\",\"target\":{\"@type\":\"EntryPoint\",\"urlTemplate\":\"https:\/\/www.raytech.it\/?s={search_term_string}\"},\"query-input\":{\"@type\":\"PropertyValueSpecification\",\"valueRequired\":true,\"valueName\":\"search_term_string\"}}],\"inLanguage\":\"es\"},{\"@type\":\"Organization\",\"@id\":\"https:\/\/www.raytech.it\/#organization\",\"name\":\"Raytech\",\"url\":\"https:\/\/www.raytech.it\/\",\"logo\":{\"@type\":\"ImageObject\",\"inLanguage\":\"es\",\"@id\":\"https:\/\/www.raytech.it\/#\/schema\/logo\/image\/\",\"url\":\"https:\/\/www.raytech.it\/wp-content\/uploads\/logo-raytech-2019-retina-3.png\",\"contentUrl\":\"https:\/\/www.raytech.it\/wp-content\/uploads\/logo-raytech-2019-retina-3.png\",\"width\":340,\"height\":90,\"caption\":\"Raytech\"},\"image\":{\"@id\":\"https:\/\/www.raytech.it\/#\/schema\/logo\/image\/\"},\"sameAs\":[\"https:\/\/www.facebook.com\/RaytechItaly\",\"https:\/\/www.instagram.com\/raytech_italy\/\",\"https:\/\/www.youtube.com\/user\/raytechitaly\",\"https:\/\/twitter.com\/Raytech_Italy\"]}]}<\/script>\n<!-- \/ Yoast SEO plugin. -->","yoast_head_json":{"title":"T2000 Termostato | Raytech","robots":{"index":"index","follow":"follow","max-snippet":"max-snippet:-1","max-image-preview":"max-image-preview:large","max-video-preview":"max-video-preview:-1"},"canonical":"https:\/\/www.raytech.it\/es\/producto\/cables-calefactores\/accesorios\/t2000-termostato","og_locale":"es_ES","og_type":"article","og_title":"T2000 Termostato | Raytech","og_description":"Termostato ON\/OFF &#8211; P.I.D. de 2 salidas con gesti\u00f3n de alarma de temperatura Los termostatos digitales T2000, con sonda incluida en el kit, son adecuados para el control tanto en [\u2026]","og_url":"https:\/\/www.raytech.it\/es\/producto\/cables-calefactores\/accesorios\/t2000-termostato","og_site_name":"Raytech","article_publisher":"https:\/\/www.facebook.com\/RaytechItaly","article_modified_time":"2023-06-12T16:58:22+00:00","og_image":[{"width":500,"height":509,"url":"https:\/\/www.raytech.it\/wp-content\/uploads\/TERMOSTATO-T2000.jpg","type":"image\/jpeg"}],"twitter_card":"summary_large_image","schema":{"@context":"https:\/\/schema.org","@graph":[{"@type":"WebPage","@id":"https:\/\/www.raytech.it\/es\/producto\/cables-calefactores\/accesorios\/t2000-termostato","url":"https:\/\/www.raytech.it\/es\/producto\/cables-calefactores\/accesorios\/t2000-termostato","name":"T2000 Termostato | Raytech","isPartOf":{"@id":"https:\/\/www.raytech.it\/#website"},"primaryImageOfPage":{"@id":"https:\/\/www.raytech.it\/es\/producto\/cables-calefactores\/accesorios\/t2000-termostato#primaryimage"},"image":{"@id":"https:\/\/www.raytech.it\/es\/producto\/cables-calefactores\/accesorios\/t2000-termostato#primaryimage"},"thumbnailUrl":"https:\/\/www.raytech.it\/wp-content\/uploads\/TERMOSTATO-T2000.jpg","datePublished":"2023-06-06T09:38:52+00:00","dateModified":"2023-06-12T16:58:22+00:00","breadcrumb":{"@id":"https:\/\/www.raytech.it\/es\/producto\/cables-calefactores\/accesorios\/t2000-termostato#breadcrumb"},"inLanguage":"es","potentialAction":[{"@type":"ReadAction","target":["https:\/\/www.raytech.it\/es\/producto\/cables-calefactores\/accesorios\/t2000-termostato"]}]},{"@type":"ImageObject","inLanguage":"es","@id":"https:\/\/www.raytech.it\/es\/producto\/cables-calefactores\/accesorios\/t2000-termostato#primaryimage","url":"https:\/\/www.raytech.it\/wp-content\/uploads\/TERMOSTATO-T2000.jpg","contentUrl":"https:\/\/www.raytech.it\/wp-content\/uploads\/TERMOSTATO-T2000.jpg","width":500,"height":509},{"@type":"BreadcrumbList","@id":"https:\/\/www.raytech.it\/es\/producto\/cables-calefactores\/accesorios\/t2000-termostato#breadcrumb","itemListElement":[{"@type":"ListItem","position":1,"name":"Home","item":"https:\/\/www.raytech.it\/es"},{"@type":"ListItem","position":2,"name":"Tienda","item":"https:\/\/www.raytech.it\/es\/tienda"},{"@type":"ListItem","position":3,"name":"T2000 Termostato"}]},{"@type":"WebSite","@id":"https:\/\/www.raytech.it\/#website","url":"https:\/\/www.raytech.it\/","name":"Raytech","description":"Cable accessories company","publisher":{"@id":"https:\/\/www.raytech.it\/#organization"},"potentialAction":[{"@type":"SearchAction","target":{"@type":"EntryPoint","urlTemplate":"https:\/\/www.raytech.it\/?s={search_term_string}"},"query-input":{"@type":"PropertyValueSpecification","valueRequired":true,"valueName":"search_term_string"}}],"inLanguage":"es"},{"@type":"Organization","@id":"https:\/\/www.raytech.it\/#organization","name":"Raytech","url":"https:\/\/www.raytech.it\/","logo":{"@type":"ImageObject","inLanguage":"es","@id":"https:\/\/www.raytech.it\/#\/schema\/logo\/image\/","url":"https:\/\/www.raytech.it\/wp-content\/uploads\/logo-raytech-2019-retina-3.png","contentUrl":"https:\/\/www.raytech.it\/wp-content\/uploads\/logo-raytech-2019-retina-3.png","width":340,"height":90,"caption":"Raytech"},"image":{"@id":"https:\/\/www.raytech.it\/#\/schema\/logo\/image\/"},"sameAs":["https:\/\/www.facebook.com\/RaytechItaly","https:\/\/www.instagram.com\/raytech_italy\/","https:\/\/www.youtube.com\/user\/raytechitaly","https:\/\/twitter.com\/Raytech_Italy"]}]}},"_links":{"self":[{"href":"https:\/\/www.raytech.it\/es\/wp-json\/wp\/v2\/product\/32975","targetHints":{"allow":["GET"]}}],"collection":[{"href":"https:\/\/www.raytech.it\/es\/wp-json\/wp\/v2\/product"}],"about":[{"href":"https:\/\/www.raytech.it\/es\/wp-json\/wp\/v2\/types\/product"}],"wp:featuredmedia":[{"embeddable":true,"href":"https:\/\/www.raytech.it\/es\/wp-json\/wp\/v2\/media\/32990"}],"wp:attachment":[{"href":"https:\/\/www.raytech.it\/es\/wp-json\/wp\/v2\/media?parent=32975"}],"wp:term":[{"taxonomy":"product_brand","embeddable":true,"href":"https:\/\/www.raytech.it\/es\/wp-json\/wp\/v2\/product_brand?post=32975"},{"taxonomy":"product_cat","embeddable":true,"href":"https:\/\/www.raytech.it\/es\/wp-json\/wp\/v2\/product_cat?post=32975"},{"taxonomy":"product_tag","embeddable":true,"href":"https:\/\/www.raytech.it\/es\/wp-json\/wp\/v2\/product_tag?post=32975"}],"curies":[{"name":"wp","href":"https:\/\/api.w.org\/{rel}","templated":true}]}}