{"id":6145,"date":"2015-11-10T10:42:08","date_gmt":"2015-12-15T15:40:12","guid":{"rendered":"https:\/\/www.raytech.it\/?post_type=product&#038;p=6145&#038;lang=es"},"modified":"2025-02-18T15:22:53","modified_gmt":"2025-02-18T14:22:53","slug":"rapid-joint-ip68","status":"publish","type":"product","link":"https:\/\/www.raytech.it\/es\/producto\/baja-tension\/empalmes\/pre-rellenados\/rapid-joint-ip68","title":{"rendered":"Rapid Joint IP68"},"content":{"rendered":"<h4>Empalmes IP68\/IP69K pre-rellenados con gel blando, listos<br \/>\npara usar, para la conexi\u00f3n recta de cables de 0,6\/1kV de<br \/>\nhasta 5 conductores. <\/h4>\n<p>El aislamiento primario, compuesto por un gel polim\u00e9rico reticulado, y el envoltorio pl\u00e1stico<br \/>\naislante de excepcional solidez convierte a la junta de Clase 2, conforme con las definiciones<br \/>\nde la norma CEI 64-8. La junta, probada de acuerdo con las principales especificaciones<br \/>\ninternacionales con repetidos ciclos de flexi\u00f3n y de torsi\u00f3n y para inmersi\u00f3n en agua, ha<br \/>\nsido declarado conforme con los requisitos mec\u00e1nicos, el\u00e9ctricos y de sellado necesarios<br \/>\na los accesorios para cables pl\u00e1sticos. La junta y sus componentes carecen de caducidad<br \/>\nde almacenamiento, qu\u00edmicamente son inertes y por lo tanto son absolutamente seguros;<br \/>\nlas conexiones de los conductores son reaccesibles incluso despu\u00e9s de largos periodos<br \/>\nde funcionamiento. Hecho en material auto extinguible, no propagante de la llama, para<br \/>\ncables con una temperatura de funcionamiento de 90\u00b0C. El sistema de cierre radial facilita<br \/>\nla aplicaci\u00f3n de la junta, rindi\u00e9ndolo reaccesible solamente empleando una herramienta.<br \/>\n<\/br><\/br> <\/p>\n<ul>\n<li>P<span style=\"color: #008b33;\">ara conexiones rectas (de l\u00ednea) lineales 90\u00b0 <\/span><\/li>\n<li><span style=\"color: #008b33;\">Para cables multipolares de hasta 5 almas<\/span><\/li>\n<li><span style=\"color: #008b33;\">Dotado de espaciadores separadores para <\/span><span style=\"color: #008b33;\">el centrado correcto de la conexi\u00f3n<\/span><\/li>\n<li><span style=\"color: #008b33;\">Para cualquier tipo de uso incluso en <\/span><span style=\"color: #008b33;\">instalaciones sumergidas<\/span><\/li>\n<li><span style=\"color: #008b33;\">Amplia gama de formaciones de para cable<\/span><\/li>\n<li><span style=\"color: #008b33;\">Reaccesible solo con una herramienta<\/span><\/li>\n<li><span style=\"color: #008b33;\">Adecuado incluso a la transposici\u00f3n de las fases<\/span><\/li>\n<li><span style=\"color: #008b33;\">At\u00f3xica y sin caducidad<\/span><\/li>\n<\/ul>\n","protected":false},"excerpt":{"rendered":"<p>Empalmes IP68\/IP69K pre-rellenados con gel blando, listos para usar, para la conexi\u00f3n recta de cables de 0,6\/1kV de hasta 5 conductores. El aislamiento primario, compuesto por un gel polim\u00e9rico reticulado,<span class=\"excerpt-hellip\"> [\u2026]<\/span><\/p>\n","protected":false},"featured_media":19302,"template":"","meta":[],"product_brand":[],"product_cat":[239,241,244],"product_tag":[],"class_list":{"0":"post-6145","1":"product","2":"type-product","3":"status-publish","4":"has-post-thumbnail","6":"product_cat-baja-tension","7":"product_cat-empalmes","8":"product_cat-pre-rellenados","10":"first","11":"instock","12":"taxable","13":"shipping-taxable","14":"product-type-simple"},"yoast_head":"<!-- This site is optimized with the Yoast SEO plugin v26.5 - https:\/\/yoast.com\/wordpress\/plugins\/seo\/ -->\n<title>Rapid Joint IP68 | Raytech<\/title>\n<meta name=\"robots\" content=\"index, follow, max-snippet:-1, max-image-preview:large, max-video-preview:-1\" \/>\n<link rel=\"canonical\" href=\"https:\/\/www.raytech.it\/es\/producto\/baja-tension\/empalmes\/pre-rellenados\/rapid-joint-ip68\" \/>\n<meta property=\"og:locale\" content=\"es_ES\" \/>\n<meta property=\"og:type\" content=\"article\" \/>\n<meta property=\"og:title\" content=\"Rapid Joint IP68 | Raytech\" \/>\n<meta property=\"og:description\" content=\"Empalmes IP68\/IP69K pre-rellenados con gel blando, listos para usar, para la conexi\u00f3n recta de cables de 0,6\/1kV de hasta 5 conductores. El aislamiento primario, compuesto por un gel polim\u00e9rico reticulado, [\u2026]\" \/>\n<meta property=\"og:url\" content=\"https:\/\/www.raytech.it\/es\/producto\/baja-tension\/empalmes\/pre-rellenados\/rapid-joint-ip68\" \/>\n<meta property=\"og:site_name\" content=\"Raytech\" \/>\n<meta property=\"article:publisher\" content=\"https:\/\/www.facebook.com\/RaytechItaly\" \/>\n<meta property=\"article:modified_time\" content=\"2025-02-18T14:22:53+00:00\" \/>\n<meta property=\"og:image\" content=\"https:\/\/www.raytech.it\/wp-content\/uploads\/rapidJIp68.jpg\" \/>\n\t<meta property=\"og:image:width\" content=\"1024\" \/>\n\t<meta property=\"og:image:height\" content=\"1024\" \/>\n\t<meta property=\"og:image:type\" content=\"image\/jpeg\" \/>\n<meta name=\"twitter:card\" content=\"summary_large_image\" \/>\n<meta name=\"twitter:label1\" content=\"Tiempo de lectura\" \/>\n\t<meta name=\"twitter:data1\" content=\"1 minuto\" \/>\n<script type=\"application\/ld+json\" class=\"yoast-schema-graph\">{\"@context\":\"https:\/\/schema.org\",\"@graph\":[{\"@type\":\"WebPage\",\"@id\":\"https:\/\/www.raytech.it\/es\/producto\/baja-tension\/empalmes\/pre-rellenados\/rapid-joint-ip68\",\"url\":\"https:\/\/www.raytech.it\/es\/producto\/baja-tension\/empalmes\/pre-rellenados\/rapid-joint-ip68\",\"name\":\"Rapid Joint IP68 | Raytech\",\"isPartOf\":{\"@id\":\"https:\/\/www.raytech.it\/#website\"},\"primaryImageOfPage\":{\"@id\":\"https:\/\/www.raytech.it\/es\/producto\/baja-tension\/empalmes\/pre-rellenados\/rapid-joint-ip68#primaryimage\"},\"image\":{\"@id\":\"https:\/\/www.raytech.it\/es\/producto\/baja-tension\/empalmes\/pre-rellenados\/rapid-joint-ip68#primaryimage\"},\"thumbnailUrl\":\"https:\/\/www.raytech.it\/wp-content\/uploads\/rapidJIp68.jpg\",\"datePublished\":\"2015-12-15T15:40:12+00:00\",\"dateModified\":\"2025-02-18T14:22:53+00:00\",\"breadcrumb\":{\"@id\":\"https:\/\/www.raytech.it\/es\/producto\/baja-tension\/empalmes\/pre-rellenados\/rapid-joint-ip68#breadcrumb\"},\"inLanguage\":\"es\",\"potentialAction\":[{\"@type\":\"ReadAction\",\"target\":[\"https:\/\/www.raytech.it\/es\/producto\/baja-tension\/empalmes\/pre-rellenados\/rapid-joint-ip68\"]}]},{\"@type\":\"ImageObject\",\"inLanguage\":\"es\",\"@id\":\"https:\/\/www.raytech.it\/es\/producto\/baja-tension\/empalmes\/pre-rellenados\/rapid-joint-ip68#primaryimage\",\"url\":\"https:\/\/www.raytech.it\/wp-content\/uploads\/rapidJIp68.jpg\",\"contentUrl\":\"https:\/\/www.raytech.it\/wp-content\/uploads\/rapidJIp68.jpg\",\"width\":1024,\"height\":1024},{\"@type\":\"BreadcrumbList\",\"@id\":\"https:\/\/www.raytech.it\/es\/producto\/baja-tension\/empalmes\/pre-rellenados\/rapid-joint-ip68#breadcrumb\",\"itemListElement\":[{\"@type\":\"ListItem\",\"position\":1,\"name\":\"Home\",\"item\":\"https:\/\/www.raytech.it\/es\"},{\"@type\":\"ListItem\",\"position\":2,\"name\":\"Tienda\",\"item\":\"https:\/\/www.raytech.it\/es\/tienda\"},{\"@type\":\"ListItem\",\"position\":3,\"name\":\"Rapid Joint IP68\"}]},{\"@type\":\"WebSite\",\"@id\":\"https:\/\/www.raytech.it\/#website\",\"url\":\"https:\/\/www.raytech.it\/\",\"name\":\"Raytech\",\"description\":\"Cable accessories company\",\"publisher\":{\"@id\":\"https:\/\/www.raytech.it\/#organization\"},\"potentialAction\":[{\"@type\":\"SearchAction\",\"target\":{\"@type\":\"EntryPoint\",\"urlTemplate\":\"https:\/\/www.raytech.it\/?s={search_term_string}\"},\"query-input\":{\"@type\":\"PropertyValueSpecification\",\"valueRequired\":true,\"valueName\":\"search_term_string\"}}],\"inLanguage\":\"es\"},{\"@type\":\"Organization\",\"@id\":\"https:\/\/www.raytech.it\/#organization\",\"name\":\"Raytech\",\"url\":\"https:\/\/www.raytech.it\/\",\"logo\":{\"@type\":\"ImageObject\",\"inLanguage\":\"es\",\"@id\":\"https:\/\/www.raytech.it\/#\/schema\/logo\/image\/\",\"url\":\"https:\/\/www.raytech.it\/wp-content\/uploads\/logo-raytech-2019-retina-3.png\",\"contentUrl\":\"https:\/\/www.raytech.it\/wp-content\/uploads\/logo-raytech-2019-retina-3.png\",\"width\":340,\"height\":90,\"caption\":\"Raytech\"},\"image\":{\"@id\":\"https:\/\/www.raytech.it\/#\/schema\/logo\/image\/\"},\"sameAs\":[\"https:\/\/www.facebook.com\/RaytechItaly\",\"https:\/\/www.instagram.com\/raytech_italy\/\",\"https:\/\/www.youtube.com\/user\/raytechitaly\",\"https:\/\/twitter.com\/Raytech_Italy\"]}]}<\/script>\n<!-- \/ Yoast SEO plugin. -->","yoast_head_json":{"title":"Rapid Joint IP68 | Raytech","robots":{"index":"index","follow":"follow","max-snippet":"max-snippet:-1","max-image-preview":"max-image-preview:large","max-video-preview":"max-video-preview:-1"},"canonical":"https:\/\/www.raytech.it\/es\/producto\/baja-tension\/empalmes\/pre-rellenados\/rapid-joint-ip68","og_locale":"es_ES","og_type":"article","og_title":"Rapid Joint IP68 | Raytech","og_description":"Empalmes IP68\/IP69K pre-rellenados con gel blando, listos para usar, para la conexi\u00f3n recta de cables de 0,6\/1kV de hasta 5 conductores. El aislamiento primario, compuesto por un gel polim\u00e9rico reticulado, [\u2026]","og_url":"https:\/\/www.raytech.it\/es\/producto\/baja-tension\/empalmes\/pre-rellenados\/rapid-joint-ip68","og_site_name":"Raytech","article_publisher":"https:\/\/www.facebook.com\/RaytechItaly","article_modified_time":"2025-02-18T14:22:53+00:00","og_image":[{"width":1024,"height":1024,"url":"https:\/\/www.raytech.it\/wp-content\/uploads\/rapidJIp68.jpg","type":"image\/jpeg"}],"twitter_card":"summary_large_image","twitter_misc":{"Tiempo de lectura":"1 minuto"},"schema":{"@context":"https:\/\/schema.org","@graph":[{"@type":"WebPage","@id":"https:\/\/www.raytech.it\/es\/producto\/baja-tension\/empalmes\/pre-rellenados\/rapid-joint-ip68","url":"https:\/\/www.raytech.it\/es\/producto\/baja-tension\/empalmes\/pre-rellenados\/rapid-joint-ip68","name":"Rapid Joint IP68 | Raytech","isPartOf":{"@id":"https:\/\/www.raytech.it\/#website"},"primaryImageOfPage":{"@id":"https:\/\/www.raytech.it\/es\/producto\/baja-tension\/empalmes\/pre-rellenados\/rapid-joint-ip68#primaryimage"},"image":{"@id":"https:\/\/www.raytech.it\/es\/producto\/baja-tension\/empalmes\/pre-rellenados\/rapid-joint-ip68#primaryimage"},"thumbnailUrl":"https:\/\/www.raytech.it\/wp-content\/uploads\/rapidJIp68.jpg","datePublished":"2015-12-15T15:40:12+00:00","dateModified":"2025-02-18T14:22:53+00:00","breadcrumb":{"@id":"https:\/\/www.raytech.it\/es\/producto\/baja-tension\/empalmes\/pre-rellenados\/rapid-joint-ip68#breadcrumb"},"inLanguage":"es","potentialAction":[{"@type":"ReadAction","target":["https:\/\/www.raytech.it\/es\/producto\/baja-tension\/empalmes\/pre-rellenados\/rapid-joint-ip68"]}]},{"@type":"ImageObject","inLanguage":"es","@id":"https:\/\/www.raytech.it\/es\/producto\/baja-tension\/empalmes\/pre-rellenados\/rapid-joint-ip68#primaryimage","url":"https:\/\/www.raytech.it\/wp-content\/uploads\/rapidJIp68.jpg","contentUrl":"https:\/\/www.raytech.it\/wp-content\/uploads\/rapidJIp68.jpg","width":1024,"height":1024},{"@type":"BreadcrumbList","@id":"https:\/\/www.raytech.it\/es\/producto\/baja-tension\/empalmes\/pre-rellenados\/rapid-joint-ip68#breadcrumb","itemListElement":[{"@type":"ListItem","position":1,"name":"Home","item":"https:\/\/www.raytech.it\/es"},{"@type":"ListItem","position":2,"name":"Tienda","item":"https:\/\/www.raytech.it\/es\/tienda"},{"@type":"ListItem","position":3,"name":"Rapid Joint IP68"}]},{"@type":"WebSite","@id":"https:\/\/www.raytech.it\/#website","url":"https:\/\/www.raytech.it\/","name":"Raytech","description":"Cable accessories company","publisher":{"@id":"https:\/\/www.raytech.it\/#organization"},"potentialAction":[{"@type":"SearchAction","target":{"@type":"EntryPoint","urlTemplate":"https:\/\/www.raytech.it\/?s={search_term_string}"},"query-input":{"@type":"PropertyValueSpecification","valueRequired":true,"valueName":"search_term_string"}}],"inLanguage":"es"},{"@type":"Organization","@id":"https:\/\/www.raytech.it\/#organization","name":"Raytech","url":"https:\/\/www.raytech.it\/","logo":{"@type":"ImageObject","inLanguage":"es","@id":"https:\/\/www.raytech.it\/#\/schema\/logo\/image\/","url":"https:\/\/www.raytech.it\/wp-content\/uploads\/logo-raytech-2019-retina-3.png","contentUrl":"https:\/\/www.raytech.it\/wp-content\/uploads\/logo-raytech-2019-retina-3.png","width":340,"height":90,"caption":"Raytech"},"image":{"@id":"https:\/\/www.raytech.it\/#\/schema\/logo\/image\/"},"sameAs":["https:\/\/www.facebook.com\/RaytechItaly","https:\/\/www.instagram.com\/raytech_italy\/","https:\/\/www.youtube.com\/user\/raytechitaly","https:\/\/twitter.com\/Raytech_Italy"]}]}},"_links":{"self":[{"href":"https:\/\/www.raytech.it\/es\/wp-json\/wp\/v2\/product\/6145","targetHints":{"allow":["GET"]}}],"collection":[{"href":"https:\/\/www.raytech.it\/es\/wp-json\/wp\/v2\/product"}],"about":[{"href":"https:\/\/www.raytech.it\/es\/wp-json\/wp\/v2\/types\/product"}],"wp:featuredmedia":[{"embeddable":true,"href":"https:\/\/www.raytech.it\/es\/wp-json\/wp\/v2\/media\/19302"}],"wp:attachment":[{"href":"https:\/\/www.raytech.it\/es\/wp-json\/wp\/v2\/media?parent=6145"}],"wp:term":[{"taxonomy":"product_brand","embeddable":true,"href":"https:\/\/www.raytech.it\/es\/wp-json\/wp\/v2\/product_brand?post=6145"},{"taxonomy":"product_cat","embeddable":true,"href":"https:\/\/www.raytech.it\/es\/wp-json\/wp\/v2\/product_cat?post=6145"},{"taxonomy":"product_tag","embeddable":true,"href":"https:\/\/www.raytech.it\/es\/wp-json\/wp\/v2\/product_tag?post=6145"}],"curies":[{"name":"wp","href":"https:\/\/api.w.org\/{rel}","templated":true}]}}