{"id":6187,"date":"2015-07-15T13:01:33","date_gmt":"2015-12-16T10:47:58","guid":{"rendered":"https:\/\/www.raytech.it\/?post_type=product&#038;p=6187&#038;lang=es"},"modified":"2025-02-19T01:43:35","modified_gmt":"2025-02-19T00:43:35","slug":"magic-power-joint","status":"publish","type":"product","link":"https:\/\/www.raytech.it\/es\/producto\/baja-tension\/empalmes\/para-verter\/magic-power-joint","title":{"rendered":"Magic Power Joint"},"content":{"rendered":"<h4><span style=\"color: #009832;\">Junta en l\u00ednea o derivada con relleno tipo Magic Power Gel para cables con aislante extruso de hasta 1 kV<\/span><\/h4>\n<p>Juntas para cables extrusos F(R)G7OR 0.6\/1 kV. De f\u00e1cil instalaci\u00f3n, est\u00e1n compuestos por dos semi fundas de pl\u00e1stico anti fractura, para rellenar con el aislante bicomponente at\u00f3xico de reticulaci\u00f3n r\u00e1pida, tipo Magic Power Gel. Indicados para la instalaci\u00f3n en pozos, canales o directamente enterrados o sumergidos. At\u00f3xicos, seguros, ligeros y reaccesibles, gracias a la morbidez del aislante son capaces de absorber golpes externos sin romperse o fisurarse; la extremada pegajosidad del aislante, unida a la morbidez que permite transmitir la presi\u00f3n del agua, permiten una colocaci\u00f3n incluso a elevadas profundidades.<\/p>\n<ul>\n<li><span style=\"color: #009832;\">La junta reaccesible e inspeccionable <\/span><\/li>\n<li><span style=\"color: #009832;\">Aislado con <strong>Magic Power Gel<\/strong> el innovador gel en una \u00fanica botella auto aglomerante<\/span><\/li>\n<li><span style=\"color: #009832;\">Para instalaciones incluso en condiciones duras y a una elevada profundidad!<\/span><\/li>\n<li><span style=\"color: #009832;\">Extremadamente adherente y sellante<\/span><\/li>\n<li><span style=\"color: #009832;\">No t\u00f3xico y seguro<\/span><\/li>\n<li><span style=\"color: #009832;\">Sin caducidad<\/span><\/li>\n<\/ul>\n","protected":false},"excerpt":{"rendered":"<p>Junta en l\u00ednea o derivada con relleno tipo Magic Power Gel para cables con aislante extruso de hasta 1 kV Juntas para cables extrusos F(R)G7OR 0.6\/1 kV. De f\u00e1cil instalaci\u00f3n,<span class=\"excerpt-hellip\"> [\u2026]<\/span><\/p>\n","protected":false},"featured_media":3161,"template":"","meta":[],"product_brand":[],"product_cat":[239,241,243],"product_tag":[],"class_list":{"0":"post-6187","1":"product","2":"type-product","3":"status-publish","4":"has-post-thumbnail","6":"product_cat-baja-tension","7":"product_cat-empalmes","8":"product_cat-para-verter","10":"first","11":"instock","12":"taxable","13":"shipping-taxable","14":"product-type-simple"},"yoast_head":"<!-- This site is optimized with the Yoast SEO plugin v26.5 - https:\/\/yoast.com\/wordpress\/plugins\/seo\/ -->\n<title>Magic Power Joint | Raytech<\/title>\n<meta name=\"robots\" content=\"index, follow, max-snippet:-1, max-image-preview:large, max-video-preview:-1\" \/>\n<link rel=\"canonical\" href=\"https:\/\/www.raytech.it\/es\/producto\/baja-tension\/empalmes\/para-verter\/magic-power-joint\" \/>\n<meta property=\"og:locale\" content=\"es_ES\" \/>\n<meta property=\"og:type\" content=\"article\" \/>\n<meta property=\"og:title\" content=\"Magic Power Joint | Raytech\" \/>\n<meta property=\"og:description\" content=\"Junta en l\u00ednea o derivada con relleno tipo Magic Power Gel para cables con aislante extruso de hasta 1 kV Juntas para cables extrusos F(R)G7OR 0.6\/1 kV. De f\u00e1cil instalaci\u00f3n, [\u2026]\" \/>\n<meta property=\"og:url\" content=\"https:\/\/www.raytech.it\/es\/producto\/baja-tension\/empalmes\/para-verter\/magic-power-joint\" \/>\n<meta property=\"og:site_name\" content=\"Raytech\" \/>\n<meta property=\"article:publisher\" content=\"https:\/\/www.facebook.com\/RaytechItaly\" \/>\n<meta property=\"article:modified_time\" content=\"2025-02-19T00:43:35+00:00\" \/>\n<meta property=\"og:image\" content=\"https:\/\/www.raytech.it\/wp-content\/uploads\/magic-power-joint-1.jpg\" \/>\n\t<meta property=\"og:image:width\" content=\"1024\" \/>\n\t<meta property=\"og:image:height\" content=\"1024\" \/>\n\t<meta property=\"og:image:type\" content=\"image\/jpeg\" \/>\n<meta name=\"twitter:card\" content=\"summary_large_image\" \/>\n<meta name=\"twitter:label1\" content=\"Tiempo de lectura\" \/>\n\t<meta name=\"twitter:data1\" content=\"1 minuto\" \/>\n<script type=\"application\/ld+json\" class=\"yoast-schema-graph\">{\"@context\":\"https:\/\/schema.org\",\"@graph\":[{\"@type\":\"WebPage\",\"@id\":\"https:\/\/www.raytech.it\/es\/producto\/baja-tension\/empalmes\/para-verter\/magic-power-joint\",\"url\":\"https:\/\/www.raytech.it\/es\/producto\/baja-tension\/empalmes\/para-verter\/magic-power-joint\",\"name\":\"Magic Power Joint | Raytech\",\"isPartOf\":{\"@id\":\"https:\/\/www.raytech.it\/#website\"},\"primaryImageOfPage\":{\"@id\":\"https:\/\/www.raytech.it\/es\/producto\/baja-tension\/empalmes\/para-verter\/magic-power-joint#primaryimage\"},\"image\":{\"@id\":\"https:\/\/www.raytech.it\/es\/producto\/baja-tension\/empalmes\/para-verter\/magic-power-joint#primaryimage\"},\"thumbnailUrl\":\"https:\/\/www.raytech.it\/wp-content\/uploads\/magic-power-joint-1.jpg\",\"datePublished\":\"2015-12-16T10:47:58+00:00\",\"dateModified\":\"2025-02-19T00:43:35+00:00\",\"breadcrumb\":{\"@id\":\"https:\/\/www.raytech.it\/es\/producto\/baja-tension\/empalmes\/para-verter\/magic-power-joint#breadcrumb\"},\"inLanguage\":\"es\",\"potentialAction\":[{\"@type\":\"ReadAction\",\"target\":[\"https:\/\/www.raytech.it\/es\/producto\/baja-tension\/empalmes\/para-verter\/magic-power-joint\"]}]},{\"@type\":\"ImageObject\",\"inLanguage\":\"es\",\"@id\":\"https:\/\/www.raytech.it\/es\/producto\/baja-tension\/empalmes\/para-verter\/magic-power-joint#primaryimage\",\"url\":\"https:\/\/www.raytech.it\/wp-content\/uploads\/magic-power-joint-1.jpg\",\"contentUrl\":\"https:\/\/www.raytech.it\/wp-content\/uploads\/magic-power-joint-1.jpg\",\"width\":1024,\"height\":1024},{\"@type\":\"BreadcrumbList\",\"@id\":\"https:\/\/www.raytech.it\/es\/producto\/baja-tension\/empalmes\/para-verter\/magic-power-joint#breadcrumb\",\"itemListElement\":[{\"@type\":\"ListItem\",\"position\":1,\"name\":\"Home\",\"item\":\"https:\/\/www.raytech.it\/es\"},{\"@type\":\"ListItem\",\"position\":2,\"name\":\"Tienda\",\"item\":\"https:\/\/www.raytech.it\/es\/tienda\"},{\"@type\":\"ListItem\",\"position\":3,\"name\":\"Magic Power Joint\"}]},{\"@type\":\"WebSite\",\"@id\":\"https:\/\/www.raytech.it\/#website\",\"url\":\"https:\/\/www.raytech.it\/\",\"name\":\"Raytech\",\"description\":\"Cable accessories company\",\"publisher\":{\"@id\":\"https:\/\/www.raytech.it\/#organization\"},\"potentialAction\":[{\"@type\":\"SearchAction\",\"target\":{\"@type\":\"EntryPoint\",\"urlTemplate\":\"https:\/\/www.raytech.it\/?s={search_term_string}\"},\"query-input\":{\"@type\":\"PropertyValueSpecification\",\"valueRequired\":true,\"valueName\":\"search_term_string\"}}],\"inLanguage\":\"es\"},{\"@type\":\"Organization\",\"@id\":\"https:\/\/www.raytech.it\/#organization\",\"name\":\"Raytech\",\"url\":\"https:\/\/www.raytech.it\/\",\"logo\":{\"@type\":\"ImageObject\",\"inLanguage\":\"es\",\"@id\":\"https:\/\/www.raytech.it\/#\/schema\/logo\/image\/\",\"url\":\"https:\/\/www.raytech.it\/wp-content\/uploads\/logo-raytech-2019-retina-3.png\",\"contentUrl\":\"https:\/\/www.raytech.it\/wp-content\/uploads\/logo-raytech-2019-retina-3.png\",\"width\":340,\"height\":90,\"caption\":\"Raytech\"},\"image\":{\"@id\":\"https:\/\/www.raytech.it\/#\/schema\/logo\/image\/\"},\"sameAs\":[\"https:\/\/www.facebook.com\/RaytechItaly\",\"https:\/\/www.instagram.com\/raytech_italy\/\",\"https:\/\/www.youtube.com\/user\/raytechitaly\",\"https:\/\/twitter.com\/Raytech_Italy\"]}]}<\/script>\n<!-- \/ Yoast SEO plugin. -->","yoast_head_json":{"title":"Magic Power Joint | Raytech","robots":{"index":"index","follow":"follow","max-snippet":"max-snippet:-1","max-image-preview":"max-image-preview:large","max-video-preview":"max-video-preview:-1"},"canonical":"https:\/\/www.raytech.it\/es\/producto\/baja-tension\/empalmes\/para-verter\/magic-power-joint","og_locale":"es_ES","og_type":"article","og_title":"Magic Power Joint | Raytech","og_description":"Junta en l\u00ednea o derivada con relleno tipo Magic Power Gel para cables con aislante extruso de hasta 1 kV Juntas para cables extrusos F(R)G7OR 0.6\/1 kV. De f\u00e1cil instalaci\u00f3n, [\u2026]","og_url":"https:\/\/www.raytech.it\/es\/producto\/baja-tension\/empalmes\/para-verter\/magic-power-joint","og_site_name":"Raytech","article_publisher":"https:\/\/www.facebook.com\/RaytechItaly","article_modified_time":"2025-02-19T00:43:35+00:00","og_image":[{"width":1024,"height":1024,"url":"https:\/\/www.raytech.it\/wp-content\/uploads\/magic-power-joint-1.jpg","type":"image\/jpeg"}],"twitter_card":"summary_large_image","twitter_misc":{"Tiempo de lectura":"1 minuto"},"schema":{"@context":"https:\/\/schema.org","@graph":[{"@type":"WebPage","@id":"https:\/\/www.raytech.it\/es\/producto\/baja-tension\/empalmes\/para-verter\/magic-power-joint","url":"https:\/\/www.raytech.it\/es\/producto\/baja-tension\/empalmes\/para-verter\/magic-power-joint","name":"Magic Power Joint | Raytech","isPartOf":{"@id":"https:\/\/www.raytech.it\/#website"},"primaryImageOfPage":{"@id":"https:\/\/www.raytech.it\/es\/producto\/baja-tension\/empalmes\/para-verter\/magic-power-joint#primaryimage"},"image":{"@id":"https:\/\/www.raytech.it\/es\/producto\/baja-tension\/empalmes\/para-verter\/magic-power-joint#primaryimage"},"thumbnailUrl":"https:\/\/www.raytech.it\/wp-content\/uploads\/magic-power-joint-1.jpg","datePublished":"2015-12-16T10:47:58+00:00","dateModified":"2025-02-19T00:43:35+00:00","breadcrumb":{"@id":"https:\/\/www.raytech.it\/es\/producto\/baja-tension\/empalmes\/para-verter\/magic-power-joint#breadcrumb"},"inLanguage":"es","potentialAction":[{"@type":"ReadAction","target":["https:\/\/www.raytech.it\/es\/producto\/baja-tension\/empalmes\/para-verter\/magic-power-joint"]}]},{"@type":"ImageObject","inLanguage":"es","@id":"https:\/\/www.raytech.it\/es\/producto\/baja-tension\/empalmes\/para-verter\/magic-power-joint#primaryimage","url":"https:\/\/www.raytech.it\/wp-content\/uploads\/magic-power-joint-1.jpg","contentUrl":"https:\/\/www.raytech.it\/wp-content\/uploads\/magic-power-joint-1.jpg","width":1024,"height":1024},{"@type":"BreadcrumbList","@id":"https:\/\/www.raytech.it\/es\/producto\/baja-tension\/empalmes\/para-verter\/magic-power-joint#breadcrumb","itemListElement":[{"@type":"ListItem","position":1,"name":"Home","item":"https:\/\/www.raytech.it\/es"},{"@type":"ListItem","position":2,"name":"Tienda","item":"https:\/\/www.raytech.it\/es\/tienda"},{"@type":"ListItem","position":3,"name":"Magic Power Joint"}]},{"@type":"WebSite","@id":"https:\/\/www.raytech.it\/#website","url":"https:\/\/www.raytech.it\/","name":"Raytech","description":"Cable accessories company","publisher":{"@id":"https:\/\/www.raytech.it\/#organization"},"potentialAction":[{"@type":"SearchAction","target":{"@type":"EntryPoint","urlTemplate":"https:\/\/www.raytech.it\/?s={search_term_string}"},"query-input":{"@type":"PropertyValueSpecification","valueRequired":true,"valueName":"search_term_string"}}],"inLanguage":"es"},{"@type":"Organization","@id":"https:\/\/www.raytech.it\/#organization","name":"Raytech","url":"https:\/\/www.raytech.it\/","logo":{"@type":"ImageObject","inLanguage":"es","@id":"https:\/\/www.raytech.it\/#\/schema\/logo\/image\/","url":"https:\/\/www.raytech.it\/wp-content\/uploads\/logo-raytech-2019-retina-3.png","contentUrl":"https:\/\/www.raytech.it\/wp-content\/uploads\/logo-raytech-2019-retina-3.png","width":340,"height":90,"caption":"Raytech"},"image":{"@id":"https:\/\/www.raytech.it\/#\/schema\/logo\/image\/"},"sameAs":["https:\/\/www.facebook.com\/RaytechItaly","https:\/\/www.instagram.com\/raytech_italy\/","https:\/\/www.youtube.com\/user\/raytechitaly","https:\/\/twitter.com\/Raytech_Italy"]}]}},"_links":{"self":[{"href":"https:\/\/www.raytech.it\/es\/wp-json\/wp\/v2\/product\/6187","targetHints":{"allow":["GET"]}}],"collection":[{"href":"https:\/\/www.raytech.it\/es\/wp-json\/wp\/v2\/product"}],"about":[{"href":"https:\/\/www.raytech.it\/es\/wp-json\/wp\/v2\/types\/product"}],"wp:featuredmedia":[{"embeddable":true,"href":"https:\/\/www.raytech.it\/es\/wp-json\/wp\/v2\/media\/3161"}],"wp:attachment":[{"href":"https:\/\/www.raytech.it\/es\/wp-json\/wp\/v2\/media?parent=6187"}],"wp:term":[{"taxonomy":"product_brand","embeddable":true,"href":"https:\/\/www.raytech.it\/es\/wp-json\/wp\/v2\/product_brand?post=6187"},{"taxonomy":"product_cat","embeddable":true,"href":"https:\/\/www.raytech.it\/es\/wp-json\/wp\/v2\/product_cat?post=6187"},{"taxonomy":"product_tag","embeddable":true,"href":"https:\/\/www.raytech.it\/es\/wp-json\/wp\/v2\/product_tag?post=6187"}],"curies":[{"name":"wp","href":"https:\/\/api.w.org\/{rel}","templated":true}]}}