{"id":6218,"date":"2015-09-15T09:31:27","date_gmt":"2015-12-16T11:54:16","guid":{"rendered":"https:\/\/www.raytech.it\/?post_type=product&#038;p=6218&#038;lang=es"},"modified":"2025-02-18T16:57:50","modified_gmt":"2025-02-18T15:57:50","slug":"glv","status":"publish","type":"product","link":"https:\/\/www.raytech.it\/es\/producto\/baja-tension\/empalmes\/termo-retractil\/glv","title":{"rendered":"Uniones en l\u00ednea o derivadas di tipo termo retr\u00e1ctil para cable con aislante extruso de hasta 1 kV"},"content":{"rendered":"<p><strong><span style=\"color: #009832;\">Uniones en l\u00ednea o derivadas di tipo termo retr\u00e1ctil\u00a0para cable con aislante extruso de hasta 1 kV<\/span><\/strong><\/p>\n<p><strong>GDL<\/strong><br \/>\nUni\u00f3n para cables unipolares tambi\u00e9n neutro concentrico<\/p>\n<p><strong>GLV<\/strong><br \/>\nUni\u00f3n para cables multipolares (incluso para bombas sumergidas)<\/p>\n<p><strong>GLV-N<\/strong><br \/>\nUni\u00f3n para cables multipolares con neutro conc\u00e9ntrico<\/p>\n<p><strong>GLV-ARM<\/strong><br \/>\nUni\u00f3n para cables multipolares armados<\/p>\n<p><strong>BOPA<\/strong><br \/>\nUni\u00f3n para cables MT para iluminaci\u00f3n p\u00fablica<\/p>\n<p><strong>DJ<\/strong><br \/>\nUni\u00f3n de derivaci\u00f3n BT<\/p>\n<p><strong>GLV F\/R &#8211; GMP F\/R<\/strong><br \/>\n<strong style=\"color: #009832;\">Uni\u00f3n para cables resistentes al fuego<\/strong><br \/>\nLas juntas Raytech del tipo resistentes a la llama est\u00e1n indicadas para cables 0,6\/1 kV sea del\u00a0tipo <strong>energ\u00eda<\/strong>, que del tipo <strong>se\u00f1alizaci\u00f3n y control<\/strong><\/p>\n<p><strong>DJ F\/R<\/strong><br \/>\n<strong style=\"color: #009832;\">Uni\u00f3n de derivaci\u00f3n para cables resistentes al fuego<\/strong><br \/>\nLas juntas Raytech del tipo DJ F\/R son del tipo restistentes al fuego para cables <strong>energ\u00eda<\/strong> 0,6\/1 kV<\/p>\n<p><strong>GMP<\/strong><br \/>\nEquipos de uni\u00f3n para cables multiconductores\u00a0de se\u00f1alizaci\u00f3n, mando o control<\/p>\n<p><strong>GMC<\/strong><br \/>\nEquipos de uni\u00f3n para cables multiconductores\u00a0de se\u00f1alizaci\u00f3n, mando o control<\/p>\n","protected":false},"excerpt":{"rendered":"<p>Uniones en l\u00ednea o derivadas di tipo termo retr\u00e1ctil\u00a0para cable con aislante extruso de hasta 1 kV GDL Uni\u00f3n para cables unipolares tambi\u00e9n neutro concentrico GLV Uni\u00f3n para cables multipolares<span class=\"excerpt-hellip\"> [\u2026]<\/span><\/p>\n","protected":false},"featured_media":4975,"template":"","meta":[],"product_brand":[],"product_cat":[239,241,247],"product_tag":[],"class_list":{"0":"post-6218","1":"product","2":"type-product","3":"status-publish","4":"has-post-thumbnail","6":"product_cat-baja-tension","7":"product_cat-empalmes","8":"product_cat-termo-retractil","10":"first","11":"instock","12":"taxable","13":"shipping-taxable","14":"product-type-simple"},"yoast_head":"<!-- This site is optimized with the Yoast SEO plugin v26.5 - https:\/\/yoast.com\/wordpress\/plugins\/seo\/ -->\n<title>Uniones en l\u00ednea o derivadas di tipo termo retr\u00e1ctil para cable con aislante extruso de hasta 1 kV | Raytech<\/title>\n<meta name=\"robots\" content=\"index, follow, max-snippet:-1, max-image-preview:large, max-video-preview:-1\" \/>\n<link rel=\"canonical\" href=\"https:\/\/www.raytech.it\/es\/producto\/baja-tension\/empalmes\/termo-retractil\/glv\" \/>\n<meta property=\"og:locale\" content=\"es_ES\" \/>\n<meta property=\"og:type\" content=\"article\" \/>\n<meta property=\"og:title\" content=\"Uniones en l\u00ednea o derivadas di tipo termo retr\u00e1ctil para cable con aislante extruso de hasta 1 kV | Raytech\" \/>\n<meta property=\"og:description\" content=\"Uniones en l\u00ednea o derivadas di tipo termo retr\u00e1ctil\u00a0para cable con aislante extruso de hasta 1 kV GDL Uni\u00f3n para cables unipolares tambi\u00e9n neutro concentrico GLV Uni\u00f3n para cables multipolares [\u2026]\" \/>\n<meta property=\"og:url\" content=\"https:\/\/www.raytech.it\/es\/producto\/baja-tension\/empalmes\/termo-retractil\/glv\" \/>\n<meta property=\"og:site_name\" content=\"Raytech\" \/>\n<meta property=\"article:publisher\" content=\"https:\/\/www.facebook.com\/RaytechItaly\" \/>\n<meta property=\"article:modified_time\" content=\"2025-02-18T15:57:50+00:00\" \/>\n<meta property=\"og:image\" content=\"https:\/\/www.raytech.it\/wp-content\/uploads\/termorestringenti-glv.jpg\" \/>\n\t<meta property=\"og:image:width\" content=\"1024\" \/>\n\t<meta property=\"og:image:height\" content=\"1024\" \/>\n\t<meta property=\"og:image:type\" content=\"image\/jpeg\" \/>\n<meta name=\"twitter:card\" content=\"summary_large_image\" \/>\n<meta name=\"twitter:label1\" content=\"Tiempo de lectura\" \/>\n\t<meta name=\"twitter:data1\" content=\"1 minuto\" \/>\n<script type=\"application\/ld+json\" class=\"yoast-schema-graph\">{\"@context\":\"https:\/\/schema.org\",\"@graph\":[{\"@type\":\"WebPage\",\"@id\":\"https:\/\/www.raytech.it\/es\/producto\/baja-tension\/empalmes\/termo-retractil\/glv\",\"url\":\"https:\/\/www.raytech.it\/es\/producto\/baja-tension\/empalmes\/termo-retractil\/glv\",\"name\":\"Uniones en l\u00ednea o derivadas di tipo termo retr\u00e1ctil para cable con aislante extruso de hasta 1 kV | Raytech\",\"isPartOf\":{\"@id\":\"https:\/\/www.raytech.it\/#website\"},\"primaryImageOfPage\":{\"@id\":\"https:\/\/www.raytech.it\/es\/producto\/baja-tension\/empalmes\/termo-retractil\/glv#primaryimage\"},\"image\":{\"@id\":\"https:\/\/www.raytech.it\/es\/producto\/baja-tension\/empalmes\/termo-retractil\/glv#primaryimage\"},\"thumbnailUrl\":\"https:\/\/www.raytech.it\/wp-content\/uploads\/termorestringenti-glv.jpg\",\"datePublished\":\"2015-12-16T11:54:16+00:00\",\"dateModified\":\"2025-02-18T15:57:50+00:00\",\"breadcrumb\":{\"@id\":\"https:\/\/www.raytech.it\/es\/producto\/baja-tension\/empalmes\/termo-retractil\/glv#breadcrumb\"},\"inLanguage\":\"es\",\"potentialAction\":[{\"@type\":\"ReadAction\",\"target\":[\"https:\/\/www.raytech.it\/es\/producto\/baja-tension\/empalmes\/termo-retractil\/glv\"]}]},{\"@type\":\"ImageObject\",\"inLanguage\":\"es\",\"@id\":\"https:\/\/www.raytech.it\/es\/producto\/baja-tension\/empalmes\/termo-retractil\/glv#primaryimage\",\"url\":\"https:\/\/www.raytech.it\/wp-content\/uploads\/termorestringenti-glv.jpg\",\"contentUrl\":\"https:\/\/www.raytech.it\/wp-content\/uploads\/termorestringenti-glv.jpg\",\"width\":1024,\"height\":1024},{\"@type\":\"BreadcrumbList\",\"@id\":\"https:\/\/www.raytech.it\/es\/producto\/baja-tension\/empalmes\/termo-retractil\/glv#breadcrumb\",\"itemListElement\":[{\"@type\":\"ListItem\",\"position\":1,\"name\":\"Home\",\"item\":\"https:\/\/www.raytech.it\/es\"},{\"@type\":\"ListItem\",\"position\":2,\"name\":\"Tienda\",\"item\":\"https:\/\/www.raytech.it\/es\/tienda\"},{\"@type\":\"ListItem\",\"position\":3,\"name\":\"Uniones en l\u00ednea o derivadas di tipo termo retr\u00e1ctil para cable con aislante extruso de hasta 1 kV\"}]},{\"@type\":\"WebSite\",\"@id\":\"https:\/\/www.raytech.it\/#website\",\"url\":\"https:\/\/www.raytech.it\/\",\"name\":\"Raytech\",\"description\":\"Cable accessories company\",\"publisher\":{\"@id\":\"https:\/\/www.raytech.it\/#organization\"},\"potentialAction\":[{\"@type\":\"SearchAction\",\"target\":{\"@type\":\"EntryPoint\",\"urlTemplate\":\"https:\/\/www.raytech.it\/?s={search_term_string}\"},\"query-input\":{\"@type\":\"PropertyValueSpecification\",\"valueRequired\":true,\"valueName\":\"search_term_string\"}}],\"inLanguage\":\"es\"},{\"@type\":\"Organization\",\"@id\":\"https:\/\/www.raytech.it\/#organization\",\"name\":\"Raytech\",\"url\":\"https:\/\/www.raytech.it\/\",\"logo\":{\"@type\":\"ImageObject\",\"inLanguage\":\"es\",\"@id\":\"https:\/\/www.raytech.it\/#\/schema\/logo\/image\/\",\"url\":\"https:\/\/www.raytech.it\/wp-content\/uploads\/logo-raytech-2019-retina-3.png\",\"contentUrl\":\"https:\/\/www.raytech.it\/wp-content\/uploads\/logo-raytech-2019-retina-3.png\",\"width\":340,\"height\":90,\"caption\":\"Raytech\"},\"image\":{\"@id\":\"https:\/\/www.raytech.it\/#\/schema\/logo\/image\/\"},\"sameAs\":[\"https:\/\/www.facebook.com\/RaytechItaly\",\"https:\/\/www.instagram.com\/raytech_italy\/\",\"https:\/\/www.youtube.com\/user\/raytechitaly\",\"https:\/\/twitter.com\/Raytech_Italy\"]}]}<\/script>\n<!-- \/ Yoast SEO plugin. -->","yoast_head_json":{"title":"Uniones en l\u00ednea o derivadas di tipo termo retr\u00e1ctil para cable con aislante extruso de hasta 1 kV | Raytech","robots":{"index":"index","follow":"follow","max-snippet":"max-snippet:-1","max-image-preview":"max-image-preview:large","max-video-preview":"max-video-preview:-1"},"canonical":"https:\/\/www.raytech.it\/es\/producto\/baja-tension\/empalmes\/termo-retractil\/glv","og_locale":"es_ES","og_type":"article","og_title":"Uniones en l\u00ednea o derivadas di tipo termo retr\u00e1ctil para cable con aislante extruso de hasta 1 kV | Raytech","og_description":"Uniones en l\u00ednea o derivadas di tipo termo retr\u00e1ctil\u00a0para cable con aislante extruso de hasta 1 kV GDL Uni\u00f3n para cables unipolares tambi\u00e9n neutro concentrico GLV Uni\u00f3n para cables multipolares [\u2026]","og_url":"https:\/\/www.raytech.it\/es\/producto\/baja-tension\/empalmes\/termo-retractil\/glv","og_site_name":"Raytech","article_publisher":"https:\/\/www.facebook.com\/RaytechItaly","article_modified_time":"2025-02-18T15:57:50+00:00","og_image":[{"width":1024,"height":1024,"url":"https:\/\/www.raytech.it\/wp-content\/uploads\/termorestringenti-glv.jpg","type":"image\/jpeg"}],"twitter_card":"summary_large_image","twitter_misc":{"Tiempo de lectura":"1 minuto"},"schema":{"@context":"https:\/\/schema.org","@graph":[{"@type":"WebPage","@id":"https:\/\/www.raytech.it\/es\/producto\/baja-tension\/empalmes\/termo-retractil\/glv","url":"https:\/\/www.raytech.it\/es\/producto\/baja-tension\/empalmes\/termo-retractil\/glv","name":"Uniones en l\u00ednea o derivadas di tipo termo retr\u00e1ctil para cable con aislante extruso de hasta 1 kV | Raytech","isPartOf":{"@id":"https:\/\/www.raytech.it\/#website"},"primaryImageOfPage":{"@id":"https:\/\/www.raytech.it\/es\/producto\/baja-tension\/empalmes\/termo-retractil\/glv#primaryimage"},"image":{"@id":"https:\/\/www.raytech.it\/es\/producto\/baja-tension\/empalmes\/termo-retractil\/glv#primaryimage"},"thumbnailUrl":"https:\/\/www.raytech.it\/wp-content\/uploads\/termorestringenti-glv.jpg","datePublished":"2015-12-16T11:54:16+00:00","dateModified":"2025-02-18T15:57:50+00:00","breadcrumb":{"@id":"https:\/\/www.raytech.it\/es\/producto\/baja-tension\/empalmes\/termo-retractil\/glv#breadcrumb"},"inLanguage":"es","potentialAction":[{"@type":"ReadAction","target":["https:\/\/www.raytech.it\/es\/producto\/baja-tension\/empalmes\/termo-retractil\/glv"]}]},{"@type":"ImageObject","inLanguage":"es","@id":"https:\/\/www.raytech.it\/es\/producto\/baja-tension\/empalmes\/termo-retractil\/glv#primaryimage","url":"https:\/\/www.raytech.it\/wp-content\/uploads\/termorestringenti-glv.jpg","contentUrl":"https:\/\/www.raytech.it\/wp-content\/uploads\/termorestringenti-glv.jpg","width":1024,"height":1024},{"@type":"BreadcrumbList","@id":"https:\/\/www.raytech.it\/es\/producto\/baja-tension\/empalmes\/termo-retractil\/glv#breadcrumb","itemListElement":[{"@type":"ListItem","position":1,"name":"Home","item":"https:\/\/www.raytech.it\/es"},{"@type":"ListItem","position":2,"name":"Tienda","item":"https:\/\/www.raytech.it\/es\/tienda"},{"@type":"ListItem","position":3,"name":"Uniones en l\u00ednea o derivadas di tipo termo retr\u00e1ctil para cable con aislante extruso de hasta 1 kV"}]},{"@type":"WebSite","@id":"https:\/\/www.raytech.it\/#website","url":"https:\/\/www.raytech.it\/","name":"Raytech","description":"Cable accessories company","publisher":{"@id":"https:\/\/www.raytech.it\/#organization"},"potentialAction":[{"@type":"SearchAction","target":{"@type":"EntryPoint","urlTemplate":"https:\/\/www.raytech.it\/?s={search_term_string}"},"query-input":{"@type":"PropertyValueSpecification","valueRequired":true,"valueName":"search_term_string"}}],"inLanguage":"es"},{"@type":"Organization","@id":"https:\/\/www.raytech.it\/#organization","name":"Raytech","url":"https:\/\/www.raytech.it\/","logo":{"@type":"ImageObject","inLanguage":"es","@id":"https:\/\/www.raytech.it\/#\/schema\/logo\/image\/","url":"https:\/\/www.raytech.it\/wp-content\/uploads\/logo-raytech-2019-retina-3.png","contentUrl":"https:\/\/www.raytech.it\/wp-content\/uploads\/logo-raytech-2019-retina-3.png","width":340,"height":90,"caption":"Raytech"},"image":{"@id":"https:\/\/www.raytech.it\/#\/schema\/logo\/image\/"},"sameAs":["https:\/\/www.facebook.com\/RaytechItaly","https:\/\/www.instagram.com\/raytech_italy\/","https:\/\/www.youtube.com\/user\/raytechitaly","https:\/\/twitter.com\/Raytech_Italy"]}]}},"_links":{"self":[{"href":"https:\/\/www.raytech.it\/es\/wp-json\/wp\/v2\/product\/6218","targetHints":{"allow":["GET"]}}],"collection":[{"href":"https:\/\/www.raytech.it\/es\/wp-json\/wp\/v2\/product"}],"about":[{"href":"https:\/\/www.raytech.it\/es\/wp-json\/wp\/v2\/types\/product"}],"wp:featuredmedia":[{"embeddable":true,"href":"https:\/\/www.raytech.it\/es\/wp-json\/wp\/v2\/media\/4975"}],"wp:attachment":[{"href":"https:\/\/www.raytech.it\/es\/wp-json\/wp\/v2\/media?parent=6218"}],"wp:term":[{"taxonomy":"product_brand","embeddable":true,"href":"https:\/\/www.raytech.it\/es\/wp-json\/wp\/v2\/product_brand?post=6218"},{"taxonomy":"product_cat","embeddable":true,"href":"https:\/\/www.raytech.it\/es\/wp-json\/wp\/v2\/product_cat?post=6218"},{"taxonomy":"product_tag","embeddable":true,"href":"https:\/\/www.raytech.it\/es\/wp-json\/wp\/v2\/product_tag?post=6218"}],"curies":[{"name":"wp","href":"https:\/\/api.w.org\/{rel}","templated":true}]}}