{"id":6234,"date":"2015-07-15T14:53:59","date_gmt":"2015-12-16T13:25:35","guid":{"rendered":"https:\/\/www.raytech.it\/?post_type=product&#038;p=6234&#038;lang=es"},"modified":"2025-02-18T16:50:59","modified_gmt":"2025-02-18T15:50:59","slug":"magic-gel","status":"publish","type":"product","link":"https:\/\/www.raytech.it\/es\/producto\/baja-tension\/rellenos\/gel-es\/magic-gel","title":{"rendered":"Magic Gel"},"content":{"rendered":"<h4><span style=\"color: #009832;\">Gel bi componente con caracter\u00edsticas diel\u00e9ctricas y t\u00e9rmicas ideal para sistemas de conexi\u00f3n (cajas o cajas de empalmes) para cables de potencia.<\/span><\/h4>\n<p>El gel aislante y sellante para verter garantiza un grado de protecci\u00f3n IP68 utilizando el envolvente adecuado y es capaz de sustituir a cualquier tipo de resina. Se trata de un tipo die aislamiento autosellante de tipo polim\u00e9rico, en dos practicas botellas o bolsa monouso, con reticulaci\u00f3n en frio. Un vez vertido, el aislamiento, caracterizado por una muy baja viscosidad, engloba y envuelve cualquier tipo de material reticulando en menos de 10 minutes. Absolutamente at\u00f3xico, reticula con un pico isot\u00e9rmico muy bajo q2ue no fuerza t\u00e9rmicamente los materiales con los est\u00e1 en contacto.<\/p>\n<ul>\n<li><span style=\"color: #009832;\">!Para todas las aplicaciones caracterizadas por altas exigencias y elevadas temperaturas!<\/span><\/li>\n<li><span style=\"color: #009832;\">Reticulaci\u00f3n r\u00e1pida (10 minutos)<\/span><\/li>\n<li><span style=\"color: #009832;\">Reaccesible tambi\u00e9n despu\u00e9s de largos per\u00edodos de ejercicio<\/span><\/li>\n<li><span style=\"color: #009832;\">At\u00f3xico y seguro, sin caducidad<\/span><\/li>\n<li><span style=\"color: #009832;\">Baja viscosidad<\/span><\/li>\n<\/ul>\n","protected":false},"excerpt":{"rendered":"<p>Gel bi componente con caracter\u00edsticas diel\u00e9ctricas y t\u00e9rmicas ideal para sistemas de conexi\u00f3n (cajas o cajas de empalmes) para cables de potencia. El gel aislante y sellante para verter garantiza<span class=\"excerpt-hellip\"> [\u2026]<\/span><\/p>\n","protected":false},"featured_media":24978,"template":"","meta":[],"product_brand":[],"product_cat":[239,254,255],"product_tag":[],"class_list":{"0":"post-6234","1":"product","2":"type-product","3":"status-publish","4":"has-post-thumbnail","6":"product_cat-baja-tension","7":"product_cat-rellenos","8":"product_cat-gel-es","10":"first","11":"instock","12":"taxable","13":"shipping-taxable","14":"purchasable","15":"product-type-variable"},"yoast_head":"<!-- This site is optimized with the Yoast SEO plugin v26.5 - https:\/\/yoast.com\/wordpress\/plugins\/seo\/ -->\n<title>Magic Gel | Raytech<\/title>\n<meta name=\"robots\" content=\"index, follow, max-snippet:-1, max-image-preview:large, max-video-preview:-1\" \/>\n<link rel=\"canonical\" href=\"https:\/\/www.raytech.it\/es\/producto\/baja-tension\/rellenos\/gel-es\/magic-gel\" \/>\n<meta property=\"og:locale\" content=\"es_ES\" \/>\n<meta property=\"og:type\" content=\"article\" \/>\n<meta property=\"og:title\" content=\"Magic Gel | Raytech\" \/>\n<meta property=\"og:description\" content=\"Gel bi componente con caracter\u00edsticas diel\u00e9ctricas y t\u00e9rmicas ideal para sistemas de conexi\u00f3n (cajas o cajas de empalmes) para cables de potencia. El gel aislante y sellante para verter garantiza [\u2026]\" \/>\n<meta property=\"og:url\" content=\"https:\/\/www.raytech.it\/es\/producto\/baja-tension\/rellenos\/gel-es\/magic-gel\" \/>\n<meta property=\"og:site_name\" content=\"Raytech\" \/>\n<meta property=\"article:publisher\" content=\"https:\/\/www.facebook.com\/RaytechItaly\" \/>\n<meta property=\"article:modified_time\" content=\"2025-02-18T15:50:59+00:00\" \/>\n<meta property=\"og:image\" content=\"https:\/\/www.raytech.it\/wp-content\/uploads\/magic-gel-5-1.jpg\" \/>\n\t<meta property=\"og:image:width\" content=\"1024\" \/>\n\t<meta property=\"og:image:height\" content=\"1024\" \/>\n\t<meta property=\"og:image:type\" content=\"image\/jpeg\" \/>\n<meta name=\"twitter:card\" content=\"summary_large_image\" \/>\n<meta name=\"twitter:label1\" content=\"Tiempo de lectura\" \/>\n\t<meta name=\"twitter:data1\" content=\"1 minuto\" \/>\n<script type=\"application\/ld+json\" class=\"yoast-schema-graph\">{\"@context\":\"https:\/\/schema.org\",\"@graph\":[{\"@type\":\"WebPage\",\"@id\":\"https:\/\/www.raytech.it\/es\/producto\/baja-tension\/rellenos\/gel-es\/magic-gel\",\"url\":\"https:\/\/www.raytech.it\/es\/producto\/baja-tension\/rellenos\/gel-es\/magic-gel\",\"name\":\"Magic Gel | Raytech\",\"isPartOf\":{\"@id\":\"https:\/\/www.raytech.it\/#website\"},\"primaryImageOfPage\":{\"@id\":\"https:\/\/www.raytech.it\/es\/producto\/baja-tension\/rellenos\/gel-es\/magic-gel#primaryimage\"},\"image\":{\"@id\":\"https:\/\/www.raytech.it\/es\/producto\/baja-tension\/rellenos\/gel-es\/magic-gel#primaryimage\"},\"thumbnailUrl\":\"https:\/\/www.raytech.it\/wp-content\/uploads\/magic-gel-5-1.jpg\",\"datePublished\":\"2015-12-16T13:25:35+00:00\",\"dateModified\":\"2025-02-18T15:50:59+00:00\",\"breadcrumb\":{\"@id\":\"https:\/\/www.raytech.it\/es\/producto\/baja-tension\/rellenos\/gel-es\/magic-gel#breadcrumb\"},\"inLanguage\":\"es\",\"potentialAction\":[{\"@type\":\"ReadAction\",\"target\":[\"https:\/\/www.raytech.it\/es\/producto\/baja-tension\/rellenos\/gel-es\/magic-gel\"]}]},{\"@type\":\"ImageObject\",\"inLanguage\":\"es\",\"@id\":\"https:\/\/www.raytech.it\/es\/producto\/baja-tension\/rellenos\/gel-es\/magic-gel#primaryimage\",\"url\":\"https:\/\/www.raytech.it\/wp-content\/uploads\/magic-gel-5-1.jpg\",\"contentUrl\":\"https:\/\/www.raytech.it\/wp-content\/uploads\/magic-gel-5-1.jpg\",\"width\":1024,\"height\":1024},{\"@type\":\"BreadcrumbList\",\"@id\":\"https:\/\/www.raytech.it\/es\/producto\/baja-tension\/rellenos\/gel-es\/magic-gel#breadcrumb\",\"itemListElement\":[{\"@type\":\"ListItem\",\"position\":1,\"name\":\"Home\",\"item\":\"https:\/\/www.raytech.it\/es\"},{\"@type\":\"ListItem\",\"position\":2,\"name\":\"Tienda\",\"item\":\"https:\/\/www.raytech.it\/es\/tienda\"},{\"@type\":\"ListItem\",\"position\":3,\"name\":\"Magic Gel\"}]},{\"@type\":\"WebSite\",\"@id\":\"https:\/\/www.raytech.it\/#website\",\"url\":\"https:\/\/www.raytech.it\/\",\"name\":\"Raytech\",\"description\":\"Cable accessories company\",\"publisher\":{\"@id\":\"https:\/\/www.raytech.it\/#organization\"},\"potentialAction\":[{\"@type\":\"SearchAction\",\"target\":{\"@type\":\"EntryPoint\",\"urlTemplate\":\"https:\/\/www.raytech.it\/?s={search_term_string}\"},\"query-input\":{\"@type\":\"PropertyValueSpecification\",\"valueRequired\":true,\"valueName\":\"search_term_string\"}}],\"inLanguage\":\"es\"},{\"@type\":\"Organization\",\"@id\":\"https:\/\/www.raytech.it\/#organization\",\"name\":\"Raytech\",\"url\":\"https:\/\/www.raytech.it\/\",\"logo\":{\"@type\":\"ImageObject\",\"inLanguage\":\"es\",\"@id\":\"https:\/\/www.raytech.it\/#\/schema\/logo\/image\/\",\"url\":\"https:\/\/www.raytech.it\/wp-content\/uploads\/logo-raytech-2019-retina-3.png\",\"contentUrl\":\"https:\/\/www.raytech.it\/wp-content\/uploads\/logo-raytech-2019-retina-3.png\",\"width\":340,\"height\":90,\"caption\":\"Raytech\"},\"image\":{\"@id\":\"https:\/\/www.raytech.it\/#\/schema\/logo\/image\/\"},\"sameAs\":[\"https:\/\/www.facebook.com\/RaytechItaly\",\"https:\/\/www.instagram.com\/raytech_italy\/\",\"https:\/\/www.youtube.com\/user\/raytechitaly\",\"https:\/\/twitter.com\/Raytech_Italy\"]}]}<\/script>\n<!-- \/ Yoast SEO plugin. -->","yoast_head_json":{"title":"Magic Gel | Raytech","robots":{"index":"index","follow":"follow","max-snippet":"max-snippet:-1","max-image-preview":"max-image-preview:large","max-video-preview":"max-video-preview:-1"},"canonical":"https:\/\/www.raytech.it\/es\/producto\/baja-tension\/rellenos\/gel-es\/magic-gel","og_locale":"es_ES","og_type":"article","og_title":"Magic Gel | Raytech","og_description":"Gel bi componente con caracter\u00edsticas diel\u00e9ctricas y t\u00e9rmicas ideal para sistemas de conexi\u00f3n (cajas o cajas de empalmes) para cables de potencia. El gel aislante y sellante para verter garantiza [\u2026]","og_url":"https:\/\/www.raytech.it\/es\/producto\/baja-tension\/rellenos\/gel-es\/magic-gel","og_site_name":"Raytech","article_publisher":"https:\/\/www.facebook.com\/RaytechItaly","article_modified_time":"2025-02-18T15:50:59+00:00","og_image":[{"width":1024,"height":1024,"url":"https:\/\/www.raytech.it\/wp-content\/uploads\/magic-gel-5-1.jpg","type":"image\/jpeg"}],"twitter_card":"summary_large_image","twitter_misc":{"Tiempo de lectura":"1 minuto"},"schema":{"@context":"https:\/\/schema.org","@graph":[{"@type":"WebPage","@id":"https:\/\/www.raytech.it\/es\/producto\/baja-tension\/rellenos\/gel-es\/magic-gel","url":"https:\/\/www.raytech.it\/es\/producto\/baja-tension\/rellenos\/gel-es\/magic-gel","name":"Magic Gel | Raytech","isPartOf":{"@id":"https:\/\/www.raytech.it\/#website"},"primaryImageOfPage":{"@id":"https:\/\/www.raytech.it\/es\/producto\/baja-tension\/rellenos\/gel-es\/magic-gel#primaryimage"},"image":{"@id":"https:\/\/www.raytech.it\/es\/producto\/baja-tension\/rellenos\/gel-es\/magic-gel#primaryimage"},"thumbnailUrl":"https:\/\/www.raytech.it\/wp-content\/uploads\/magic-gel-5-1.jpg","datePublished":"2015-12-16T13:25:35+00:00","dateModified":"2025-02-18T15:50:59+00:00","breadcrumb":{"@id":"https:\/\/www.raytech.it\/es\/producto\/baja-tension\/rellenos\/gel-es\/magic-gel#breadcrumb"},"inLanguage":"es","potentialAction":[{"@type":"ReadAction","target":["https:\/\/www.raytech.it\/es\/producto\/baja-tension\/rellenos\/gel-es\/magic-gel"]}]},{"@type":"ImageObject","inLanguage":"es","@id":"https:\/\/www.raytech.it\/es\/producto\/baja-tension\/rellenos\/gel-es\/magic-gel#primaryimage","url":"https:\/\/www.raytech.it\/wp-content\/uploads\/magic-gel-5-1.jpg","contentUrl":"https:\/\/www.raytech.it\/wp-content\/uploads\/magic-gel-5-1.jpg","width":1024,"height":1024},{"@type":"BreadcrumbList","@id":"https:\/\/www.raytech.it\/es\/producto\/baja-tension\/rellenos\/gel-es\/magic-gel#breadcrumb","itemListElement":[{"@type":"ListItem","position":1,"name":"Home","item":"https:\/\/www.raytech.it\/es"},{"@type":"ListItem","position":2,"name":"Tienda","item":"https:\/\/www.raytech.it\/es\/tienda"},{"@type":"ListItem","position":3,"name":"Magic Gel"}]},{"@type":"WebSite","@id":"https:\/\/www.raytech.it\/#website","url":"https:\/\/www.raytech.it\/","name":"Raytech","description":"Cable accessories company","publisher":{"@id":"https:\/\/www.raytech.it\/#organization"},"potentialAction":[{"@type":"SearchAction","target":{"@type":"EntryPoint","urlTemplate":"https:\/\/www.raytech.it\/?s={search_term_string}"},"query-input":{"@type":"PropertyValueSpecification","valueRequired":true,"valueName":"search_term_string"}}],"inLanguage":"es"},{"@type":"Organization","@id":"https:\/\/www.raytech.it\/#organization","name":"Raytech","url":"https:\/\/www.raytech.it\/","logo":{"@type":"ImageObject","inLanguage":"es","@id":"https:\/\/www.raytech.it\/#\/schema\/logo\/image\/","url":"https:\/\/www.raytech.it\/wp-content\/uploads\/logo-raytech-2019-retina-3.png","contentUrl":"https:\/\/www.raytech.it\/wp-content\/uploads\/logo-raytech-2019-retina-3.png","width":340,"height":90,"caption":"Raytech"},"image":{"@id":"https:\/\/www.raytech.it\/#\/schema\/logo\/image\/"},"sameAs":["https:\/\/www.facebook.com\/RaytechItaly","https:\/\/www.instagram.com\/raytech_italy\/","https:\/\/www.youtube.com\/user\/raytechitaly","https:\/\/twitter.com\/Raytech_Italy"]}]}},"_links":{"self":[{"href":"https:\/\/www.raytech.it\/es\/wp-json\/wp\/v2\/product\/6234","targetHints":{"allow":["GET"]}}],"collection":[{"href":"https:\/\/www.raytech.it\/es\/wp-json\/wp\/v2\/product"}],"about":[{"href":"https:\/\/www.raytech.it\/es\/wp-json\/wp\/v2\/types\/product"}],"wp:featuredmedia":[{"embeddable":true,"href":"https:\/\/www.raytech.it\/es\/wp-json\/wp\/v2\/media\/24978"}],"wp:attachment":[{"href":"https:\/\/www.raytech.it\/es\/wp-json\/wp\/v2\/media?parent=6234"}],"wp:term":[{"taxonomy":"product_brand","embeddable":true,"href":"https:\/\/www.raytech.it\/es\/wp-json\/wp\/v2\/product_brand?post=6234"},{"taxonomy":"product_cat","embeddable":true,"href":"https:\/\/www.raytech.it\/es\/wp-json\/wp\/v2\/product_cat?post=6234"},{"taxonomy":"product_tag","embeddable":true,"href":"https:\/\/www.raytech.it\/es\/wp-json\/wp\/v2\/product_tag?post=6234"}],"curies":[{"name":"wp","href":"https:\/\/api.w.org\/{rel}","templated":true}]}}