{"id":6291,"date":"2015-07-15T15:47:56","date_gmt":"2015-12-16T14:25:46","guid":{"rendered":"https:\/\/www.raytech.it\/?post_type=product&#038;p=6291&#038;lang=es"},"modified":"2025-02-18T22:25:40","modified_gmt":"2025-02-18T21:25:40","slug":"power-kit-ip68","status":"publish","type":"product","link":"https:\/\/www.raytech.it\/es\/producto\/baja-tension\/cajas\/power-kit-ip68","title":{"rendered":"Power Kit IP68"},"content":{"rendered":"<h4><span style=\"color: #009832;\">\u00a1El \u00fanico KIT IP68 reaccesible y reutilizable incluso si la caja de empalme se encuentra instalada en el techo o encastrada!<\/span><\/h4>\n<p>Es la soluci\u00f3n m\u00e1s vers\u00e1til y segura para las conexiones en caja completamente protegidas con un grado IP68; gracias a Magic Power, gel de nueva concepci\u00f3n de reticulaci\u00f3n r\u00e1pida, ,seguro y fiable, extremadamente pegajoso, auto aglomerante, con elevadas caracter\u00edsticas t\u00e9cnicas, t\u00e9rmicas y el\u00e1sticas, y con un sellado seguro ante cualquier tipo de instalaci\u00f3n, incluso bajo el agua. \u00a1De hecho Power Kit IP68 solution, es un producto \u00fanico! No solo porque al ser aislante puede ser utilizado de dos modo diferentes: ya sea como un producto tradicional \u201cvertido\u201d en la caja, o como un producto \u201creticulado y pegado\u201d (haci\u00e9ndolo reticular antes), ya que gracias a su poder reaccesible y reutilizable, \u00a1permite ahorrar tiempo y dinero!<\/p>\n<ul>\n<li><span style=\"color: #009832;\">Kit compuesto para una perfecta conexi\u00f3n IP68 <\/span><\/li>\n<li><span style=\"color: #009832;\">Aislado con Magic Power Gel el innovador gel en una \u00fanica botella auto aglomerante<\/span><\/li>\n<li><span style=\"color: #009832;\">Utilizable incluso en condiciones ambientales severas <\/span><\/li>\n<li><span style=\"color: #009832;\">Indicado para elevadas profundidades<\/span><\/li>\n<li><span style=\"color: #009832;\">No genera desperdicios<\/span><\/li>\n<li><span style=\"color: #009832;\">Sin caducidad<\/span><\/li>\n<\/ul>\n","protected":false},"excerpt":{"rendered":"<p>\u00a1El \u00fanico KIT IP68 reaccesible y reutilizable incluso si la caja de empalme se encuentra instalada en el techo o encastrada! Es la soluci\u00f3n m\u00e1s vers\u00e1til y segura para las<span class=\"excerpt-hellip\"> [\u2026]<\/span><\/p>\n","protected":false},"featured_media":3338,"template":"","meta":[],"product_brand":[],"product_cat":[239,249],"product_tag":[],"class_list":{"0":"post-6291","1":"product","2":"type-product","3":"status-publish","4":"has-post-thumbnail","6":"product_cat-baja-tension","7":"product_cat-cajas","9":"first","10":"outofstock","11":"taxable","12":"shipping-taxable","13":"product-type-simple"},"yoast_head":"<!-- This site is optimized with the Yoast SEO plugin v26.5 - https:\/\/yoast.com\/wordpress\/plugins\/seo\/ -->\n<title>Power Kit IP68 | Raytech<\/title>\n<meta name=\"robots\" content=\"index, follow, max-snippet:-1, max-image-preview:large, max-video-preview:-1\" \/>\n<link rel=\"canonical\" href=\"https:\/\/www.raytech.it\/es\/producto\/baja-tension\/cajas\/power-kit-ip68\" \/>\n<meta property=\"og:locale\" content=\"es_ES\" \/>\n<meta property=\"og:type\" content=\"article\" \/>\n<meta property=\"og:title\" content=\"Power Kit IP68 | Raytech\" \/>\n<meta property=\"og:description\" content=\"\u00a1El \u00fanico KIT IP68 reaccesible y reutilizable incluso si la caja de empalme se encuentra instalada en el techo o encastrada! Es la soluci\u00f3n m\u00e1s vers\u00e1til y segura para las [\u2026]\" \/>\n<meta property=\"og:url\" content=\"https:\/\/www.raytech.it\/es\/producto\/baja-tension\/cajas\/power-kit-ip68\" \/>\n<meta property=\"og:site_name\" content=\"Raytech\" \/>\n<meta property=\"article:publisher\" content=\"https:\/\/www.facebook.com\/RaytechItaly\" \/>\n<meta property=\"article:modified_time\" content=\"2025-02-18T21:25:40+00:00\" \/>\n<meta property=\"og:image\" content=\"https:\/\/www.raytech.it\/wp-content\/uploads\/power-kit-IP68-2.jpg\" \/>\n\t<meta property=\"og:image:width\" content=\"1024\" \/>\n\t<meta property=\"og:image:height\" content=\"1024\" \/>\n\t<meta property=\"og:image:type\" content=\"image\/jpeg\" \/>\n<meta name=\"twitter:card\" content=\"summary_large_image\" \/>\n<meta name=\"twitter:label1\" content=\"Tiempo de lectura\" \/>\n\t<meta name=\"twitter:data1\" content=\"1 minuto\" \/>\n<script type=\"application\/ld+json\" class=\"yoast-schema-graph\">{\"@context\":\"https:\/\/schema.org\",\"@graph\":[{\"@type\":\"WebPage\",\"@id\":\"https:\/\/www.raytech.it\/es\/producto\/baja-tension\/cajas\/power-kit-ip68\",\"url\":\"https:\/\/www.raytech.it\/es\/producto\/baja-tension\/cajas\/power-kit-ip68\",\"name\":\"Power Kit IP68 | Raytech\",\"isPartOf\":{\"@id\":\"https:\/\/www.raytech.it\/#website\"},\"primaryImageOfPage\":{\"@id\":\"https:\/\/www.raytech.it\/es\/producto\/baja-tension\/cajas\/power-kit-ip68#primaryimage\"},\"image\":{\"@id\":\"https:\/\/www.raytech.it\/es\/producto\/baja-tension\/cajas\/power-kit-ip68#primaryimage\"},\"thumbnailUrl\":\"https:\/\/www.raytech.it\/wp-content\/uploads\/power-kit-IP68-2.jpg\",\"datePublished\":\"2015-12-16T14:25:46+00:00\",\"dateModified\":\"2025-02-18T21:25:40+00:00\",\"breadcrumb\":{\"@id\":\"https:\/\/www.raytech.it\/es\/producto\/baja-tension\/cajas\/power-kit-ip68#breadcrumb\"},\"inLanguage\":\"es\",\"potentialAction\":[{\"@type\":\"ReadAction\",\"target\":[\"https:\/\/www.raytech.it\/es\/producto\/baja-tension\/cajas\/power-kit-ip68\"]}]},{\"@type\":\"ImageObject\",\"inLanguage\":\"es\",\"@id\":\"https:\/\/www.raytech.it\/es\/producto\/baja-tension\/cajas\/power-kit-ip68#primaryimage\",\"url\":\"https:\/\/www.raytech.it\/wp-content\/uploads\/power-kit-IP68-2.jpg\",\"contentUrl\":\"https:\/\/www.raytech.it\/wp-content\/uploads\/power-kit-IP68-2.jpg\",\"width\":1024,\"height\":1024},{\"@type\":\"BreadcrumbList\",\"@id\":\"https:\/\/www.raytech.it\/es\/producto\/baja-tension\/cajas\/power-kit-ip68#breadcrumb\",\"itemListElement\":[{\"@type\":\"ListItem\",\"position\":1,\"name\":\"Home\",\"item\":\"https:\/\/www.raytech.it\/es\"},{\"@type\":\"ListItem\",\"position\":2,\"name\":\"Tienda\",\"item\":\"https:\/\/www.raytech.it\/es\/tienda\"},{\"@type\":\"ListItem\",\"position\":3,\"name\":\"Power Kit IP68\"}]},{\"@type\":\"WebSite\",\"@id\":\"https:\/\/www.raytech.it\/#website\",\"url\":\"https:\/\/www.raytech.it\/\",\"name\":\"Raytech\",\"description\":\"Cable accessories company\",\"publisher\":{\"@id\":\"https:\/\/www.raytech.it\/#organization\"},\"potentialAction\":[{\"@type\":\"SearchAction\",\"target\":{\"@type\":\"EntryPoint\",\"urlTemplate\":\"https:\/\/www.raytech.it\/?s={search_term_string}\"},\"query-input\":{\"@type\":\"PropertyValueSpecification\",\"valueRequired\":true,\"valueName\":\"search_term_string\"}}],\"inLanguage\":\"es\"},{\"@type\":\"Organization\",\"@id\":\"https:\/\/www.raytech.it\/#organization\",\"name\":\"Raytech\",\"url\":\"https:\/\/www.raytech.it\/\",\"logo\":{\"@type\":\"ImageObject\",\"inLanguage\":\"es\",\"@id\":\"https:\/\/www.raytech.it\/#\/schema\/logo\/image\/\",\"url\":\"https:\/\/www.raytech.it\/wp-content\/uploads\/logo-raytech-2019-retina-3.png\",\"contentUrl\":\"https:\/\/www.raytech.it\/wp-content\/uploads\/logo-raytech-2019-retina-3.png\",\"width\":340,\"height\":90,\"caption\":\"Raytech\"},\"image\":{\"@id\":\"https:\/\/www.raytech.it\/#\/schema\/logo\/image\/\"},\"sameAs\":[\"https:\/\/www.facebook.com\/RaytechItaly\",\"https:\/\/www.instagram.com\/raytech_italy\/\",\"https:\/\/www.youtube.com\/user\/raytechitaly\",\"https:\/\/twitter.com\/Raytech_Italy\"]}]}<\/script>\n<!-- \/ Yoast SEO plugin. -->","yoast_head_json":{"title":"Power Kit IP68 | Raytech","robots":{"index":"index","follow":"follow","max-snippet":"max-snippet:-1","max-image-preview":"max-image-preview:large","max-video-preview":"max-video-preview:-1"},"canonical":"https:\/\/www.raytech.it\/es\/producto\/baja-tension\/cajas\/power-kit-ip68","og_locale":"es_ES","og_type":"article","og_title":"Power Kit IP68 | Raytech","og_description":"\u00a1El \u00fanico KIT IP68 reaccesible y reutilizable incluso si la caja de empalme se encuentra instalada en el techo o encastrada! Es la soluci\u00f3n m\u00e1s vers\u00e1til y segura para las [\u2026]","og_url":"https:\/\/www.raytech.it\/es\/producto\/baja-tension\/cajas\/power-kit-ip68","og_site_name":"Raytech","article_publisher":"https:\/\/www.facebook.com\/RaytechItaly","article_modified_time":"2025-02-18T21:25:40+00:00","og_image":[{"width":1024,"height":1024,"url":"https:\/\/www.raytech.it\/wp-content\/uploads\/power-kit-IP68-2.jpg","type":"image\/jpeg"}],"twitter_card":"summary_large_image","twitter_misc":{"Tiempo de lectura":"1 minuto"},"schema":{"@context":"https:\/\/schema.org","@graph":[{"@type":"WebPage","@id":"https:\/\/www.raytech.it\/es\/producto\/baja-tension\/cajas\/power-kit-ip68","url":"https:\/\/www.raytech.it\/es\/producto\/baja-tension\/cajas\/power-kit-ip68","name":"Power Kit IP68 | Raytech","isPartOf":{"@id":"https:\/\/www.raytech.it\/#website"},"primaryImageOfPage":{"@id":"https:\/\/www.raytech.it\/es\/producto\/baja-tension\/cajas\/power-kit-ip68#primaryimage"},"image":{"@id":"https:\/\/www.raytech.it\/es\/producto\/baja-tension\/cajas\/power-kit-ip68#primaryimage"},"thumbnailUrl":"https:\/\/www.raytech.it\/wp-content\/uploads\/power-kit-IP68-2.jpg","datePublished":"2015-12-16T14:25:46+00:00","dateModified":"2025-02-18T21:25:40+00:00","breadcrumb":{"@id":"https:\/\/www.raytech.it\/es\/producto\/baja-tension\/cajas\/power-kit-ip68#breadcrumb"},"inLanguage":"es","potentialAction":[{"@type":"ReadAction","target":["https:\/\/www.raytech.it\/es\/producto\/baja-tension\/cajas\/power-kit-ip68"]}]},{"@type":"ImageObject","inLanguage":"es","@id":"https:\/\/www.raytech.it\/es\/producto\/baja-tension\/cajas\/power-kit-ip68#primaryimage","url":"https:\/\/www.raytech.it\/wp-content\/uploads\/power-kit-IP68-2.jpg","contentUrl":"https:\/\/www.raytech.it\/wp-content\/uploads\/power-kit-IP68-2.jpg","width":1024,"height":1024},{"@type":"BreadcrumbList","@id":"https:\/\/www.raytech.it\/es\/producto\/baja-tension\/cajas\/power-kit-ip68#breadcrumb","itemListElement":[{"@type":"ListItem","position":1,"name":"Home","item":"https:\/\/www.raytech.it\/es"},{"@type":"ListItem","position":2,"name":"Tienda","item":"https:\/\/www.raytech.it\/es\/tienda"},{"@type":"ListItem","position":3,"name":"Power Kit IP68"}]},{"@type":"WebSite","@id":"https:\/\/www.raytech.it\/#website","url":"https:\/\/www.raytech.it\/","name":"Raytech","description":"Cable accessories company","publisher":{"@id":"https:\/\/www.raytech.it\/#organization"},"potentialAction":[{"@type":"SearchAction","target":{"@type":"EntryPoint","urlTemplate":"https:\/\/www.raytech.it\/?s={search_term_string}"},"query-input":{"@type":"PropertyValueSpecification","valueRequired":true,"valueName":"search_term_string"}}],"inLanguage":"es"},{"@type":"Organization","@id":"https:\/\/www.raytech.it\/#organization","name":"Raytech","url":"https:\/\/www.raytech.it\/","logo":{"@type":"ImageObject","inLanguage":"es","@id":"https:\/\/www.raytech.it\/#\/schema\/logo\/image\/","url":"https:\/\/www.raytech.it\/wp-content\/uploads\/logo-raytech-2019-retina-3.png","contentUrl":"https:\/\/www.raytech.it\/wp-content\/uploads\/logo-raytech-2019-retina-3.png","width":340,"height":90,"caption":"Raytech"},"image":{"@id":"https:\/\/www.raytech.it\/#\/schema\/logo\/image\/"},"sameAs":["https:\/\/www.facebook.com\/RaytechItaly","https:\/\/www.instagram.com\/raytech_italy\/","https:\/\/www.youtube.com\/user\/raytechitaly","https:\/\/twitter.com\/Raytech_Italy"]}]}},"_links":{"self":[{"href":"https:\/\/www.raytech.it\/es\/wp-json\/wp\/v2\/product\/6291","targetHints":{"allow":["GET"]}}],"collection":[{"href":"https:\/\/www.raytech.it\/es\/wp-json\/wp\/v2\/product"}],"about":[{"href":"https:\/\/www.raytech.it\/es\/wp-json\/wp\/v2\/types\/product"}],"wp:featuredmedia":[{"embeddable":true,"href":"https:\/\/www.raytech.it\/es\/wp-json\/wp\/v2\/media\/3338"}],"wp:attachment":[{"href":"https:\/\/www.raytech.it\/es\/wp-json\/wp\/v2\/media?parent=6291"}],"wp:term":[{"taxonomy":"product_brand","embeddable":true,"href":"https:\/\/www.raytech.it\/es\/wp-json\/wp\/v2\/product_brand?post=6291"},{"taxonomy":"product_cat","embeddable":true,"href":"https:\/\/www.raytech.it\/es\/wp-json\/wp\/v2\/product_cat?post=6291"},{"taxonomy":"product_tag","embeddable":true,"href":"https:\/\/www.raytech.it\/es\/wp-json\/wp\/v2\/product_tag?post=6291"}],"curies":[{"name":"wp","href":"https:\/\/api.w.org\/{rel}","templated":true}]}}