{"id":6334,"date":"2015-07-16T10:02:32","date_gmt":"2015-12-16T16:45:11","guid":{"rendered":"https:\/\/www.raytech.it\/?post_type=product&#038;p=6334&#038;lang=es"},"modified":"2015-12-16T16:45:11","modified_gmt":"2015-12-16T16:45:11","slug":"raytech-super-23","status":"publish","type":"product","link":"https:\/\/www.raytech.it\/es\/producto\/baja-tension\/cintas-aislantes\/auto-aglomerantes\/raytech-super-23","title":{"rendered":"Raytech Super 23"},"content":{"rendered":"<h4><span style=\"color: #009832;\">Cinta aislante auto aglomerante para empleos severos<\/span><\/h4>\n<p>La cinta Raytech Super 23 es una cinta elastom\u00e9rica de tipo autofusible a temperatura ambiente: las capas se funden por simple contacto para dar una masa compacta de excelentes caracter\u00edsticas f\u00edsicas, t\u00e9rmicas y el\u00e9ctricas. Por sus destacadas caracter\u00edsticas de hidrorepelencia es ideal para el aislamiento y la protecci\u00f3n de componentes el\u00e9ctricos, incluso en presencia de humedad o de exposiciones a la intemperie. ES suficiente con limpiar cuidadosamente las superficies que se desean revestir y aplicar la cinta tens\u00e1ndola ligeramente, eliminando el separador.<\/p>\n<ul>\n<li><span style=\"color: #009832;\">Impermeable e hidro repelente<\/span><\/li>\n<li><span style=\"color: #009832;\">Excelentes caracter\u00edsticas de resistencia al envejecimiento<\/span><\/li>\n<li><span style=\"color: #009832;\">Altamente auto fusible<\/span><\/li>\n<li><span style=\"color: #009832;\">Altamente conformante <\/span><\/li>\n<li><span style=\"color: #009832;\">Una voz aplicado mantiene las caracter\u00edsticas con el paso del tiempo <\/span><\/li>\n<li><span style=\"color: #009832;\">Resistente a las altas temperaturas<\/span><\/li>\n<\/ul>\n","protected":false},"excerpt":{"rendered":"<p>Cinta aislante auto aglomerante para empleos severos La cinta Raytech Super 23 es una cinta elastom\u00e9rica de tipo autofusible a temperatura ambiente: las capas se funden por simple contacto para<span class=\"excerpt-hellip\"> [\u2026]<\/span><\/p>\n","protected":false},"featured_media":1426,"template":"","meta":[],"product_brand":[],"product_cat":[239,250,253],"product_tag":[],"class_list":{"0":"post-6334","1":"product","2":"type-product","3":"status-publish","4":"has-post-thumbnail","6":"product_cat-baja-tension","7":"product_cat-cintas-aislantes","8":"product_cat-auto-aglomerantes","10":"first","11":"instock","12":"taxable","13":"shipping-taxable","14":"product-type-simple"},"yoast_head":"<!-- This site is optimized with the Yoast SEO plugin v26.5 - https:\/\/yoast.com\/wordpress\/plugins\/seo\/ -->\n<title>Raytech Super 23 | Raytech<\/title>\n<meta name=\"robots\" content=\"index, follow, max-snippet:-1, max-image-preview:large, max-video-preview:-1\" \/>\n<link rel=\"canonical\" href=\"https:\/\/www.raytech.it\/es\/producto\/baja-tension\/cintas-aislantes\/auto-aglomerantes\/raytech-super-23\" \/>\n<meta property=\"og:locale\" content=\"es_ES\" \/>\n<meta property=\"og:type\" content=\"article\" \/>\n<meta property=\"og:title\" content=\"Raytech Super 23 | Raytech\" \/>\n<meta property=\"og:description\" content=\"Cinta aislante auto aglomerante para empleos severos La cinta Raytech Super 23 es una cinta elastom\u00e9rica de tipo autofusible a temperatura ambiente: las capas se funden por simple contacto para [\u2026]\" \/>\n<meta property=\"og:url\" content=\"https:\/\/www.raytech.it\/es\/producto\/baja-tension\/cintas-aislantes\/auto-aglomerantes\/raytech-super-23\" \/>\n<meta property=\"og:site_name\" content=\"Raytech\" \/>\n<meta property=\"article:publisher\" content=\"https:\/\/www.facebook.com\/RaytechItaly\" \/>\n<meta property=\"og:image\" content=\"https:\/\/www.raytech.it\/wp-content\/uploads\/raytech-super-23.jpg\" \/>\n\t<meta property=\"og:image:width\" content=\"500\" \/>\n\t<meta property=\"og:image:height\" content=\"500\" \/>\n\t<meta property=\"og:image:type\" content=\"image\/jpeg\" \/>\n<meta name=\"twitter:card\" content=\"summary_large_image\" \/>\n<meta name=\"twitter:label1\" content=\"Tiempo de lectura\" \/>\n\t<meta name=\"twitter:data1\" content=\"1 minuto\" \/>\n<script type=\"application\/ld+json\" class=\"yoast-schema-graph\">{\"@context\":\"https:\/\/schema.org\",\"@graph\":[{\"@type\":\"WebPage\",\"@id\":\"https:\/\/www.raytech.it\/es\/producto\/baja-tension\/cintas-aislantes\/auto-aglomerantes\/raytech-super-23\",\"url\":\"https:\/\/www.raytech.it\/es\/producto\/baja-tension\/cintas-aislantes\/auto-aglomerantes\/raytech-super-23\",\"name\":\"Raytech Super 23 | Raytech\",\"isPartOf\":{\"@id\":\"https:\/\/www.raytech.it\/#website\"},\"primaryImageOfPage\":{\"@id\":\"https:\/\/www.raytech.it\/es\/producto\/baja-tension\/cintas-aislantes\/auto-aglomerantes\/raytech-super-23#primaryimage\"},\"image\":{\"@id\":\"https:\/\/www.raytech.it\/es\/producto\/baja-tension\/cintas-aislantes\/auto-aglomerantes\/raytech-super-23#primaryimage\"},\"thumbnailUrl\":\"https:\/\/www.raytech.it\/wp-content\/uploads\/raytech-super-23.jpg\",\"datePublished\":\"2015-12-16T16:45:11+00:00\",\"breadcrumb\":{\"@id\":\"https:\/\/www.raytech.it\/es\/producto\/baja-tension\/cintas-aislantes\/auto-aglomerantes\/raytech-super-23#breadcrumb\"},\"inLanguage\":\"es\",\"potentialAction\":[{\"@type\":\"ReadAction\",\"target\":[\"https:\/\/www.raytech.it\/es\/producto\/baja-tension\/cintas-aislantes\/auto-aglomerantes\/raytech-super-23\"]}]},{\"@type\":\"ImageObject\",\"inLanguage\":\"es\",\"@id\":\"https:\/\/www.raytech.it\/es\/producto\/baja-tension\/cintas-aislantes\/auto-aglomerantes\/raytech-super-23#primaryimage\",\"url\":\"https:\/\/www.raytech.it\/wp-content\/uploads\/raytech-super-23.jpg\",\"contentUrl\":\"https:\/\/www.raytech.it\/wp-content\/uploads\/raytech-super-23.jpg\",\"width\":500,\"height\":500},{\"@type\":\"BreadcrumbList\",\"@id\":\"https:\/\/www.raytech.it\/es\/producto\/baja-tension\/cintas-aislantes\/auto-aglomerantes\/raytech-super-23#breadcrumb\",\"itemListElement\":[{\"@type\":\"ListItem\",\"position\":1,\"name\":\"Home\",\"item\":\"https:\/\/www.raytech.it\/es\"},{\"@type\":\"ListItem\",\"position\":2,\"name\":\"Tienda\",\"item\":\"https:\/\/www.raytech.it\/es\/tienda\"},{\"@type\":\"ListItem\",\"position\":3,\"name\":\"Raytech Super 23\"}]},{\"@type\":\"WebSite\",\"@id\":\"https:\/\/www.raytech.it\/#website\",\"url\":\"https:\/\/www.raytech.it\/\",\"name\":\"Raytech\",\"description\":\"Cable accessories company\",\"publisher\":{\"@id\":\"https:\/\/www.raytech.it\/#organization\"},\"potentialAction\":[{\"@type\":\"SearchAction\",\"target\":{\"@type\":\"EntryPoint\",\"urlTemplate\":\"https:\/\/www.raytech.it\/?s={search_term_string}\"},\"query-input\":{\"@type\":\"PropertyValueSpecification\",\"valueRequired\":true,\"valueName\":\"search_term_string\"}}],\"inLanguage\":\"es\"},{\"@type\":\"Organization\",\"@id\":\"https:\/\/www.raytech.it\/#organization\",\"name\":\"Raytech\",\"url\":\"https:\/\/www.raytech.it\/\",\"logo\":{\"@type\":\"ImageObject\",\"inLanguage\":\"es\",\"@id\":\"https:\/\/www.raytech.it\/#\/schema\/logo\/image\/\",\"url\":\"https:\/\/www.raytech.it\/wp-content\/uploads\/logo-raytech-2019-retina-3.png\",\"contentUrl\":\"https:\/\/www.raytech.it\/wp-content\/uploads\/logo-raytech-2019-retina-3.png\",\"width\":340,\"height\":90,\"caption\":\"Raytech\"},\"image\":{\"@id\":\"https:\/\/www.raytech.it\/#\/schema\/logo\/image\/\"},\"sameAs\":[\"https:\/\/www.facebook.com\/RaytechItaly\",\"https:\/\/www.instagram.com\/raytech_italy\/\",\"https:\/\/www.youtube.com\/user\/raytechitaly\",\"https:\/\/twitter.com\/Raytech_Italy\"]}]}<\/script>\n<!-- \/ Yoast SEO plugin. -->","yoast_head_json":{"title":"Raytech Super 23 | Raytech","robots":{"index":"index","follow":"follow","max-snippet":"max-snippet:-1","max-image-preview":"max-image-preview:large","max-video-preview":"max-video-preview:-1"},"canonical":"https:\/\/www.raytech.it\/es\/producto\/baja-tension\/cintas-aislantes\/auto-aglomerantes\/raytech-super-23","og_locale":"es_ES","og_type":"article","og_title":"Raytech Super 23 | Raytech","og_description":"Cinta aislante auto aglomerante para empleos severos La cinta Raytech Super 23 es una cinta elastom\u00e9rica de tipo autofusible a temperatura ambiente: las capas se funden por simple contacto para [\u2026]","og_url":"https:\/\/www.raytech.it\/es\/producto\/baja-tension\/cintas-aislantes\/auto-aglomerantes\/raytech-super-23","og_site_name":"Raytech","article_publisher":"https:\/\/www.facebook.com\/RaytechItaly","og_image":[{"width":500,"height":500,"url":"https:\/\/www.raytech.it\/wp-content\/uploads\/raytech-super-23.jpg","type":"image\/jpeg"}],"twitter_card":"summary_large_image","twitter_misc":{"Tiempo de lectura":"1 minuto"},"schema":{"@context":"https:\/\/schema.org","@graph":[{"@type":"WebPage","@id":"https:\/\/www.raytech.it\/es\/producto\/baja-tension\/cintas-aislantes\/auto-aglomerantes\/raytech-super-23","url":"https:\/\/www.raytech.it\/es\/producto\/baja-tension\/cintas-aislantes\/auto-aglomerantes\/raytech-super-23","name":"Raytech Super 23 | Raytech","isPartOf":{"@id":"https:\/\/www.raytech.it\/#website"},"primaryImageOfPage":{"@id":"https:\/\/www.raytech.it\/es\/producto\/baja-tension\/cintas-aislantes\/auto-aglomerantes\/raytech-super-23#primaryimage"},"image":{"@id":"https:\/\/www.raytech.it\/es\/producto\/baja-tension\/cintas-aislantes\/auto-aglomerantes\/raytech-super-23#primaryimage"},"thumbnailUrl":"https:\/\/www.raytech.it\/wp-content\/uploads\/raytech-super-23.jpg","datePublished":"2015-12-16T16:45:11+00:00","breadcrumb":{"@id":"https:\/\/www.raytech.it\/es\/producto\/baja-tension\/cintas-aislantes\/auto-aglomerantes\/raytech-super-23#breadcrumb"},"inLanguage":"es","potentialAction":[{"@type":"ReadAction","target":["https:\/\/www.raytech.it\/es\/producto\/baja-tension\/cintas-aislantes\/auto-aglomerantes\/raytech-super-23"]}]},{"@type":"ImageObject","inLanguage":"es","@id":"https:\/\/www.raytech.it\/es\/producto\/baja-tension\/cintas-aislantes\/auto-aglomerantes\/raytech-super-23#primaryimage","url":"https:\/\/www.raytech.it\/wp-content\/uploads\/raytech-super-23.jpg","contentUrl":"https:\/\/www.raytech.it\/wp-content\/uploads\/raytech-super-23.jpg","width":500,"height":500},{"@type":"BreadcrumbList","@id":"https:\/\/www.raytech.it\/es\/producto\/baja-tension\/cintas-aislantes\/auto-aglomerantes\/raytech-super-23#breadcrumb","itemListElement":[{"@type":"ListItem","position":1,"name":"Home","item":"https:\/\/www.raytech.it\/es"},{"@type":"ListItem","position":2,"name":"Tienda","item":"https:\/\/www.raytech.it\/es\/tienda"},{"@type":"ListItem","position":3,"name":"Raytech Super 23"}]},{"@type":"WebSite","@id":"https:\/\/www.raytech.it\/#website","url":"https:\/\/www.raytech.it\/","name":"Raytech","description":"Cable accessories company","publisher":{"@id":"https:\/\/www.raytech.it\/#organization"},"potentialAction":[{"@type":"SearchAction","target":{"@type":"EntryPoint","urlTemplate":"https:\/\/www.raytech.it\/?s={search_term_string}"},"query-input":{"@type":"PropertyValueSpecification","valueRequired":true,"valueName":"search_term_string"}}],"inLanguage":"es"},{"@type":"Organization","@id":"https:\/\/www.raytech.it\/#organization","name":"Raytech","url":"https:\/\/www.raytech.it\/","logo":{"@type":"ImageObject","inLanguage":"es","@id":"https:\/\/www.raytech.it\/#\/schema\/logo\/image\/","url":"https:\/\/www.raytech.it\/wp-content\/uploads\/logo-raytech-2019-retina-3.png","contentUrl":"https:\/\/www.raytech.it\/wp-content\/uploads\/logo-raytech-2019-retina-3.png","width":340,"height":90,"caption":"Raytech"},"image":{"@id":"https:\/\/www.raytech.it\/#\/schema\/logo\/image\/"},"sameAs":["https:\/\/www.facebook.com\/RaytechItaly","https:\/\/www.instagram.com\/raytech_italy\/","https:\/\/www.youtube.com\/user\/raytechitaly","https:\/\/twitter.com\/Raytech_Italy"]}]}},"_links":{"self":[{"href":"https:\/\/www.raytech.it\/es\/wp-json\/wp\/v2\/product\/6334","targetHints":{"allow":["GET"]}}],"collection":[{"href":"https:\/\/www.raytech.it\/es\/wp-json\/wp\/v2\/product"}],"about":[{"href":"https:\/\/www.raytech.it\/es\/wp-json\/wp\/v2\/types\/product"}],"wp:featuredmedia":[{"embeddable":true,"href":"https:\/\/www.raytech.it\/es\/wp-json\/wp\/v2\/media\/1426"}],"wp:attachment":[{"href":"https:\/\/www.raytech.it\/es\/wp-json\/wp\/v2\/media?parent=6334"}],"wp:term":[{"taxonomy":"product_brand","embeddable":true,"href":"https:\/\/www.raytech.it\/es\/wp-json\/wp\/v2\/product_brand?post=6334"},{"taxonomy":"product_cat","embeddable":true,"href":"https:\/\/www.raytech.it\/es\/wp-json\/wp\/v2\/product_cat?post=6334"},{"taxonomy":"product_tag","embeddable":true,"href":"https:\/\/www.raytech.it\/es\/wp-json\/wp\/v2\/product_tag?post=6334"}],"curies":[{"name":"wp","href":"https:\/\/api.w.org\/{rel}","templated":true}]}}