{"id":6351,"date":"2015-07-16T12:52:01","date_gmt":"2015-12-17T08:43:45","guid":{"rendered":"https:\/\/www.raytech.it\/?post_type=product&#038;p=6351&#038;lang=es"},"modified":"2025-02-18T20:04:31","modified_gmt":"2025-02-18T19:04:31","slug":"fire-stop-panel","status":"publish","type":"product","link":"https:\/\/www.raytech.it\/es\/producto\/baja-tension\/barreras-anti-llama\/fire-stop-panel","title":{"rendered":"Barrera ign\u00edfuga en paneles"},"content":{"rendered":"<h4><span style=\"color: #009832;\">Fire Stop Panel<br \/>\nBarrera ign\u00edfuga en paneles<\/span><\/h4>\n<p>Paneles ign\u00edfugos revestidos de m\u00e1stique para impedir la propagaci\u00f3n de incendios tapando\u00a0los pasos a trav\u00e9s de paredes de divisi\u00f3n de compartimentos. Se aplican para sellar los pasos\u00a0a trav\u00e9s de las paredes, de manera segura y econ\u00f3mica.<\/p>\n<ul>\n<li><span style=\"color: #009832;\">Fabricados en lana de roca<\/span><\/li>\n<li><span style=\"color: #009832;\">Revestidos de m\u00e1stique\u00a0<\/span><\/li>\n<li><span style=\"color: #009832;\">Resistente a los mohos y a las bacterias<\/span><\/li>\n<\/ul>\n","protected":false},"excerpt":{"rendered":"<p>Dimensioni 600x500x52<\/p>\n","protected":false},"featured_media":1524,"template":"","meta":[],"product_brand":[],"product_cat":[239,240],"product_tag":[],"class_list":{"0":"post-6351","1":"product","2":"type-product","3":"status-publish","4":"has-post-thumbnail","6":"product_cat-baja-tension","7":"product_cat-barreras-anti-llama","9":"first","10":"instock","11":"taxable","12":"shipping-taxable","13":"product-type-simple"},"yoast_head":"<!-- This site is optimized with the Yoast SEO plugin v26.5 - https:\/\/yoast.com\/wordpress\/plugins\/seo\/ -->\n<title>Barrera ign\u00edfuga en paneles | Raytech<\/title>\n<meta name=\"robots\" content=\"index, follow, max-snippet:-1, max-image-preview:large, max-video-preview:-1\" \/>\n<link rel=\"canonical\" href=\"https:\/\/www.raytech.it\/es\/producto\/baja-tension\/barreras-anti-llama\/fire-stop-panel\" \/>\n<meta property=\"og:locale\" content=\"es_ES\" \/>\n<meta property=\"og:type\" content=\"article\" \/>\n<meta property=\"og:title\" content=\"Barrera ign\u00edfuga en paneles | Raytech\" \/>\n<meta property=\"og:description\" content=\"Dimensioni 600x500x52\" \/>\n<meta property=\"og:url\" content=\"https:\/\/www.raytech.it\/es\/producto\/baja-tension\/barreras-anti-llama\/fire-stop-panel\" \/>\n<meta property=\"og:site_name\" content=\"Raytech\" \/>\n<meta property=\"article:publisher\" content=\"https:\/\/www.facebook.com\/RaytechItaly\" \/>\n<meta property=\"article:modified_time\" content=\"2025-02-18T19:04:31+00:00\" \/>\n<meta property=\"og:image\" content=\"https:\/\/www.raytech.it\/wp-content\/uploads\/fire-stop-panel.jpg\" \/>\n\t<meta property=\"og:image:width\" content=\"500\" \/>\n\t<meta property=\"og:image:height\" content=\"500\" \/>\n\t<meta property=\"og:image:type\" content=\"image\/jpeg\" \/>\n<meta name=\"twitter:card\" content=\"summary_large_image\" \/>\n<script type=\"application\/ld+json\" class=\"yoast-schema-graph\">{\"@context\":\"https:\/\/schema.org\",\"@graph\":[{\"@type\":\"WebPage\",\"@id\":\"https:\/\/www.raytech.it\/es\/producto\/baja-tension\/barreras-anti-llama\/fire-stop-panel\",\"url\":\"https:\/\/www.raytech.it\/es\/producto\/baja-tension\/barreras-anti-llama\/fire-stop-panel\",\"name\":\"Barrera ign\u00edfuga en paneles | Raytech\",\"isPartOf\":{\"@id\":\"https:\/\/www.raytech.it\/#website\"},\"primaryImageOfPage\":{\"@id\":\"https:\/\/www.raytech.it\/es\/producto\/baja-tension\/barreras-anti-llama\/fire-stop-panel#primaryimage\"},\"image\":{\"@id\":\"https:\/\/www.raytech.it\/es\/producto\/baja-tension\/barreras-anti-llama\/fire-stop-panel#primaryimage\"},\"thumbnailUrl\":\"https:\/\/www.raytech.it\/wp-content\/uploads\/fire-stop-panel.jpg\",\"datePublished\":\"2015-12-17T08:43:45+00:00\",\"dateModified\":\"2025-02-18T19:04:31+00:00\",\"breadcrumb\":{\"@id\":\"https:\/\/www.raytech.it\/es\/producto\/baja-tension\/barreras-anti-llama\/fire-stop-panel#breadcrumb\"},\"inLanguage\":\"es\",\"potentialAction\":[{\"@type\":\"ReadAction\",\"target\":[\"https:\/\/www.raytech.it\/es\/producto\/baja-tension\/barreras-anti-llama\/fire-stop-panel\"]}]},{\"@type\":\"ImageObject\",\"inLanguage\":\"es\",\"@id\":\"https:\/\/www.raytech.it\/es\/producto\/baja-tension\/barreras-anti-llama\/fire-stop-panel#primaryimage\",\"url\":\"https:\/\/www.raytech.it\/wp-content\/uploads\/fire-stop-panel.jpg\",\"contentUrl\":\"https:\/\/www.raytech.it\/wp-content\/uploads\/fire-stop-panel.jpg\",\"width\":500,\"height\":500},{\"@type\":\"BreadcrumbList\",\"@id\":\"https:\/\/www.raytech.it\/es\/producto\/baja-tension\/barreras-anti-llama\/fire-stop-panel#breadcrumb\",\"itemListElement\":[{\"@type\":\"ListItem\",\"position\":1,\"name\":\"Home\",\"item\":\"https:\/\/www.raytech.it\/es\"},{\"@type\":\"ListItem\",\"position\":2,\"name\":\"Tienda\",\"item\":\"https:\/\/www.raytech.it\/es\/tienda\"},{\"@type\":\"ListItem\",\"position\":3,\"name\":\"Barrera ign\u00edfuga en paneles\"}]},{\"@type\":\"WebSite\",\"@id\":\"https:\/\/www.raytech.it\/#website\",\"url\":\"https:\/\/www.raytech.it\/\",\"name\":\"Raytech\",\"description\":\"Cable accessories company\",\"publisher\":{\"@id\":\"https:\/\/www.raytech.it\/#organization\"},\"potentialAction\":[{\"@type\":\"SearchAction\",\"target\":{\"@type\":\"EntryPoint\",\"urlTemplate\":\"https:\/\/www.raytech.it\/?s={search_term_string}\"},\"query-input\":{\"@type\":\"PropertyValueSpecification\",\"valueRequired\":true,\"valueName\":\"search_term_string\"}}],\"inLanguage\":\"es\"},{\"@type\":\"Organization\",\"@id\":\"https:\/\/www.raytech.it\/#organization\",\"name\":\"Raytech\",\"url\":\"https:\/\/www.raytech.it\/\",\"logo\":{\"@type\":\"ImageObject\",\"inLanguage\":\"es\",\"@id\":\"https:\/\/www.raytech.it\/#\/schema\/logo\/image\/\",\"url\":\"https:\/\/www.raytech.it\/wp-content\/uploads\/logo-raytech-2019-retina-3.png\",\"contentUrl\":\"https:\/\/www.raytech.it\/wp-content\/uploads\/logo-raytech-2019-retina-3.png\",\"width\":340,\"height\":90,\"caption\":\"Raytech\"},\"image\":{\"@id\":\"https:\/\/www.raytech.it\/#\/schema\/logo\/image\/\"},\"sameAs\":[\"https:\/\/www.facebook.com\/RaytechItaly\",\"https:\/\/www.instagram.com\/raytech_italy\/\",\"https:\/\/www.youtube.com\/user\/raytechitaly\",\"https:\/\/twitter.com\/Raytech_Italy\"]}]}<\/script>\n<!-- \/ Yoast SEO plugin. -->","yoast_head_json":{"title":"Barrera ign\u00edfuga en paneles | Raytech","robots":{"index":"index","follow":"follow","max-snippet":"max-snippet:-1","max-image-preview":"max-image-preview:large","max-video-preview":"max-video-preview:-1"},"canonical":"https:\/\/www.raytech.it\/es\/producto\/baja-tension\/barreras-anti-llama\/fire-stop-panel","og_locale":"es_ES","og_type":"article","og_title":"Barrera ign\u00edfuga en paneles | Raytech","og_description":"Dimensioni 600x500x52","og_url":"https:\/\/www.raytech.it\/es\/producto\/baja-tension\/barreras-anti-llama\/fire-stop-panel","og_site_name":"Raytech","article_publisher":"https:\/\/www.facebook.com\/RaytechItaly","article_modified_time":"2025-02-18T19:04:31+00:00","og_image":[{"width":500,"height":500,"url":"https:\/\/www.raytech.it\/wp-content\/uploads\/fire-stop-panel.jpg","type":"image\/jpeg"}],"twitter_card":"summary_large_image","schema":{"@context":"https:\/\/schema.org","@graph":[{"@type":"WebPage","@id":"https:\/\/www.raytech.it\/es\/producto\/baja-tension\/barreras-anti-llama\/fire-stop-panel","url":"https:\/\/www.raytech.it\/es\/producto\/baja-tension\/barreras-anti-llama\/fire-stop-panel","name":"Barrera ign\u00edfuga en paneles | Raytech","isPartOf":{"@id":"https:\/\/www.raytech.it\/#website"},"primaryImageOfPage":{"@id":"https:\/\/www.raytech.it\/es\/producto\/baja-tension\/barreras-anti-llama\/fire-stop-panel#primaryimage"},"image":{"@id":"https:\/\/www.raytech.it\/es\/producto\/baja-tension\/barreras-anti-llama\/fire-stop-panel#primaryimage"},"thumbnailUrl":"https:\/\/www.raytech.it\/wp-content\/uploads\/fire-stop-panel.jpg","datePublished":"2015-12-17T08:43:45+00:00","dateModified":"2025-02-18T19:04:31+00:00","breadcrumb":{"@id":"https:\/\/www.raytech.it\/es\/producto\/baja-tension\/barreras-anti-llama\/fire-stop-panel#breadcrumb"},"inLanguage":"es","potentialAction":[{"@type":"ReadAction","target":["https:\/\/www.raytech.it\/es\/producto\/baja-tension\/barreras-anti-llama\/fire-stop-panel"]}]},{"@type":"ImageObject","inLanguage":"es","@id":"https:\/\/www.raytech.it\/es\/producto\/baja-tension\/barreras-anti-llama\/fire-stop-panel#primaryimage","url":"https:\/\/www.raytech.it\/wp-content\/uploads\/fire-stop-panel.jpg","contentUrl":"https:\/\/www.raytech.it\/wp-content\/uploads\/fire-stop-panel.jpg","width":500,"height":500},{"@type":"BreadcrumbList","@id":"https:\/\/www.raytech.it\/es\/producto\/baja-tension\/barreras-anti-llama\/fire-stop-panel#breadcrumb","itemListElement":[{"@type":"ListItem","position":1,"name":"Home","item":"https:\/\/www.raytech.it\/es"},{"@type":"ListItem","position":2,"name":"Tienda","item":"https:\/\/www.raytech.it\/es\/tienda"},{"@type":"ListItem","position":3,"name":"Barrera ign\u00edfuga en paneles"}]},{"@type":"WebSite","@id":"https:\/\/www.raytech.it\/#website","url":"https:\/\/www.raytech.it\/","name":"Raytech","description":"Cable accessories company","publisher":{"@id":"https:\/\/www.raytech.it\/#organization"},"potentialAction":[{"@type":"SearchAction","target":{"@type":"EntryPoint","urlTemplate":"https:\/\/www.raytech.it\/?s={search_term_string}"},"query-input":{"@type":"PropertyValueSpecification","valueRequired":true,"valueName":"search_term_string"}}],"inLanguage":"es"},{"@type":"Organization","@id":"https:\/\/www.raytech.it\/#organization","name":"Raytech","url":"https:\/\/www.raytech.it\/","logo":{"@type":"ImageObject","inLanguage":"es","@id":"https:\/\/www.raytech.it\/#\/schema\/logo\/image\/","url":"https:\/\/www.raytech.it\/wp-content\/uploads\/logo-raytech-2019-retina-3.png","contentUrl":"https:\/\/www.raytech.it\/wp-content\/uploads\/logo-raytech-2019-retina-3.png","width":340,"height":90,"caption":"Raytech"},"image":{"@id":"https:\/\/www.raytech.it\/#\/schema\/logo\/image\/"},"sameAs":["https:\/\/www.facebook.com\/RaytechItaly","https:\/\/www.instagram.com\/raytech_italy\/","https:\/\/www.youtube.com\/user\/raytechitaly","https:\/\/twitter.com\/Raytech_Italy"]}]}},"_links":{"self":[{"href":"https:\/\/www.raytech.it\/es\/wp-json\/wp\/v2\/product\/6351","targetHints":{"allow":["GET"]}}],"collection":[{"href":"https:\/\/www.raytech.it\/es\/wp-json\/wp\/v2\/product"}],"about":[{"href":"https:\/\/www.raytech.it\/es\/wp-json\/wp\/v2\/types\/product"}],"wp:featuredmedia":[{"embeddable":true,"href":"https:\/\/www.raytech.it\/es\/wp-json\/wp\/v2\/media\/1524"}],"wp:attachment":[{"href":"https:\/\/www.raytech.it\/es\/wp-json\/wp\/v2\/media?parent=6351"}],"wp:term":[{"taxonomy":"product_brand","embeddable":true,"href":"https:\/\/www.raytech.it\/es\/wp-json\/wp\/v2\/product_brand?post=6351"},{"taxonomy":"product_cat","embeddable":true,"href":"https:\/\/www.raytech.it\/es\/wp-json\/wp\/v2\/product_cat?post=6351"},{"taxonomy":"product_tag","embeddable":true,"href":"https:\/\/www.raytech.it\/es\/wp-json\/wp\/v2\/product_tag?post=6351"}],"curies":[{"name":"wp","href":"https:\/\/api.w.org\/{rel}","templated":true}]}}