{"id":6365,"date":"2015-07-16T13:20:43","date_gmt":"2015-12-17T09:23:10","guid":{"rendered":"https:\/\/www.raytech.it\/?post_type=product&#038;p=6365&#038;lang=es"},"modified":"2025-02-18T18:36:57","modified_gmt":"2025-02-18T17:36:57","slug":"galactic-animal-barrier","status":"publish","type":"product","link":"https:\/\/www.raytech.it\/es\/producto\/baja-tension\/especiales\/kit-para-instalaciones-electricas\/galactic-animal-barrier","title":{"rendered":"Galactic Animal Barrier"},"content":{"rendered":"<h4><span style=\"color: #009832;\">Goma en pasta bicomponente modelable para la prevenci\u00f3n contra la entrusi\u00f3n animal<\/span><\/h4>\n<p>Galactic Animal Barrier es un compuesto en pasta bi componente no t\u00f3xico, sin caducidad de almacenamiento, extremadamente d\u00factil y maleable antes de la reticulaci\u00f3n que, aplicado sobre la base del ingreso que se desea proteger de la entrada (conducto, tubos y conductos porta cables etc.), reticula r\u00e1pidamente para constituir una eficaz barrera contra la entrada de peque\u00f1os animales (insectos, caracoles, babosas etc., p.ej. en las cajas de empalme de puertas autom\u00e1ticas).<\/p>\n","protected":false},"excerpt":{"rendered":"<p><strong>Composizione del kit:<\/strong> 2 barattoli bicomponente<\/p>\n","protected":false},"featured_media":3987,"template":"","meta":[],"product_brand":[],"product_cat":[239,260,261],"product_tag":[],"class_list":{"0":"post-6365","1":"product","2":"type-product","3":"status-publish","4":"has-post-thumbnail","6":"product_cat-baja-tension","7":"product_cat-especiales","8":"product_cat-kit-para-instalaciones-electricas","10":"first","11":"instock","12":"taxable","13":"shipping-taxable","14":"purchasable","15":"product-type-variable"},"yoast_head":"<!-- This site is optimized with the Yoast SEO plugin v26.5 - https:\/\/yoast.com\/wordpress\/plugins\/seo\/ -->\n<title>Galactic Animal Barrier | Raytech<\/title>\n<meta name=\"robots\" content=\"index, follow, max-snippet:-1, max-image-preview:large, max-video-preview:-1\" \/>\n<link rel=\"canonical\" href=\"https:\/\/www.raytech.it\/es\/producto\/baja-tension\/especiales\/kit-para-instalaciones-electricas\/galactic-animal-barrier\" \/>\n<meta property=\"og:locale\" content=\"es_ES\" \/>\n<meta property=\"og:type\" content=\"article\" \/>\n<meta property=\"og:title\" content=\"Galactic Animal Barrier | Raytech\" \/>\n<meta property=\"og:description\" content=\"Composizione del kit: 2 barattoli bicomponente\" \/>\n<meta property=\"og:url\" content=\"https:\/\/www.raytech.it\/es\/producto\/baja-tension\/especiales\/kit-para-instalaciones-electricas\/galactic-animal-barrier\" \/>\n<meta property=\"og:site_name\" content=\"Raytech\" \/>\n<meta property=\"article:publisher\" content=\"https:\/\/www.facebook.com\/RaytechItaly\" \/>\n<meta property=\"article:modified_time\" content=\"2025-02-18T17:36:57+00:00\" \/>\n<meta property=\"og:image\" content=\"https:\/\/www.raytech.it\/wp-content\/uploads\/galactic-animal-barrier-1.jpg\" \/>\n\t<meta property=\"og:image:width\" content=\"1024\" \/>\n\t<meta property=\"og:image:height\" content=\"1024\" \/>\n\t<meta property=\"og:image:type\" content=\"image\/jpeg\" \/>\n<meta name=\"twitter:card\" content=\"summary_large_image\" \/>\n<script type=\"application\/ld+json\" class=\"yoast-schema-graph\">{\"@context\":\"https:\/\/schema.org\",\"@graph\":[{\"@type\":\"WebPage\",\"@id\":\"https:\/\/www.raytech.it\/es\/producto\/baja-tension\/especiales\/kit-para-instalaciones-electricas\/galactic-animal-barrier\",\"url\":\"https:\/\/www.raytech.it\/es\/producto\/baja-tension\/especiales\/kit-para-instalaciones-electricas\/galactic-animal-barrier\",\"name\":\"Galactic Animal Barrier | Raytech\",\"isPartOf\":{\"@id\":\"https:\/\/www.raytech.it\/#website\"},\"primaryImageOfPage\":{\"@id\":\"https:\/\/www.raytech.it\/es\/producto\/baja-tension\/especiales\/kit-para-instalaciones-electricas\/galactic-animal-barrier#primaryimage\"},\"image\":{\"@id\":\"https:\/\/www.raytech.it\/es\/producto\/baja-tension\/especiales\/kit-para-instalaciones-electricas\/galactic-animal-barrier#primaryimage\"},\"thumbnailUrl\":\"https:\/\/www.raytech.it\/wp-content\/uploads\/galactic-animal-barrier-1.jpg\",\"datePublished\":\"2015-12-17T09:23:10+00:00\",\"dateModified\":\"2025-02-18T17:36:57+00:00\",\"breadcrumb\":{\"@id\":\"https:\/\/www.raytech.it\/es\/producto\/baja-tension\/especiales\/kit-para-instalaciones-electricas\/galactic-animal-barrier#breadcrumb\"},\"inLanguage\":\"es\",\"potentialAction\":[{\"@type\":\"ReadAction\",\"target\":[\"https:\/\/www.raytech.it\/es\/producto\/baja-tension\/especiales\/kit-para-instalaciones-electricas\/galactic-animal-barrier\"]}]},{\"@type\":\"ImageObject\",\"inLanguage\":\"es\",\"@id\":\"https:\/\/www.raytech.it\/es\/producto\/baja-tension\/especiales\/kit-para-instalaciones-electricas\/galactic-animal-barrier#primaryimage\",\"url\":\"https:\/\/www.raytech.it\/wp-content\/uploads\/galactic-animal-barrier-1.jpg\",\"contentUrl\":\"https:\/\/www.raytech.it\/wp-content\/uploads\/galactic-animal-barrier-1.jpg\",\"width\":1024,\"height\":1024},{\"@type\":\"BreadcrumbList\",\"@id\":\"https:\/\/www.raytech.it\/es\/producto\/baja-tension\/especiales\/kit-para-instalaciones-electricas\/galactic-animal-barrier#breadcrumb\",\"itemListElement\":[{\"@type\":\"ListItem\",\"position\":1,\"name\":\"Home\",\"item\":\"https:\/\/www.raytech.it\/es\"},{\"@type\":\"ListItem\",\"position\":2,\"name\":\"Tienda\",\"item\":\"https:\/\/www.raytech.it\/es\/tienda\"},{\"@type\":\"ListItem\",\"position\":3,\"name\":\"Galactic Animal Barrier\"}]},{\"@type\":\"WebSite\",\"@id\":\"https:\/\/www.raytech.it\/#website\",\"url\":\"https:\/\/www.raytech.it\/\",\"name\":\"Raytech\",\"description\":\"Cable accessories company\",\"publisher\":{\"@id\":\"https:\/\/www.raytech.it\/#organization\"},\"potentialAction\":[{\"@type\":\"SearchAction\",\"target\":{\"@type\":\"EntryPoint\",\"urlTemplate\":\"https:\/\/www.raytech.it\/?s={search_term_string}\"},\"query-input\":{\"@type\":\"PropertyValueSpecification\",\"valueRequired\":true,\"valueName\":\"search_term_string\"}}],\"inLanguage\":\"es\"},{\"@type\":\"Organization\",\"@id\":\"https:\/\/www.raytech.it\/#organization\",\"name\":\"Raytech\",\"url\":\"https:\/\/www.raytech.it\/\",\"logo\":{\"@type\":\"ImageObject\",\"inLanguage\":\"es\",\"@id\":\"https:\/\/www.raytech.it\/#\/schema\/logo\/image\/\",\"url\":\"https:\/\/www.raytech.it\/wp-content\/uploads\/logo-raytech-2019-retina-3.png\",\"contentUrl\":\"https:\/\/www.raytech.it\/wp-content\/uploads\/logo-raytech-2019-retina-3.png\",\"width\":340,\"height\":90,\"caption\":\"Raytech\"},\"image\":{\"@id\":\"https:\/\/www.raytech.it\/#\/schema\/logo\/image\/\"},\"sameAs\":[\"https:\/\/www.facebook.com\/RaytechItaly\",\"https:\/\/www.instagram.com\/raytech_italy\/\",\"https:\/\/www.youtube.com\/user\/raytechitaly\",\"https:\/\/twitter.com\/Raytech_Italy\"]}]}<\/script>\n<!-- \/ Yoast SEO plugin. -->","yoast_head_json":{"title":"Galactic Animal Barrier | Raytech","robots":{"index":"index","follow":"follow","max-snippet":"max-snippet:-1","max-image-preview":"max-image-preview:large","max-video-preview":"max-video-preview:-1"},"canonical":"https:\/\/www.raytech.it\/es\/producto\/baja-tension\/especiales\/kit-para-instalaciones-electricas\/galactic-animal-barrier","og_locale":"es_ES","og_type":"article","og_title":"Galactic Animal Barrier | Raytech","og_description":"Composizione del kit: 2 barattoli bicomponente","og_url":"https:\/\/www.raytech.it\/es\/producto\/baja-tension\/especiales\/kit-para-instalaciones-electricas\/galactic-animal-barrier","og_site_name":"Raytech","article_publisher":"https:\/\/www.facebook.com\/RaytechItaly","article_modified_time":"2025-02-18T17:36:57+00:00","og_image":[{"width":1024,"height":1024,"url":"https:\/\/www.raytech.it\/wp-content\/uploads\/galactic-animal-barrier-1.jpg","type":"image\/jpeg"}],"twitter_card":"summary_large_image","schema":{"@context":"https:\/\/schema.org","@graph":[{"@type":"WebPage","@id":"https:\/\/www.raytech.it\/es\/producto\/baja-tension\/especiales\/kit-para-instalaciones-electricas\/galactic-animal-barrier","url":"https:\/\/www.raytech.it\/es\/producto\/baja-tension\/especiales\/kit-para-instalaciones-electricas\/galactic-animal-barrier","name":"Galactic Animal Barrier | Raytech","isPartOf":{"@id":"https:\/\/www.raytech.it\/#website"},"primaryImageOfPage":{"@id":"https:\/\/www.raytech.it\/es\/producto\/baja-tension\/especiales\/kit-para-instalaciones-electricas\/galactic-animal-barrier#primaryimage"},"image":{"@id":"https:\/\/www.raytech.it\/es\/producto\/baja-tension\/especiales\/kit-para-instalaciones-electricas\/galactic-animal-barrier#primaryimage"},"thumbnailUrl":"https:\/\/www.raytech.it\/wp-content\/uploads\/galactic-animal-barrier-1.jpg","datePublished":"2015-12-17T09:23:10+00:00","dateModified":"2025-02-18T17:36:57+00:00","breadcrumb":{"@id":"https:\/\/www.raytech.it\/es\/producto\/baja-tension\/especiales\/kit-para-instalaciones-electricas\/galactic-animal-barrier#breadcrumb"},"inLanguage":"es","potentialAction":[{"@type":"ReadAction","target":["https:\/\/www.raytech.it\/es\/producto\/baja-tension\/especiales\/kit-para-instalaciones-electricas\/galactic-animal-barrier"]}]},{"@type":"ImageObject","inLanguage":"es","@id":"https:\/\/www.raytech.it\/es\/producto\/baja-tension\/especiales\/kit-para-instalaciones-electricas\/galactic-animal-barrier#primaryimage","url":"https:\/\/www.raytech.it\/wp-content\/uploads\/galactic-animal-barrier-1.jpg","contentUrl":"https:\/\/www.raytech.it\/wp-content\/uploads\/galactic-animal-barrier-1.jpg","width":1024,"height":1024},{"@type":"BreadcrumbList","@id":"https:\/\/www.raytech.it\/es\/producto\/baja-tension\/especiales\/kit-para-instalaciones-electricas\/galactic-animal-barrier#breadcrumb","itemListElement":[{"@type":"ListItem","position":1,"name":"Home","item":"https:\/\/www.raytech.it\/es"},{"@type":"ListItem","position":2,"name":"Tienda","item":"https:\/\/www.raytech.it\/es\/tienda"},{"@type":"ListItem","position":3,"name":"Galactic Animal Barrier"}]},{"@type":"WebSite","@id":"https:\/\/www.raytech.it\/#website","url":"https:\/\/www.raytech.it\/","name":"Raytech","description":"Cable accessories company","publisher":{"@id":"https:\/\/www.raytech.it\/#organization"},"potentialAction":[{"@type":"SearchAction","target":{"@type":"EntryPoint","urlTemplate":"https:\/\/www.raytech.it\/?s={search_term_string}"},"query-input":{"@type":"PropertyValueSpecification","valueRequired":true,"valueName":"search_term_string"}}],"inLanguage":"es"},{"@type":"Organization","@id":"https:\/\/www.raytech.it\/#organization","name":"Raytech","url":"https:\/\/www.raytech.it\/","logo":{"@type":"ImageObject","inLanguage":"es","@id":"https:\/\/www.raytech.it\/#\/schema\/logo\/image\/","url":"https:\/\/www.raytech.it\/wp-content\/uploads\/logo-raytech-2019-retina-3.png","contentUrl":"https:\/\/www.raytech.it\/wp-content\/uploads\/logo-raytech-2019-retina-3.png","width":340,"height":90,"caption":"Raytech"},"image":{"@id":"https:\/\/www.raytech.it\/#\/schema\/logo\/image\/"},"sameAs":["https:\/\/www.facebook.com\/RaytechItaly","https:\/\/www.instagram.com\/raytech_italy\/","https:\/\/www.youtube.com\/user\/raytechitaly","https:\/\/twitter.com\/Raytech_Italy"]}]}},"_links":{"self":[{"href":"https:\/\/www.raytech.it\/es\/wp-json\/wp\/v2\/product\/6365","targetHints":{"allow":["GET"]}}],"collection":[{"href":"https:\/\/www.raytech.it\/es\/wp-json\/wp\/v2\/product"}],"about":[{"href":"https:\/\/www.raytech.it\/es\/wp-json\/wp\/v2\/types\/product"}],"wp:featuredmedia":[{"embeddable":true,"href":"https:\/\/www.raytech.it\/es\/wp-json\/wp\/v2\/media\/3987"}],"wp:attachment":[{"href":"https:\/\/www.raytech.it\/es\/wp-json\/wp\/v2\/media?parent=6365"}],"wp:term":[{"taxonomy":"product_brand","embeddable":true,"href":"https:\/\/www.raytech.it\/es\/wp-json\/wp\/v2\/product_brand?post=6365"},{"taxonomy":"product_cat","embeddable":true,"href":"https:\/\/www.raytech.it\/es\/wp-json\/wp\/v2\/product_cat?post=6365"},{"taxonomy":"product_tag","embeddable":true,"href":"https:\/\/www.raytech.it\/es\/wp-json\/wp\/v2\/product_tag?post=6365"}],"curies":[{"name":"wp","href":"https:\/\/api.w.org\/{rel}","templated":true}]}}