{"id":6408,"date":"2015-09-15T11:13:26","date_gmt":"2015-12-17T11:42:36","guid":{"rendered":"https:\/\/www.raytech.it\/?post_type=product&#038;p=6408&#038;lang=es"},"modified":"2025-02-20T04:46:30","modified_gmt":"2025-02-20T03:46:30","slug":"terminaciones-termo-retractiles-para-exterior","status":"publish","type":"product","link":"https:\/\/www.raytech.it\/es\/producto\/media-tension\/terminaciones-y-juntas-termo-retractiles\/terminaciones-es\/terminaciones-termo-retractiles-para-exterior","title":{"rendered":"Terminaciones termo retr\u00e1ctiles para exterior"},"content":{"rendered":"<h4><span style=\"color: #004f9f;\">Terminaciones para cables UNIPOLARES con aislante extruso de hasta 36 kV<\/span><\/h4>\n<p>Los terminaciones termo rectr\u00e1ctiles son inmediatamente energizables, r\u00e1pidos en el envasado y fiables. Las relaciones de encogimiento elevadas permiten ampliar las gamas de aplicaci\u00f3n y reducen el n\u00famero de los kit de colocar en el almac\u00e9n.<br \/>\nEl primer problema a resolver en los accesorios de media tensi\u00f3n es evitar la concentraci\u00f3n de la tensi\u00f3n sobre la l\u00ednea de corte pantalla. El empleo de pol\u00edmeros cargados con \u00f3xidos met\u00e1licos con caracter\u00edstica no lineal ha permitido una \u00f3ptima distribuci\u00f3n del campo el\u00e9ctrico sin aumentar el terminal; el elemento de control del campo puede ser una funda para aplicar directamente sobre la punta del cable, m\u00e1s que una capa extrusa con la funda de cobertura externa.<\/p>\n<ul>\n<li><span style=\"color: #004f9f;\">Extremadamente simples, no requieren una mano de obra particular<\/span><\/li>\n<li><span style=\"color: #004f9f;\">Inestables en todas las condiciones<\/span><\/li>\n<li><span style=\"color: #004f9f;\">Sin caducidad<\/span><\/li>\n<\/ul>\n<p><a class=\"btn btn-default linkpdf mt_bg\" style=\"margin-top: 10px;\" href=\"\/catalogo\/es\/identificazione-terminali.pdf\" target=\"_blank\">Datos para la identificaci\u00f3n de la terminaci\u00f3n apropiada<\/a><\/p>\n","protected":false},"excerpt":{"rendered":"<p>Terminaciones para cables UNIPOLARES con aislante extruso de hasta 36 kV Los terminaciones termo rectr\u00e1ctiles son inmediatamente energizables, r\u00e1pidos en el envasado y fiables. Las relaciones de encogimiento elevadas permiten<span class=\"excerpt-hellip\"> [\u2026]<\/span><\/p>\n","protected":false},"featured_media":2364,"template":"","meta":[],"product_brand":[],"product_cat":[274,278,442],"product_tag":[],"class_list":{"0":"post-6408","1":"product","2":"type-product","3":"status-publish","4":"has-post-thumbnail","6":"product_cat-media-tension","7":"product_cat-terminaciones-y-juntas-termo-retractiles","8":"product_cat-terminaciones-es","10":"first","11":"instock","12":"taxable","13":"shipping-taxable","14":"product-type-simple"},"yoast_head":"<!-- This site is optimized with the Yoast SEO plugin v26.5 - https:\/\/yoast.com\/wordpress\/plugins\/seo\/ -->\n<title>Terminaciones termo retr\u00e1ctiles para exterior | Raytech<\/title>\n<meta name=\"robots\" content=\"index, follow, max-snippet:-1, max-image-preview:large, max-video-preview:-1\" \/>\n<link rel=\"canonical\" href=\"https:\/\/www.raytech.it\/es\/producto\/media-tension\/terminaciones-y-juntas-termo-retractiles\/terminaciones-es\/terminaciones-termo-retractiles-para-exterior\" \/>\n<meta property=\"og:locale\" content=\"es_ES\" \/>\n<meta property=\"og:type\" content=\"article\" \/>\n<meta property=\"og:title\" content=\"Terminaciones termo retr\u00e1ctiles para exterior | Raytech\" \/>\n<meta property=\"og:description\" content=\"Terminaciones para cables UNIPOLARES con aislante extruso de hasta 36 kV Los terminaciones termo rectr\u00e1ctiles son inmediatamente energizables, r\u00e1pidos en el envasado y fiables. Las relaciones de encogimiento elevadas permiten [\u2026]\" \/>\n<meta property=\"og:url\" content=\"https:\/\/www.raytech.it\/es\/producto\/media-tension\/terminaciones-y-juntas-termo-retractiles\/terminaciones-es\/terminaciones-termo-retractiles-para-exterior\" \/>\n<meta property=\"og:site_name\" content=\"Raytech\" \/>\n<meta property=\"article:publisher\" content=\"https:\/\/www.facebook.com\/RaytechItaly\" \/>\n<meta property=\"article:modified_time\" content=\"2025-02-20T03:46:30+00:00\" \/>\n<meta property=\"og:image\" content=\"https:\/\/www.raytech.it\/wp-content\/uploads\/terminali-unipolari-esterno.jpg\" \/>\n\t<meta property=\"og:image:width\" content=\"1024\" \/>\n\t<meta property=\"og:image:height\" content=\"1024\" \/>\n\t<meta property=\"og:image:type\" content=\"image\/jpeg\" \/>\n<meta name=\"twitter:card\" content=\"summary_large_image\" \/>\n<meta name=\"twitter:label1\" content=\"Tiempo de lectura\" \/>\n\t<meta name=\"twitter:data1\" content=\"1 minuto\" \/>\n<script type=\"application\/ld+json\" class=\"yoast-schema-graph\">{\"@context\":\"https:\/\/schema.org\",\"@graph\":[{\"@type\":\"WebPage\",\"@id\":\"https:\/\/www.raytech.it\/es\/producto\/media-tension\/terminaciones-y-juntas-termo-retractiles\/terminaciones-es\/terminaciones-termo-retractiles-para-exterior\",\"url\":\"https:\/\/www.raytech.it\/es\/producto\/media-tension\/terminaciones-y-juntas-termo-retractiles\/terminaciones-es\/terminaciones-termo-retractiles-para-exterior\",\"name\":\"Terminaciones termo retr\u00e1ctiles para exterior | Raytech\",\"isPartOf\":{\"@id\":\"https:\/\/www.raytech.it\/#website\"},\"primaryImageOfPage\":{\"@id\":\"https:\/\/www.raytech.it\/es\/producto\/media-tension\/terminaciones-y-juntas-termo-retractiles\/terminaciones-es\/terminaciones-termo-retractiles-para-exterior#primaryimage\"},\"image\":{\"@id\":\"https:\/\/www.raytech.it\/es\/producto\/media-tension\/terminaciones-y-juntas-termo-retractiles\/terminaciones-es\/terminaciones-termo-retractiles-para-exterior#primaryimage\"},\"thumbnailUrl\":\"https:\/\/www.raytech.it\/wp-content\/uploads\/terminali-unipolari-esterno.jpg\",\"datePublished\":\"2015-12-17T11:42:36+00:00\",\"dateModified\":\"2025-02-20T03:46:30+00:00\",\"breadcrumb\":{\"@id\":\"https:\/\/www.raytech.it\/es\/producto\/media-tension\/terminaciones-y-juntas-termo-retractiles\/terminaciones-es\/terminaciones-termo-retractiles-para-exterior#breadcrumb\"},\"inLanguage\":\"es\",\"potentialAction\":[{\"@type\":\"ReadAction\",\"target\":[\"https:\/\/www.raytech.it\/es\/producto\/media-tension\/terminaciones-y-juntas-termo-retractiles\/terminaciones-es\/terminaciones-termo-retractiles-para-exterior\"]}]},{\"@type\":\"ImageObject\",\"inLanguage\":\"es\",\"@id\":\"https:\/\/www.raytech.it\/es\/producto\/media-tension\/terminaciones-y-juntas-termo-retractiles\/terminaciones-es\/terminaciones-termo-retractiles-para-exterior#primaryimage\",\"url\":\"https:\/\/www.raytech.it\/wp-content\/uploads\/terminali-unipolari-esterno.jpg\",\"contentUrl\":\"https:\/\/www.raytech.it\/wp-content\/uploads\/terminali-unipolari-esterno.jpg\",\"width\":1024,\"height\":1024},{\"@type\":\"BreadcrumbList\",\"@id\":\"https:\/\/www.raytech.it\/es\/producto\/media-tension\/terminaciones-y-juntas-termo-retractiles\/terminaciones-es\/terminaciones-termo-retractiles-para-exterior#breadcrumb\",\"itemListElement\":[{\"@type\":\"ListItem\",\"position\":1,\"name\":\"Home\",\"item\":\"https:\/\/www.raytech.it\/es\"},{\"@type\":\"ListItem\",\"position\":2,\"name\":\"Tienda\",\"item\":\"https:\/\/www.raytech.it\/es\/tienda\"},{\"@type\":\"ListItem\",\"position\":3,\"name\":\"Terminaciones termo retr\u00e1ctiles para exterior\"}]},{\"@type\":\"WebSite\",\"@id\":\"https:\/\/www.raytech.it\/#website\",\"url\":\"https:\/\/www.raytech.it\/\",\"name\":\"Raytech\",\"description\":\"Cable accessories company\",\"publisher\":{\"@id\":\"https:\/\/www.raytech.it\/#organization\"},\"potentialAction\":[{\"@type\":\"SearchAction\",\"target\":{\"@type\":\"EntryPoint\",\"urlTemplate\":\"https:\/\/www.raytech.it\/?s={search_term_string}\"},\"query-input\":{\"@type\":\"PropertyValueSpecification\",\"valueRequired\":true,\"valueName\":\"search_term_string\"}}],\"inLanguage\":\"es\"},{\"@type\":\"Organization\",\"@id\":\"https:\/\/www.raytech.it\/#organization\",\"name\":\"Raytech\",\"url\":\"https:\/\/www.raytech.it\/\",\"logo\":{\"@type\":\"ImageObject\",\"inLanguage\":\"es\",\"@id\":\"https:\/\/www.raytech.it\/#\/schema\/logo\/image\/\",\"url\":\"https:\/\/www.raytech.it\/wp-content\/uploads\/logo-raytech-2019-retina-3.png\",\"contentUrl\":\"https:\/\/www.raytech.it\/wp-content\/uploads\/logo-raytech-2019-retina-3.png\",\"width\":340,\"height\":90,\"caption\":\"Raytech\"},\"image\":{\"@id\":\"https:\/\/www.raytech.it\/#\/schema\/logo\/image\/\"},\"sameAs\":[\"https:\/\/www.facebook.com\/RaytechItaly\",\"https:\/\/www.instagram.com\/raytech_italy\/\",\"https:\/\/www.youtube.com\/user\/raytechitaly\",\"https:\/\/twitter.com\/Raytech_Italy\"]}]}<\/script>\n<!-- \/ Yoast SEO plugin. -->","yoast_head_json":{"title":"Terminaciones termo retr\u00e1ctiles para exterior | Raytech","robots":{"index":"index","follow":"follow","max-snippet":"max-snippet:-1","max-image-preview":"max-image-preview:large","max-video-preview":"max-video-preview:-1"},"canonical":"https:\/\/www.raytech.it\/es\/producto\/media-tension\/terminaciones-y-juntas-termo-retractiles\/terminaciones-es\/terminaciones-termo-retractiles-para-exterior","og_locale":"es_ES","og_type":"article","og_title":"Terminaciones termo retr\u00e1ctiles para exterior | Raytech","og_description":"Terminaciones para cables UNIPOLARES con aislante extruso de hasta 36 kV Los terminaciones termo rectr\u00e1ctiles son inmediatamente energizables, r\u00e1pidos en el envasado y fiables. Las relaciones de encogimiento elevadas permiten [\u2026]","og_url":"https:\/\/www.raytech.it\/es\/producto\/media-tension\/terminaciones-y-juntas-termo-retractiles\/terminaciones-es\/terminaciones-termo-retractiles-para-exterior","og_site_name":"Raytech","article_publisher":"https:\/\/www.facebook.com\/RaytechItaly","article_modified_time":"2025-02-20T03:46:30+00:00","og_image":[{"width":1024,"height":1024,"url":"https:\/\/www.raytech.it\/wp-content\/uploads\/terminali-unipolari-esterno.jpg","type":"image\/jpeg"}],"twitter_card":"summary_large_image","twitter_misc":{"Tiempo de lectura":"1 minuto"},"schema":{"@context":"https:\/\/schema.org","@graph":[{"@type":"WebPage","@id":"https:\/\/www.raytech.it\/es\/producto\/media-tension\/terminaciones-y-juntas-termo-retractiles\/terminaciones-es\/terminaciones-termo-retractiles-para-exterior","url":"https:\/\/www.raytech.it\/es\/producto\/media-tension\/terminaciones-y-juntas-termo-retractiles\/terminaciones-es\/terminaciones-termo-retractiles-para-exterior","name":"Terminaciones termo retr\u00e1ctiles para exterior | Raytech","isPartOf":{"@id":"https:\/\/www.raytech.it\/#website"},"primaryImageOfPage":{"@id":"https:\/\/www.raytech.it\/es\/producto\/media-tension\/terminaciones-y-juntas-termo-retractiles\/terminaciones-es\/terminaciones-termo-retractiles-para-exterior#primaryimage"},"image":{"@id":"https:\/\/www.raytech.it\/es\/producto\/media-tension\/terminaciones-y-juntas-termo-retractiles\/terminaciones-es\/terminaciones-termo-retractiles-para-exterior#primaryimage"},"thumbnailUrl":"https:\/\/www.raytech.it\/wp-content\/uploads\/terminali-unipolari-esterno.jpg","datePublished":"2015-12-17T11:42:36+00:00","dateModified":"2025-02-20T03:46:30+00:00","breadcrumb":{"@id":"https:\/\/www.raytech.it\/es\/producto\/media-tension\/terminaciones-y-juntas-termo-retractiles\/terminaciones-es\/terminaciones-termo-retractiles-para-exterior#breadcrumb"},"inLanguage":"es","potentialAction":[{"@type":"ReadAction","target":["https:\/\/www.raytech.it\/es\/producto\/media-tension\/terminaciones-y-juntas-termo-retractiles\/terminaciones-es\/terminaciones-termo-retractiles-para-exterior"]}]},{"@type":"ImageObject","inLanguage":"es","@id":"https:\/\/www.raytech.it\/es\/producto\/media-tension\/terminaciones-y-juntas-termo-retractiles\/terminaciones-es\/terminaciones-termo-retractiles-para-exterior#primaryimage","url":"https:\/\/www.raytech.it\/wp-content\/uploads\/terminali-unipolari-esterno.jpg","contentUrl":"https:\/\/www.raytech.it\/wp-content\/uploads\/terminali-unipolari-esterno.jpg","width":1024,"height":1024},{"@type":"BreadcrumbList","@id":"https:\/\/www.raytech.it\/es\/producto\/media-tension\/terminaciones-y-juntas-termo-retractiles\/terminaciones-es\/terminaciones-termo-retractiles-para-exterior#breadcrumb","itemListElement":[{"@type":"ListItem","position":1,"name":"Home","item":"https:\/\/www.raytech.it\/es"},{"@type":"ListItem","position":2,"name":"Tienda","item":"https:\/\/www.raytech.it\/es\/tienda"},{"@type":"ListItem","position":3,"name":"Terminaciones termo retr\u00e1ctiles para exterior"}]},{"@type":"WebSite","@id":"https:\/\/www.raytech.it\/#website","url":"https:\/\/www.raytech.it\/","name":"Raytech","description":"Cable accessories company","publisher":{"@id":"https:\/\/www.raytech.it\/#organization"},"potentialAction":[{"@type":"SearchAction","target":{"@type":"EntryPoint","urlTemplate":"https:\/\/www.raytech.it\/?s={search_term_string}"},"query-input":{"@type":"PropertyValueSpecification","valueRequired":true,"valueName":"search_term_string"}}],"inLanguage":"es"},{"@type":"Organization","@id":"https:\/\/www.raytech.it\/#organization","name":"Raytech","url":"https:\/\/www.raytech.it\/","logo":{"@type":"ImageObject","inLanguage":"es","@id":"https:\/\/www.raytech.it\/#\/schema\/logo\/image\/","url":"https:\/\/www.raytech.it\/wp-content\/uploads\/logo-raytech-2019-retina-3.png","contentUrl":"https:\/\/www.raytech.it\/wp-content\/uploads\/logo-raytech-2019-retina-3.png","width":340,"height":90,"caption":"Raytech"},"image":{"@id":"https:\/\/www.raytech.it\/#\/schema\/logo\/image\/"},"sameAs":["https:\/\/www.facebook.com\/RaytechItaly","https:\/\/www.instagram.com\/raytech_italy\/","https:\/\/www.youtube.com\/user\/raytechitaly","https:\/\/twitter.com\/Raytech_Italy"]}]}},"_links":{"self":[{"href":"https:\/\/www.raytech.it\/es\/wp-json\/wp\/v2\/product\/6408","targetHints":{"allow":["GET"]}}],"collection":[{"href":"https:\/\/www.raytech.it\/es\/wp-json\/wp\/v2\/product"}],"about":[{"href":"https:\/\/www.raytech.it\/es\/wp-json\/wp\/v2\/types\/product"}],"wp:featuredmedia":[{"embeddable":true,"href":"https:\/\/www.raytech.it\/es\/wp-json\/wp\/v2\/media\/2364"}],"wp:attachment":[{"href":"https:\/\/www.raytech.it\/es\/wp-json\/wp\/v2\/media?parent=6408"}],"wp:term":[{"taxonomy":"product_brand","embeddable":true,"href":"https:\/\/www.raytech.it\/es\/wp-json\/wp\/v2\/product_brand?post=6408"},{"taxonomy":"product_cat","embeddable":true,"href":"https:\/\/www.raytech.it\/es\/wp-json\/wp\/v2\/product_cat?post=6408"},{"taxonomy":"product_tag","embeddable":true,"href":"https:\/\/www.raytech.it\/es\/wp-json\/wp\/v2\/product_tag?post=6408"}],"curies":[{"name":"wp","href":"https:\/\/api.w.org\/{rel}","templated":true}]}}