{"id":6412,"date":"2015-09-15T11:21:23","date_gmt":"2015-12-17T13:29:57","guid":{"rendered":"https:\/\/www.raytech.it\/?post_type=product&#038;p=6412&#038;lang=es"},"modified":"2025-02-20T04:45:50","modified_gmt":"2025-02-20T03:45:50","slug":"juntas-termo-retractiles-tripolares","status":"publish","type":"product","link":"https:\/\/www.raytech.it\/es\/producto\/media-tension\/terminaciones-y-juntas-termo-retractiles\/empalmes-es\/juntas-termo-retractiles-tripolares","title":{"rendered":"Juntas termo retr\u00e1ctiles tripolares"},"content":{"rendered":"<p>Gran fiabilidad y superiores caracter\u00edsticas el\u00e9ctricas, mec\u00e1nicas y de sellado, que hacen de estas juntas la soluci\u00f3n ideal para cada tipo de cable y de instalaci\u00f3n.<\/p>\n<p><strong>Distribuci\u00f3n del campo el\u00e9ctrico<\/strong><br \/>\nAl cortar la pantalla del cable, el campo el\u00e9ctrico es controlado por un material ya experimentado en las terminaciones: el tubo de control del gradiente el\u00e9ctrico. Este tubo est\u00e1 realizado en material aislante con impedancia no lineal, capaz de controlar el campo el\u00e9ctrico sea al final de la pantalla del cable, que sobre el conector met\u00e1lico. Al igual que las terminaciones, gracias a los componentes termoretraibles, la gama de juntas incluye pr\u00e1cticamente la totalidad de las configuraciones de los cables existentes, as\u00ed como las uniones mixtas entre las diferentes tipolog\u00edas de cable. Las referencias de los kit que aparecen sobre las tablas de selecci\u00f3n son aquellas de mayor uso para los instaladores en todo el territorio nacional, para aplicaciones para cables de hasta 36 kV. En los casos no descritos, sea cual sea el tipo de cable, se ruega de consultar a Raytech.<\/p>\n<ul>\n<li><span style=\"color: #004f9f;\">Empalmes tripolares termo retr\u00e1ctiles para cables con aislante extruso<\/span><\/li>\n<li><span style=\"color: #004f9f;\">Empalmes termo retr\u00e1ctiles tripolares para cables armados con aislante extruso con continuidad galv\u00e1nica de la armadura<\/span><\/li>\n<li><span style=\"color: #004f9f;\">Uni\u00f3n termo retr\u00e1ctiles tripolar para cables aislados de papel impregnado en mezcla<\/span><\/li>\n<\/ul>\n<p><a class=\"btn btn-default linkpdf mt_bg\" style=\"margin-top: 10px;\" href=\"\/catalogo\/es\/identificazione-giunzioni.pdf\" target=\"_blank\">Datos para la identificaci\u00f3n del empalme apropiado<\/a><\/p>\n","protected":false},"excerpt":{"rendered":"<p>Gran fiabilidad y superiores caracter\u00edsticas el\u00e9ctricas, mec\u00e1nicas y de sellado, que hacen de estas juntas la soluci\u00f3n ideal para cada tipo de cable y de instalaci\u00f3n. Distribuci\u00f3n del campo el\u00e9ctrico<span class=\"excerpt-hellip\"> [\u2026]<\/span><\/p>\n","protected":false},"featured_media":2392,"template":"","meta":[],"product_brand":[],"product_cat":[274,278,443],"product_tag":[],"class_list":{"0":"post-6412","1":"product","2":"type-product","3":"status-publish","4":"has-post-thumbnail","6":"product_cat-media-tension","7":"product_cat-terminaciones-y-juntas-termo-retractiles","8":"product_cat-empalmes-es","10":"first","11":"instock","12":"taxable","13":"shipping-taxable","14":"product-type-simple"},"yoast_head":"<!-- This site is optimized with the Yoast SEO plugin v26.5 - https:\/\/yoast.com\/wordpress\/plugins\/seo\/ -->\n<title>Juntas termo retr\u00e1ctiles tripolares | Raytech<\/title>\n<meta name=\"robots\" content=\"index, follow, max-snippet:-1, max-image-preview:large, max-video-preview:-1\" \/>\n<link rel=\"canonical\" href=\"https:\/\/www.raytech.it\/es\/producto\/media-tension\/terminaciones-y-juntas-termo-retractiles\/empalmes-es\/juntas-termo-retractiles-tripolares\" \/>\n<meta property=\"og:locale\" content=\"es_ES\" \/>\n<meta property=\"og:type\" content=\"article\" \/>\n<meta property=\"og:title\" content=\"Juntas termo retr\u00e1ctiles tripolares | Raytech\" \/>\n<meta property=\"og:description\" content=\"Gran fiabilidad y superiores caracter\u00edsticas el\u00e9ctricas, mec\u00e1nicas y de sellado, que hacen de estas juntas la soluci\u00f3n ideal para cada tipo de cable y de instalaci\u00f3n. Distribuci\u00f3n del campo el\u00e9ctrico [\u2026]\" \/>\n<meta property=\"og:url\" content=\"https:\/\/www.raytech.it\/es\/producto\/media-tension\/terminaciones-y-juntas-termo-retractiles\/empalmes-es\/juntas-termo-retractiles-tripolares\" \/>\n<meta property=\"og:site_name\" content=\"Raytech\" \/>\n<meta property=\"article:publisher\" content=\"https:\/\/www.facebook.com\/RaytechItaly\" \/>\n<meta property=\"article:modified_time\" content=\"2025-02-20T03:45:50+00:00\" \/>\n<meta property=\"og:image\" content=\"https:\/\/www.raytech.it\/wp-content\/uploads\/giunti-termorestringenti-tripolari.jpg\" \/>\n\t<meta property=\"og:image:width\" content=\"1024\" \/>\n\t<meta property=\"og:image:height\" content=\"1024\" \/>\n\t<meta property=\"og:image:type\" content=\"image\/jpeg\" \/>\n<meta name=\"twitter:card\" content=\"summary_large_image\" \/>\n<meta name=\"twitter:label1\" content=\"Tiempo de lectura\" \/>\n\t<meta name=\"twitter:data1\" content=\"1 minuto\" \/>\n<script type=\"application\/ld+json\" class=\"yoast-schema-graph\">{\"@context\":\"https:\/\/schema.org\",\"@graph\":[{\"@type\":\"WebPage\",\"@id\":\"https:\/\/www.raytech.it\/es\/producto\/media-tension\/terminaciones-y-juntas-termo-retractiles\/empalmes-es\/juntas-termo-retractiles-tripolares\",\"url\":\"https:\/\/www.raytech.it\/es\/producto\/media-tension\/terminaciones-y-juntas-termo-retractiles\/empalmes-es\/juntas-termo-retractiles-tripolares\",\"name\":\"Juntas termo retr\u00e1ctiles tripolares | Raytech\",\"isPartOf\":{\"@id\":\"https:\/\/www.raytech.it\/#website\"},\"primaryImageOfPage\":{\"@id\":\"https:\/\/www.raytech.it\/es\/producto\/media-tension\/terminaciones-y-juntas-termo-retractiles\/empalmes-es\/juntas-termo-retractiles-tripolares#primaryimage\"},\"image\":{\"@id\":\"https:\/\/www.raytech.it\/es\/producto\/media-tension\/terminaciones-y-juntas-termo-retractiles\/empalmes-es\/juntas-termo-retractiles-tripolares#primaryimage\"},\"thumbnailUrl\":\"https:\/\/www.raytech.it\/wp-content\/uploads\/giunti-termorestringenti-tripolari.jpg\",\"datePublished\":\"2015-12-17T13:29:57+00:00\",\"dateModified\":\"2025-02-20T03:45:50+00:00\",\"breadcrumb\":{\"@id\":\"https:\/\/www.raytech.it\/es\/producto\/media-tension\/terminaciones-y-juntas-termo-retractiles\/empalmes-es\/juntas-termo-retractiles-tripolares#breadcrumb\"},\"inLanguage\":\"es\",\"potentialAction\":[{\"@type\":\"ReadAction\",\"target\":[\"https:\/\/www.raytech.it\/es\/producto\/media-tension\/terminaciones-y-juntas-termo-retractiles\/empalmes-es\/juntas-termo-retractiles-tripolares\"]}]},{\"@type\":\"ImageObject\",\"inLanguage\":\"es\",\"@id\":\"https:\/\/www.raytech.it\/es\/producto\/media-tension\/terminaciones-y-juntas-termo-retractiles\/empalmes-es\/juntas-termo-retractiles-tripolares#primaryimage\",\"url\":\"https:\/\/www.raytech.it\/wp-content\/uploads\/giunti-termorestringenti-tripolari.jpg\",\"contentUrl\":\"https:\/\/www.raytech.it\/wp-content\/uploads\/giunti-termorestringenti-tripolari.jpg\",\"width\":1024,\"height\":1024},{\"@type\":\"BreadcrumbList\",\"@id\":\"https:\/\/www.raytech.it\/es\/producto\/media-tension\/terminaciones-y-juntas-termo-retractiles\/empalmes-es\/juntas-termo-retractiles-tripolares#breadcrumb\",\"itemListElement\":[{\"@type\":\"ListItem\",\"position\":1,\"name\":\"Home\",\"item\":\"https:\/\/www.raytech.it\/es\"},{\"@type\":\"ListItem\",\"position\":2,\"name\":\"Tienda\",\"item\":\"https:\/\/www.raytech.it\/es\/tienda\"},{\"@type\":\"ListItem\",\"position\":3,\"name\":\"Juntas termo retr\u00e1ctiles tripolares\"}]},{\"@type\":\"WebSite\",\"@id\":\"https:\/\/www.raytech.it\/#website\",\"url\":\"https:\/\/www.raytech.it\/\",\"name\":\"Raytech\",\"description\":\"Cable accessories company\",\"publisher\":{\"@id\":\"https:\/\/www.raytech.it\/#organization\"},\"potentialAction\":[{\"@type\":\"SearchAction\",\"target\":{\"@type\":\"EntryPoint\",\"urlTemplate\":\"https:\/\/www.raytech.it\/?s={search_term_string}\"},\"query-input\":{\"@type\":\"PropertyValueSpecification\",\"valueRequired\":true,\"valueName\":\"search_term_string\"}}],\"inLanguage\":\"es\"},{\"@type\":\"Organization\",\"@id\":\"https:\/\/www.raytech.it\/#organization\",\"name\":\"Raytech\",\"url\":\"https:\/\/www.raytech.it\/\",\"logo\":{\"@type\":\"ImageObject\",\"inLanguage\":\"es\",\"@id\":\"https:\/\/www.raytech.it\/#\/schema\/logo\/image\/\",\"url\":\"https:\/\/www.raytech.it\/wp-content\/uploads\/logo-raytech-2019-retina-3.png\",\"contentUrl\":\"https:\/\/www.raytech.it\/wp-content\/uploads\/logo-raytech-2019-retina-3.png\",\"width\":340,\"height\":90,\"caption\":\"Raytech\"},\"image\":{\"@id\":\"https:\/\/www.raytech.it\/#\/schema\/logo\/image\/\"},\"sameAs\":[\"https:\/\/www.facebook.com\/RaytechItaly\",\"https:\/\/www.instagram.com\/raytech_italy\/\",\"https:\/\/www.youtube.com\/user\/raytechitaly\",\"https:\/\/twitter.com\/Raytech_Italy\"]}]}<\/script>\n<!-- \/ Yoast SEO plugin. -->","yoast_head_json":{"title":"Juntas termo retr\u00e1ctiles tripolares | Raytech","robots":{"index":"index","follow":"follow","max-snippet":"max-snippet:-1","max-image-preview":"max-image-preview:large","max-video-preview":"max-video-preview:-1"},"canonical":"https:\/\/www.raytech.it\/es\/producto\/media-tension\/terminaciones-y-juntas-termo-retractiles\/empalmes-es\/juntas-termo-retractiles-tripolares","og_locale":"es_ES","og_type":"article","og_title":"Juntas termo retr\u00e1ctiles tripolares | Raytech","og_description":"Gran fiabilidad y superiores caracter\u00edsticas el\u00e9ctricas, mec\u00e1nicas y de sellado, que hacen de estas juntas la soluci\u00f3n ideal para cada tipo de cable y de instalaci\u00f3n. Distribuci\u00f3n del campo el\u00e9ctrico [\u2026]","og_url":"https:\/\/www.raytech.it\/es\/producto\/media-tension\/terminaciones-y-juntas-termo-retractiles\/empalmes-es\/juntas-termo-retractiles-tripolares","og_site_name":"Raytech","article_publisher":"https:\/\/www.facebook.com\/RaytechItaly","article_modified_time":"2025-02-20T03:45:50+00:00","og_image":[{"width":1024,"height":1024,"url":"https:\/\/www.raytech.it\/wp-content\/uploads\/giunti-termorestringenti-tripolari.jpg","type":"image\/jpeg"}],"twitter_card":"summary_large_image","twitter_misc":{"Tiempo de lectura":"1 minuto"},"schema":{"@context":"https:\/\/schema.org","@graph":[{"@type":"WebPage","@id":"https:\/\/www.raytech.it\/es\/producto\/media-tension\/terminaciones-y-juntas-termo-retractiles\/empalmes-es\/juntas-termo-retractiles-tripolares","url":"https:\/\/www.raytech.it\/es\/producto\/media-tension\/terminaciones-y-juntas-termo-retractiles\/empalmes-es\/juntas-termo-retractiles-tripolares","name":"Juntas termo retr\u00e1ctiles tripolares | Raytech","isPartOf":{"@id":"https:\/\/www.raytech.it\/#website"},"primaryImageOfPage":{"@id":"https:\/\/www.raytech.it\/es\/producto\/media-tension\/terminaciones-y-juntas-termo-retractiles\/empalmes-es\/juntas-termo-retractiles-tripolares#primaryimage"},"image":{"@id":"https:\/\/www.raytech.it\/es\/producto\/media-tension\/terminaciones-y-juntas-termo-retractiles\/empalmes-es\/juntas-termo-retractiles-tripolares#primaryimage"},"thumbnailUrl":"https:\/\/www.raytech.it\/wp-content\/uploads\/giunti-termorestringenti-tripolari.jpg","datePublished":"2015-12-17T13:29:57+00:00","dateModified":"2025-02-20T03:45:50+00:00","breadcrumb":{"@id":"https:\/\/www.raytech.it\/es\/producto\/media-tension\/terminaciones-y-juntas-termo-retractiles\/empalmes-es\/juntas-termo-retractiles-tripolares#breadcrumb"},"inLanguage":"es","potentialAction":[{"@type":"ReadAction","target":["https:\/\/www.raytech.it\/es\/producto\/media-tension\/terminaciones-y-juntas-termo-retractiles\/empalmes-es\/juntas-termo-retractiles-tripolares"]}]},{"@type":"ImageObject","inLanguage":"es","@id":"https:\/\/www.raytech.it\/es\/producto\/media-tension\/terminaciones-y-juntas-termo-retractiles\/empalmes-es\/juntas-termo-retractiles-tripolares#primaryimage","url":"https:\/\/www.raytech.it\/wp-content\/uploads\/giunti-termorestringenti-tripolari.jpg","contentUrl":"https:\/\/www.raytech.it\/wp-content\/uploads\/giunti-termorestringenti-tripolari.jpg","width":1024,"height":1024},{"@type":"BreadcrumbList","@id":"https:\/\/www.raytech.it\/es\/producto\/media-tension\/terminaciones-y-juntas-termo-retractiles\/empalmes-es\/juntas-termo-retractiles-tripolares#breadcrumb","itemListElement":[{"@type":"ListItem","position":1,"name":"Home","item":"https:\/\/www.raytech.it\/es"},{"@type":"ListItem","position":2,"name":"Tienda","item":"https:\/\/www.raytech.it\/es\/tienda"},{"@type":"ListItem","position":3,"name":"Juntas termo retr\u00e1ctiles tripolares"}]},{"@type":"WebSite","@id":"https:\/\/www.raytech.it\/#website","url":"https:\/\/www.raytech.it\/","name":"Raytech","description":"Cable accessories company","publisher":{"@id":"https:\/\/www.raytech.it\/#organization"},"potentialAction":[{"@type":"SearchAction","target":{"@type":"EntryPoint","urlTemplate":"https:\/\/www.raytech.it\/?s={search_term_string}"},"query-input":{"@type":"PropertyValueSpecification","valueRequired":true,"valueName":"search_term_string"}}],"inLanguage":"es"},{"@type":"Organization","@id":"https:\/\/www.raytech.it\/#organization","name":"Raytech","url":"https:\/\/www.raytech.it\/","logo":{"@type":"ImageObject","inLanguage":"es","@id":"https:\/\/www.raytech.it\/#\/schema\/logo\/image\/","url":"https:\/\/www.raytech.it\/wp-content\/uploads\/logo-raytech-2019-retina-3.png","contentUrl":"https:\/\/www.raytech.it\/wp-content\/uploads\/logo-raytech-2019-retina-3.png","width":340,"height":90,"caption":"Raytech"},"image":{"@id":"https:\/\/www.raytech.it\/#\/schema\/logo\/image\/"},"sameAs":["https:\/\/www.facebook.com\/RaytechItaly","https:\/\/www.instagram.com\/raytech_italy\/","https:\/\/www.youtube.com\/user\/raytechitaly","https:\/\/twitter.com\/Raytech_Italy"]}]}},"_links":{"self":[{"href":"https:\/\/www.raytech.it\/es\/wp-json\/wp\/v2\/product\/6412","targetHints":{"allow":["GET"]}}],"collection":[{"href":"https:\/\/www.raytech.it\/es\/wp-json\/wp\/v2\/product"}],"about":[{"href":"https:\/\/www.raytech.it\/es\/wp-json\/wp\/v2\/types\/product"}],"wp:featuredmedia":[{"embeddable":true,"href":"https:\/\/www.raytech.it\/es\/wp-json\/wp\/v2\/media\/2392"}],"wp:attachment":[{"href":"https:\/\/www.raytech.it\/es\/wp-json\/wp\/v2\/media?parent=6412"}],"wp:term":[{"taxonomy":"product_brand","embeddable":true,"href":"https:\/\/www.raytech.it\/es\/wp-json\/wp\/v2\/product_brand?post=6412"},{"taxonomy":"product_cat","embeddable":true,"href":"https:\/\/www.raytech.it\/es\/wp-json\/wp\/v2\/product_cat?post=6412"},{"taxonomy":"product_tag","embeddable":true,"href":"https:\/\/www.raytech.it\/es\/wp-json\/wp\/v2\/product_tag?post=6412"}],"curies":[{"name":"wp","href":"https:\/\/api.w.org\/{rel}","templated":true}]}}