{"id":6418,"date":"2015-09-15T11:37:22","date_gmt":"2015-12-17T13:41:00","guid":{"rendered":"https:\/\/www.raytech.it\/?post_type=product&#038;p=6418&#038;lang=es"},"modified":"2015-12-28T16:46:07","modified_gmt":"2015-12-28T16:46:07","slug":"empalmes-termo-retractiles-para-alta-tension-72-kv","status":"publish","type":"product","link":"https:\/\/www.raytech.it\/es\/producto\/media-tension\/termo-retractiles-72-kv\/empalmes-termo-retractiles-para-alta-tension-72-kv","title":{"rendered":"Empalmes termo retr\u00e1ctiles para alta tensi\u00f3n 72 kV"},"content":{"rendered":"<p><strong>FIABILIDAD<\/strong><br \/>\nLa simplicidad y la ligereza de las juntas termo retr\u00e1ctiles para alta tensi\u00f3n componen un accesorio de elevada fiabilidad.<\/p>\n<p><strong>CONECTOR CON TORNILLO<\/strong><br \/>\nPara estas juntas est\u00e1 previsto un conector con tornillo particular que permite unir conductores de gran secci\u00f3n sin necesitar equipos especiales y sin tratamientos t\u00e9rmicos. Los tornillos poseen una cabeza con fractura predeterminada que garantiza una conexi\u00f3n el\u00e9ctrica perfecta.<\/p>\n<p><strong>CONTROL DEL CAMPO EL\u00c9CTRICO<\/strong><br \/>\nSobre el conector y en los extremos del semiconductor del cable, se aplica una funda con propiedades de control del campo el\u00e9ctrico. Este tubo termoretraible es conductivo en el centro para apantallar al conector (sistema de Faraday). El tubo de control del campo, que recubre el diel\u00e9ctrico de los cables, acompa\u00f1a las dilataciones debidas a los ciclos de carga.<\/p>\n<p><strong>TECNOLOG\u00cdA AVANZADA<\/strong><br \/>\nEl aislamiento y el apantallado se obtienen con dos tubos elastom\u00e9ricos termoretraibles con doble pared. El tubo interno est\u00e1 formado por dos paredes coextrusas de material aislante (rojo). El tubo externo est\u00e1 formado por una pared aislante (roja) coextrusa con la parte negra conductora que se comporta como pantalla de la junta. La pared externa del tubo coextruso es termoretraible, mientras la parte interna es un elast\u00f3mero mantenido de forma expandida gracias a su \u00edntima uni\u00f3n con la parte externa. La aplicaci\u00f3n del calor a la parte externa hace que esta se contraiga hasta un di\u00e1metro predeterminado permitiendo, al mismo tiempo, a la pared interna adaptarse perfectamente a la capa inferior.<\/p>\n","protected":false},"excerpt":{"rendered":"<p>FIABILIDAD La simplicidad y la ligereza de las juntas termo retr\u00e1ctiles para alta tensi\u00f3n componen un accesorio de elevada fiabilidad. CONECTOR CON TORNILLO Para estas juntas est\u00e1 previsto un conector<span class=\"excerpt-hellip\"> [\u2026]<\/span><\/p>\n","protected":false},"featured_media":4748,"template":"","meta":[],"product_brand":[],"product_cat":[274,279],"product_tag":[],"class_list":{"0":"post-6418","1":"product","2":"type-product","3":"status-publish","4":"has-post-thumbnail","6":"product_cat-media-tension","7":"product_cat-termo-retractiles-72-kv","9":"first","10":"instock","11":"taxable","12":"shipping-taxable","13":"product-type-simple"},"yoast_head":"<!-- This site is optimized with the Yoast SEO plugin v26.5 - https:\/\/yoast.com\/wordpress\/plugins\/seo\/ -->\n<title>Empalmes termo retr\u00e1ctiles para alta tensi\u00f3n 72 kV | Raytech<\/title>\n<meta name=\"robots\" content=\"index, follow, max-snippet:-1, max-image-preview:large, max-video-preview:-1\" \/>\n<link rel=\"canonical\" href=\"https:\/\/www.raytech.it\/es\/producto\/media-tension\/termo-retractiles-72-kv\/empalmes-es-2\/empalmes-termo-retractiles-para-alta-tension-72-kv\" \/>\n<meta property=\"og:locale\" content=\"es_ES\" \/>\n<meta property=\"og:type\" content=\"article\" \/>\n<meta property=\"og:title\" content=\"Empalmes termo retr\u00e1ctiles para alta tensi\u00f3n 72 kV | Raytech\" \/>\n<meta property=\"og:description\" content=\"FIABILIDAD La simplicidad y la ligereza de las juntas termo retr\u00e1ctiles para alta tensi\u00f3n componen un accesorio de elevada fiabilidad. CONECTOR CON TORNILLO Para estas juntas est\u00e1 previsto un conector [\u2026]\" \/>\n<meta property=\"og:url\" content=\"https:\/\/www.raytech.it\/es\/producto\/media-tension\/termo-retractiles-72-kv\/empalmes-es-2\/empalmes-termo-retractiles-para-alta-tension-72-kv\" \/>\n<meta property=\"og:site_name\" content=\"Raytech\" \/>\n<meta property=\"article:publisher\" content=\"https:\/\/www.facebook.com\/RaytechItaly\" \/>\n<meta property=\"article:modified_time\" content=\"2015-12-28T16:46:07+00:00\" \/>\n<meta property=\"og:image\" content=\"https:\/\/www.raytech.it\/wp-content\/uploads\/Giunzioni-termorestringenti-per-alta-tensione-72-kV-1.jpg\" \/>\n\t<meta property=\"og:image:width\" content=\"1024\" \/>\n\t<meta property=\"og:image:height\" content=\"1024\" \/>\n\t<meta property=\"og:image:type\" content=\"image\/jpeg\" \/>\n<meta name=\"twitter:card\" content=\"summary_large_image\" \/>\n<meta name=\"twitter:label1\" content=\"Tiempo de lectura\" \/>\n\t<meta name=\"twitter:data1\" content=\"1 minuto\" \/>\n<script type=\"application\/ld+json\" class=\"yoast-schema-graph\">{\"@context\":\"https:\/\/schema.org\",\"@graph\":[{\"@type\":\"WebPage\",\"@id\":\"https:\/\/www.raytech.it\/es\/producto\/media-tension\/termo-retractiles-72-kv\/empalmes-es-2\/empalmes-termo-retractiles-para-alta-tension-72-kv\",\"url\":\"https:\/\/www.raytech.it\/es\/producto\/media-tension\/termo-retractiles-72-kv\/empalmes-es-2\/empalmes-termo-retractiles-para-alta-tension-72-kv\",\"name\":\"Empalmes termo retr\u00e1ctiles para alta tensi\u00f3n 72 kV | Raytech\",\"isPartOf\":{\"@id\":\"https:\/\/www.raytech.it\/#website\"},\"primaryImageOfPage\":{\"@id\":\"https:\/\/www.raytech.it\/es\/producto\/media-tension\/termo-retractiles-72-kv\/empalmes-es-2\/empalmes-termo-retractiles-para-alta-tension-72-kv#primaryimage\"},\"image\":{\"@id\":\"https:\/\/www.raytech.it\/es\/producto\/media-tension\/termo-retractiles-72-kv\/empalmes-es-2\/empalmes-termo-retractiles-para-alta-tension-72-kv#primaryimage\"},\"thumbnailUrl\":\"https:\/\/www.raytech.it\/wp-content\/uploads\/Giunzioni-termorestringenti-per-alta-tensione-72-kV-1.jpg\",\"datePublished\":\"2015-12-17T13:41:00+00:00\",\"dateModified\":\"2015-12-28T16:46:07+00:00\",\"breadcrumb\":{\"@id\":\"https:\/\/www.raytech.it\/es\/producto\/media-tension\/termo-retractiles-72-kv\/empalmes-es-2\/empalmes-termo-retractiles-para-alta-tension-72-kv#breadcrumb\"},\"inLanguage\":\"es\",\"potentialAction\":[{\"@type\":\"ReadAction\",\"target\":[\"https:\/\/www.raytech.it\/es\/producto\/media-tension\/termo-retractiles-72-kv\/empalmes-es-2\/empalmes-termo-retractiles-para-alta-tension-72-kv\"]}]},{\"@type\":\"ImageObject\",\"inLanguage\":\"es\",\"@id\":\"https:\/\/www.raytech.it\/es\/producto\/media-tension\/termo-retractiles-72-kv\/empalmes-es-2\/empalmes-termo-retractiles-para-alta-tension-72-kv#primaryimage\",\"url\":\"https:\/\/www.raytech.it\/wp-content\/uploads\/Giunzioni-termorestringenti-per-alta-tensione-72-kV-1.jpg\",\"contentUrl\":\"https:\/\/www.raytech.it\/wp-content\/uploads\/Giunzioni-termorestringenti-per-alta-tensione-72-kV-1.jpg\",\"width\":1024,\"height\":1024},{\"@type\":\"BreadcrumbList\",\"@id\":\"https:\/\/www.raytech.it\/es\/producto\/media-tension\/termo-retractiles-72-kv\/empalmes-es-2\/empalmes-termo-retractiles-para-alta-tension-72-kv#breadcrumb\",\"itemListElement\":[{\"@type\":\"ListItem\",\"position\":1,\"name\":\"Home\",\"item\":\"https:\/\/www.raytech.it\/es\"},{\"@type\":\"ListItem\",\"position\":2,\"name\":\"Tienda\",\"item\":\"https:\/\/www.raytech.it\/es\/tienda\"},{\"@type\":\"ListItem\",\"position\":3,\"name\":\"Empalmes termo retr\u00e1ctiles para alta tensi\u00f3n 72 kV\"}]},{\"@type\":\"WebSite\",\"@id\":\"https:\/\/www.raytech.it\/#website\",\"url\":\"https:\/\/www.raytech.it\/\",\"name\":\"Raytech\",\"description\":\"Cable accessories company\",\"publisher\":{\"@id\":\"https:\/\/www.raytech.it\/#organization\"},\"potentialAction\":[{\"@type\":\"SearchAction\",\"target\":{\"@type\":\"EntryPoint\",\"urlTemplate\":\"https:\/\/www.raytech.it\/?s={search_term_string}\"},\"query-input\":{\"@type\":\"PropertyValueSpecification\",\"valueRequired\":true,\"valueName\":\"search_term_string\"}}],\"inLanguage\":\"es\"},{\"@type\":\"Organization\",\"@id\":\"https:\/\/www.raytech.it\/#organization\",\"name\":\"Raytech\",\"url\":\"https:\/\/www.raytech.it\/\",\"logo\":{\"@type\":\"ImageObject\",\"inLanguage\":\"es\",\"@id\":\"https:\/\/www.raytech.it\/#\/schema\/logo\/image\/\",\"url\":\"https:\/\/www.raytech.it\/wp-content\/uploads\/logo-raytech-2019-retina-3.png\",\"contentUrl\":\"https:\/\/www.raytech.it\/wp-content\/uploads\/logo-raytech-2019-retina-3.png\",\"width\":340,\"height\":90,\"caption\":\"Raytech\"},\"image\":{\"@id\":\"https:\/\/www.raytech.it\/#\/schema\/logo\/image\/\"},\"sameAs\":[\"https:\/\/www.facebook.com\/RaytechItaly\",\"https:\/\/www.instagram.com\/raytech_italy\/\",\"https:\/\/www.youtube.com\/user\/raytechitaly\",\"https:\/\/twitter.com\/Raytech_Italy\"]}]}<\/script>\n<!-- \/ Yoast SEO plugin. -->","yoast_head_json":{"title":"Empalmes termo retr\u00e1ctiles para alta tensi\u00f3n 72 kV | Raytech","robots":{"index":"index","follow":"follow","max-snippet":"max-snippet:-1","max-image-preview":"max-image-preview:large","max-video-preview":"max-video-preview:-1"},"canonical":"https:\/\/www.raytech.it\/es\/producto\/media-tension\/termo-retractiles-72-kv\/empalmes-es-2\/empalmes-termo-retractiles-para-alta-tension-72-kv","og_locale":"es_ES","og_type":"article","og_title":"Empalmes termo retr\u00e1ctiles para alta tensi\u00f3n 72 kV | Raytech","og_description":"FIABILIDAD La simplicidad y la ligereza de las juntas termo retr\u00e1ctiles para alta tensi\u00f3n componen un accesorio de elevada fiabilidad. CONECTOR CON TORNILLO Para estas juntas est\u00e1 previsto un conector [\u2026]","og_url":"https:\/\/www.raytech.it\/es\/producto\/media-tension\/termo-retractiles-72-kv\/empalmes-es-2\/empalmes-termo-retractiles-para-alta-tension-72-kv","og_site_name":"Raytech","article_publisher":"https:\/\/www.facebook.com\/RaytechItaly","article_modified_time":"2015-12-28T16:46:07+00:00","og_image":[{"width":1024,"height":1024,"url":"https:\/\/www.raytech.it\/wp-content\/uploads\/Giunzioni-termorestringenti-per-alta-tensione-72-kV-1.jpg","type":"image\/jpeg"}],"twitter_card":"summary_large_image","twitter_misc":{"Tiempo de lectura":"1 minuto"},"schema":{"@context":"https:\/\/schema.org","@graph":[{"@type":"WebPage","@id":"https:\/\/www.raytech.it\/es\/producto\/media-tension\/termo-retractiles-72-kv\/empalmes-es-2\/empalmes-termo-retractiles-para-alta-tension-72-kv","url":"https:\/\/www.raytech.it\/es\/producto\/media-tension\/termo-retractiles-72-kv\/empalmes-es-2\/empalmes-termo-retractiles-para-alta-tension-72-kv","name":"Empalmes termo retr\u00e1ctiles para alta tensi\u00f3n 72 kV | Raytech","isPartOf":{"@id":"https:\/\/www.raytech.it\/#website"},"primaryImageOfPage":{"@id":"https:\/\/www.raytech.it\/es\/producto\/media-tension\/termo-retractiles-72-kv\/empalmes-es-2\/empalmes-termo-retractiles-para-alta-tension-72-kv#primaryimage"},"image":{"@id":"https:\/\/www.raytech.it\/es\/producto\/media-tension\/termo-retractiles-72-kv\/empalmes-es-2\/empalmes-termo-retractiles-para-alta-tension-72-kv#primaryimage"},"thumbnailUrl":"https:\/\/www.raytech.it\/wp-content\/uploads\/Giunzioni-termorestringenti-per-alta-tensione-72-kV-1.jpg","datePublished":"2015-12-17T13:41:00+00:00","dateModified":"2015-12-28T16:46:07+00:00","breadcrumb":{"@id":"https:\/\/www.raytech.it\/es\/producto\/media-tension\/termo-retractiles-72-kv\/empalmes-es-2\/empalmes-termo-retractiles-para-alta-tension-72-kv#breadcrumb"},"inLanguage":"es","potentialAction":[{"@type":"ReadAction","target":["https:\/\/www.raytech.it\/es\/producto\/media-tension\/termo-retractiles-72-kv\/empalmes-es-2\/empalmes-termo-retractiles-para-alta-tension-72-kv"]}]},{"@type":"ImageObject","inLanguage":"es","@id":"https:\/\/www.raytech.it\/es\/producto\/media-tension\/termo-retractiles-72-kv\/empalmes-es-2\/empalmes-termo-retractiles-para-alta-tension-72-kv#primaryimage","url":"https:\/\/www.raytech.it\/wp-content\/uploads\/Giunzioni-termorestringenti-per-alta-tensione-72-kV-1.jpg","contentUrl":"https:\/\/www.raytech.it\/wp-content\/uploads\/Giunzioni-termorestringenti-per-alta-tensione-72-kV-1.jpg","width":1024,"height":1024},{"@type":"BreadcrumbList","@id":"https:\/\/www.raytech.it\/es\/producto\/media-tension\/termo-retractiles-72-kv\/empalmes-es-2\/empalmes-termo-retractiles-para-alta-tension-72-kv#breadcrumb","itemListElement":[{"@type":"ListItem","position":1,"name":"Home","item":"https:\/\/www.raytech.it\/es"},{"@type":"ListItem","position":2,"name":"Tienda","item":"https:\/\/www.raytech.it\/es\/tienda"},{"@type":"ListItem","position":3,"name":"Empalmes termo retr\u00e1ctiles para alta tensi\u00f3n 72 kV"}]},{"@type":"WebSite","@id":"https:\/\/www.raytech.it\/#website","url":"https:\/\/www.raytech.it\/","name":"Raytech","description":"Cable accessories company","publisher":{"@id":"https:\/\/www.raytech.it\/#organization"},"potentialAction":[{"@type":"SearchAction","target":{"@type":"EntryPoint","urlTemplate":"https:\/\/www.raytech.it\/?s={search_term_string}"},"query-input":{"@type":"PropertyValueSpecification","valueRequired":true,"valueName":"search_term_string"}}],"inLanguage":"es"},{"@type":"Organization","@id":"https:\/\/www.raytech.it\/#organization","name":"Raytech","url":"https:\/\/www.raytech.it\/","logo":{"@type":"ImageObject","inLanguage":"es","@id":"https:\/\/www.raytech.it\/#\/schema\/logo\/image\/","url":"https:\/\/www.raytech.it\/wp-content\/uploads\/logo-raytech-2019-retina-3.png","contentUrl":"https:\/\/www.raytech.it\/wp-content\/uploads\/logo-raytech-2019-retina-3.png","width":340,"height":90,"caption":"Raytech"},"image":{"@id":"https:\/\/www.raytech.it\/#\/schema\/logo\/image\/"},"sameAs":["https:\/\/www.facebook.com\/RaytechItaly","https:\/\/www.instagram.com\/raytech_italy\/","https:\/\/www.youtube.com\/user\/raytechitaly","https:\/\/twitter.com\/Raytech_Italy"]}]}},"_links":{"self":[{"href":"https:\/\/www.raytech.it\/es\/wp-json\/wp\/v2\/product\/6418","targetHints":{"allow":["GET"]}}],"collection":[{"href":"https:\/\/www.raytech.it\/es\/wp-json\/wp\/v2\/product"}],"about":[{"href":"https:\/\/www.raytech.it\/es\/wp-json\/wp\/v2\/types\/product"}],"wp:featuredmedia":[{"embeddable":true,"href":"https:\/\/www.raytech.it\/es\/wp-json\/wp\/v2\/media\/4748"}],"wp:attachment":[{"href":"https:\/\/www.raytech.it\/es\/wp-json\/wp\/v2\/media?parent=6418"}],"wp:term":[{"taxonomy":"product_brand","embeddable":true,"href":"https:\/\/www.raytech.it\/es\/wp-json\/wp\/v2\/product_brand?post=6418"},{"taxonomy":"product_cat","embeddable":true,"href":"https:\/\/www.raytech.it\/es\/wp-json\/wp\/v2\/product_cat?post=6418"},{"taxonomy":"product_tag","embeddable":true,"href":"https:\/\/www.raytech.it\/es\/wp-json\/wp\/v2\/product_tag?post=6418"}],"curies":[{"name":"wp","href":"https:\/\/api.w.org\/{rel}","templated":true}]}}